{"id":976,"date":"2022-06-14T15:32:58","date_gmt":"2022-06-14T13:32:58","guid":{"rendered":"http:\/\/jkjpwtk.cluster026.hosting.ovh.net\/product\/bracelet-fin-or\/"},"modified":"2024-08-24T13:03:12","modified_gmt":"2024-08-24T11:03:12","slug":"pulsera-fina-oro","status":"publish","type":"product","link":"https:\/\/lajunglebijoux.com\/es\/producto\/pulsera-fina-oro\/","title":{"rendered":"Klein &#8211; pulsera fina oro"},"content":{"rendered":"","protected":false},"excerpt":{"rendered":"<p>Pulsera fina dorada con 1 micra de oro, de alta resistencia.<\/p>\n<p>Formado a mano en mi taller de Barcelona.<\/p>\n<p>En garant\u00eda, ver la p\u00e1gina de garant\u00eda.<\/p>\n","protected":false},"featured_media":957,"comment_status":"open","ping_status":"closed","template":"","meta":{"_acf_changed":false},"product_brand":[],"product_cat":[138],"product_tag":[480],"class_list":{"0":"post-976","1":"product","2":"type-product","3":"status-publish","4":"has-post-thumbnail","6":"product_cat-movimiento","7":"product_tag-menos-de-50e","8":"pa_modele-pulseras","9":"pa_modele-joyas-martilladas","10":"pa_theme-joyas-finas","11":"pa_theme-estilo-vintage","13":"first","14":"instock","15":"shipping-taxable","16":"purchasable","17":"product-type-simple"},"acf":[],"gallery_images":[959,961,963,965,967,971,973,975,969],"yoast_head":"<!-- This site is optimized with the Yoast SEO plugin v27.2 - https:\/\/yoast.com\/product\/yoast-seo-wordpress\/ -->\n<title>Klein - pulsera fina oro - La Jungle Bijoux<\/title>\n<meta name=\"description\" content=\"Pulsera fina dorada con 1 micra de oro, de alta resistencia.Formado a mano en mi taller de Barcelona.En garant\u00eda, ver la p\u00e1gina de garant\u00eda.\" \/>\n<meta name=\"robots\" content=\"index, follow, max-snippet:-1, max-image-preview:large, max-video-preview:-1\" \/>\n<link rel=\"canonical\" href=\"https:\/\/lajunglebijoux.com\/es\/producto\/pulsera-fina-oro\/\" \/>\n<meta property=\"og:locale\" content=\"es_ES\" \/>\n<meta property=\"og:type\" content=\"article\" \/>\n<meta property=\"og:title\" content=\"Klein - pulsera fina oro - La Jungle Bijoux\" \/>\n<meta property=\"og:description\" content=\"Pulsera fina dorada con 1 micra de oro, de alta resistencia.Formado a mano en mi taller de Barcelona.En garant\u00eda, ver la p\u00e1gina de garant\u00eda.\" \/>\n<meta property=\"og:url\" content=\"https:\/\/lajunglebijoux.com\/es\/producto\/pulsera-fina-oro\/\" \/>\n<meta property=\"og:site_name\" content=\"La Jungle Bijoux\" \/>\n<meta property=\"article:modified_time\" content=\"2024-08-24T11:03:12+00:00\" \/>\n<meta property=\"og:image\" content=\"https:\/\/lajunglebijoux.com\/wp-content\/uploads\/2022\/06\/jonc-klein-fin-3-scaled.jpg\" \/>\n\t<meta property=\"og:image:width\" content=\"2560\" \/>\n\t<meta property=\"og:image:height\" content=\"1709\" \/>\n\t<meta property=\"og:image:type\" content=\"image\/jpeg\" \/>\n<meta name=\"twitter:card\" content=\"summary_large_image\" \/>\n<script type=\"application\/ld+json\" class=\"yoast-schema-graph\">{\"@context\":\"https:\/\/schema.org\",\"@graph\":[{\"@type\":\"WebPage\",\"@id\":\"https:\/\/lajunglebijoux.com\/es\/producto\/pulsera-fina-oro\/\",\"url\":\"https:\/\/lajunglebijoux.com\/es\/producto\/pulsera-fina-oro\/\",\"name\":\"Klein - pulsera fina oro - La Jungle Bijoux\",\"isPartOf\":{\"@id\":\"https:\/\/lajunglebijoux.com\/es\/#website\"},\"primaryImageOfPage\":{\"@id\":\"https:\/\/lajunglebijoux.com\/es\/producto\/pulsera-fina-oro\/#primaryimage\"},\"image\":{\"@id\":\"https:\/\/lajunglebijoux.com\/es\/producto\/pulsera-fina-oro\/#primaryimage\"},\"thumbnailUrl\":\"https:\/\/lajunglebijoux.com\/wp-content\/uploads\/2022\/06\/jonc-klein-fin-3-scaled.jpg\",\"datePublished\":\"2022-06-14T13:32:58+00:00\",\"dateModified\":\"2024-08-24T11:03:12+00:00\",\"description\":\"Pulsera fina dorada con 1 micra de oro, de alta resistencia.Formado a mano en mi taller de Barcelona.En garant\u00eda, ver la p\u00e1gina de garant\u00eda.\",\"breadcrumb\":{\"@id\":\"https:\/\/lajunglebijoux.com\/es\/producto\/pulsera-fina-oro\/#breadcrumb\"},\"inLanguage\":\"es\",\"potentialAction\":[{\"@type\":\"ReadAction\",\"target\":[\"https:\/\/lajunglebijoux.com\/es\/producto\/pulsera-fina-oro\/\"]}]},{\"@type\":\"ImageObject\",\"inLanguage\":\"es\",\"@id\":\"https:\/\/lajunglebijoux.com\/es\/producto\/pulsera-fina-oro\/#primaryimage\",\"url\":\"https:\/\/lajunglebijoux.com\/wp-content\/uploads\/2022\/06\/jonc-klein-fin-3-scaled.jpg\",\"contentUrl\":\"https:\/\/lajunglebijoux.com\/wp-content\/uploads\/2022\/06\/jonc-klein-fin-3-scaled.jpg\",\"width\":2560,\"height\":1709},{\"@type\":\"BreadcrumbList\",\"@id\":\"https:\/\/lajunglebijoux.com\/es\/producto\/pulsera-fina-oro\/#breadcrumb\",\"itemListElement\":[{\"@type\":\"ListItem\",\"position\":1,\"name\":\"Portada\",\"item\":\"https:\/\/lajunglebijoux.com\/es\/\"},{\"@type\":\"ListItem\",\"position\":2,\"name\":\"Productos\",\"item\":\"https:\/\/lajunglebijoux.com\/es\/shop\/\"},{\"@type\":\"ListItem\",\"position\":3,\"name\":\"Klein &#8211; pulsera fina oro\"}]},{\"@type\":\"WebSite\",\"@id\":\"https:\/\/lajunglebijoux.com\/es\/#website\",\"url\":\"https:\/\/lajunglebijoux.com\/es\/\",\"name\":\"La Jungle Bijoux\",\"description\":\"\",\"publisher\":{\"@id\":\"https:\/\/lajunglebijoux.com\/es\/#organization\"},\"potentialAction\":[{\"@type\":\"SearchAction\",\"target\":{\"@type\":\"EntryPoint\",\"urlTemplate\":\"https:\/\/lajunglebijoux.com\/es\/?s={search_term_string}\"},\"query-input\":{\"@type\":\"PropertyValueSpecification\",\"valueRequired\":true,\"valueName\":\"search_term_string\"}}],\"inLanguage\":\"es\"},{\"@type\":\"Organization\",\"@id\":\"https:\/\/lajunglebijoux.com\/es\/#organization\",\"name\":\"La Jungle Bijoux\",\"url\":\"https:\/\/lajunglebijoux.com\/es\/\",\"logo\":{\"@type\":\"ImageObject\",\"inLanguage\":\"es\",\"@id\":\"https:\/\/lajunglebijoux.com\/es\/#\/schema\/logo\/image\/\",\"url\":\"https:\/\/lajunglebijoux.com\/wp-content\/uploads\/2023\/01\/LOGO-FINAL-Fonce.jpg\",\"contentUrl\":\"https:\/\/lajunglebijoux.com\/wp-content\/uploads\/2023\/01\/LOGO-FINAL-Fonce.jpg\",\"width\":900,\"height\":900,\"caption\":\"La Jungle Bijoux\"},\"image\":{\"@id\":\"https:\/\/lajunglebijoux.com\/es\/#\/schema\/logo\/image\/\"}}]}<\/script>\n<!-- \/ Yoast SEO plugin. -->","yoast_head_json":{"title":"Klein - pulsera fina oro - La Jungle Bijoux","description":"Pulsera fina dorada con 1 micra de oro, de alta resistencia.Formado a mano en mi taller de Barcelona.En garant\u00eda, ver la p\u00e1gina de garant\u00eda.","robots":{"index":"index","follow":"follow","max-snippet":"max-snippet:-1","max-image-preview":"max-image-preview:large","max-video-preview":"max-video-preview:-1"},"canonical":"https:\/\/lajunglebijoux.com\/es\/producto\/pulsera-fina-oro\/","og_locale":"es_ES","og_type":"article","og_title":"Klein - pulsera fina oro - La Jungle Bijoux","og_description":"Pulsera fina dorada con 1 micra de oro, de alta resistencia.Formado a mano en mi taller de Barcelona.En garant\u00eda, ver la p\u00e1gina de garant\u00eda.","og_url":"https:\/\/lajunglebijoux.com\/es\/producto\/pulsera-fina-oro\/","og_site_name":"La Jungle Bijoux","article_modified_time":"2024-08-24T11:03:12+00:00","og_image":[{"width":2560,"height":1709,"url":"https:\/\/lajunglebijoux.com\/wp-content\/uploads\/2022\/06\/jonc-klein-fin-3-scaled.jpg","type":"image\/jpeg"}],"twitter_card":"summary_large_image","schema":{"@context":"https:\/\/schema.org","@graph":[{"@type":"WebPage","@id":"https:\/\/lajunglebijoux.com\/es\/producto\/pulsera-fina-oro\/","url":"https:\/\/lajunglebijoux.com\/es\/producto\/pulsera-fina-oro\/","name":"Klein - pulsera fina oro - La Jungle Bijoux","isPartOf":{"@id":"https:\/\/lajunglebijoux.com\/es\/#website"},"primaryImageOfPage":{"@id":"https:\/\/lajunglebijoux.com\/es\/producto\/pulsera-fina-oro\/#primaryimage"},"image":{"@id":"https:\/\/lajunglebijoux.com\/es\/producto\/pulsera-fina-oro\/#primaryimage"},"thumbnailUrl":"https:\/\/lajunglebijoux.com\/wp-content\/uploads\/2022\/06\/jonc-klein-fin-3-scaled.jpg","datePublished":"2022-06-14T13:32:58+00:00","dateModified":"2024-08-24T11:03:12+00:00","description":"Pulsera fina dorada con 1 micra de oro, de alta resistencia.Formado a mano en mi taller de Barcelona.En garant\u00eda, ver la p\u00e1gina de garant\u00eda.","breadcrumb":{"@id":"https:\/\/lajunglebijoux.com\/es\/producto\/pulsera-fina-oro\/#breadcrumb"},"inLanguage":"es","potentialAction":[{"@type":"ReadAction","target":["https:\/\/lajunglebijoux.com\/es\/producto\/pulsera-fina-oro\/"]}]},{"@type":"ImageObject","inLanguage":"es","@id":"https:\/\/lajunglebijoux.com\/es\/producto\/pulsera-fina-oro\/#primaryimage","url":"https:\/\/lajunglebijoux.com\/wp-content\/uploads\/2022\/06\/jonc-klein-fin-3-scaled.jpg","contentUrl":"https:\/\/lajunglebijoux.com\/wp-content\/uploads\/2022\/06\/jonc-klein-fin-3-scaled.jpg","width":2560,"height":1709},{"@type":"BreadcrumbList","@id":"https:\/\/lajunglebijoux.com\/es\/producto\/pulsera-fina-oro\/#breadcrumb","itemListElement":[{"@type":"ListItem","position":1,"name":"Portada","item":"https:\/\/lajunglebijoux.com\/es\/"},{"@type":"ListItem","position":2,"name":"Productos","item":"https:\/\/lajunglebijoux.com\/es\/shop\/"},{"@type":"ListItem","position":3,"name":"Klein &#8211; pulsera fina oro"}]},{"@type":"WebSite","@id":"https:\/\/lajunglebijoux.com\/es\/#website","url":"https:\/\/lajunglebijoux.com\/es\/","name":"La Jungle Bijoux","description":"","publisher":{"@id":"https:\/\/lajunglebijoux.com\/es\/#organization"},"potentialAction":[{"@type":"SearchAction","target":{"@type":"EntryPoint","urlTemplate":"https:\/\/lajunglebijoux.com\/es\/?s={search_term_string}"},"query-input":{"@type":"PropertyValueSpecification","valueRequired":true,"valueName":"search_term_string"}}],"inLanguage":"es"},{"@type":"Organization","@id":"https:\/\/lajunglebijoux.com\/es\/#organization","name":"La Jungle Bijoux","url":"https:\/\/lajunglebijoux.com\/es\/","logo":{"@type":"ImageObject","inLanguage":"es","@id":"https:\/\/lajunglebijoux.com\/es\/#\/schema\/logo\/image\/","url":"https:\/\/lajunglebijoux.com\/wp-content\/uploads\/2023\/01\/LOGO-FINAL-Fonce.jpg","contentUrl":"https:\/\/lajunglebijoux.com\/wp-content\/uploads\/2023\/01\/LOGO-FINAL-Fonce.jpg","width":900,"height":900,"caption":"La Jungle Bijoux"},"image":{"@id":"https:\/\/lajunglebijoux.com\/es\/#\/schema\/logo\/image\/"}}]}},"_links":{"self":[{"href":"https:\/\/lajunglebijoux.com\/es\/wp-json\/wp\/v2\/product\/976","targetHints":{"allow":["GET"]}}],"collection":[{"href":"https:\/\/lajunglebijoux.com\/es\/wp-json\/wp\/v2\/product"}],"about":[{"href":"https:\/\/lajunglebijoux.com\/es\/wp-json\/wp\/v2\/types\/product"}],"replies":[{"embeddable":true,"href":"https:\/\/lajunglebijoux.com\/es\/wp-json\/wp\/v2\/comments?post=976"}],"version-history":[{"count":0,"href":"https:\/\/lajunglebijoux.com\/es\/wp-json\/wp\/v2\/product\/976\/revisions"}],"wp:featuredmedia":[{"embeddable":true,"href":"https:\/\/lajunglebijoux.com\/es\/wp-json\/wp\/v2\/media\/957"}],"wp:attachment":[{"href":"https:\/\/lajunglebijoux.com\/es\/wp-json\/wp\/v2\/media?parent=976"}],"wp:term":[{"taxonomy":"product_brand","embeddable":true,"href":"https:\/\/lajunglebijoux.com\/es\/wp-json\/wp\/v2\/product_brand?post=976"},{"taxonomy":"product_cat","embeddable":true,"href":"https:\/\/lajunglebijoux.com\/es\/wp-json\/wp\/v2\/product_cat?post=976"},{"taxonomy":"product_tag","embeddable":true,"href":"https:\/\/lajunglebijoux.com\/es\/wp-json\/wp\/v2\/product_tag?post=976"}],"curies":[{"name":"wp","href":"https:\/\/api.w.org\/{rel}","templated":true}]}}