{"id":932,"date":"2022-06-14T14:55:05","date_gmt":"2022-06-14T12:55:05","guid":{"rendered":"http:\/\/jkjpwtk.cluster026.hosting.ovh.net\/product\/bracelet-etoile-du-nord-or-ou-argent\/"},"modified":"2024-08-24T12:58:56","modified_gmt":"2024-08-24T10:58:56","slug":"pulsera-estrella-plata-oro","status":"publish","type":"product","link":"https:\/\/lajunglebijoux.com\/es\/producto\/pulsera-estrella-plata-oro\/","title":{"rendered":"Pulsera Estrella plata o oro"},"content":{"rendered":"","protected":false},"excerpt":{"rendered":"<p>La Estrella Polar es sin\u00f3nimo de gu\u00eda, orientaci\u00f3n y estabilidad.<\/p>\n<p>Su luz tambi\u00e9n simboliza la armon\u00eda, la vitalidad, la belleza y la salud. Nos invita a confiar en la vida, en el universo porque todo est\u00e1 en su sitio.<\/p>\n<p>Tambi\u00e9n es un poderoso sensor de energ\u00edas positivas como la empat\u00eda.<\/p>\n<p>Por \u00faltimo, y ya sab\u00e9is que a trav\u00e9s de las joyas de La Jungla quiero resaltar a las mujeres y darles confianza en s\u00ed mismas, la pulsera estrella act\u00faa como un recordatorio y nos ayuda a amar nuestros lados m\u00e1s oscuros, ya que sin la sombra de la noche, la luz de la estrella no existir\u00eda.<\/p>\n<p>Pulsera Estrella del Norte disponible en oro de 1 micra o con ba\u00f1o de rodio (plata).<\/p>\n<p>Tama\u00f1o ajustable gracias a una cadena de extensi\u00f3n.<\/p>\n<p>Chapado en oro o plata de alta resistencia, en garant\u00eda, consulte nuestra p\u00e1gina de garant\u00eda.<\/p>\n","protected":false},"featured_media":921,"comment_status":"open","ping_status":"closed","template":"","meta":{"_acf_changed":false},"product_brand":[],"product_cat":[123],"product_tag":[480],"class_list":{"0":"post-932","1":"product","2":"type-product","3":"status-publish","4":"has-post-thumbnail","6":"product_cat-talisman-es","7":"product_tag-menos-de-50e","8":"pa_modele-pulseras","9":"pa_modele-joyas-plata","10":"pa_theme-joyas-astral-tarot","12":"first","13":"instock","14":"sale","15":"shipping-taxable","16":"purchasable","17":"product-type-variable"},"acf":[],"gallery_images":[923,931,929,927,925],"yoast_head":"<!-- This site is optimized with the Yoast SEO plugin v27.2 - https:\/\/yoast.com\/product\/yoast-seo-wordpress\/ -->\n<title>Pulsera Estrella plata o oro - La Jungle Bijoux<\/title>\n<meta name=\"description\" content=\"La Estrella Polar es sin\u00f3nimo de gu\u00eda, orientaci\u00f3n y estabilidad.Su luz tambi\u00e9n simboliza la armon\u00eda, la vitalidad, la belleza y la salud. Nos invita a confiar en la vida, en el universo porque todo est\u00e1 en su sitio.Tambi\u00e9n es un poderoso sensor de energ\u00edas positivas como la empat\u00eda.Por \u00faltimo, y ya sab\u00e9is que a trav\u00e9s de las joyas de La Jungla quiero resaltar a las mujeres y darles confianza en s\u00ed mismas, la pulsera estrella act\u00faa como un recordatorio y nos ayuda a amar nuestros lados m\u00e1s oscuros, ya que sin la sombra de la noche, la luz de la estrella no existir\u00eda.Pulsera Estrella del Norte disponible en oro de 1 micra o con ba\u00f1o de rodio (plata).Tama\u00f1o ajustable gracias a una cadena de extensi\u00f3n.Chapado en oro o plata de alta resistencia, en garant\u00eda, consulte nuestra p\u00e1gina de garant\u00eda.\" \/>\n<meta name=\"robots\" content=\"index, follow, max-snippet:-1, max-image-preview:large, max-video-preview:-1\" \/>\n<link rel=\"canonical\" href=\"https:\/\/lajunglebijoux.com\/es\/producto\/pulsera-estrella-plata-oro\/\" \/>\n<meta property=\"og:locale\" content=\"es_ES\" \/>\n<meta property=\"og:type\" content=\"article\" \/>\n<meta property=\"og:title\" content=\"Pulsera Estrella plata o oro - La Jungle Bijoux\" \/>\n<meta property=\"og:description\" content=\"La Estrella Polar es sin\u00f3nimo de gu\u00eda, orientaci\u00f3n y estabilidad.Su luz tambi\u00e9n simboliza la armon\u00eda, la vitalidad, la belleza y la salud. Nos invita a confiar en la vida, en el universo porque todo est\u00e1 en su sitio.Tambi\u00e9n es un poderoso sensor de energ\u00edas positivas como la empat\u00eda.Por \u00faltimo, y ya sab\u00e9is que a trav\u00e9s de las joyas de La Jungla quiero resaltar a las mujeres y darles confianza en s\u00ed mismas, la pulsera estrella act\u00faa como un recordatorio y nos ayuda a amar nuestros lados m\u00e1s oscuros, ya que sin la sombra de la noche, la luz de la estrella no existir\u00eda.Pulsera Estrella del Norte disponible en oro de 1 micra o con ba\u00f1o de rodio (plata).Tama\u00f1o ajustable gracias a una cadena de extensi\u00f3n.Chapado en oro o plata de alta resistencia, en garant\u00eda, consulte nuestra p\u00e1gina de garant\u00eda.\" \/>\n<meta property=\"og:url\" content=\"https:\/\/lajunglebijoux.com\/es\/producto\/pulsera-estrella-plata-oro\/\" \/>\n<meta property=\"og:site_name\" content=\"La Jungle Bijoux\" \/>\n<meta property=\"article:modified_time\" content=\"2024-08-24T10:58:56+00:00\" \/>\n<meta property=\"og:image\" content=\"https:\/\/lajunglebijoux.com\/wp-content\/uploads\/2022\/06\/IMG_20220307_155827-1.jpg\" \/>\n\t<meta property=\"og:image:width\" content=\"1500\" \/>\n\t<meta property=\"og:image:height\" content=\"1500\" \/>\n\t<meta property=\"og:image:type\" content=\"image\/jpeg\" \/>\n<meta name=\"twitter:card\" content=\"summary_large_image\" \/>\n<script type=\"application\/ld+json\" class=\"yoast-schema-graph\">{\"@context\":\"https:\/\/schema.org\",\"@graph\":[{\"@type\":\"WebPage\",\"@id\":\"https:\/\/lajunglebijoux.com\/es\/producto\/pulsera-estrella-plata-oro\/\",\"url\":\"https:\/\/lajunglebijoux.com\/es\/producto\/pulsera-estrella-plata-oro\/\",\"name\":\"Pulsera Estrella plata o oro - La Jungle Bijoux\",\"isPartOf\":{\"@id\":\"https:\/\/lajunglebijoux.com\/es\/#website\"},\"primaryImageOfPage\":{\"@id\":\"https:\/\/lajunglebijoux.com\/es\/producto\/pulsera-estrella-plata-oro\/#primaryimage\"},\"image\":{\"@id\":\"https:\/\/lajunglebijoux.com\/es\/producto\/pulsera-estrella-plata-oro\/#primaryimage\"},\"thumbnailUrl\":\"https:\/\/lajunglebijoux.com\/wp-content\/uploads\/2022\/06\/IMG_20220307_155827-1.jpg\",\"datePublished\":\"2022-06-14T12:55:05+00:00\",\"dateModified\":\"2024-08-24T10:58:56+00:00\",\"description\":\"La Estrella Polar es sin\u00f3nimo de gu\u00eda, orientaci\u00f3n y estabilidad.Su luz tambi\u00e9n simboliza la armon\u00eda, la vitalidad, la belleza y la salud. Nos invita a confiar en la vida, en el universo porque todo est\u00e1 en su sitio.Tambi\u00e9n es un poderoso sensor de energ\u00edas positivas como la empat\u00eda.Por \u00faltimo, y ya sab\u00e9is que a trav\u00e9s de las joyas de La Jungla quiero resaltar a las mujeres y darles confianza en s\u00ed mismas, la pulsera estrella act\u00faa como un recordatorio y nos ayuda a amar nuestros lados m\u00e1s oscuros, ya que sin la sombra de la noche, la luz de la estrella no existir\u00eda.Pulsera Estrella del Norte disponible en oro de 1 micra o con ba\u00f1o de rodio (plata).Tama\u00f1o ajustable gracias a una cadena de extensi\u00f3n.Chapado en oro o plata de alta resistencia, en garant\u00eda, consulte nuestra p\u00e1gina de garant\u00eda.\",\"breadcrumb\":{\"@id\":\"https:\/\/lajunglebijoux.com\/es\/producto\/pulsera-estrella-plata-oro\/#breadcrumb\"},\"inLanguage\":\"es\",\"potentialAction\":[{\"@type\":\"ReadAction\",\"target\":[\"https:\/\/lajunglebijoux.com\/es\/producto\/pulsera-estrella-plata-oro\/\"]}]},{\"@type\":\"ImageObject\",\"inLanguage\":\"es\",\"@id\":\"https:\/\/lajunglebijoux.com\/es\/producto\/pulsera-estrella-plata-oro\/#primaryimage\",\"url\":\"https:\/\/lajunglebijoux.com\/wp-content\/uploads\/2022\/06\/IMG_20220307_155827-1.jpg\",\"contentUrl\":\"https:\/\/lajunglebijoux.com\/wp-content\/uploads\/2022\/06\/IMG_20220307_155827-1.jpg\",\"width\":1500,\"height\":1500},{\"@type\":\"BreadcrumbList\",\"@id\":\"https:\/\/lajunglebijoux.com\/es\/producto\/pulsera-estrella-plata-oro\/#breadcrumb\",\"itemListElement\":[{\"@type\":\"ListItem\",\"position\":1,\"name\":\"Portada\",\"item\":\"https:\/\/lajunglebijoux.com\/es\/\"},{\"@type\":\"ListItem\",\"position\":2,\"name\":\"Productos\",\"item\":\"https:\/\/lajunglebijoux.com\/es\/shop\/\"},{\"@type\":\"ListItem\",\"position\":3,\"name\":\"Pulsera Estrella plata o oro\"}]},{\"@type\":\"WebSite\",\"@id\":\"https:\/\/lajunglebijoux.com\/es\/#website\",\"url\":\"https:\/\/lajunglebijoux.com\/es\/\",\"name\":\"La Jungle Bijoux\",\"description\":\"\",\"publisher\":{\"@id\":\"https:\/\/lajunglebijoux.com\/es\/#organization\"},\"potentialAction\":[{\"@type\":\"SearchAction\",\"target\":{\"@type\":\"EntryPoint\",\"urlTemplate\":\"https:\/\/lajunglebijoux.com\/es\/?s={search_term_string}\"},\"query-input\":{\"@type\":\"PropertyValueSpecification\",\"valueRequired\":true,\"valueName\":\"search_term_string\"}}],\"inLanguage\":\"es\"},{\"@type\":\"Organization\",\"@id\":\"https:\/\/lajunglebijoux.com\/es\/#organization\",\"name\":\"La Jungle Bijoux\",\"url\":\"https:\/\/lajunglebijoux.com\/es\/\",\"logo\":{\"@type\":\"ImageObject\",\"inLanguage\":\"es\",\"@id\":\"https:\/\/lajunglebijoux.com\/es\/#\/schema\/logo\/image\/\",\"url\":\"https:\/\/lajunglebijoux.com\/wp-content\/uploads\/2023\/01\/LOGO-FINAL-Fonce.jpg\",\"contentUrl\":\"https:\/\/lajunglebijoux.com\/wp-content\/uploads\/2023\/01\/LOGO-FINAL-Fonce.jpg\",\"width\":900,\"height\":900,\"caption\":\"La Jungle Bijoux\"},\"image\":{\"@id\":\"https:\/\/lajunglebijoux.com\/es\/#\/schema\/logo\/image\/\"}}]}<\/script>\n<!-- \/ Yoast SEO plugin. -->","yoast_head_json":{"title":"Pulsera Estrella plata o oro - La Jungle Bijoux","description":"La Estrella Polar es sin\u00f3nimo de gu\u00eda, orientaci\u00f3n y estabilidad.Su luz tambi\u00e9n simboliza la armon\u00eda, la vitalidad, la belleza y la salud. Nos invita a confiar en la vida, en el universo porque todo est\u00e1 en su sitio.Tambi\u00e9n es un poderoso sensor de energ\u00edas positivas como la empat\u00eda.Por \u00faltimo, y ya sab\u00e9is que a trav\u00e9s de las joyas de La Jungla quiero resaltar a las mujeres y darles confianza en s\u00ed mismas, la pulsera estrella act\u00faa como un recordatorio y nos ayuda a amar nuestros lados m\u00e1s oscuros, ya que sin la sombra de la noche, la luz de la estrella no existir\u00eda.Pulsera Estrella del Norte disponible en oro de 1 micra o con ba\u00f1o de rodio (plata).Tama\u00f1o ajustable gracias a una cadena de extensi\u00f3n.Chapado en oro o plata de alta resistencia, en garant\u00eda, consulte nuestra p\u00e1gina de garant\u00eda.","robots":{"index":"index","follow":"follow","max-snippet":"max-snippet:-1","max-image-preview":"max-image-preview:large","max-video-preview":"max-video-preview:-1"},"canonical":"https:\/\/lajunglebijoux.com\/es\/producto\/pulsera-estrella-plata-oro\/","og_locale":"es_ES","og_type":"article","og_title":"Pulsera Estrella plata o oro - La Jungle Bijoux","og_description":"La Estrella Polar es sin\u00f3nimo de gu\u00eda, orientaci\u00f3n y estabilidad.Su luz tambi\u00e9n simboliza la armon\u00eda, la vitalidad, la belleza y la salud. Nos invita a confiar en la vida, en el universo porque todo est\u00e1 en su sitio.Tambi\u00e9n es un poderoso sensor de energ\u00edas positivas como la empat\u00eda.Por \u00faltimo, y ya sab\u00e9is que a trav\u00e9s de las joyas de La Jungla quiero resaltar a las mujeres y darles confianza en s\u00ed mismas, la pulsera estrella act\u00faa como un recordatorio y nos ayuda a amar nuestros lados m\u00e1s oscuros, ya que sin la sombra de la noche, la luz de la estrella no existir\u00eda.Pulsera Estrella del Norte disponible en oro de 1 micra o con ba\u00f1o de rodio (plata).Tama\u00f1o ajustable gracias a una cadena de extensi\u00f3n.Chapado en oro o plata de alta resistencia, en garant\u00eda, consulte nuestra p\u00e1gina de garant\u00eda.","og_url":"https:\/\/lajunglebijoux.com\/es\/producto\/pulsera-estrella-plata-oro\/","og_site_name":"La Jungle Bijoux","article_modified_time":"2024-08-24T10:58:56+00:00","og_image":[{"width":1500,"height":1500,"url":"https:\/\/lajunglebijoux.com\/wp-content\/uploads\/2022\/06\/IMG_20220307_155827-1.jpg","type":"image\/jpeg"}],"twitter_card":"summary_large_image","schema":{"@context":"https:\/\/schema.org","@graph":[{"@type":"WebPage","@id":"https:\/\/lajunglebijoux.com\/es\/producto\/pulsera-estrella-plata-oro\/","url":"https:\/\/lajunglebijoux.com\/es\/producto\/pulsera-estrella-plata-oro\/","name":"Pulsera Estrella plata o oro - La Jungle Bijoux","isPartOf":{"@id":"https:\/\/lajunglebijoux.com\/es\/#website"},"primaryImageOfPage":{"@id":"https:\/\/lajunglebijoux.com\/es\/producto\/pulsera-estrella-plata-oro\/#primaryimage"},"image":{"@id":"https:\/\/lajunglebijoux.com\/es\/producto\/pulsera-estrella-plata-oro\/#primaryimage"},"thumbnailUrl":"https:\/\/lajunglebijoux.com\/wp-content\/uploads\/2022\/06\/IMG_20220307_155827-1.jpg","datePublished":"2022-06-14T12:55:05+00:00","dateModified":"2024-08-24T10:58:56+00:00","description":"La Estrella Polar es sin\u00f3nimo de gu\u00eda, orientaci\u00f3n y estabilidad.Su luz tambi\u00e9n simboliza la armon\u00eda, la vitalidad, la belleza y la salud. Nos invita a confiar en la vida, en el universo porque todo est\u00e1 en su sitio.Tambi\u00e9n es un poderoso sensor de energ\u00edas positivas como la empat\u00eda.Por \u00faltimo, y ya sab\u00e9is que a trav\u00e9s de las joyas de La Jungla quiero resaltar a las mujeres y darles confianza en s\u00ed mismas, la pulsera estrella act\u00faa como un recordatorio y nos ayuda a amar nuestros lados m\u00e1s oscuros, ya que sin la sombra de la noche, la luz de la estrella no existir\u00eda.Pulsera Estrella del Norte disponible en oro de 1 micra o con ba\u00f1o de rodio (plata).Tama\u00f1o ajustable gracias a una cadena de extensi\u00f3n.Chapado en oro o plata de alta resistencia, en garant\u00eda, consulte nuestra p\u00e1gina de garant\u00eda.","breadcrumb":{"@id":"https:\/\/lajunglebijoux.com\/es\/producto\/pulsera-estrella-plata-oro\/#breadcrumb"},"inLanguage":"es","potentialAction":[{"@type":"ReadAction","target":["https:\/\/lajunglebijoux.com\/es\/producto\/pulsera-estrella-plata-oro\/"]}]},{"@type":"ImageObject","inLanguage":"es","@id":"https:\/\/lajunglebijoux.com\/es\/producto\/pulsera-estrella-plata-oro\/#primaryimage","url":"https:\/\/lajunglebijoux.com\/wp-content\/uploads\/2022\/06\/IMG_20220307_155827-1.jpg","contentUrl":"https:\/\/lajunglebijoux.com\/wp-content\/uploads\/2022\/06\/IMG_20220307_155827-1.jpg","width":1500,"height":1500},{"@type":"BreadcrumbList","@id":"https:\/\/lajunglebijoux.com\/es\/producto\/pulsera-estrella-plata-oro\/#breadcrumb","itemListElement":[{"@type":"ListItem","position":1,"name":"Portada","item":"https:\/\/lajunglebijoux.com\/es\/"},{"@type":"ListItem","position":2,"name":"Productos","item":"https:\/\/lajunglebijoux.com\/es\/shop\/"},{"@type":"ListItem","position":3,"name":"Pulsera Estrella plata o oro"}]},{"@type":"WebSite","@id":"https:\/\/lajunglebijoux.com\/es\/#website","url":"https:\/\/lajunglebijoux.com\/es\/","name":"La Jungle Bijoux","description":"","publisher":{"@id":"https:\/\/lajunglebijoux.com\/es\/#organization"},"potentialAction":[{"@type":"SearchAction","target":{"@type":"EntryPoint","urlTemplate":"https:\/\/lajunglebijoux.com\/es\/?s={search_term_string}"},"query-input":{"@type":"PropertyValueSpecification","valueRequired":true,"valueName":"search_term_string"}}],"inLanguage":"es"},{"@type":"Organization","@id":"https:\/\/lajunglebijoux.com\/es\/#organization","name":"La Jungle Bijoux","url":"https:\/\/lajunglebijoux.com\/es\/","logo":{"@type":"ImageObject","inLanguage":"es","@id":"https:\/\/lajunglebijoux.com\/es\/#\/schema\/logo\/image\/","url":"https:\/\/lajunglebijoux.com\/wp-content\/uploads\/2023\/01\/LOGO-FINAL-Fonce.jpg","contentUrl":"https:\/\/lajunglebijoux.com\/wp-content\/uploads\/2023\/01\/LOGO-FINAL-Fonce.jpg","width":900,"height":900,"caption":"La Jungle Bijoux"},"image":{"@id":"https:\/\/lajunglebijoux.com\/es\/#\/schema\/logo\/image\/"}}]}},"_links":{"self":[{"href":"https:\/\/lajunglebijoux.com\/es\/wp-json\/wp\/v2\/product\/932","targetHints":{"allow":["GET"]}}],"collection":[{"href":"https:\/\/lajunglebijoux.com\/es\/wp-json\/wp\/v2\/product"}],"about":[{"href":"https:\/\/lajunglebijoux.com\/es\/wp-json\/wp\/v2\/types\/product"}],"replies":[{"embeddable":true,"href":"https:\/\/lajunglebijoux.com\/es\/wp-json\/wp\/v2\/comments?post=932"}],"version-history":[{"count":0,"href":"https:\/\/lajunglebijoux.com\/es\/wp-json\/wp\/v2\/product\/932\/revisions"}],"wp:featuredmedia":[{"embeddable":true,"href":"https:\/\/lajunglebijoux.com\/es\/wp-json\/wp\/v2\/media\/921"}],"wp:attachment":[{"href":"https:\/\/lajunglebijoux.com\/es\/wp-json\/wp\/v2\/media?parent=932"}],"wp:term":[{"taxonomy":"product_brand","embeddable":true,"href":"https:\/\/lajunglebijoux.com\/es\/wp-json\/wp\/v2\/product_brand?post=932"},{"taxonomy":"product_cat","embeddable":true,"href":"https:\/\/lajunglebijoux.com\/es\/wp-json\/wp\/v2\/product_cat?post=932"},{"taxonomy":"product_tag","embeddable":true,"href":"https:\/\/lajunglebijoux.com\/es\/wp-json\/wp\/v2\/product_tag?post=932"}],"curies":[{"name":"wp","href":"https:\/\/api.w.org\/{rel}","templated":true}]}}