{"id":8949,"date":"2022-11-07T10:06:27","date_gmt":"2022-11-07T08:06:27","guid":{"rendered":"https:\/\/lajunglebijoux.com\/product\/collier-divine-or\/"},"modified":"2024-08-24T12:59:06","modified_gmt":"2024-08-24T10:59:06","slug":"collier-divine-or","status":"publish","type":"product","link":"https:\/\/lajunglebijoux.com\/es\/producto\/collier-divine-or\/","title":{"rendered":"Collar Divine Gold"},"content":{"rendered":"<h2>Unas palabras de Jen, creadora de La Jungle Bijoux<\/h2>\n<p>Me atrae especialmente el sol. Viviendo en Barcelona, una ciudad muy soleada, el sol es para m\u00ed una forma de recargar las pilas, de calmarme y de recuperar la energ\u00eda.<\/p>\n<p>Es esta sensaci\u00f3n la que he querido transmitir con la creaci\u00f3n del collar Divine en forma de sol. Sus rayos irregulares evocan un hermoso d\u00eda de verano, cuando los rayos del sol golpean las calles y los edificios de diferentes maneras.<\/p>\n<h2>C\u00f3mo llevar el collar Divine Gold<\/h2>\n<p>Como en la foto, me encanta llevar el collar Divine con el collar La Femme, que tiene forma de luna y est\u00e1 engastado con una piedra de opalita. Es una forma estupenda de mostrar dos rasgos complementarios de tu personalidad, \u00a1llevando al mismo tiempo dos joyas con un fuerte simbolismo! Combina tu collar con otra joya de la colecci\u00f3n You are magic.<\/p>\n","protected":false},"excerpt":{"rendered":"<p>Elija un collar luminoso y gr\u00e1fico con el collar Divine Gold, en forma de sol geom\u00e9trico. El sol, elemento divino que simboliza la creaci\u00f3n, es el origen de la vida y fomenta la gratitud.<\/p>\n<p>Nos encanta para levantar el \u00e1nimo y poner un poco de sol en nuestro ajetreado d\u00eda.<\/p>\n<p>Fabricado a mano en nuestro taller de Barcelona, el collar es de oro fino de 24 quilates sobre una base de lat\u00f3n.<\/p>\n<p>&nbsp;<\/p>\n","protected":false},"featured_media":2319,"comment_status":"open","ping_status":"closed","template":"","meta":{"_acf_changed":false},"product_brand":[],"product_cat":[68],"product_tag":[480],"class_list":{"0":"post-8949","1":"product","2":"type-product","3":"status-publish","4":"has-post-thumbnail","6":"product_cat-you-are-magic-es","7":"product_tag-menos-de-50e","8":"pa_modele-collares","9":"pa_theme-joyas-astral-tarot","11":"first","12":"instock","13":"sale","14":"shipping-taxable","15":"purchasable","16":"product-type-simple"},"acf":[],"gallery_images":[2315,2317,2321],"yoast_head":"<!-- This site is optimized with the Yoast SEO plugin v27.2 - https:\/\/yoast.com\/product\/yoast-seo-wordpress\/ -->\n<title>Collar Divine Gold - La Jungle Bijoux<\/title>\n<meta name=\"description\" content=\"Adopta un collar sol con el collar Divine Gold. Este bonito sol geom\u00e9trico es un s\u00edmbolo de gratitud y energ\u00eda. Pieza hecha a mano.\" \/>\n<meta name=\"robots\" content=\"index, follow, max-snippet:-1, max-image-preview:large, max-video-preview:-1\" \/>\n<link rel=\"canonical\" href=\"https:\/\/lajunglebijoux.com\/es\/producto\/collier-divine-or\/\" \/>\n<meta property=\"og:locale\" content=\"es_ES\" \/>\n<meta property=\"og:type\" content=\"article\" \/>\n<meta property=\"og:title\" content=\"Collar Divine Gold - La Jungle Bijoux\" \/>\n<meta property=\"og:description\" content=\"Adopta un collar sol con el collar Divine Gold. Este bonito sol geom\u00e9trico es un s\u00edmbolo de gratitud y energ\u00eda. Pieza hecha a mano.\" \/>\n<meta property=\"og:url\" content=\"https:\/\/lajunglebijoux.com\/es\/producto\/collier-divine-or\/\" \/>\n<meta property=\"og:site_name\" content=\"La Jungle Bijoux\" \/>\n<meta property=\"article:modified_time\" content=\"2024-08-24T10:59:06+00:00\" \/>\n<meta property=\"og:image\" content=\"https:\/\/lajunglebijoux.com\/wp-content\/uploads\/2022\/11\/IMG_20210924_132334-scaled.jpg\" \/>\n\t<meta property=\"og:image:width\" content=\"1920\" \/>\n\t<meta property=\"og:image:height\" content=\"2560\" \/>\n\t<meta property=\"og:image:type\" content=\"image\/jpeg\" \/>\n<meta name=\"twitter:card\" content=\"summary_large_image\" \/>\n<meta name=\"twitter:label1\" content=\"Tiempo de lectura\" \/>\n\t<meta name=\"twitter:data1\" content=\"1 minuto\" \/>\n<script type=\"application\/ld+json\" class=\"yoast-schema-graph\">{\"@context\":\"https:\/\/schema.org\",\"@graph\":[{\"@type\":\"WebPage\",\"@id\":\"https:\/\/lajunglebijoux.com\/es\/producto\/collier-divine-or\/\",\"url\":\"https:\/\/lajunglebijoux.com\/es\/producto\/collier-divine-or\/\",\"name\":\"Collar Divine Gold - La Jungle Bijoux\",\"isPartOf\":{\"@id\":\"https:\/\/lajunglebijoux.com\/es\/#website\"},\"primaryImageOfPage\":{\"@id\":\"https:\/\/lajunglebijoux.com\/es\/producto\/collier-divine-or\/#primaryimage\"},\"image\":{\"@id\":\"https:\/\/lajunglebijoux.com\/es\/producto\/collier-divine-or\/#primaryimage\"},\"thumbnailUrl\":\"https:\/\/lajunglebijoux.com\/wp-content\/uploads\/2022\/11\/IMG_20210924_132334-scaled.jpg\",\"datePublished\":\"2022-11-07T08:06:27+00:00\",\"dateModified\":\"2024-08-24T10:59:06+00:00\",\"description\":\"Adopta un collar sol con el collar Divine Gold. Este bonito sol geom\u00e9trico es un s\u00edmbolo de gratitud y energ\u00eda. Pieza hecha a mano.\",\"breadcrumb\":{\"@id\":\"https:\/\/lajunglebijoux.com\/es\/producto\/collier-divine-or\/#breadcrumb\"},\"inLanguage\":\"es\",\"potentialAction\":[{\"@type\":\"ReadAction\",\"target\":[\"https:\/\/lajunglebijoux.com\/es\/producto\/collier-divine-or\/\"]}]},{\"@type\":\"ImageObject\",\"inLanguage\":\"es\",\"@id\":\"https:\/\/lajunglebijoux.com\/es\/producto\/collier-divine-or\/#primaryimage\",\"url\":\"https:\/\/lajunglebijoux.com\/wp-content\/uploads\/2022\/11\/IMG_20210924_132334-scaled.jpg\",\"contentUrl\":\"https:\/\/lajunglebijoux.com\/wp-content\/uploads\/2022\/11\/IMG_20210924_132334-scaled.jpg\",\"width\":1920,\"height\":2560,\"caption\":\"collier soleil or La Jungle Bijoux\"},{\"@type\":\"BreadcrumbList\",\"@id\":\"https:\/\/lajunglebijoux.com\/es\/producto\/collier-divine-or\/#breadcrumb\",\"itemListElement\":[{\"@type\":\"ListItem\",\"position\":1,\"name\":\"Portada\",\"item\":\"https:\/\/lajunglebijoux.com\/es\/\"},{\"@type\":\"ListItem\",\"position\":2,\"name\":\"Productos\",\"item\":\"https:\/\/lajunglebijoux.com\/es\/shop\/\"},{\"@type\":\"ListItem\",\"position\":3,\"name\":\"Collar Divine Gold\"}]},{\"@type\":\"WebSite\",\"@id\":\"https:\/\/lajunglebijoux.com\/es\/#website\",\"url\":\"https:\/\/lajunglebijoux.com\/es\/\",\"name\":\"La Jungle Bijoux\",\"description\":\"\",\"publisher\":{\"@id\":\"https:\/\/lajunglebijoux.com\/es\/#organization\"},\"potentialAction\":[{\"@type\":\"SearchAction\",\"target\":{\"@type\":\"EntryPoint\",\"urlTemplate\":\"https:\/\/lajunglebijoux.com\/es\/?s={search_term_string}\"},\"query-input\":{\"@type\":\"PropertyValueSpecification\",\"valueRequired\":true,\"valueName\":\"search_term_string\"}}],\"inLanguage\":\"es\"},{\"@type\":\"Organization\",\"@id\":\"https:\/\/lajunglebijoux.com\/es\/#organization\",\"name\":\"La Jungle Bijoux\",\"url\":\"https:\/\/lajunglebijoux.com\/es\/\",\"logo\":{\"@type\":\"ImageObject\",\"inLanguage\":\"es\",\"@id\":\"https:\/\/lajunglebijoux.com\/es\/#\/schema\/logo\/image\/\",\"url\":\"https:\/\/lajunglebijoux.com\/wp-content\/uploads\/2023\/01\/LOGO-FINAL-Fonce.jpg\",\"contentUrl\":\"https:\/\/lajunglebijoux.com\/wp-content\/uploads\/2023\/01\/LOGO-FINAL-Fonce.jpg\",\"width\":900,\"height\":900,\"caption\":\"La Jungle Bijoux\"},\"image\":{\"@id\":\"https:\/\/lajunglebijoux.com\/es\/#\/schema\/logo\/image\/\"}}]}<\/script>\n<!-- \/ Yoast SEO plugin. -->","yoast_head_json":{"title":"Collar Divine Gold - La Jungle Bijoux","description":"Adopta un collar sol con el collar Divine Gold. Este bonito sol geom\u00e9trico es un s\u00edmbolo de gratitud y energ\u00eda. Pieza hecha a mano.","robots":{"index":"index","follow":"follow","max-snippet":"max-snippet:-1","max-image-preview":"max-image-preview:large","max-video-preview":"max-video-preview:-1"},"canonical":"https:\/\/lajunglebijoux.com\/es\/producto\/collier-divine-or\/","og_locale":"es_ES","og_type":"article","og_title":"Collar Divine Gold - La Jungle Bijoux","og_description":"Adopta un collar sol con el collar Divine Gold. Este bonito sol geom\u00e9trico es un s\u00edmbolo de gratitud y energ\u00eda. Pieza hecha a mano.","og_url":"https:\/\/lajunglebijoux.com\/es\/producto\/collier-divine-or\/","og_site_name":"La Jungle Bijoux","article_modified_time":"2024-08-24T10:59:06+00:00","og_image":[{"width":1920,"height":2560,"url":"https:\/\/lajunglebijoux.com\/wp-content\/uploads\/2022\/11\/IMG_20210924_132334-scaled.jpg","type":"image\/jpeg"}],"twitter_card":"summary_large_image","twitter_misc":{"Tiempo de lectura":"1 minuto"},"schema":{"@context":"https:\/\/schema.org","@graph":[{"@type":"WebPage","@id":"https:\/\/lajunglebijoux.com\/es\/producto\/collier-divine-or\/","url":"https:\/\/lajunglebijoux.com\/es\/producto\/collier-divine-or\/","name":"Collar Divine Gold - La Jungle Bijoux","isPartOf":{"@id":"https:\/\/lajunglebijoux.com\/es\/#website"},"primaryImageOfPage":{"@id":"https:\/\/lajunglebijoux.com\/es\/producto\/collier-divine-or\/#primaryimage"},"image":{"@id":"https:\/\/lajunglebijoux.com\/es\/producto\/collier-divine-or\/#primaryimage"},"thumbnailUrl":"https:\/\/lajunglebijoux.com\/wp-content\/uploads\/2022\/11\/IMG_20210924_132334-scaled.jpg","datePublished":"2022-11-07T08:06:27+00:00","dateModified":"2024-08-24T10:59:06+00:00","description":"Adopta un collar sol con el collar Divine Gold. Este bonito sol geom\u00e9trico es un s\u00edmbolo de gratitud y energ\u00eda. Pieza hecha a mano.","breadcrumb":{"@id":"https:\/\/lajunglebijoux.com\/es\/producto\/collier-divine-or\/#breadcrumb"},"inLanguage":"es","potentialAction":[{"@type":"ReadAction","target":["https:\/\/lajunglebijoux.com\/es\/producto\/collier-divine-or\/"]}]},{"@type":"ImageObject","inLanguage":"es","@id":"https:\/\/lajunglebijoux.com\/es\/producto\/collier-divine-or\/#primaryimage","url":"https:\/\/lajunglebijoux.com\/wp-content\/uploads\/2022\/11\/IMG_20210924_132334-scaled.jpg","contentUrl":"https:\/\/lajunglebijoux.com\/wp-content\/uploads\/2022\/11\/IMG_20210924_132334-scaled.jpg","width":1920,"height":2560,"caption":"collier soleil or La Jungle Bijoux"},{"@type":"BreadcrumbList","@id":"https:\/\/lajunglebijoux.com\/es\/producto\/collier-divine-or\/#breadcrumb","itemListElement":[{"@type":"ListItem","position":1,"name":"Portada","item":"https:\/\/lajunglebijoux.com\/es\/"},{"@type":"ListItem","position":2,"name":"Productos","item":"https:\/\/lajunglebijoux.com\/es\/shop\/"},{"@type":"ListItem","position":3,"name":"Collar Divine Gold"}]},{"@type":"WebSite","@id":"https:\/\/lajunglebijoux.com\/es\/#website","url":"https:\/\/lajunglebijoux.com\/es\/","name":"La Jungle Bijoux","description":"","publisher":{"@id":"https:\/\/lajunglebijoux.com\/es\/#organization"},"potentialAction":[{"@type":"SearchAction","target":{"@type":"EntryPoint","urlTemplate":"https:\/\/lajunglebijoux.com\/es\/?s={search_term_string}"},"query-input":{"@type":"PropertyValueSpecification","valueRequired":true,"valueName":"search_term_string"}}],"inLanguage":"es"},{"@type":"Organization","@id":"https:\/\/lajunglebijoux.com\/es\/#organization","name":"La Jungle Bijoux","url":"https:\/\/lajunglebijoux.com\/es\/","logo":{"@type":"ImageObject","inLanguage":"es","@id":"https:\/\/lajunglebijoux.com\/es\/#\/schema\/logo\/image\/","url":"https:\/\/lajunglebijoux.com\/wp-content\/uploads\/2023\/01\/LOGO-FINAL-Fonce.jpg","contentUrl":"https:\/\/lajunglebijoux.com\/wp-content\/uploads\/2023\/01\/LOGO-FINAL-Fonce.jpg","width":900,"height":900,"caption":"La Jungle Bijoux"},"image":{"@id":"https:\/\/lajunglebijoux.com\/es\/#\/schema\/logo\/image\/"}}]}},"_links":{"self":[{"href":"https:\/\/lajunglebijoux.com\/es\/wp-json\/wp\/v2\/product\/8949","targetHints":{"allow":["GET"]}}],"collection":[{"href":"https:\/\/lajunglebijoux.com\/es\/wp-json\/wp\/v2\/product"}],"about":[{"href":"https:\/\/lajunglebijoux.com\/es\/wp-json\/wp\/v2\/types\/product"}],"replies":[{"embeddable":true,"href":"https:\/\/lajunglebijoux.com\/es\/wp-json\/wp\/v2\/comments?post=8949"}],"version-history":[{"count":0,"href":"https:\/\/lajunglebijoux.com\/es\/wp-json\/wp\/v2\/product\/8949\/revisions"}],"wp:featuredmedia":[{"embeddable":true,"href":"https:\/\/lajunglebijoux.com\/es\/wp-json\/wp\/v2\/media\/2319"}],"wp:attachment":[{"href":"https:\/\/lajunglebijoux.com\/es\/wp-json\/wp\/v2\/media?parent=8949"}],"wp:term":[{"taxonomy":"product_brand","embeddable":true,"href":"https:\/\/lajunglebijoux.com\/es\/wp-json\/wp\/v2\/product_brand?post=8949"},{"taxonomy":"product_cat","embeddable":true,"href":"https:\/\/lajunglebijoux.com\/es\/wp-json\/wp\/v2\/product_cat?post=8949"},{"taxonomy":"product_tag","embeddable":true,"href":"https:\/\/lajunglebijoux.com\/es\/wp-json\/wp\/v2\/product_tag?post=8949"}],"curies":[{"name":"wp","href":"https:\/\/api.w.org\/{rel}","templated":true}]}}