{"id":8941,"date":"2022-12-07T13:51:26","date_gmt":"2022-12-07T11:51:26","guid":{"rendered":"https:\/\/lajunglebijoux.com\/product\/collier-lune-or\/"},"modified":"2024-08-24T13:06:28","modified_gmt":"2024-08-24T11:06:28","slug":"collar-luna-piedra-oro","status":"publish","type":"product","link":"https:\/\/lajunglebijoux.com\/es\/producto\/collar-luna-piedra-oro\/","title":{"rendered":"Collar luna piedra y oro La Mujer"},"content":{"rendered":"<h2>Unas palabras de Jen, dise\u00f1adora de La Jungle Bijoux<\/h2>\n<p>He querido dar al collar de luna La Femme un simbolismo muy especial. En primer lugar, el motivo de la luna representa a la mujer y la energ\u00eda femenina por excelencia. En efecto, su ciclo es sin\u00f3nimo de cambio y renacimiento, y por tanto de la capacidad de adaptaci\u00f3n y fluidez que tienen muchas mujeres.<\/p>\n<p>La luna es tambi\u00e9n la energ\u00eda Yin, mientras que el sol es la energ\u00eda Yang. El yin es una energ\u00eda interior, m\u00e1s tranquila y discreta. Con este collar de luna, puedes despertar tu energ\u00eda femenina. Es una invitaci\u00f3n a dejar hablar a tu coraz\u00f3n y a tu intuici\u00f3n, y a escuchar tus propias necesidades.<\/p>\n<p>El colgante de opalita del collar de luna es una alternativa a la piedra lunar y el \u00f3palo, hecha con el mineral dolomita, vidrio y metal. Se dice que la opalita tiene propiedades curativas. Es el s\u00edmbolo de la juventud, del sentido de la maravilla de un ni\u00f1o, y nos invita a mirar la vida desde el lado luminoso y con curiosidad. La opalita tambi\u00e9n puede regalarse a alguien que est\u00e9 pasando por un periodo sombr\u00edo, sufra ansiedad o pena, porque su calidez y positividad le tranquilizar\u00e1n.<\/p>\n<p>El collar de luna es el regalo perfecto para las mujeres de tu vida. Es un regalo muy simb\u00f3lico para ocasiones especiales, como cumplea\u00f1os, baby showers, bodas, el D\u00eda de la Madre, el comienzo de un largo viaje, etc.<\/p>\n<h2>C\u00f3mo llevar el collar luna \u00abLa Mujer\u00bb de oro<\/h2>\n<p>El collar luna \u00abLa Femme\u00bb puede llevarse como talism\u00e1n para recordar toda la fuerza que tienes como mujer. Es bastante llamativo, por lo que te aconsejo que lo lleves con joyas m\u00e1s discretas de la misma colecci\u00f3n \u00abYou Are Magic\u00bb. Combinado con joyas de diferente simbolismo de la misma colecci\u00f3n, el collar Luna te permitir\u00e1 revelar toda tu feminidad.<\/p>\n","protected":false},"excerpt":{"rendered":"<p>Con su opalita en forma de luna con reflejos nacarados, el collar La Mujer es una joya radiante para usted o para regalar.<\/p>\n<p>En litoterapia, la opalita es un cristal que puede ayudarle a sentirse mejor consigo mismo y a acceder a su fuerza interior. La opalita tiene vibraciones calmantes y tranquilizadoras que pueden desarrollar su empat\u00eda, generosidad y gentileza.<\/p>\n<p>El collar Luna de oro es un regalo para hacer o para darse a s\u00ed mismo que le ayudar\u00e1 a aceptar los cambios en su vida, especialmente en sus relaciones con la familia, los amigos o los amantes. Tambi\u00e9n puede elegirlo porque le encanta el s\u00edmbolo de la luna y los bonitos reflejos azules y rosas iridiscentes de la opalita.<\/p>\n<p>La joya de la luna est\u00e1 hecha a mano con una cadena de oro fino de 18 quilates sobre una base de lat\u00f3n, y su tama\u00f1o es ajustable. El colgante es de opalita y su contorno est\u00e1 pintado con pintura met\u00e1lica dorada.<\/p>\n<p>&nbsp;<\/p>\n","protected":false},"featured_media":3938,"comment_status":"open","ping_status":"closed","template":"","meta":{"_acf_changed":false},"product_brand":[],"product_cat":[68],"product_tag":[478],"class_list":{"0":"post-8941","1":"product","2":"type-product","3":"status-publish","4":"has-post-thumbnail","6":"product_cat-you-are-magic-es","7":"product_tag-51e-a-100e","8":"pa_modele-collares","9":"pa_theme-joyas-astral-tarot","10":"pa_theme-piedras-litoterapia","12":"first","13":"instock","14":"shipping-taxable","15":"purchasable","16":"product-type-simple"},"acf":[],"gallery_images":[3947,3939,3945,10472,2320,3943],"yoast_head":"<!-- This site is optimized with the Yoast SEO plugin v27.2 - https:\/\/yoast.com\/product\/yoast-seo-wordpress\/ -->\n<title>Collar luna piedra y oro La Mujer - La Jungle Bijoux<\/title>\n<meta name=\"description\" content=\"Revela toda la feminidad que hay en ti con el collar luna &quot;La Mujer&quot; de oro y opalita. Joyas hol\u00edsticas y artesanales.\" \/>\n<meta name=\"robots\" content=\"index, follow, max-snippet:-1, max-image-preview:large, max-video-preview:-1\" \/>\n<link rel=\"canonical\" href=\"https:\/\/lajunglebijoux.com\/es\/producto\/collar-luna-piedra-oro\/\" \/>\n<meta property=\"og:locale\" content=\"es_ES\" \/>\n<meta property=\"og:type\" content=\"article\" \/>\n<meta property=\"og:title\" content=\"Collar luna piedra y oro La Mujer - La Jungle Bijoux\" \/>\n<meta property=\"og:description\" content=\"Revela toda la feminidad que hay en ti con el collar luna &quot;La Mujer&quot; de oro y opalita. Joyas hol\u00edsticas y artesanales.\" \/>\n<meta property=\"og:url\" content=\"https:\/\/lajunglebijoux.com\/es\/producto\/collar-luna-piedra-oro\/\" \/>\n<meta property=\"og:site_name\" content=\"La Jungle Bijoux\" \/>\n<meta property=\"article:modified_time\" content=\"2024-08-24T11:06:28+00:00\" \/>\n<meta property=\"og:image\" content=\"https:\/\/lajunglebijoux.com\/wp-content\/uploads\/2022\/12\/collier-pierre-de-lune-scaled.jpg\" \/>\n\t<meta property=\"og:image:width\" content=\"2560\" \/>\n\t<meta property=\"og:image:height\" content=\"2560\" \/>\n\t<meta property=\"og:image:type\" content=\"image\/jpeg\" \/>\n<meta name=\"twitter:card\" content=\"summary_large_image\" \/>\n<meta name=\"twitter:label1\" content=\"Tiempo de lectura\" \/>\n\t<meta name=\"twitter:data1\" content=\"2 minutos\" \/>\n<script type=\"application\/ld+json\" class=\"yoast-schema-graph\">{\"@context\":\"https:\/\/schema.org\",\"@graph\":[{\"@type\":\"WebPage\",\"@id\":\"https:\/\/lajunglebijoux.com\/es\/producto\/collar-luna-piedra-oro\/\",\"url\":\"https:\/\/lajunglebijoux.com\/es\/producto\/collar-luna-piedra-oro\/\",\"name\":\"Collar luna piedra y oro La Mujer - La Jungle Bijoux\",\"isPartOf\":{\"@id\":\"https:\/\/lajunglebijoux.com\/es\/#website\"},\"primaryImageOfPage\":{\"@id\":\"https:\/\/lajunglebijoux.com\/es\/producto\/collar-luna-piedra-oro\/#primaryimage\"},\"image\":{\"@id\":\"https:\/\/lajunglebijoux.com\/es\/producto\/collar-luna-piedra-oro\/#primaryimage\"},\"thumbnailUrl\":\"https:\/\/lajunglebijoux.com\/wp-content\/uploads\/2022\/12\/collier-pierre-de-lune-scaled.jpg\",\"datePublished\":\"2022-12-07T11:51:26+00:00\",\"dateModified\":\"2024-08-24T11:06:28+00:00\",\"description\":\"Revela toda la feminidad que hay en ti con el collar luna \\\"La Mujer\\\" de oro y opalita. Joyas hol\u00edsticas y artesanales.\",\"breadcrumb\":{\"@id\":\"https:\/\/lajunglebijoux.com\/es\/producto\/collar-luna-piedra-oro\/#breadcrumb\"},\"inLanguage\":\"es\",\"potentialAction\":[{\"@type\":\"ReadAction\",\"target\":[\"https:\/\/lajunglebijoux.com\/es\/producto\/collar-luna-piedra-oro\/\"]}]},{\"@type\":\"ImageObject\",\"inLanguage\":\"es\",\"@id\":\"https:\/\/lajunglebijoux.com\/es\/producto\/collar-luna-piedra-oro\/#primaryimage\",\"url\":\"https:\/\/lajunglebijoux.com\/wp-content\/uploads\/2022\/12\/collier-pierre-de-lune-scaled.jpg\",\"contentUrl\":\"https:\/\/lajunglebijoux.com\/wp-content\/uploads\/2022\/12\/collier-pierre-de-lune-scaled.jpg\",\"width\":2560,\"height\":2560,\"caption\":\"collier lune opalite or\"},{\"@type\":\"BreadcrumbList\",\"@id\":\"https:\/\/lajunglebijoux.com\/es\/producto\/collar-luna-piedra-oro\/#breadcrumb\",\"itemListElement\":[{\"@type\":\"ListItem\",\"position\":1,\"name\":\"Portada\",\"item\":\"https:\/\/lajunglebijoux.com\/es\/\"},{\"@type\":\"ListItem\",\"position\":2,\"name\":\"Productos\",\"item\":\"https:\/\/lajunglebijoux.com\/es\/shop\/\"},{\"@type\":\"ListItem\",\"position\":3,\"name\":\"Collar luna piedra y oro La Mujer\"}]},{\"@type\":\"WebSite\",\"@id\":\"https:\/\/lajunglebijoux.com\/es\/#website\",\"url\":\"https:\/\/lajunglebijoux.com\/es\/\",\"name\":\"La Jungle Bijoux\",\"description\":\"\",\"publisher\":{\"@id\":\"https:\/\/lajunglebijoux.com\/es\/#organization\"},\"potentialAction\":[{\"@type\":\"SearchAction\",\"target\":{\"@type\":\"EntryPoint\",\"urlTemplate\":\"https:\/\/lajunglebijoux.com\/es\/?s={search_term_string}\"},\"query-input\":{\"@type\":\"PropertyValueSpecification\",\"valueRequired\":true,\"valueName\":\"search_term_string\"}}],\"inLanguage\":\"es\"},{\"@type\":\"Organization\",\"@id\":\"https:\/\/lajunglebijoux.com\/es\/#organization\",\"name\":\"La Jungle Bijoux\",\"url\":\"https:\/\/lajunglebijoux.com\/es\/\",\"logo\":{\"@type\":\"ImageObject\",\"inLanguage\":\"es\",\"@id\":\"https:\/\/lajunglebijoux.com\/es\/#\/schema\/logo\/image\/\",\"url\":\"https:\/\/lajunglebijoux.com\/wp-content\/uploads\/2023\/01\/LOGO-FINAL-Fonce.jpg\",\"contentUrl\":\"https:\/\/lajunglebijoux.com\/wp-content\/uploads\/2023\/01\/LOGO-FINAL-Fonce.jpg\",\"width\":900,\"height\":900,\"caption\":\"La Jungle Bijoux\"},\"image\":{\"@id\":\"https:\/\/lajunglebijoux.com\/es\/#\/schema\/logo\/image\/\"}}]}<\/script>\n<!-- \/ Yoast SEO plugin. -->","yoast_head_json":{"title":"Collar luna piedra y oro La Mujer - La Jungle Bijoux","description":"Revela toda la feminidad que hay en ti con el collar luna \"La Mujer\" de oro y opalita. Joyas hol\u00edsticas y artesanales.","robots":{"index":"index","follow":"follow","max-snippet":"max-snippet:-1","max-image-preview":"max-image-preview:large","max-video-preview":"max-video-preview:-1"},"canonical":"https:\/\/lajunglebijoux.com\/es\/producto\/collar-luna-piedra-oro\/","og_locale":"es_ES","og_type":"article","og_title":"Collar luna piedra y oro La Mujer - La Jungle Bijoux","og_description":"Revela toda la feminidad que hay en ti con el collar luna \"La Mujer\" de oro y opalita. Joyas hol\u00edsticas y artesanales.","og_url":"https:\/\/lajunglebijoux.com\/es\/producto\/collar-luna-piedra-oro\/","og_site_name":"La Jungle Bijoux","article_modified_time":"2024-08-24T11:06:28+00:00","og_image":[{"width":2560,"height":2560,"url":"https:\/\/lajunglebijoux.com\/wp-content\/uploads\/2022\/12\/collier-pierre-de-lune-scaled.jpg","type":"image\/jpeg"}],"twitter_card":"summary_large_image","twitter_misc":{"Tiempo de lectura":"2 minutos"},"schema":{"@context":"https:\/\/schema.org","@graph":[{"@type":"WebPage","@id":"https:\/\/lajunglebijoux.com\/es\/producto\/collar-luna-piedra-oro\/","url":"https:\/\/lajunglebijoux.com\/es\/producto\/collar-luna-piedra-oro\/","name":"Collar luna piedra y oro La Mujer - La Jungle Bijoux","isPartOf":{"@id":"https:\/\/lajunglebijoux.com\/es\/#website"},"primaryImageOfPage":{"@id":"https:\/\/lajunglebijoux.com\/es\/producto\/collar-luna-piedra-oro\/#primaryimage"},"image":{"@id":"https:\/\/lajunglebijoux.com\/es\/producto\/collar-luna-piedra-oro\/#primaryimage"},"thumbnailUrl":"https:\/\/lajunglebijoux.com\/wp-content\/uploads\/2022\/12\/collier-pierre-de-lune-scaled.jpg","datePublished":"2022-12-07T11:51:26+00:00","dateModified":"2024-08-24T11:06:28+00:00","description":"Revela toda la feminidad que hay en ti con el collar luna \"La Mujer\" de oro y opalita. Joyas hol\u00edsticas y artesanales.","breadcrumb":{"@id":"https:\/\/lajunglebijoux.com\/es\/producto\/collar-luna-piedra-oro\/#breadcrumb"},"inLanguage":"es","potentialAction":[{"@type":"ReadAction","target":["https:\/\/lajunglebijoux.com\/es\/producto\/collar-luna-piedra-oro\/"]}]},{"@type":"ImageObject","inLanguage":"es","@id":"https:\/\/lajunglebijoux.com\/es\/producto\/collar-luna-piedra-oro\/#primaryimage","url":"https:\/\/lajunglebijoux.com\/wp-content\/uploads\/2022\/12\/collier-pierre-de-lune-scaled.jpg","contentUrl":"https:\/\/lajunglebijoux.com\/wp-content\/uploads\/2022\/12\/collier-pierre-de-lune-scaled.jpg","width":2560,"height":2560,"caption":"collier lune opalite or"},{"@type":"BreadcrumbList","@id":"https:\/\/lajunglebijoux.com\/es\/producto\/collar-luna-piedra-oro\/#breadcrumb","itemListElement":[{"@type":"ListItem","position":1,"name":"Portada","item":"https:\/\/lajunglebijoux.com\/es\/"},{"@type":"ListItem","position":2,"name":"Productos","item":"https:\/\/lajunglebijoux.com\/es\/shop\/"},{"@type":"ListItem","position":3,"name":"Collar luna piedra y oro La Mujer"}]},{"@type":"WebSite","@id":"https:\/\/lajunglebijoux.com\/es\/#website","url":"https:\/\/lajunglebijoux.com\/es\/","name":"La Jungle Bijoux","description":"","publisher":{"@id":"https:\/\/lajunglebijoux.com\/es\/#organization"},"potentialAction":[{"@type":"SearchAction","target":{"@type":"EntryPoint","urlTemplate":"https:\/\/lajunglebijoux.com\/es\/?s={search_term_string}"},"query-input":{"@type":"PropertyValueSpecification","valueRequired":true,"valueName":"search_term_string"}}],"inLanguage":"es"},{"@type":"Organization","@id":"https:\/\/lajunglebijoux.com\/es\/#organization","name":"La Jungle Bijoux","url":"https:\/\/lajunglebijoux.com\/es\/","logo":{"@type":"ImageObject","inLanguage":"es","@id":"https:\/\/lajunglebijoux.com\/es\/#\/schema\/logo\/image\/","url":"https:\/\/lajunglebijoux.com\/wp-content\/uploads\/2023\/01\/LOGO-FINAL-Fonce.jpg","contentUrl":"https:\/\/lajunglebijoux.com\/wp-content\/uploads\/2023\/01\/LOGO-FINAL-Fonce.jpg","width":900,"height":900,"caption":"La Jungle Bijoux"},"image":{"@id":"https:\/\/lajunglebijoux.com\/es\/#\/schema\/logo\/image\/"}}]}},"_links":{"self":[{"href":"https:\/\/lajunglebijoux.com\/es\/wp-json\/wp\/v2\/product\/8941","targetHints":{"allow":["GET"]}}],"collection":[{"href":"https:\/\/lajunglebijoux.com\/es\/wp-json\/wp\/v2\/product"}],"about":[{"href":"https:\/\/lajunglebijoux.com\/es\/wp-json\/wp\/v2\/types\/product"}],"replies":[{"embeddable":true,"href":"https:\/\/lajunglebijoux.com\/es\/wp-json\/wp\/v2\/comments?post=8941"}],"version-history":[{"count":0,"href":"https:\/\/lajunglebijoux.com\/es\/wp-json\/wp\/v2\/product\/8941\/revisions"}],"wp:featuredmedia":[{"embeddable":true,"href":"https:\/\/lajunglebijoux.com\/es\/wp-json\/wp\/v2\/media\/3938"}],"wp:attachment":[{"href":"https:\/\/lajunglebijoux.com\/es\/wp-json\/wp\/v2\/media?parent=8941"}],"wp:term":[{"taxonomy":"product_brand","embeddable":true,"href":"https:\/\/lajunglebijoux.com\/es\/wp-json\/wp\/v2\/product_brand?post=8941"},{"taxonomy":"product_cat","embeddable":true,"href":"https:\/\/lajunglebijoux.com\/es\/wp-json\/wp\/v2\/product_cat?post=8941"},{"taxonomy":"product_tag","embeddable":true,"href":"https:\/\/lajunglebijoux.com\/es\/wp-json\/wp\/v2\/product_tag?post=8941"}],"curies":[{"name":"wp","href":"https:\/\/api.w.org\/{rel}","templated":true}]}}