{"id":8940,"date":"2022-12-13T09:43:00","date_gmt":"2022-12-13T07:43:00","guid":{"rendered":"https:\/\/lajunglebijoux.com\/product\/creoles-torsadees-or\/"},"modified":"2024-08-24T13:03:11","modified_gmt":"2024-08-24T11:03:11","slug":"creoles-torsadees-or","status":"publish","type":"product","link":"https:\/\/lajunglebijoux.com\/es\/producto\/creoles-torsadees-or\/","title":{"rendered":"Pendientes de aro de oro trenzado Magic"},"content":{"rendered":"<h2>Unas palabras de Jen, dise\u00f1adora de La Jungle Bijoux<\/h2>\n<p>Cuando cre\u00e9 este par de pendientes de aro de oro retorcido, pens\u00e9 en las mujeres que los llevar\u00edan. Quer\u00eda unos pendientes que sentaran bien a todas las mujeres: desde adolescentes a abuelas, desde mujeres elegantes a rock&#8217;n&#8217;rollers. As\u00ed que cre\u00e9 un par de pendientes de aro ic\u00f3nicos, pendientes retorcidos atemporales que se pueden llevar en todas las estaciones y en todas las ocasiones. La torsi\u00f3n a\u00f1ade una dimensi\u00f3n \u00fanica a los rizos, una fuerza extra que convierte a estos pendientes de aro en una aut\u00e9ntica joya.<\/p>\n<h2>C\u00f3mo llevar unos pendientes trenzados \u00abMagic\u00bb de oro<\/h2>\n<p>Los pendientes trenzados pueden llevarse en una acumulaci\u00f3n o solos para un look m\u00e1s refinado y cl\u00e1sico. La acumulaci\u00f3n con pendientes o pendientes de aro m\u00e1s minimalistas dar\u00e1 un aspecto m\u00e1s a la moda. Tambi\u00e9n puede combinar estos pendientes con otras joyas de la colecci\u00f3n \u00abYou are magic\u00bb para animar su conjunto.<\/p>\n","protected":false},"excerpt":{"rendered":"<p>Revele su elegancia con los pendientes Magic twisted. Estos pendientes de oro son el giro perfecto a los cl\u00e1sicos pendientes lisos. Est\u00e1n chapados en oro de 18 quilates de alta resistencia y fabricados a mano en Barcelona. \u00a1Son el regalo perfecto para todas las generaciones de mujeres!<\/p>\n<p>&nbsp;<\/p>\n","protected":false},"featured_media":3972,"comment_status":"open","ping_status":"closed","template":"","meta":{"_acf_changed":false},"product_brand":[],"product_cat":[68],"product_tag":[480],"class_list":{"0":"post-8940","1":"product","2":"type-product","3":"status-publish","4":"has-post-thumbnail","6":"product_cat-you-are-magic-es","7":"product_tag-menos-de-50e","8":"pa_modele-pendientes","9":"pa_theme-joyas-finas","10":"pa_theme-estilo-vintage","12":"first","13":"instock","14":"sale","15":"shipping-taxable","16":"purchasable","17":"product-type-simple"},"acf":[],"gallery_images":[3978,3974,3976,3970,3980,3968],"yoast_head":"<!-- This site is optimized with the Yoast SEO plugin v27.2 - https:\/\/yoast.com\/product\/yoast-seo-wordpress\/ -->\n<title>Pendientes de aro de oro trenzado Magic - La Jungle Bijoux<\/title>\n<meta name=\"description\" content=\"Descubra la elegancia de los pendientes Magic twisted de oro. Llevados solos o combinados, estos pendientes vestir\u00e1n y alegrar\u00e1n tu rostro.\" \/>\n<meta name=\"robots\" content=\"index, follow, max-snippet:-1, max-image-preview:large, max-video-preview:-1\" \/>\n<link rel=\"canonical\" href=\"https:\/\/lajunglebijoux.com\/es\/producto\/creoles-torsadees-or\/\" \/>\n<meta property=\"og:locale\" content=\"es_ES\" \/>\n<meta property=\"og:type\" content=\"article\" \/>\n<meta property=\"og:title\" content=\"Pendientes de aro de oro trenzado Magic - La Jungle Bijoux\" \/>\n<meta property=\"og:description\" content=\"Descubra la elegancia de los pendientes Magic twisted de oro. Llevados solos o combinados, estos pendientes vestir\u00e1n y alegrar\u00e1n tu rostro.\" \/>\n<meta property=\"og:url\" content=\"https:\/\/lajunglebijoux.com\/es\/producto\/creoles-torsadees-or\/\" \/>\n<meta property=\"og:site_name\" content=\"La Jungle Bijoux\" \/>\n<meta property=\"article:modified_time\" content=\"2024-08-24T11:03:11+00:00\" \/>\n<meta property=\"og:image\" content=\"https:\/\/lajunglebijoux.com\/wp-content\/uploads\/2022\/12\/IMG_20210924_131422-scaled.jpg\" \/>\n\t<meta property=\"og:image:width\" content=\"1920\" \/>\n\t<meta property=\"og:image:height\" content=\"2560\" \/>\n\t<meta property=\"og:image:type\" content=\"image\/jpeg\" \/>\n<meta name=\"twitter:card\" content=\"summary_large_image\" \/>\n<meta name=\"twitter:label1\" content=\"Tiempo de lectura\" \/>\n\t<meta name=\"twitter:data1\" content=\"1 minuto\" \/>\n<script type=\"application\/ld+json\" class=\"yoast-schema-graph\">{\"@context\":\"https:\/\/schema.org\",\"@graph\":[{\"@type\":\"WebPage\",\"@id\":\"https:\/\/lajunglebijoux.com\/es\/producto\/creoles-torsadees-or\/\",\"url\":\"https:\/\/lajunglebijoux.com\/es\/producto\/creoles-torsadees-or\/\",\"name\":\"Pendientes de aro de oro trenzado Magic - La Jungle Bijoux\",\"isPartOf\":{\"@id\":\"https:\/\/lajunglebijoux.com\/es\/#website\"},\"primaryImageOfPage\":{\"@id\":\"https:\/\/lajunglebijoux.com\/es\/producto\/creoles-torsadees-or\/#primaryimage\"},\"image\":{\"@id\":\"https:\/\/lajunglebijoux.com\/es\/producto\/creoles-torsadees-or\/#primaryimage\"},\"thumbnailUrl\":\"https:\/\/lajunglebijoux.com\/wp-content\/uploads\/2022\/12\/IMG_20210924_131422-scaled.jpg\",\"datePublished\":\"2022-12-13T07:43:00+00:00\",\"dateModified\":\"2024-08-24T11:03:11+00:00\",\"description\":\"Descubra la elegancia de los pendientes Magic twisted de oro. Llevados solos o combinados, estos pendientes vestir\u00e1n y alegrar\u00e1n tu rostro.\",\"breadcrumb\":{\"@id\":\"https:\/\/lajunglebijoux.com\/es\/producto\/creoles-torsadees-or\/#breadcrumb\"},\"inLanguage\":\"es\",\"potentialAction\":[{\"@type\":\"ReadAction\",\"target\":[\"https:\/\/lajunglebijoux.com\/es\/producto\/creoles-torsadees-or\/\"]}]},{\"@type\":\"ImageObject\",\"inLanguage\":\"es\",\"@id\":\"https:\/\/lajunglebijoux.com\/es\/producto\/creoles-torsadees-or\/#primaryimage\",\"url\":\"https:\/\/lajunglebijoux.com\/wp-content\/uploads\/2022\/12\/IMG_20210924_131422-scaled.jpg\",\"contentUrl\":\"https:\/\/lajunglebijoux.com\/wp-content\/uploads\/2022\/12\/IMG_20210924_131422-scaled.jpg\",\"width\":1920,\"height\":2560,\"caption\":\"minis creoles torsadees\"},{\"@type\":\"BreadcrumbList\",\"@id\":\"https:\/\/lajunglebijoux.com\/es\/producto\/creoles-torsadees-or\/#breadcrumb\",\"itemListElement\":[{\"@type\":\"ListItem\",\"position\":1,\"name\":\"Portada\",\"item\":\"https:\/\/lajunglebijoux.com\/es\/\"},{\"@type\":\"ListItem\",\"position\":2,\"name\":\"Productos\",\"item\":\"https:\/\/lajunglebijoux.com\/es\/shop\/\"},{\"@type\":\"ListItem\",\"position\":3,\"name\":\"Pendientes de aro de oro trenzado Magic\"}]},{\"@type\":\"WebSite\",\"@id\":\"https:\/\/lajunglebijoux.com\/es\/#website\",\"url\":\"https:\/\/lajunglebijoux.com\/es\/\",\"name\":\"La Jungle Bijoux\",\"description\":\"\",\"publisher\":{\"@id\":\"https:\/\/lajunglebijoux.com\/es\/#organization\"},\"potentialAction\":[{\"@type\":\"SearchAction\",\"target\":{\"@type\":\"EntryPoint\",\"urlTemplate\":\"https:\/\/lajunglebijoux.com\/es\/?s={search_term_string}\"},\"query-input\":{\"@type\":\"PropertyValueSpecification\",\"valueRequired\":true,\"valueName\":\"search_term_string\"}}],\"inLanguage\":\"es\"},{\"@type\":\"Organization\",\"@id\":\"https:\/\/lajunglebijoux.com\/es\/#organization\",\"name\":\"La Jungle Bijoux\",\"url\":\"https:\/\/lajunglebijoux.com\/es\/\",\"logo\":{\"@type\":\"ImageObject\",\"inLanguage\":\"es\",\"@id\":\"https:\/\/lajunglebijoux.com\/es\/#\/schema\/logo\/image\/\",\"url\":\"https:\/\/lajunglebijoux.com\/wp-content\/uploads\/2023\/01\/LOGO-FINAL-Fonce.jpg\",\"contentUrl\":\"https:\/\/lajunglebijoux.com\/wp-content\/uploads\/2023\/01\/LOGO-FINAL-Fonce.jpg\",\"width\":900,\"height\":900,\"caption\":\"La Jungle Bijoux\"},\"image\":{\"@id\":\"https:\/\/lajunglebijoux.com\/es\/#\/schema\/logo\/image\/\"}}]}<\/script>\n<!-- \/ Yoast SEO plugin. -->","yoast_head_json":{"title":"Pendientes de aro de oro trenzado Magic - La Jungle Bijoux","description":"Descubra la elegancia de los pendientes Magic twisted de oro. Llevados solos o combinados, estos pendientes vestir\u00e1n y alegrar\u00e1n tu rostro.","robots":{"index":"index","follow":"follow","max-snippet":"max-snippet:-1","max-image-preview":"max-image-preview:large","max-video-preview":"max-video-preview:-1"},"canonical":"https:\/\/lajunglebijoux.com\/es\/producto\/creoles-torsadees-or\/","og_locale":"es_ES","og_type":"article","og_title":"Pendientes de aro de oro trenzado Magic - La Jungle Bijoux","og_description":"Descubra la elegancia de los pendientes Magic twisted de oro. Llevados solos o combinados, estos pendientes vestir\u00e1n y alegrar\u00e1n tu rostro.","og_url":"https:\/\/lajunglebijoux.com\/es\/producto\/creoles-torsadees-or\/","og_site_name":"La Jungle Bijoux","article_modified_time":"2024-08-24T11:03:11+00:00","og_image":[{"width":1920,"height":2560,"url":"https:\/\/lajunglebijoux.com\/wp-content\/uploads\/2022\/12\/IMG_20210924_131422-scaled.jpg","type":"image\/jpeg"}],"twitter_card":"summary_large_image","twitter_misc":{"Tiempo de lectura":"1 minuto"},"schema":{"@context":"https:\/\/schema.org","@graph":[{"@type":"WebPage","@id":"https:\/\/lajunglebijoux.com\/es\/producto\/creoles-torsadees-or\/","url":"https:\/\/lajunglebijoux.com\/es\/producto\/creoles-torsadees-or\/","name":"Pendientes de aro de oro trenzado Magic - La Jungle Bijoux","isPartOf":{"@id":"https:\/\/lajunglebijoux.com\/es\/#website"},"primaryImageOfPage":{"@id":"https:\/\/lajunglebijoux.com\/es\/producto\/creoles-torsadees-or\/#primaryimage"},"image":{"@id":"https:\/\/lajunglebijoux.com\/es\/producto\/creoles-torsadees-or\/#primaryimage"},"thumbnailUrl":"https:\/\/lajunglebijoux.com\/wp-content\/uploads\/2022\/12\/IMG_20210924_131422-scaled.jpg","datePublished":"2022-12-13T07:43:00+00:00","dateModified":"2024-08-24T11:03:11+00:00","description":"Descubra la elegancia de los pendientes Magic twisted de oro. Llevados solos o combinados, estos pendientes vestir\u00e1n y alegrar\u00e1n tu rostro.","breadcrumb":{"@id":"https:\/\/lajunglebijoux.com\/es\/producto\/creoles-torsadees-or\/#breadcrumb"},"inLanguage":"es","potentialAction":[{"@type":"ReadAction","target":["https:\/\/lajunglebijoux.com\/es\/producto\/creoles-torsadees-or\/"]}]},{"@type":"ImageObject","inLanguage":"es","@id":"https:\/\/lajunglebijoux.com\/es\/producto\/creoles-torsadees-or\/#primaryimage","url":"https:\/\/lajunglebijoux.com\/wp-content\/uploads\/2022\/12\/IMG_20210924_131422-scaled.jpg","contentUrl":"https:\/\/lajunglebijoux.com\/wp-content\/uploads\/2022\/12\/IMG_20210924_131422-scaled.jpg","width":1920,"height":2560,"caption":"minis creoles torsadees"},{"@type":"BreadcrumbList","@id":"https:\/\/lajunglebijoux.com\/es\/producto\/creoles-torsadees-or\/#breadcrumb","itemListElement":[{"@type":"ListItem","position":1,"name":"Portada","item":"https:\/\/lajunglebijoux.com\/es\/"},{"@type":"ListItem","position":2,"name":"Productos","item":"https:\/\/lajunglebijoux.com\/es\/shop\/"},{"@type":"ListItem","position":3,"name":"Pendientes de aro de oro trenzado Magic"}]},{"@type":"WebSite","@id":"https:\/\/lajunglebijoux.com\/es\/#website","url":"https:\/\/lajunglebijoux.com\/es\/","name":"La Jungle Bijoux","description":"","publisher":{"@id":"https:\/\/lajunglebijoux.com\/es\/#organization"},"potentialAction":[{"@type":"SearchAction","target":{"@type":"EntryPoint","urlTemplate":"https:\/\/lajunglebijoux.com\/es\/?s={search_term_string}"},"query-input":{"@type":"PropertyValueSpecification","valueRequired":true,"valueName":"search_term_string"}}],"inLanguage":"es"},{"@type":"Organization","@id":"https:\/\/lajunglebijoux.com\/es\/#organization","name":"La Jungle Bijoux","url":"https:\/\/lajunglebijoux.com\/es\/","logo":{"@type":"ImageObject","inLanguage":"es","@id":"https:\/\/lajunglebijoux.com\/es\/#\/schema\/logo\/image\/","url":"https:\/\/lajunglebijoux.com\/wp-content\/uploads\/2023\/01\/LOGO-FINAL-Fonce.jpg","contentUrl":"https:\/\/lajunglebijoux.com\/wp-content\/uploads\/2023\/01\/LOGO-FINAL-Fonce.jpg","width":900,"height":900,"caption":"La Jungle Bijoux"},"image":{"@id":"https:\/\/lajunglebijoux.com\/es\/#\/schema\/logo\/image\/"}}]}},"_links":{"self":[{"href":"https:\/\/lajunglebijoux.com\/es\/wp-json\/wp\/v2\/product\/8940","targetHints":{"allow":["GET"]}}],"collection":[{"href":"https:\/\/lajunglebijoux.com\/es\/wp-json\/wp\/v2\/product"}],"about":[{"href":"https:\/\/lajunglebijoux.com\/es\/wp-json\/wp\/v2\/types\/product"}],"replies":[{"embeddable":true,"href":"https:\/\/lajunglebijoux.com\/es\/wp-json\/wp\/v2\/comments?post=8940"}],"version-history":[{"count":0,"href":"https:\/\/lajunglebijoux.com\/es\/wp-json\/wp\/v2\/product\/8940\/revisions"}],"wp:featuredmedia":[{"embeddable":true,"href":"https:\/\/lajunglebijoux.com\/es\/wp-json\/wp\/v2\/media\/3972"}],"wp:attachment":[{"href":"https:\/\/lajunglebijoux.com\/es\/wp-json\/wp\/v2\/media?parent=8940"}],"wp:term":[{"taxonomy":"product_brand","embeddable":true,"href":"https:\/\/lajunglebijoux.com\/es\/wp-json\/wp\/v2\/product_brand?post=8940"},{"taxonomy":"product_cat","embeddable":true,"href":"https:\/\/lajunglebijoux.com\/es\/wp-json\/wp\/v2\/product_cat?post=8940"},{"taxonomy":"product_tag","embeddable":true,"href":"https:\/\/lajunglebijoux.com\/es\/wp-json\/wp\/v2\/product_tag?post=8940"}],"curies":[{"name":"wp","href":"https:\/\/api.w.org\/{rel}","templated":true}]}}