{"id":8934,"date":"2022-12-13T09:56:50","date_gmt":"2022-12-13T07:56:50","guid":{"rendered":"https:\/\/lajunglebijoux.com\/product\/bague-couronne-or\/"},"modified":"2024-08-24T13:03:12","modified_gmt":"2024-08-24T11:03:12","slug":"bague-couronne-or","status":"publish","type":"product","link":"https:\/\/lajunglebijoux.com\/es\/producto\/bague-couronne-or\/","title":{"rendered":"Anillo corona Souveraine de oro"},"content":{"rendered":"<h2>Unas palabras de Jen, dise\u00f1adora de La Jungle Bijoux<\/h2>\n<p>Imagin\u00e9 el anillo Souveraine como una peque\u00f1a diadema, una peque\u00f1a corona que simboliza el poder que cada mujer tiene sobre su vida. Las mujeres son soberanas de su propio reino. Tienen el poder de decidir lo que quieren introducir en su espacio vital. Al llevar el anillo de la corona, te invito a cultivar los valores que son importantes para ti&#8230; y nada ni nadie podr\u00e1 contaminar tu reino sin tu consentimiento. Reclama este poder llevando el anillo Soberano.<\/p>\n<h2>C\u00f3mo llevar el anillo corona de oro Souveraine<\/h2>\n<p>Puedes llevar el anillo corona de oro solo para un estilo minimalista. Tambi\u00e9n puede llevarlo combinado con otros anillos m\u00e1s sobrios para resaltarlo, o con joyas adornadas con piedras para realzarlo. Lo lleves como lo lleves, \u00a1har\u00e1 que tu look sea \u00fanico! Descubra el resto de la colecci\u00f3n You are magic aqu\u00ed.<\/p>\n","protected":false},"excerpt":{"rendered":"<p>\u00bfTe gustar\u00eda tomar las riendas del reino de tu vida con una bonita corona? El simbolismo del anillo corona de oro Souveraine le dar\u00e1 el impulso que necesita.<\/p>\n<p>Fabricado a mano en oro fino de 18 quilates de alta resistencia sobre una base de lat\u00f3n, el anillo Souveraine es un delgado anillo en forma de corona adornado con peque\u00f1as bolas.<\/p>\n<p>Gracias a su tama\u00f1o ajustable, el anillo corona es adecuado para todas las mujeres, \u00a1para despertar a la princesa o reina que hay en ti!<\/p>\n","protected":false},"featured_media":3984,"comment_status":"open","ping_status":"closed","template":"","meta":{"_acf_changed":false},"product_brand":[],"product_cat":[68],"product_tag":[480],"class_list":{"0":"post-8934","1":"product","2":"type-product","3":"status-publish","4":"has-post-thumbnail","6":"product_cat-you-are-magic-es","7":"product_tag-menos-de-50e","8":"pa_modele-anillos","9":"pa_theme-joyas-bienestar","11":"first","12":"instock","13":"sale","14":"shipping-taxable","15":"purchasable","16":"product-type-simple"},"acf":[],"gallery_images":[3986,3992,3988,3990,11559],"yoast_head":"<!-- This site is optimized with the Yoast SEO plugin v27.2 - https:\/\/yoast.com\/product\/yoast-seo-wordpress\/ -->\n<title>Anillo corona Souveraine de oro - La Jungle Bijoux<\/title>\n<meta name=\"description\" content=\"Despierte a la reina que lleva dentro con el anillo corona Souveraine, un anillo de oro fino para todas las mujeres que desean tomar las riendas de su vida.\" \/>\n<meta name=\"robots\" content=\"index, follow, max-snippet:-1, max-image-preview:large, max-video-preview:-1\" \/>\n<link rel=\"canonical\" href=\"https:\/\/lajunglebijoux.com\/es\/producto\/bague-couronne-or\/\" \/>\n<meta property=\"og:locale\" content=\"es_ES\" \/>\n<meta property=\"og:type\" content=\"article\" \/>\n<meta property=\"og:title\" content=\"Anillo corona Souveraine de oro - La Jungle Bijoux\" \/>\n<meta property=\"og:description\" content=\"Despierte a la reina que lleva dentro con el anillo corona Souveraine, un anillo de oro fino para todas las mujeres que desean tomar las riendas de su vida.\" \/>\n<meta property=\"og:url\" content=\"https:\/\/lajunglebijoux.com\/es\/producto\/bague-couronne-or\/\" \/>\n<meta property=\"og:site_name\" content=\"La Jungle Bijoux\" \/>\n<meta property=\"article:modified_time\" content=\"2024-08-24T11:03:12+00:00\" \/>\n<meta property=\"og:image\" content=\"https:\/\/lajunglebijoux.com\/wp-content\/uploads\/2022\/12\/IMG_20210924_145317-scaled.jpg\" \/>\n\t<meta property=\"og:image:width\" content=\"1920\" \/>\n\t<meta property=\"og:image:height\" content=\"2560\" \/>\n\t<meta property=\"og:image:type\" content=\"image\/jpeg\" \/>\n<meta name=\"twitter:card\" content=\"summary_large_image\" \/>\n<meta name=\"twitter:label1\" content=\"Tiempo de lectura\" \/>\n\t<meta name=\"twitter:data1\" content=\"1 minuto\" \/>\n<script type=\"application\/ld+json\" class=\"yoast-schema-graph\">{\"@context\":\"https:\/\/schema.org\",\"@graph\":[{\"@type\":\"WebPage\",\"@id\":\"https:\/\/lajunglebijoux.com\/es\/producto\/bague-couronne-or\/\",\"url\":\"https:\/\/lajunglebijoux.com\/es\/producto\/bague-couronne-or\/\",\"name\":\"Anillo corona Souveraine de oro - La Jungle Bijoux\",\"isPartOf\":{\"@id\":\"https:\/\/lajunglebijoux.com\/es\/#website\"},\"primaryImageOfPage\":{\"@id\":\"https:\/\/lajunglebijoux.com\/es\/producto\/bague-couronne-or\/#primaryimage\"},\"image\":{\"@id\":\"https:\/\/lajunglebijoux.com\/es\/producto\/bague-couronne-or\/#primaryimage\"},\"thumbnailUrl\":\"https:\/\/lajunglebijoux.com\/wp-content\/uploads\/2022\/12\/IMG_20210924_145317-scaled.jpg\",\"datePublished\":\"2022-12-13T07:56:50+00:00\",\"dateModified\":\"2024-08-24T11:03:12+00:00\",\"description\":\"Despierte a la reina que lleva dentro con el anillo corona Souveraine, un anillo de oro fino para todas las mujeres que desean tomar las riendas de su vida.\",\"breadcrumb\":{\"@id\":\"https:\/\/lajunglebijoux.com\/es\/producto\/bague-couronne-or\/#breadcrumb\"},\"inLanguage\":\"es\",\"potentialAction\":[{\"@type\":\"ReadAction\",\"target\":[\"https:\/\/lajunglebijoux.com\/es\/producto\/bague-couronne-or\/\"]}]},{\"@type\":\"ImageObject\",\"inLanguage\":\"es\",\"@id\":\"https:\/\/lajunglebijoux.com\/es\/producto\/bague-couronne-or\/#primaryimage\",\"url\":\"https:\/\/lajunglebijoux.com\/wp-content\/uploads\/2022\/12\/IMG_20210924_145317-scaled.jpg\",\"contentUrl\":\"https:\/\/lajunglebijoux.com\/wp-content\/uploads\/2022\/12\/IMG_20210924_145317-scaled.jpg\",\"width\":1920,\"height\":2560,\"caption\":\"bague couronne or\"},{\"@type\":\"BreadcrumbList\",\"@id\":\"https:\/\/lajunglebijoux.com\/es\/producto\/bague-couronne-or\/#breadcrumb\",\"itemListElement\":[{\"@type\":\"ListItem\",\"position\":1,\"name\":\"Portada\",\"item\":\"https:\/\/lajunglebijoux.com\/es\/\"},{\"@type\":\"ListItem\",\"position\":2,\"name\":\"Productos\",\"item\":\"https:\/\/lajunglebijoux.com\/es\/shop\/\"},{\"@type\":\"ListItem\",\"position\":3,\"name\":\"Anillo corona Souveraine de oro\"}]},{\"@type\":\"WebSite\",\"@id\":\"https:\/\/lajunglebijoux.com\/es\/#website\",\"url\":\"https:\/\/lajunglebijoux.com\/es\/\",\"name\":\"La Jungle Bijoux\",\"description\":\"\",\"publisher\":{\"@id\":\"https:\/\/lajunglebijoux.com\/es\/#organization\"},\"potentialAction\":[{\"@type\":\"SearchAction\",\"target\":{\"@type\":\"EntryPoint\",\"urlTemplate\":\"https:\/\/lajunglebijoux.com\/es\/?s={search_term_string}\"},\"query-input\":{\"@type\":\"PropertyValueSpecification\",\"valueRequired\":true,\"valueName\":\"search_term_string\"}}],\"inLanguage\":\"es\"},{\"@type\":\"Organization\",\"@id\":\"https:\/\/lajunglebijoux.com\/es\/#organization\",\"name\":\"La Jungle Bijoux\",\"url\":\"https:\/\/lajunglebijoux.com\/es\/\",\"logo\":{\"@type\":\"ImageObject\",\"inLanguage\":\"es\",\"@id\":\"https:\/\/lajunglebijoux.com\/es\/#\/schema\/logo\/image\/\",\"url\":\"https:\/\/lajunglebijoux.com\/wp-content\/uploads\/2023\/01\/LOGO-FINAL-Fonce.jpg\",\"contentUrl\":\"https:\/\/lajunglebijoux.com\/wp-content\/uploads\/2023\/01\/LOGO-FINAL-Fonce.jpg\",\"width\":900,\"height\":900,\"caption\":\"La Jungle Bijoux\"},\"image\":{\"@id\":\"https:\/\/lajunglebijoux.com\/es\/#\/schema\/logo\/image\/\"}}]}<\/script>\n<!-- \/ Yoast SEO plugin. -->","yoast_head_json":{"title":"Anillo corona Souveraine de oro - La Jungle Bijoux","description":"Despierte a la reina que lleva dentro con el anillo corona Souveraine, un anillo de oro fino para todas las mujeres que desean tomar las riendas de su vida.","robots":{"index":"index","follow":"follow","max-snippet":"max-snippet:-1","max-image-preview":"max-image-preview:large","max-video-preview":"max-video-preview:-1"},"canonical":"https:\/\/lajunglebijoux.com\/es\/producto\/bague-couronne-or\/","og_locale":"es_ES","og_type":"article","og_title":"Anillo corona Souveraine de oro - La Jungle Bijoux","og_description":"Despierte a la reina que lleva dentro con el anillo corona Souveraine, un anillo de oro fino para todas las mujeres que desean tomar las riendas de su vida.","og_url":"https:\/\/lajunglebijoux.com\/es\/producto\/bague-couronne-or\/","og_site_name":"La Jungle Bijoux","article_modified_time":"2024-08-24T11:03:12+00:00","og_image":[{"width":1920,"height":2560,"url":"https:\/\/lajunglebijoux.com\/wp-content\/uploads\/2022\/12\/IMG_20210924_145317-scaled.jpg","type":"image\/jpeg"}],"twitter_card":"summary_large_image","twitter_misc":{"Tiempo de lectura":"1 minuto"},"schema":{"@context":"https:\/\/schema.org","@graph":[{"@type":"WebPage","@id":"https:\/\/lajunglebijoux.com\/es\/producto\/bague-couronne-or\/","url":"https:\/\/lajunglebijoux.com\/es\/producto\/bague-couronne-or\/","name":"Anillo corona Souveraine de oro - La Jungle Bijoux","isPartOf":{"@id":"https:\/\/lajunglebijoux.com\/es\/#website"},"primaryImageOfPage":{"@id":"https:\/\/lajunglebijoux.com\/es\/producto\/bague-couronne-or\/#primaryimage"},"image":{"@id":"https:\/\/lajunglebijoux.com\/es\/producto\/bague-couronne-or\/#primaryimage"},"thumbnailUrl":"https:\/\/lajunglebijoux.com\/wp-content\/uploads\/2022\/12\/IMG_20210924_145317-scaled.jpg","datePublished":"2022-12-13T07:56:50+00:00","dateModified":"2024-08-24T11:03:12+00:00","description":"Despierte a la reina que lleva dentro con el anillo corona Souveraine, un anillo de oro fino para todas las mujeres que desean tomar las riendas de su vida.","breadcrumb":{"@id":"https:\/\/lajunglebijoux.com\/es\/producto\/bague-couronne-or\/#breadcrumb"},"inLanguage":"es","potentialAction":[{"@type":"ReadAction","target":["https:\/\/lajunglebijoux.com\/es\/producto\/bague-couronne-or\/"]}]},{"@type":"ImageObject","inLanguage":"es","@id":"https:\/\/lajunglebijoux.com\/es\/producto\/bague-couronne-or\/#primaryimage","url":"https:\/\/lajunglebijoux.com\/wp-content\/uploads\/2022\/12\/IMG_20210924_145317-scaled.jpg","contentUrl":"https:\/\/lajunglebijoux.com\/wp-content\/uploads\/2022\/12\/IMG_20210924_145317-scaled.jpg","width":1920,"height":2560,"caption":"bague couronne or"},{"@type":"BreadcrumbList","@id":"https:\/\/lajunglebijoux.com\/es\/producto\/bague-couronne-or\/#breadcrumb","itemListElement":[{"@type":"ListItem","position":1,"name":"Portada","item":"https:\/\/lajunglebijoux.com\/es\/"},{"@type":"ListItem","position":2,"name":"Productos","item":"https:\/\/lajunglebijoux.com\/es\/shop\/"},{"@type":"ListItem","position":3,"name":"Anillo corona Souveraine de oro"}]},{"@type":"WebSite","@id":"https:\/\/lajunglebijoux.com\/es\/#website","url":"https:\/\/lajunglebijoux.com\/es\/","name":"La Jungle Bijoux","description":"","publisher":{"@id":"https:\/\/lajunglebijoux.com\/es\/#organization"},"potentialAction":[{"@type":"SearchAction","target":{"@type":"EntryPoint","urlTemplate":"https:\/\/lajunglebijoux.com\/es\/?s={search_term_string}"},"query-input":{"@type":"PropertyValueSpecification","valueRequired":true,"valueName":"search_term_string"}}],"inLanguage":"es"},{"@type":"Organization","@id":"https:\/\/lajunglebijoux.com\/es\/#organization","name":"La Jungle Bijoux","url":"https:\/\/lajunglebijoux.com\/es\/","logo":{"@type":"ImageObject","inLanguage":"es","@id":"https:\/\/lajunglebijoux.com\/es\/#\/schema\/logo\/image\/","url":"https:\/\/lajunglebijoux.com\/wp-content\/uploads\/2023\/01\/LOGO-FINAL-Fonce.jpg","contentUrl":"https:\/\/lajunglebijoux.com\/wp-content\/uploads\/2023\/01\/LOGO-FINAL-Fonce.jpg","width":900,"height":900,"caption":"La Jungle Bijoux"},"image":{"@id":"https:\/\/lajunglebijoux.com\/es\/#\/schema\/logo\/image\/"}}]}},"_links":{"self":[{"href":"https:\/\/lajunglebijoux.com\/es\/wp-json\/wp\/v2\/product\/8934","targetHints":{"allow":["GET"]}}],"collection":[{"href":"https:\/\/lajunglebijoux.com\/es\/wp-json\/wp\/v2\/product"}],"about":[{"href":"https:\/\/lajunglebijoux.com\/es\/wp-json\/wp\/v2\/types\/product"}],"replies":[{"embeddable":true,"href":"https:\/\/lajunglebijoux.com\/es\/wp-json\/wp\/v2\/comments?post=8934"}],"version-history":[{"count":0,"href":"https:\/\/lajunglebijoux.com\/es\/wp-json\/wp\/v2\/product\/8934\/revisions"}],"wp:featuredmedia":[{"embeddable":true,"href":"https:\/\/lajunglebijoux.com\/es\/wp-json\/wp\/v2\/media\/3984"}],"wp:attachment":[{"href":"https:\/\/lajunglebijoux.com\/es\/wp-json\/wp\/v2\/media?parent=8934"}],"wp:term":[{"taxonomy":"product_brand","embeddable":true,"href":"https:\/\/lajunglebijoux.com\/es\/wp-json\/wp\/v2\/product_brand?post=8934"},{"taxonomy":"product_cat","embeddable":true,"href":"https:\/\/lajunglebijoux.com\/es\/wp-json\/wp\/v2\/product_cat?post=8934"},{"taxonomy":"product_tag","embeddable":true,"href":"https:\/\/lajunglebijoux.com\/es\/wp-json\/wp\/v2\/product_tag?post=8934"}],"curies":[{"name":"wp","href":"https:\/\/api.w.org\/{rel}","templated":true}]}}