{"id":8928,"date":"2023-02-02T10:04:55","date_gmt":"2023-02-02T08:04:55","guid":{"rendered":"https:\/\/lajunglebijoux.com\/product\/positivite-collier-amethyste\/"},"modified":"2024-08-24T13:03:35","modified_gmt":"2024-08-24T11:03:35","slug":"positivite-collier-amethyste","status":"publish","type":"product","link":"https:\/\/lajunglebijoux.com\/es\/producto\/positivite-collier-amethyste\/","title":{"rendered":"POSITIVIDAD &#8211; collar de amatistas"},"content":{"rendered":"","protected":false},"excerpt":{"rendered":"<p>Oro fino de 24 quilates de alta resistencia sobre base de lat\u00f3n.<\/p>\n<p>Cadena formada por varios corazones + alargador que permite ajustar el tama\u00f1o del collar.<\/p>\n<p>Pintura dorada metalizada alrededor de la piedra.<\/p>\n<p>La amatista ayuda a crear y a centrarse en lo esencial. Nos permite vivir bien el momento presente. Relaja, calma y tranquiliza la mente, dirigiendo los pensamientos y las emociones hacia una mayor positividad.<\/p>\n<p>La amatista es una piedra natural, por lo que aunque se tallen con dimensiones similares, todas son \u00fanicas con sus propias particularidades. Por lo tanto, la que reciba seguramente diferir\u00e1 de la de la foto. En mi opini\u00f3n, esto es lo que hace que la naturaleza sea tan bella. Gracias por su comprensi\u00f3n.<\/p>\n<p>Al igual que con todas las joyas de esta colecci\u00f3n, he querido explicarle mi proceso creativo, pero, por supuesto, debe quedarse s\u00f3lo con lo que le hable, y si se trata s\u00f3lo del dise\u00f1o de la joya, tambi\u00e9n est\u00e1 bien.<\/p>\n","protected":false},"featured_media":5582,"comment_status":"open","ping_status":"closed","template":"","meta":{"_acf_changed":false},"product_brand":[],"product_cat":[68],"product_tag":[480],"class_list":{"0":"post-8928","1":"product","2":"type-product","3":"status-publish","4":"has-post-thumbnail","6":"product_cat-you-are-magic-es","7":"product_tag-menos-de-50e","8":"pa_modele-collares","9":"pa_theme-joyas-bienestar","10":"pa_theme-joyas-amor","11":"pa_theme-piedras-litoterapia","13":"first","14":"outofstock","15":"shipping-taxable","16":"purchasable","17":"product-type-simple"},"acf":[],"gallery_images":[5583,5579,5577,5585,5587,5589],"yoast_head":"<!-- This site is optimized with the Yoast SEO plugin v27.2 - https:\/\/yoast.com\/product\/yoast-seo-wordpress\/ -->\n<title>POSITIVIDAD - collar de amatistas - La Jungle Bijoux<\/title>\n<meta name=\"description\" content=\"A\u00f1ade un toque de positividad con el collar de amatista de piedra natural y cadena de coraz\u00f3n de oro. Oro fino de 18 quilates de alta resistencia sobre base de lat\u00f3n.\" \/>\n<meta name=\"robots\" content=\"index, follow, max-snippet:-1, max-image-preview:large, max-video-preview:-1\" \/>\n<link rel=\"canonical\" href=\"https:\/\/lajunglebijoux.com\/es\/producto\/positivite-collier-amethyste\/\" \/>\n<meta property=\"og:locale\" content=\"es_ES\" \/>\n<meta property=\"og:type\" content=\"article\" \/>\n<meta property=\"og:title\" content=\"POSITIVIDAD - collar de amatistas - La Jungle Bijoux\" \/>\n<meta property=\"og:description\" content=\"A\u00f1ade un toque de positividad con el collar de amatista de piedra natural y cadena de coraz\u00f3n de oro. Oro fino de 18 quilates de alta resistencia sobre base de lat\u00f3n.\" \/>\n<meta property=\"og:url\" content=\"https:\/\/lajunglebijoux.com\/es\/producto\/positivite-collier-amethyste\/\" \/>\n<meta property=\"og:site_name\" content=\"La Jungle Bijoux\" \/>\n<meta property=\"article:modified_time\" content=\"2024-08-24T11:03:35+00:00\" \/>\n<meta property=\"og:image\" content=\"https:\/\/lajunglebijoux.com\/wp-content\/uploads\/2023\/02\/IMG_20210924_141109-scaled.jpg\" \/>\n\t<meta property=\"og:image:width\" content=\"1920\" \/>\n\t<meta property=\"og:image:height\" content=\"2560\" \/>\n\t<meta property=\"og:image:type\" content=\"image\/jpeg\" \/>\n<meta name=\"twitter:card\" content=\"summary_large_image\" \/>\n<script type=\"application\/ld+json\" class=\"yoast-schema-graph\">{\"@context\":\"https:\/\/schema.org\",\"@graph\":[{\"@type\":\"WebPage\",\"@id\":\"https:\/\/lajunglebijoux.com\/es\/producto\/positivite-collier-amethyste\/\",\"url\":\"https:\/\/lajunglebijoux.com\/es\/producto\/positivite-collier-amethyste\/\",\"name\":\"POSITIVIDAD - collar de amatistas - La Jungle Bijoux\",\"isPartOf\":{\"@id\":\"https:\/\/lajunglebijoux.com\/es\/#website\"},\"primaryImageOfPage\":{\"@id\":\"https:\/\/lajunglebijoux.com\/es\/producto\/positivite-collier-amethyste\/#primaryimage\"},\"image\":{\"@id\":\"https:\/\/lajunglebijoux.com\/es\/producto\/positivite-collier-amethyste\/#primaryimage\"},\"thumbnailUrl\":\"https:\/\/lajunglebijoux.com\/wp-content\/uploads\/2023\/02\/IMG_20210924_141109-scaled.jpg\",\"datePublished\":\"2023-02-02T08:04:55+00:00\",\"dateModified\":\"2024-08-24T11:03:35+00:00\",\"description\":\"A\u00f1ade un toque de positividad con el collar de amatista de piedra natural y cadena de coraz\u00f3n de oro. Oro fino de 18 quilates de alta resistencia sobre base de lat\u00f3n.\",\"breadcrumb\":{\"@id\":\"https:\/\/lajunglebijoux.com\/es\/producto\/positivite-collier-amethyste\/#breadcrumb\"},\"inLanguage\":\"es\",\"potentialAction\":[{\"@type\":\"ReadAction\",\"target\":[\"https:\/\/lajunglebijoux.com\/es\/producto\/positivite-collier-amethyste\/\"]}]},{\"@type\":\"ImageObject\",\"inLanguage\":\"es\",\"@id\":\"https:\/\/lajunglebijoux.com\/es\/producto\/positivite-collier-amethyste\/#primaryimage\",\"url\":\"https:\/\/lajunglebijoux.com\/wp-content\/uploads\/2023\/02\/IMG_20210924_141109-scaled.jpg\",\"contentUrl\":\"https:\/\/lajunglebijoux.com\/wp-content\/uploads\/2023\/02\/IMG_20210924_141109-scaled.jpg\",\"width\":1920,\"height\":2560,\"caption\":\"collier am\u00e9thyste positivit\u00e9\"},{\"@type\":\"BreadcrumbList\",\"@id\":\"https:\/\/lajunglebijoux.com\/es\/producto\/positivite-collier-amethyste\/#breadcrumb\",\"itemListElement\":[{\"@type\":\"ListItem\",\"position\":1,\"name\":\"Portada\",\"item\":\"https:\/\/lajunglebijoux.com\/es\/\"},{\"@type\":\"ListItem\",\"position\":2,\"name\":\"Productos\",\"item\":\"https:\/\/lajunglebijoux.com\/es\/shop\/\"},{\"@type\":\"ListItem\",\"position\":3,\"name\":\"POSITIVIDAD &#8211; collar de amatistas\"}]},{\"@type\":\"WebSite\",\"@id\":\"https:\/\/lajunglebijoux.com\/es\/#website\",\"url\":\"https:\/\/lajunglebijoux.com\/es\/\",\"name\":\"La Jungle Bijoux\",\"description\":\"\",\"publisher\":{\"@id\":\"https:\/\/lajunglebijoux.com\/es\/#organization\"},\"potentialAction\":[{\"@type\":\"SearchAction\",\"target\":{\"@type\":\"EntryPoint\",\"urlTemplate\":\"https:\/\/lajunglebijoux.com\/es\/?s={search_term_string}\"},\"query-input\":{\"@type\":\"PropertyValueSpecification\",\"valueRequired\":true,\"valueName\":\"search_term_string\"}}],\"inLanguage\":\"es\"},{\"@type\":\"Organization\",\"@id\":\"https:\/\/lajunglebijoux.com\/es\/#organization\",\"name\":\"La Jungle Bijoux\",\"url\":\"https:\/\/lajunglebijoux.com\/es\/\",\"logo\":{\"@type\":\"ImageObject\",\"inLanguage\":\"es\",\"@id\":\"https:\/\/lajunglebijoux.com\/es\/#\/schema\/logo\/image\/\",\"url\":\"https:\/\/lajunglebijoux.com\/wp-content\/uploads\/2023\/01\/LOGO-FINAL-Fonce.jpg\",\"contentUrl\":\"https:\/\/lajunglebijoux.com\/wp-content\/uploads\/2023\/01\/LOGO-FINAL-Fonce.jpg\",\"width\":900,\"height\":900,\"caption\":\"La Jungle Bijoux\"},\"image\":{\"@id\":\"https:\/\/lajunglebijoux.com\/es\/#\/schema\/logo\/image\/\"}}]}<\/script>\n<!-- \/ Yoast SEO plugin. -->","yoast_head_json":{"title":"POSITIVIDAD - collar de amatistas - La Jungle Bijoux","description":"A\u00f1ade un toque de positividad con el collar de amatista de piedra natural y cadena de coraz\u00f3n de oro. Oro fino de 18 quilates de alta resistencia sobre base de lat\u00f3n.","robots":{"index":"index","follow":"follow","max-snippet":"max-snippet:-1","max-image-preview":"max-image-preview:large","max-video-preview":"max-video-preview:-1"},"canonical":"https:\/\/lajunglebijoux.com\/es\/producto\/positivite-collier-amethyste\/","og_locale":"es_ES","og_type":"article","og_title":"POSITIVIDAD - collar de amatistas - La Jungle Bijoux","og_description":"A\u00f1ade un toque de positividad con el collar de amatista de piedra natural y cadena de coraz\u00f3n de oro. Oro fino de 18 quilates de alta resistencia sobre base de lat\u00f3n.","og_url":"https:\/\/lajunglebijoux.com\/es\/producto\/positivite-collier-amethyste\/","og_site_name":"La Jungle Bijoux","article_modified_time":"2024-08-24T11:03:35+00:00","og_image":[{"width":1920,"height":2560,"url":"https:\/\/lajunglebijoux.com\/wp-content\/uploads\/2023\/02\/IMG_20210924_141109-scaled.jpg","type":"image\/jpeg"}],"twitter_card":"summary_large_image","schema":{"@context":"https:\/\/schema.org","@graph":[{"@type":"WebPage","@id":"https:\/\/lajunglebijoux.com\/es\/producto\/positivite-collier-amethyste\/","url":"https:\/\/lajunglebijoux.com\/es\/producto\/positivite-collier-amethyste\/","name":"POSITIVIDAD - collar de amatistas - La Jungle Bijoux","isPartOf":{"@id":"https:\/\/lajunglebijoux.com\/es\/#website"},"primaryImageOfPage":{"@id":"https:\/\/lajunglebijoux.com\/es\/producto\/positivite-collier-amethyste\/#primaryimage"},"image":{"@id":"https:\/\/lajunglebijoux.com\/es\/producto\/positivite-collier-amethyste\/#primaryimage"},"thumbnailUrl":"https:\/\/lajunglebijoux.com\/wp-content\/uploads\/2023\/02\/IMG_20210924_141109-scaled.jpg","datePublished":"2023-02-02T08:04:55+00:00","dateModified":"2024-08-24T11:03:35+00:00","description":"A\u00f1ade un toque de positividad con el collar de amatista de piedra natural y cadena de coraz\u00f3n de oro. Oro fino de 18 quilates de alta resistencia sobre base de lat\u00f3n.","breadcrumb":{"@id":"https:\/\/lajunglebijoux.com\/es\/producto\/positivite-collier-amethyste\/#breadcrumb"},"inLanguage":"es","potentialAction":[{"@type":"ReadAction","target":["https:\/\/lajunglebijoux.com\/es\/producto\/positivite-collier-amethyste\/"]}]},{"@type":"ImageObject","inLanguage":"es","@id":"https:\/\/lajunglebijoux.com\/es\/producto\/positivite-collier-amethyste\/#primaryimage","url":"https:\/\/lajunglebijoux.com\/wp-content\/uploads\/2023\/02\/IMG_20210924_141109-scaled.jpg","contentUrl":"https:\/\/lajunglebijoux.com\/wp-content\/uploads\/2023\/02\/IMG_20210924_141109-scaled.jpg","width":1920,"height":2560,"caption":"collier am\u00e9thyste positivit\u00e9"},{"@type":"BreadcrumbList","@id":"https:\/\/lajunglebijoux.com\/es\/producto\/positivite-collier-amethyste\/#breadcrumb","itemListElement":[{"@type":"ListItem","position":1,"name":"Portada","item":"https:\/\/lajunglebijoux.com\/es\/"},{"@type":"ListItem","position":2,"name":"Productos","item":"https:\/\/lajunglebijoux.com\/es\/shop\/"},{"@type":"ListItem","position":3,"name":"POSITIVIDAD &#8211; collar de amatistas"}]},{"@type":"WebSite","@id":"https:\/\/lajunglebijoux.com\/es\/#website","url":"https:\/\/lajunglebijoux.com\/es\/","name":"La Jungle Bijoux","description":"","publisher":{"@id":"https:\/\/lajunglebijoux.com\/es\/#organization"},"potentialAction":[{"@type":"SearchAction","target":{"@type":"EntryPoint","urlTemplate":"https:\/\/lajunglebijoux.com\/es\/?s={search_term_string}"},"query-input":{"@type":"PropertyValueSpecification","valueRequired":true,"valueName":"search_term_string"}}],"inLanguage":"es"},{"@type":"Organization","@id":"https:\/\/lajunglebijoux.com\/es\/#organization","name":"La Jungle Bijoux","url":"https:\/\/lajunglebijoux.com\/es\/","logo":{"@type":"ImageObject","inLanguage":"es","@id":"https:\/\/lajunglebijoux.com\/es\/#\/schema\/logo\/image\/","url":"https:\/\/lajunglebijoux.com\/wp-content\/uploads\/2023\/01\/LOGO-FINAL-Fonce.jpg","contentUrl":"https:\/\/lajunglebijoux.com\/wp-content\/uploads\/2023\/01\/LOGO-FINAL-Fonce.jpg","width":900,"height":900,"caption":"La Jungle Bijoux"},"image":{"@id":"https:\/\/lajunglebijoux.com\/es\/#\/schema\/logo\/image\/"}}]}},"_links":{"self":[{"href":"https:\/\/lajunglebijoux.com\/es\/wp-json\/wp\/v2\/product\/8928","targetHints":{"allow":["GET"]}}],"collection":[{"href":"https:\/\/lajunglebijoux.com\/es\/wp-json\/wp\/v2\/product"}],"about":[{"href":"https:\/\/lajunglebijoux.com\/es\/wp-json\/wp\/v2\/types\/product"}],"replies":[{"embeddable":true,"href":"https:\/\/lajunglebijoux.com\/es\/wp-json\/wp\/v2\/comments?post=8928"}],"version-history":[{"count":0,"href":"https:\/\/lajunglebijoux.com\/es\/wp-json\/wp\/v2\/product\/8928\/revisions"}],"wp:featuredmedia":[{"embeddable":true,"href":"https:\/\/lajunglebijoux.com\/es\/wp-json\/wp\/v2\/media\/5582"}],"wp:attachment":[{"href":"https:\/\/lajunglebijoux.com\/es\/wp-json\/wp\/v2\/media?parent=8928"}],"wp:term":[{"taxonomy":"product_brand","embeddable":true,"href":"https:\/\/lajunglebijoux.com\/es\/wp-json\/wp\/v2\/product_brand?post=8928"},{"taxonomy":"product_cat","embeddable":true,"href":"https:\/\/lajunglebijoux.com\/es\/wp-json\/wp\/v2\/product_cat?post=8928"},{"taxonomy":"product_tag","embeddable":true,"href":"https:\/\/lajunglebijoux.com\/es\/wp-json\/wp\/v2\/product_tag?post=8928"}],"curies":[{"name":"wp","href":"https:\/\/api.w.org\/{rel}","templated":true}]}}