{"id":8921,"date":"2023-02-14T17:36:49","date_gmt":"2023-02-14T15:36:49","guid":{"rendered":"https:\/\/lajunglebijoux.com\/product\/collier-cristal-roche-confiance\/"},"modified":"2024-08-24T13:06:40","modified_gmt":"2024-08-24T11:06:40","slug":"collar-saturno-cristal","status":"publish","type":"product","link":"https:\/\/lajunglebijoux.com\/es\/producto\/collar-saturno-cristal\/","title":{"rendered":"CONFIANZA &#8211; collar saturno cristal de roca"},"content":{"rendered":"","protected":false},"excerpt":{"rendered":"<p>Oro fino de 24 quilates sobre base de lat\u00f3n.<\/p>\n<p>Longitud ajustable con cadena de extensi\u00f3n de 5 cm.<\/p>\n<p>Fabricado por encargo, se env\u00eda en un plazo m\u00e1ximo de 2 semanas a partir de la fecha del pedido.<\/p>\n<p>Tarjeta postal gratuita en papel reciclado de alta calidad.<\/p>\n<p>El cristal de roca es una piedra que favorece la meditaci\u00f3n, descansa la mente, calma el esp\u00edritu y fomenta la concentraci\u00f3n.<\/p>\n<p>Las vibraciones del Cristal de Roca aumentan la confianza en uno mismo y la intuici\u00f3n. Ayuda a canalizar las ideas y favorece la escucha y la apertura de esp\u00edritu.<\/p>\n<p>Piedra armoniosa y antiestr\u00e9s, el Cristal de Roca captura las energ\u00edas negativas para dejar paso a la armon\u00eda. A nivel espiritual, ayuda a romper los bloqueos energ\u00e9ticos y emocionales. Tambi\u00e9n amplificar\u00e1 las percepciones espirituales y las sensibilidades de otro mundo.<\/p>\n<p>He incluido a Saturno en esta joya porque este planeta puede considerarse el pegamento que mantiene unida una vida. Ayuda a vincular las distintas etapas de nuestra existencia, permiti\u00e9ndonos tomar distancia y aceptar las situaciones con mayor facilidad. Aporta fluidez y sabidur\u00eda a cada micro cambio o decisi\u00f3n. De este modo, puede ser muy tranquilizador y reconfortante.<\/p>\n<p>Como con todas las joyas de esta colecci\u00f3n, he querido explicarte mi enfoque creativo, pero, por supuesto, s\u00f3lo puedes quedarte con lo que te habla, y si es s\u00f3lo el dise\u00f1o de la joya, tambi\u00e9n est\u00e1 bien.<\/p>\n","protected":false},"featured_media":5891,"comment_status":"open","ping_status":"closed","template":"","meta":{"_acf_changed":false},"product_brand":[],"product_cat":[68],"product_tag":[478],"class_list":{"0":"post-8921","1":"product","2":"type-product","3":"status-publish","4":"has-post-thumbnail","6":"product_cat-you-are-magic-es","7":"product_tag-51e-a-100e","8":"pa_modele-collares","9":"pa_theme-joyas-astral-tarot","10":"pa_theme-piedras-litoterapia","12":"first","13":"instock","14":"shipping-taxable","15":"purchasable","16":"product-type-simple"},"acf":[],"gallery_images":[5895,5889,5887,5893,5899,5897,5901],"yoast_head":"<!-- This site is optimized with the Yoast SEO plugin v27.2 - https:\/\/yoast.com\/product\/yoast-seo-wordpress\/ -->\n<title>CONFIANZA - collar saturno cristal de roca - La Jungle Bijoux<\/title>\n<meta name=\"description\" content=\"Confiance es un collar con un aut\u00e9ntico cristal de roca, montado bajo un motivo de Saturno. Collar talism\u00e1n hecho a mano. Existencias limitadas.\" \/>\n<meta name=\"robots\" content=\"index, follow, max-snippet:-1, max-image-preview:large, max-video-preview:-1\" \/>\n<link rel=\"canonical\" href=\"https:\/\/lajunglebijoux.com\/es\/producto\/collar-saturno-cristal\/\" \/>\n<meta property=\"og:locale\" content=\"es_ES\" \/>\n<meta property=\"og:type\" content=\"article\" \/>\n<meta property=\"og:title\" content=\"CONFIANZA - collar saturno cristal de roca - La Jungle Bijoux\" \/>\n<meta property=\"og:description\" content=\"Confiance es un collar con un aut\u00e9ntico cristal de roca, montado bajo un motivo de Saturno. Collar talism\u00e1n hecho a mano. Existencias limitadas.\" \/>\n<meta property=\"og:url\" content=\"https:\/\/lajunglebijoux.com\/es\/producto\/collar-saturno-cristal\/\" \/>\n<meta property=\"og:site_name\" content=\"La Jungle Bijoux\" \/>\n<meta property=\"article:modified_time\" content=\"2024-08-24T11:06:40+00:00\" \/>\n<meta property=\"og:image\" content=\"https:\/\/lajunglebijoux.com\/wp-content\/uploads\/2023\/02\/IMG_20211130_131054-scaled.jpg\" \/>\n\t<meta property=\"og:image:width\" content=\"2560\" \/>\n\t<meta property=\"og:image:height\" content=\"2491\" \/>\n\t<meta property=\"og:image:type\" content=\"image\/jpeg\" \/>\n<meta name=\"twitter:card\" content=\"summary_large_image\" \/>\n<script type=\"application\/ld+json\" class=\"yoast-schema-graph\">{\"@context\":\"https:\/\/schema.org\",\"@graph\":[{\"@type\":\"WebPage\",\"@id\":\"https:\/\/lajunglebijoux.com\/es\/producto\/collar-saturno-cristal\/\",\"url\":\"https:\/\/lajunglebijoux.com\/es\/producto\/collar-saturno-cristal\/\",\"name\":\"CONFIANZA - collar saturno cristal de roca - La Jungle Bijoux\",\"isPartOf\":{\"@id\":\"https:\/\/lajunglebijoux.com\/es\/#website\"},\"primaryImageOfPage\":{\"@id\":\"https:\/\/lajunglebijoux.com\/es\/producto\/collar-saturno-cristal\/#primaryimage\"},\"image\":{\"@id\":\"https:\/\/lajunglebijoux.com\/es\/producto\/collar-saturno-cristal\/#primaryimage\"},\"thumbnailUrl\":\"https:\/\/lajunglebijoux.com\/wp-content\/uploads\/2023\/02\/IMG_20211130_131054-scaled.jpg\",\"datePublished\":\"2023-02-14T15:36:49+00:00\",\"dateModified\":\"2024-08-24T11:06:40+00:00\",\"description\":\"Confiance es un collar con un aut\u00e9ntico cristal de roca, montado bajo un motivo de Saturno. Collar talism\u00e1n hecho a mano. Existencias limitadas.\",\"breadcrumb\":{\"@id\":\"https:\/\/lajunglebijoux.com\/es\/producto\/collar-saturno-cristal\/#breadcrumb\"},\"inLanguage\":\"es\",\"potentialAction\":[{\"@type\":\"ReadAction\",\"target\":[\"https:\/\/lajunglebijoux.com\/es\/producto\/collar-saturno-cristal\/\"]}]},{\"@type\":\"ImageObject\",\"inLanguage\":\"es\",\"@id\":\"https:\/\/lajunglebijoux.com\/es\/producto\/collar-saturno-cristal\/#primaryimage\",\"url\":\"https:\/\/lajunglebijoux.com\/wp-content\/uploads\/2023\/02\/IMG_20211130_131054-scaled.jpg\",\"contentUrl\":\"https:\/\/lajunglebijoux.com\/wp-content\/uploads\/2023\/02\/IMG_20211130_131054-scaled.jpg\",\"width\":2560,\"height\":2491,\"caption\":\"collier cristal de roche\"},{\"@type\":\"BreadcrumbList\",\"@id\":\"https:\/\/lajunglebijoux.com\/es\/producto\/collar-saturno-cristal\/#breadcrumb\",\"itemListElement\":[{\"@type\":\"ListItem\",\"position\":1,\"name\":\"Portada\",\"item\":\"https:\/\/lajunglebijoux.com\/es\/\"},{\"@type\":\"ListItem\",\"position\":2,\"name\":\"Productos\",\"item\":\"https:\/\/lajunglebijoux.com\/es\/shop\/\"},{\"@type\":\"ListItem\",\"position\":3,\"name\":\"CONFIANZA &#8211; collar saturno cristal de roca\"}]},{\"@type\":\"WebSite\",\"@id\":\"https:\/\/lajunglebijoux.com\/es\/#website\",\"url\":\"https:\/\/lajunglebijoux.com\/es\/\",\"name\":\"La Jungle Bijoux\",\"description\":\"\",\"publisher\":{\"@id\":\"https:\/\/lajunglebijoux.com\/es\/#organization\"},\"potentialAction\":[{\"@type\":\"SearchAction\",\"target\":{\"@type\":\"EntryPoint\",\"urlTemplate\":\"https:\/\/lajunglebijoux.com\/es\/?s={search_term_string}\"},\"query-input\":{\"@type\":\"PropertyValueSpecification\",\"valueRequired\":true,\"valueName\":\"search_term_string\"}}],\"inLanguage\":\"es\"},{\"@type\":\"Organization\",\"@id\":\"https:\/\/lajunglebijoux.com\/es\/#organization\",\"name\":\"La Jungle Bijoux\",\"url\":\"https:\/\/lajunglebijoux.com\/es\/\",\"logo\":{\"@type\":\"ImageObject\",\"inLanguage\":\"es\",\"@id\":\"https:\/\/lajunglebijoux.com\/es\/#\/schema\/logo\/image\/\",\"url\":\"https:\/\/lajunglebijoux.com\/wp-content\/uploads\/2023\/01\/LOGO-FINAL-Fonce.jpg\",\"contentUrl\":\"https:\/\/lajunglebijoux.com\/wp-content\/uploads\/2023\/01\/LOGO-FINAL-Fonce.jpg\",\"width\":900,\"height\":900,\"caption\":\"La Jungle Bijoux\"},\"image\":{\"@id\":\"https:\/\/lajunglebijoux.com\/es\/#\/schema\/logo\/image\/\"}}]}<\/script>\n<!-- \/ Yoast SEO plugin. -->","yoast_head_json":{"title":"CONFIANZA - collar saturno cristal de roca - La Jungle Bijoux","description":"Confiance es un collar con un aut\u00e9ntico cristal de roca, montado bajo un motivo de Saturno. Collar talism\u00e1n hecho a mano. Existencias limitadas.","robots":{"index":"index","follow":"follow","max-snippet":"max-snippet:-1","max-image-preview":"max-image-preview:large","max-video-preview":"max-video-preview:-1"},"canonical":"https:\/\/lajunglebijoux.com\/es\/producto\/collar-saturno-cristal\/","og_locale":"es_ES","og_type":"article","og_title":"CONFIANZA - collar saturno cristal de roca - La Jungle Bijoux","og_description":"Confiance es un collar con un aut\u00e9ntico cristal de roca, montado bajo un motivo de Saturno. Collar talism\u00e1n hecho a mano. Existencias limitadas.","og_url":"https:\/\/lajunglebijoux.com\/es\/producto\/collar-saturno-cristal\/","og_site_name":"La Jungle Bijoux","article_modified_time":"2024-08-24T11:06:40+00:00","og_image":[{"width":2560,"height":2491,"url":"https:\/\/lajunglebijoux.com\/wp-content\/uploads\/2023\/02\/IMG_20211130_131054-scaled.jpg","type":"image\/jpeg"}],"twitter_card":"summary_large_image","schema":{"@context":"https:\/\/schema.org","@graph":[{"@type":"WebPage","@id":"https:\/\/lajunglebijoux.com\/es\/producto\/collar-saturno-cristal\/","url":"https:\/\/lajunglebijoux.com\/es\/producto\/collar-saturno-cristal\/","name":"CONFIANZA - collar saturno cristal de roca - La Jungle Bijoux","isPartOf":{"@id":"https:\/\/lajunglebijoux.com\/es\/#website"},"primaryImageOfPage":{"@id":"https:\/\/lajunglebijoux.com\/es\/producto\/collar-saturno-cristal\/#primaryimage"},"image":{"@id":"https:\/\/lajunglebijoux.com\/es\/producto\/collar-saturno-cristal\/#primaryimage"},"thumbnailUrl":"https:\/\/lajunglebijoux.com\/wp-content\/uploads\/2023\/02\/IMG_20211130_131054-scaled.jpg","datePublished":"2023-02-14T15:36:49+00:00","dateModified":"2024-08-24T11:06:40+00:00","description":"Confiance es un collar con un aut\u00e9ntico cristal de roca, montado bajo un motivo de Saturno. Collar talism\u00e1n hecho a mano. Existencias limitadas.","breadcrumb":{"@id":"https:\/\/lajunglebijoux.com\/es\/producto\/collar-saturno-cristal\/#breadcrumb"},"inLanguage":"es","potentialAction":[{"@type":"ReadAction","target":["https:\/\/lajunglebijoux.com\/es\/producto\/collar-saturno-cristal\/"]}]},{"@type":"ImageObject","inLanguage":"es","@id":"https:\/\/lajunglebijoux.com\/es\/producto\/collar-saturno-cristal\/#primaryimage","url":"https:\/\/lajunglebijoux.com\/wp-content\/uploads\/2023\/02\/IMG_20211130_131054-scaled.jpg","contentUrl":"https:\/\/lajunglebijoux.com\/wp-content\/uploads\/2023\/02\/IMG_20211130_131054-scaled.jpg","width":2560,"height":2491,"caption":"collier cristal de roche"},{"@type":"BreadcrumbList","@id":"https:\/\/lajunglebijoux.com\/es\/producto\/collar-saturno-cristal\/#breadcrumb","itemListElement":[{"@type":"ListItem","position":1,"name":"Portada","item":"https:\/\/lajunglebijoux.com\/es\/"},{"@type":"ListItem","position":2,"name":"Productos","item":"https:\/\/lajunglebijoux.com\/es\/shop\/"},{"@type":"ListItem","position":3,"name":"CONFIANZA &#8211; collar saturno cristal de roca"}]},{"@type":"WebSite","@id":"https:\/\/lajunglebijoux.com\/es\/#website","url":"https:\/\/lajunglebijoux.com\/es\/","name":"La Jungle Bijoux","description":"","publisher":{"@id":"https:\/\/lajunglebijoux.com\/es\/#organization"},"potentialAction":[{"@type":"SearchAction","target":{"@type":"EntryPoint","urlTemplate":"https:\/\/lajunglebijoux.com\/es\/?s={search_term_string}"},"query-input":{"@type":"PropertyValueSpecification","valueRequired":true,"valueName":"search_term_string"}}],"inLanguage":"es"},{"@type":"Organization","@id":"https:\/\/lajunglebijoux.com\/es\/#organization","name":"La Jungle Bijoux","url":"https:\/\/lajunglebijoux.com\/es\/","logo":{"@type":"ImageObject","inLanguage":"es","@id":"https:\/\/lajunglebijoux.com\/es\/#\/schema\/logo\/image\/","url":"https:\/\/lajunglebijoux.com\/wp-content\/uploads\/2023\/01\/LOGO-FINAL-Fonce.jpg","contentUrl":"https:\/\/lajunglebijoux.com\/wp-content\/uploads\/2023\/01\/LOGO-FINAL-Fonce.jpg","width":900,"height":900,"caption":"La Jungle Bijoux"},"image":{"@id":"https:\/\/lajunglebijoux.com\/es\/#\/schema\/logo\/image\/"}}]}},"_links":{"self":[{"href":"https:\/\/lajunglebijoux.com\/es\/wp-json\/wp\/v2\/product\/8921","targetHints":{"allow":["GET"]}}],"collection":[{"href":"https:\/\/lajunglebijoux.com\/es\/wp-json\/wp\/v2\/product"}],"about":[{"href":"https:\/\/lajunglebijoux.com\/es\/wp-json\/wp\/v2\/types\/product"}],"replies":[{"embeddable":true,"href":"https:\/\/lajunglebijoux.com\/es\/wp-json\/wp\/v2\/comments?post=8921"}],"version-history":[{"count":0,"href":"https:\/\/lajunglebijoux.com\/es\/wp-json\/wp\/v2\/product\/8921\/revisions"}],"wp:featuredmedia":[{"embeddable":true,"href":"https:\/\/lajunglebijoux.com\/es\/wp-json\/wp\/v2\/media\/5891"}],"wp:attachment":[{"href":"https:\/\/lajunglebijoux.com\/es\/wp-json\/wp\/v2\/media?parent=8921"}],"wp:term":[{"taxonomy":"product_brand","embeddable":true,"href":"https:\/\/lajunglebijoux.com\/es\/wp-json\/wp\/v2\/product_brand?post=8921"},{"taxonomy":"product_cat","embeddable":true,"href":"https:\/\/lajunglebijoux.com\/es\/wp-json\/wp\/v2\/product_cat?post=8921"},{"taxonomy":"product_tag","embeddable":true,"href":"https:\/\/lajunglebijoux.com\/es\/wp-json\/wp\/v2\/product_tag?post=8921"}],"curies":[{"name":"wp","href":"https:\/\/api.w.org\/{rel}","templated":true}]}}