{"id":8919,"date":"2023-02-17T16:59:02","date_gmt":"2023-02-17T14:59:02","guid":{"rendered":"https:\/\/lajunglebijoux.com\/product\/collier-lune-etoile-or\/"},"modified":"2024-08-24T12:59:13","modified_gmt":"2024-08-24T10:59:13","slug":"collier-lune-etoile-or","status":"publish","type":"product","link":"https:\/\/lajunglebijoux.com\/es\/producto\/collier-lune-etoile-or\/","title":{"rendered":"TRIPLE D\u00c9ESSE &#8211; collar de oro &#8211; postal GRATIS"},"content":{"rendered":"<h2>S\u00edmbolos de la Triple Diosa collar de luna y estrella:<\/h2>\n<p>Una vez m\u00e1s hay mucho simbolismo en torno a la luna que he querido infundir en esta joya. La Luna representa a la mujer y la energ\u00eda femenina por excelencia. Su ciclo de fases (representado aqu\u00ed en este collar) significa cambio y renacimiento, adaptabilidad y fluidez ante el cambio.<\/p>\n<p>Es la energ\u00eda YIN cuando el sol es la energ\u00eda Yang, una energ\u00eda interior, m\u00e1s tranquila, m\u00e1s discreta. Despertar tu energ\u00eda femenina, tu energ\u00eda Yin, es decir, tu energ\u00eda lunar, significa dejar hablar a tu coraz\u00f3n, desarrollar tu intuici\u00f3n y saber por fin escuchar tus propias necesidades.<\/p>\n<p>Estas 3 fases lunares yuxtapuestas son tambi\u00e9n el s\u00edmbolo de la triple diosa, tres facetas de la mujer que est\u00e1n m\u00e1s o menos presentes seg\u00fan el periodo de su vida, pero que forman parte de ella y, por tanto, pueden ser invocadas en cualquier momento: la joven, la madre y la mujer sabia.<\/p>\n<p>La estrella central es s\u00edmbolo de armon\u00eda, vitalidad, belleza y salud.<\/p>\n<p>Tambi\u00e9n es sin\u00f3nimo de perfecci\u00f3n, porque todo est\u00e1 siempre en su sitio de forma perfectamente imperfecta. Sin sombra, no hay luz (sin noche, no hay estrellas visibles), as\u00ed que tambi\u00e9n nos ayuda a apreciar nuestras sombras.<\/p>\n<p>Sus ramas captan energ\u00edas positivas y nos invitan a dejar brillar nuestra sensibilidad y empat\u00eda.<\/p>\n<p>Esta estrella est\u00e1 formada por 2 tri\u00e1ngulos, uno hacia arriba y otro hacia abajo, que simbolizan los cuatro elementos: aire, tierra, agua y fuego. Este collar es un recordatorio m\u00e1s de que hay que confiar en el universo, en la naturaleza, en la vida, con gratitud&#8230;<\/p>\n<p>Como con todas las joyas de esta colecci\u00f3n, he querido explicarte mi proceso creativo, pero, por supuesto, qu\u00e9date s\u00f3lo con lo que te hable, y si es s\u00f3lo el dise\u00f1o de la joya, tambi\u00e9n est\u00e1 bien.<\/p>\n","protected":false},"excerpt":{"rendered":"<p>Collar con motivo de fase lunar y estrella.<\/p>\n<p>Oro fino de 24 quilates de alta resistencia sobre base de lat\u00f3n.<\/p>\n<p>Longitud ajustable con cadena de extensi\u00f3n de 5 cm.<\/p>\n","protected":false},"featured_media":5976,"comment_status":"open","ping_status":"closed","template":"","meta":{"_acf_changed":false},"product_brand":[],"product_cat":[68],"product_tag":[480],"class_list":{"0":"post-8919","1":"product","2":"type-product","3":"status-publish","4":"has-post-thumbnail","6":"product_cat-you-are-magic-es","7":"product_tag-menos-de-50e","8":"pa_modele-collares","9":"pa_theme-joyas-astral-tarot","11":"first","12":"instock","13":"sale","14":"shipping-taxable","15":"purchasable","16":"product-type-simple"},"acf":[],"gallery_images":[5970],"yoast_head":"<!-- This site is optimized with the Yoast SEO plugin v27.2 - https:\/\/yoast.com\/product\/yoast-seo-wordpress\/ -->\n<title>TRIPLE D\u00c9ESSE - collar de oro - postal GRATIS - La Jungle Bijoux<\/title>\n<meta name=\"description\" content=\"Revela la diosa que llevas dentro con el collar Triple D\u00e9esse, que representa las fases de la luna. La luna es el motivo de la energ\u00eda femenina Yin.\" \/>\n<meta name=\"robots\" content=\"index, follow, max-snippet:-1, max-image-preview:large, max-video-preview:-1\" \/>\n<link rel=\"canonical\" href=\"https:\/\/lajunglebijoux.com\/es\/producto\/collier-lune-etoile-or\/\" \/>\n<meta property=\"og:locale\" content=\"es_ES\" \/>\n<meta property=\"og:type\" content=\"article\" \/>\n<meta property=\"og:title\" content=\"TRIPLE D\u00c9ESSE - collar de oro - postal GRATIS - La Jungle Bijoux\" \/>\n<meta property=\"og:description\" content=\"Revela la diosa que llevas dentro con el collar Triple D\u00e9esse, que representa las fases de la luna. La luna es el motivo de la energ\u00eda femenina Yin.\" \/>\n<meta property=\"og:url\" content=\"https:\/\/lajunglebijoux.com\/es\/producto\/collier-lune-etoile-or\/\" \/>\n<meta property=\"og:site_name\" content=\"La Jungle Bijoux\" \/>\n<meta property=\"article:modified_time\" content=\"2024-08-24T10:59:13+00:00\" \/>\n<meta property=\"og:image\" content=\"https:\/\/lajunglebijoux.com\/wp-content\/uploads\/2023\/02\/IMG_20220328_155606.jpg\" \/>\n\t<meta property=\"og:image:width\" content=\"2166\" \/>\n\t<meta property=\"og:image:height\" content=\"2166\" \/>\n\t<meta property=\"og:image:type\" content=\"image\/jpeg\" \/>\n<meta name=\"twitter:card\" content=\"summary_large_image\" \/>\n<meta name=\"twitter:label1\" content=\"Tiempo de lectura\" \/>\n\t<meta name=\"twitter:data1\" content=\"2 minutos\" \/>\n<script type=\"application\/ld+json\" class=\"yoast-schema-graph\">{\"@context\":\"https:\/\/schema.org\",\"@graph\":[{\"@type\":\"WebPage\",\"@id\":\"https:\/\/lajunglebijoux.com\/es\/producto\/collier-lune-etoile-or\/\",\"url\":\"https:\/\/lajunglebijoux.com\/es\/producto\/collier-lune-etoile-or\/\",\"name\":\"TRIPLE D\u00c9ESSE - collar de oro - postal GRATIS - La Jungle Bijoux\",\"isPartOf\":{\"@id\":\"https:\/\/lajunglebijoux.com\/es\/#website\"},\"primaryImageOfPage\":{\"@id\":\"https:\/\/lajunglebijoux.com\/es\/producto\/collier-lune-etoile-or\/#primaryimage\"},\"image\":{\"@id\":\"https:\/\/lajunglebijoux.com\/es\/producto\/collier-lune-etoile-or\/#primaryimage\"},\"thumbnailUrl\":\"https:\/\/lajunglebijoux.com\/wp-content\/uploads\/2023\/02\/IMG_20220328_155606.jpg\",\"datePublished\":\"2023-02-17T14:59:02+00:00\",\"dateModified\":\"2024-08-24T10:59:13+00:00\",\"description\":\"Revela la diosa que llevas dentro con el collar Triple D\u00e9esse, que representa las fases de la luna. La luna es el motivo de la energ\u00eda femenina Yin.\",\"breadcrumb\":{\"@id\":\"https:\/\/lajunglebijoux.com\/es\/producto\/collier-lune-etoile-or\/#breadcrumb\"},\"inLanguage\":\"es\",\"potentialAction\":[{\"@type\":\"ReadAction\",\"target\":[\"https:\/\/lajunglebijoux.com\/es\/producto\/collier-lune-etoile-or\/\"]}]},{\"@type\":\"ImageObject\",\"inLanguage\":\"es\",\"@id\":\"https:\/\/lajunglebijoux.com\/es\/producto\/collier-lune-etoile-or\/#primaryimage\",\"url\":\"https:\/\/lajunglebijoux.com\/wp-content\/uploads\/2023\/02\/IMG_20220328_155606.jpg\",\"contentUrl\":\"https:\/\/lajunglebijoux.com\/wp-content\/uploads\/2023\/02\/IMG_20220328_155606.jpg\",\"width\":2166,\"height\":2166,\"caption\":\"collier lune femme\"},{\"@type\":\"BreadcrumbList\",\"@id\":\"https:\/\/lajunglebijoux.com\/es\/producto\/collier-lune-etoile-or\/#breadcrumb\",\"itemListElement\":[{\"@type\":\"ListItem\",\"position\":1,\"name\":\"Portada\",\"item\":\"https:\/\/lajunglebijoux.com\/es\/\"},{\"@type\":\"ListItem\",\"position\":2,\"name\":\"Productos\",\"item\":\"https:\/\/lajunglebijoux.com\/es\/shop\/\"},{\"@type\":\"ListItem\",\"position\":3,\"name\":\"TRIPLE D\u00c9ESSE &#8211; collar de oro &#8211; postal GRATIS\"}]},{\"@type\":\"WebSite\",\"@id\":\"https:\/\/lajunglebijoux.com\/es\/#website\",\"url\":\"https:\/\/lajunglebijoux.com\/es\/\",\"name\":\"La Jungle Bijoux\",\"description\":\"\",\"publisher\":{\"@id\":\"https:\/\/lajunglebijoux.com\/es\/#organization\"},\"potentialAction\":[{\"@type\":\"SearchAction\",\"target\":{\"@type\":\"EntryPoint\",\"urlTemplate\":\"https:\/\/lajunglebijoux.com\/es\/?s={search_term_string}\"},\"query-input\":{\"@type\":\"PropertyValueSpecification\",\"valueRequired\":true,\"valueName\":\"search_term_string\"}}],\"inLanguage\":\"es\"},{\"@type\":\"Organization\",\"@id\":\"https:\/\/lajunglebijoux.com\/es\/#organization\",\"name\":\"La Jungle Bijoux\",\"url\":\"https:\/\/lajunglebijoux.com\/es\/\",\"logo\":{\"@type\":\"ImageObject\",\"inLanguage\":\"es\",\"@id\":\"https:\/\/lajunglebijoux.com\/es\/#\/schema\/logo\/image\/\",\"url\":\"https:\/\/lajunglebijoux.com\/wp-content\/uploads\/2023\/01\/LOGO-FINAL-Fonce.jpg\",\"contentUrl\":\"https:\/\/lajunglebijoux.com\/wp-content\/uploads\/2023\/01\/LOGO-FINAL-Fonce.jpg\",\"width\":900,\"height\":900,\"caption\":\"La Jungle Bijoux\"},\"image\":{\"@id\":\"https:\/\/lajunglebijoux.com\/es\/#\/schema\/logo\/image\/\"}}]}<\/script>\n<!-- \/ Yoast SEO plugin. -->","yoast_head_json":{"title":"TRIPLE D\u00c9ESSE - collar de oro - postal GRATIS - La Jungle Bijoux","description":"Revela la diosa que llevas dentro con el collar Triple D\u00e9esse, que representa las fases de la luna. La luna es el motivo de la energ\u00eda femenina Yin.","robots":{"index":"index","follow":"follow","max-snippet":"max-snippet:-1","max-image-preview":"max-image-preview:large","max-video-preview":"max-video-preview:-1"},"canonical":"https:\/\/lajunglebijoux.com\/es\/producto\/collier-lune-etoile-or\/","og_locale":"es_ES","og_type":"article","og_title":"TRIPLE D\u00c9ESSE - collar de oro - postal GRATIS - La Jungle Bijoux","og_description":"Revela la diosa que llevas dentro con el collar Triple D\u00e9esse, que representa las fases de la luna. La luna es el motivo de la energ\u00eda femenina Yin.","og_url":"https:\/\/lajunglebijoux.com\/es\/producto\/collier-lune-etoile-or\/","og_site_name":"La Jungle Bijoux","article_modified_time":"2024-08-24T10:59:13+00:00","og_image":[{"width":2166,"height":2166,"url":"https:\/\/lajunglebijoux.com\/wp-content\/uploads\/2023\/02\/IMG_20220328_155606.jpg","type":"image\/jpeg"}],"twitter_card":"summary_large_image","twitter_misc":{"Tiempo de lectura":"2 minutos"},"schema":{"@context":"https:\/\/schema.org","@graph":[{"@type":"WebPage","@id":"https:\/\/lajunglebijoux.com\/es\/producto\/collier-lune-etoile-or\/","url":"https:\/\/lajunglebijoux.com\/es\/producto\/collier-lune-etoile-or\/","name":"TRIPLE D\u00c9ESSE - collar de oro - postal GRATIS - La Jungle Bijoux","isPartOf":{"@id":"https:\/\/lajunglebijoux.com\/es\/#website"},"primaryImageOfPage":{"@id":"https:\/\/lajunglebijoux.com\/es\/producto\/collier-lune-etoile-or\/#primaryimage"},"image":{"@id":"https:\/\/lajunglebijoux.com\/es\/producto\/collier-lune-etoile-or\/#primaryimage"},"thumbnailUrl":"https:\/\/lajunglebijoux.com\/wp-content\/uploads\/2023\/02\/IMG_20220328_155606.jpg","datePublished":"2023-02-17T14:59:02+00:00","dateModified":"2024-08-24T10:59:13+00:00","description":"Revela la diosa que llevas dentro con el collar Triple D\u00e9esse, que representa las fases de la luna. La luna es el motivo de la energ\u00eda femenina Yin.","breadcrumb":{"@id":"https:\/\/lajunglebijoux.com\/es\/producto\/collier-lune-etoile-or\/#breadcrumb"},"inLanguage":"es","potentialAction":[{"@type":"ReadAction","target":["https:\/\/lajunglebijoux.com\/es\/producto\/collier-lune-etoile-or\/"]}]},{"@type":"ImageObject","inLanguage":"es","@id":"https:\/\/lajunglebijoux.com\/es\/producto\/collier-lune-etoile-or\/#primaryimage","url":"https:\/\/lajunglebijoux.com\/wp-content\/uploads\/2023\/02\/IMG_20220328_155606.jpg","contentUrl":"https:\/\/lajunglebijoux.com\/wp-content\/uploads\/2023\/02\/IMG_20220328_155606.jpg","width":2166,"height":2166,"caption":"collier lune femme"},{"@type":"BreadcrumbList","@id":"https:\/\/lajunglebijoux.com\/es\/producto\/collier-lune-etoile-or\/#breadcrumb","itemListElement":[{"@type":"ListItem","position":1,"name":"Portada","item":"https:\/\/lajunglebijoux.com\/es\/"},{"@type":"ListItem","position":2,"name":"Productos","item":"https:\/\/lajunglebijoux.com\/es\/shop\/"},{"@type":"ListItem","position":3,"name":"TRIPLE D\u00c9ESSE &#8211; collar de oro &#8211; postal GRATIS"}]},{"@type":"WebSite","@id":"https:\/\/lajunglebijoux.com\/es\/#website","url":"https:\/\/lajunglebijoux.com\/es\/","name":"La Jungle Bijoux","description":"","publisher":{"@id":"https:\/\/lajunglebijoux.com\/es\/#organization"},"potentialAction":[{"@type":"SearchAction","target":{"@type":"EntryPoint","urlTemplate":"https:\/\/lajunglebijoux.com\/es\/?s={search_term_string}"},"query-input":{"@type":"PropertyValueSpecification","valueRequired":true,"valueName":"search_term_string"}}],"inLanguage":"es"},{"@type":"Organization","@id":"https:\/\/lajunglebijoux.com\/es\/#organization","name":"La Jungle Bijoux","url":"https:\/\/lajunglebijoux.com\/es\/","logo":{"@type":"ImageObject","inLanguage":"es","@id":"https:\/\/lajunglebijoux.com\/es\/#\/schema\/logo\/image\/","url":"https:\/\/lajunglebijoux.com\/wp-content\/uploads\/2023\/01\/LOGO-FINAL-Fonce.jpg","contentUrl":"https:\/\/lajunglebijoux.com\/wp-content\/uploads\/2023\/01\/LOGO-FINAL-Fonce.jpg","width":900,"height":900,"caption":"La Jungle Bijoux"},"image":{"@id":"https:\/\/lajunglebijoux.com\/es\/#\/schema\/logo\/image\/"}}]}},"_links":{"self":[{"href":"https:\/\/lajunglebijoux.com\/es\/wp-json\/wp\/v2\/product\/8919","targetHints":{"allow":["GET"]}}],"collection":[{"href":"https:\/\/lajunglebijoux.com\/es\/wp-json\/wp\/v2\/product"}],"about":[{"href":"https:\/\/lajunglebijoux.com\/es\/wp-json\/wp\/v2\/types\/product"}],"replies":[{"embeddable":true,"href":"https:\/\/lajunglebijoux.com\/es\/wp-json\/wp\/v2\/comments?post=8919"}],"version-history":[{"count":0,"href":"https:\/\/lajunglebijoux.com\/es\/wp-json\/wp\/v2\/product\/8919\/revisions"}],"wp:featuredmedia":[{"embeddable":true,"href":"https:\/\/lajunglebijoux.com\/es\/wp-json\/wp\/v2\/media\/5976"}],"wp:attachment":[{"href":"https:\/\/lajunglebijoux.com\/es\/wp-json\/wp\/v2\/media?parent=8919"}],"wp:term":[{"taxonomy":"product_brand","embeddable":true,"href":"https:\/\/lajunglebijoux.com\/es\/wp-json\/wp\/v2\/product_brand?post=8919"},{"taxonomy":"product_cat","embeddable":true,"href":"https:\/\/lajunglebijoux.com\/es\/wp-json\/wp\/v2\/product_cat?post=8919"},{"taxonomy":"product_tag","embeddable":true,"href":"https:\/\/lajunglebijoux.com\/es\/wp-json\/wp\/v2\/product_tag?post=8919"}],"curies":[{"name":"wp","href":"https:\/\/api.w.org\/{rel}","templated":true}]}}