{"id":8914,"date":"2023-02-21T10:58:28","date_gmt":"2023-02-21T08:58:28","guid":{"rendered":"https:\/\/lajunglebijoux.com\/product\/creoles-lune-intuition\/"},"modified":"2024-08-24T12:59:07","modified_gmt":"2024-08-24T10:59:07","slug":"creoles-lune-intuition","status":"publish","type":"product","link":"https:\/\/lajunglebijoux.com\/es\/producto\/creoles-lune-intuition\/","title":{"rendered":"INTUICI\u00d3N &#8211; pendientes de oro"},"content":{"rendered":"","protected":false},"excerpt":{"rendered":"<p>Oro fino de 24 quilates sobre base de lat\u00f3n.<\/p>\n<p>Pendientes de aro muy ligeros con las fases de la luna.<\/p>\n<p>Una vez m\u00e1s, hay todo un simbolismo en torno a la luna que he querido infundir en esta joya.<\/p>\n<p>La luna representa a la mujer y la energ\u00eda femenina por excelencia. Su ciclo de fases (representado aqu\u00ed en estos aros) significa cambio y renacimiento, adaptabilidad y fluidez ante el cambio.<\/p>\n<p>Es la energ\u00eda YIN cuando el sol es la energ\u00eda Yang, una energ\u00eda interior, m\u00e1s tranquila, m\u00e1s discreta. Despertar tu energ\u00eda femenina, tu energ\u00eda Yin, es decir, tu energ\u00eda lunar, significa dejar hablar a tu coraz\u00f3n, desarrollar tu intuici\u00f3n y saber por fin escuchar tus propias necesidades.<\/p>\n<p>Como con todas las joyas de esta colecci\u00f3n, he querido explicarte mi enfoque creativo, pero, por supuesto, coge s\u00f3lo lo que te hable y si es s\u00f3lo el dise\u00f1o de la joya, tambi\u00e9n est\u00e1 bien.<\/p>\n","protected":false},"featured_media":6108,"comment_status":"open","ping_status":"closed","template":"","meta":{"_acf_changed":false},"product_brand":[],"product_cat":[68],"product_tag":[480],"class_list":{"0":"post-8914","1":"product","2":"type-product","3":"status-publish","4":"has-post-thumbnail","6":"product_cat-you-are-magic-es","7":"product_tag-menos-de-50e","8":"pa_modele-pendientes","9":"pa_theme-joyas-astral-tarot","11":"first","12":"instock","13":"sale","14":"shipping-taxable","15":"purchasable","16":"product-type-simple"},"acf":[],"gallery_images":[6124,6112,6122,6110],"yoast_head":"<!-- This site is optimized with the Yoast SEO plugin v27.2 - https:\/\/yoast.com\/product\/yoast-seo-wordpress\/ -->\n<title>INTUICI\u00d3N - pendientes de oro - La Jungle Bijoux<\/title>\n<meta name=\"description\" content=\"Los pendientes de aro Intuition representan las fases de la luna en un elegante y original motivo de cuentas. Oro fino de 24 quilates. Edici\u00f3n limitada.\" \/>\n<meta name=\"robots\" content=\"index, follow, max-snippet:-1, max-image-preview:large, max-video-preview:-1\" \/>\n<link rel=\"canonical\" href=\"https:\/\/lajunglebijoux.com\/es\/producto\/creoles-lune-intuition\/\" \/>\n<meta property=\"og:locale\" content=\"es_ES\" \/>\n<meta property=\"og:type\" content=\"article\" \/>\n<meta property=\"og:title\" content=\"INTUICI\u00d3N - pendientes de oro - La Jungle Bijoux\" \/>\n<meta property=\"og:description\" content=\"Los pendientes de aro Intuition representan las fases de la luna en un elegante y original motivo de cuentas. Oro fino de 24 quilates. Edici\u00f3n limitada.\" \/>\n<meta property=\"og:url\" content=\"https:\/\/lajunglebijoux.com\/es\/producto\/creoles-lune-intuition\/\" \/>\n<meta property=\"og:site_name\" content=\"La Jungle Bijoux\" \/>\n<meta property=\"article:modified_time\" content=\"2024-08-24T10:59:07+00:00\" \/>\n<meta property=\"og:image\" content=\"https:\/\/lajunglebijoux.com\/wp-content\/uploads\/2023\/02\/CREOLES-CROISSANT-DE-LUNE-scaled.jpg\" \/>\n\t<meta property=\"og:image:width\" content=\"2560\" \/>\n\t<meta property=\"og:image:height\" content=\"2560\" \/>\n\t<meta property=\"og:image:type\" content=\"image\/jpeg\" \/>\n<meta name=\"twitter:card\" content=\"summary_large_image\" \/>\n<script type=\"application\/ld+json\" class=\"yoast-schema-graph\">{\"@context\":\"https:\/\/schema.org\",\"@graph\":[{\"@type\":\"WebPage\",\"@id\":\"https:\/\/lajunglebijoux.com\/es\/producto\/creoles-lune-intuition\/\",\"url\":\"https:\/\/lajunglebijoux.com\/es\/producto\/creoles-lune-intuition\/\",\"name\":\"INTUICI\u00d3N - pendientes de oro - La Jungle Bijoux\",\"isPartOf\":{\"@id\":\"https:\/\/lajunglebijoux.com\/es\/#website\"},\"primaryImageOfPage\":{\"@id\":\"https:\/\/lajunglebijoux.com\/es\/producto\/creoles-lune-intuition\/#primaryimage\"},\"image\":{\"@id\":\"https:\/\/lajunglebijoux.com\/es\/producto\/creoles-lune-intuition\/#primaryimage\"},\"thumbnailUrl\":\"https:\/\/lajunglebijoux.com\/wp-content\/uploads\/2023\/02\/CREOLES-CROISSANT-DE-LUNE-scaled.jpg\",\"datePublished\":\"2023-02-21T08:58:28+00:00\",\"dateModified\":\"2024-08-24T10:59:07+00:00\",\"description\":\"Los pendientes de aro Intuition representan las fases de la luna en un elegante y original motivo de cuentas. Oro fino de 24 quilates. Edici\u00f3n limitada.\",\"breadcrumb\":{\"@id\":\"https:\/\/lajunglebijoux.com\/es\/producto\/creoles-lune-intuition\/#breadcrumb\"},\"inLanguage\":\"es\",\"potentialAction\":[{\"@type\":\"ReadAction\",\"target\":[\"https:\/\/lajunglebijoux.com\/es\/producto\/creoles-lune-intuition\/\"]}]},{\"@type\":\"ImageObject\",\"inLanguage\":\"es\",\"@id\":\"https:\/\/lajunglebijoux.com\/es\/producto\/creoles-lune-intuition\/#primaryimage\",\"url\":\"https:\/\/lajunglebijoux.com\/wp-content\/uploads\/2023\/02\/CREOLES-CROISSANT-DE-LUNE-scaled.jpg\",\"contentUrl\":\"https:\/\/lajunglebijoux.com\/wp-content\/uploads\/2023\/02\/CREOLES-CROISSANT-DE-LUNE-scaled.jpg\",\"width\":2560,\"height\":2560,\"caption\":\"cr\u00e9oles lune\"},{\"@type\":\"BreadcrumbList\",\"@id\":\"https:\/\/lajunglebijoux.com\/es\/producto\/creoles-lune-intuition\/#breadcrumb\",\"itemListElement\":[{\"@type\":\"ListItem\",\"position\":1,\"name\":\"Portada\",\"item\":\"https:\/\/lajunglebijoux.com\/es\/\"},{\"@type\":\"ListItem\",\"position\":2,\"name\":\"Productos\",\"item\":\"https:\/\/lajunglebijoux.com\/es\/shop\/\"},{\"@type\":\"ListItem\",\"position\":3,\"name\":\"INTUICI\u00d3N &#8211; pendientes de oro\"}]},{\"@type\":\"WebSite\",\"@id\":\"https:\/\/lajunglebijoux.com\/es\/#website\",\"url\":\"https:\/\/lajunglebijoux.com\/es\/\",\"name\":\"La Jungle Bijoux\",\"description\":\"\",\"publisher\":{\"@id\":\"https:\/\/lajunglebijoux.com\/es\/#organization\"},\"potentialAction\":[{\"@type\":\"SearchAction\",\"target\":{\"@type\":\"EntryPoint\",\"urlTemplate\":\"https:\/\/lajunglebijoux.com\/es\/?s={search_term_string}\"},\"query-input\":{\"@type\":\"PropertyValueSpecification\",\"valueRequired\":true,\"valueName\":\"search_term_string\"}}],\"inLanguage\":\"es\"},{\"@type\":\"Organization\",\"@id\":\"https:\/\/lajunglebijoux.com\/es\/#organization\",\"name\":\"La Jungle Bijoux\",\"url\":\"https:\/\/lajunglebijoux.com\/es\/\",\"logo\":{\"@type\":\"ImageObject\",\"inLanguage\":\"es\",\"@id\":\"https:\/\/lajunglebijoux.com\/es\/#\/schema\/logo\/image\/\",\"url\":\"https:\/\/lajunglebijoux.com\/wp-content\/uploads\/2023\/01\/LOGO-FINAL-Fonce.jpg\",\"contentUrl\":\"https:\/\/lajunglebijoux.com\/wp-content\/uploads\/2023\/01\/LOGO-FINAL-Fonce.jpg\",\"width\":900,\"height\":900,\"caption\":\"La Jungle Bijoux\"},\"image\":{\"@id\":\"https:\/\/lajunglebijoux.com\/es\/#\/schema\/logo\/image\/\"}}]}<\/script>\n<!-- \/ Yoast SEO plugin. -->","yoast_head_json":{"title":"INTUICI\u00d3N - pendientes de oro - La Jungle Bijoux","description":"Los pendientes de aro Intuition representan las fases de la luna en un elegante y original motivo de cuentas. Oro fino de 24 quilates. Edici\u00f3n limitada.","robots":{"index":"index","follow":"follow","max-snippet":"max-snippet:-1","max-image-preview":"max-image-preview:large","max-video-preview":"max-video-preview:-1"},"canonical":"https:\/\/lajunglebijoux.com\/es\/producto\/creoles-lune-intuition\/","og_locale":"es_ES","og_type":"article","og_title":"INTUICI\u00d3N - pendientes de oro - La Jungle Bijoux","og_description":"Los pendientes de aro Intuition representan las fases de la luna en un elegante y original motivo de cuentas. Oro fino de 24 quilates. Edici\u00f3n limitada.","og_url":"https:\/\/lajunglebijoux.com\/es\/producto\/creoles-lune-intuition\/","og_site_name":"La Jungle Bijoux","article_modified_time":"2024-08-24T10:59:07+00:00","og_image":[{"width":2560,"height":2560,"url":"https:\/\/lajunglebijoux.com\/wp-content\/uploads\/2023\/02\/CREOLES-CROISSANT-DE-LUNE-scaled.jpg","type":"image\/jpeg"}],"twitter_card":"summary_large_image","schema":{"@context":"https:\/\/schema.org","@graph":[{"@type":"WebPage","@id":"https:\/\/lajunglebijoux.com\/es\/producto\/creoles-lune-intuition\/","url":"https:\/\/lajunglebijoux.com\/es\/producto\/creoles-lune-intuition\/","name":"INTUICI\u00d3N - pendientes de oro - La Jungle Bijoux","isPartOf":{"@id":"https:\/\/lajunglebijoux.com\/es\/#website"},"primaryImageOfPage":{"@id":"https:\/\/lajunglebijoux.com\/es\/producto\/creoles-lune-intuition\/#primaryimage"},"image":{"@id":"https:\/\/lajunglebijoux.com\/es\/producto\/creoles-lune-intuition\/#primaryimage"},"thumbnailUrl":"https:\/\/lajunglebijoux.com\/wp-content\/uploads\/2023\/02\/CREOLES-CROISSANT-DE-LUNE-scaled.jpg","datePublished":"2023-02-21T08:58:28+00:00","dateModified":"2024-08-24T10:59:07+00:00","description":"Los pendientes de aro Intuition representan las fases de la luna en un elegante y original motivo de cuentas. Oro fino de 24 quilates. Edici\u00f3n limitada.","breadcrumb":{"@id":"https:\/\/lajunglebijoux.com\/es\/producto\/creoles-lune-intuition\/#breadcrumb"},"inLanguage":"es","potentialAction":[{"@type":"ReadAction","target":["https:\/\/lajunglebijoux.com\/es\/producto\/creoles-lune-intuition\/"]}]},{"@type":"ImageObject","inLanguage":"es","@id":"https:\/\/lajunglebijoux.com\/es\/producto\/creoles-lune-intuition\/#primaryimage","url":"https:\/\/lajunglebijoux.com\/wp-content\/uploads\/2023\/02\/CREOLES-CROISSANT-DE-LUNE-scaled.jpg","contentUrl":"https:\/\/lajunglebijoux.com\/wp-content\/uploads\/2023\/02\/CREOLES-CROISSANT-DE-LUNE-scaled.jpg","width":2560,"height":2560,"caption":"cr\u00e9oles lune"},{"@type":"BreadcrumbList","@id":"https:\/\/lajunglebijoux.com\/es\/producto\/creoles-lune-intuition\/#breadcrumb","itemListElement":[{"@type":"ListItem","position":1,"name":"Portada","item":"https:\/\/lajunglebijoux.com\/es\/"},{"@type":"ListItem","position":2,"name":"Productos","item":"https:\/\/lajunglebijoux.com\/es\/shop\/"},{"@type":"ListItem","position":3,"name":"INTUICI\u00d3N &#8211; pendientes de oro"}]},{"@type":"WebSite","@id":"https:\/\/lajunglebijoux.com\/es\/#website","url":"https:\/\/lajunglebijoux.com\/es\/","name":"La Jungle Bijoux","description":"","publisher":{"@id":"https:\/\/lajunglebijoux.com\/es\/#organization"},"potentialAction":[{"@type":"SearchAction","target":{"@type":"EntryPoint","urlTemplate":"https:\/\/lajunglebijoux.com\/es\/?s={search_term_string}"},"query-input":{"@type":"PropertyValueSpecification","valueRequired":true,"valueName":"search_term_string"}}],"inLanguage":"es"},{"@type":"Organization","@id":"https:\/\/lajunglebijoux.com\/es\/#organization","name":"La Jungle Bijoux","url":"https:\/\/lajunglebijoux.com\/es\/","logo":{"@type":"ImageObject","inLanguage":"es","@id":"https:\/\/lajunglebijoux.com\/es\/#\/schema\/logo\/image\/","url":"https:\/\/lajunglebijoux.com\/wp-content\/uploads\/2023\/01\/LOGO-FINAL-Fonce.jpg","contentUrl":"https:\/\/lajunglebijoux.com\/wp-content\/uploads\/2023\/01\/LOGO-FINAL-Fonce.jpg","width":900,"height":900,"caption":"La Jungle Bijoux"},"image":{"@id":"https:\/\/lajunglebijoux.com\/es\/#\/schema\/logo\/image\/"}}]}},"_links":{"self":[{"href":"https:\/\/lajunglebijoux.com\/es\/wp-json\/wp\/v2\/product\/8914","targetHints":{"allow":["GET"]}}],"collection":[{"href":"https:\/\/lajunglebijoux.com\/es\/wp-json\/wp\/v2\/product"}],"about":[{"href":"https:\/\/lajunglebijoux.com\/es\/wp-json\/wp\/v2\/types\/product"}],"replies":[{"embeddable":true,"href":"https:\/\/lajunglebijoux.com\/es\/wp-json\/wp\/v2\/comments?post=8914"}],"version-history":[{"count":0,"href":"https:\/\/lajunglebijoux.com\/es\/wp-json\/wp\/v2\/product\/8914\/revisions"}],"wp:featuredmedia":[{"embeddable":true,"href":"https:\/\/lajunglebijoux.com\/es\/wp-json\/wp\/v2\/media\/6108"}],"wp:attachment":[{"href":"https:\/\/lajunglebijoux.com\/es\/wp-json\/wp\/v2\/media?parent=8914"}],"wp:term":[{"taxonomy":"product_brand","embeddable":true,"href":"https:\/\/lajunglebijoux.com\/es\/wp-json\/wp\/v2\/product_brand?post=8914"},{"taxonomy":"product_cat","embeddable":true,"href":"https:\/\/lajunglebijoux.com\/es\/wp-json\/wp\/v2\/product_cat?post=8914"},{"taxonomy":"product_tag","embeddable":true,"href":"https:\/\/lajunglebijoux.com\/es\/wp-json\/wp\/v2\/product_tag?post=8914"}],"curies":[{"name":"wp","href":"https:\/\/api.w.org\/{rel}","templated":true}]}}