{"id":8907,"date":"2023-03-26T16:45:53","date_gmt":"2023-03-26T14:45:53","guid":{"rendered":"https:\/\/lajunglebijoux.com\/product\/bague-message-personnalisable\/"},"modified":"2024-08-24T13:05:31","modified_gmt":"2024-08-24T11:05:31","slug":"bague-message-personnalisable","status":"publish","type":"product","link":"https:\/\/lajunglebijoux.com\/es\/producto\/bague-message-personnalisable\/","title":{"rendered":"ANILLO MENSAJE PERSONALIZABLE &#8211; grabado"},"content":{"rendered":"","protected":false},"excerpt":{"rendered":"<p>Anillo con mensaje personalizado o iniciales grabadas.<\/p>\n<p>1 palabra de 6 letras como m\u00e1ximo o varias palabras con un total de 6 letras como m\u00e1ximo (ejemplo YOU &amp; ME). Tambi\u00e9n puedes grabar las iniciales.<\/p>\n<p>Si desea escribir palabras m\u00e1s largas o utilizar un tipo de letra diferente, p\u00f3ngase en contacto conmigo: lajunglebijoux@gmail.com o deje un comentario al final de su pedido para que pueda enviarle un correo electr\u00f3nico antes de la producci\u00f3n.<\/p>\n<p>Acabado chapado en oro de alta resistencia de 3 micras de grosor a elegir.<\/p>\n<p>Oro de 24 quilates sobre base de lat\u00f3n.<\/p>\n<p>Tama\u00f1o ajustable<\/p>\n<p>Los anillos de las fotos son de lat\u00f3n bruto, el acabado chapado en oro es m\u00e1s brillante y armonioso.<\/p>\n<p>Indique su palabra o iniciales en el anillo.<\/p>\n<p>Fabricado por encargo.<\/p>\n<p>Env\u00edo en 15 d\u00edas.<\/p>\n","protected":false},"featured_media":7179,"comment_status":"open","ping_status":"closed","template":"","meta":{"_acf_changed":false},"product_brand":[],"product_cat":[124],"product_tag":[478],"class_list":{"0":"post-8907","1":"product","2":"type-product","3":"status-publish","4":"has-post-thumbnail","6":"product_cat-joyas-personalizables","7":"product_tag-51e-a-100e","8":"pa_modele-anillos","9":"pa_modele-personalizables","11":"first","12":"outofstock","13":"shipping-taxable","14":"purchasable","15":"product-type-variable","16":"has-default-attributes"},"acf":[],"gallery_images":[7185,7181,7183,7189,7193,7191,7187,7177],"yoast_head":"<!-- This site is optimized with the Yoast SEO plugin v27.2 - https:\/\/yoast.com\/product\/yoast-seo-wordpress\/ -->\n<title>ANILLO MENSAJE PERSONALIZABLE - grabado - La Jungle Bijoux<\/title>\n<meta name=\"description\" content=\"\u00bfAmor, esperanza o alegr\u00eda? Grabe el mensaje que desee en este anillo personalizable. Talla ajustable. Fabricado por encargo.\" \/>\n<meta name=\"robots\" content=\"index, follow, max-snippet:-1, max-image-preview:large, max-video-preview:-1\" \/>\n<link rel=\"canonical\" href=\"https:\/\/lajunglebijoux.com\/es\/producto\/bague-message-personnalisable\/\" \/>\n<meta property=\"og:locale\" content=\"es_ES\" \/>\n<meta property=\"og:type\" content=\"article\" \/>\n<meta property=\"og:title\" content=\"ANILLO MENSAJE PERSONALIZABLE - grabado - La Jungle Bijoux\" \/>\n<meta property=\"og:description\" content=\"\u00bfAmor, esperanza o alegr\u00eda? Grabe el mensaje que desee en este anillo personalizable. Talla ajustable. Fabricado por encargo.\" \/>\n<meta property=\"og:url\" content=\"https:\/\/lajunglebijoux.com\/es\/producto\/bague-message-personnalisable\/\" \/>\n<meta property=\"og:site_name\" content=\"La Jungle Bijoux\" \/>\n<meta property=\"article:modified_time\" content=\"2024-08-24T11:05:31+00:00\" \/>\n<meta property=\"og:image\" content=\"https:\/\/lajunglebijoux.com\/wp-content\/uploads\/2023\/03\/IMG_8562.jpg\" \/>\n\t<meta property=\"og:image:width\" content=\"2448\" \/>\n\t<meta property=\"og:image:height\" content=\"2448\" \/>\n\t<meta property=\"og:image:type\" content=\"image\/jpeg\" \/>\n<meta name=\"twitter:card\" content=\"summary_large_image\" \/>\n<script type=\"application\/ld+json\" class=\"yoast-schema-graph\">{\"@context\":\"https:\/\/schema.org\",\"@graph\":[{\"@type\":\"WebPage\",\"@id\":\"https:\/\/lajunglebijoux.com\/es\/producto\/bague-message-personnalisable\/\",\"url\":\"https:\/\/lajunglebijoux.com\/es\/producto\/bague-message-personnalisable\/\",\"name\":\"ANILLO MENSAJE PERSONALIZABLE - grabado - La Jungle Bijoux\",\"isPartOf\":{\"@id\":\"https:\/\/lajunglebijoux.com\/es\/#website\"},\"primaryImageOfPage\":{\"@id\":\"https:\/\/lajunglebijoux.com\/es\/producto\/bague-message-personnalisable\/#primaryimage\"},\"image\":{\"@id\":\"https:\/\/lajunglebijoux.com\/es\/producto\/bague-message-personnalisable\/#primaryimage\"},\"thumbnailUrl\":\"https:\/\/lajunglebijoux.com\/wp-content\/uploads\/2023\/03\/IMG_8562.jpg\",\"datePublished\":\"2023-03-26T14:45:53+00:00\",\"dateModified\":\"2024-08-24T11:05:31+00:00\",\"description\":\"\u00bfAmor, esperanza o alegr\u00eda? Grabe el mensaje que desee en este anillo personalizable. Talla ajustable. Fabricado por encargo.\",\"breadcrumb\":{\"@id\":\"https:\/\/lajunglebijoux.com\/es\/producto\/bague-message-personnalisable\/#breadcrumb\"},\"inLanguage\":\"es\",\"potentialAction\":[{\"@type\":\"ReadAction\",\"target\":[\"https:\/\/lajunglebijoux.com\/es\/producto\/bague-message-personnalisable\/\"]}]},{\"@type\":\"ImageObject\",\"inLanguage\":\"es\",\"@id\":\"https:\/\/lajunglebijoux.com\/es\/producto\/bague-message-personnalisable\/#primaryimage\",\"url\":\"https:\/\/lajunglebijoux.com\/wp-content\/uploads\/2023\/03\/IMG_8562.jpg\",\"contentUrl\":\"https:\/\/lajunglebijoux.com\/wp-content\/uploads\/2023\/03\/IMG_8562.jpg\",\"width\":2448,\"height\":2448,\"caption\":\"BAGUE MESSAGE PERSONNALISABLE\"},{\"@type\":\"BreadcrumbList\",\"@id\":\"https:\/\/lajunglebijoux.com\/es\/producto\/bague-message-personnalisable\/#breadcrumb\",\"itemListElement\":[{\"@type\":\"ListItem\",\"position\":1,\"name\":\"Portada\",\"item\":\"https:\/\/lajunglebijoux.com\/es\/\"},{\"@type\":\"ListItem\",\"position\":2,\"name\":\"Productos\",\"item\":\"https:\/\/lajunglebijoux.com\/es\/shop\/\"},{\"@type\":\"ListItem\",\"position\":3,\"name\":\"ANILLO MENSAJE PERSONALIZABLE &#8211; grabado\"}]},{\"@type\":\"WebSite\",\"@id\":\"https:\/\/lajunglebijoux.com\/es\/#website\",\"url\":\"https:\/\/lajunglebijoux.com\/es\/\",\"name\":\"La Jungle Bijoux\",\"description\":\"\",\"publisher\":{\"@id\":\"https:\/\/lajunglebijoux.com\/es\/#organization\"},\"potentialAction\":[{\"@type\":\"SearchAction\",\"target\":{\"@type\":\"EntryPoint\",\"urlTemplate\":\"https:\/\/lajunglebijoux.com\/es\/?s={search_term_string}\"},\"query-input\":{\"@type\":\"PropertyValueSpecification\",\"valueRequired\":true,\"valueName\":\"search_term_string\"}}],\"inLanguage\":\"es\"},{\"@type\":\"Organization\",\"@id\":\"https:\/\/lajunglebijoux.com\/es\/#organization\",\"name\":\"La Jungle Bijoux\",\"url\":\"https:\/\/lajunglebijoux.com\/es\/\",\"logo\":{\"@type\":\"ImageObject\",\"inLanguage\":\"es\",\"@id\":\"https:\/\/lajunglebijoux.com\/es\/#\/schema\/logo\/image\/\",\"url\":\"https:\/\/lajunglebijoux.com\/wp-content\/uploads\/2023\/01\/LOGO-FINAL-Fonce.jpg\",\"contentUrl\":\"https:\/\/lajunglebijoux.com\/wp-content\/uploads\/2023\/01\/LOGO-FINAL-Fonce.jpg\",\"width\":900,\"height\":900,\"caption\":\"La Jungle Bijoux\"},\"image\":{\"@id\":\"https:\/\/lajunglebijoux.com\/es\/#\/schema\/logo\/image\/\"}}]}<\/script>\n<!-- \/ Yoast SEO plugin. -->","yoast_head_json":{"title":"ANILLO MENSAJE PERSONALIZABLE - grabado - La Jungle Bijoux","description":"\u00bfAmor, esperanza o alegr\u00eda? Grabe el mensaje que desee en este anillo personalizable. Talla ajustable. Fabricado por encargo.","robots":{"index":"index","follow":"follow","max-snippet":"max-snippet:-1","max-image-preview":"max-image-preview:large","max-video-preview":"max-video-preview:-1"},"canonical":"https:\/\/lajunglebijoux.com\/es\/producto\/bague-message-personnalisable\/","og_locale":"es_ES","og_type":"article","og_title":"ANILLO MENSAJE PERSONALIZABLE - grabado - La Jungle Bijoux","og_description":"\u00bfAmor, esperanza o alegr\u00eda? Grabe el mensaje que desee en este anillo personalizable. Talla ajustable. Fabricado por encargo.","og_url":"https:\/\/lajunglebijoux.com\/es\/producto\/bague-message-personnalisable\/","og_site_name":"La Jungle Bijoux","article_modified_time":"2024-08-24T11:05:31+00:00","og_image":[{"width":2448,"height":2448,"url":"https:\/\/lajunglebijoux.com\/wp-content\/uploads\/2023\/03\/IMG_8562.jpg","type":"image\/jpeg"}],"twitter_card":"summary_large_image","schema":{"@context":"https:\/\/schema.org","@graph":[{"@type":"WebPage","@id":"https:\/\/lajunglebijoux.com\/es\/producto\/bague-message-personnalisable\/","url":"https:\/\/lajunglebijoux.com\/es\/producto\/bague-message-personnalisable\/","name":"ANILLO MENSAJE PERSONALIZABLE - grabado - La Jungle Bijoux","isPartOf":{"@id":"https:\/\/lajunglebijoux.com\/es\/#website"},"primaryImageOfPage":{"@id":"https:\/\/lajunglebijoux.com\/es\/producto\/bague-message-personnalisable\/#primaryimage"},"image":{"@id":"https:\/\/lajunglebijoux.com\/es\/producto\/bague-message-personnalisable\/#primaryimage"},"thumbnailUrl":"https:\/\/lajunglebijoux.com\/wp-content\/uploads\/2023\/03\/IMG_8562.jpg","datePublished":"2023-03-26T14:45:53+00:00","dateModified":"2024-08-24T11:05:31+00:00","description":"\u00bfAmor, esperanza o alegr\u00eda? Grabe el mensaje que desee en este anillo personalizable. Talla ajustable. Fabricado por encargo.","breadcrumb":{"@id":"https:\/\/lajunglebijoux.com\/es\/producto\/bague-message-personnalisable\/#breadcrumb"},"inLanguage":"es","potentialAction":[{"@type":"ReadAction","target":["https:\/\/lajunglebijoux.com\/es\/producto\/bague-message-personnalisable\/"]}]},{"@type":"ImageObject","inLanguage":"es","@id":"https:\/\/lajunglebijoux.com\/es\/producto\/bague-message-personnalisable\/#primaryimage","url":"https:\/\/lajunglebijoux.com\/wp-content\/uploads\/2023\/03\/IMG_8562.jpg","contentUrl":"https:\/\/lajunglebijoux.com\/wp-content\/uploads\/2023\/03\/IMG_8562.jpg","width":2448,"height":2448,"caption":"BAGUE MESSAGE PERSONNALISABLE"},{"@type":"BreadcrumbList","@id":"https:\/\/lajunglebijoux.com\/es\/producto\/bague-message-personnalisable\/#breadcrumb","itemListElement":[{"@type":"ListItem","position":1,"name":"Portada","item":"https:\/\/lajunglebijoux.com\/es\/"},{"@type":"ListItem","position":2,"name":"Productos","item":"https:\/\/lajunglebijoux.com\/es\/shop\/"},{"@type":"ListItem","position":3,"name":"ANILLO MENSAJE PERSONALIZABLE &#8211; grabado"}]},{"@type":"WebSite","@id":"https:\/\/lajunglebijoux.com\/es\/#website","url":"https:\/\/lajunglebijoux.com\/es\/","name":"La Jungle Bijoux","description":"","publisher":{"@id":"https:\/\/lajunglebijoux.com\/es\/#organization"},"potentialAction":[{"@type":"SearchAction","target":{"@type":"EntryPoint","urlTemplate":"https:\/\/lajunglebijoux.com\/es\/?s={search_term_string}"},"query-input":{"@type":"PropertyValueSpecification","valueRequired":true,"valueName":"search_term_string"}}],"inLanguage":"es"},{"@type":"Organization","@id":"https:\/\/lajunglebijoux.com\/es\/#organization","name":"La Jungle Bijoux","url":"https:\/\/lajunglebijoux.com\/es\/","logo":{"@type":"ImageObject","inLanguage":"es","@id":"https:\/\/lajunglebijoux.com\/es\/#\/schema\/logo\/image\/","url":"https:\/\/lajunglebijoux.com\/wp-content\/uploads\/2023\/01\/LOGO-FINAL-Fonce.jpg","contentUrl":"https:\/\/lajunglebijoux.com\/wp-content\/uploads\/2023\/01\/LOGO-FINAL-Fonce.jpg","width":900,"height":900,"caption":"La Jungle Bijoux"},"image":{"@id":"https:\/\/lajunglebijoux.com\/es\/#\/schema\/logo\/image\/"}}]}},"_links":{"self":[{"href":"https:\/\/lajunglebijoux.com\/es\/wp-json\/wp\/v2\/product\/8907","targetHints":{"allow":["GET"]}}],"collection":[{"href":"https:\/\/lajunglebijoux.com\/es\/wp-json\/wp\/v2\/product"}],"about":[{"href":"https:\/\/lajunglebijoux.com\/es\/wp-json\/wp\/v2\/types\/product"}],"replies":[{"embeddable":true,"href":"https:\/\/lajunglebijoux.com\/es\/wp-json\/wp\/v2\/comments?post=8907"}],"version-history":[{"count":0,"href":"https:\/\/lajunglebijoux.com\/es\/wp-json\/wp\/v2\/product\/8907\/revisions"}],"wp:featuredmedia":[{"embeddable":true,"href":"https:\/\/lajunglebijoux.com\/es\/wp-json\/wp\/v2\/media\/7179"}],"wp:attachment":[{"href":"https:\/\/lajunglebijoux.com\/es\/wp-json\/wp\/v2\/media?parent=8907"}],"wp:term":[{"taxonomy":"product_brand","embeddable":true,"href":"https:\/\/lajunglebijoux.com\/es\/wp-json\/wp\/v2\/product_brand?post=8907"},{"taxonomy":"product_cat","embeddable":true,"href":"https:\/\/lajunglebijoux.com\/es\/wp-json\/wp\/v2\/product_cat?post=8907"},{"taxonomy":"product_tag","embeddable":true,"href":"https:\/\/lajunglebijoux.com\/es\/wp-json\/wp\/v2\/product_tag?post=8907"}],"curies":[{"name":"wp","href":"https:\/\/api.w.org\/{rel}","templated":true}]}}