{"id":8880,"date":"2023-03-14T09:23:29","date_gmt":"2023-03-14T07:23:29","guid":{"rendered":"https:\/\/lajunglebijoux.com\/product\/collier-personnalisable-message-grave\/"},"modified":"2024-08-24T13:06:35","modified_gmt":"2024-08-24T11:06:35","slug":"collier-personnalisable-message-grave","status":"publish","type":"product","link":"https:\/\/lajunglebijoux.com\/es\/producto\/collier-personnalisable-message-grave\/","title":{"rendered":"COLLAR MANTRA &#8211; mensaje a elegir"},"content":{"rendered":"","protected":false},"excerpt":{"rendered":"<p>Collier en colaboraci\u00f3n con Sarah\/Inspire Ose Aime, coach de vida y negocios, liderazgo inspirador, energ\u00eda y mentalidad. Ayuda a las mujeres a reconectar con su singularidad, sus talentos, su alegr\u00eda de vivir&#8230;<\/p>\n<p>Lat\u00f3n chapado en oro de 24 quilates de 3 micras de alta resistencia.<\/p>\n<p>Cadena original de 44 cm de largo + alargador de 5 cm.<\/p>\n<p>Talla ajustable.<\/p>\n<p>Puede elegir entre los mensajes propuestos o inventar el suyo propio gracias a la opci\u00f3n \u00abmensaje personalizado\u00bb, en cuyo caso le rogamos que indique el mensaje que desea grabar en el apartado \u00abcomentarios\u00bb al final de su pedido.<\/p>\n<p>Las fotos no se han tomado con todos los mensajes. Est\u00e1n ah\u00ed para darle una idea del resultado. Todas las medallas de las colecciones D\u00e9esse moderne e Inspire ose aime tienen el mismo di\u00e1metro.<\/p>\n<p>Con un enfoque eco-responsable, para evitar la sobreproducci\u00f3n, esta colecci\u00f3n s\u00f3lo se fabrica por encargo. El plazo de entrega es de 10 d\u00edas a 2 semanas como m\u00e1ximo. Gracias por su comprensi\u00f3n y por ayudar a nuestro planeta \ud83c\udf0e.<\/p>\n<p>Un hermoso regalo para dar a las mujeres que amas y quieres apoyar, animar y celebrar&#8230;<\/p>\n<p>El 5% de las ventas de la colecci\u00f3n se donar\u00e1 a la asociaci\u00f3n Women For Women que, en pa\u00edses afectados por conflictos y guerras, ayuda a las mujeres a ganar y ahorrar dinero, mejorar su salud y bienestar, influir en las decisiones de sus hogares y comunidades y conectarse a redes de apoyo.<\/p>\n","protected":false},"featured_media":6908,"comment_status":"open","ping_status":"closed","template":"","meta":{"_acf_changed":false},"product_brand":[],"product_cat":[275,124,71],"product_tag":[478],"class_list":{"0":"post-8880","1":"product","2":"type-product","3":"status-publish","4":"has-post-thumbnail","6":"product_cat-deesse-moderne-es","7":"product_cat-joyas-personalizables","8":"product_cat-inspirar-atreverse-amar","9":"product_tag-51e-a-100e","10":"pa_modele-collares","11":"pa_modele-personalizables","12":"pa_theme-joyas-bienestar","14":"first","15":"instock","16":"shipping-taxable","17":"purchasable","18":"product-type-variable"},"acf":[],"gallery_images":[6912,6906,6904,6910,6914],"yoast_head":"<!-- This site is optimized with the Yoast SEO plugin v27.2 - https:\/\/yoast.com\/product\/yoast-seo-wordpress\/ -->\n<title>COLLAR MANTRA - mensaje a elegir - La Jungle Bijoux<\/title>\n<meta name=\"description\" content=\"\u00a1Adopte un collar medalla con un mantra motivador que revele su personalidad! Una selecci\u00f3n de 8 mantras, en franc\u00e9s o ingl\u00e9s, o un mensaje personalizado para grabar.\" \/>\n<meta name=\"robots\" content=\"index, follow, max-snippet:-1, max-image-preview:large, max-video-preview:-1\" \/>\n<link rel=\"canonical\" href=\"https:\/\/lajunglebijoux.com\/es\/producto\/collier-personnalisable-message-grave\/\" \/>\n<meta property=\"og:locale\" content=\"es_ES\" \/>\n<meta property=\"og:type\" content=\"article\" \/>\n<meta property=\"og:title\" content=\"COLLAR MANTRA - mensaje a elegir - La Jungle Bijoux\" \/>\n<meta property=\"og:description\" content=\"\u00a1Adopte un collar medalla con un mantra motivador que revele su personalidad! Una selecci\u00f3n de 8 mantras, en franc\u00e9s o ingl\u00e9s, o un mensaje personalizado para grabar.\" \/>\n<meta property=\"og:url\" content=\"https:\/\/lajunglebijoux.com\/es\/producto\/collier-personnalisable-message-grave\/\" \/>\n<meta property=\"og:site_name\" content=\"La Jungle Bijoux\" \/>\n<meta property=\"article:modified_time\" content=\"2024-08-24T11:06:35+00:00\" \/>\n<meta property=\"og:image\" content=\"https:\/\/lajunglebijoux.com\/wp-content\/uploads\/2023\/03\/IMG_20221006_142350-scaled.jpg\" \/>\n\t<meta property=\"og:image:width\" content=\"2560\" \/>\n\t<meta property=\"og:image:height\" content=\"2560\" \/>\n\t<meta property=\"og:image:type\" content=\"image\/jpeg\" \/>\n<meta name=\"twitter:card\" content=\"summary_large_image\" \/>\n<script type=\"application\/ld+json\" class=\"yoast-schema-graph\">{\"@context\":\"https:\/\/schema.org\",\"@graph\":[{\"@type\":\"WebPage\",\"@id\":\"https:\/\/lajunglebijoux.com\/es\/producto\/collier-personnalisable-message-grave\/\",\"url\":\"https:\/\/lajunglebijoux.com\/es\/producto\/collier-personnalisable-message-grave\/\",\"name\":\"COLLAR MANTRA - mensaje a elegir - La Jungle Bijoux\",\"isPartOf\":{\"@id\":\"https:\/\/lajunglebijoux.com\/es\/#website\"},\"primaryImageOfPage\":{\"@id\":\"https:\/\/lajunglebijoux.com\/es\/producto\/collier-personnalisable-message-grave\/#primaryimage\"},\"image\":{\"@id\":\"https:\/\/lajunglebijoux.com\/es\/producto\/collier-personnalisable-message-grave\/#primaryimage\"},\"thumbnailUrl\":\"https:\/\/lajunglebijoux.com\/wp-content\/uploads\/2023\/03\/IMG_20221006_142350-scaled.jpg\",\"datePublished\":\"2023-03-14T07:23:29+00:00\",\"dateModified\":\"2024-08-24T11:06:35+00:00\",\"description\":\"\u00a1Adopte un collar medalla con un mantra motivador que revele su personalidad! Una selecci\u00f3n de 8 mantras, en franc\u00e9s o ingl\u00e9s, o un mensaje personalizado para grabar.\",\"breadcrumb\":{\"@id\":\"https:\/\/lajunglebijoux.com\/es\/producto\/collier-personnalisable-message-grave\/#breadcrumb\"},\"inLanguage\":\"es\",\"potentialAction\":[{\"@type\":\"ReadAction\",\"target\":[\"https:\/\/lajunglebijoux.com\/es\/producto\/collier-personnalisable-message-grave\/\"]}]},{\"@type\":\"ImageObject\",\"inLanguage\":\"es\",\"@id\":\"https:\/\/lajunglebijoux.com\/es\/producto\/collier-personnalisable-message-grave\/#primaryimage\",\"url\":\"https:\/\/lajunglebijoux.com\/wp-content\/uploads\/2023\/03\/IMG_20221006_142350-scaled.jpg\",\"contentUrl\":\"https:\/\/lajunglebijoux.com\/wp-content\/uploads\/2023\/03\/IMG_20221006_142350-scaled.jpg\",\"width\":2560,\"height\":2560,\"caption\":\"collier mantra m\u00e9daille grav\u00e9e\"},{\"@type\":\"BreadcrumbList\",\"@id\":\"https:\/\/lajunglebijoux.com\/es\/producto\/collier-personnalisable-message-grave\/#breadcrumb\",\"itemListElement\":[{\"@type\":\"ListItem\",\"position\":1,\"name\":\"Portada\",\"item\":\"https:\/\/lajunglebijoux.com\/es\/\"},{\"@type\":\"ListItem\",\"position\":2,\"name\":\"Productos\",\"item\":\"https:\/\/lajunglebijoux.com\/es\/shop\/\"},{\"@type\":\"ListItem\",\"position\":3,\"name\":\"COLLAR MANTRA &#8211; mensaje a elegir\"}]},{\"@type\":\"WebSite\",\"@id\":\"https:\/\/lajunglebijoux.com\/es\/#website\",\"url\":\"https:\/\/lajunglebijoux.com\/es\/\",\"name\":\"La Jungle Bijoux\",\"description\":\"\",\"publisher\":{\"@id\":\"https:\/\/lajunglebijoux.com\/es\/#organization\"},\"potentialAction\":[{\"@type\":\"SearchAction\",\"target\":{\"@type\":\"EntryPoint\",\"urlTemplate\":\"https:\/\/lajunglebijoux.com\/es\/?s={search_term_string}\"},\"query-input\":{\"@type\":\"PropertyValueSpecification\",\"valueRequired\":true,\"valueName\":\"search_term_string\"}}],\"inLanguage\":\"es\"},{\"@type\":\"Organization\",\"@id\":\"https:\/\/lajunglebijoux.com\/es\/#organization\",\"name\":\"La Jungle Bijoux\",\"url\":\"https:\/\/lajunglebijoux.com\/es\/\",\"logo\":{\"@type\":\"ImageObject\",\"inLanguage\":\"es\",\"@id\":\"https:\/\/lajunglebijoux.com\/es\/#\/schema\/logo\/image\/\",\"url\":\"https:\/\/lajunglebijoux.com\/wp-content\/uploads\/2023\/01\/LOGO-FINAL-Fonce.jpg\",\"contentUrl\":\"https:\/\/lajunglebijoux.com\/wp-content\/uploads\/2023\/01\/LOGO-FINAL-Fonce.jpg\",\"width\":900,\"height\":900,\"caption\":\"La Jungle Bijoux\"},\"image\":{\"@id\":\"https:\/\/lajunglebijoux.com\/es\/#\/schema\/logo\/image\/\"}}]}<\/script>\n<!-- \/ Yoast SEO plugin. -->","yoast_head_json":{"title":"COLLAR MANTRA - mensaje a elegir - La Jungle Bijoux","description":"\u00a1Adopte un collar medalla con un mantra motivador que revele su personalidad! Una selecci\u00f3n de 8 mantras, en franc\u00e9s o ingl\u00e9s, o un mensaje personalizado para grabar.","robots":{"index":"index","follow":"follow","max-snippet":"max-snippet:-1","max-image-preview":"max-image-preview:large","max-video-preview":"max-video-preview:-1"},"canonical":"https:\/\/lajunglebijoux.com\/es\/producto\/collier-personnalisable-message-grave\/","og_locale":"es_ES","og_type":"article","og_title":"COLLAR MANTRA - mensaje a elegir - La Jungle Bijoux","og_description":"\u00a1Adopte un collar medalla con un mantra motivador que revele su personalidad! Una selecci\u00f3n de 8 mantras, en franc\u00e9s o ingl\u00e9s, o un mensaje personalizado para grabar.","og_url":"https:\/\/lajunglebijoux.com\/es\/producto\/collier-personnalisable-message-grave\/","og_site_name":"La Jungle Bijoux","article_modified_time":"2024-08-24T11:06:35+00:00","og_image":[{"width":2560,"height":2560,"url":"https:\/\/lajunglebijoux.com\/wp-content\/uploads\/2023\/03\/IMG_20221006_142350-scaled.jpg","type":"image\/jpeg"}],"twitter_card":"summary_large_image","schema":{"@context":"https:\/\/schema.org","@graph":[{"@type":"WebPage","@id":"https:\/\/lajunglebijoux.com\/es\/producto\/collier-personnalisable-message-grave\/","url":"https:\/\/lajunglebijoux.com\/es\/producto\/collier-personnalisable-message-grave\/","name":"COLLAR MANTRA - mensaje a elegir - La Jungle Bijoux","isPartOf":{"@id":"https:\/\/lajunglebijoux.com\/es\/#website"},"primaryImageOfPage":{"@id":"https:\/\/lajunglebijoux.com\/es\/producto\/collier-personnalisable-message-grave\/#primaryimage"},"image":{"@id":"https:\/\/lajunglebijoux.com\/es\/producto\/collier-personnalisable-message-grave\/#primaryimage"},"thumbnailUrl":"https:\/\/lajunglebijoux.com\/wp-content\/uploads\/2023\/03\/IMG_20221006_142350-scaled.jpg","datePublished":"2023-03-14T07:23:29+00:00","dateModified":"2024-08-24T11:06:35+00:00","description":"\u00a1Adopte un collar medalla con un mantra motivador que revele su personalidad! Una selecci\u00f3n de 8 mantras, en franc\u00e9s o ingl\u00e9s, o un mensaje personalizado para grabar.","breadcrumb":{"@id":"https:\/\/lajunglebijoux.com\/es\/producto\/collier-personnalisable-message-grave\/#breadcrumb"},"inLanguage":"es","potentialAction":[{"@type":"ReadAction","target":["https:\/\/lajunglebijoux.com\/es\/producto\/collier-personnalisable-message-grave\/"]}]},{"@type":"ImageObject","inLanguage":"es","@id":"https:\/\/lajunglebijoux.com\/es\/producto\/collier-personnalisable-message-grave\/#primaryimage","url":"https:\/\/lajunglebijoux.com\/wp-content\/uploads\/2023\/03\/IMG_20221006_142350-scaled.jpg","contentUrl":"https:\/\/lajunglebijoux.com\/wp-content\/uploads\/2023\/03\/IMG_20221006_142350-scaled.jpg","width":2560,"height":2560,"caption":"collier mantra m\u00e9daille grav\u00e9e"},{"@type":"BreadcrumbList","@id":"https:\/\/lajunglebijoux.com\/es\/producto\/collier-personnalisable-message-grave\/#breadcrumb","itemListElement":[{"@type":"ListItem","position":1,"name":"Portada","item":"https:\/\/lajunglebijoux.com\/es\/"},{"@type":"ListItem","position":2,"name":"Productos","item":"https:\/\/lajunglebijoux.com\/es\/shop\/"},{"@type":"ListItem","position":3,"name":"COLLAR MANTRA &#8211; mensaje a elegir"}]},{"@type":"WebSite","@id":"https:\/\/lajunglebijoux.com\/es\/#website","url":"https:\/\/lajunglebijoux.com\/es\/","name":"La Jungle Bijoux","description":"","publisher":{"@id":"https:\/\/lajunglebijoux.com\/es\/#organization"},"potentialAction":[{"@type":"SearchAction","target":{"@type":"EntryPoint","urlTemplate":"https:\/\/lajunglebijoux.com\/es\/?s={search_term_string}"},"query-input":{"@type":"PropertyValueSpecification","valueRequired":true,"valueName":"search_term_string"}}],"inLanguage":"es"},{"@type":"Organization","@id":"https:\/\/lajunglebijoux.com\/es\/#organization","name":"La Jungle Bijoux","url":"https:\/\/lajunglebijoux.com\/es\/","logo":{"@type":"ImageObject","inLanguage":"es","@id":"https:\/\/lajunglebijoux.com\/es\/#\/schema\/logo\/image\/","url":"https:\/\/lajunglebijoux.com\/wp-content\/uploads\/2023\/01\/LOGO-FINAL-Fonce.jpg","contentUrl":"https:\/\/lajunglebijoux.com\/wp-content\/uploads\/2023\/01\/LOGO-FINAL-Fonce.jpg","width":900,"height":900,"caption":"La Jungle Bijoux"},"image":{"@id":"https:\/\/lajunglebijoux.com\/es\/#\/schema\/logo\/image\/"}}]}},"_links":{"self":[{"href":"https:\/\/lajunglebijoux.com\/es\/wp-json\/wp\/v2\/product\/8880","targetHints":{"allow":["GET"]}}],"collection":[{"href":"https:\/\/lajunglebijoux.com\/es\/wp-json\/wp\/v2\/product"}],"about":[{"href":"https:\/\/lajunglebijoux.com\/es\/wp-json\/wp\/v2\/types\/product"}],"replies":[{"embeddable":true,"href":"https:\/\/lajunglebijoux.com\/es\/wp-json\/wp\/v2\/comments?post=8880"}],"version-history":[{"count":0,"href":"https:\/\/lajunglebijoux.com\/es\/wp-json\/wp\/v2\/product\/8880\/revisions"}],"wp:featuredmedia":[{"embeddable":true,"href":"https:\/\/lajunglebijoux.com\/es\/wp-json\/wp\/v2\/media\/6908"}],"wp:attachment":[{"href":"https:\/\/lajunglebijoux.com\/es\/wp-json\/wp\/v2\/media?parent=8880"}],"wp:term":[{"taxonomy":"product_brand","embeddable":true,"href":"https:\/\/lajunglebijoux.com\/es\/wp-json\/wp\/v2\/product_brand?post=8880"},{"taxonomy":"product_cat","embeddable":true,"href":"https:\/\/lajunglebijoux.com\/es\/wp-json\/wp\/v2\/product_cat?post=8880"},{"taxonomy":"product_tag","embeddable":true,"href":"https:\/\/lajunglebijoux.com\/es\/wp-json\/wp\/v2\/product_tag?post=8880"}],"curies":[{"name":"wp","href":"https:\/\/api.w.org\/{rel}","templated":true}]}}