{"id":8870,"date":"2023-04-07T20:37:09","date_gmt":"2023-04-07T18:37:09","guid":{"rendered":"https:\/\/lajunglebijoux.com\/product\/juliette-collier-coeur-or\/"},"modified":"2024-08-24T12:59:02","modified_gmt":"2024-08-24T10:59:02","slug":"juliette-collier-coeur-or","status":"publish","type":"product","link":"https:\/\/lajunglebijoux.com\/es\/producto\/juliette-collier-coeur-or\/","title":{"rendered":"JULIETTE &#8211; collar coraz\u00f3n de oro"},"content":{"rendered":"","protected":false},"excerpt":{"rendered":"<p>Simboliza el amor incondicional y el amor propio.<\/p>\n<p>Collar coraz\u00f3n de oro fino de 24 quilates de alta resistencia sobre base de lat\u00f3n.<\/p>\n<p>Cadena trenzada, longitud 50 cm + 5 cm de prolongaci\u00f3n.<\/p>\n<p>El nombre de la joya hace referencia a la dise\u00f1adora \u00abLes petites cuill\u00e8res de Juliette\u00bb, para quien se cre\u00f3 esta joya por primera vez.<\/p>\n","protected":false},"featured_media":7594,"comment_status":"open","ping_status":"closed","template":"","meta":{"_acf_changed":false},"product_brand":[],"product_cat":[158],"product_tag":[480],"class_list":{"0":"post-8870","1":"product","2":"type-product","3":"status-publish","4":"has-post-thumbnail","6":"product_cat-sueno","7":"product_tag-menos-de-50e","8":"pa_modele-collares","9":"pa_theme-joyas-amor","10":"pa_theme-estilo-vintage","12":"first","13":"outofstock","14":"sale","15":"shipping-taxable","16":"purchasable","17":"product-type-simple"},"acf":[],"gallery_images":[13126,7592,7596,7598,10955,7600],"yoast_head":"<!-- This site is optimized with the Yoast SEO plugin v27.2 - https:\/\/yoast.com\/product\/yoast-seo-wordpress\/ -->\n<title>JULIETTE - collar coraz\u00f3n de oro - La Jungle Bijoux<\/title>\n<meta name=\"description\" content=\"Un collar de coraz\u00f3n dorado con oro fino de 24 quilates, para regalar o regalarse una celebraci\u00f3n del amor en todas sus formas. Hecho a mano. Existencias limitadas.\" \/>\n<meta name=\"robots\" content=\"index, follow, max-snippet:-1, max-image-preview:large, max-video-preview:-1\" \/>\n<link rel=\"canonical\" href=\"https:\/\/lajunglebijoux.com\/es\/producto\/juliette-collier-coeur-or\/\" \/>\n<meta property=\"og:locale\" content=\"es_ES\" \/>\n<meta property=\"og:type\" content=\"article\" \/>\n<meta property=\"og:title\" content=\"JULIETTE - collar coraz\u00f3n de oro - La Jungle Bijoux\" \/>\n<meta property=\"og:description\" content=\"Un collar de coraz\u00f3n dorado con oro fino de 24 quilates, para regalar o regalarse una celebraci\u00f3n del amor en todas sus formas. Hecho a mano. Existencias limitadas.\" \/>\n<meta property=\"og:url\" content=\"https:\/\/lajunglebijoux.com\/es\/producto\/juliette-collier-coeur-or\/\" \/>\n<meta property=\"og:site_name\" content=\"La Jungle Bijoux\" \/>\n<meta property=\"article:modified_time\" content=\"2024-08-24T10:59:02+00:00\" \/>\n<meta property=\"og:image\" content=\"https:\/\/lajunglebijoux.com\/wp-content\/uploads\/2023\/04\/JULIETTE-5.jpg\" \/>\n\t<meta property=\"og:image:width\" content=\"2560\" \/>\n\t<meta property=\"og:image:height\" content=\"2560\" \/>\n\t<meta property=\"og:image:type\" content=\"image\/jpeg\" \/>\n<meta name=\"twitter:card\" content=\"summary_large_image\" \/>\n<script type=\"application\/ld+json\" class=\"yoast-schema-graph\">{\"@context\":\"https:\/\/schema.org\",\"@graph\":[{\"@type\":\"WebPage\",\"@id\":\"https:\/\/lajunglebijoux.com\/es\/producto\/juliette-collier-coeur-or\/\",\"url\":\"https:\/\/lajunglebijoux.com\/es\/producto\/juliette-collier-coeur-or\/\",\"name\":\"JULIETTE - collar coraz\u00f3n de oro - La Jungle Bijoux\",\"isPartOf\":{\"@id\":\"https:\/\/lajunglebijoux.com\/es\/#website\"},\"primaryImageOfPage\":{\"@id\":\"https:\/\/lajunglebijoux.com\/es\/producto\/juliette-collier-coeur-or\/#primaryimage\"},\"image\":{\"@id\":\"https:\/\/lajunglebijoux.com\/es\/producto\/juliette-collier-coeur-or\/#primaryimage\"},\"thumbnailUrl\":\"https:\/\/lajunglebijoux.com\/wp-content\/uploads\/2023\/04\/JULIETTE-5.jpg\",\"datePublished\":\"2023-04-07T18:37:09+00:00\",\"dateModified\":\"2024-08-24T10:59:02+00:00\",\"description\":\"Un collar de coraz\u00f3n dorado con oro fino de 24 quilates, para regalar o regalarse una celebraci\u00f3n del amor en todas sus formas. Hecho a mano. Existencias limitadas.\",\"breadcrumb\":{\"@id\":\"https:\/\/lajunglebijoux.com\/es\/producto\/juliette-collier-coeur-or\/#breadcrumb\"},\"inLanguage\":\"es\",\"potentialAction\":[{\"@type\":\"ReadAction\",\"target\":[\"https:\/\/lajunglebijoux.com\/es\/producto\/juliette-collier-coeur-or\/\"]}]},{\"@type\":\"ImageObject\",\"inLanguage\":\"es\",\"@id\":\"https:\/\/lajunglebijoux.com\/es\/producto\/juliette-collier-coeur-or\/#primaryimage\",\"url\":\"https:\/\/lajunglebijoux.com\/wp-content\/uploads\/2023\/04\/JULIETTE-5.jpg\",\"contentUrl\":\"https:\/\/lajunglebijoux.com\/wp-content\/uploads\/2023\/04\/JULIETTE-5.jpg\",\"width\":2560,\"height\":2560,\"caption\":\"collier coeur juliette\"},{\"@type\":\"BreadcrumbList\",\"@id\":\"https:\/\/lajunglebijoux.com\/es\/producto\/juliette-collier-coeur-or\/#breadcrumb\",\"itemListElement\":[{\"@type\":\"ListItem\",\"position\":1,\"name\":\"Portada\",\"item\":\"https:\/\/lajunglebijoux.com\/es\/\"},{\"@type\":\"ListItem\",\"position\":2,\"name\":\"Productos\",\"item\":\"https:\/\/lajunglebijoux.com\/es\/shop\/\"},{\"@type\":\"ListItem\",\"position\":3,\"name\":\"JULIETTE &#8211; collar coraz\u00f3n de oro\"}]},{\"@type\":\"WebSite\",\"@id\":\"https:\/\/lajunglebijoux.com\/es\/#website\",\"url\":\"https:\/\/lajunglebijoux.com\/es\/\",\"name\":\"La Jungle Bijoux\",\"description\":\"\",\"publisher\":{\"@id\":\"https:\/\/lajunglebijoux.com\/es\/#organization\"},\"potentialAction\":[{\"@type\":\"SearchAction\",\"target\":{\"@type\":\"EntryPoint\",\"urlTemplate\":\"https:\/\/lajunglebijoux.com\/es\/?s={search_term_string}\"},\"query-input\":{\"@type\":\"PropertyValueSpecification\",\"valueRequired\":true,\"valueName\":\"search_term_string\"}}],\"inLanguage\":\"es\"},{\"@type\":\"Organization\",\"@id\":\"https:\/\/lajunglebijoux.com\/es\/#organization\",\"name\":\"La Jungle Bijoux\",\"url\":\"https:\/\/lajunglebijoux.com\/es\/\",\"logo\":{\"@type\":\"ImageObject\",\"inLanguage\":\"es\",\"@id\":\"https:\/\/lajunglebijoux.com\/es\/#\/schema\/logo\/image\/\",\"url\":\"https:\/\/lajunglebijoux.com\/wp-content\/uploads\/2023\/01\/LOGO-FINAL-Fonce.jpg\",\"contentUrl\":\"https:\/\/lajunglebijoux.com\/wp-content\/uploads\/2023\/01\/LOGO-FINAL-Fonce.jpg\",\"width\":900,\"height\":900,\"caption\":\"La Jungle Bijoux\"},\"image\":{\"@id\":\"https:\/\/lajunglebijoux.com\/es\/#\/schema\/logo\/image\/\"}}]}<\/script>\n<!-- \/ Yoast SEO plugin. -->","yoast_head_json":{"title":"JULIETTE - collar coraz\u00f3n de oro - La Jungle Bijoux","description":"Un collar de coraz\u00f3n dorado con oro fino de 24 quilates, para regalar o regalarse una celebraci\u00f3n del amor en todas sus formas. Hecho a mano. Existencias limitadas.","robots":{"index":"index","follow":"follow","max-snippet":"max-snippet:-1","max-image-preview":"max-image-preview:large","max-video-preview":"max-video-preview:-1"},"canonical":"https:\/\/lajunglebijoux.com\/es\/producto\/juliette-collier-coeur-or\/","og_locale":"es_ES","og_type":"article","og_title":"JULIETTE - collar coraz\u00f3n de oro - La Jungle Bijoux","og_description":"Un collar de coraz\u00f3n dorado con oro fino de 24 quilates, para regalar o regalarse una celebraci\u00f3n del amor en todas sus formas. Hecho a mano. Existencias limitadas.","og_url":"https:\/\/lajunglebijoux.com\/es\/producto\/juliette-collier-coeur-or\/","og_site_name":"La Jungle Bijoux","article_modified_time":"2024-08-24T10:59:02+00:00","og_image":[{"width":2560,"height":2560,"url":"https:\/\/lajunglebijoux.com\/wp-content\/uploads\/2023\/04\/JULIETTE-5.jpg","type":"image\/jpeg"}],"twitter_card":"summary_large_image","schema":{"@context":"https:\/\/schema.org","@graph":[{"@type":"WebPage","@id":"https:\/\/lajunglebijoux.com\/es\/producto\/juliette-collier-coeur-or\/","url":"https:\/\/lajunglebijoux.com\/es\/producto\/juliette-collier-coeur-or\/","name":"JULIETTE - collar coraz\u00f3n de oro - La Jungle Bijoux","isPartOf":{"@id":"https:\/\/lajunglebijoux.com\/es\/#website"},"primaryImageOfPage":{"@id":"https:\/\/lajunglebijoux.com\/es\/producto\/juliette-collier-coeur-or\/#primaryimage"},"image":{"@id":"https:\/\/lajunglebijoux.com\/es\/producto\/juliette-collier-coeur-or\/#primaryimage"},"thumbnailUrl":"https:\/\/lajunglebijoux.com\/wp-content\/uploads\/2023\/04\/JULIETTE-5.jpg","datePublished":"2023-04-07T18:37:09+00:00","dateModified":"2024-08-24T10:59:02+00:00","description":"Un collar de coraz\u00f3n dorado con oro fino de 24 quilates, para regalar o regalarse una celebraci\u00f3n del amor en todas sus formas. Hecho a mano. Existencias limitadas.","breadcrumb":{"@id":"https:\/\/lajunglebijoux.com\/es\/producto\/juliette-collier-coeur-or\/#breadcrumb"},"inLanguage":"es","potentialAction":[{"@type":"ReadAction","target":["https:\/\/lajunglebijoux.com\/es\/producto\/juliette-collier-coeur-or\/"]}]},{"@type":"ImageObject","inLanguage":"es","@id":"https:\/\/lajunglebijoux.com\/es\/producto\/juliette-collier-coeur-or\/#primaryimage","url":"https:\/\/lajunglebijoux.com\/wp-content\/uploads\/2023\/04\/JULIETTE-5.jpg","contentUrl":"https:\/\/lajunglebijoux.com\/wp-content\/uploads\/2023\/04\/JULIETTE-5.jpg","width":2560,"height":2560,"caption":"collier coeur juliette"},{"@type":"BreadcrumbList","@id":"https:\/\/lajunglebijoux.com\/es\/producto\/juliette-collier-coeur-or\/#breadcrumb","itemListElement":[{"@type":"ListItem","position":1,"name":"Portada","item":"https:\/\/lajunglebijoux.com\/es\/"},{"@type":"ListItem","position":2,"name":"Productos","item":"https:\/\/lajunglebijoux.com\/es\/shop\/"},{"@type":"ListItem","position":3,"name":"JULIETTE &#8211; collar coraz\u00f3n de oro"}]},{"@type":"WebSite","@id":"https:\/\/lajunglebijoux.com\/es\/#website","url":"https:\/\/lajunglebijoux.com\/es\/","name":"La Jungle Bijoux","description":"","publisher":{"@id":"https:\/\/lajunglebijoux.com\/es\/#organization"},"potentialAction":[{"@type":"SearchAction","target":{"@type":"EntryPoint","urlTemplate":"https:\/\/lajunglebijoux.com\/es\/?s={search_term_string}"},"query-input":{"@type":"PropertyValueSpecification","valueRequired":true,"valueName":"search_term_string"}}],"inLanguage":"es"},{"@type":"Organization","@id":"https:\/\/lajunglebijoux.com\/es\/#organization","name":"La Jungle Bijoux","url":"https:\/\/lajunglebijoux.com\/es\/","logo":{"@type":"ImageObject","inLanguage":"es","@id":"https:\/\/lajunglebijoux.com\/es\/#\/schema\/logo\/image\/","url":"https:\/\/lajunglebijoux.com\/wp-content\/uploads\/2023\/01\/LOGO-FINAL-Fonce.jpg","contentUrl":"https:\/\/lajunglebijoux.com\/wp-content\/uploads\/2023\/01\/LOGO-FINAL-Fonce.jpg","width":900,"height":900,"caption":"La Jungle Bijoux"},"image":{"@id":"https:\/\/lajunglebijoux.com\/es\/#\/schema\/logo\/image\/"}}]}},"_links":{"self":[{"href":"https:\/\/lajunglebijoux.com\/es\/wp-json\/wp\/v2\/product\/8870","targetHints":{"allow":["GET"]}}],"collection":[{"href":"https:\/\/lajunglebijoux.com\/es\/wp-json\/wp\/v2\/product"}],"about":[{"href":"https:\/\/lajunglebijoux.com\/es\/wp-json\/wp\/v2\/types\/product"}],"replies":[{"embeddable":true,"href":"https:\/\/lajunglebijoux.com\/es\/wp-json\/wp\/v2\/comments?post=8870"}],"version-history":[{"count":0,"href":"https:\/\/lajunglebijoux.com\/es\/wp-json\/wp\/v2\/product\/8870\/revisions"}],"wp:featuredmedia":[{"embeddable":true,"href":"https:\/\/lajunglebijoux.com\/es\/wp-json\/wp\/v2\/media\/7594"}],"wp:attachment":[{"href":"https:\/\/lajunglebijoux.com\/es\/wp-json\/wp\/v2\/media?parent=8870"}],"wp:term":[{"taxonomy":"product_brand","embeddable":true,"href":"https:\/\/lajunglebijoux.com\/es\/wp-json\/wp\/v2\/product_brand?post=8870"},{"taxonomy":"product_cat","embeddable":true,"href":"https:\/\/lajunglebijoux.com\/es\/wp-json\/wp\/v2\/product_cat?post=8870"},{"taxonomy":"product_tag","embeddable":true,"href":"https:\/\/lajunglebijoux.com\/es\/wp-json\/wp\/v2\/product_tag?post=8870"}],"curies":[{"name":"wp","href":"https:\/\/api.w.org\/{rel}","templated":true}]}}