{"id":8865,"date":"2022-11-14T11:28:00","date_gmt":"2022-11-14T09:28:00","guid":{"rendered":"https:\/\/lajunglebijoux.com\/product\/bracelet-etoile-du-nord\/"},"modified":"2024-08-24T12:59:12","modified_gmt":"2024-08-24T10:59:12","slug":"bracelet-etoile-du-nord","status":"publish","type":"product","link":"https:\/\/lajunglebijoux.com\/es\/producto\/bracelet-etoile-du-nord\/","title":{"rendered":"Pulsera estrella del norte &#8211; oro o plata"},"content":{"rendered":"","protected":false},"excerpt":{"rendered":"<p>La Estrella Polar es sin\u00f3nimo de orientaci\u00f3n, puntos de referencia y estabilidad, gracias a su especial brillo nocturno.<\/p>\n<p>Su luz tambi\u00e9n simboliza la armon\u00eda, la vitalidad, la belleza y la salud. Nos invita a confiar en la vida, en el universo perfectamente imperfecto, porque todo est\u00e1 en su sitio.<\/p>\n<p>Tambi\u00e9n es un poderoso transmisor de energ\u00edas positivas, como la empat\u00eda, a trav\u00e9s de sus ramas.<\/p>\n<p>Por \u00faltimo, como saben, mi objetivo con las joyas La Jungle es resaltar el valor de la mujer y darle confianza en s\u00ed misma. La pulsera estrella act\u00faa como recordatorio y nos ayuda a amar tambi\u00e9n nuestro lado oscuro, porque sin la sombra de la noche, la luz de la estrella no existir\u00eda.<\/p>\n<p>Pulsera estrella disponible en oro fino de 1 micra o rodiado (ba\u00f1o de plata).<\/p>\n<p>Tama\u00f1o ajustable con cadena de extensi\u00f3n.<\/p>\n<p>Chapado en oro o plata de alta resistencia, en garant\u00eda, consulte nuestra p\u00e1gina de garant\u00eda.<\/p>\n","protected":false},"featured_media":2592,"comment_status":"open","ping_status":"closed","template":"","meta":{"_acf_changed":false},"product_brand":[],"product_cat":[170],"product_tag":[480],"class_list":{"0":"post-8865","1":"product","2":"type-product","3":"status-publish","4":"has-post-thumbnail","6":"product_cat-los-simbolos","7":"product_tag-menos-de-50e","8":"pa_modele-pulseras","9":"pa_theme-joyas-astral-tarot","11":"first","12":"instock","13":"shipping-taxable","14":"purchasable","15":"product-type-variable"},"acf":[],"gallery_images":[2586,2594,2590,2588,2596],"yoast_head":"<!-- This site is optimized with the Yoast SEO plugin v27.2 - https:\/\/yoast.com\/product\/yoast-seo-wordpress\/ -->\n<title>Pulsera estrella del norte - oro o plata - La Jungle Bijoux<\/title>\n<meta name=\"description\" content=\"Descubra nuestra pulsera Estrella Polar, ba\u00f1ada en plata o en oro. S\u00edmbolo emblem\u00e1tico, la Estrella Polar le invita a dejarse guiar e inspirar.\" \/>\n<meta name=\"robots\" content=\"index, follow, max-snippet:-1, max-image-preview:large, max-video-preview:-1\" \/>\n<link rel=\"canonical\" href=\"https:\/\/lajunglebijoux.com\/es\/producto\/bracelet-etoile-du-nord\/\" \/>\n<meta property=\"og:locale\" content=\"es_ES\" \/>\n<meta property=\"og:type\" content=\"article\" \/>\n<meta property=\"og:title\" content=\"Pulsera estrella del norte - oro o plata - La Jungle Bijoux\" \/>\n<meta property=\"og:description\" content=\"Descubra nuestra pulsera Estrella Polar, ba\u00f1ada en plata o en oro. S\u00edmbolo emblem\u00e1tico, la Estrella Polar le invita a dejarse guiar e inspirar.\" \/>\n<meta property=\"og:url\" content=\"https:\/\/lajunglebijoux.com\/es\/producto\/bracelet-etoile-du-nord\/\" \/>\n<meta property=\"og:site_name\" content=\"La Jungle Bijoux\" \/>\n<meta property=\"article:modified_time\" content=\"2024-08-24T10:59:12+00:00\" \/>\n<meta property=\"og:image\" content=\"https:\/\/lajunglebijoux.com\/wp-content\/uploads\/2022\/11\/IMG_20220307_155827-1.jpg\" \/>\n\t<meta property=\"og:image:width\" content=\"1500\" \/>\n\t<meta property=\"og:image:height\" content=\"1500\" \/>\n\t<meta property=\"og:image:type\" content=\"image\/jpeg\" \/>\n<meta name=\"twitter:card\" content=\"summary_large_image\" \/>\n<script type=\"application\/ld+json\" class=\"yoast-schema-graph\">{\"@context\":\"https:\/\/schema.org\",\"@graph\":[{\"@type\":\"WebPage\",\"@id\":\"https:\/\/lajunglebijoux.com\/es\/producto\/bracelet-etoile-du-nord\/\",\"url\":\"https:\/\/lajunglebijoux.com\/es\/producto\/bracelet-etoile-du-nord\/\",\"name\":\"Pulsera estrella del norte - oro o plata - La Jungle Bijoux\",\"isPartOf\":{\"@id\":\"https:\/\/lajunglebijoux.com\/es\/#website\"},\"primaryImageOfPage\":{\"@id\":\"https:\/\/lajunglebijoux.com\/es\/producto\/bracelet-etoile-du-nord\/#primaryimage\"},\"image\":{\"@id\":\"https:\/\/lajunglebijoux.com\/es\/producto\/bracelet-etoile-du-nord\/#primaryimage\"},\"thumbnailUrl\":\"https:\/\/lajunglebijoux.com\/wp-content\/uploads\/2022\/11\/IMG_20220307_155827-1.jpg\",\"datePublished\":\"2022-11-14T09:28:00+00:00\",\"dateModified\":\"2024-08-24T10:59:12+00:00\",\"description\":\"Descubra nuestra pulsera Estrella Polar, ba\u00f1ada en plata o en oro. S\u00edmbolo emblem\u00e1tico, la Estrella Polar le invita a dejarse guiar e inspirar.\",\"breadcrumb\":{\"@id\":\"https:\/\/lajunglebijoux.com\/es\/producto\/bracelet-etoile-du-nord\/#breadcrumb\"},\"inLanguage\":\"es\",\"potentialAction\":[{\"@type\":\"ReadAction\",\"target\":[\"https:\/\/lajunglebijoux.com\/es\/producto\/bracelet-etoile-du-nord\/\"]}]},{\"@type\":\"ImageObject\",\"inLanguage\":\"es\",\"@id\":\"https:\/\/lajunglebijoux.com\/es\/producto\/bracelet-etoile-du-nord\/#primaryimage\",\"url\":\"https:\/\/lajunglebijoux.com\/wp-content\/uploads\/2022\/11\/IMG_20220307_155827-1.jpg\",\"contentUrl\":\"https:\/\/lajunglebijoux.com\/wp-content\/uploads\/2022\/11\/IMG_20220307_155827-1.jpg\",\"width\":1500,\"height\":1500,\"caption\":\"bracelet \u00e9toile du nord\"},{\"@type\":\"BreadcrumbList\",\"@id\":\"https:\/\/lajunglebijoux.com\/es\/producto\/bracelet-etoile-du-nord\/#breadcrumb\",\"itemListElement\":[{\"@type\":\"ListItem\",\"position\":1,\"name\":\"Portada\",\"item\":\"https:\/\/lajunglebijoux.com\/es\/\"},{\"@type\":\"ListItem\",\"position\":2,\"name\":\"Productos\",\"item\":\"https:\/\/lajunglebijoux.com\/es\/shop\/\"},{\"@type\":\"ListItem\",\"position\":3,\"name\":\"Pulsera estrella del norte &#8211; oro o plata\"}]},{\"@type\":\"WebSite\",\"@id\":\"https:\/\/lajunglebijoux.com\/es\/#website\",\"url\":\"https:\/\/lajunglebijoux.com\/es\/\",\"name\":\"La Jungle Bijoux\",\"description\":\"\",\"publisher\":{\"@id\":\"https:\/\/lajunglebijoux.com\/es\/#organization\"},\"potentialAction\":[{\"@type\":\"SearchAction\",\"target\":{\"@type\":\"EntryPoint\",\"urlTemplate\":\"https:\/\/lajunglebijoux.com\/es\/?s={search_term_string}\"},\"query-input\":{\"@type\":\"PropertyValueSpecification\",\"valueRequired\":true,\"valueName\":\"search_term_string\"}}],\"inLanguage\":\"es\"},{\"@type\":\"Organization\",\"@id\":\"https:\/\/lajunglebijoux.com\/es\/#organization\",\"name\":\"La Jungle Bijoux\",\"url\":\"https:\/\/lajunglebijoux.com\/es\/\",\"logo\":{\"@type\":\"ImageObject\",\"inLanguage\":\"es\",\"@id\":\"https:\/\/lajunglebijoux.com\/es\/#\/schema\/logo\/image\/\",\"url\":\"https:\/\/lajunglebijoux.com\/wp-content\/uploads\/2023\/01\/LOGO-FINAL-Fonce.jpg\",\"contentUrl\":\"https:\/\/lajunglebijoux.com\/wp-content\/uploads\/2023\/01\/LOGO-FINAL-Fonce.jpg\",\"width\":900,\"height\":900,\"caption\":\"La Jungle Bijoux\"},\"image\":{\"@id\":\"https:\/\/lajunglebijoux.com\/es\/#\/schema\/logo\/image\/\"}}]}<\/script>\n<!-- \/ Yoast SEO plugin. -->","yoast_head_json":{"title":"Pulsera estrella del norte - oro o plata - La Jungle Bijoux","description":"Descubra nuestra pulsera Estrella Polar, ba\u00f1ada en plata o en oro. S\u00edmbolo emblem\u00e1tico, la Estrella Polar le invita a dejarse guiar e inspirar.","robots":{"index":"index","follow":"follow","max-snippet":"max-snippet:-1","max-image-preview":"max-image-preview:large","max-video-preview":"max-video-preview:-1"},"canonical":"https:\/\/lajunglebijoux.com\/es\/producto\/bracelet-etoile-du-nord\/","og_locale":"es_ES","og_type":"article","og_title":"Pulsera estrella del norte - oro o plata - La Jungle Bijoux","og_description":"Descubra nuestra pulsera Estrella Polar, ba\u00f1ada en plata o en oro. S\u00edmbolo emblem\u00e1tico, la Estrella Polar le invita a dejarse guiar e inspirar.","og_url":"https:\/\/lajunglebijoux.com\/es\/producto\/bracelet-etoile-du-nord\/","og_site_name":"La Jungle Bijoux","article_modified_time":"2024-08-24T10:59:12+00:00","og_image":[{"width":1500,"height":1500,"url":"https:\/\/lajunglebijoux.com\/wp-content\/uploads\/2022\/11\/IMG_20220307_155827-1.jpg","type":"image\/jpeg"}],"twitter_card":"summary_large_image","schema":{"@context":"https:\/\/schema.org","@graph":[{"@type":"WebPage","@id":"https:\/\/lajunglebijoux.com\/es\/producto\/bracelet-etoile-du-nord\/","url":"https:\/\/lajunglebijoux.com\/es\/producto\/bracelet-etoile-du-nord\/","name":"Pulsera estrella del norte - oro o plata - La Jungle Bijoux","isPartOf":{"@id":"https:\/\/lajunglebijoux.com\/es\/#website"},"primaryImageOfPage":{"@id":"https:\/\/lajunglebijoux.com\/es\/producto\/bracelet-etoile-du-nord\/#primaryimage"},"image":{"@id":"https:\/\/lajunglebijoux.com\/es\/producto\/bracelet-etoile-du-nord\/#primaryimage"},"thumbnailUrl":"https:\/\/lajunglebijoux.com\/wp-content\/uploads\/2022\/11\/IMG_20220307_155827-1.jpg","datePublished":"2022-11-14T09:28:00+00:00","dateModified":"2024-08-24T10:59:12+00:00","description":"Descubra nuestra pulsera Estrella Polar, ba\u00f1ada en plata o en oro. S\u00edmbolo emblem\u00e1tico, la Estrella Polar le invita a dejarse guiar e inspirar.","breadcrumb":{"@id":"https:\/\/lajunglebijoux.com\/es\/producto\/bracelet-etoile-du-nord\/#breadcrumb"},"inLanguage":"es","potentialAction":[{"@type":"ReadAction","target":["https:\/\/lajunglebijoux.com\/es\/producto\/bracelet-etoile-du-nord\/"]}]},{"@type":"ImageObject","inLanguage":"es","@id":"https:\/\/lajunglebijoux.com\/es\/producto\/bracelet-etoile-du-nord\/#primaryimage","url":"https:\/\/lajunglebijoux.com\/wp-content\/uploads\/2022\/11\/IMG_20220307_155827-1.jpg","contentUrl":"https:\/\/lajunglebijoux.com\/wp-content\/uploads\/2022\/11\/IMG_20220307_155827-1.jpg","width":1500,"height":1500,"caption":"bracelet \u00e9toile du nord"},{"@type":"BreadcrumbList","@id":"https:\/\/lajunglebijoux.com\/es\/producto\/bracelet-etoile-du-nord\/#breadcrumb","itemListElement":[{"@type":"ListItem","position":1,"name":"Portada","item":"https:\/\/lajunglebijoux.com\/es\/"},{"@type":"ListItem","position":2,"name":"Productos","item":"https:\/\/lajunglebijoux.com\/es\/shop\/"},{"@type":"ListItem","position":3,"name":"Pulsera estrella del norte &#8211; oro o plata"}]},{"@type":"WebSite","@id":"https:\/\/lajunglebijoux.com\/es\/#website","url":"https:\/\/lajunglebijoux.com\/es\/","name":"La Jungle Bijoux","description":"","publisher":{"@id":"https:\/\/lajunglebijoux.com\/es\/#organization"},"potentialAction":[{"@type":"SearchAction","target":{"@type":"EntryPoint","urlTemplate":"https:\/\/lajunglebijoux.com\/es\/?s={search_term_string}"},"query-input":{"@type":"PropertyValueSpecification","valueRequired":true,"valueName":"search_term_string"}}],"inLanguage":"es"},{"@type":"Organization","@id":"https:\/\/lajunglebijoux.com\/es\/#organization","name":"La Jungle Bijoux","url":"https:\/\/lajunglebijoux.com\/es\/","logo":{"@type":"ImageObject","inLanguage":"es","@id":"https:\/\/lajunglebijoux.com\/es\/#\/schema\/logo\/image\/","url":"https:\/\/lajunglebijoux.com\/wp-content\/uploads\/2023\/01\/LOGO-FINAL-Fonce.jpg","contentUrl":"https:\/\/lajunglebijoux.com\/wp-content\/uploads\/2023\/01\/LOGO-FINAL-Fonce.jpg","width":900,"height":900,"caption":"La Jungle Bijoux"},"image":{"@id":"https:\/\/lajunglebijoux.com\/es\/#\/schema\/logo\/image\/"}}]}},"_links":{"self":[{"href":"https:\/\/lajunglebijoux.com\/es\/wp-json\/wp\/v2\/product\/8865","targetHints":{"allow":["GET"]}}],"collection":[{"href":"https:\/\/lajunglebijoux.com\/es\/wp-json\/wp\/v2\/product"}],"about":[{"href":"https:\/\/lajunglebijoux.com\/es\/wp-json\/wp\/v2\/types\/product"}],"replies":[{"embeddable":true,"href":"https:\/\/lajunglebijoux.com\/es\/wp-json\/wp\/v2\/comments?post=8865"}],"version-history":[{"count":0,"href":"https:\/\/lajunglebijoux.com\/es\/wp-json\/wp\/v2\/product\/8865\/revisions"}],"wp:featuredmedia":[{"embeddable":true,"href":"https:\/\/lajunglebijoux.com\/es\/wp-json\/wp\/v2\/media\/2592"}],"wp:attachment":[{"href":"https:\/\/lajunglebijoux.com\/es\/wp-json\/wp\/v2\/media?parent=8865"}],"wp:term":[{"taxonomy":"product_brand","embeddable":true,"href":"https:\/\/lajunglebijoux.com\/es\/wp-json\/wp\/v2\/product_brand?post=8865"},{"taxonomy":"product_cat","embeddable":true,"href":"https:\/\/lajunglebijoux.com\/es\/wp-json\/wp\/v2\/product_cat?post=8865"},{"taxonomy":"product_tag","embeddable":true,"href":"https:\/\/lajunglebijoux.com\/es\/wp-json\/wp\/v2\/product_tag?post=8865"}],"curies":[{"name":"wp","href":"https:\/\/api.w.org\/{rel}","templated":true}]}}