{"id":8862,"date":"2022-11-14T11:37:43","date_gmt":"2022-11-14T09:37:43","guid":{"rendered":"https:\/\/lajunglebijoux.com\/product\/bracelet-voie-lactee\/"},"modified":"2024-08-24T12:58:45","modified_gmt":"2024-08-24T10:58:45","slug":"bracelet-voie-lactee","status":"publish","type":"product","link":"https:\/\/lajunglebijoux.com\/es\/producto\/bracelet-voie-lactee\/","title":{"rendered":"Pulsera VOIE LACT\u00c9E &#8211; oro o plata"},"content":{"rendered":"","protected":false},"excerpt":{"rendered":"<p>Esta pulsera de estrellas te recuerda que el universo vela por ti, que est\u00e1s conectado a un todo mayor, que formas parte de \u00e9l y que est\u00e1s co-creando tu vida con \u00e9l. Esta fina pulsera te sumerge en las profundidades de la V\u00eda L\u00e1ctea, llena de buenas vibraciones y energ\u00eda positiva.<\/p>\n<p>Talla ajustable.<\/p>\n<p>Hecha a mano en mi taller de Barcelona.<\/p>\n<p>Dorada con oro fino o rodiada (ba\u00f1o de plata). Muy resistente.<\/p>\n<p>Color de dorado o plateado en garant\u00eda. Consulte nuestra p\u00e1gina de garant\u00eda.<\/p>\n<p>Anillo a juego disponible en la eshop.<\/p>\n<p>Llamo talism\u00e1n a esta joya porque ha sido infundida energ\u00e9ticamente con la energ\u00eda portadora de la intenci\u00f3n de su simbolismo. Al igual que con muchas de las joyas talism\u00e1n de La Jungle, quiero explicar mi enfoque pero, por supuesto, s\u00f3lo tome lo que le habla y si es s\u00f3lo el dise\u00f1o de la joya, tambi\u00e9n est\u00e1 bien.<\/p>\n","protected":false},"featured_media":17458,"comment_status":"open","ping_status":"closed","template":"","meta":{"_acf_changed":false},"product_brand":[],"product_cat":[170],"product_tag":[480],"class_list":{"0":"post-8862","1":"product","2":"type-product","3":"status-publish","4":"has-post-thumbnail","6":"product_cat-los-simbolos","7":"product_tag-menos-de-50e","8":"pa_modele-pulseras","9":"pa_theme-joyas-astral-tarot","11":"first","12":"instock","13":"shipping-taxable","14":"purchasable","15":"product-type-variable"},"acf":[],"gallery_images":[17346,17460,17342,17344],"yoast_head":"<!-- This site is optimized with the Yoast SEO plugin v27.2 - https:\/\/yoast.com\/product\/yoast-seo-wordpress\/ -->\n<title>Pulsera VOIE LACT\u00c9E - oro o plata - La Jungle Bijoux<\/title>\n<meta name=\"description\" content=\"Lleva un trocito de la V\u00eda L\u00e1ctea en tu mu\u00f1eca con nuestra pulsera V\u00eda L\u00e1ctea. En oro o plata. Hecha a mano.\" \/>\n<meta name=\"robots\" content=\"index, follow, max-snippet:-1, max-image-preview:large, max-video-preview:-1\" \/>\n<link rel=\"canonical\" href=\"https:\/\/lajunglebijoux.com\/es\/producto\/bracelet-voie-lactee\/\" \/>\n<meta property=\"og:locale\" content=\"es_ES\" \/>\n<meta property=\"og:type\" content=\"article\" \/>\n<meta property=\"og:title\" content=\"Pulsera VOIE LACT\u00c9E - oro o plata - La Jungle Bijoux\" \/>\n<meta property=\"og:description\" content=\"Lleva un trocito de la V\u00eda L\u00e1ctea en tu mu\u00f1eca con nuestra pulsera V\u00eda L\u00e1ctea. En oro o plata. Hecha a mano.\" \/>\n<meta property=\"og:url\" content=\"https:\/\/lajunglebijoux.com\/es\/producto\/bracelet-voie-lactee\/\" \/>\n<meta property=\"og:site_name\" content=\"La Jungle Bijoux\" \/>\n<meta property=\"article:modified_time\" content=\"2024-08-24T10:58:45+00:00\" \/>\n<meta property=\"og:image\" content=\"https:\/\/lajunglebijoux.com\/wp-content\/uploads\/2022\/11\/bracelet-etoiles-or-ou-argent-scaled.jpg\" \/>\n\t<meta property=\"og:image:width\" content=\"2560\" \/>\n\t<meta property=\"og:image:height\" content=\"2560\" \/>\n\t<meta property=\"og:image:type\" content=\"image\/jpeg\" \/>\n<meta name=\"twitter:card\" content=\"summary_large_image\" \/>\n<script type=\"application\/ld+json\" class=\"yoast-schema-graph\">{\"@context\":\"https:\/\/schema.org\",\"@graph\":[{\"@type\":\"WebPage\",\"@id\":\"https:\/\/lajunglebijoux.com\/es\/producto\/bracelet-voie-lactee\/\",\"url\":\"https:\/\/lajunglebijoux.com\/es\/producto\/bracelet-voie-lactee\/\",\"name\":\"Pulsera VOIE LACT\u00c9E - oro o plata - La Jungle Bijoux\",\"isPartOf\":{\"@id\":\"https:\/\/lajunglebijoux.com\/es\/#website\"},\"primaryImageOfPage\":{\"@id\":\"https:\/\/lajunglebijoux.com\/es\/producto\/bracelet-voie-lactee\/#primaryimage\"},\"image\":{\"@id\":\"https:\/\/lajunglebijoux.com\/es\/producto\/bracelet-voie-lactee\/#primaryimage\"},\"thumbnailUrl\":\"https:\/\/lajunglebijoux.com\/wp-content\/uploads\/2022\/11\/bracelet-etoiles-or-ou-argent-scaled.jpg\",\"datePublished\":\"2022-11-14T09:37:43+00:00\",\"dateModified\":\"2024-08-24T10:58:45+00:00\",\"description\":\"Lleva un trocito de la V\u00eda L\u00e1ctea en tu mu\u00f1eca con nuestra pulsera V\u00eda L\u00e1ctea. En oro o plata. Hecha a mano.\",\"breadcrumb\":{\"@id\":\"https:\/\/lajunglebijoux.com\/es\/producto\/bracelet-voie-lactee\/#breadcrumb\"},\"inLanguage\":\"es\",\"potentialAction\":[{\"@type\":\"ReadAction\",\"target\":[\"https:\/\/lajunglebijoux.com\/es\/producto\/bracelet-voie-lactee\/\"]}]},{\"@type\":\"ImageObject\",\"inLanguage\":\"es\",\"@id\":\"https:\/\/lajunglebijoux.com\/es\/producto\/bracelet-voie-lactee\/#primaryimage\",\"url\":\"https:\/\/lajunglebijoux.com\/wp-content\/uploads\/2022\/11\/bracelet-etoiles-or-ou-argent-scaled.jpg\",\"contentUrl\":\"https:\/\/lajunglebijoux.com\/wp-content\/uploads\/2022\/11\/bracelet-etoiles-or-ou-argent-scaled.jpg\",\"width\":2560,\"height\":2560,\"caption\":\"bracelet \u00e9toiles or ou argent\"},{\"@type\":\"BreadcrumbList\",\"@id\":\"https:\/\/lajunglebijoux.com\/es\/producto\/bracelet-voie-lactee\/#breadcrumb\",\"itemListElement\":[{\"@type\":\"ListItem\",\"position\":1,\"name\":\"Portada\",\"item\":\"https:\/\/lajunglebijoux.com\/es\/\"},{\"@type\":\"ListItem\",\"position\":2,\"name\":\"Productos\",\"item\":\"https:\/\/lajunglebijoux.com\/es\/shop\/\"},{\"@type\":\"ListItem\",\"position\":3,\"name\":\"Pulsera VOIE LACT\u00c9E &#8211; oro o plata\"}]},{\"@type\":\"WebSite\",\"@id\":\"https:\/\/lajunglebijoux.com\/es\/#website\",\"url\":\"https:\/\/lajunglebijoux.com\/es\/\",\"name\":\"La Jungle Bijoux\",\"description\":\"\",\"publisher\":{\"@id\":\"https:\/\/lajunglebijoux.com\/es\/#organization\"},\"potentialAction\":[{\"@type\":\"SearchAction\",\"target\":{\"@type\":\"EntryPoint\",\"urlTemplate\":\"https:\/\/lajunglebijoux.com\/es\/?s={search_term_string}\"},\"query-input\":{\"@type\":\"PropertyValueSpecification\",\"valueRequired\":true,\"valueName\":\"search_term_string\"}}],\"inLanguage\":\"es\"},{\"@type\":\"Organization\",\"@id\":\"https:\/\/lajunglebijoux.com\/es\/#organization\",\"name\":\"La Jungle Bijoux\",\"url\":\"https:\/\/lajunglebijoux.com\/es\/\",\"logo\":{\"@type\":\"ImageObject\",\"inLanguage\":\"es\",\"@id\":\"https:\/\/lajunglebijoux.com\/es\/#\/schema\/logo\/image\/\",\"url\":\"https:\/\/lajunglebijoux.com\/wp-content\/uploads\/2023\/01\/LOGO-FINAL-Fonce.jpg\",\"contentUrl\":\"https:\/\/lajunglebijoux.com\/wp-content\/uploads\/2023\/01\/LOGO-FINAL-Fonce.jpg\",\"width\":900,\"height\":900,\"caption\":\"La Jungle Bijoux\"},\"image\":{\"@id\":\"https:\/\/lajunglebijoux.com\/es\/#\/schema\/logo\/image\/\"}}]}<\/script>\n<!-- \/ Yoast SEO plugin. -->","yoast_head_json":{"title":"Pulsera VOIE LACT\u00c9E - oro o plata - La Jungle Bijoux","description":"Lleva un trocito de la V\u00eda L\u00e1ctea en tu mu\u00f1eca con nuestra pulsera V\u00eda L\u00e1ctea. En oro o plata. Hecha a mano.","robots":{"index":"index","follow":"follow","max-snippet":"max-snippet:-1","max-image-preview":"max-image-preview:large","max-video-preview":"max-video-preview:-1"},"canonical":"https:\/\/lajunglebijoux.com\/es\/producto\/bracelet-voie-lactee\/","og_locale":"es_ES","og_type":"article","og_title":"Pulsera VOIE LACT\u00c9E - oro o plata - La Jungle Bijoux","og_description":"Lleva un trocito de la V\u00eda L\u00e1ctea en tu mu\u00f1eca con nuestra pulsera V\u00eda L\u00e1ctea. En oro o plata. Hecha a mano.","og_url":"https:\/\/lajunglebijoux.com\/es\/producto\/bracelet-voie-lactee\/","og_site_name":"La Jungle Bijoux","article_modified_time":"2024-08-24T10:58:45+00:00","og_image":[{"width":2560,"height":2560,"url":"https:\/\/lajunglebijoux.com\/wp-content\/uploads\/2022\/11\/bracelet-etoiles-or-ou-argent-scaled.jpg","type":"image\/jpeg"}],"twitter_card":"summary_large_image","schema":{"@context":"https:\/\/schema.org","@graph":[{"@type":"WebPage","@id":"https:\/\/lajunglebijoux.com\/es\/producto\/bracelet-voie-lactee\/","url":"https:\/\/lajunglebijoux.com\/es\/producto\/bracelet-voie-lactee\/","name":"Pulsera VOIE LACT\u00c9E - oro o plata - La Jungle Bijoux","isPartOf":{"@id":"https:\/\/lajunglebijoux.com\/es\/#website"},"primaryImageOfPage":{"@id":"https:\/\/lajunglebijoux.com\/es\/producto\/bracelet-voie-lactee\/#primaryimage"},"image":{"@id":"https:\/\/lajunglebijoux.com\/es\/producto\/bracelet-voie-lactee\/#primaryimage"},"thumbnailUrl":"https:\/\/lajunglebijoux.com\/wp-content\/uploads\/2022\/11\/bracelet-etoiles-or-ou-argent-scaled.jpg","datePublished":"2022-11-14T09:37:43+00:00","dateModified":"2024-08-24T10:58:45+00:00","description":"Lleva un trocito de la V\u00eda L\u00e1ctea en tu mu\u00f1eca con nuestra pulsera V\u00eda L\u00e1ctea. En oro o plata. Hecha a mano.","breadcrumb":{"@id":"https:\/\/lajunglebijoux.com\/es\/producto\/bracelet-voie-lactee\/#breadcrumb"},"inLanguage":"es","potentialAction":[{"@type":"ReadAction","target":["https:\/\/lajunglebijoux.com\/es\/producto\/bracelet-voie-lactee\/"]}]},{"@type":"ImageObject","inLanguage":"es","@id":"https:\/\/lajunglebijoux.com\/es\/producto\/bracelet-voie-lactee\/#primaryimage","url":"https:\/\/lajunglebijoux.com\/wp-content\/uploads\/2022\/11\/bracelet-etoiles-or-ou-argent-scaled.jpg","contentUrl":"https:\/\/lajunglebijoux.com\/wp-content\/uploads\/2022\/11\/bracelet-etoiles-or-ou-argent-scaled.jpg","width":2560,"height":2560,"caption":"bracelet \u00e9toiles or ou argent"},{"@type":"BreadcrumbList","@id":"https:\/\/lajunglebijoux.com\/es\/producto\/bracelet-voie-lactee\/#breadcrumb","itemListElement":[{"@type":"ListItem","position":1,"name":"Portada","item":"https:\/\/lajunglebijoux.com\/es\/"},{"@type":"ListItem","position":2,"name":"Productos","item":"https:\/\/lajunglebijoux.com\/es\/shop\/"},{"@type":"ListItem","position":3,"name":"Pulsera VOIE LACT\u00c9E &#8211; oro o plata"}]},{"@type":"WebSite","@id":"https:\/\/lajunglebijoux.com\/es\/#website","url":"https:\/\/lajunglebijoux.com\/es\/","name":"La Jungle Bijoux","description":"","publisher":{"@id":"https:\/\/lajunglebijoux.com\/es\/#organization"},"potentialAction":[{"@type":"SearchAction","target":{"@type":"EntryPoint","urlTemplate":"https:\/\/lajunglebijoux.com\/es\/?s={search_term_string}"},"query-input":{"@type":"PropertyValueSpecification","valueRequired":true,"valueName":"search_term_string"}}],"inLanguage":"es"},{"@type":"Organization","@id":"https:\/\/lajunglebijoux.com\/es\/#organization","name":"La Jungle Bijoux","url":"https:\/\/lajunglebijoux.com\/es\/","logo":{"@type":"ImageObject","inLanguage":"es","@id":"https:\/\/lajunglebijoux.com\/es\/#\/schema\/logo\/image\/","url":"https:\/\/lajunglebijoux.com\/wp-content\/uploads\/2023\/01\/LOGO-FINAL-Fonce.jpg","contentUrl":"https:\/\/lajunglebijoux.com\/wp-content\/uploads\/2023\/01\/LOGO-FINAL-Fonce.jpg","width":900,"height":900,"caption":"La Jungle Bijoux"},"image":{"@id":"https:\/\/lajunglebijoux.com\/es\/#\/schema\/logo\/image\/"}}]}},"_links":{"self":[{"href":"https:\/\/lajunglebijoux.com\/es\/wp-json\/wp\/v2\/product\/8862","targetHints":{"allow":["GET"]}}],"collection":[{"href":"https:\/\/lajunglebijoux.com\/es\/wp-json\/wp\/v2\/product"}],"about":[{"href":"https:\/\/lajunglebijoux.com\/es\/wp-json\/wp\/v2\/types\/product"}],"replies":[{"embeddable":true,"href":"https:\/\/lajunglebijoux.com\/es\/wp-json\/wp\/v2\/comments?post=8862"}],"version-history":[{"count":0,"href":"https:\/\/lajunglebijoux.com\/es\/wp-json\/wp\/v2\/product\/8862\/revisions"}],"wp:featuredmedia":[{"embeddable":true,"href":"https:\/\/lajunglebijoux.com\/es\/wp-json\/wp\/v2\/media\/17458"}],"wp:attachment":[{"href":"https:\/\/lajunglebijoux.com\/es\/wp-json\/wp\/v2\/media?parent=8862"}],"wp:term":[{"taxonomy":"product_brand","embeddable":true,"href":"https:\/\/lajunglebijoux.com\/es\/wp-json\/wp\/v2\/product_brand?post=8862"},{"taxonomy":"product_cat","embeddable":true,"href":"https:\/\/lajunglebijoux.com\/es\/wp-json\/wp\/v2\/product_cat?post=8862"},{"taxonomy":"product_tag","embeddable":true,"href":"https:\/\/lajunglebijoux.com\/es\/wp-json\/wp\/v2\/product_tag?post=8862"}],"curies":[{"name":"wp","href":"https:\/\/api.w.org\/{rel}","templated":true}]}}