{"id":8855,"date":"2022-11-14T11:54:08","date_gmt":"2022-11-14T09:54:08","guid":{"rendered":"https:\/\/lajunglebijoux.com\/product\/bracelet-love-hope\/"},"modified":"2024-08-24T12:58:53","modified_gmt":"2024-08-24T10:58:53","slug":"pulsera-love-hope","status":"publish","type":"product","link":"https:\/\/lajunglebijoux.com\/es\/producto\/pulsera-love-hope\/","title":{"rendered":"Pulsera LOVE \/ HOPE oro"},"content":{"rendered":"","protected":false},"excerpt":{"rendered":"<p>Pulsera con mensaje de amor y esperanza, tama\u00f1o ajustable, chapada en oro.<\/p>\n<p>Alta calidad, duradera, en garant\u00eda, consulte la p\u00e1gina de joyas en garant\u00eda.<\/p>\n<p>Ll\u00e9vala todos los d\u00edas para que siempre te acompa\u00f1e la energ\u00eda del amor y la esperanza. Nos recuerda que debemos perseverar y ser pacientes, ver las cosas desde el \u00e1ngulo del amor y estar abiertos al aprendizaje del amor que el universo est\u00e1 dispuesto a ense\u00f1arnos.<\/p>\n<p>Estas pulseras tambi\u00e9n se pueden regalar a alguien que est\u00e9 atravesando un periodo dif\u00edcil en su vida. O simplemente a alguien a quien aprecias, para demostrarle que te importa y estar cerca de \u00e9l en todo momento.<\/p>\n<p>La pulsera con mensaje de amor es tambi\u00e9n una invitaci\u00f3n a quererse incondicionalmente, con su lado luminoso y su lado oscuro. Cada ser humano es suficiente y perfecto tal y como es. Si empezamos por amarnos a nosotros mismos, podremos difundir esta energ\u00eda de amor a nuestro alrededor.<\/p>\n<p>Para llevar sola o como una acumulaci\u00f3n de pulseras.<\/p>\n<p>Hechas a mano en mi taller de Barcelona con la t\u00e9cnica del reperc\u00e9.<\/p>\n","protected":false},"featured_media":2642,"comment_status":"open","ping_status":"closed","template":"","meta":{"_acf_changed":false},"product_brand":[],"product_cat":[170],"product_tag":[480],"class_list":{"0":"post-8855","1":"product","2":"type-product","3":"status-publish","4":"has-post-thumbnail","6":"product_cat-los-simbolos","7":"product_tag-menos-de-50e","8":"pa_modele-pulseras","9":"pa_theme-joyas-finas","10":"pa_theme-joyas-amor","12":"first","13":"instock","14":"sale","15":"shipping-taxable","16":"purchasable","17":"product-type-variable"},"acf":[],"gallery_images":[2650,2654,2652,2640,2648,2644,2646],"yoast_head":"<!-- This site is optimized with the Yoast SEO plugin v27.2 - https:\/\/yoast.com\/product\/yoast-seo-wordpress\/ -->\n<title>Pulsera LOVE \/ HOPE oro - La Jungle Bijoux<\/title>\n<meta name=\"description\" content=\"Ddescubra nuestra pulsera con mensaje de amor o esperanza, un mensaje a elegir seg\u00fan sus deseos. Hecho a mano en Espa\u00f1a.\" \/>\n<meta name=\"robots\" content=\"index, follow, max-snippet:-1, max-image-preview:large, max-video-preview:-1\" \/>\n<link rel=\"canonical\" href=\"https:\/\/lajunglebijoux.com\/es\/producto\/pulsera-love-hope\/\" \/>\n<meta property=\"og:locale\" content=\"es_ES\" \/>\n<meta property=\"og:type\" content=\"article\" \/>\n<meta property=\"og:title\" content=\"Pulsera LOVE \/ HOPE oro - La Jungle Bijoux\" \/>\n<meta property=\"og:description\" content=\"Ddescubra nuestra pulsera con mensaje de amor o esperanza, un mensaje a elegir seg\u00fan sus deseos. Hecho a mano en Espa\u00f1a.\" \/>\n<meta property=\"og:url\" content=\"https:\/\/lajunglebijoux.com\/es\/producto\/pulsera-love-hope\/\" \/>\n<meta property=\"og:site_name\" content=\"La Jungle Bijoux\" \/>\n<meta property=\"article:modified_time\" content=\"2024-08-24T10:58:53+00:00\" \/>\n<meta property=\"og:image\" content=\"https:\/\/lajunglebijoux.com\/wp-content\/uploads\/2022\/11\/IMG_20220307_154652COUV-scaled.jpg\" \/>\n\t<meta property=\"og:image:width\" content=\"2560\" \/>\n\t<meta property=\"og:image:height\" content=\"2560\" \/>\n\t<meta property=\"og:image:type\" content=\"image\/jpeg\" \/>\n<meta name=\"twitter:card\" content=\"summary_large_image\" \/>\n<script type=\"application\/ld+json\" class=\"yoast-schema-graph\">{\"@context\":\"https:\/\/schema.org\",\"@graph\":[{\"@type\":\"WebPage\",\"@id\":\"https:\/\/lajunglebijoux.com\/es\/producto\/pulsera-love-hope\/\",\"url\":\"https:\/\/lajunglebijoux.com\/es\/producto\/pulsera-love-hope\/\",\"name\":\"Pulsera LOVE \/ HOPE oro - La Jungle Bijoux\",\"isPartOf\":{\"@id\":\"https:\/\/lajunglebijoux.com\/es\/#website\"},\"primaryImageOfPage\":{\"@id\":\"https:\/\/lajunglebijoux.com\/es\/producto\/pulsera-love-hope\/#primaryimage\"},\"image\":{\"@id\":\"https:\/\/lajunglebijoux.com\/es\/producto\/pulsera-love-hope\/#primaryimage\"},\"thumbnailUrl\":\"https:\/\/lajunglebijoux.com\/wp-content\/uploads\/2022\/11\/IMG_20220307_154652COUV-scaled.jpg\",\"datePublished\":\"2022-11-14T09:54:08+00:00\",\"dateModified\":\"2024-08-24T10:58:53+00:00\",\"description\":\"Ddescubra nuestra pulsera con mensaje de amor o esperanza, un mensaje a elegir seg\u00fan sus deseos. Hecho a mano en Espa\u00f1a.\",\"breadcrumb\":{\"@id\":\"https:\/\/lajunglebijoux.com\/es\/producto\/pulsera-love-hope\/#breadcrumb\"},\"inLanguage\":\"es\",\"potentialAction\":[{\"@type\":\"ReadAction\",\"target\":[\"https:\/\/lajunglebijoux.com\/es\/producto\/pulsera-love-hope\/\"]}]},{\"@type\":\"ImageObject\",\"inLanguage\":\"es\",\"@id\":\"https:\/\/lajunglebijoux.com\/es\/producto\/pulsera-love-hope\/#primaryimage\",\"url\":\"https:\/\/lajunglebijoux.com\/wp-content\/uploads\/2022\/11\/IMG_20220307_154652COUV-scaled.jpg\",\"contentUrl\":\"https:\/\/lajunglebijoux.com\/wp-content\/uploads\/2022\/11\/IMG_20220307_154652COUV-scaled.jpg\",\"width\":2560,\"height\":2560,\"caption\":\"bracelet message love hope\"},{\"@type\":\"BreadcrumbList\",\"@id\":\"https:\/\/lajunglebijoux.com\/es\/producto\/pulsera-love-hope\/#breadcrumb\",\"itemListElement\":[{\"@type\":\"ListItem\",\"position\":1,\"name\":\"Portada\",\"item\":\"https:\/\/lajunglebijoux.com\/es\/\"},{\"@type\":\"ListItem\",\"position\":2,\"name\":\"Productos\",\"item\":\"https:\/\/lajunglebijoux.com\/es\/shop\/\"},{\"@type\":\"ListItem\",\"position\":3,\"name\":\"Pulsera LOVE \/ HOPE oro\"}]},{\"@type\":\"WebSite\",\"@id\":\"https:\/\/lajunglebijoux.com\/es\/#website\",\"url\":\"https:\/\/lajunglebijoux.com\/es\/\",\"name\":\"La Jungle Bijoux\",\"description\":\"\",\"publisher\":{\"@id\":\"https:\/\/lajunglebijoux.com\/es\/#organization\"},\"potentialAction\":[{\"@type\":\"SearchAction\",\"target\":{\"@type\":\"EntryPoint\",\"urlTemplate\":\"https:\/\/lajunglebijoux.com\/es\/?s={search_term_string}\"},\"query-input\":{\"@type\":\"PropertyValueSpecification\",\"valueRequired\":true,\"valueName\":\"search_term_string\"}}],\"inLanguage\":\"es\"},{\"@type\":\"Organization\",\"@id\":\"https:\/\/lajunglebijoux.com\/es\/#organization\",\"name\":\"La Jungle Bijoux\",\"url\":\"https:\/\/lajunglebijoux.com\/es\/\",\"logo\":{\"@type\":\"ImageObject\",\"inLanguage\":\"es\",\"@id\":\"https:\/\/lajunglebijoux.com\/es\/#\/schema\/logo\/image\/\",\"url\":\"https:\/\/lajunglebijoux.com\/wp-content\/uploads\/2023\/01\/LOGO-FINAL-Fonce.jpg\",\"contentUrl\":\"https:\/\/lajunglebijoux.com\/wp-content\/uploads\/2023\/01\/LOGO-FINAL-Fonce.jpg\",\"width\":900,\"height\":900,\"caption\":\"La Jungle Bijoux\"},\"image\":{\"@id\":\"https:\/\/lajunglebijoux.com\/es\/#\/schema\/logo\/image\/\"}}]}<\/script>\n<!-- \/ Yoast SEO plugin. -->","yoast_head_json":{"title":"Pulsera LOVE \/ HOPE oro - La Jungle Bijoux","description":"Ddescubra nuestra pulsera con mensaje de amor o esperanza, un mensaje a elegir seg\u00fan sus deseos. Hecho a mano en Espa\u00f1a.","robots":{"index":"index","follow":"follow","max-snippet":"max-snippet:-1","max-image-preview":"max-image-preview:large","max-video-preview":"max-video-preview:-1"},"canonical":"https:\/\/lajunglebijoux.com\/es\/producto\/pulsera-love-hope\/","og_locale":"es_ES","og_type":"article","og_title":"Pulsera LOVE \/ HOPE oro - La Jungle Bijoux","og_description":"Ddescubra nuestra pulsera con mensaje de amor o esperanza, un mensaje a elegir seg\u00fan sus deseos. Hecho a mano en Espa\u00f1a.","og_url":"https:\/\/lajunglebijoux.com\/es\/producto\/pulsera-love-hope\/","og_site_name":"La Jungle Bijoux","article_modified_time":"2024-08-24T10:58:53+00:00","og_image":[{"width":2560,"height":2560,"url":"https:\/\/lajunglebijoux.com\/wp-content\/uploads\/2022\/11\/IMG_20220307_154652COUV-scaled.jpg","type":"image\/jpeg"}],"twitter_card":"summary_large_image","schema":{"@context":"https:\/\/schema.org","@graph":[{"@type":"WebPage","@id":"https:\/\/lajunglebijoux.com\/es\/producto\/pulsera-love-hope\/","url":"https:\/\/lajunglebijoux.com\/es\/producto\/pulsera-love-hope\/","name":"Pulsera LOVE \/ HOPE oro - La Jungle Bijoux","isPartOf":{"@id":"https:\/\/lajunglebijoux.com\/es\/#website"},"primaryImageOfPage":{"@id":"https:\/\/lajunglebijoux.com\/es\/producto\/pulsera-love-hope\/#primaryimage"},"image":{"@id":"https:\/\/lajunglebijoux.com\/es\/producto\/pulsera-love-hope\/#primaryimage"},"thumbnailUrl":"https:\/\/lajunglebijoux.com\/wp-content\/uploads\/2022\/11\/IMG_20220307_154652COUV-scaled.jpg","datePublished":"2022-11-14T09:54:08+00:00","dateModified":"2024-08-24T10:58:53+00:00","description":"Ddescubra nuestra pulsera con mensaje de amor o esperanza, un mensaje a elegir seg\u00fan sus deseos. Hecho a mano en Espa\u00f1a.","breadcrumb":{"@id":"https:\/\/lajunglebijoux.com\/es\/producto\/pulsera-love-hope\/#breadcrumb"},"inLanguage":"es","potentialAction":[{"@type":"ReadAction","target":["https:\/\/lajunglebijoux.com\/es\/producto\/pulsera-love-hope\/"]}]},{"@type":"ImageObject","inLanguage":"es","@id":"https:\/\/lajunglebijoux.com\/es\/producto\/pulsera-love-hope\/#primaryimage","url":"https:\/\/lajunglebijoux.com\/wp-content\/uploads\/2022\/11\/IMG_20220307_154652COUV-scaled.jpg","contentUrl":"https:\/\/lajunglebijoux.com\/wp-content\/uploads\/2022\/11\/IMG_20220307_154652COUV-scaled.jpg","width":2560,"height":2560,"caption":"bracelet message love hope"},{"@type":"BreadcrumbList","@id":"https:\/\/lajunglebijoux.com\/es\/producto\/pulsera-love-hope\/#breadcrumb","itemListElement":[{"@type":"ListItem","position":1,"name":"Portada","item":"https:\/\/lajunglebijoux.com\/es\/"},{"@type":"ListItem","position":2,"name":"Productos","item":"https:\/\/lajunglebijoux.com\/es\/shop\/"},{"@type":"ListItem","position":3,"name":"Pulsera LOVE \/ HOPE oro"}]},{"@type":"WebSite","@id":"https:\/\/lajunglebijoux.com\/es\/#website","url":"https:\/\/lajunglebijoux.com\/es\/","name":"La Jungle Bijoux","description":"","publisher":{"@id":"https:\/\/lajunglebijoux.com\/es\/#organization"},"potentialAction":[{"@type":"SearchAction","target":{"@type":"EntryPoint","urlTemplate":"https:\/\/lajunglebijoux.com\/es\/?s={search_term_string}"},"query-input":{"@type":"PropertyValueSpecification","valueRequired":true,"valueName":"search_term_string"}}],"inLanguage":"es"},{"@type":"Organization","@id":"https:\/\/lajunglebijoux.com\/es\/#organization","name":"La Jungle Bijoux","url":"https:\/\/lajunglebijoux.com\/es\/","logo":{"@type":"ImageObject","inLanguage":"es","@id":"https:\/\/lajunglebijoux.com\/es\/#\/schema\/logo\/image\/","url":"https:\/\/lajunglebijoux.com\/wp-content\/uploads\/2023\/01\/LOGO-FINAL-Fonce.jpg","contentUrl":"https:\/\/lajunglebijoux.com\/wp-content\/uploads\/2023\/01\/LOGO-FINAL-Fonce.jpg","width":900,"height":900,"caption":"La Jungle Bijoux"},"image":{"@id":"https:\/\/lajunglebijoux.com\/es\/#\/schema\/logo\/image\/"}}]}},"_links":{"self":[{"href":"https:\/\/lajunglebijoux.com\/es\/wp-json\/wp\/v2\/product\/8855","targetHints":{"allow":["GET"]}}],"collection":[{"href":"https:\/\/lajunglebijoux.com\/es\/wp-json\/wp\/v2\/product"}],"about":[{"href":"https:\/\/lajunglebijoux.com\/es\/wp-json\/wp\/v2\/types\/product"}],"replies":[{"embeddable":true,"href":"https:\/\/lajunglebijoux.com\/es\/wp-json\/wp\/v2\/comments?post=8855"}],"version-history":[{"count":0,"href":"https:\/\/lajunglebijoux.com\/es\/wp-json\/wp\/v2\/product\/8855\/revisions"}],"wp:featuredmedia":[{"embeddable":true,"href":"https:\/\/lajunglebijoux.com\/es\/wp-json\/wp\/v2\/media\/2642"}],"wp:attachment":[{"href":"https:\/\/lajunglebijoux.com\/es\/wp-json\/wp\/v2\/media?parent=8855"}],"wp:term":[{"taxonomy":"product_brand","embeddable":true,"href":"https:\/\/lajunglebijoux.com\/es\/wp-json\/wp\/v2\/product_brand?post=8855"},{"taxonomy":"product_cat","embeddable":true,"href":"https:\/\/lajunglebijoux.com\/es\/wp-json\/wp\/v2\/product_cat?post=8855"},{"taxonomy":"product_tag","embeddable":true,"href":"https:\/\/lajunglebijoux.com\/es\/wp-json\/wp\/v2\/product_tag?post=8855"}],"curies":[{"name":"wp","href":"https:\/\/api.w.org\/{rel}","templated":true}]}}