{"id":8838,"date":"2023-02-02T09:42:22","date_gmt":"2023-02-02T07:42:22","guid":{"rendered":"https:\/\/lajunglebijoux.com\/product\/bracelet-jonc-manchette\/"},"modified":"2024-08-24T13:05:26","modified_gmt":"2024-08-24T11:05:26","slug":"bracelet-jonc-manchette","status":"publish","type":"product","link":"https:\/\/lajunglebijoux.com\/es\/producto\/bracelet-jonc-manchette\/","title":{"rendered":"TEXTURA &#8211; Pulsera brazalete de oro"},"content":{"rendered":"","protected":false},"excerpt":{"rendered":"<p>Pulsera brazalete texturizada de lat\u00f3n chapado en oro de 18 quilates, 3 micras (mayor resistencia).<\/p>\n<p>O de lat\u00f3n chapado en oro de 18 quilates, 1 micra (mayor resistencia).<\/p>\n<p>O lat\u00f3n bruto (posibilidad de oxidaci\u00f3n seg\u00fan el PH de su piel).<\/p>\n<p>Talla ajustable.<\/p>\n<p>Esta pulsera es unisex y apta para todos los sexos. La pueden llevar tanto hombres como mujeres.<\/p>\n<p>Se fabrica por encargo.<\/p>\n<p>Plazo de entrega normal para la versi\u00f3n de lat\u00f3n bruto.<\/p>\n<p>De 10 a 15 d\u00edas antes del env\u00edo para las versiones chapada en oro fino y chapada en oro.<\/p>\n<p>Tambi\u00e9n disponible en versi\u00f3n de una sola banda, menos ancha.<\/p>\n","protected":false},"featured_media":5544,"comment_status":"open","ping_status":"closed","template":"","meta":{"_acf_changed":false},"product_brand":[],"product_cat":[141],"product_tag":[480,478],"class_list":{"0":"post-8838","1":"product","2":"type-product","3":"status-publish","4":"has-post-thumbnail","6":"product_cat-vitamin-summer-vibes-es","7":"product_tag-menos-de-50e","8":"product_tag-51e-a-100e","9":"pa_modele-pulseras","10":"pa_modele-joyas-martilladas","11":"pa_modele-joyas-hombres","12":"pa_theme-joyas-finas","13":"pa_theme-joyas-geometricas","15":"first","16":"outofstock","17":"shipping-taxable","18":"purchasable","19":"product-type-variable"},"acf":[],"gallery_images":[5540,5542,5538,5536],"yoast_head":"<!-- This site is optimized with the Yoast SEO plugin v27.2 - https:\/\/yoast.com\/product\/yoast-seo-wordpress\/ -->\n<title>TEXTURA - Pulsera brazalete de oro - La Jungle Bijoux<\/title>\n<meta name=\"description\" content=\"Elija nuestra pulsera brazalete dorada, una banda dorada con textura y car\u00e1cter para una pieza de joyer\u00eda impactante. Disponible en 3 acabados.\" \/>\n<meta name=\"robots\" content=\"index, follow, max-snippet:-1, max-image-preview:large, max-video-preview:-1\" \/>\n<link rel=\"canonical\" href=\"https:\/\/lajunglebijoux.com\/es\/producto\/bracelet-jonc-manchette\/\" \/>\n<meta property=\"og:locale\" content=\"es_ES\" \/>\n<meta property=\"og:type\" content=\"article\" \/>\n<meta property=\"og:title\" content=\"TEXTURA - Pulsera brazalete de oro - La Jungle Bijoux\" \/>\n<meta property=\"og:description\" content=\"Elija nuestra pulsera brazalete dorada, una banda dorada con textura y car\u00e1cter para una pieza de joyer\u00eda impactante. Disponible en 3 acabados.\" \/>\n<meta property=\"og:url\" content=\"https:\/\/lajunglebijoux.com\/es\/producto\/bracelet-jonc-manchette\/\" \/>\n<meta property=\"og:site_name\" content=\"La Jungle Bijoux\" \/>\n<meta property=\"article:modified_time\" content=\"2024-08-24T11:05:26+00:00\" \/>\n<meta property=\"og:image\" content=\"https:\/\/lajunglebijoux.com\/wp-content\/uploads\/2023\/02\/IMG_6384-scaled.jpg\" \/>\n\t<meta property=\"og:image:width\" content=\"2560\" \/>\n\t<meta property=\"og:image:height\" content=\"1707\" \/>\n\t<meta property=\"og:image:type\" content=\"image\/jpeg\" \/>\n<meta name=\"twitter:card\" content=\"summary_large_image\" \/>\n<script type=\"application\/ld+json\" class=\"yoast-schema-graph\">{\"@context\":\"https:\/\/schema.org\",\"@graph\":[{\"@type\":\"WebPage\",\"@id\":\"https:\/\/lajunglebijoux.com\/es\/producto\/bracelet-jonc-manchette\/\",\"url\":\"https:\/\/lajunglebijoux.com\/es\/producto\/bracelet-jonc-manchette\/\",\"name\":\"TEXTURA - Pulsera brazalete de oro - La Jungle Bijoux\",\"isPartOf\":{\"@id\":\"https:\/\/lajunglebijoux.com\/es\/#website\"},\"primaryImageOfPage\":{\"@id\":\"https:\/\/lajunglebijoux.com\/es\/producto\/bracelet-jonc-manchette\/#primaryimage\"},\"image\":{\"@id\":\"https:\/\/lajunglebijoux.com\/es\/producto\/bracelet-jonc-manchette\/#primaryimage\"},\"thumbnailUrl\":\"https:\/\/lajunglebijoux.com\/wp-content\/uploads\/2023\/02\/IMG_6384-scaled.jpg\",\"datePublished\":\"2023-02-02T07:42:22+00:00\",\"dateModified\":\"2024-08-24T11:05:26+00:00\",\"description\":\"Elija nuestra pulsera brazalete dorada, una banda dorada con textura y car\u00e1cter para una pieza de joyer\u00eda impactante. Disponible en 3 acabados.\",\"breadcrumb\":{\"@id\":\"https:\/\/lajunglebijoux.com\/es\/producto\/bracelet-jonc-manchette\/#breadcrumb\"},\"inLanguage\":\"es\",\"potentialAction\":[{\"@type\":\"ReadAction\",\"target\":[\"https:\/\/lajunglebijoux.com\/es\/producto\/bracelet-jonc-manchette\/\"]}]},{\"@type\":\"ImageObject\",\"inLanguage\":\"es\",\"@id\":\"https:\/\/lajunglebijoux.com\/es\/producto\/bracelet-jonc-manchette\/#primaryimage\",\"url\":\"https:\/\/lajunglebijoux.com\/wp-content\/uploads\/2023\/02\/IMG_6384-scaled.jpg\",\"contentUrl\":\"https:\/\/lajunglebijoux.com\/wp-content\/uploads\/2023\/02\/IMG_6384-scaled.jpg\",\"width\":2560,\"height\":1707,\"caption\":\"bracelet jonc manchette\"},{\"@type\":\"BreadcrumbList\",\"@id\":\"https:\/\/lajunglebijoux.com\/es\/producto\/bracelet-jonc-manchette\/#breadcrumb\",\"itemListElement\":[{\"@type\":\"ListItem\",\"position\":1,\"name\":\"Portada\",\"item\":\"https:\/\/lajunglebijoux.com\/es\/\"},{\"@type\":\"ListItem\",\"position\":2,\"name\":\"Productos\",\"item\":\"https:\/\/lajunglebijoux.com\/es\/shop\/\"},{\"@type\":\"ListItem\",\"position\":3,\"name\":\"TEXTURA &#8211; Pulsera brazalete de oro\"}]},{\"@type\":\"WebSite\",\"@id\":\"https:\/\/lajunglebijoux.com\/es\/#website\",\"url\":\"https:\/\/lajunglebijoux.com\/es\/\",\"name\":\"La Jungle Bijoux\",\"description\":\"\",\"publisher\":{\"@id\":\"https:\/\/lajunglebijoux.com\/es\/#organization\"},\"potentialAction\":[{\"@type\":\"SearchAction\",\"target\":{\"@type\":\"EntryPoint\",\"urlTemplate\":\"https:\/\/lajunglebijoux.com\/es\/?s={search_term_string}\"},\"query-input\":{\"@type\":\"PropertyValueSpecification\",\"valueRequired\":true,\"valueName\":\"search_term_string\"}}],\"inLanguage\":\"es\"},{\"@type\":\"Organization\",\"@id\":\"https:\/\/lajunglebijoux.com\/es\/#organization\",\"name\":\"La Jungle Bijoux\",\"url\":\"https:\/\/lajunglebijoux.com\/es\/\",\"logo\":{\"@type\":\"ImageObject\",\"inLanguage\":\"es\",\"@id\":\"https:\/\/lajunglebijoux.com\/es\/#\/schema\/logo\/image\/\",\"url\":\"https:\/\/lajunglebijoux.com\/wp-content\/uploads\/2023\/01\/LOGO-FINAL-Fonce.jpg\",\"contentUrl\":\"https:\/\/lajunglebijoux.com\/wp-content\/uploads\/2023\/01\/LOGO-FINAL-Fonce.jpg\",\"width\":900,\"height\":900,\"caption\":\"La Jungle Bijoux\"},\"image\":{\"@id\":\"https:\/\/lajunglebijoux.com\/es\/#\/schema\/logo\/image\/\"}}]}<\/script>\n<!-- \/ Yoast SEO plugin. -->","yoast_head_json":{"title":"TEXTURA - Pulsera brazalete de oro - La Jungle Bijoux","description":"Elija nuestra pulsera brazalete dorada, una banda dorada con textura y car\u00e1cter para una pieza de joyer\u00eda impactante. Disponible en 3 acabados.","robots":{"index":"index","follow":"follow","max-snippet":"max-snippet:-1","max-image-preview":"max-image-preview:large","max-video-preview":"max-video-preview:-1"},"canonical":"https:\/\/lajunglebijoux.com\/es\/producto\/bracelet-jonc-manchette\/","og_locale":"es_ES","og_type":"article","og_title":"TEXTURA - Pulsera brazalete de oro - La Jungle Bijoux","og_description":"Elija nuestra pulsera brazalete dorada, una banda dorada con textura y car\u00e1cter para una pieza de joyer\u00eda impactante. Disponible en 3 acabados.","og_url":"https:\/\/lajunglebijoux.com\/es\/producto\/bracelet-jonc-manchette\/","og_site_name":"La Jungle Bijoux","article_modified_time":"2024-08-24T11:05:26+00:00","og_image":[{"width":2560,"height":1707,"url":"https:\/\/lajunglebijoux.com\/wp-content\/uploads\/2023\/02\/IMG_6384-scaled.jpg","type":"image\/jpeg"}],"twitter_card":"summary_large_image","schema":{"@context":"https:\/\/schema.org","@graph":[{"@type":"WebPage","@id":"https:\/\/lajunglebijoux.com\/es\/producto\/bracelet-jonc-manchette\/","url":"https:\/\/lajunglebijoux.com\/es\/producto\/bracelet-jonc-manchette\/","name":"TEXTURA - Pulsera brazalete de oro - La Jungle Bijoux","isPartOf":{"@id":"https:\/\/lajunglebijoux.com\/es\/#website"},"primaryImageOfPage":{"@id":"https:\/\/lajunglebijoux.com\/es\/producto\/bracelet-jonc-manchette\/#primaryimage"},"image":{"@id":"https:\/\/lajunglebijoux.com\/es\/producto\/bracelet-jonc-manchette\/#primaryimage"},"thumbnailUrl":"https:\/\/lajunglebijoux.com\/wp-content\/uploads\/2023\/02\/IMG_6384-scaled.jpg","datePublished":"2023-02-02T07:42:22+00:00","dateModified":"2024-08-24T11:05:26+00:00","description":"Elija nuestra pulsera brazalete dorada, una banda dorada con textura y car\u00e1cter para una pieza de joyer\u00eda impactante. Disponible en 3 acabados.","breadcrumb":{"@id":"https:\/\/lajunglebijoux.com\/es\/producto\/bracelet-jonc-manchette\/#breadcrumb"},"inLanguage":"es","potentialAction":[{"@type":"ReadAction","target":["https:\/\/lajunglebijoux.com\/es\/producto\/bracelet-jonc-manchette\/"]}]},{"@type":"ImageObject","inLanguage":"es","@id":"https:\/\/lajunglebijoux.com\/es\/producto\/bracelet-jonc-manchette\/#primaryimage","url":"https:\/\/lajunglebijoux.com\/wp-content\/uploads\/2023\/02\/IMG_6384-scaled.jpg","contentUrl":"https:\/\/lajunglebijoux.com\/wp-content\/uploads\/2023\/02\/IMG_6384-scaled.jpg","width":2560,"height":1707,"caption":"bracelet jonc manchette"},{"@type":"BreadcrumbList","@id":"https:\/\/lajunglebijoux.com\/es\/producto\/bracelet-jonc-manchette\/#breadcrumb","itemListElement":[{"@type":"ListItem","position":1,"name":"Portada","item":"https:\/\/lajunglebijoux.com\/es\/"},{"@type":"ListItem","position":2,"name":"Productos","item":"https:\/\/lajunglebijoux.com\/es\/shop\/"},{"@type":"ListItem","position":3,"name":"TEXTURA &#8211; Pulsera brazalete de oro"}]},{"@type":"WebSite","@id":"https:\/\/lajunglebijoux.com\/es\/#website","url":"https:\/\/lajunglebijoux.com\/es\/","name":"La Jungle Bijoux","description":"","publisher":{"@id":"https:\/\/lajunglebijoux.com\/es\/#organization"},"potentialAction":[{"@type":"SearchAction","target":{"@type":"EntryPoint","urlTemplate":"https:\/\/lajunglebijoux.com\/es\/?s={search_term_string}"},"query-input":{"@type":"PropertyValueSpecification","valueRequired":true,"valueName":"search_term_string"}}],"inLanguage":"es"},{"@type":"Organization","@id":"https:\/\/lajunglebijoux.com\/es\/#organization","name":"La Jungle Bijoux","url":"https:\/\/lajunglebijoux.com\/es\/","logo":{"@type":"ImageObject","inLanguage":"es","@id":"https:\/\/lajunglebijoux.com\/es\/#\/schema\/logo\/image\/","url":"https:\/\/lajunglebijoux.com\/wp-content\/uploads\/2023\/01\/LOGO-FINAL-Fonce.jpg","contentUrl":"https:\/\/lajunglebijoux.com\/wp-content\/uploads\/2023\/01\/LOGO-FINAL-Fonce.jpg","width":900,"height":900,"caption":"La Jungle Bijoux"},"image":{"@id":"https:\/\/lajunglebijoux.com\/es\/#\/schema\/logo\/image\/"}}]}},"_links":{"self":[{"href":"https:\/\/lajunglebijoux.com\/es\/wp-json\/wp\/v2\/product\/8838","targetHints":{"allow":["GET"]}}],"collection":[{"href":"https:\/\/lajunglebijoux.com\/es\/wp-json\/wp\/v2\/product"}],"about":[{"href":"https:\/\/lajunglebijoux.com\/es\/wp-json\/wp\/v2\/types\/product"}],"replies":[{"embeddable":true,"href":"https:\/\/lajunglebijoux.com\/es\/wp-json\/wp\/v2\/comments?post=8838"}],"version-history":[{"count":0,"href":"https:\/\/lajunglebijoux.com\/es\/wp-json\/wp\/v2\/product\/8838\/revisions"}],"wp:featuredmedia":[{"embeddable":true,"href":"https:\/\/lajunglebijoux.com\/es\/wp-json\/wp\/v2\/media\/5544"}],"wp:attachment":[{"href":"https:\/\/lajunglebijoux.com\/es\/wp-json\/wp\/v2\/media?parent=8838"}],"wp:term":[{"taxonomy":"product_brand","embeddable":true,"href":"https:\/\/lajunglebijoux.com\/es\/wp-json\/wp\/v2\/product_brand?post=8838"},{"taxonomy":"product_cat","embeddable":true,"href":"https:\/\/lajunglebijoux.com\/es\/wp-json\/wp\/v2\/product_cat?post=8838"},{"taxonomy":"product_tag","embeddable":true,"href":"https:\/\/lajunglebijoux.com\/es\/wp-json\/wp\/v2\/product_tag?post=8838"}],"curies":[{"name":"wp","href":"https:\/\/api.w.org\/{rel}","templated":true}]}}