{"id":8790,"date":"2023-03-14T09:37:19","date_gmt":"2023-03-14T07:37:19","guid":{"rendered":"https:\/\/lajunglebijoux.com\/product\/collier-personnalisable-i-create-my-life\/"},"modified":"2024-08-24T13:00:42","modified_gmt":"2024-08-24T11:00:42","slug":"collier-personnalisable-i-create-my-life","status":"publish","type":"product","link":"https:\/\/lajunglebijoux.com\/es\/producto\/collier-personnalisable-i-create-my-life\/","title":{"rendered":"Yo creo mi vida &#8211; collier personnalisable"},"content":{"rendered":"<p><span style=\"font-size: large;\"><b>Todo lo que debes saber sobre los amuletos protectores<\/b><\/span><\/p>\n<p>1 . La luna<\/p>\n<p>fluidez \u2013 cambio \u2013 adaptaci\u00f3n \u2013 renacimiento \u2013 momento presente \u2013 creaci\u00f3n \u2013 intuici\u00f3n \u2013 energ\u00eda femenina<\/p>\n<p>2 . La estrella<\/p>\n<p>armon\u00eda \u2013 vitalidad \u2013 belleza \u2013 salud \u2013 rectitud \u2013 energ\u00eda \u2013 sensibilidad \u2013 empat\u00eda<\/p>\n<p>3 . La serpiente<\/p>\n<p>energ\u00eda vital \u2013 metamorfosis \u2013 nuevo comienzo \u2013 creatividad \u2013 sagrado femenino \u2013 enraizamiento \u2013 seguridad \u2013 conexi\u00f3n con el universo \u2013 espiritualidad<\/p>\n<p>4 . La mano<\/p>\n<p>acci\u00f3n \u2013 transmisi\u00f3n \u2013 ayuda mutua \u2013 solidaridad \u2013 sensibilidad \u2013 expresi\u00f3n \u2013 creatividad \u2013 singularidad<\/p>\n<p>5 . La concha<\/p>\n<p>feminidad \u2013 sororidad \u2013 creaci\u00f3n (a veces maternidad, fuente de vida, fecundidad) \u2013 belleza \u2013 armon\u00eda \u2013 liberaci\u00f3n del cuerpo<\/p>\n<p>6 . La estrella polar<\/p>\n<p>suerte \u2013 orientaci\u00f3n \u2013 misi\u00f3n de vida \u2013 confianza \u2013 tranquilidad \u2013 estabilidad<\/p>\n<p>Amuleto central : El sol<\/p>\n<p>gratitud &#8211; vida &#8211;\u00a0unidad &#8211; autoestima &#8211;<\/p>\n<p>Las fotos de las joyas usadas no tienen necesariamente el mismo mensaje grabado. Est\u00e1n ah\u00ed para mostrarle los resultados con diferentes combinaciones de amuletos. Todas las medallas de las colecciones D\u00e9esse moderne e Inspire ose aime tienen el mismo di\u00e1metro.<\/p>\n<p>Un magn\u00edfico regalo para las mujeres que amas y a las que quieres apoyar, animar y celebrar&#8230;<\/p>\n<p><b><span style=\"font-size: large;\">Un collar comprometido con la solidaridad<\/span><\/b><\/p>\n<div>\nEl 5% de las ventas de la colecci\u00f3n se donar\u00e1 a la asociaci\u00f3n Women For Women, que ayuda a las mujeres de pa\u00edses afectados por conflictos y guerras a ganar y ahorrar dinero, mejorar su salud y bienestar, influir en las decisiones de sus hogares y comunidades y conectarse a redes de apoyo.<\/div>\n","protected":false},"excerpt":{"rendered":"<p>Collier en colaboraci\u00f3n con Sarah\/Inspire Ose Aime, coach de vida y negocios, liderazgo inspirador, energ\u00eda y mentalidad. Ayuda a las mujeres a reconectar con su singularidad, sus talentos, su alegr\u00eda de vivir&#8230;<\/p>\n<p>Oro fino de 24 quilates de alta resistencia sobre base de lat\u00f3n.<\/p>\n<p>Longitud 40 cm + 5 cm de prolongaci\u00f3n de cadena<\/p>\n<p>Longitud ajustable gracias a los eslabones de la cadena.<\/p>\n","protected":false},"featured_media":6933,"comment_status":"open","ping_status":"closed","template":"","meta":{"_acf_changed":false},"product_brand":[],"product_cat":[275,124],"product_tag":[480,478],"class_list":{"0":"post-8790","1":"product","2":"type-product","3":"status-publish","4":"has-post-thumbnail","6":"product_cat-deesse-moderne-es","7":"product_cat-joyas-personalizables","8":"product_tag-menos-de-50e","9":"product_tag-51e-a-100e","10":"pa_modele-collares","11":"pa_modele-personalizables","12":"pa_theme-joyas-energeticas","13":"pa_theme-joyas-bienestar","15":"first","16":"instock","17":"sale","18":"shipping-taxable","19":"purchasable","20":"product-type-variable"},"acf":[],"gallery_images":[6764,6762,6760,6768,6766],"yoast_head":"<!-- This site is optimized with the Yoast SEO plugin v27.2 - https:\/\/yoast.com\/product\/yoast-seo-wordpress\/ -->\n<title>Yo creo mi vida - collier personnalisable - La Jungle Bijoux<\/title>\n<meta name=\"description\" content=\"\u00a1Yo creo mi vida! Elige este mantra de vida en tu collar medalla y personal\u00edzalo con los amuletos protectores que prefieras.\" \/>\n<meta name=\"robots\" content=\"index, follow, max-snippet:-1, max-image-preview:large, max-video-preview:-1\" \/>\n<link rel=\"canonical\" href=\"https:\/\/lajunglebijoux.com\/es\/producto\/collier-personnalisable-i-create-my-life\/\" \/>\n<meta property=\"og:locale\" content=\"es_ES\" \/>\n<meta property=\"og:type\" content=\"article\" \/>\n<meta property=\"og:title\" content=\"Yo creo mi vida - collier personnalisable - La Jungle Bijoux\" \/>\n<meta property=\"og:description\" content=\"\u00a1Yo creo mi vida! Elige este mantra de vida en tu collar medalla y personal\u00edzalo con los amuletos protectores que prefieras.\" \/>\n<meta property=\"og:url\" content=\"https:\/\/lajunglebijoux.com\/es\/producto\/collier-personnalisable-i-create-my-life\/\" \/>\n<meta property=\"og:site_name\" content=\"La Jungle Bijoux\" \/>\n<meta property=\"article:modified_time\" content=\"2024-08-24T11:00:42+00:00\" \/>\n<meta property=\"og:image\" content=\"https:\/\/lajunglebijoux.com\/wp-content\/uploads\/2023\/03\/i-create-my-life-scaled.jpg\" \/>\n\t<meta property=\"og:image:width\" content=\"2560\" \/>\n\t<meta property=\"og:image:height\" content=\"2560\" \/>\n\t<meta property=\"og:image:type\" content=\"image\/jpeg\" \/>\n<meta name=\"twitter:card\" content=\"summary_large_image\" \/>\n<meta name=\"twitter:label1\" content=\"Tiempo de lectura\" \/>\n\t<meta name=\"twitter:data1\" content=\"2 minutos\" \/>\n<script type=\"application\/ld+json\" class=\"yoast-schema-graph\">{\"@context\":\"https:\/\/schema.org\",\"@graph\":[{\"@type\":\"WebPage\",\"@id\":\"https:\/\/lajunglebijoux.com\/es\/producto\/collier-personnalisable-i-create-my-life\/\",\"url\":\"https:\/\/lajunglebijoux.com\/es\/producto\/collier-personnalisable-i-create-my-life\/\",\"name\":\"Yo creo mi vida - collier personnalisable - La Jungle Bijoux\",\"isPartOf\":{\"@id\":\"https:\/\/lajunglebijoux.com\/es\/#website\"},\"primaryImageOfPage\":{\"@id\":\"https:\/\/lajunglebijoux.com\/es\/producto\/collier-personnalisable-i-create-my-life\/#primaryimage\"},\"image\":{\"@id\":\"https:\/\/lajunglebijoux.com\/es\/producto\/collier-personnalisable-i-create-my-life\/#primaryimage\"},\"thumbnailUrl\":\"https:\/\/lajunglebijoux.com\/wp-content\/uploads\/2023\/03\/i-create-my-life-scaled.jpg\",\"datePublished\":\"2023-03-14T07:37:19+00:00\",\"dateModified\":\"2024-08-24T11:00:42+00:00\",\"description\":\"\u00a1Yo creo mi vida! Elige este mantra de vida en tu collar medalla y personal\u00edzalo con los amuletos protectores que prefieras.\",\"breadcrumb\":{\"@id\":\"https:\/\/lajunglebijoux.com\/es\/producto\/collier-personnalisable-i-create-my-life\/#breadcrumb\"},\"inLanguage\":\"es\",\"potentialAction\":[{\"@type\":\"ReadAction\",\"target\":[\"https:\/\/lajunglebijoux.com\/es\/producto\/collier-personnalisable-i-create-my-life\/\"]}]},{\"@type\":\"ImageObject\",\"inLanguage\":\"es\",\"@id\":\"https:\/\/lajunglebijoux.com\/es\/producto\/collier-personnalisable-i-create-my-life\/#primaryimage\",\"url\":\"https:\/\/lajunglebijoux.com\/wp-content\/uploads\/2023\/03\/i-create-my-life-scaled.jpg\",\"contentUrl\":\"https:\/\/lajunglebijoux.com\/wp-content\/uploads\/2023\/03\/i-create-my-life-scaled.jpg\",\"width\":2560,\"height\":2560},{\"@type\":\"BreadcrumbList\",\"@id\":\"https:\/\/lajunglebijoux.com\/es\/producto\/collier-personnalisable-i-create-my-life\/#breadcrumb\",\"itemListElement\":[{\"@type\":\"ListItem\",\"position\":1,\"name\":\"Portada\",\"item\":\"https:\/\/lajunglebijoux.com\/es\/\"},{\"@type\":\"ListItem\",\"position\":2,\"name\":\"Productos\",\"item\":\"https:\/\/lajunglebijoux.com\/es\/shop\/\"},{\"@type\":\"ListItem\",\"position\":3,\"name\":\"Yo creo mi vida &#8211; collier personnalisable\"}]},{\"@type\":\"WebSite\",\"@id\":\"https:\/\/lajunglebijoux.com\/es\/#website\",\"url\":\"https:\/\/lajunglebijoux.com\/es\/\",\"name\":\"La Jungle Bijoux\",\"description\":\"\",\"publisher\":{\"@id\":\"https:\/\/lajunglebijoux.com\/es\/#organization\"},\"potentialAction\":[{\"@type\":\"SearchAction\",\"target\":{\"@type\":\"EntryPoint\",\"urlTemplate\":\"https:\/\/lajunglebijoux.com\/es\/?s={search_term_string}\"},\"query-input\":{\"@type\":\"PropertyValueSpecification\",\"valueRequired\":true,\"valueName\":\"search_term_string\"}}],\"inLanguage\":\"es\"},{\"@type\":\"Organization\",\"@id\":\"https:\/\/lajunglebijoux.com\/es\/#organization\",\"name\":\"La Jungle Bijoux\",\"url\":\"https:\/\/lajunglebijoux.com\/es\/\",\"logo\":{\"@type\":\"ImageObject\",\"inLanguage\":\"es\",\"@id\":\"https:\/\/lajunglebijoux.com\/es\/#\/schema\/logo\/image\/\",\"url\":\"https:\/\/lajunglebijoux.com\/wp-content\/uploads\/2023\/01\/LOGO-FINAL-Fonce.jpg\",\"contentUrl\":\"https:\/\/lajunglebijoux.com\/wp-content\/uploads\/2023\/01\/LOGO-FINAL-Fonce.jpg\",\"width\":900,\"height\":900,\"caption\":\"La Jungle Bijoux\"},\"image\":{\"@id\":\"https:\/\/lajunglebijoux.com\/es\/#\/schema\/logo\/image\/\"}}]}<\/script>\n<!-- \/ Yoast SEO plugin. -->","yoast_head_json":{"title":"Yo creo mi vida - collier personnalisable - La Jungle Bijoux","description":"\u00a1Yo creo mi vida! Elige este mantra de vida en tu collar medalla y personal\u00edzalo con los amuletos protectores que prefieras.","robots":{"index":"index","follow":"follow","max-snippet":"max-snippet:-1","max-image-preview":"max-image-preview:large","max-video-preview":"max-video-preview:-1"},"canonical":"https:\/\/lajunglebijoux.com\/es\/producto\/collier-personnalisable-i-create-my-life\/","og_locale":"es_ES","og_type":"article","og_title":"Yo creo mi vida - collier personnalisable - La Jungle Bijoux","og_description":"\u00a1Yo creo mi vida! Elige este mantra de vida en tu collar medalla y personal\u00edzalo con los amuletos protectores que prefieras.","og_url":"https:\/\/lajunglebijoux.com\/es\/producto\/collier-personnalisable-i-create-my-life\/","og_site_name":"La Jungle Bijoux","article_modified_time":"2024-08-24T11:00:42+00:00","og_image":[{"width":2560,"height":2560,"url":"https:\/\/lajunglebijoux.com\/wp-content\/uploads\/2023\/03\/i-create-my-life-scaled.jpg","type":"image\/jpeg"}],"twitter_card":"summary_large_image","twitter_misc":{"Tiempo de lectura":"2 minutos"},"schema":{"@context":"https:\/\/schema.org","@graph":[{"@type":"WebPage","@id":"https:\/\/lajunglebijoux.com\/es\/producto\/collier-personnalisable-i-create-my-life\/","url":"https:\/\/lajunglebijoux.com\/es\/producto\/collier-personnalisable-i-create-my-life\/","name":"Yo creo mi vida - collier personnalisable - La Jungle Bijoux","isPartOf":{"@id":"https:\/\/lajunglebijoux.com\/es\/#website"},"primaryImageOfPage":{"@id":"https:\/\/lajunglebijoux.com\/es\/producto\/collier-personnalisable-i-create-my-life\/#primaryimage"},"image":{"@id":"https:\/\/lajunglebijoux.com\/es\/producto\/collier-personnalisable-i-create-my-life\/#primaryimage"},"thumbnailUrl":"https:\/\/lajunglebijoux.com\/wp-content\/uploads\/2023\/03\/i-create-my-life-scaled.jpg","datePublished":"2023-03-14T07:37:19+00:00","dateModified":"2024-08-24T11:00:42+00:00","description":"\u00a1Yo creo mi vida! Elige este mantra de vida en tu collar medalla y personal\u00edzalo con los amuletos protectores que prefieras.","breadcrumb":{"@id":"https:\/\/lajunglebijoux.com\/es\/producto\/collier-personnalisable-i-create-my-life\/#breadcrumb"},"inLanguage":"es","potentialAction":[{"@type":"ReadAction","target":["https:\/\/lajunglebijoux.com\/es\/producto\/collier-personnalisable-i-create-my-life\/"]}]},{"@type":"ImageObject","inLanguage":"es","@id":"https:\/\/lajunglebijoux.com\/es\/producto\/collier-personnalisable-i-create-my-life\/#primaryimage","url":"https:\/\/lajunglebijoux.com\/wp-content\/uploads\/2023\/03\/i-create-my-life-scaled.jpg","contentUrl":"https:\/\/lajunglebijoux.com\/wp-content\/uploads\/2023\/03\/i-create-my-life-scaled.jpg","width":2560,"height":2560},{"@type":"BreadcrumbList","@id":"https:\/\/lajunglebijoux.com\/es\/producto\/collier-personnalisable-i-create-my-life\/#breadcrumb","itemListElement":[{"@type":"ListItem","position":1,"name":"Portada","item":"https:\/\/lajunglebijoux.com\/es\/"},{"@type":"ListItem","position":2,"name":"Productos","item":"https:\/\/lajunglebijoux.com\/es\/shop\/"},{"@type":"ListItem","position":3,"name":"Yo creo mi vida &#8211; collier personnalisable"}]},{"@type":"WebSite","@id":"https:\/\/lajunglebijoux.com\/es\/#website","url":"https:\/\/lajunglebijoux.com\/es\/","name":"La Jungle Bijoux","description":"","publisher":{"@id":"https:\/\/lajunglebijoux.com\/es\/#organization"},"potentialAction":[{"@type":"SearchAction","target":{"@type":"EntryPoint","urlTemplate":"https:\/\/lajunglebijoux.com\/es\/?s={search_term_string}"},"query-input":{"@type":"PropertyValueSpecification","valueRequired":true,"valueName":"search_term_string"}}],"inLanguage":"es"},{"@type":"Organization","@id":"https:\/\/lajunglebijoux.com\/es\/#organization","name":"La Jungle Bijoux","url":"https:\/\/lajunglebijoux.com\/es\/","logo":{"@type":"ImageObject","inLanguage":"es","@id":"https:\/\/lajunglebijoux.com\/es\/#\/schema\/logo\/image\/","url":"https:\/\/lajunglebijoux.com\/wp-content\/uploads\/2023\/01\/LOGO-FINAL-Fonce.jpg","contentUrl":"https:\/\/lajunglebijoux.com\/wp-content\/uploads\/2023\/01\/LOGO-FINAL-Fonce.jpg","width":900,"height":900,"caption":"La Jungle Bijoux"},"image":{"@id":"https:\/\/lajunglebijoux.com\/es\/#\/schema\/logo\/image\/"}}]}},"_links":{"self":[{"href":"https:\/\/lajunglebijoux.com\/es\/wp-json\/wp\/v2\/product\/8790","targetHints":{"allow":["GET"]}}],"collection":[{"href":"https:\/\/lajunglebijoux.com\/es\/wp-json\/wp\/v2\/product"}],"about":[{"href":"https:\/\/lajunglebijoux.com\/es\/wp-json\/wp\/v2\/types\/product"}],"replies":[{"embeddable":true,"href":"https:\/\/lajunglebijoux.com\/es\/wp-json\/wp\/v2\/comments?post=8790"}],"version-history":[{"count":0,"href":"https:\/\/lajunglebijoux.com\/es\/wp-json\/wp\/v2\/product\/8790\/revisions"}],"wp:featuredmedia":[{"embeddable":true,"href":"https:\/\/lajunglebijoux.com\/es\/wp-json\/wp\/v2\/media\/6933"}],"wp:attachment":[{"href":"https:\/\/lajunglebijoux.com\/es\/wp-json\/wp\/v2\/media?parent=8790"}],"wp:term":[{"taxonomy":"product_brand","embeddable":true,"href":"https:\/\/lajunglebijoux.com\/es\/wp-json\/wp\/v2\/product_brand?post=8790"},{"taxonomy":"product_cat","embeddable":true,"href":"https:\/\/lajunglebijoux.com\/es\/wp-json\/wp\/v2\/product_cat?post=8790"},{"taxonomy":"product_tag","embeddable":true,"href":"https:\/\/lajunglebijoux.com\/es\/wp-json\/wp\/v2\/product_tag?post=8790"}],"curies":[{"name":"wp","href":"https:\/\/api.w.org\/{rel}","templated":true}]}}