{"id":8775,"date":"2022-11-14T10:44:56","date_gmt":"2022-11-14T08:44:56","guid":{"rendered":"https:\/\/lajunglebijoux.com\/product\/boucles-deesse-serpent\/"},"modified":"2024-08-24T12:58:45","modified_gmt":"2024-08-24T10:58:45","slug":"boucles-deesse-serpent","status":"publish","type":"product","link":"https:\/\/lajunglebijoux.com\/es\/producto\/boucles-deesse-serpent\/","title":{"rendered":"amuletos diosa serpiente &#8211; mini lazos par o unidad"},"content":{"rendered":"","protected":false},"excerpt":{"rendered":"<p>Mini anillos pendientes serpientes criollas en colaboraci\u00f3n con Sarah\/Inspire Ose Aime, coach de vida y negocios, liderazgo inspirador, energ\u00eda y mentalidad. Ayuda a las mujeres a reconectar con su singularidad, sus talentos y su alegr\u00eda de vivir.<\/p>\n<p>Estos pendientes de serpiente forman parte de una colecci\u00f3n con otros pendientes de concha. Ll\u00e9velos juntos o combinados para conseguir un estilo \u00fanico.<\/p>\n<p>Oro fino de 24 quilates de alta resistencia sobre una base de lat\u00f3n.<\/p>\n<p>Muy ligeros de llevar.<\/p>\n<p>La serpiente<\/p>\n<p>energ\u00eda vital \u2013 metamorfosis \u2013 nuevo comienzo \u2013 creatividad \u2013 sagrado femenino \u2013 enraizamiento \u2013 seguridad \u2013 conexi\u00f3n con el universo \u2013 espiritualidad<\/p>\n<p>Se venden por pares o individualmente.<\/p>\n<p>El 5% de las ventas de la colecci\u00f3n se donar\u00e1 a Women For Women, que ayuda a las mujeres de pa\u00edses afectados por conflictos y guerras a ganar y ahorrar dinero, mejorar su salud y bienestar, influir en las decisiones de sus hogares y comunidades y conectarse a redes de apoyo.<\/p>\n<p>Llamo talism\u00e1n a esta joya porque ha sido infundida energ\u00e9ticamente con la energ\u00eda portadora de la intenci\u00f3n de su simbolismo. Como con muchas de las joyas talism\u00e1n de La Jungle, quiero explicar mi enfoque pero, por supuesto, toma s\u00f3lo lo que te hable y si es s\u00f3lo el dise\u00f1o de la joya, tambi\u00e9n est\u00e1 bien.<\/p>\n","protected":false},"featured_media":2528,"comment_status":"open","ping_status":"closed","template":"","meta":{"_acf_changed":false},"product_brand":[],"product_cat":[275],"product_tag":[480],"class_list":{"0":"post-8775","1":"product","2":"type-product","3":"status-publish","4":"has-post-thumbnail","6":"product_cat-deesse-moderne-es","7":"product_tag-menos-de-50e","8":"pa_modele-pendientes","9":"pa_theme-joyas-energeticas","10":"pa_theme-joyas-bienestar","11":"pa_theme-joyas-naturaleza","13":"first","14":"instock","15":"shipping-taxable","16":"purchasable","17":"product-type-variable"},"acf":[],"gallery_images":[2440,2432,2428,2436,2434],"yoast_head":"<!-- This site is optimized with the Yoast SEO plugin v27.2 - https:\/\/yoast.com\/product\/yoast-seo-wordpress\/ -->\n<title>amuletos diosa serpiente - mini lazos par o unidad - La Jungle Bijoux<\/title>\n<meta name=\"description\" content=\"Descubra los pendientes de aro mini serpiente, \u00a1para llevar en pareja o individualmente! Afirma tu poder femenino con estos en\u00e9rgicos pendientes de aro.\" \/>\n<meta name=\"robots\" content=\"index, follow, max-snippet:-1, max-image-preview:large, max-video-preview:-1\" \/>\n<link rel=\"canonical\" href=\"https:\/\/lajunglebijoux.com\/es\/producto\/boucles-deesse-serpent\/\" \/>\n<meta property=\"og:locale\" content=\"es_ES\" \/>\n<meta property=\"og:type\" content=\"article\" \/>\n<meta property=\"og:title\" content=\"amuletos diosa serpiente - mini lazos par o unidad - La Jungle Bijoux\" \/>\n<meta property=\"og:description\" content=\"Descubra los pendientes de aro mini serpiente, \u00a1para llevar en pareja o individualmente! Afirma tu poder femenino con estos en\u00e9rgicos pendientes de aro.\" \/>\n<meta property=\"og:url\" content=\"https:\/\/lajunglebijoux.com\/es\/producto\/boucles-deesse-serpent\/\" \/>\n<meta property=\"og:site_name\" content=\"La Jungle Bijoux\" \/>\n<meta property=\"article:modified_time\" content=\"2024-08-24T10:58:45+00:00\" \/>\n<meta property=\"og:image\" content=\"https:\/\/lajunglebijoux.com\/wp-content\/uploads\/2022\/11\/amulettes-serpents.jpg\" \/>\n\t<meta property=\"og:image:width\" content=\"1505\" \/>\n\t<meta property=\"og:image:height\" content=\"1505\" \/>\n\t<meta property=\"og:image:type\" content=\"image\/jpeg\" \/>\n<meta name=\"twitter:card\" content=\"summary_large_image\" \/>\n<script type=\"application\/ld+json\" class=\"yoast-schema-graph\">{\"@context\":\"https:\/\/schema.org\",\"@graph\":[{\"@type\":\"WebPage\",\"@id\":\"https:\/\/lajunglebijoux.com\/es\/producto\/boucles-deesse-serpent\/\",\"url\":\"https:\/\/lajunglebijoux.com\/es\/producto\/boucles-deesse-serpent\/\",\"name\":\"amuletos diosa serpiente - mini lazos par o unidad - La Jungle Bijoux\",\"isPartOf\":{\"@id\":\"https:\/\/lajunglebijoux.com\/es\/#website\"},\"primaryImageOfPage\":{\"@id\":\"https:\/\/lajunglebijoux.com\/es\/producto\/boucles-deesse-serpent\/#primaryimage\"},\"image\":{\"@id\":\"https:\/\/lajunglebijoux.com\/es\/producto\/boucles-deesse-serpent\/#primaryimage\"},\"thumbnailUrl\":\"https:\/\/lajunglebijoux.com\/wp-content\/uploads\/2022\/11\/amulettes-serpents.jpg\",\"datePublished\":\"2022-11-14T08:44:56+00:00\",\"dateModified\":\"2024-08-24T10:58:45+00:00\",\"description\":\"Descubra los pendientes de aro mini serpiente, \u00a1para llevar en pareja o individualmente! Afirma tu poder femenino con estos en\u00e9rgicos pendientes de aro.\",\"breadcrumb\":{\"@id\":\"https:\/\/lajunglebijoux.com\/es\/producto\/boucles-deesse-serpent\/#breadcrumb\"},\"inLanguage\":\"es\",\"potentialAction\":[{\"@type\":\"ReadAction\",\"target\":[\"https:\/\/lajunglebijoux.com\/es\/producto\/boucles-deesse-serpent\/\"]}]},{\"@type\":\"ImageObject\",\"inLanguage\":\"es\",\"@id\":\"https:\/\/lajunglebijoux.com\/es\/producto\/boucles-deesse-serpent\/#primaryimage\",\"url\":\"https:\/\/lajunglebijoux.com\/wp-content\/uploads\/2022\/11\/amulettes-serpents.jpg\",\"contentUrl\":\"https:\/\/lajunglebijoux.com\/wp-content\/uploads\/2022\/11\/amulettes-serpents.jpg\",\"width\":1505,\"height\":1505},{\"@type\":\"BreadcrumbList\",\"@id\":\"https:\/\/lajunglebijoux.com\/es\/producto\/boucles-deesse-serpent\/#breadcrumb\",\"itemListElement\":[{\"@type\":\"ListItem\",\"position\":1,\"name\":\"Portada\",\"item\":\"https:\/\/lajunglebijoux.com\/es\/\"},{\"@type\":\"ListItem\",\"position\":2,\"name\":\"Productos\",\"item\":\"https:\/\/lajunglebijoux.com\/es\/shop\/\"},{\"@type\":\"ListItem\",\"position\":3,\"name\":\"amuletos diosa serpiente &#8211; mini lazos par o unidad\"}]},{\"@type\":\"WebSite\",\"@id\":\"https:\/\/lajunglebijoux.com\/es\/#website\",\"url\":\"https:\/\/lajunglebijoux.com\/es\/\",\"name\":\"La Jungle Bijoux\",\"description\":\"\",\"publisher\":{\"@id\":\"https:\/\/lajunglebijoux.com\/es\/#organization\"},\"potentialAction\":[{\"@type\":\"SearchAction\",\"target\":{\"@type\":\"EntryPoint\",\"urlTemplate\":\"https:\/\/lajunglebijoux.com\/es\/?s={search_term_string}\"},\"query-input\":{\"@type\":\"PropertyValueSpecification\",\"valueRequired\":true,\"valueName\":\"search_term_string\"}}],\"inLanguage\":\"es\"},{\"@type\":\"Organization\",\"@id\":\"https:\/\/lajunglebijoux.com\/es\/#organization\",\"name\":\"La Jungle Bijoux\",\"url\":\"https:\/\/lajunglebijoux.com\/es\/\",\"logo\":{\"@type\":\"ImageObject\",\"inLanguage\":\"es\",\"@id\":\"https:\/\/lajunglebijoux.com\/es\/#\/schema\/logo\/image\/\",\"url\":\"https:\/\/lajunglebijoux.com\/wp-content\/uploads\/2023\/01\/LOGO-FINAL-Fonce.jpg\",\"contentUrl\":\"https:\/\/lajunglebijoux.com\/wp-content\/uploads\/2023\/01\/LOGO-FINAL-Fonce.jpg\",\"width\":900,\"height\":900,\"caption\":\"La Jungle Bijoux\"},\"image\":{\"@id\":\"https:\/\/lajunglebijoux.com\/es\/#\/schema\/logo\/image\/\"}}]}<\/script>\n<!-- \/ Yoast SEO plugin. -->","yoast_head_json":{"title":"amuletos diosa serpiente - mini lazos par o unidad - La Jungle Bijoux","description":"Descubra los pendientes de aro mini serpiente, \u00a1para llevar en pareja o individualmente! Afirma tu poder femenino con estos en\u00e9rgicos pendientes de aro.","robots":{"index":"index","follow":"follow","max-snippet":"max-snippet:-1","max-image-preview":"max-image-preview:large","max-video-preview":"max-video-preview:-1"},"canonical":"https:\/\/lajunglebijoux.com\/es\/producto\/boucles-deesse-serpent\/","og_locale":"es_ES","og_type":"article","og_title":"amuletos diosa serpiente - mini lazos par o unidad - La Jungle Bijoux","og_description":"Descubra los pendientes de aro mini serpiente, \u00a1para llevar en pareja o individualmente! Afirma tu poder femenino con estos en\u00e9rgicos pendientes de aro.","og_url":"https:\/\/lajunglebijoux.com\/es\/producto\/boucles-deesse-serpent\/","og_site_name":"La Jungle Bijoux","article_modified_time":"2024-08-24T10:58:45+00:00","og_image":[{"width":1505,"height":1505,"url":"https:\/\/lajunglebijoux.com\/wp-content\/uploads\/2022\/11\/amulettes-serpents.jpg","type":"image\/jpeg"}],"twitter_card":"summary_large_image","schema":{"@context":"https:\/\/schema.org","@graph":[{"@type":"WebPage","@id":"https:\/\/lajunglebijoux.com\/es\/producto\/boucles-deesse-serpent\/","url":"https:\/\/lajunglebijoux.com\/es\/producto\/boucles-deesse-serpent\/","name":"amuletos diosa serpiente - mini lazos par o unidad - La Jungle Bijoux","isPartOf":{"@id":"https:\/\/lajunglebijoux.com\/es\/#website"},"primaryImageOfPage":{"@id":"https:\/\/lajunglebijoux.com\/es\/producto\/boucles-deesse-serpent\/#primaryimage"},"image":{"@id":"https:\/\/lajunglebijoux.com\/es\/producto\/boucles-deesse-serpent\/#primaryimage"},"thumbnailUrl":"https:\/\/lajunglebijoux.com\/wp-content\/uploads\/2022\/11\/amulettes-serpents.jpg","datePublished":"2022-11-14T08:44:56+00:00","dateModified":"2024-08-24T10:58:45+00:00","description":"Descubra los pendientes de aro mini serpiente, \u00a1para llevar en pareja o individualmente! Afirma tu poder femenino con estos en\u00e9rgicos pendientes de aro.","breadcrumb":{"@id":"https:\/\/lajunglebijoux.com\/es\/producto\/boucles-deesse-serpent\/#breadcrumb"},"inLanguage":"es","potentialAction":[{"@type":"ReadAction","target":["https:\/\/lajunglebijoux.com\/es\/producto\/boucles-deesse-serpent\/"]}]},{"@type":"ImageObject","inLanguage":"es","@id":"https:\/\/lajunglebijoux.com\/es\/producto\/boucles-deesse-serpent\/#primaryimage","url":"https:\/\/lajunglebijoux.com\/wp-content\/uploads\/2022\/11\/amulettes-serpents.jpg","contentUrl":"https:\/\/lajunglebijoux.com\/wp-content\/uploads\/2022\/11\/amulettes-serpents.jpg","width":1505,"height":1505},{"@type":"BreadcrumbList","@id":"https:\/\/lajunglebijoux.com\/es\/producto\/boucles-deesse-serpent\/#breadcrumb","itemListElement":[{"@type":"ListItem","position":1,"name":"Portada","item":"https:\/\/lajunglebijoux.com\/es\/"},{"@type":"ListItem","position":2,"name":"Productos","item":"https:\/\/lajunglebijoux.com\/es\/shop\/"},{"@type":"ListItem","position":3,"name":"amuletos diosa serpiente &#8211; mini lazos par o unidad"}]},{"@type":"WebSite","@id":"https:\/\/lajunglebijoux.com\/es\/#website","url":"https:\/\/lajunglebijoux.com\/es\/","name":"La Jungle Bijoux","description":"","publisher":{"@id":"https:\/\/lajunglebijoux.com\/es\/#organization"},"potentialAction":[{"@type":"SearchAction","target":{"@type":"EntryPoint","urlTemplate":"https:\/\/lajunglebijoux.com\/es\/?s={search_term_string}"},"query-input":{"@type":"PropertyValueSpecification","valueRequired":true,"valueName":"search_term_string"}}],"inLanguage":"es"},{"@type":"Organization","@id":"https:\/\/lajunglebijoux.com\/es\/#organization","name":"La Jungle Bijoux","url":"https:\/\/lajunglebijoux.com\/es\/","logo":{"@type":"ImageObject","inLanguage":"es","@id":"https:\/\/lajunglebijoux.com\/es\/#\/schema\/logo\/image\/","url":"https:\/\/lajunglebijoux.com\/wp-content\/uploads\/2023\/01\/LOGO-FINAL-Fonce.jpg","contentUrl":"https:\/\/lajunglebijoux.com\/wp-content\/uploads\/2023\/01\/LOGO-FINAL-Fonce.jpg","width":900,"height":900,"caption":"La Jungle Bijoux"},"image":{"@id":"https:\/\/lajunglebijoux.com\/es\/#\/schema\/logo\/image\/"}}]}},"_links":{"self":[{"href":"https:\/\/lajunglebijoux.com\/es\/wp-json\/wp\/v2\/product\/8775","targetHints":{"allow":["GET"]}}],"collection":[{"href":"https:\/\/lajunglebijoux.com\/es\/wp-json\/wp\/v2\/product"}],"about":[{"href":"https:\/\/lajunglebijoux.com\/es\/wp-json\/wp\/v2\/types\/product"}],"replies":[{"embeddable":true,"href":"https:\/\/lajunglebijoux.com\/es\/wp-json\/wp\/v2\/comments?post=8775"}],"version-history":[{"count":0,"href":"https:\/\/lajunglebijoux.com\/es\/wp-json\/wp\/v2\/product\/8775\/revisions"}],"wp:featuredmedia":[{"embeddable":true,"href":"https:\/\/lajunglebijoux.com\/es\/wp-json\/wp\/v2\/media\/2528"}],"wp:attachment":[{"href":"https:\/\/lajunglebijoux.com\/es\/wp-json\/wp\/v2\/media?parent=8775"}],"wp:term":[{"taxonomy":"product_brand","embeddable":true,"href":"https:\/\/lajunglebijoux.com\/es\/wp-json\/wp\/v2\/product_brand?post=8775"},{"taxonomy":"product_cat","embeddable":true,"href":"https:\/\/lajunglebijoux.com\/es\/wp-json\/wp\/v2\/product_cat?post=8775"},{"taxonomy":"product_tag","embeddable":true,"href":"https:\/\/lajunglebijoux.com\/es\/wp-json\/wp\/v2\/product_tag?post=8775"}],"curies":[{"name":"wp","href":"https:\/\/api.w.org\/{rel}","templated":true}]}}