{"id":8771,"date":"2022-11-14T10:51:23","date_gmt":"2022-11-14T08:51:23","guid":{"rendered":"https:\/\/lajunglebijoux.com\/product\/boucles-deesse-coquillage\/"},"modified":"2024-08-24T12:58:45","modified_gmt":"2024-08-24T10:58:45","slug":"boucles-deesse-coquillage","status":"publish","type":"product","link":"https:\/\/lajunglebijoux.com\/es\/producto\/boucles-deesse-coquillage\/","title":{"rendered":"pendientes diosa concha &#8211; mini pendientes par o unidad"},"content":{"rendered":"","protected":false},"excerpt":{"rendered":"<p>Mini pendientes pendientes de concha criollas en colaboraci\u00f3n con Sarah\/Inspire Ose Aime, coach de vida y negocios, liderazgo inspirador, energ\u00eda y mentalidad. Ayuda a las mujeres a reconectar con su singularidad, sus talentos y su alegr\u00eda de vivir.<\/p>\n<p>Estos pendientes de concha forman parte de una colecci\u00f3n con otros pendientes de serpiente. Ll\u00e9velos juntos o combinados para conseguir un estilo \u00fanico.<\/p>\n<p>Oro fino de 24 quilates de alta resistencia sobre una base de lat\u00f3n.<\/p>\n<p>Muy ligeros de llevar.<\/p>\n<p>La concha<\/p>\n<p>feminidad \u2013 sororidad \u2013 creaci\u00f3n (a veces maternidad, fuente de vida, fecundidad) \u2013 belleza \u2013 armon\u00eda \u2013 liberaci\u00f3n del cuerpo<\/p>\n<p>Se venden por pares o individualmente.<\/p>\n<p>El 5% de las ventas de la colecci\u00f3n se donar\u00e1 a <strong>Women For Women<\/strong>, una asociaci\u00f3n que <strong>ayuda a las mujeres<\/strong> de pa\u00edses afectados por conflictos y guerras a ganar y ahorrar dinero, mejorar su salud y bienestar, influir en las decisiones de sus hogares y comunidades y conectarse a redes de apoyo.<\/p>\n<p>Llamo talism\u00e1n a esta joya porque ha sido infundida energ\u00e9ticamente con la energ\u00eda portadora de la intenci\u00f3n de su simbolismo. Como con muchas de las joyas talism\u00e1n de La Jungle, quiero explicar mi enfoque pero, por supuesto, toma s\u00f3lo lo que te hable y si es s\u00f3lo el dise\u00f1o de la joya, tambi\u00e9n est\u00e1 bien.<\/p>\n","protected":false},"featured_media":2526,"comment_status":"open","ping_status":"closed","template":"","meta":{"_acf_changed":false},"product_brand":[],"product_cat":[275],"product_tag":[480],"class_list":{"0":"post-8771","1":"product","2":"type-product","3":"status-publish","4":"has-post-thumbnail","6":"product_cat-deesse-moderne-es","7":"product_tag-menos-de-50e","8":"pa_modele-pendientes","9":"pa_theme-joyas-energeticas","10":"pa_theme-joyas-bienestar","11":"pa_theme-joyas-naturaleza","13":"first","14":"instock","15":"shipping-taxable","16":"purchasable","17":"product-type-variable"},"acf":[],"gallery_images":[2432,2440,2438,2436,2434],"yoast_head":"<!-- This site is optimized with the Yoast SEO plugin v27.2 - https:\/\/yoast.com\/product\/yoast-seo-wordpress\/ -->\n<title>pendientes diosa concha - mini pendientes par o unidad - La Jungle Bijoux<\/title>\n<meta name=\"description\" content=\"Adopte estas mini criollas de concha, para llevarlas en pareja o individualmente. Inspire la colecci\u00f3n Ose Aime, joyas femeninas inspiradas e inspiradoras.\" \/>\n<meta name=\"robots\" content=\"index, follow, max-snippet:-1, max-image-preview:large, max-video-preview:-1\" \/>\n<link rel=\"canonical\" href=\"https:\/\/lajunglebijoux.com\/es\/producto\/boucles-deesse-coquillage\/\" \/>\n<meta property=\"og:locale\" content=\"es_ES\" \/>\n<meta property=\"og:type\" content=\"article\" \/>\n<meta property=\"og:title\" content=\"pendientes diosa concha - mini pendientes par o unidad - La Jungle Bijoux\" \/>\n<meta property=\"og:description\" content=\"Adopte estas mini criollas de concha, para llevarlas en pareja o individualmente. Inspire la colecci\u00f3n Ose Aime, joyas femeninas inspiradas e inspiradoras.\" \/>\n<meta property=\"og:url\" content=\"https:\/\/lajunglebijoux.com\/es\/producto\/boucles-deesse-coquillage\/\" \/>\n<meta property=\"og:site_name\" content=\"La Jungle Bijoux\" \/>\n<meta property=\"article:modified_time\" content=\"2024-08-24T10:58:45+00:00\" \/>\n<meta property=\"og:image\" content=\"https:\/\/lajunglebijoux.com\/wp-content\/uploads\/2022\/11\/amulettes-coquillages.jpg\" \/>\n\t<meta property=\"og:image:width\" content=\"1516\" \/>\n\t<meta property=\"og:image:height\" content=\"1516\" \/>\n\t<meta property=\"og:image:type\" content=\"image\/jpeg\" \/>\n<meta name=\"twitter:card\" content=\"summary_large_image\" \/>\n<script type=\"application\/ld+json\" class=\"yoast-schema-graph\">{\"@context\":\"https:\/\/schema.org\",\"@graph\":[{\"@type\":\"WebPage\",\"@id\":\"https:\/\/lajunglebijoux.com\/es\/producto\/boucles-deesse-coquillage\/\",\"url\":\"https:\/\/lajunglebijoux.com\/es\/producto\/boucles-deesse-coquillage\/\",\"name\":\"pendientes diosa concha - mini pendientes par o unidad - La Jungle Bijoux\",\"isPartOf\":{\"@id\":\"https:\/\/lajunglebijoux.com\/es\/#website\"},\"primaryImageOfPage\":{\"@id\":\"https:\/\/lajunglebijoux.com\/es\/producto\/boucles-deesse-coquillage\/#primaryimage\"},\"image\":{\"@id\":\"https:\/\/lajunglebijoux.com\/es\/producto\/boucles-deesse-coquillage\/#primaryimage\"},\"thumbnailUrl\":\"https:\/\/lajunglebijoux.com\/wp-content\/uploads\/2022\/11\/amulettes-coquillages.jpg\",\"datePublished\":\"2022-11-14T08:51:23+00:00\",\"dateModified\":\"2024-08-24T10:58:45+00:00\",\"description\":\"Adopte estas mini criollas de concha, para llevarlas en pareja o individualmente. Inspire la colecci\u00f3n Ose Aime, joyas femeninas inspiradas e inspiradoras.\",\"breadcrumb\":{\"@id\":\"https:\/\/lajunglebijoux.com\/es\/producto\/boucles-deesse-coquillage\/#breadcrumb\"},\"inLanguage\":\"es\",\"potentialAction\":[{\"@type\":\"ReadAction\",\"target\":[\"https:\/\/lajunglebijoux.com\/es\/producto\/boucles-deesse-coquillage\/\"]}]},{\"@type\":\"ImageObject\",\"inLanguage\":\"es\",\"@id\":\"https:\/\/lajunglebijoux.com\/es\/producto\/boucles-deesse-coquillage\/#primaryimage\",\"url\":\"https:\/\/lajunglebijoux.com\/wp-content\/uploads\/2022\/11\/amulettes-coquillages.jpg\",\"contentUrl\":\"https:\/\/lajunglebijoux.com\/wp-content\/uploads\/2022\/11\/amulettes-coquillages.jpg\",\"width\":1516,\"height\":1516},{\"@type\":\"BreadcrumbList\",\"@id\":\"https:\/\/lajunglebijoux.com\/es\/producto\/boucles-deesse-coquillage\/#breadcrumb\",\"itemListElement\":[{\"@type\":\"ListItem\",\"position\":1,\"name\":\"Portada\",\"item\":\"https:\/\/lajunglebijoux.com\/es\/\"},{\"@type\":\"ListItem\",\"position\":2,\"name\":\"Productos\",\"item\":\"https:\/\/lajunglebijoux.com\/es\/shop\/\"},{\"@type\":\"ListItem\",\"position\":3,\"name\":\"pendientes diosa concha &#8211; mini pendientes par o unidad\"}]},{\"@type\":\"WebSite\",\"@id\":\"https:\/\/lajunglebijoux.com\/es\/#website\",\"url\":\"https:\/\/lajunglebijoux.com\/es\/\",\"name\":\"La Jungle Bijoux\",\"description\":\"\",\"publisher\":{\"@id\":\"https:\/\/lajunglebijoux.com\/es\/#organization\"},\"potentialAction\":[{\"@type\":\"SearchAction\",\"target\":{\"@type\":\"EntryPoint\",\"urlTemplate\":\"https:\/\/lajunglebijoux.com\/es\/?s={search_term_string}\"},\"query-input\":{\"@type\":\"PropertyValueSpecification\",\"valueRequired\":true,\"valueName\":\"search_term_string\"}}],\"inLanguage\":\"es\"},{\"@type\":\"Organization\",\"@id\":\"https:\/\/lajunglebijoux.com\/es\/#organization\",\"name\":\"La Jungle Bijoux\",\"url\":\"https:\/\/lajunglebijoux.com\/es\/\",\"logo\":{\"@type\":\"ImageObject\",\"inLanguage\":\"es\",\"@id\":\"https:\/\/lajunglebijoux.com\/es\/#\/schema\/logo\/image\/\",\"url\":\"https:\/\/lajunglebijoux.com\/wp-content\/uploads\/2023\/01\/LOGO-FINAL-Fonce.jpg\",\"contentUrl\":\"https:\/\/lajunglebijoux.com\/wp-content\/uploads\/2023\/01\/LOGO-FINAL-Fonce.jpg\",\"width\":900,\"height\":900,\"caption\":\"La Jungle Bijoux\"},\"image\":{\"@id\":\"https:\/\/lajunglebijoux.com\/es\/#\/schema\/logo\/image\/\"}}]}<\/script>\n<!-- \/ Yoast SEO plugin. -->","yoast_head_json":{"title":"pendientes diosa concha - mini pendientes par o unidad - La Jungle Bijoux","description":"Adopte estas mini criollas de concha, para llevarlas en pareja o individualmente. Inspire la colecci\u00f3n Ose Aime, joyas femeninas inspiradas e inspiradoras.","robots":{"index":"index","follow":"follow","max-snippet":"max-snippet:-1","max-image-preview":"max-image-preview:large","max-video-preview":"max-video-preview:-1"},"canonical":"https:\/\/lajunglebijoux.com\/es\/producto\/boucles-deesse-coquillage\/","og_locale":"es_ES","og_type":"article","og_title":"pendientes diosa concha - mini pendientes par o unidad - La Jungle Bijoux","og_description":"Adopte estas mini criollas de concha, para llevarlas en pareja o individualmente. Inspire la colecci\u00f3n Ose Aime, joyas femeninas inspiradas e inspiradoras.","og_url":"https:\/\/lajunglebijoux.com\/es\/producto\/boucles-deesse-coquillage\/","og_site_name":"La Jungle Bijoux","article_modified_time":"2024-08-24T10:58:45+00:00","og_image":[{"width":1516,"height":1516,"url":"https:\/\/lajunglebijoux.com\/wp-content\/uploads\/2022\/11\/amulettes-coquillages.jpg","type":"image\/jpeg"}],"twitter_card":"summary_large_image","schema":{"@context":"https:\/\/schema.org","@graph":[{"@type":"WebPage","@id":"https:\/\/lajunglebijoux.com\/es\/producto\/boucles-deesse-coquillage\/","url":"https:\/\/lajunglebijoux.com\/es\/producto\/boucles-deesse-coquillage\/","name":"pendientes diosa concha - mini pendientes par o unidad - La Jungle Bijoux","isPartOf":{"@id":"https:\/\/lajunglebijoux.com\/es\/#website"},"primaryImageOfPage":{"@id":"https:\/\/lajunglebijoux.com\/es\/producto\/boucles-deesse-coquillage\/#primaryimage"},"image":{"@id":"https:\/\/lajunglebijoux.com\/es\/producto\/boucles-deesse-coquillage\/#primaryimage"},"thumbnailUrl":"https:\/\/lajunglebijoux.com\/wp-content\/uploads\/2022\/11\/amulettes-coquillages.jpg","datePublished":"2022-11-14T08:51:23+00:00","dateModified":"2024-08-24T10:58:45+00:00","description":"Adopte estas mini criollas de concha, para llevarlas en pareja o individualmente. Inspire la colecci\u00f3n Ose Aime, joyas femeninas inspiradas e inspiradoras.","breadcrumb":{"@id":"https:\/\/lajunglebijoux.com\/es\/producto\/boucles-deesse-coquillage\/#breadcrumb"},"inLanguage":"es","potentialAction":[{"@type":"ReadAction","target":["https:\/\/lajunglebijoux.com\/es\/producto\/boucles-deesse-coquillage\/"]}]},{"@type":"ImageObject","inLanguage":"es","@id":"https:\/\/lajunglebijoux.com\/es\/producto\/boucles-deesse-coquillage\/#primaryimage","url":"https:\/\/lajunglebijoux.com\/wp-content\/uploads\/2022\/11\/amulettes-coquillages.jpg","contentUrl":"https:\/\/lajunglebijoux.com\/wp-content\/uploads\/2022\/11\/amulettes-coquillages.jpg","width":1516,"height":1516},{"@type":"BreadcrumbList","@id":"https:\/\/lajunglebijoux.com\/es\/producto\/boucles-deesse-coquillage\/#breadcrumb","itemListElement":[{"@type":"ListItem","position":1,"name":"Portada","item":"https:\/\/lajunglebijoux.com\/es\/"},{"@type":"ListItem","position":2,"name":"Productos","item":"https:\/\/lajunglebijoux.com\/es\/shop\/"},{"@type":"ListItem","position":3,"name":"pendientes diosa concha &#8211; mini pendientes par o unidad"}]},{"@type":"WebSite","@id":"https:\/\/lajunglebijoux.com\/es\/#website","url":"https:\/\/lajunglebijoux.com\/es\/","name":"La Jungle Bijoux","description":"","publisher":{"@id":"https:\/\/lajunglebijoux.com\/es\/#organization"},"potentialAction":[{"@type":"SearchAction","target":{"@type":"EntryPoint","urlTemplate":"https:\/\/lajunglebijoux.com\/es\/?s={search_term_string}"},"query-input":{"@type":"PropertyValueSpecification","valueRequired":true,"valueName":"search_term_string"}}],"inLanguage":"es"},{"@type":"Organization","@id":"https:\/\/lajunglebijoux.com\/es\/#organization","name":"La Jungle Bijoux","url":"https:\/\/lajunglebijoux.com\/es\/","logo":{"@type":"ImageObject","inLanguage":"es","@id":"https:\/\/lajunglebijoux.com\/es\/#\/schema\/logo\/image\/","url":"https:\/\/lajunglebijoux.com\/wp-content\/uploads\/2023\/01\/LOGO-FINAL-Fonce.jpg","contentUrl":"https:\/\/lajunglebijoux.com\/wp-content\/uploads\/2023\/01\/LOGO-FINAL-Fonce.jpg","width":900,"height":900,"caption":"La Jungle Bijoux"},"image":{"@id":"https:\/\/lajunglebijoux.com\/es\/#\/schema\/logo\/image\/"}}]}},"_links":{"self":[{"href":"https:\/\/lajunglebijoux.com\/es\/wp-json\/wp\/v2\/product\/8771","targetHints":{"allow":["GET"]}}],"collection":[{"href":"https:\/\/lajunglebijoux.com\/es\/wp-json\/wp\/v2\/product"}],"about":[{"href":"https:\/\/lajunglebijoux.com\/es\/wp-json\/wp\/v2\/types\/product"}],"replies":[{"embeddable":true,"href":"https:\/\/lajunglebijoux.com\/es\/wp-json\/wp\/v2\/comments?post=8771"}],"version-history":[{"count":0,"href":"https:\/\/lajunglebijoux.com\/es\/wp-json\/wp\/v2\/product\/8771\/revisions"}],"wp:featuredmedia":[{"embeddable":true,"href":"https:\/\/lajunglebijoux.com\/es\/wp-json\/wp\/v2\/media\/2526"}],"wp:attachment":[{"href":"https:\/\/lajunglebijoux.com\/es\/wp-json\/wp\/v2\/media?parent=8771"}],"wp:term":[{"taxonomy":"product_brand","embeddable":true,"href":"https:\/\/lajunglebijoux.com\/es\/wp-json\/wp\/v2\/product_brand?post=8771"},{"taxonomy":"product_cat","embeddable":true,"href":"https:\/\/lajunglebijoux.com\/es\/wp-json\/wp\/v2\/product_cat?post=8771"},{"taxonomy":"product_tag","embeddable":true,"href":"https:\/\/lajunglebijoux.com\/es\/wp-json\/wp\/v2\/product_tag?post=8771"}],"curies":[{"name":"wp","href":"https:\/\/api.w.org\/{rel}","templated":true}]}}