{"id":8709,"date":"2023-04-05T19:51:43","date_gmt":"2023-04-05T17:51:43","guid":{"rendered":"https:\/\/lajunglebijoux.com\/product\/i-am-pure-light-pure-soul-collier-personnalisable\/"},"modified":"2024-08-24T13:05:24","modified_gmt":"2024-08-24T11:05:24","slug":"i-am-pure-light-pure-soul-collier-personnalisable","status":"publish","type":"product","link":"https:\/\/lajunglebijoux.com\/es\/producto\/i-am-pure-light-pure-soul-collier-personnalisable\/","title":{"rendered":"I am pure light, pure soul &#8211; collar personalizable"},"content":{"rendered":"<h2>Todo sobre los amuletos protectores<\/h2>\n<p><strong>La estrella:<\/strong> La estrella brillante es s\u00edmbolo de armon\u00eda, vitalidad, belleza y salud. Sus ramas captan las energ\u00edas positivas y nos invitan a dar rienda suelta a nuestra sensibilidad y empat\u00eda.<br \/>\n<strong>La mano:<\/strong> La mano conecta el esp\u00edritu y el alma con la materia. Es un amuleto que nos invita a ponernos en acci\u00f3n para sentirnos verdaderamente en el asiento del conductor de nuestras vidas. No hay dos manos iguales, ni dos huellas dactilares id\u00e9nticas, por eso es un signo de singularidad: \u00a1t\u00fa eres \u00fanico!<br \/>\n<strong>La Luna:<\/strong> La Luna representa a la mujer y la energ\u00eda femenina por excelencia. Por su ciclo, es sin\u00f3nimo de cambio y renacimiento. Tambi\u00e9n es un s\u00edmbolo de creaci\u00f3n: \u00bfcu\u00e1l es la vida que quieres crear para ti?<br \/>\n<strong>La Estrella Polar:<\/strong> Se dice que la Estrella Polar trae buena suerte porque act\u00faa como gu\u00eda para mostrarnos qu\u00e9 camino tomar en nuestras vidas.<br \/>\n<strong>El amuleto del sol<\/strong>, m\u00e1s grande y situado en el centro. El sol es la energ\u00eda YANG, una energ\u00eda que mira hacia fuera, hacia lo que nos rodea. El sol tambi\u00e9n invita al sentimiento de gratitud porque permite la vida.<\/p>\n<p>Y, por \u00faltimo, el amuleto del sol, m\u00e1s grande y situado en el centro.<\/p>\n<p>Las fotos de las joyas puestas no son necesariamente con el mismo mensaje grabado. Est\u00e1n ah\u00ed para mostrarte c\u00f3mo quedan los distintos amuletos con diferentes combinaciones. Todas las medallas de las colecciones Modern Goddess e Inspire Dare Love tienen el mismo di\u00e1metro.<\/p>\n<h2>Un collar personalizable y solidario<\/h2>\n<p>El 5% de <strong>las ventas<\/strong> de la colecci\u00f3n se donar\u00e1 a <strong>Women For Women<\/strong>, que en pa\u00edses afectados por conflictos y guerras ayuda a las mujeres a ganar y ahorrar dinero, mejorar su salud y bienestar, influir en las decisiones de sus hogares y comunidades y conectar con redes de apoyo.<\/p>\n","protected":false},"excerpt":{"rendered":"<p>Collier en colaboraci\u00f3n con Sarah\/Inspire Ose Aime, coach de vida y negocios, liderazgo inspirador, energ\u00eda y mentalidad. Acompa\u00f1a a las mujeres a reconectar con su unicidad, sus talentos, su alegr\u00eda de vivir &#8230;<\/p>\n<p>Oro fino de 24 quilates de alta resistencia sobre base de lat\u00f3n.<\/p>\n<p>Longitud 40 cm + 5cm cadena de extensi\u00f3n<\/p>\n<p>Talla ajustable m\u00e1s larga o m\u00e1s corta gracias a los eslabones de la cadena.<\/p>\n","protected":false},"featured_media":7492,"comment_status":"open","ping_status":"closed","template":"","meta":{"_acf_changed":false},"product_brand":[],"product_cat":[124,71],"product_tag":[480,478],"class_list":{"0":"post-8709","1":"product","2":"type-product","3":"status-publish","4":"has-post-thumbnail","6":"product_cat-joyas-personalizables","7":"product_cat-inspirar-atreverse-amar","8":"product_tag-menos-de-50e","9":"product_tag-51e-a-100e","10":"pa_modele-collares","11":"pa_theme-joyas-bienestar","13":"first","14":"outofstock","15":"shipping-taxable","16":"purchasable","17":"product-type-variable"},"acf":[],"gallery_images":[7490,7383,7494,7498,7496,7502,7504],"yoast_head":"<!-- This site is optimized with the Yoast SEO plugin v27.2 - https:\/\/yoast.com\/product\/yoast-seo-wordpress\/ -->\n<title>I am pure light, pure soul - collar personalizable - La Jungle Bijoux<\/title>\n<meta name=\"description\" content=\"Pura luz y pura alma: \u00a1adopte un collar mantra para personalizar con los amuletos de su elecci\u00f3n, que refleje sus valores y le acompa\u00f1e en su vida diaria!\" \/>\n<meta name=\"robots\" content=\"index, follow, max-snippet:-1, max-image-preview:large, max-video-preview:-1\" \/>\n<link rel=\"canonical\" href=\"https:\/\/lajunglebijoux.com\/es\/producto\/i-am-pure-light-pure-soul-collier-personnalisable\/\" \/>\n<meta property=\"og:locale\" content=\"es_ES\" \/>\n<meta property=\"og:type\" content=\"article\" \/>\n<meta property=\"og:title\" content=\"I am pure light, pure soul - collar personalizable - La Jungle Bijoux\" \/>\n<meta property=\"og:description\" content=\"Pura luz y pura alma: \u00a1adopte un collar mantra para personalizar con los amuletos de su elecci\u00f3n, que refleje sus valores y le acompa\u00f1e en su vida diaria!\" \/>\n<meta property=\"og:url\" content=\"https:\/\/lajunglebijoux.com\/es\/producto\/i-am-pure-light-pure-soul-collier-personnalisable\/\" \/>\n<meta property=\"og:site_name\" content=\"La Jungle Bijoux\" \/>\n<meta property=\"article:modified_time\" content=\"2024-08-24T11:05:24+00:00\" \/>\n<meta property=\"og:image\" content=\"https:\/\/lajunglebijoux.com\/wp-content\/uploads\/2023\/04\/IMG_20211017_132108.jpg\" \/>\n\t<meta property=\"og:image:width\" content=\"2560\" \/>\n\t<meta property=\"og:image:height\" content=\"2560\" \/>\n\t<meta property=\"og:image:type\" content=\"image\/jpeg\" \/>\n<meta name=\"twitter:card\" content=\"summary_large_image\" \/>\n<meta name=\"twitter:label1\" content=\"Tiempo de lectura\" \/>\n\t<meta name=\"twitter:data1\" content=\"2 minutos\" \/>\n<script type=\"application\/ld+json\" class=\"yoast-schema-graph\">{\"@context\":\"https:\/\/schema.org\",\"@graph\":[{\"@type\":\"WebPage\",\"@id\":\"https:\/\/lajunglebijoux.com\/es\/producto\/i-am-pure-light-pure-soul-collier-personnalisable\/\",\"url\":\"https:\/\/lajunglebijoux.com\/es\/producto\/i-am-pure-light-pure-soul-collier-personnalisable\/\",\"name\":\"I am pure light, pure soul - collar personalizable - La Jungle Bijoux\",\"isPartOf\":{\"@id\":\"https:\/\/lajunglebijoux.com\/es\/#website\"},\"primaryImageOfPage\":{\"@id\":\"https:\/\/lajunglebijoux.com\/es\/producto\/i-am-pure-light-pure-soul-collier-personnalisable\/#primaryimage\"},\"image\":{\"@id\":\"https:\/\/lajunglebijoux.com\/es\/producto\/i-am-pure-light-pure-soul-collier-personnalisable\/#primaryimage\"},\"thumbnailUrl\":\"https:\/\/lajunglebijoux.com\/wp-content\/uploads\/2023\/04\/IMG_20211017_132108.jpg\",\"datePublished\":\"2023-04-05T17:51:43+00:00\",\"dateModified\":\"2024-08-24T11:05:24+00:00\",\"description\":\"Pura luz y pura alma: \u00a1adopte un collar mantra para personalizar con los amuletos de su elecci\u00f3n, que refleje sus valores y le acompa\u00f1e en su vida diaria!\",\"breadcrumb\":{\"@id\":\"https:\/\/lajunglebijoux.com\/es\/producto\/i-am-pure-light-pure-soul-collier-personnalisable\/#breadcrumb\"},\"inLanguage\":\"es\",\"potentialAction\":[{\"@type\":\"ReadAction\",\"target\":[\"https:\/\/lajunglebijoux.com\/es\/producto\/i-am-pure-light-pure-soul-collier-personnalisable\/\"]}]},{\"@type\":\"ImageObject\",\"inLanguage\":\"es\",\"@id\":\"https:\/\/lajunglebijoux.com\/es\/producto\/i-am-pure-light-pure-soul-collier-personnalisable\/#primaryimage\",\"url\":\"https:\/\/lajunglebijoux.com\/wp-content\/uploads\/2023\/04\/IMG_20211017_132108.jpg\",\"contentUrl\":\"https:\/\/lajunglebijoux.com\/wp-content\/uploads\/2023\/04\/IMG_20211017_132108.jpg\",\"width\":2560,\"height\":2560,\"caption\":\"collier pure light pure soul\"},{\"@type\":\"BreadcrumbList\",\"@id\":\"https:\/\/lajunglebijoux.com\/es\/producto\/i-am-pure-light-pure-soul-collier-personnalisable\/#breadcrumb\",\"itemListElement\":[{\"@type\":\"ListItem\",\"position\":1,\"name\":\"Portada\",\"item\":\"https:\/\/lajunglebijoux.com\/es\/\"},{\"@type\":\"ListItem\",\"position\":2,\"name\":\"Productos\",\"item\":\"https:\/\/lajunglebijoux.com\/es\/shop\/\"},{\"@type\":\"ListItem\",\"position\":3,\"name\":\"I am pure light, pure soul &#8211; collar personalizable\"}]},{\"@type\":\"WebSite\",\"@id\":\"https:\/\/lajunglebijoux.com\/es\/#website\",\"url\":\"https:\/\/lajunglebijoux.com\/es\/\",\"name\":\"La Jungle Bijoux\",\"description\":\"\",\"publisher\":{\"@id\":\"https:\/\/lajunglebijoux.com\/es\/#organization\"},\"potentialAction\":[{\"@type\":\"SearchAction\",\"target\":{\"@type\":\"EntryPoint\",\"urlTemplate\":\"https:\/\/lajunglebijoux.com\/es\/?s={search_term_string}\"},\"query-input\":{\"@type\":\"PropertyValueSpecification\",\"valueRequired\":true,\"valueName\":\"search_term_string\"}}],\"inLanguage\":\"es\"},{\"@type\":\"Organization\",\"@id\":\"https:\/\/lajunglebijoux.com\/es\/#organization\",\"name\":\"La Jungle Bijoux\",\"url\":\"https:\/\/lajunglebijoux.com\/es\/\",\"logo\":{\"@type\":\"ImageObject\",\"inLanguage\":\"es\",\"@id\":\"https:\/\/lajunglebijoux.com\/es\/#\/schema\/logo\/image\/\",\"url\":\"https:\/\/lajunglebijoux.com\/wp-content\/uploads\/2023\/01\/LOGO-FINAL-Fonce.jpg\",\"contentUrl\":\"https:\/\/lajunglebijoux.com\/wp-content\/uploads\/2023\/01\/LOGO-FINAL-Fonce.jpg\",\"width\":900,\"height\":900,\"caption\":\"La Jungle Bijoux\"},\"image\":{\"@id\":\"https:\/\/lajunglebijoux.com\/es\/#\/schema\/logo\/image\/\"}}]}<\/script>\n<!-- \/ Yoast SEO plugin. -->","yoast_head_json":{"title":"I am pure light, pure soul - collar personalizable - La Jungle Bijoux","description":"Pura luz y pura alma: \u00a1adopte un collar mantra para personalizar con los amuletos de su elecci\u00f3n, que refleje sus valores y le acompa\u00f1e en su vida diaria!","robots":{"index":"index","follow":"follow","max-snippet":"max-snippet:-1","max-image-preview":"max-image-preview:large","max-video-preview":"max-video-preview:-1"},"canonical":"https:\/\/lajunglebijoux.com\/es\/producto\/i-am-pure-light-pure-soul-collier-personnalisable\/","og_locale":"es_ES","og_type":"article","og_title":"I am pure light, pure soul - collar personalizable - La Jungle Bijoux","og_description":"Pura luz y pura alma: \u00a1adopte un collar mantra para personalizar con los amuletos de su elecci\u00f3n, que refleje sus valores y le acompa\u00f1e en su vida diaria!","og_url":"https:\/\/lajunglebijoux.com\/es\/producto\/i-am-pure-light-pure-soul-collier-personnalisable\/","og_site_name":"La Jungle Bijoux","article_modified_time":"2024-08-24T11:05:24+00:00","og_image":[{"width":2560,"height":2560,"url":"https:\/\/lajunglebijoux.com\/wp-content\/uploads\/2023\/04\/IMG_20211017_132108.jpg","type":"image\/jpeg"}],"twitter_card":"summary_large_image","twitter_misc":{"Tiempo de lectura":"2 minutos"},"schema":{"@context":"https:\/\/schema.org","@graph":[{"@type":"WebPage","@id":"https:\/\/lajunglebijoux.com\/es\/producto\/i-am-pure-light-pure-soul-collier-personnalisable\/","url":"https:\/\/lajunglebijoux.com\/es\/producto\/i-am-pure-light-pure-soul-collier-personnalisable\/","name":"I am pure light, pure soul - collar personalizable - La Jungle Bijoux","isPartOf":{"@id":"https:\/\/lajunglebijoux.com\/es\/#website"},"primaryImageOfPage":{"@id":"https:\/\/lajunglebijoux.com\/es\/producto\/i-am-pure-light-pure-soul-collier-personnalisable\/#primaryimage"},"image":{"@id":"https:\/\/lajunglebijoux.com\/es\/producto\/i-am-pure-light-pure-soul-collier-personnalisable\/#primaryimage"},"thumbnailUrl":"https:\/\/lajunglebijoux.com\/wp-content\/uploads\/2023\/04\/IMG_20211017_132108.jpg","datePublished":"2023-04-05T17:51:43+00:00","dateModified":"2024-08-24T11:05:24+00:00","description":"Pura luz y pura alma: \u00a1adopte un collar mantra para personalizar con los amuletos de su elecci\u00f3n, que refleje sus valores y le acompa\u00f1e en su vida diaria!","breadcrumb":{"@id":"https:\/\/lajunglebijoux.com\/es\/producto\/i-am-pure-light-pure-soul-collier-personnalisable\/#breadcrumb"},"inLanguage":"es","potentialAction":[{"@type":"ReadAction","target":["https:\/\/lajunglebijoux.com\/es\/producto\/i-am-pure-light-pure-soul-collier-personnalisable\/"]}]},{"@type":"ImageObject","inLanguage":"es","@id":"https:\/\/lajunglebijoux.com\/es\/producto\/i-am-pure-light-pure-soul-collier-personnalisable\/#primaryimage","url":"https:\/\/lajunglebijoux.com\/wp-content\/uploads\/2023\/04\/IMG_20211017_132108.jpg","contentUrl":"https:\/\/lajunglebijoux.com\/wp-content\/uploads\/2023\/04\/IMG_20211017_132108.jpg","width":2560,"height":2560,"caption":"collier pure light pure soul"},{"@type":"BreadcrumbList","@id":"https:\/\/lajunglebijoux.com\/es\/producto\/i-am-pure-light-pure-soul-collier-personnalisable\/#breadcrumb","itemListElement":[{"@type":"ListItem","position":1,"name":"Portada","item":"https:\/\/lajunglebijoux.com\/es\/"},{"@type":"ListItem","position":2,"name":"Productos","item":"https:\/\/lajunglebijoux.com\/es\/shop\/"},{"@type":"ListItem","position":3,"name":"I am pure light, pure soul &#8211; collar personalizable"}]},{"@type":"WebSite","@id":"https:\/\/lajunglebijoux.com\/es\/#website","url":"https:\/\/lajunglebijoux.com\/es\/","name":"La Jungle Bijoux","description":"","publisher":{"@id":"https:\/\/lajunglebijoux.com\/es\/#organization"},"potentialAction":[{"@type":"SearchAction","target":{"@type":"EntryPoint","urlTemplate":"https:\/\/lajunglebijoux.com\/es\/?s={search_term_string}"},"query-input":{"@type":"PropertyValueSpecification","valueRequired":true,"valueName":"search_term_string"}}],"inLanguage":"es"},{"@type":"Organization","@id":"https:\/\/lajunglebijoux.com\/es\/#organization","name":"La Jungle Bijoux","url":"https:\/\/lajunglebijoux.com\/es\/","logo":{"@type":"ImageObject","inLanguage":"es","@id":"https:\/\/lajunglebijoux.com\/es\/#\/schema\/logo\/image\/","url":"https:\/\/lajunglebijoux.com\/wp-content\/uploads\/2023\/01\/LOGO-FINAL-Fonce.jpg","contentUrl":"https:\/\/lajunglebijoux.com\/wp-content\/uploads\/2023\/01\/LOGO-FINAL-Fonce.jpg","width":900,"height":900,"caption":"La Jungle Bijoux"},"image":{"@id":"https:\/\/lajunglebijoux.com\/es\/#\/schema\/logo\/image\/"}}]}},"_links":{"self":[{"href":"https:\/\/lajunglebijoux.com\/es\/wp-json\/wp\/v2\/product\/8709","targetHints":{"allow":["GET"]}}],"collection":[{"href":"https:\/\/lajunglebijoux.com\/es\/wp-json\/wp\/v2\/product"}],"about":[{"href":"https:\/\/lajunglebijoux.com\/es\/wp-json\/wp\/v2\/types\/product"}],"replies":[{"embeddable":true,"href":"https:\/\/lajunglebijoux.com\/es\/wp-json\/wp\/v2\/comments?post=8709"}],"version-history":[{"count":0,"href":"https:\/\/lajunglebijoux.com\/es\/wp-json\/wp\/v2\/product\/8709\/revisions"}],"wp:featuredmedia":[{"embeddable":true,"href":"https:\/\/lajunglebijoux.com\/es\/wp-json\/wp\/v2\/media\/7492"}],"wp:attachment":[{"href":"https:\/\/lajunglebijoux.com\/es\/wp-json\/wp\/v2\/media?parent=8709"}],"wp:term":[{"taxonomy":"product_brand","embeddable":true,"href":"https:\/\/lajunglebijoux.com\/es\/wp-json\/wp\/v2\/product_brand?post=8709"},{"taxonomy":"product_cat","embeddable":true,"href":"https:\/\/lajunglebijoux.com\/es\/wp-json\/wp\/v2\/product_cat?post=8709"},{"taxonomy":"product_tag","embeddable":true,"href":"https:\/\/lajunglebijoux.com\/es\/wp-json\/wp\/v2\/product_tag?post=8709"}],"curies":[{"name":"wp","href":"https:\/\/api.w.org\/{rel}","templated":true}]}}