{"id":8683,"date":"2022-11-09T14:39:32","date_gmt":"2022-11-09T12:39:32","guid":{"rendered":"https:\/\/lajunglebijoux.com\/product\/boucle-oreille-amulette-unite\/"},"modified":"2024-08-24T12:58:47","modified_gmt":"2024-08-24T10:58:47","slug":"boucle-oreille-amulette-unite","status":"publish","type":"product","link":"https:\/\/lajunglebijoux.com\/es\/producto\/boucle-oreille-amulette-unite\/","title":{"rendered":"AMULETTES &#8211; Pendientes \u00e0 l&#8217;unit\u00e9"},"content":{"rendered":"<h2>Unas palabras de Jen, la creadora de La Jungle Bijoux<\/h2>\n<p>Me encanta el simbolismo de los amuletos protectores y el hecho de que puedas elegir los que m\u00e1s te gusten. Al dise\u00f1ar esta colecci\u00f3n con Sarah, hemos querido resaltar la singularidad de las mujeres y permitirles llevar una joya que les hable.<\/p>\n<p>Puedes elegir el par de amuletos que m\u00e1s te inspire al hacer tu pedido.<\/p>\n<h2>El simbolismo de los amuletos<\/h2>\n<p><strong>1 . La estrella<\/strong>: La estrella representa la perfecci\u00f3n: todo est\u00e1 siempre en su sitio, todo es siempre correcto. Este amuleto act\u00faa como un suave recordatorio: sin sombra, no hay luz.<\/p>\n<p><strong>2 . La mano:<\/strong> La mano es sin\u00f3nimo de transmisi\u00f3n y de saber dar y recibir. La mano abierta significa \u201cla mano tendida hacia el otro\u201d, ayuda mutua, solidaridad, fraternidad.<\/p>\n<p><strong>3 . La luna<\/strong>: La luna habla de nuestro paso por la tierra y nos invita a dejar el pasado en el pasado para aprovechar mejor el momento presente. La luna est\u00e1 asociada al elemento agua. El agua alivia, acuna y calma. Este elemento aporta fluidez y adaptabilidad.<\/p>\n<p><strong>4 . La Estrella Polar<\/strong>: La Estrella Polar tiene un simbolismo de referencia y estabilidad. Es muy tranquilizadora y nos invita a confiar en la vida y en el universo.<\/p>\n","protected":false},"excerpt":{"rendered":"<p>Mini pendientes criollos en colaboraci\u00f3n con Sarah \/ Inspire Ose Aime, coach de vida y de negocios, liderazgo inspirador, la energ\u00eda y la mentalidad. Ayuda a las mujeres a reconectar con su singularidad, sus talentos, su alegr\u00eda de vivir &#8230;<\/p>\n<p>Oro fino de 24 quilates de alta resistencia sobre una base de lat\u00f3n.<\/p>\n<p>Muy ligero de llevar.<\/p>\n<p>Se venden por unidades.<\/p>\n<p>Tambi\u00e9n disponibles por pares en la tienda electr\u00f3nica.<\/p>\n<p>El 5% de las ventas de la colecci\u00f3n se donar\u00e1 a Women For Women, una asociaci\u00f3n que ayuda a las mujeres de pa\u00edses afectados por conflictos y guerras a ganar y ahorrar dinero, mejorar su salud y bienestar, influir en las decisiones de sus hogares y comunidades y conectarse a redes de apoyo.<\/p>\n","protected":false},"featured_media":2415,"comment_status":"open","ping_status":"closed","template":"","meta":{"_acf_changed":false},"product_brand":[],"product_cat":[71],"product_tag":[480],"class_list":{"0":"post-8683","1":"product","2":"type-product","3":"status-publish","4":"has-post-thumbnail","6":"product_cat-inspirar-atreverse-amar","7":"product_tag-menos-de-50e","8":"pa_modele-pendientes","9":"pa_theme-joyas-astral-tarot","10":"pa_theme-joyas-bienestar","12":"first","13":"instock","14":"shipping-taxable","15":"purchasable","16":"product-type-variable"},"acf":[],"gallery_images":[2419,2417,2413,2411,2421],"yoast_head":"<!-- This site is optimized with the Yoast SEO plugin v27.2 - https:\/\/yoast.com\/product\/yoast-seo-wordpress\/ -->\n<title>AMULETTES - Pendientes \u00e0 l&#039;unit\u00e9 - La Jungle Bijoux<\/title>\n<meta name=\"description\" content=\"Mano, luna, estrella o estrella del Norte: \u00a1elija su amuleto protector entre nuestros pendientes! Oro de 24 quilates. Se venden por unidad.\" \/>\n<meta name=\"robots\" content=\"index, follow, max-snippet:-1, max-image-preview:large, max-video-preview:-1\" \/>\n<link rel=\"canonical\" href=\"https:\/\/lajunglebijoux.com\/es\/producto\/boucle-oreille-amulette-unite\/\" \/>\n<meta property=\"og:locale\" content=\"es_ES\" \/>\n<meta property=\"og:type\" content=\"article\" \/>\n<meta property=\"og:title\" content=\"AMULETTES - Pendientes \u00e0 l&#039;unit\u00e9 - La Jungle Bijoux\" \/>\n<meta property=\"og:description\" content=\"Mano, luna, estrella o estrella del Norte: \u00a1elija su amuleto protector entre nuestros pendientes! Oro de 24 quilates. Se venden por unidad.\" \/>\n<meta property=\"og:url\" content=\"https:\/\/lajunglebijoux.com\/es\/producto\/boucle-oreille-amulette-unite\/\" \/>\n<meta property=\"og:site_name\" content=\"La Jungle Bijoux\" \/>\n<meta property=\"article:modified_time\" content=\"2024-08-24T10:58:47+00:00\" \/>\n<meta property=\"og:image\" content=\"https:\/\/lajunglebijoux.com\/wp-content\/uploads\/2022\/11\/IMG_20211018_095844.jpg\" \/>\n\t<meta property=\"og:image:width\" content=\"1673\" \/>\n\t<meta property=\"og:image:height\" content=\"1672\" \/>\n\t<meta property=\"og:image:type\" content=\"image\/jpeg\" \/>\n<meta name=\"twitter:card\" content=\"summary_large_image\" \/>\n<meta name=\"twitter:label1\" content=\"Tiempo de lectura\" \/>\n\t<meta name=\"twitter:data1\" content=\"2 minutos\" \/>\n<script type=\"application\/ld+json\" class=\"yoast-schema-graph\">{\"@context\":\"https:\/\/schema.org\",\"@graph\":[{\"@type\":\"WebPage\",\"@id\":\"https:\/\/lajunglebijoux.com\/es\/producto\/boucle-oreille-amulette-unite\/\",\"url\":\"https:\/\/lajunglebijoux.com\/es\/producto\/boucle-oreille-amulette-unite\/\",\"name\":\"AMULETTES - Pendientes \u00e0 l'unit\u00e9 - La Jungle Bijoux\",\"isPartOf\":{\"@id\":\"https:\/\/lajunglebijoux.com\/es\/#website\"},\"primaryImageOfPage\":{\"@id\":\"https:\/\/lajunglebijoux.com\/es\/producto\/boucle-oreille-amulette-unite\/#primaryimage\"},\"image\":{\"@id\":\"https:\/\/lajunglebijoux.com\/es\/producto\/boucle-oreille-amulette-unite\/#primaryimage\"},\"thumbnailUrl\":\"https:\/\/lajunglebijoux.com\/wp-content\/uploads\/2022\/11\/IMG_20211018_095844.jpg\",\"datePublished\":\"2022-11-09T12:39:32+00:00\",\"dateModified\":\"2024-08-24T10:58:47+00:00\",\"description\":\"Mano, luna, estrella o estrella del Norte: \u00a1elija su amuleto protector entre nuestros pendientes! Oro de 24 quilates. Se venden por unidad.\",\"breadcrumb\":{\"@id\":\"https:\/\/lajunglebijoux.com\/es\/producto\/boucle-oreille-amulette-unite\/#breadcrumb\"},\"inLanguage\":\"es\",\"potentialAction\":[{\"@type\":\"ReadAction\",\"target\":[\"https:\/\/lajunglebijoux.com\/es\/producto\/boucle-oreille-amulette-unite\/\"]}]},{\"@type\":\"ImageObject\",\"inLanguage\":\"es\",\"@id\":\"https:\/\/lajunglebijoux.com\/es\/producto\/boucle-oreille-amulette-unite\/#primaryimage\",\"url\":\"https:\/\/lajunglebijoux.com\/wp-content\/uploads\/2022\/11\/IMG_20211018_095844.jpg\",\"contentUrl\":\"https:\/\/lajunglebijoux.com\/wp-content\/uploads\/2022\/11\/IMG_20211018_095844.jpg\",\"width\":1673,\"height\":1672,\"caption\":\"dav\"},{\"@type\":\"BreadcrumbList\",\"@id\":\"https:\/\/lajunglebijoux.com\/es\/producto\/boucle-oreille-amulette-unite\/#breadcrumb\",\"itemListElement\":[{\"@type\":\"ListItem\",\"position\":1,\"name\":\"Portada\",\"item\":\"https:\/\/lajunglebijoux.com\/es\/\"},{\"@type\":\"ListItem\",\"position\":2,\"name\":\"Productos\",\"item\":\"https:\/\/lajunglebijoux.com\/es\/shop\/\"},{\"@type\":\"ListItem\",\"position\":3,\"name\":\"AMULETTES &#8211; Pendientes \u00e0 l&#8217;unit\u00e9\"}]},{\"@type\":\"WebSite\",\"@id\":\"https:\/\/lajunglebijoux.com\/es\/#website\",\"url\":\"https:\/\/lajunglebijoux.com\/es\/\",\"name\":\"La Jungle Bijoux\",\"description\":\"\",\"publisher\":{\"@id\":\"https:\/\/lajunglebijoux.com\/es\/#organization\"},\"potentialAction\":[{\"@type\":\"SearchAction\",\"target\":{\"@type\":\"EntryPoint\",\"urlTemplate\":\"https:\/\/lajunglebijoux.com\/es\/?s={search_term_string}\"},\"query-input\":{\"@type\":\"PropertyValueSpecification\",\"valueRequired\":true,\"valueName\":\"search_term_string\"}}],\"inLanguage\":\"es\"},{\"@type\":\"Organization\",\"@id\":\"https:\/\/lajunglebijoux.com\/es\/#organization\",\"name\":\"La Jungle Bijoux\",\"url\":\"https:\/\/lajunglebijoux.com\/es\/\",\"logo\":{\"@type\":\"ImageObject\",\"inLanguage\":\"es\",\"@id\":\"https:\/\/lajunglebijoux.com\/es\/#\/schema\/logo\/image\/\",\"url\":\"https:\/\/lajunglebijoux.com\/wp-content\/uploads\/2023\/01\/LOGO-FINAL-Fonce.jpg\",\"contentUrl\":\"https:\/\/lajunglebijoux.com\/wp-content\/uploads\/2023\/01\/LOGO-FINAL-Fonce.jpg\",\"width\":900,\"height\":900,\"caption\":\"La Jungle Bijoux\"},\"image\":{\"@id\":\"https:\/\/lajunglebijoux.com\/es\/#\/schema\/logo\/image\/\"}}]}<\/script>\n<!-- \/ Yoast SEO plugin. -->","yoast_head_json":{"title":"AMULETTES - Pendientes \u00e0 l'unit\u00e9 - La Jungle Bijoux","description":"Mano, luna, estrella o estrella del Norte: \u00a1elija su amuleto protector entre nuestros pendientes! Oro de 24 quilates. Se venden por unidad.","robots":{"index":"index","follow":"follow","max-snippet":"max-snippet:-1","max-image-preview":"max-image-preview:large","max-video-preview":"max-video-preview:-1"},"canonical":"https:\/\/lajunglebijoux.com\/es\/producto\/boucle-oreille-amulette-unite\/","og_locale":"es_ES","og_type":"article","og_title":"AMULETTES - Pendientes \u00e0 l'unit\u00e9 - La Jungle Bijoux","og_description":"Mano, luna, estrella o estrella del Norte: \u00a1elija su amuleto protector entre nuestros pendientes! Oro de 24 quilates. Se venden por unidad.","og_url":"https:\/\/lajunglebijoux.com\/es\/producto\/boucle-oreille-amulette-unite\/","og_site_name":"La Jungle Bijoux","article_modified_time":"2024-08-24T10:58:47+00:00","og_image":[{"width":1673,"height":1672,"url":"https:\/\/lajunglebijoux.com\/wp-content\/uploads\/2022\/11\/IMG_20211018_095844.jpg","type":"image\/jpeg"}],"twitter_card":"summary_large_image","twitter_misc":{"Tiempo de lectura":"2 minutos"},"schema":{"@context":"https:\/\/schema.org","@graph":[{"@type":"WebPage","@id":"https:\/\/lajunglebijoux.com\/es\/producto\/boucle-oreille-amulette-unite\/","url":"https:\/\/lajunglebijoux.com\/es\/producto\/boucle-oreille-amulette-unite\/","name":"AMULETTES - Pendientes \u00e0 l'unit\u00e9 - La Jungle Bijoux","isPartOf":{"@id":"https:\/\/lajunglebijoux.com\/es\/#website"},"primaryImageOfPage":{"@id":"https:\/\/lajunglebijoux.com\/es\/producto\/boucle-oreille-amulette-unite\/#primaryimage"},"image":{"@id":"https:\/\/lajunglebijoux.com\/es\/producto\/boucle-oreille-amulette-unite\/#primaryimage"},"thumbnailUrl":"https:\/\/lajunglebijoux.com\/wp-content\/uploads\/2022\/11\/IMG_20211018_095844.jpg","datePublished":"2022-11-09T12:39:32+00:00","dateModified":"2024-08-24T10:58:47+00:00","description":"Mano, luna, estrella o estrella del Norte: \u00a1elija su amuleto protector entre nuestros pendientes! Oro de 24 quilates. Se venden por unidad.","breadcrumb":{"@id":"https:\/\/lajunglebijoux.com\/es\/producto\/boucle-oreille-amulette-unite\/#breadcrumb"},"inLanguage":"es","potentialAction":[{"@type":"ReadAction","target":["https:\/\/lajunglebijoux.com\/es\/producto\/boucle-oreille-amulette-unite\/"]}]},{"@type":"ImageObject","inLanguage":"es","@id":"https:\/\/lajunglebijoux.com\/es\/producto\/boucle-oreille-amulette-unite\/#primaryimage","url":"https:\/\/lajunglebijoux.com\/wp-content\/uploads\/2022\/11\/IMG_20211018_095844.jpg","contentUrl":"https:\/\/lajunglebijoux.com\/wp-content\/uploads\/2022\/11\/IMG_20211018_095844.jpg","width":1673,"height":1672,"caption":"dav"},{"@type":"BreadcrumbList","@id":"https:\/\/lajunglebijoux.com\/es\/producto\/boucle-oreille-amulette-unite\/#breadcrumb","itemListElement":[{"@type":"ListItem","position":1,"name":"Portada","item":"https:\/\/lajunglebijoux.com\/es\/"},{"@type":"ListItem","position":2,"name":"Productos","item":"https:\/\/lajunglebijoux.com\/es\/shop\/"},{"@type":"ListItem","position":3,"name":"AMULETTES &#8211; Pendientes \u00e0 l&#8217;unit\u00e9"}]},{"@type":"WebSite","@id":"https:\/\/lajunglebijoux.com\/es\/#website","url":"https:\/\/lajunglebijoux.com\/es\/","name":"La Jungle Bijoux","description":"","publisher":{"@id":"https:\/\/lajunglebijoux.com\/es\/#organization"},"potentialAction":[{"@type":"SearchAction","target":{"@type":"EntryPoint","urlTemplate":"https:\/\/lajunglebijoux.com\/es\/?s={search_term_string}"},"query-input":{"@type":"PropertyValueSpecification","valueRequired":true,"valueName":"search_term_string"}}],"inLanguage":"es"},{"@type":"Organization","@id":"https:\/\/lajunglebijoux.com\/es\/#organization","name":"La Jungle Bijoux","url":"https:\/\/lajunglebijoux.com\/es\/","logo":{"@type":"ImageObject","inLanguage":"es","@id":"https:\/\/lajunglebijoux.com\/es\/#\/schema\/logo\/image\/","url":"https:\/\/lajunglebijoux.com\/wp-content\/uploads\/2023\/01\/LOGO-FINAL-Fonce.jpg","contentUrl":"https:\/\/lajunglebijoux.com\/wp-content\/uploads\/2023\/01\/LOGO-FINAL-Fonce.jpg","width":900,"height":900,"caption":"La Jungle Bijoux"},"image":{"@id":"https:\/\/lajunglebijoux.com\/es\/#\/schema\/logo\/image\/"}}]}},"_links":{"self":[{"href":"https:\/\/lajunglebijoux.com\/es\/wp-json\/wp\/v2\/product\/8683","targetHints":{"allow":["GET"]}}],"collection":[{"href":"https:\/\/lajunglebijoux.com\/es\/wp-json\/wp\/v2\/product"}],"about":[{"href":"https:\/\/lajunglebijoux.com\/es\/wp-json\/wp\/v2\/types\/product"}],"replies":[{"embeddable":true,"href":"https:\/\/lajunglebijoux.com\/es\/wp-json\/wp\/v2\/comments?post=8683"}],"version-history":[{"count":0,"href":"https:\/\/lajunglebijoux.com\/es\/wp-json\/wp\/v2\/product\/8683\/revisions"}],"wp:featuredmedia":[{"embeddable":true,"href":"https:\/\/lajunglebijoux.com\/es\/wp-json\/wp\/v2\/media\/2415"}],"wp:attachment":[{"href":"https:\/\/lajunglebijoux.com\/es\/wp-json\/wp\/v2\/media?parent=8683"}],"wp:term":[{"taxonomy":"product_brand","embeddable":true,"href":"https:\/\/lajunglebijoux.com\/es\/wp-json\/wp\/v2\/product_brand?post=8683"},{"taxonomy":"product_cat","embeddable":true,"href":"https:\/\/lajunglebijoux.com\/es\/wp-json\/wp\/v2\/product_cat?post=8683"},{"taxonomy":"product_tag","embeddable":true,"href":"https:\/\/lajunglebijoux.com\/es\/wp-json\/wp\/v2\/product_tag?post=8683"}],"curies":[{"name":"wp","href":"https:\/\/api.w.org\/{rel}","templated":true}]}}