{"id":8232,"date":"2022-11-09T12:10:42","date_gmt":"2022-11-09T10:10:42","guid":{"rendered":"https:\/\/lajunglebijoux.com\/product\/duo-colliers-chakras-or\/"},"modified":"2024-08-24T13:06:43","modified_gmt":"2024-08-24T11:06:43","slug":"duo-colliers-chakras-or","status":"publish","type":"product","link":"https:\/\/lajunglebijoux.com\/es\/producto\/duo-colliers-chakras-or\/","title":{"rendered":"D\u00fao de collares chakra de oro"},"content":{"rendered":"<p>Unas palabras de Jen: creadora de La Jungle Bijoux<\/p>\n<p>A veces me gusta centrarme en mis chakras y me pareci\u00f3 natural crear una colecci\u00f3n en su honor.<\/p>\n<p>Cada chakra principal est\u00e1 asociado a una parte del cuerpo y al impacto que puede tener su equilibrio\/desequilibrio. Cuando est\u00e1n alineados y en equilibrio, significa que est\u00e1s bien de cuerpo y mente.<\/p>\n<p>Por supuesto, es posible elegir uno de estos collares s\u00f3lo porque te gusta su bonito dise\u00f1o. He pensado en este conjunto de collares como un d\u00fao, \u00a1pero tambi\u00e9n puedes ofrecer s\u00f3lo uno de ellos para empezar!<\/p>\n<p>El simbolismo de los chakras<\/p>\n<p>Para ayudarte a elegir, aqu\u00ed tienes un breve repaso al simbolismo de los distintos chakras:<\/p>\n<p>Chakra ra\u00edz: muladhara. Es el primero de los 7 chakras principales. Situado en la base de la columna vertebral, est\u00e1 muy relacionado con el anclaje.<br \/>\nChakra sacro: svadhisthana. Situado bajo el ombligo, este chakra est\u00e1 relacionado con las emociones, la creatividad y la energ\u00eda sexual.<br \/>\nChakra del plexo solar: manipura. Es el chakra vinculado a la confianza en uno mismo y a la alegr\u00eda de vivir.<br \/>\nChakra del coraz\u00f3n: anahata. Como su nombre indica, este chakra est\u00e1 intr\u00ednsecamente ligado al coraz\u00f3n y a las emociones del amor, as\u00ed como al amor propio.<br \/>\nChakra de la garganta: vishudda. Este chakra es el que te permite expresarte con facilidad cuando est\u00e1 equilibrado.<br \/>\nChakra del tercer ojo: ajna. Te permite ver m\u00e1s all\u00e1 de las apariencias y te conecta con tu intuici\u00f3n.<br \/>\nChakra de la Corona: sahasrara. El \u00faltimo de los 7 chakras principales est\u00e1 relacionado con la espiritualidad y la apertura de tu conciencia.<\/p>\n<p>&nbsp;<\/p>\n","protected":false},"excerpt":{"rendered":"<p>Elige tus dos collares favoritos de los siete chakras principales:<\/p>\n<p>Chakra Ra\u00edz,<br \/>\nChakra sacro,<br \/>\nChakra del plexo solar,<br \/>\nChakra del coraz\u00f3n,<br \/>\nChakra de la garganta,<br \/>\nChakra del Tercer Ojo,<br \/>\nChakra de la Corona.<br \/>\nCada collar es de lat\u00f3n chapado en oro de 18 quilates, de 3 micras de alta resistencia. Si desea llevar dos collares al mismo tiempo, le sugiero que elija diferentes longitudes de cadena:<\/p>\n<p>Corta: cadena de 40cm con extensi\u00f3n de 5cm,<br \/>\nLargo: cadena de 55 cm con extensi\u00f3n de 5 cm,<br \/>\nVersi\u00f3n Saltire: cadena de 80 cm.<\/p>\n<p>&nbsp;<\/p>\n","protected":false},"featured_media":22844,"comment_status":"open","ping_status":"closed","template":"","meta":{"_acf_changed":false},"product_brand":[],"product_cat":[69],"product_tag":[478],"class_list":{"0":"post-8232","1":"product","2":"type-product","3":"status-publish","4":"has-post-thumbnail","6":"product_cat-7-chakras-es","7":"product_tag-51e-a-100e","8":"pa_modele-collares","9":"pa_modele-collares-a-capas","10":"pa_theme-joyas-bienestar","12":"first","13":"instock","14":"sale","15":"shipping-taxable","16":"purchasable","17":"product-type-variable"},"acf":[],"gallery_images":[22842,22860,22846,22852,22848,22854,22850,22856,22858,22804],"yoast_head":"<!-- This site is optimized with the Yoast SEO plugin v27.2 - https:\/\/yoast.com\/product\/yoast-seo-wordpress\/ -->\n<title>D\u00fao de collares chakra de oro - La Jungle Bijoux<\/title>\n<meta name=\"robots\" content=\"index, follow, max-snippet:-1, max-image-preview:large, max-video-preview:-1\" \/>\n<link rel=\"canonical\" href=\"https:\/\/lajunglebijoux.com\/es\/producto\/duo-colliers-chakras-or\/\" \/>\n<meta property=\"og:locale\" content=\"es_ES\" \/>\n<meta property=\"og:type\" content=\"article\" \/>\n<meta property=\"og:title\" content=\"D\u00fao de collares chakra de oro - La Jungle Bijoux\" \/>\n<meta property=\"og:description\" content=\"Elige tus dos collares favoritos de los siete chakras principales:  Chakra Ra\u00edz, Chakra sacro, Chakra del plexo solar, Chakra del coraz\u00f3n, Chakra de la garganta, Chakra del Tercer Ojo, Chakra de la Corona. Cada collar es de lat\u00f3n chapado en oro de 18 quilates, de 3 micras de alta resistencia. Si desea llevar dos collares al mismo tiempo, le sugiero que elija diferentes longitudes de cadena:  Corta: cadena de 40cm con extensi\u00f3n de 5cm, Largo: cadena de 55 cm con extensi\u00f3n de 5 cm, Versi\u00f3n Saltire: cadena de 80 cm.  &nbsp;\" \/>\n<meta property=\"og:url\" content=\"https:\/\/lajunglebijoux.com\/es\/producto\/duo-colliers-chakras-or\/\" \/>\n<meta property=\"og:site_name\" content=\"La Jungle Bijoux\" \/>\n<meta property=\"article:modified_time\" content=\"2024-08-24T11:06:43+00:00\" \/>\n<meta property=\"og:image\" content=\"https:\/\/lajunglebijoux.com\/wp-content\/uploads\/2022\/11\/COUV-2.jpg\" \/>\n\t<meta property=\"og:image:width\" content=\"2509\" \/>\n\t<meta property=\"og:image:height\" content=\"2509\" \/>\n\t<meta property=\"og:image:type\" content=\"image\/jpeg\" \/>\n<meta name=\"twitter:card\" content=\"summary_large_image\" \/>\n<meta name=\"twitter:label1\" content=\"Tiempo de lectura\" \/>\n\t<meta name=\"twitter:data1\" content=\"2 minutos\" \/>\n<script type=\"application\/ld+json\" class=\"yoast-schema-graph\">{\"@context\":\"https:\/\/schema.org\",\"@graph\":[{\"@type\":\"WebPage\",\"@id\":\"https:\/\/lajunglebijoux.com\/es\/producto\/duo-colliers-chakras-or\/\",\"url\":\"https:\/\/lajunglebijoux.com\/es\/producto\/duo-colliers-chakras-or\/\",\"name\":\"D\u00fao de collares chakra de oro - La Jungle Bijoux\",\"isPartOf\":{\"@id\":\"https:\/\/lajunglebijoux.com\/es\/#website\"},\"primaryImageOfPage\":{\"@id\":\"https:\/\/lajunglebijoux.com\/es\/producto\/duo-colliers-chakras-or\/#primaryimage\"},\"image\":{\"@id\":\"https:\/\/lajunglebijoux.com\/es\/producto\/duo-colliers-chakras-or\/#primaryimage\"},\"thumbnailUrl\":\"https:\/\/lajunglebijoux.com\/wp-content\/uploads\/2022\/11\/collier-7-chakras-or-femme-1-scaled.jpg\",\"datePublished\":\"2022-11-09T10:10:42+00:00\",\"dateModified\":\"2024-08-24T11:06:43+00:00\",\"breadcrumb\":{\"@id\":\"https:\/\/lajunglebijoux.com\/es\/producto\/duo-colliers-chakras-or\/#breadcrumb\"},\"inLanguage\":\"es\",\"potentialAction\":[{\"@type\":\"ReadAction\",\"target\":[\"https:\/\/lajunglebijoux.com\/es\/producto\/duo-colliers-chakras-or\/\"]}]},{\"@type\":\"ImageObject\",\"inLanguage\":\"es\",\"@id\":\"https:\/\/lajunglebijoux.com\/es\/producto\/duo-colliers-chakras-or\/#primaryimage\",\"url\":\"https:\/\/lajunglebijoux.com\/wp-content\/uploads\/2022\/11\/collier-7-chakras-or-femme-1-scaled.jpg\",\"contentUrl\":\"https:\/\/lajunglebijoux.com\/wp-content\/uploads\/2022\/11\/collier-7-chakras-or-femme-1-scaled.jpg\",\"width\":2560,\"height\":2558,\"caption\":\"collier 7 chakras or femme\"},{\"@type\":\"BreadcrumbList\",\"@id\":\"https:\/\/lajunglebijoux.com\/es\/producto\/duo-colliers-chakras-or\/#breadcrumb\",\"itemListElement\":[{\"@type\":\"ListItem\",\"position\":1,\"name\":\"Portada\",\"item\":\"https:\/\/lajunglebijoux.com\/es\/\"},{\"@type\":\"ListItem\",\"position\":2,\"name\":\"Productos\",\"item\":\"https:\/\/lajunglebijoux.com\/es\/shop\/\"},{\"@type\":\"ListItem\",\"position\":3,\"name\":\"D\u00fao de collares chakra de oro\"}]},{\"@type\":\"WebSite\",\"@id\":\"https:\/\/lajunglebijoux.com\/es\/#website\",\"url\":\"https:\/\/lajunglebijoux.com\/es\/\",\"name\":\"La Jungle Bijoux\",\"description\":\"\",\"publisher\":{\"@id\":\"https:\/\/lajunglebijoux.com\/es\/#organization\"},\"potentialAction\":[{\"@type\":\"SearchAction\",\"target\":{\"@type\":\"EntryPoint\",\"urlTemplate\":\"https:\/\/lajunglebijoux.com\/es\/?s={search_term_string}\"},\"query-input\":{\"@type\":\"PropertyValueSpecification\",\"valueRequired\":true,\"valueName\":\"search_term_string\"}}],\"inLanguage\":\"es\"},{\"@type\":\"Organization\",\"@id\":\"https:\/\/lajunglebijoux.com\/es\/#organization\",\"name\":\"La Jungle Bijoux\",\"url\":\"https:\/\/lajunglebijoux.com\/es\/\",\"logo\":{\"@type\":\"ImageObject\",\"inLanguage\":\"es\",\"@id\":\"https:\/\/lajunglebijoux.com\/es\/#\/schema\/logo\/image\/\",\"url\":\"https:\/\/lajunglebijoux.com\/wp-content\/uploads\/2023\/01\/LOGO-FINAL-Fonce.jpg\",\"contentUrl\":\"https:\/\/lajunglebijoux.com\/wp-content\/uploads\/2023\/01\/LOGO-FINAL-Fonce.jpg\",\"width\":900,\"height\":900,\"caption\":\"La Jungle Bijoux\"},\"image\":{\"@id\":\"https:\/\/lajunglebijoux.com\/es\/#\/schema\/logo\/image\/\"}}]}<\/script>\n<!-- \/ Yoast SEO plugin. -->","yoast_head_json":{"title":"D\u00fao de collares chakra de oro - La Jungle Bijoux","robots":{"index":"index","follow":"follow","max-snippet":"max-snippet:-1","max-image-preview":"max-image-preview:large","max-video-preview":"max-video-preview:-1"},"canonical":"https:\/\/lajunglebijoux.com\/es\/producto\/duo-colliers-chakras-or\/","og_locale":"es_ES","og_type":"article","og_title":"D\u00fao de collares chakra de oro - La Jungle Bijoux","og_description":"Elige tus dos collares favoritos de los siete chakras principales:  Chakra Ra\u00edz, Chakra sacro, Chakra del plexo solar, Chakra del coraz\u00f3n, Chakra de la garganta, Chakra del Tercer Ojo, Chakra de la Corona. Cada collar es de lat\u00f3n chapado en oro de 18 quilates, de 3 micras de alta resistencia. Si desea llevar dos collares al mismo tiempo, le sugiero que elija diferentes longitudes de cadena:  Corta: cadena de 40cm con extensi\u00f3n de 5cm, Largo: cadena de 55 cm con extensi\u00f3n de 5 cm, Versi\u00f3n Saltire: cadena de 80 cm.  &nbsp;","og_url":"https:\/\/lajunglebijoux.com\/es\/producto\/duo-colliers-chakras-or\/","og_site_name":"La Jungle Bijoux","article_modified_time":"2024-08-24T11:06:43+00:00","og_image":[{"width":2509,"height":2509,"url":"https:\/\/lajunglebijoux.com\/wp-content\/uploads\/2022\/11\/COUV-2.jpg","type":"image\/jpeg"}],"twitter_card":"summary_large_image","twitter_misc":{"Tiempo de lectura":"2 minutos"},"schema":{"@context":"https:\/\/schema.org","@graph":[{"@type":"WebPage","@id":"https:\/\/lajunglebijoux.com\/es\/producto\/duo-colliers-chakras-or\/","url":"https:\/\/lajunglebijoux.com\/es\/producto\/duo-colliers-chakras-or\/","name":"D\u00fao de collares chakra de oro - La Jungle Bijoux","isPartOf":{"@id":"https:\/\/lajunglebijoux.com\/es\/#website"},"primaryImageOfPage":{"@id":"https:\/\/lajunglebijoux.com\/es\/producto\/duo-colliers-chakras-or\/#primaryimage"},"image":{"@id":"https:\/\/lajunglebijoux.com\/es\/producto\/duo-colliers-chakras-or\/#primaryimage"},"thumbnailUrl":"https:\/\/lajunglebijoux.com\/wp-content\/uploads\/2022\/11\/collier-7-chakras-or-femme-1-scaled.jpg","datePublished":"2022-11-09T10:10:42+00:00","dateModified":"2024-08-24T11:06:43+00:00","breadcrumb":{"@id":"https:\/\/lajunglebijoux.com\/es\/producto\/duo-colliers-chakras-or\/#breadcrumb"},"inLanguage":"es","potentialAction":[{"@type":"ReadAction","target":["https:\/\/lajunglebijoux.com\/es\/producto\/duo-colliers-chakras-or\/"]}]},{"@type":"ImageObject","inLanguage":"es","@id":"https:\/\/lajunglebijoux.com\/es\/producto\/duo-colliers-chakras-or\/#primaryimage","url":"https:\/\/lajunglebijoux.com\/wp-content\/uploads\/2022\/11\/collier-7-chakras-or-femme-1-scaled.jpg","contentUrl":"https:\/\/lajunglebijoux.com\/wp-content\/uploads\/2022\/11\/collier-7-chakras-or-femme-1-scaled.jpg","width":2560,"height":2558,"caption":"collier 7 chakras or femme"},{"@type":"BreadcrumbList","@id":"https:\/\/lajunglebijoux.com\/es\/producto\/duo-colliers-chakras-or\/#breadcrumb","itemListElement":[{"@type":"ListItem","position":1,"name":"Portada","item":"https:\/\/lajunglebijoux.com\/es\/"},{"@type":"ListItem","position":2,"name":"Productos","item":"https:\/\/lajunglebijoux.com\/es\/shop\/"},{"@type":"ListItem","position":3,"name":"D\u00fao de collares chakra de oro"}]},{"@type":"WebSite","@id":"https:\/\/lajunglebijoux.com\/es\/#website","url":"https:\/\/lajunglebijoux.com\/es\/","name":"La Jungle Bijoux","description":"","publisher":{"@id":"https:\/\/lajunglebijoux.com\/es\/#organization"},"potentialAction":[{"@type":"SearchAction","target":{"@type":"EntryPoint","urlTemplate":"https:\/\/lajunglebijoux.com\/es\/?s={search_term_string}"},"query-input":{"@type":"PropertyValueSpecification","valueRequired":true,"valueName":"search_term_string"}}],"inLanguage":"es"},{"@type":"Organization","@id":"https:\/\/lajunglebijoux.com\/es\/#organization","name":"La Jungle Bijoux","url":"https:\/\/lajunglebijoux.com\/es\/","logo":{"@type":"ImageObject","inLanguage":"es","@id":"https:\/\/lajunglebijoux.com\/es\/#\/schema\/logo\/image\/","url":"https:\/\/lajunglebijoux.com\/wp-content\/uploads\/2023\/01\/LOGO-FINAL-Fonce.jpg","contentUrl":"https:\/\/lajunglebijoux.com\/wp-content\/uploads\/2023\/01\/LOGO-FINAL-Fonce.jpg","width":900,"height":900,"caption":"La Jungle Bijoux"},"image":{"@id":"https:\/\/lajunglebijoux.com\/es\/#\/schema\/logo\/image\/"}}]}},"_links":{"self":[{"href":"https:\/\/lajunglebijoux.com\/es\/wp-json\/wp\/v2\/product\/8232","targetHints":{"allow":["GET"]}}],"collection":[{"href":"https:\/\/lajunglebijoux.com\/es\/wp-json\/wp\/v2\/product"}],"about":[{"href":"https:\/\/lajunglebijoux.com\/es\/wp-json\/wp\/v2\/types\/product"}],"replies":[{"embeddable":true,"href":"https:\/\/lajunglebijoux.com\/es\/wp-json\/wp\/v2\/comments?post=8232"}],"version-history":[{"count":0,"href":"https:\/\/lajunglebijoux.com\/es\/wp-json\/wp\/v2\/product\/8232\/revisions"}],"wp:featuredmedia":[{"embeddable":true,"href":"https:\/\/lajunglebijoux.com\/es\/wp-json\/wp\/v2\/media\/22844"}],"wp:attachment":[{"href":"https:\/\/lajunglebijoux.com\/es\/wp-json\/wp\/v2\/media?parent=8232"}],"wp:term":[{"taxonomy":"product_brand","embeddable":true,"href":"https:\/\/lajunglebijoux.com\/es\/wp-json\/wp\/v2\/product_brand?post=8232"},{"taxonomy":"product_cat","embeddable":true,"href":"https:\/\/lajunglebijoux.com\/es\/wp-json\/wp\/v2\/product_cat?post=8232"},{"taxonomy":"product_tag","embeddable":true,"href":"https:\/\/lajunglebijoux.com\/es\/wp-json\/wp\/v2\/product_tag?post=8232"}],"curies":[{"name":"wp","href":"https:\/\/api.w.org\/{rel}","templated":true}]}}