{"id":8195,"date":"2023-02-06T11:25:28","date_gmt":"2023-02-06T09:25:28","guid":{"rendered":"https:\/\/lajunglebijoux.com\/product\/bracelet-chaine-or-femme\/"},"modified":"2024-08-24T13:03:09","modified_gmt":"2024-08-24T11:03:09","slug":"bracelet-chaine-or-femme","status":"publish","type":"product","link":"https:\/\/lajunglebijoux.com\/es\/producto\/bracelet-chaine-or-femme\/","title":{"rendered":"BREAK YOUR CHAINS &#8211; pulsera de cadena"},"content":{"rendered":"<h2>Un bracelet cha\u00eene solidaire<\/h2>\n<p>Puisque les bijoux La Jungle sont inspir\u00e9s de la nature et de la femme, puisqu&#8217;ils invitent \u00e0 se lib\u00e9rer des complexes, \u00e0 prendre sa place, il me tient \u00e0 coeur d&#8217;agir ensemble aussi pour ceux qui en ont le plus besoin. L&#8217;urgence climatique touche les populations les plus pauvres et les femmes sont en premi\u00e8re ligne.<\/p>\n<p>En achetant ce bijou vous soutenez la cr\u00e9ation artisanale ainsi qu&#8217;un m\u00e9tier de passion mais vous soutenez aussi la lutte contre le r\u00e9chauffement climatique, pour le droit des femmes ainsi que les urgences humanitaires telle que la guerre en Ukraine. 5% du prix de vente de ce bijou sera revers\u00e9 \u00e0 l&#8217;association CARE FRANCE qui m\u00e8ne depuis 75 ans ces combats contre les in\u00e9galit\u00e9s.<\/p>\n<p>\u00ab\u00a0Si la destruction de la Terre est caus\u00e9e par les humains, la solution est entre nos mains !\u00a0\u00bb<\/p>\n<p>-Raquel, agricultrice soutenue par CARE au Guatemala<\/p>\n","protected":false},"excerpt":{"rendered":"<p>A trav\u00e9s de su forma, la pulsera cadena transmite un mensaje.<\/p>\n<p>Rompe tus cadenas, un juego de palabras para recordarnos que <strong>cada mujer es perfecta y libre de afirmar su personalidad<\/strong>.<\/p>\n<p>Pulsera de tama\u00f1o ajustable en oro de 24 quilates de alta resistencia sobre base de lat\u00f3n.<\/p>\n<p>Para llevar sola o como acumulaci\u00f3n de pulseras.<\/p>\n","protected":false},"featured_media":5690,"comment_status":"open","ping_status":"closed","template":"","meta":{"_acf_changed":false},"product_brand":[],"product_cat":[142],"product_tag":[480],"class_list":{"0":"post-8195","1":"product","2":"type-product","3":"status-publish","4":"has-post-thumbnail","6":"product_cat-break-your-chains-es","7":"product_tag-menos-de-50e","8":"pa_modele-pulseras","9":"pa_theme-joyas-finas","10":"pa_theme-joyas-rock","11":"pa_theme-estilo-vintage","13":"first","14":"outofstock","15":"shipping-taxable","16":"purchasable","17":"product-type-simple"},"acf":[],"gallery_images":[5692,5688,5694],"yoast_head":"<!-- This site is optimized with the Yoast SEO plugin v27.6 - https:\/\/yoast.com\/product\/yoast-seo-wordpress\/ -->\n<title>BREAK YOUR CHAINS - pulsera de cadena - La Jungle Bijoux<\/title>\n<meta name=\"description\" content=\"Haz una declaraci\u00f3n de estilo con la pulsera de cadena para mujer Break Your Chains, en oro fino de 24 quilates sobre una base de lat\u00f3n. Una joya cl\u00e1sica y elegante.\" \/>\n<meta name=\"robots\" content=\"index, follow, max-snippet:-1, max-image-preview:large, max-video-preview:-1\" \/>\n<link rel=\"canonical\" href=\"https:\/\/lajunglebijoux.com\/es\/producto\/bracelet-chaine-or-femme\/\" \/>\n<meta property=\"og:locale\" content=\"es_ES\" \/>\n<meta property=\"og:type\" content=\"article\" \/>\n<meta property=\"og:title\" content=\"BREAK YOUR CHAINS - pulsera de cadena - La Jungle Bijoux\" \/>\n<meta property=\"og:description\" content=\"Haz una declaraci\u00f3n de estilo con la pulsera de cadena para mujer Break Your Chains, en oro fino de 24 quilates sobre una base de lat\u00f3n. Una joya cl\u00e1sica y elegante.\" \/>\n<meta property=\"og:url\" content=\"https:\/\/lajunglebijoux.com\/es\/producto\/bracelet-chaine-or-femme\/\" \/>\n<meta property=\"og:site_name\" content=\"La Jungle Bijoux\" \/>\n<meta property=\"article:modified_time\" content=\"2024-08-24T11:03:09+00:00\" \/>\n<meta property=\"og:image\" content=\"https:\/\/lajunglebijoux.com\/wp-content\/uploads\/2023\/02\/IMG_20220510_094023-scaled.jpg\" \/>\n\t<meta property=\"og:image:width\" content=\"2560\" \/>\n\t<meta property=\"og:image:height\" content=\"2560\" \/>\n\t<meta property=\"og:image:type\" content=\"image\/jpeg\" \/>\n<meta name=\"twitter:card\" content=\"summary_large_image\" \/>\n<meta name=\"twitter:label1\" content=\"Tiempo de lectura\" \/>\n\t<meta name=\"twitter:data1\" content=\"1 minuto\" \/>\n<script type=\"application\/ld+json\" class=\"yoast-schema-graph\">{\"@context\":\"https:\\\/\\\/schema.org\",\"@graph\":[{\"@type\":\"WebPage\",\"@id\":\"https:\\\/\\\/lajunglebijoux.com\\\/es\\\/producto\\\/bracelet-chaine-or-femme\\\/\",\"url\":\"https:\\\/\\\/lajunglebijoux.com\\\/es\\\/producto\\\/bracelet-chaine-or-femme\\\/\",\"name\":\"BREAK YOUR CHAINS - pulsera de cadena - La Jungle Bijoux\",\"isPartOf\":{\"@id\":\"https:\\\/\\\/lajunglebijoux.com\\\/es\\\/#website\"},\"primaryImageOfPage\":{\"@id\":\"https:\\\/\\\/lajunglebijoux.com\\\/es\\\/producto\\\/bracelet-chaine-or-femme\\\/#primaryimage\"},\"image\":{\"@id\":\"https:\\\/\\\/lajunglebijoux.com\\\/es\\\/producto\\\/bracelet-chaine-or-femme\\\/#primaryimage\"},\"thumbnailUrl\":\"https:\\\/\\\/lajunglebijoux.com\\\/wp-content\\\/uploads\\\/2023\\\/02\\\/IMG_20220510_094023-scaled.jpg\",\"datePublished\":\"2023-02-06T09:25:28+00:00\",\"dateModified\":\"2024-08-24T11:03:09+00:00\",\"description\":\"Haz una declaraci\u00f3n de estilo con la pulsera de cadena para mujer Break Your Chains, en oro fino de 24 quilates sobre una base de lat\u00f3n. Una joya cl\u00e1sica y elegante.\",\"breadcrumb\":{\"@id\":\"https:\\\/\\\/lajunglebijoux.com\\\/es\\\/producto\\\/bracelet-chaine-or-femme\\\/#breadcrumb\"},\"inLanguage\":\"es\",\"potentialAction\":[{\"@type\":\"ReadAction\",\"target\":[\"https:\\\/\\\/lajunglebijoux.com\\\/es\\\/producto\\\/bracelet-chaine-or-femme\\\/\"]}]},{\"@type\":\"ImageObject\",\"inLanguage\":\"es\",\"@id\":\"https:\\\/\\\/lajunglebijoux.com\\\/es\\\/producto\\\/bracelet-chaine-or-femme\\\/#primaryimage\",\"url\":\"https:\\\/\\\/lajunglebijoux.com\\\/wp-content\\\/uploads\\\/2023\\\/02\\\/IMG_20220510_094023-scaled.jpg\",\"contentUrl\":\"https:\\\/\\\/lajunglebijoux.com\\\/wp-content\\\/uploads\\\/2023\\\/02\\\/IMG_20220510_094023-scaled.jpg\",\"width\":2560,\"height\":2560,\"caption\":\"bracelet\"},{\"@type\":\"BreadcrumbList\",\"@id\":\"https:\\\/\\\/lajunglebijoux.com\\\/es\\\/producto\\\/bracelet-chaine-or-femme\\\/#breadcrumb\",\"itemListElement\":[{\"@type\":\"ListItem\",\"position\":1,\"name\":\"Portada\",\"item\":\"https:\\\/\\\/lajunglebijoux.com\\\/es\\\/\"},{\"@type\":\"ListItem\",\"position\":2,\"name\":\"Productos\",\"item\":\"https:\\\/\\\/lajunglebijoux.com\\\/es\\\/shop\\\/\"},{\"@type\":\"ListItem\",\"position\":3,\"name\":\"BREAK YOUR CHAINS &#8211; pulsera de cadena\"}]},{\"@type\":\"WebSite\",\"@id\":\"https:\\\/\\\/lajunglebijoux.com\\\/es\\\/#website\",\"url\":\"https:\\\/\\\/lajunglebijoux.com\\\/es\\\/\",\"name\":\"La Jungle Bijoux\",\"description\":\"\",\"publisher\":{\"@id\":\"https:\\\/\\\/lajunglebijoux.com\\\/es\\\/#organization\"},\"potentialAction\":[{\"@type\":\"SearchAction\",\"target\":{\"@type\":\"EntryPoint\",\"urlTemplate\":\"https:\\\/\\\/lajunglebijoux.com\\\/es\\\/?s={search_term_string}\"},\"query-input\":{\"@type\":\"PropertyValueSpecification\",\"valueRequired\":true,\"valueName\":\"search_term_string\"}}],\"inLanguage\":\"es\"},{\"@type\":\"Organization\",\"@id\":\"https:\\\/\\\/lajunglebijoux.com\\\/es\\\/#organization\",\"name\":\"La Jungle Bijoux\",\"url\":\"https:\\\/\\\/lajunglebijoux.com\\\/es\\\/\",\"logo\":{\"@type\":\"ImageObject\",\"inLanguage\":\"es\",\"@id\":\"https:\\\/\\\/lajunglebijoux.com\\\/es\\\/#\\\/schema\\\/logo\\\/image\\\/\",\"url\":\"https:\\\/\\\/lajunglebijoux.com\\\/wp-content\\\/uploads\\\/2023\\\/01\\\/LOGO-FINAL-Fonce.jpg\",\"contentUrl\":\"https:\\\/\\\/lajunglebijoux.com\\\/wp-content\\\/uploads\\\/2023\\\/01\\\/LOGO-FINAL-Fonce.jpg\",\"width\":900,\"height\":900,\"caption\":\"La Jungle Bijoux\"},\"image\":{\"@id\":\"https:\\\/\\\/lajunglebijoux.com\\\/es\\\/#\\\/schema\\\/logo\\\/image\\\/\"}}]}<\/script>\n<!-- \/ Yoast SEO plugin. -->","yoast_head_json":{"title":"BREAK YOUR CHAINS - pulsera de cadena - La Jungle Bijoux","description":"Haz una declaraci\u00f3n de estilo con la pulsera de cadena para mujer Break Your Chains, en oro fino de 24 quilates sobre una base de lat\u00f3n. Una joya cl\u00e1sica y elegante.","robots":{"index":"index","follow":"follow","max-snippet":"max-snippet:-1","max-image-preview":"max-image-preview:large","max-video-preview":"max-video-preview:-1"},"canonical":"https:\/\/lajunglebijoux.com\/es\/producto\/bracelet-chaine-or-femme\/","og_locale":"es_ES","og_type":"article","og_title":"BREAK YOUR CHAINS - pulsera de cadena - La Jungle Bijoux","og_description":"Haz una declaraci\u00f3n de estilo con la pulsera de cadena para mujer Break Your Chains, en oro fino de 24 quilates sobre una base de lat\u00f3n. Una joya cl\u00e1sica y elegante.","og_url":"https:\/\/lajunglebijoux.com\/es\/producto\/bracelet-chaine-or-femme\/","og_site_name":"La Jungle Bijoux","article_modified_time":"2024-08-24T11:03:09+00:00","og_image":[{"width":2560,"height":2560,"url":"https:\/\/lajunglebijoux.com\/wp-content\/uploads\/2023\/02\/IMG_20220510_094023-scaled.jpg","type":"image\/jpeg"}],"twitter_card":"summary_large_image","twitter_misc":{"Tiempo de lectura":"1 minuto"},"schema":{"@context":"https:\/\/schema.org","@graph":[{"@type":"WebPage","@id":"https:\/\/lajunglebijoux.com\/es\/producto\/bracelet-chaine-or-femme\/","url":"https:\/\/lajunglebijoux.com\/es\/producto\/bracelet-chaine-or-femme\/","name":"BREAK YOUR CHAINS - pulsera de cadena - La Jungle Bijoux","isPartOf":{"@id":"https:\/\/lajunglebijoux.com\/es\/#website"},"primaryImageOfPage":{"@id":"https:\/\/lajunglebijoux.com\/es\/producto\/bracelet-chaine-or-femme\/#primaryimage"},"image":{"@id":"https:\/\/lajunglebijoux.com\/es\/producto\/bracelet-chaine-or-femme\/#primaryimage"},"thumbnailUrl":"https:\/\/lajunglebijoux.com\/wp-content\/uploads\/2023\/02\/IMG_20220510_094023-scaled.jpg","datePublished":"2023-02-06T09:25:28+00:00","dateModified":"2024-08-24T11:03:09+00:00","description":"Haz una declaraci\u00f3n de estilo con la pulsera de cadena para mujer Break Your Chains, en oro fino de 24 quilates sobre una base de lat\u00f3n. Una joya cl\u00e1sica y elegante.","breadcrumb":{"@id":"https:\/\/lajunglebijoux.com\/es\/producto\/bracelet-chaine-or-femme\/#breadcrumb"},"inLanguage":"es","potentialAction":[{"@type":"ReadAction","target":["https:\/\/lajunglebijoux.com\/es\/producto\/bracelet-chaine-or-femme\/"]}]},{"@type":"ImageObject","inLanguage":"es","@id":"https:\/\/lajunglebijoux.com\/es\/producto\/bracelet-chaine-or-femme\/#primaryimage","url":"https:\/\/lajunglebijoux.com\/wp-content\/uploads\/2023\/02\/IMG_20220510_094023-scaled.jpg","contentUrl":"https:\/\/lajunglebijoux.com\/wp-content\/uploads\/2023\/02\/IMG_20220510_094023-scaled.jpg","width":2560,"height":2560,"caption":"bracelet"},{"@type":"BreadcrumbList","@id":"https:\/\/lajunglebijoux.com\/es\/producto\/bracelet-chaine-or-femme\/#breadcrumb","itemListElement":[{"@type":"ListItem","position":1,"name":"Portada","item":"https:\/\/lajunglebijoux.com\/es\/"},{"@type":"ListItem","position":2,"name":"Productos","item":"https:\/\/lajunglebijoux.com\/es\/shop\/"},{"@type":"ListItem","position":3,"name":"BREAK YOUR CHAINS &#8211; pulsera de cadena"}]},{"@type":"WebSite","@id":"https:\/\/lajunglebijoux.com\/es\/#website","url":"https:\/\/lajunglebijoux.com\/es\/","name":"La Jungle Bijoux","description":"","publisher":{"@id":"https:\/\/lajunglebijoux.com\/es\/#organization"},"potentialAction":[{"@type":"SearchAction","target":{"@type":"EntryPoint","urlTemplate":"https:\/\/lajunglebijoux.com\/es\/?s={search_term_string}"},"query-input":{"@type":"PropertyValueSpecification","valueRequired":true,"valueName":"search_term_string"}}],"inLanguage":"es"},{"@type":"Organization","@id":"https:\/\/lajunglebijoux.com\/es\/#organization","name":"La Jungle Bijoux","url":"https:\/\/lajunglebijoux.com\/es\/","logo":{"@type":"ImageObject","inLanguage":"es","@id":"https:\/\/lajunglebijoux.com\/es\/#\/schema\/logo\/image\/","url":"https:\/\/lajunglebijoux.com\/wp-content\/uploads\/2023\/01\/LOGO-FINAL-Fonce.jpg","contentUrl":"https:\/\/lajunglebijoux.com\/wp-content\/uploads\/2023\/01\/LOGO-FINAL-Fonce.jpg","width":900,"height":900,"caption":"La Jungle Bijoux"},"image":{"@id":"https:\/\/lajunglebijoux.com\/es\/#\/schema\/logo\/image\/"}}]}},"_links":{"self":[{"href":"https:\/\/lajunglebijoux.com\/es\/wp-json\/wp\/v2\/product\/8195","targetHints":{"allow":["GET"]}}],"collection":[{"href":"https:\/\/lajunglebijoux.com\/es\/wp-json\/wp\/v2\/product"}],"about":[{"href":"https:\/\/lajunglebijoux.com\/es\/wp-json\/wp\/v2\/types\/product"}],"replies":[{"embeddable":true,"href":"https:\/\/lajunglebijoux.com\/es\/wp-json\/wp\/v2\/comments?post=8195"}],"version-history":[{"count":0,"href":"https:\/\/lajunglebijoux.com\/es\/wp-json\/wp\/v2\/product\/8195\/revisions"}],"wp:featuredmedia":[{"embeddable":true,"href":"https:\/\/lajunglebijoux.com\/es\/wp-json\/wp\/v2\/media\/5690"}],"wp:attachment":[{"href":"https:\/\/lajunglebijoux.com\/es\/wp-json\/wp\/v2\/media?parent=8195"}],"wp:term":[{"taxonomy":"product_brand","embeddable":true,"href":"https:\/\/lajunglebijoux.com\/es\/wp-json\/wp\/v2\/product_brand?post=8195"},{"taxonomy":"product_cat","embeddable":true,"href":"https:\/\/lajunglebijoux.com\/es\/wp-json\/wp\/v2\/product_cat?post=8195"},{"taxonomy":"product_tag","embeddable":true,"href":"https:\/\/lajunglebijoux.com\/es\/wp-json\/wp\/v2\/product_tag?post=8195"}],"curies":[{"name":"wp","href":"https:\/\/api.w.org\/{rel}","templated":true}]}}