{"id":8183,"date":"2022-11-18T09:49:44","date_gmt":"2022-11-18T07:49:44","guid":{"rendered":"https:\/\/lajunglebijoux.com\/product\/creoles-lune-or\/"},"modified":"2024-08-24T13:06:34","modified_gmt":"2024-08-24T11:06:34","slug":"pendientes-luna-oro","status":"publish","type":"product","link":"https:\/\/lajunglebijoux.com\/es\/producto\/pendientes-luna-oro\/","title":{"rendered":"Pendientes de aro dise\u00f1o de luna en oro de 24 quilates"},"content":{"rendered":"<h2>Le mot de Jen, cr\u00e9atrice de La Jungle Bijoux<\/h2>\n<p>Il y a toute une symbolique autour de la lune que j&#8217;ai voulu insuffler \u00e0 ce bijou.<\/p>\n<p>La Lune repr\u00e9sente la femme et l&#8217;\u00e9nergie f\u00e9minine par excellence. De par son cycle elle est synonyme de changement, de renaissance, et donc de capacit\u00e9 d&#8217;adaptation et de fluidit\u00e9.<\/p>\n<p>Elle est l&#8217;\u00e9nergie YIN quand le soleil est \u00e9nergie YANG, une \u00e9nergie int\u00e9rieure, plus calme, plus discr\u00e8te.<\/p>\n<p>\u00c9veiller son \u00e9nergie f\u00e9minine, son \u00e9nergie Yin, son \u00e9nergie lunaire, c&#8217;est laisser parler son coeur, d\u00e9velopper son intuition, mettre de c\u00f4t\u00e9 les sch\u00e9mas de performance pour simplement \u00eatre et enfin savoir \u00e9couter ses propres besoins.<\/p>\n<p>Ces boucles d\u2019oreilles croissant de lune ont un effet textur\u00e9 qui refl\u00e8te la lumi\u00e8re : un effet sp\u00e9cial cr\u00e9\u00e9 de fa\u00e7on artisanale, qui m\u2019a permis de cr\u00e9er un bijou qui rappelle la lumi\u00e8re de la lune la nuit.<\/p>\n<p>Comme pour beaucoup de bijoux La Jungle, je souhaitais t\u2019expliquer ma d\u00e9marche cr\u00e9ative et l&#8217;intention derri\u00e8re ce bijou mais bien s\u00fbr ne prends que ce qui te parle et si c&#8217;est uniquement le design du bijou, c&#8217;est \u00e9galement parfait comme cela.<\/p>\n<h2>Soutenez l\u2019association CARE FRANCE en achetant ces cr\u00e9oles dor\u00e9es<\/h2>\n<p>Puisque les bijoux La Jungle sont inspir\u00e9s de la nature et de la femme, puisqu&#8217;ils invitent \u00e0 se lib\u00e9rer des complexes, \u00e0 prendre sa place, il me tient \u00e0 coeur d&#8217;agir ensemble pour ceux qui en ont le plus besoin.<\/p>\n<p>L&#8217;urgence climatique touche les populations les plus pauvres et les femmes sont en premi\u00e8re ligne. En achetant ce bijou, tu soutiens la cr\u00e9ation artisanale ainsi qu&#8217;un m\u00e9tier de passion mais aussi la lutte contre le r\u00e9chauffement climatique, pour le droit des femmes ainsi que les urgences humanitaires telle que la guerre en Ukraine.<\/p>\n<p>5% du prix de vente de ce bijou sera revers\u00e9 \u00e0 l&#8217;association CARE FRANCE qui m\u00e8ne depuis 75 ans ces combats contre les in\u00e9galit\u00e9s.<\/p>\n<p>\u00ab Si la destruction de la Terre est caus\u00e9e par les humains, la solution est entre nos mains ! \u00bb &#8211; Raquel, agricultrice soutenue par CARE au Guatemala<\/p>\n","protected":false},"excerpt":{"rendered":"<p>En astrolog\u00eda, la luna menguante influye en nuestra renovaci\u00f3n. Es un momento de limpieza energ\u00e9tica, descarga emocional y purificaci\u00f3n en preparaci\u00f3n para un nuevo ciclo.<\/p>\n<p>Estos pendientes de luna a\u00f1aden un toque femenino a su atuendo y pueden llevarse en todas las estaciones y para muchas ocasiones.<\/p>\n<p>Estos pendientes luna est\u00e1n dorados con oro fino de 18 quilates sobre una base de lat\u00f3n y los aros est\u00e1n chapados en oro de 24 quilates de alta resistencia. A pesar de su tama\u00f1o, son muy ligeros de llevar.<\/p>\n<p>Lleve estos pendientes con el collar de luna a juego disponible en la eshop.<\/p>\n","protected":false},"featured_media":3272,"comment_status":"open","ping_status":"closed","template":"","meta":{"_acf_changed":false},"product_brand":[],"product_cat":[123],"product_tag":[478],"class_list":{"0":"post-8183","1":"product","2":"type-product","3":"status-publish","4":"has-post-thumbnail","6":"product_cat-talisman-es","7":"product_tag-51e-a-100e","8":"pa_modele-pendientes","9":"pa_theme-joyas-energeticas","10":"pa_theme-joyas-astral-tarot","12":"first","13":"instock","14":"shipping-taxable","15":"purchasable","16":"product-type-simple"},"acf":[],"gallery_images":[3278,3270,3280,3282,3276,3274,3272],"yoast_head":"<!-- This site is optimized with the Yoast SEO plugin v27.2 - https:\/\/yoast.com\/product\/yoast-seo-wordpress\/ -->\n<title>Pendientes de aro dise\u00f1o de luna en oro de 24 quilates - La Jungle Bijoux<\/title>\n<meta name=\"description\" content=\"Rinde homenaje a esta estrella luciendo unos pendientes de oro con dise\u00f1o lunar. Pendientes de aro con motivo lunar en oro de 24 quilates, hechos a mano en Espa\u00f1a.\" \/>\n<meta name=\"robots\" content=\"index, follow, max-snippet:-1, max-image-preview:large, max-video-preview:-1\" \/>\n<link rel=\"canonical\" href=\"https:\/\/lajunglebijoux.com\/es\/producto\/pendientes-luna-oro\/\" \/>\n<meta property=\"og:locale\" content=\"es_ES\" \/>\n<meta property=\"og:type\" content=\"article\" \/>\n<meta property=\"og:title\" content=\"Pendientes de aro dise\u00f1o de luna en oro de 24 quilates - La Jungle Bijoux\" \/>\n<meta property=\"og:description\" content=\"Rinde homenaje a esta estrella luciendo unos pendientes de oro con dise\u00f1o lunar. Pendientes de aro con motivo lunar en oro de 24 quilates, hechos a mano en Espa\u00f1a.\" \/>\n<meta property=\"og:url\" content=\"https:\/\/lajunglebijoux.com\/es\/producto\/pendientes-luna-oro\/\" \/>\n<meta property=\"og:site_name\" content=\"La Jungle Bijoux\" \/>\n<meta property=\"article:modified_time\" content=\"2024-08-24T11:06:34+00:00\" \/>\n<meta property=\"og:image\" content=\"https:\/\/lajunglebijoux.com\/wp-content\/uploads\/2022\/11\/IMG_20220510_110320-scaled.jpg\" \/>\n\t<meta property=\"og:image:width\" content=\"2560\" \/>\n\t<meta property=\"og:image:height\" content=\"2560\" \/>\n\t<meta property=\"og:image:type\" content=\"image\/jpeg\" \/>\n<meta name=\"twitter:card\" content=\"summary_large_image\" \/>\n<meta name=\"twitter:label1\" content=\"Tiempo de lectura\" \/>\n\t<meta name=\"twitter:data1\" content=\"2 minutos\" \/>\n<script type=\"application\/ld+json\" class=\"yoast-schema-graph\">{\"@context\":\"https:\/\/schema.org\",\"@graph\":[{\"@type\":\"WebPage\",\"@id\":\"https:\/\/lajunglebijoux.com\/es\/producto\/pendientes-luna-oro\/\",\"url\":\"https:\/\/lajunglebijoux.com\/es\/producto\/pendientes-luna-oro\/\",\"name\":\"Pendientes de aro dise\u00f1o de luna en oro de 24 quilates - La Jungle Bijoux\",\"isPartOf\":{\"@id\":\"https:\/\/lajunglebijoux.com\/es\/#website\"},\"primaryImageOfPage\":{\"@id\":\"https:\/\/lajunglebijoux.com\/es\/producto\/pendientes-luna-oro\/#primaryimage\"},\"image\":{\"@id\":\"https:\/\/lajunglebijoux.com\/es\/producto\/pendientes-luna-oro\/#primaryimage\"},\"thumbnailUrl\":\"https:\/\/lajunglebijoux.com\/wp-content\/uploads\/2022\/11\/IMG_20220510_110320-scaled.jpg\",\"datePublished\":\"2022-11-18T07:49:44+00:00\",\"dateModified\":\"2024-08-24T11:06:34+00:00\",\"description\":\"Rinde homenaje a esta estrella luciendo unos pendientes de oro con dise\u00f1o lunar. Pendientes de aro con motivo lunar en oro de 24 quilates, hechos a mano en Espa\u00f1a.\",\"breadcrumb\":{\"@id\":\"https:\/\/lajunglebijoux.com\/es\/producto\/pendientes-luna-oro\/#breadcrumb\"},\"inLanguage\":\"es\",\"potentialAction\":[{\"@type\":\"ReadAction\",\"target\":[\"https:\/\/lajunglebijoux.com\/es\/producto\/pendientes-luna-oro\/\"]}]},{\"@type\":\"ImageObject\",\"inLanguage\":\"es\",\"@id\":\"https:\/\/lajunglebijoux.com\/es\/producto\/pendientes-luna-oro\/#primaryimage\",\"url\":\"https:\/\/lajunglebijoux.com\/wp-content\/uploads\/2022\/11\/IMG_20220510_110320-scaled.jpg\",\"contentUrl\":\"https:\/\/lajunglebijoux.com\/wp-content\/uploads\/2022\/11\/IMG_20220510_110320-scaled.jpg\",\"width\":2560,\"height\":2560,\"caption\":\"boucles oreilles lune or\"},{\"@type\":\"BreadcrumbList\",\"@id\":\"https:\/\/lajunglebijoux.com\/es\/producto\/pendientes-luna-oro\/#breadcrumb\",\"itemListElement\":[{\"@type\":\"ListItem\",\"position\":1,\"name\":\"Portada\",\"item\":\"https:\/\/lajunglebijoux.com\/es\/\"},{\"@type\":\"ListItem\",\"position\":2,\"name\":\"Productos\",\"item\":\"https:\/\/lajunglebijoux.com\/es\/shop\/\"},{\"@type\":\"ListItem\",\"position\":3,\"name\":\"Pendientes de aro dise\u00f1o de luna en oro de 24 quilates\"}]},{\"@type\":\"WebSite\",\"@id\":\"https:\/\/lajunglebijoux.com\/es\/#website\",\"url\":\"https:\/\/lajunglebijoux.com\/es\/\",\"name\":\"La Jungle Bijoux\",\"description\":\"\",\"publisher\":{\"@id\":\"https:\/\/lajunglebijoux.com\/es\/#organization\"},\"potentialAction\":[{\"@type\":\"SearchAction\",\"target\":{\"@type\":\"EntryPoint\",\"urlTemplate\":\"https:\/\/lajunglebijoux.com\/es\/?s={search_term_string}\"},\"query-input\":{\"@type\":\"PropertyValueSpecification\",\"valueRequired\":true,\"valueName\":\"search_term_string\"}}],\"inLanguage\":\"es\"},{\"@type\":\"Organization\",\"@id\":\"https:\/\/lajunglebijoux.com\/es\/#organization\",\"name\":\"La Jungle Bijoux\",\"url\":\"https:\/\/lajunglebijoux.com\/es\/\",\"logo\":{\"@type\":\"ImageObject\",\"inLanguage\":\"es\",\"@id\":\"https:\/\/lajunglebijoux.com\/es\/#\/schema\/logo\/image\/\",\"url\":\"https:\/\/lajunglebijoux.com\/wp-content\/uploads\/2023\/01\/LOGO-FINAL-Fonce.jpg\",\"contentUrl\":\"https:\/\/lajunglebijoux.com\/wp-content\/uploads\/2023\/01\/LOGO-FINAL-Fonce.jpg\",\"width\":900,\"height\":900,\"caption\":\"La Jungle Bijoux\"},\"image\":{\"@id\":\"https:\/\/lajunglebijoux.com\/es\/#\/schema\/logo\/image\/\"}}]}<\/script>\n<!-- \/ Yoast SEO plugin. -->","yoast_head_json":{"title":"Pendientes de aro dise\u00f1o de luna en oro de 24 quilates - La Jungle Bijoux","description":"Rinde homenaje a esta estrella luciendo unos pendientes de oro con dise\u00f1o lunar. Pendientes de aro con motivo lunar en oro de 24 quilates, hechos a mano en Espa\u00f1a.","robots":{"index":"index","follow":"follow","max-snippet":"max-snippet:-1","max-image-preview":"max-image-preview:large","max-video-preview":"max-video-preview:-1"},"canonical":"https:\/\/lajunglebijoux.com\/es\/producto\/pendientes-luna-oro\/","og_locale":"es_ES","og_type":"article","og_title":"Pendientes de aro dise\u00f1o de luna en oro de 24 quilates - La Jungle Bijoux","og_description":"Rinde homenaje a esta estrella luciendo unos pendientes de oro con dise\u00f1o lunar. Pendientes de aro con motivo lunar en oro de 24 quilates, hechos a mano en Espa\u00f1a.","og_url":"https:\/\/lajunglebijoux.com\/es\/producto\/pendientes-luna-oro\/","og_site_name":"La Jungle Bijoux","article_modified_time":"2024-08-24T11:06:34+00:00","og_image":[{"width":2560,"height":2560,"url":"https:\/\/lajunglebijoux.com\/wp-content\/uploads\/2022\/11\/IMG_20220510_110320-scaled.jpg","type":"image\/jpeg"}],"twitter_card":"summary_large_image","twitter_misc":{"Tiempo de lectura":"2 minutos"},"schema":{"@context":"https:\/\/schema.org","@graph":[{"@type":"WebPage","@id":"https:\/\/lajunglebijoux.com\/es\/producto\/pendientes-luna-oro\/","url":"https:\/\/lajunglebijoux.com\/es\/producto\/pendientes-luna-oro\/","name":"Pendientes de aro dise\u00f1o de luna en oro de 24 quilates - La Jungle Bijoux","isPartOf":{"@id":"https:\/\/lajunglebijoux.com\/es\/#website"},"primaryImageOfPage":{"@id":"https:\/\/lajunglebijoux.com\/es\/producto\/pendientes-luna-oro\/#primaryimage"},"image":{"@id":"https:\/\/lajunglebijoux.com\/es\/producto\/pendientes-luna-oro\/#primaryimage"},"thumbnailUrl":"https:\/\/lajunglebijoux.com\/wp-content\/uploads\/2022\/11\/IMG_20220510_110320-scaled.jpg","datePublished":"2022-11-18T07:49:44+00:00","dateModified":"2024-08-24T11:06:34+00:00","description":"Rinde homenaje a esta estrella luciendo unos pendientes de oro con dise\u00f1o lunar. Pendientes de aro con motivo lunar en oro de 24 quilates, hechos a mano en Espa\u00f1a.","breadcrumb":{"@id":"https:\/\/lajunglebijoux.com\/es\/producto\/pendientes-luna-oro\/#breadcrumb"},"inLanguage":"es","potentialAction":[{"@type":"ReadAction","target":["https:\/\/lajunglebijoux.com\/es\/producto\/pendientes-luna-oro\/"]}]},{"@type":"ImageObject","inLanguage":"es","@id":"https:\/\/lajunglebijoux.com\/es\/producto\/pendientes-luna-oro\/#primaryimage","url":"https:\/\/lajunglebijoux.com\/wp-content\/uploads\/2022\/11\/IMG_20220510_110320-scaled.jpg","contentUrl":"https:\/\/lajunglebijoux.com\/wp-content\/uploads\/2022\/11\/IMG_20220510_110320-scaled.jpg","width":2560,"height":2560,"caption":"boucles oreilles lune or"},{"@type":"BreadcrumbList","@id":"https:\/\/lajunglebijoux.com\/es\/producto\/pendientes-luna-oro\/#breadcrumb","itemListElement":[{"@type":"ListItem","position":1,"name":"Portada","item":"https:\/\/lajunglebijoux.com\/es\/"},{"@type":"ListItem","position":2,"name":"Productos","item":"https:\/\/lajunglebijoux.com\/es\/shop\/"},{"@type":"ListItem","position":3,"name":"Pendientes de aro dise\u00f1o de luna en oro de 24 quilates"}]},{"@type":"WebSite","@id":"https:\/\/lajunglebijoux.com\/es\/#website","url":"https:\/\/lajunglebijoux.com\/es\/","name":"La Jungle Bijoux","description":"","publisher":{"@id":"https:\/\/lajunglebijoux.com\/es\/#organization"},"potentialAction":[{"@type":"SearchAction","target":{"@type":"EntryPoint","urlTemplate":"https:\/\/lajunglebijoux.com\/es\/?s={search_term_string}"},"query-input":{"@type":"PropertyValueSpecification","valueRequired":true,"valueName":"search_term_string"}}],"inLanguage":"es"},{"@type":"Organization","@id":"https:\/\/lajunglebijoux.com\/es\/#organization","name":"La Jungle Bijoux","url":"https:\/\/lajunglebijoux.com\/es\/","logo":{"@type":"ImageObject","inLanguage":"es","@id":"https:\/\/lajunglebijoux.com\/es\/#\/schema\/logo\/image\/","url":"https:\/\/lajunglebijoux.com\/wp-content\/uploads\/2023\/01\/LOGO-FINAL-Fonce.jpg","contentUrl":"https:\/\/lajunglebijoux.com\/wp-content\/uploads\/2023\/01\/LOGO-FINAL-Fonce.jpg","width":900,"height":900,"caption":"La Jungle Bijoux"},"image":{"@id":"https:\/\/lajunglebijoux.com\/es\/#\/schema\/logo\/image\/"}}]}},"_links":{"self":[{"href":"https:\/\/lajunglebijoux.com\/es\/wp-json\/wp\/v2\/product\/8183","targetHints":{"allow":["GET"]}}],"collection":[{"href":"https:\/\/lajunglebijoux.com\/es\/wp-json\/wp\/v2\/product"}],"about":[{"href":"https:\/\/lajunglebijoux.com\/es\/wp-json\/wp\/v2\/types\/product"}],"replies":[{"embeddable":true,"href":"https:\/\/lajunglebijoux.com\/es\/wp-json\/wp\/v2\/comments?post=8183"}],"version-history":[{"count":0,"href":"https:\/\/lajunglebijoux.com\/es\/wp-json\/wp\/v2\/product\/8183\/revisions"}],"wp:featuredmedia":[{"embeddable":true,"href":"https:\/\/lajunglebijoux.com\/es\/wp-json\/wp\/v2\/media\/3272"}],"wp:attachment":[{"href":"https:\/\/lajunglebijoux.com\/es\/wp-json\/wp\/v2\/media?parent=8183"}],"wp:term":[{"taxonomy":"product_brand","embeddable":true,"href":"https:\/\/lajunglebijoux.com\/es\/wp-json\/wp\/v2\/product_brand?post=8183"},{"taxonomy":"product_cat","embeddable":true,"href":"https:\/\/lajunglebijoux.com\/es\/wp-json\/wp\/v2\/product_cat?post=8183"},{"taxonomy":"product_tag","embeddable":true,"href":"https:\/\/lajunglebijoux.com\/es\/wp-json\/wp\/v2\/product_tag?post=8183"}],"curies":[{"name":"wp","href":"https:\/\/api.w.org\/{rel}","templated":true}]}}