{"id":8171,"date":"2023-02-17T17:52:33","date_gmt":"2023-02-17T15:52:33","guid":{"rendered":"https:\/\/lajunglebijoux.com\/product\/collier-serpent-lune-or\/"},"modified":"2024-08-24T13:06:42","modified_gmt":"2024-08-24T11:06:42","slug":"collar-serpiente-oro-luna","status":"publish","type":"product","link":"https:\/\/lajunglebijoux.com\/es\/producto\/collar-serpiente-oro-luna\/","title":{"rendered":"Divina feminidad &#8211; Collar serpiente de oro"},"content":{"rendered":"<h2>El s\u00edmbolo de la serpiente en joyer\u00eda<\/h2>\n<p>La serpiente es el s\u00edmbolo de la energ\u00eda Kundalini, una energ\u00eda como una serpiente enroscada en el nacimiento de nuestra columna vertebral, el chakra ra\u00edz. Se trata de una energ\u00eda femenina creativa muy poderosa y expansiva que asciende hasta la parte superior de la cabeza, desenroll\u00e1ndose como una serpiente y pasando por todos los centros energ\u00e9ticos de nuestro cuerpo, los chakras. Al despertarla, la kundalini nos permite revelar nuestro poder femenino y nuestra diosa creativa interior. Como una reina que retoma el control de su reino, pero con gracia. Es una energ\u00eda creativa pero tambi\u00e9n sanadora, te hace sentir m\u00e1s viva, m\u00e1s conectada, m\u00e1s consciente pero antes vendr\u00e1 a sanar los sufrimientos f\u00edsicos y emocionales que te atraviesan. Tambi\u00e9n es el s\u00edmbolo de la diosa griega Pers\u00e9fone que, como la serpiente, es una gu\u00eda. Ella muestra el camino hacia la muerte pero tambi\u00e9n hacia la reconexi\u00f3n con nuestro sagrado femenino porque lleva el camino de todas las mujeres (la ni\u00f1a, la madre, la esposa, la tejedora creativa, la reina, la anciana&#8230;). Despertando esta energ\u00eda kundalini y por tanto esta parte de lo sagrado femenino que duerme en nosotras, m\u00e1s concretamente dej\u00e1ndonos guiar hacia lo que realmente somos, podremos entonces brillar con mil luces, acceder a nuestro poder creativo, a la alegr\u00eda profunda y a nuestra invencibilidad. Dentro de la serpiente he a\u00f1adido muchos peque\u00f1os elementos con fuertes significados tambi\u00e9n, como el ciclo lunar, la estrella, la naturaleza&#8230; Como con todas las joyas de esta colecci\u00f3n he querido explicar mi proceso creativo pero por supuesto s\u00f3lo coge lo que te habla y si es s\u00f3lo el dise\u00f1o de la joya, tambi\u00e9n est\u00e1 perfecto.<\/p>\n","protected":false},"excerpt":{"rendered":"<p>Lat\u00f3n chapado en oro de 24 quilates de alta resistencia. Fabricado por encargo, se env\u00eda en un plazo de 2 semanas a partir de la fecha del pedido. Hay tanto que decir sobre la serpiente que voy a limitarme a lo que realmente me ha emocionado e influido en mis dise\u00f1os.<\/p>\n<p>&nbsp;<\/p>\n","protected":false},"featured_media":6064,"comment_status":"open","ping_status":"closed","template":"","meta":{"_acf_changed":false},"product_brand":[],"product_cat":[68],"product_tag":[478],"class_list":{"0":"post-8171","1":"product","2":"type-product","3":"status-publish","4":"has-post-thumbnail","6":"product_cat-you-are-magic-es","7":"product_tag-51e-a-100e","8":"pa_modele-collares","9":"pa_theme-joyas-energeticas","10":"pa_theme-joyas-bienestar","12":"first","13":"outofstock","14":"sale","15":"shipping-taxable","16":"purchasable","17":"product-type-simple"},"acf":[],"gallery_images":[6058,6062,6066,6060,6052,6054,6068],"yoast_head":"<!-- This site is optimized with the Yoast SEO plugin v27.2 - https:\/\/yoast.com\/product\/yoast-seo-wordpress\/ -->\n<title>Divina feminidad - Collar serpiente de oro - La Jungle Bijoux<\/title>\n<meta name=\"description\" content=\"Despierta tu energ\u00eda femenina con el collar Divine Femininity, con el s\u00edmbolo de la serpiente Kundalini. Hecho a mano.\" \/>\n<meta name=\"robots\" content=\"index, follow, max-snippet:-1, max-image-preview:large, max-video-preview:-1\" \/>\n<link rel=\"canonical\" href=\"https:\/\/lajunglebijoux.com\/es\/producto\/collar-serpiente-oro-luna\/\" \/>\n<meta property=\"og:locale\" content=\"es_ES\" \/>\n<meta property=\"og:type\" content=\"article\" \/>\n<meta property=\"og:title\" content=\"Divina feminidad - Collar serpiente de oro - La Jungle Bijoux\" \/>\n<meta property=\"og:description\" content=\"Despierta tu energ\u00eda femenina con el collar Divine Femininity, con el s\u00edmbolo de la serpiente Kundalini. Hecho a mano.\" \/>\n<meta property=\"og:url\" content=\"https:\/\/lajunglebijoux.com\/es\/producto\/collar-serpiente-oro-luna\/\" \/>\n<meta property=\"og:site_name\" content=\"La Jungle Bijoux\" \/>\n<meta property=\"article:modified_time\" content=\"2024-08-24T11:06:42+00:00\" \/>\n<meta property=\"og:image\" content=\"https:\/\/lajunglebijoux.com\/wp-content\/uploads\/2023\/02\/IMG_20220328_154924-scaled.jpg\" \/>\n\t<meta property=\"og:image:width\" content=\"1920\" \/>\n\t<meta property=\"og:image:height\" content=\"2560\" \/>\n\t<meta property=\"og:image:type\" content=\"image\/jpeg\" \/>\n<meta name=\"twitter:card\" content=\"summary_large_image\" \/>\n<meta name=\"twitter:label1\" content=\"Tiempo de lectura\" \/>\n\t<meta name=\"twitter:data1\" content=\"2 minutos\" \/>\n<script type=\"application\/ld+json\" class=\"yoast-schema-graph\">{\"@context\":\"https:\/\/schema.org\",\"@graph\":[{\"@type\":\"WebPage\",\"@id\":\"https:\/\/lajunglebijoux.com\/es\/producto\/collar-serpiente-oro-luna\/\",\"url\":\"https:\/\/lajunglebijoux.com\/es\/producto\/collar-serpiente-oro-luna\/\",\"name\":\"Divina feminidad - Collar serpiente de oro - La Jungle Bijoux\",\"isPartOf\":{\"@id\":\"https:\/\/lajunglebijoux.com\/es\/#website\"},\"primaryImageOfPage\":{\"@id\":\"https:\/\/lajunglebijoux.com\/es\/producto\/collar-serpiente-oro-luna\/#primaryimage\"},\"image\":{\"@id\":\"https:\/\/lajunglebijoux.com\/es\/producto\/collar-serpiente-oro-luna\/#primaryimage\"},\"thumbnailUrl\":\"https:\/\/lajunglebijoux.com\/wp-content\/uploads\/2023\/02\/IMG_20220328_154924-scaled.jpg\",\"datePublished\":\"2023-02-17T15:52:33+00:00\",\"dateModified\":\"2024-08-24T11:06:42+00:00\",\"description\":\"Despierta tu energ\u00eda femenina con el collar Divine Femininity, con el s\u00edmbolo de la serpiente Kundalini. Hecho a mano.\",\"breadcrumb\":{\"@id\":\"https:\/\/lajunglebijoux.com\/es\/producto\/collar-serpiente-oro-luna\/#breadcrumb\"},\"inLanguage\":\"es\",\"potentialAction\":[{\"@type\":\"ReadAction\",\"target\":[\"https:\/\/lajunglebijoux.com\/es\/producto\/collar-serpiente-oro-luna\/\"]}]},{\"@type\":\"ImageObject\",\"inLanguage\":\"es\",\"@id\":\"https:\/\/lajunglebijoux.com\/es\/producto\/collar-serpiente-oro-luna\/#primaryimage\",\"url\":\"https:\/\/lajunglebijoux.com\/wp-content\/uploads\/2023\/02\/IMG_20220328_154924-scaled.jpg\",\"contentUrl\":\"https:\/\/lajunglebijoux.com\/wp-content\/uploads\/2023\/02\/IMG_20220328_154924-scaled.jpg\",\"width\":1920,\"height\":2560,\"caption\":\"collier serpent\"},{\"@type\":\"BreadcrumbList\",\"@id\":\"https:\/\/lajunglebijoux.com\/es\/producto\/collar-serpiente-oro-luna\/#breadcrumb\",\"itemListElement\":[{\"@type\":\"ListItem\",\"position\":1,\"name\":\"Portada\",\"item\":\"https:\/\/lajunglebijoux.com\/es\/\"},{\"@type\":\"ListItem\",\"position\":2,\"name\":\"Productos\",\"item\":\"https:\/\/lajunglebijoux.com\/es\/shop\/\"},{\"@type\":\"ListItem\",\"position\":3,\"name\":\"Divina feminidad &#8211; Collar serpiente de oro\"}]},{\"@type\":\"WebSite\",\"@id\":\"https:\/\/lajunglebijoux.com\/es\/#website\",\"url\":\"https:\/\/lajunglebijoux.com\/es\/\",\"name\":\"La Jungle Bijoux\",\"description\":\"\",\"publisher\":{\"@id\":\"https:\/\/lajunglebijoux.com\/es\/#organization\"},\"potentialAction\":[{\"@type\":\"SearchAction\",\"target\":{\"@type\":\"EntryPoint\",\"urlTemplate\":\"https:\/\/lajunglebijoux.com\/es\/?s={search_term_string}\"},\"query-input\":{\"@type\":\"PropertyValueSpecification\",\"valueRequired\":true,\"valueName\":\"search_term_string\"}}],\"inLanguage\":\"es\"},{\"@type\":\"Organization\",\"@id\":\"https:\/\/lajunglebijoux.com\/es\/#organization\",\"name\":\"La Jungle Bijoux\",\"url\":\"https:\/\/lajunglebijoux.com\/es\/\",\"logo\":{\"@type\":\"ImageObject\",\"inLanguage\":\"es\",\"@id\":\"https:\/\/lajunglebijoux.com\/es\/#\/schema\/logo\/image\/\",\"url\":\"https:\/\/lajunglebijoux.com\/wp-content\/uploads\/2023\/01\/LOGO-FINAL-Fonce.jpg\",\"contentUrl\":\"https:\/\/lajunglebijoux.com\/wp-content\/uploads\/2023\/01\/LOGO-FINAL-Fonce.jpg\",\"width\":900,\"height\":900,\"caption\":\"La Jungle Bijoux\"},\"image\":{\"@id\":\"https:\/\/lajunglebijoux.com\/es\/#\/schema\/logo\/image\/\"}}]}<\/script>\n<!-- \/ Yoast SEO plugin. -->","yoast_head_json":{"title":"Divina feminidad - Collar serpiente de oro - La Jungle Bijoux","description":"Despierta tu energ\u00eda femenina con el collar Divine Femininity, con el s\u00edmbolo de la serpiente Kundalini. Hecho a mano.","robots":{"index":"index","follow":"follow","max-snippet":"max-snippet:-1","max-image-preview":"max-image-preview:large","max-video-preview":"max-video-preview:-1"},"canonical":"https:\/\/lajunglebijoux.com\/es\/producto\/collar-serpiente-oro-luna\/","og_locale":"es_ES","og_type":"article","og_title":"Divina feminidad - Collar serpiente de oro - La Jungle Bijoux","og_description":"Despierta tu energ\u00eda femenina con el collar Divine Femininity, con el s\u00edmbolo de la serpiente Kundalini. Hecho a mano.","og_url":"https:\/\/lajunglebijoux.com\/es\/producto\/collar-serpiente-oro-luna\/","og_site_name":"La Jungle Bijoux","article_modified_time":"2024-08-24T11:06:42+00:00","og_image":[{"width":1920,"height":2560,"url":"https:\/\/lajunglebijoux.com\/wp-content\/uploads\/2023\/02\/IMG_20220328_154924-scaled.jpg","type":"image\/jpeg"}],"twitter_card":"summary_large_image","twitter_misc":{"Tiempo de lectura":"2 minutos"},"schema":{"@context":"https:\/\/schema.org","@graph":[{"@type":"WebPage","@id":"https:\/\/lajunglebijoux.com\/es\/producto\/collar-serpiente-oro-luna\/","url":"https:\/\/lajunglebijoux.com\/es\/producto\/collar-serpiente-oro-luna\/","name":"Divina feminidad - Collar serpiente de oro - La Jungle Bijoux","isPartOf":{"@id":"https:\/\/lajunglebijoux.com\/es\/#website"},"primaryImageOfPage":{"@id":"https:\/\/lajunglebijoux.com\/es\/producto\/collar-serpiente-oro-luna\/#primaryimage"},"image":{"@id":"https:\/\/lajunglebijoux.com\/es\/producto\/collar-serpiente-oro-luna\/#primaryimage"},"thumbnailUrl":"https:\/\/lajunglebijoux.com\/wp-content\/uploads\/2023\/02\/IMG_20220328_154924-scaled.jpg","datePublished":"2023-02-17T15:52:33+00:00","dateModified":"2024-08-24T11:06:42+00:00","description":"Despierta tu energ\u00eda femenina con el collar Divine Femininity, con el s\u00edmbolo de la serpiente Kundalini. Hecho a mano.","breadcrumb":{"@id":"https:\/\/lajunglebijoux.com\/es\/producto\/collar-serpiente-oro-luna\/#breadcrumb"},"inLanguage":"es","potentialAction":[{"@type":"ReadAction","target":["https:\/\/lajunglebijoux.com\/es\/producto\/collar-serpiente-oro-luna\/"]}]},{"@type":"ImageObject","inLanguage":"es","@id":"https:\/\/lajunglebijoux.com\/es\/producto\/collar-serpiente-oro-luna\/#primaryimage","url":"https:\/\/lajunglebijoux.com\/wp-content\/uploads\/2023\/02\/IMG_20220328_154924-scaled.jpg","contentUrl":"https:\/\/lajunglebijoux.com\/wp-content\/uploads\/2023\/02\/IMG_20220328_154924-scaled.jpg","width":1920,"height":2560,"caption":"collier serpent"},{"@type":"BreadcrumbList","@id":"https:\/\/lajunglebijoux.com\/es\/producto\/collar-serpiente-oro-luna\/#breadcrumb","itemListElement":[{"@type":"ListItem","position":1,"name":"Portada","item":"https:\/\/lajunglebijoux.com\/es\/"},{"@type":"ListItem","position":2,"name":"Productos","item":"https:\/\/lajunglebijoux.com\/es\/shop\/"},{"@type":"ListItem","position":3,"name":"Divina feminidad &#8211; Collar serpiente de oro"}]},{"@type":"WebSite","@id":"https:\/\/lajunglebijoux.com\/es\/#website","url":"https:\/\/lajunglebijoux.com\/es\/","name":"La Jungle Bijoux","description":"","publisher":{"@id":"https:\/\/lajunglebijoux.com\/es\/#organization"},"potentialAction":[{"@type":"SearchAction","target":{"@type":"EntryPoint","urlTemplate":"https:\/\/lajunglebijoux.com\/es\/?s={search_term_string}"},"query-input":{"@type":"PropertyValueSpecification","valueRequired":true,"valueName":"search_term_string"}}],"inLanguage":"es"},{"@type":"Organization","@id":"https:\/\/lajunglebijoux.com\/es\/#organization","name":"La Jungle Bijoux","url":"https:\/\/lajunglebijoux.com\/es\/","logo":{"@type":"ImageObject","inLanguage":"es","@id":"https:\/\/lajunglebijoux.com\/es\/#\/schema\/logo\/image\/","url":"https:\/\/lajunglebijoux.com\/wp-content\/uploads\/2023\/01\/LOGO-FINAL-Fonce.jpg","contentUrl":"https:\/\/lajunglebijoux.com\/wp-content\/uploads\/2023\/01\/LOGO-FINAL-Fonce.jpg","width":900,"height":900,"caption":"La Jungle Bijoux"},"image":{"@id":"https:\/\/lajunglebijoux.com\/es\/#\/schema\/logo\/image\/"}}]}},"_links":{"self":[{"href":"https:\/\/lajunglebijoux.com\/es\/wp-json\/wp\/v2\/product\/8171","targetHints":{"allow":["GET"]}}],"collection":[{"href":"https:\/\/lajunglebijoux.com\/es\/wp-json\/wp\/v2\/product"}],"about":[{"href":"https:\/\/lajunglebijoux.com\/es\/wp-json\/wp\/v2\/types\/product"}],"replies":[{"embeddable":true,"href":"https:\/\/lajunglebijoux.com\/es\/wp-json\/wp\/v2\/comments?post=8171"}],"version-history":[{"count":0,"href":"https:\/\/lajunglebijoux.com\/es\/wp-json\/wp\/v2\/product\/8171\/revisions"}],"wp:featuredmedia":[{"embeddable":true,"href":"https:\/\/lajunglebijoux.com\/es\/wp-json\/wp\/v2\/media\/6064"}],"wp:attachment":[{"href":"https:\/\/lajunglebijoux.com\/es\/wp-json\/wp\/v2\/media?parent=8171"}],"wp:term":[{"taxonomy":"product_brand","embeddable":true,"href":"https:\/\/lajunglebijoux.com\/es\/wp-json\/wp\/v2\/product_brand?post=8171"},{"taxonomy":"product_cat","embeddable":true,"href":"https:\/\/lajunglebijoux.com\/es\/wp-json\/wp\/v2\/product_cat?post=8171"},{"taxonomy":"product_tag","embeddable":true,"href":"https:\/\/lajunglebijoux.com\/es\/wp-json\/wp\/v2\/product_tag?post=8171"}],"curies":[{"name":"wp","href":"https:\/\/api.w.org\/{rel}","templated":true}]}}