{"id":8165,"date":"2023-02-21T11:55:32","date_gmt":"2023-02-21T09:55:32","guid":{"rendered":"https:\/\/lajunglebijoux.com\/product\/collier-selenite\/"},"modified":"2024-08-24T13:03:33","modified_gmt":"2024-08-24T11:03:33","slug":"collar-selenita-piedra","status":"publish","type":"product","link":"https:\/\/lajunglebijoux.com\/es\/producto\/collar-selenita-piedra\/","title":{"rendered":"Sanaci\u00f3n &#8211; collar de oro y piedra de selenita"},"content":{"rendered":"","protected":false},"excerpt":{"rendered":"<p>Oro de 24 quilates de alta resistencia sobre una base de lat\u00f3n para la cadena y el anillo, pintura dorada met\u00e1lica especializada alrededor del cristal. La pintura tambi\u00e9n contiene oro aut\u00e9ntico. Longitud 57 cm ajustable con cadena de extensi\u00f3n de 5 cm. La selenita es para m\u00ed la piedra de curaci\u00f3n definitiva, ya que purifica, limpia, mueve las energ\u00edas estancadas dentro de nosotros y a nuestro alrededor para dar paso a vibraciones extremadamente altas de luz que inundan nuestro campo energ\u00e9tico. Es verdaderamente la piedra de la luz, la ligereza y la suavidad, que es lo que evoca por su brillo y su color y lo que nos aporta despu\u00e9s de haber eliminado los sentimientos de pesadez, densidad, oscuridad&#8230; Esta piedra nos ayuda a crear una burbuja de luz, una burbuja de alegr\u00eda que puede proteger nuestra energ\u00eda y tambi\u00e9n difundirse a nuestro alrededor.<\/p>\n<p><strong>Precauci\u00f3n de uso<\/strong>: no exponer al agua ni a ning\u00fan otro producto l\u00edquido. Como con muchas de las joyas de La Jungle, quer\u00eda explicar mi proceso creativo y la intenci\u00f3n detr\u00e1s de esta joya, pero por supuesto s\u00f3lo tomar lo que te habla y si es s\u00f3lo el dise\u00f1o de la joya, eso est\u00e1 bien tambi\u00e9n.<\/p>\n","protected":false},"featured_media":6170,"comment_status":"open","ping_status":"closed","template":"","meta":{"_acf_changed":false},"product_brand":[],"product_cat":[123],"product_tag":[480],"class_list":{"0":"post-8165","1":"product","2":"type-product","3":"status-publish","4":"has-post-thumbnail","6":"product_cat-talisman-es","7":"product_tag-menos-de-50e","8":"pa_modele-collares","9":"pa_theme-joyas-energeticas","10":"pa_theme-piedras-litoterapia","12":"first","13":"instock","14":"shipping-taxable","15":"purchasable","16":"product-type-simple"},"acf":[],"gallery_images":[6180,6172,6176,6174,6178],"yoast_head":"<!-- This site is optimized with the Yoast SEO plugin v27.2 - https:\/\/yoast.com\/product\/yoast-seo-wordpress\/ -->\n<title>Sanaci\u00f3n - collar de oro y piedra de selenita - La Jungle Bijoux<\/title>\n<meta name=\"description\" content=\"El collar Sanaci\u00f3n lleva selenita, una piedra blanca purificadora y protectora. Edici\u00f3n limitada. Joyas talism\u00e1n hechas a mano.\" \/>\n<meta name=\"robots\" content=\"index, follow, max-snippet:-1, max-image-preview:large, max-video-preview:-1\" \/>\n<link rel=\"canonical\" href=\"https:\/\/lajunglebijoux.com\/es\/producto\/collar-selenita-piedra\/\" \/>\n<meta property=\"og:locale\" content=\"es_ES\" \/>\n<meta property=\"og:type\" content=\"article\" \/>\n<meta property=\"og:title\" content=\"Sanaci\u00f3n - collar de oro y piedra de selenita - La Jungle Bijoux\" \/>\n<meta property=\"og:description\" content=\"El collar Sanaci\u00f3n lleva selenita, una piedra blanca purificadora y protectora. Edici\u00f3n limitada. Joyas talism\u00e1n hechas a mano.\" \/>\n<meta property=\"og:url\" content=\"https:\/\/lajunglebijoux.com\/es\/producto\/collar-selenita-piedra\/\" \/>\n<meta property=\"og:site_name\" content=\"La Jungle Bijoux\" \/>\n<meta property=\"article:modified_time\" content=\"2024-08-24T11:03:33+00:00\" \/>\n<meta property=\"og:image\" content=\"https:\/\/lajunglebijoux.com\/wp-content\/uploads\/2023\/02\/IMG_20220510_094429-scaled.jpg\" \/>\n\t<meta property=\"og:image:width\" content=\"2560\" \/>\n\t<meta property=\"og:image:height\" content=\"2560\" \/>\n\t<meta property=\"og:image:type\" content=\"image\/jpeg\" \/>\n<meta name=\"twitter:card\" content=\"summary_large_image\" \/>\n<script type=\"application\/ld+json\" class=\"yoast-schema-graph\">{\"@context\":\"https:\/\/schema.org\",\"@graph\":[{\"@type\":\"WebPage\",\"@id\":\"https:\/\/lajunglebijoux.com\/es\/producto\/collar-selenita-piedra\/\",\"url\":\"https:\/\/lajunglebijoux.com\/es\/producto\/collar-selenita-piedra\/\",\"name\":\"Sanaci\u00f3n - collar de oro y piedra de selenita - La Jungle Bijoux\",\"isPartOf\":{\"@id\":\"https:\/\/lajunglebijoux.com\/es\/#website\"},\"primaryImageOfPage\":{\"@id\":\"https:\/\/lajunglebijoux.com\/es\/producto\/collar-selenita-piedra\/#primaryimage\"},\"image\":{\"@id\":\"https:\/\/lajunglebijoux.com\/es\/producto\/collar-selenita-piedra\/#primaryimage\"},\"thumbnailUrl\":\"https:\/\/lajunglebijoux.com\/wp-content\/uploads\/2023\/02\/IMG_20220510_094429-scaled.jpg\",\"datePublished\":\"2023-02-21T09:55:32+00:00\",\"dateModified\":\"2024-08-24T11:03:33+00:00\",\"description\":\"El collar Sanaci\u00f3n lleva selenita, una piedra blanca purificadora y protectora. Edici\u00f3n limitada. Joyas talism\u00e1n hechas a mano.\",\"breadcrumb\":{\"@id\":\"https:\/\/lajunglebijoux.com\/es\/producto\/collar-selenita-piedra\/#breadcrumb\"},\"inLanguage\":\"es\",\"potentialAction\":[{\"@type\":\"ReadAction\",\"target\":[\"https:\/\/lajunglebijoux.com\/es\/producto\/collar-selenita-piedra\/\"]}]},{\"@type\":\"ImageObject\",\"inLanguage\":\"es\",\"@id\":\"https:\/\/lajunglebijoux.com\/es\/producto\/collar-selenita-piedra\/#primaryimage\",\"url\":\"https:\/\/lajunglebijoux.com\/wp-content\/uploads\/2023\/02\/IMG_20220510_094429-scaled.jpg\",\"contentUrl\":\"https:\/\/lajunglebijoux.com\/wp-content\/uploads\/2023\/02\/IMG_20220510_094429-scaled.jpg\",\"width\":2560,\"height\":2560,\"caption\":\"collier s\u00e9l\u00e9nite\"},{\"@type\":\"BreadcrumbList\",\"@id\":\"https:\/\/lajunglebijoux.com\/es\/producto\/collar-selenita-piedra\/#breadcrumb\",\"itemListElement\":[{\"@type\":\"ListItem\",\"position\":1,\"name\":\"Portada\",\"item\":\"https:\/\/lajunglebijoux.com\/es\/\"},{\"@type\":\"ListItem\",\"position\":2,\"name\":\"Productos\",\"item\":\"https:\/\/lajunglebijoux.com\/es\/shop\/\"},{\"@type\":\"ListItem\",\"position\":3,\"name\":\"Sanaci\u00f3n &#8211; collar de oro y piedra de selenita\"}]},{\"@type\":\"WebSite\",\"@id\":\"https:\/\/lajunglebijoux.com\/es\/#website\",\"url\":\"https:\/\/lajunglebijoux.com\/es\/\",\"name\":\"La Jungle Bijoux\",\"description\":\"\",\"publisher\":{\"@id\":\"https:\/\/lajunglebijoux.com\/es\/#organization\"},\"potentialAction\":[{\"@type\":\"SearchAction\",\"target\":{\"@type\":\"EntryPoint\",\"urlTemplate\":\"https:\/\/lajunglebijoux.com\/es\/?s={search_term_string}\"},\"query-input\":{\"@type\":\"PropertyValueSpecification\",\"valueRequired\":true,\"valueName\":\"search_term_string\"}}],\"inLanguage\":\"es\"},{\"@type\":\"Organization\",\"@id\":\"https:\/\/lajunglebijoux.com\/es\/#organization\",\"name\":\"La Jungle Bijoux\",\"url\":\"https:\/\/lajunglebijoux.com\/es\/\",\"logo\":{\"@type\":\"ImageObject\",\"inLanguage\":\"es\",\"@id\":\"https:\/\/lajunglebijoux.com\/es\/#\/schema\/logo\/image\/\",\"url\":\"https:\/\/lajunglebijoux.com\/wp-content\/uploads\/2023\/01\/LOGO-FINAL-Fonce.jpg\",\"contentUrl\":\"https:\/\/lajunglebijoux.com\/wp-content\/uploads\/2023\/01\/LOGO-FINAL-Fonce.jpg\",\"width\":900,\"height\":900,\"caption\":\"La Jungle Bijoux\"},\"image\":{\"@id\":\"https:\/\/lajunglebijoux.com\/es\/#\/schema\/logo\/image\/\"}}]}<\/script>\n<!-- \/ Yoast SEO plugin. -->","yoast_head_json":{"title":"Sanaci\u00f3n - collar de oro y piedra de selenita - La Jungle Bijoux","description":"El collar Sanaci\u00f3n lleva selenita, una piedra blanca purificadora y protectora. Edici\u00f3n limitada. Joyas talism\u00e1n hechas a mano.","robots":{"index":"index","follow":"follow","max-snippet":"max-snippet:-1","max-image-preview":"max-image-preview:large","max-video-preview":"max-video-preview:-1"},"canonical":"https:\/\/lajunglebijoux.com\/es\/producto\/collar-selenita-piedra\/","og_locale":"es_ES","og_type":"article","og_title":"Sanaci\u00f3n - collar de oro y piedra de selenita - La Jungle Bijoux","og_description":"El collar Sanaci\u00f3n lleva selenita, una piedra blanca purificadora y protectora. Edici\u00f3n limitada. Joyas talism\u00e1n hechas a mano.","og_url":"https:\/\/lajunglebijoux.com\/es\/producto\/collar-selenita-piedra\/","og_site_name":"La Jungle Bijoux","article_modified_time":"2024-08-24T11:03:33+00:00","og_image":[{"width":2560,"height":2560,"url":"https:\/\/lajunglebijoux.com\/wp-content\/uploads\/2023\/02\/IMG_20220510_094429-scaled.jpg","type":"image\/jpeg"}],"twitter_card":"summary_large_image","schema":{"@context":"https:\/\/schema.org","@graph":[{"@type":"WebPage","@id":"https:\/\/lajunglebijoux.com\/es\/producto\/collar-selenita-piedra\/","url":"https:\/\/lajunglebijoux.com\/es\/producto\/collar-selenita-piedra\/","name":"Sanaci\u00f3n - collar de oro y piedra de selenita - La Jungle Bijoux","isPartOf":{"@id":"https:\/\/lajunglebijoux.com\/es\/#website"},"primaryImageOfPage":{"@id":"https:\/\/lajunglebijoux.com\/es\/producto\/collar-selenita-piedra\/#primaryimage"},"image":{"@id":"https:\/\/lajunglebijoux.com\/es\/producto\/collar-selenita-piedra\/#primaryimage"},"thumbnailUrl":"https:\/\/lajunglebijoux.com\/wp-content\/uploads\/2023\/02\/IMG_20220510_094429-scaled.jpg","datePublished":"2023-02-21T09:55:32+00:00","dateModified":"2024-08-24T11:03:33+00:00","description":"El collar Sanaci\u00f3n lleva selenita, una piedra blanca purificadora y protectora. Edici\u00f3n limitada. Joyas talism\u00e1n hechas a mano.","breadcrumb":{"@id":"https:\/\/lajunglebijoux.com\/es\/producto\/collar-selenita-piedra\/#breadcrumb"},"inLanguage":"es","potentialAction":[{"@type":"ReadAction","target":["https:\/\/lajunglebijoux.com\/es\/producto\/collar-selenita-piedra\/"]}]},{"@type":"ImageObject","inLanguage":"es","@id":"https:\/\/lajunglebijoux.com\/es\/producto\/collar-selenita-piedra\/#primaryimage","url":"https:\/\/lajunglebijoux.com\/wp-content\/uploads\/2023\/02\/IMG_20220510_094429-scaled.jpg","contentUrl":"https:\/\/lajunglebijoux.com\/wp-content\/uploads\/2023\/02\/IMG_20220510_094429-scaled.jpg","width":2560,"height":2560,"caption":"collier s\u00e9l\u00e9nite"},{"@type":"BreadcrumbList","@id":"https:\/\/lajunglebijoux.com\/es\/producto\/collar-selenita-piedra\/#breadcrumb","itemListElement":[{"@type":"ListItem","position":1,"name":"Portada","item":"https:\/\/lajunglebijoux.com\/es\/"},{"@type":"ListItem","position":2,"name":"Productos","item":"https:\/\/lajunglebijoux.com\/es\/shop\/"},{"@type":"ListItem","position":3,"name":"Sanaci\u00f3n &#8211; collar de oro y piedra de selenita"}]},{"@type":"WebSite","@id":"https:\/\/lajunglebijoux.com\/es\/#website","url":"https:\/\/lajunglebijoux.com\/es\/","name":"La Jungle Bijoux","description":"","publisher":{"@id":"https:\/\/lajunglebijoux.com\/es\/#organization"},"potentialAction":[{"@type":"SearchAction","target":{"@type":"EntryPoint","urlTemplate":"https:\/\/lajunglebijoux.com\/es\/?s={search_term_string}"},"query-input":{"@type":"PropertyValueSpecification","valueRequired":true,"valueName":"search_term_string"}}],"inLanguage":"es"},{"@type":"Organization","@id":"https:\/\/lajunglebijoux.com\/es\/#organization","name":"La Jungle Bijoux","url":"https:\/\/lajunglebijoux.com\/es\/","logo":{"@type":"ImageObject","inLanguage":"es","@id":"https:\/\/lajunglebijoux.com\/es\/#\/schema\/logo\/image\/","url":"https:\/\/lajunglebijoux.com\/wp-content\/uploads\/2023\/01\/LOGO-FINAL-Fonce.jpg","contentUrl":"https:\/\/lajunglebijoux.com\/wp-content\/uploads\/2023\/01\/LOGO-FINAL-Fonce.jpg","width":900,"height":900,"caption":"La Jungle Bijoux"},"image":{"@id":"https:\/\/lajunglebijoux.com\/es\/#\/schema\/logo\/image\/"}}]}},"_links":{"self":[{"href":"https:\/\/lajunglebijoux.com\/es\/wp-json\/wp\/v2\/product\/8165","targetHints":{"allow":["GET"]}}],"collection":[{"href":"https:\/\/lajunglebijoux.com\/es\/wp-json\/wp\/v2\/product"}],"about":[{"href":"https:\/\/lajunglebijoux.com\/es\/wp-json\/wp\/v2\/types\/product"}],"replies":[{"embeddable":true,"href":"https:\/\/lajunglebijoux.com\/es\/wp-json\/wp\/v2\/comments?post=8165"}],"version-history":[{"count":0,"href":"https:\/\/lajunglebijoux.com\/es\/wp-json\/wp\/v2\/product\/8165\/revisions"}],"wp:featuredmedia":[{"embeddable":true,"href":"https:\/\/lajunglebijoux.com\/es\/wp-json\/wp\/v2\/media\/6170"}],"wp:attachment":[{"href":"https:\/\/lajunglebijoux.com\/es\/wp-json\/wp\/v2\/media?parent=8165"}],"wp:term":[{"taxonomy":"product_brand","embeddable":true,"href":"https:\/\/lajunglebijoux.com\/es\/wp-json\/wp\/v2\/product_brand?post=8165"},{"taxonomy":"product_cat","embeddable":true,"href":"https:\/\/lajunglebijoux.com\/es\/wp-json\/wp\/v2\/product_cat?post=8165"},{"taxonomy":"product_tag","embeddable":true,"href":"https:\/\/lajunglebijoux.com\/es\/wp-json\/wp\/v2\/product_tag?post=8165"}],"curies":[{"name":"wp","href":"https:\/\/api.w.org\/{rel}","templated":true}]}}