{"id":8163,"date":"2023-02-17T17:26:26","date_gmt":"2023-02-17T15:26:26","guid":{"rendered":"https:\/\/lajunglebijoux.com\/product\/collier-amulette-troisieme-oeil\/"},"modified":"2024-08-24T13:05:27","modified_gmt":"2024-08-24T11:05:27","slug":"collar-amuleto-tercer-ojo","status":"publish","type":"product","link":"https:\/\/lajunglebijoux.com\/es\/producto\/collar-amuleto-tercer-ojo\/","title":{"rendered":"AMULETO Tercer ojo &#8211; cristal de roca"},"content":{"rendered":"","protected":false},"excerpt":{"rendered":"<p>Oro de 24 quilates de alta resistencia sobre base de lat\u00f3n. Longitud 40 cm + 5 cm de extensi\u00f3n. Un amuleto es un peque\u00f1o objeto que se lleva encima, hecho con la intenci\u00f3n de protecci\u00f3n y buena suerte. He querido crear amuletos discretos y personalizables para que te hablen lo m\u00e1s posible, para que este objeto se convierta en algo realmente personal para ti, para que te identifiques con \u00e9l.<\/p>\n<p><strong>EL TERCER OJO\u00a0<\/strong>es una met\u00e1fora oriental que designa, m\u00e1s all\u00e1 de los dos ojos y de la vista, un ojo suplementario: el del autoconocimiento. Este s\u00edmbolo est\u00e1 muy presente en las joyas La Jungla porque llevarlo y cruzarlo regularmente nos invita a aprender a conocernos mejor para poder responder perfectamente a nuestras necesidades y as\u00ed florecer, brillar y compartir nuestra hermosa energ\u00eda con todos los que nos rodean. Es otra puerta a nuestro mundo interior, a nuestra verdad \u00fanica.<\/p>\n<h2>CRISTAL DE ROCA :<\/h2>\n<p>Esta piedra favorece la meditaci\u00f3n, el descanso de la mente, la calma mental y la concentraci\u00f3n. Las vibraciones del Cristal de Roca aumentan la confianza en uno mismo y la intuici\u00f3n. Ayuda a canalizar las ideas y favorece la escucha y la apertura mental. Piedra armoniosa y antiestr\u00e9s, el Cristal de Roca captura las energ\u00edas negativas para dejar sitio a la armon\u00eda. Fotos llevadas con el colgante amuleto luna del mismo tama\u00f1o para dar una idea del efecto. Como con muchas de las joyas de La Jungle, quer\u00eda explicar mi proceso creativo y la intenci\u00f3n detr\u00e1s de esta joya, pero por supuesto, s\u00f3lo toma lo que te habla y si es s\u00f3lo el dise\u00f1o de la joya, eso est\u00e1 bien tambi\u00e9n.<\/p>\n","protected":false},"featured_media":6020,"comment_status":"open","ping_status":"closed","template":"","meta":{"_acf_changed":false},"product_brand":[],"product_cat":[123],"product_tag":[478],"class_list":{"0":"post-8163","1":"product","2":"type-product","3":"status-publish","4":"has-post-thumbnail","6":"product_cat-talisman-es","7":"product_tag-51e-a-100e","8":"pa_modele-collares","9":"pa_theme-joyas-energeticas","10":"pa_theme-joyas-astral-tarot","11":"pa_theme-piedras-litoterapia","13":"first","14":"instock","15":"shipping-taxable","16":"purchasable","17":"product-type-simple"},"acf":[],"gallery_images":[6015,11564,6021,6017,6023,6013],"yoast_head":"<!-- This site is optimized with the Yoast SEO plugin v27.2 - https:\/\/yoast.com\/product\/yoast-seo-wordpress\/ -->\n<title>AMULETO Tercer ojo - cristal de roca - La Jungle Bijoux<\/title>\n<meta name=\"description\" content=\"Protecci\u00f3n, felicidad e introspecci\u00f3n. Adopte nuestro collar amuleto del Tercer Ojo, fabricado en oro fino de 24 quilates con un cristal de roca. Hecho a mano.\" \/>\n<meta name=\"robots\" content=\"index, follow, max-snippet:-1, max-image-preview:large, max-video-preview:-1\" \/>\n<link rel=\"canonical\" href=\"https:\/\/lajunglebijoux.com\/es\/producto\/collar-amuleto-tercer-ojo\/\" \/>\n<meta property=\"og:locale\" content=\"es_ES\" \/>\n<meta property=\"og:type\" content=\"article\" \/>\n<meta property=\"og:title\" content=\"AMULETO Tercer ojo - cristal de roca - La Jungle Bijoux\" \/>\n<meta property=\"og:description\" content=\"Protecci\u00f3n, felicidad e introspecci\u00f3n. Adopte nuestro collar amuleto del Tercer Ojo, fabricado en oro fino de 24 quilates con un cristal de roca. Hecho a mano.\" \/>\n<meta property=\"og:url\" content=\"https:\/\/lajunglebijoux.com\/es\/producto\/collar-amuleto-tercer-ojo\/\" \/>\n<meta property=\"og:site_name\" content=\"La Jungle Bijoux\" \/>\n<meta property=\"article:modified_time\" content=\"2024-08-24T11:05:27+00:00\" \/>\n<meta property=\"og:image\" content=\"https:\/\/lajunglebijoux.com\/wp-content\/uploads\/2023\/02\/IMG_20220427_124416-scaled.jpg\" \/>\n\t<meta property=\"og:image:width\" content=\"2560\" \/>\n\t<meta property=\"og:image:height\" content=\"2560\" \/>\n\t<meta property=\"og:image:type\" content=\"image\/jpeg\" \/>\n<meta name=\"twitter:card\" content=\"summary_large_image\" \/>\n<script type=\"application\/ld+json\" class=\"yoast-schema-graph\">{\"@context\":\"https:\/\/schema.org\",\"@graph\":[{\"@type\":\"WebPage\",\"@id\":\"https:\/\/lajunglebijoux.com\/es\/producto\/collar-amuleto-tercer-ojo\/\",\"url\":\"https:\/\/lajunglebijoux.com\/es\/producto\/collar-amuleto-tercer-ojo\/\",\"name\":\"AMULETO Tercer ojo - cristal de roca - La Jungle Bijoux\",\"isPartOf\":{\"@id\":\"https:\/\/lajunglebijoux.com\/es\/#website\"},\"primaryImageOfPage\":{\"@id\":\"https:\/\/lajunglebijoux.com\/es\/producto\/collar-amuleto-tercer-ojo\/#primaryimage\"},\"image\":{\"@id\":\"https:\/\/lajunglebijoux.com\/es\/producto\/collar-amuleto-tercer-ojo\/#primaryimage\"},\"thumbnailUrl\":\"https:\/\/lajunglebijoux.com\/wp-content\/uploads\/2023\/02\/IMG_20220427_124416-scaled.jpg\",\"datePublished\":\"2023-02-17T15:26:26+00:00\",\"dateModified\":\"2024-08-24T11:05:27+00:00\",\"description\":\"Protecci\u00f3n, felicidad e introspecci\u00f3n. Adopte nuestro collar amuleto del Tercer Ojo, fabricado en oro fino de 24 quilates con un cristal de roca. Hecho a mano.\",\"breadcrumb\":{\"@id\":\"https:\/\/lajunglebijoux.com\/es\/producto\/collar-amuleto-tercer-ojo\/#breadcrumb\"},\"inLanguage\":\"es\",\"potentialAction\":[{\"@type\":\"ReadAction\",\"target\":[\"https:\/\/lajunglebijoux.com\/es\/producto\/collar-amuleto-tercer-ojo\/\"]}]},{\"@type\":\"ImageObject\",\"inLanguage\":\"es\",\"@id\":\"https:\/\/lajunglebijoux.com\/es\/producto\/collar-amuleto-tercer-ojo\/#primaryimage\",\"url\":\"https:\/\/lajunglebijoux.com\/wp-content\/uploads\/2023\/02\/IMG_20220427_124416-scaled.jpg\",\"contentUrl\":\"https:\/\/lajunglebijoux.com\/wp-content\/uploads\/2023\/02\/IMG_20220427_124416-scaled.jpg\",\"width\":2560,\"height\":2560,\"caption\":\"collier troisi\u00e8me oeil\"},{\"@type\":\"BreadcrumbList\",\"@id\":\"https:\/\/lajunglebijoux.com\/es\/producto\/collar-amuleto-tercer-ojo\/#breadcrumb\",\"itemListElement\":[{\"@type\":\"ListItem\",\"position\":1,\"name\":\"Portada\",\"item\":\"https:\/\/lajunglebijoux.com\/es\/\"},{\"@type\":\"ListItem\",\"position\":2,\"name\":\"Productos\",\"item\":\"https:\/\/lajunglebijoux.com\/es\/shop\/\"},{\"@type\":\"ListItem\",\"position\":3,\"name\":\"AMULETO Tercer ojo &#8211; cristal de roca\"}]},{\"@type\":\"WebSite\",\"@id\":\"https:\/\/lajunglebijoux.com\/es\/#website\",\"url\":\"https:\/\/lajunglebijoux.com\/es\/\",\"name\":\"La Jungle Bijoux\",\"description\":\"\",\"publisher\":{\"@id\":\"https:\/\/lajunglebijoux.com\/es\/#organization\"},\"potentialAction\":[{\"@type\":\"SearchAction\",\"target\":{\"@type\":\"EntryPoint\",\"urlTemplate\":\"https:\/\/lajunglebijoux.com\/es\/?s={search_term_string}\"},\"query-input\":{\"@type\":\"PropertyValueSpecification\",\"valueRequired\":true,\"valueName\":\"search_term_string\"}}],\"inLanguage\":\"es\"},{\"@type\":\"Organization\",\"@id\":\"https:\/\/lajunglebijoux.com\/es\/#organization\",\"name\":\"La Jungle Bijoux\",\"url\":\"https:\/\/lajunglebijoux.com\/es\/\",\"logo\":{\"@type\":\"ImageObject\",\"inLanguage\":\"es\",\"@id\":\"https:\/\/lajunglebijoux.com\/es\/#\/schema\/logo\/image\/\",\"url\":\"https:\/\/lajunglebijoux.com\/wp-content\/uploads\/2023\/01\/LOGO-FINAL-Fonce.jpg\",\"contentUrl\":\"https:\/\/lajunglebijoux.com\/wp-content\/uploads\/2023\/01\/LOGO-FINAL-Fonce.jpg\",\"width\":900,\"height\":900,\"caption\":\"La Jungle Bijoux\"},\"image\":{\"@id\":\"https:\/\/lajunglebijoux.com\/es\/#\/schema\/logo\/image\/\"}}]}<\/script>\n<!-- \/ Yoast SEO plugin. -->","yoast_head_json":{"title":"AMULETO Tercer ojo - cristal de roca - La Jungle Bijoux","description":"Protecci\u00f3n, felicidad e introspecci\u00f3n. Adopte nuestro collar amuleto del Tercer Ojo, fabricado en oro fino de 24 quilates con un cristal de roca. Hecho a mano.","robots":{"index":"index","follow":"follow","max-snippet":"max-snippet:-1","max-image-preview":"max-image-preview:large","max-video-preview":"max-video-preview:-1"},"canonical":"https:\/\/lajunglebijoux.com\/es\/producto\/collar-amuleto-tercer-ojo\/","og_locale":"es_ES","og_type":"article","og_title":"AMULETO Tercer ojo - cristal de roca - La Jungle Bijoux","og_description":"Protecci\u00f3n, felicidad e introspecci\u00f3n. Adopte nuestro collar amuleto del Tercer Ojo, fabricado en oro fino de 24 quilates con un cristal de roca. Hecho a mano.","og_url":"https:\/\/lajunglebijoux.com\/es\/producto\/collar-amuleto-tercer-ojo\/","og_site_name":"La Jungle Bijoux","article_modified_time":"2024-08-24T11:05:27+00:00","og_image":[{"width":2560,"height":2560,"url":"https:\/\/lajunglebijoux.com\/wp-content\/uploads\/2023\/02\/IMG_20220427_124416-scaled.jpg","type":"image\/jpeg"}],"twitter_card":"summary_large_image","schema":{"@context":"https:\/\/schema.org","@graph":[{"@type":"WebPage","@id":"https:\/\/lajunglebijoux.com\/es\/producto\/collar-amuleto-tercer-ojo\/","url":"https:\/\/lajunglebijoux.com\/es\/producto\/collar-amuleto-tercer-ojo\/","name":"AMULETO Tercer ojo - cristal de roca - La Jungle Bijoux","isPartOf":{"@id":"https:\/\/lajunglebijoux.com\/es\/#website"},"primaryImageOfPage":{"@id":"https:\/\/lajunglebijoux.com\/es\/producto\/collar-amuleto-tercer-ojo\/#primaryimage"},"image":{"@id":"https:\/\/lajunglebijoux.com\/es\/producto\/collar-amuleto-tercer-ojo\/#primaryimage"},"thumbnailUrl":"https:\/\/lajunglebijoux.com\/wp-content\/uploads\/2023\/02\/IMG_20220427_124416-scaled.jpg","datePublished":"2023-02-17T15:26:26+00:00","dateModified":"2024-08-24T11:05:27+00:00","description":"Protecci\u00f3n, felicidad e introspecci\u00f3n. Adopte nuestro collar amuleto del Tercer Ojo, fabricado en oro fino de 24 quilates con un cristal de roca. Hecho a mano.","breadcrumb":{"@id":"https:\/\/lajunglebijoux.com\/es\/producto\/collar-amuleto-tercer-ojo\/#breadcrumb"},"inLanguage":"es","potentialAction":[{"@type":"ReadAction","target":["https:\/\/lajunglebijoux.com\/es\/producto\/collar-amuleto-tercer-ojo\/"]}]},{"@type":"ImageObject","inLanguage":"es","@id":"https:\/\/lajunglebijoux.com\/es\/producto\/collar-amuleto-tercer-ojo\/#primaryimage","url":"https:\/\/lajunglebijoux.com\/wp-content\/uploads\/2023\/02\/IMG_20220427_124416-scaled.jpg","contentUrl":"https:\/\/lajunglebijoux.com\/wp-content\/uploads\/2023\/02\/IMG_20220427_124416-scaled.jpg","width":2560,"height":2560,"caption":"collier troisi\u00e8me oeil"},{"@type":"BreadcrumbList","@id":"https:\/\/lajunglebijoux.com\/es\/producto\/collar-amuleto-tercer-ojo\/#breadcrumb","itemListElement":[{"@type":"ListItem","position":1,"name":"Portada","item":"https:\/\/lajunglebijoux.com\/es\/"},{"@type":"ListItem","position":2,"name":"Productos","item":"https:\/\/lajunglebijoux.com\/es\/shop\/"},{"@type":"ListItem","position":3,"name":"AMULETO Tercer ojo &#8211; cristal de roca"}]},{"@type":"WebSite","@id":"https:\/\/lajunglebijoux.com\/es\/#website","url":"https:\/\/lajunglebijoux.com\/es\/","name":"La Jungle Bijoux","description":"","publisher":{"@id":"https:\/\/lajunglebijoux.com\/es\/#organization"},"potentialAction":[{"@type":"SearchAction","target":{"@type":"EntryPoint","urlTemplate":"https:\/\/lajunglebijoux.com\/es\/?s={search_term_string}"},"query-input":{"@type":"PropertyValueSpecification","valueRequired":true,"valueName":"search_term_string"}}],"inLanguage":"es"},{"@type":"Organization","@id":"https:\/\/lajunglebijoux.com\/es\/#organization","name":"La Jungle Bijoux","url":"https:\/\/lajunglebijoux.com\/es\/","logo":{"@type":"ImageObject","inLanguage":"es","@id":"https:\/\/lajunglebijoux.com\/es\/#\/schema\/logo\/image\/","url":"https:\/\/lajunglebijoux.com\/wp-content\/uploads\/2023\/01\/LOGO-FINAL-Fonce.jpg","contentUrl":"https:\/\/lajunglebijoux.com\/wp-content\/uploads\/2023\/01\/LOGO-FINAL-Fonce.jpg","width":900,"height":900,"caption":"La Jungle Bijoux"},"image":{"@id":"https:\/\/lajunglebijoux.com\/es\/#\/schema\/logo\/image\/"}}]}},"_links":{"self":[{"href":"https:\/\/lajunglebijoux.com\/es\/wp-json\/wp\/v2\/product\/8163","targetHints":{"allow":["GET"]}}],"collection":[{"href":"https:\/\/lajunglebijoux.com\/es\/wp-json\/wp\/v2\/product"}],"about":[{"href":"https:\/\/lajunglebijoux.com\/es\/wp-json\/wp\/v2\/types\/product"}],"replies":[{"embeddable":true,"href":"https:\/\/lajunglebijoux.com\/es\/wp-json\/wp\/v2\/comments?post=8163"}],"version-history":[{"count":0,"href":"https:\/\/lajunglebijoux.com\/es\/wp-json\/wp\/v2\/product\/8163\/revisions"}],"wp:featuredmedia":[{"embeddable":true,"href":"https:\/\/lajunglebijoux.com\/es\/wp-json\/wp\/v2\/media\/6020"}],"wp:attachment":[{"href":"https:\/\/lajunglebijoux.com\/es\/wp-json\/wp\/v2\/media?parent=8163"}],"wp:term":[{"taxonomy":"product_brand","embeddable":true,"href":"https:\/\/lajunglebijoux.com\/es\/wp-json\/wp\/v2\/product_brand?post=8163"},{"taxonomy":"product_cat","embeddable":true,"href":"https:\/\/lajunglebijoux.com\/es\/wp-json\/wp\/v2\/product_cat?post=8163"},{"taxonomy":"product_tag","embeddable":true,"href":"https:\/\/lajunglebijoux.com\/es\/wp-json\/wp\/v2\/product_tag?post=8163"}],"curies":[{"name":"wp","href":"https:\/\/api.w.org\/{rel}","templated":true}]}}