{"id":8161,"date":"2023-02-17T15:25:02","date_gmt":"2023-02-17T13:25:02","guid":{"rendered":"https:\/\/lajunglebijoux.com\/product\/collier-serpent-kundalini\/"},"modified":"2024-08-24T13:03:19","modified_gmt":"2024-08-24T11:03:19","slug":"collar-serpiente-kundalini","status":"publish","type":"product","link":"https:\/\/lajunglebijoux.com\/es\/producto\/collar-serpiente-kundalini\/","title":{"rendered":"DIOSA CREATIVA &#8211; collar serpiente y cristal"},"content":{"rendered":"<h2><strong>Un collier serpent solidaire :<\/strong><\/h2>\n<p>Puisque les bijoux La Jungle sont inspir\u00e9s de la nature et de la femme, puisqu&#8217;ils invitent \u00e0 se lib\u00e9rer des complexes, \u00e0 prendre sa place, il me tient \u00e0 coeur d&#8217;agir ensemble aussi pour ceux qui en ont le plus besoin. L&#8217;urgence climatique touche les populations les plus pauvres et les femmes sont en premi\u00e8re ligne. En achetant ce bijou vous soutenez la cr\u00e9ation artisanale ainsi qu&#8217;un m\u00e9tier de passion mais vous soutenez aussi la lutte contre le r\u00e9chauffement climatique, pour le droit des femmes ainsi que les urgences humanitaires telle que la guerre en Ukraine. 5% du prix de vente de ce bijou sera revers\u00e9 \u00e0 l&#8217;association CARE FRANCE qui m\u00e8ne depuis 75 ans ces combats contre les in\u00e9galit\u00e9s. \u00ab\u00a0Si la destruction de la Terre est caus\u00e9e par les humains, la solution est entre nos mains !\u00a0\u00bb<\/p>\n<p>-Raquel, agricultrice soutenue par CARE au Guatemala<\/p>\n","protected":false},"excerpt":{"rendered":"<p>Collar de serpiente de oro con motivo de cristal de roca. Oro de 24 quilates de alta resistencia sobre base de lat\u00f3n. Longitud 63 cm + 5 cm de prolongaci\u00f3n.<\/p>\n<p><strong>LA SERPIENTE\u00a0<\/strong>es el s\u00edmbolo de la energ\u00eda Kundalini, una energ\u00eda como una serpiente enroscada en el nacimiento de nuestra columna vertebral, el chakra ra\u00edz. Es una energ\u00eda femenina creativa muy poderosa y expansiva que sube hasta la parte superior de la cabeza, desenroll\u00e1ndose como una serpiente y pasando por todos los centros energ\u00e9ticos de nuestro cuerpo, los chakras. Al despertarla, la kundalini nos permite revelar nuestro poder femenino y nuestra diosa creativa interior. Como una reina que retoma el control de su reino, pero con gracia. Es una energ\u00eda creativa pero tambi\u00e9n sanadora, te hace sentir m\u00e1s viva, m\u00e1s conectada, m\u00e1s consciente pero antes vendr\u00e1 a sanar los sufrimientos f\u00edsicos y emocionales que te atraviesan.<\/p>\n<p><strong>El CRISTAL\u00a0<\/strong>en esta joya representa el amor propio. Eres mucho m\u00e1s de lo que crees, eres capaz de mucho m\u00e1s de lo que imaginas. As\u00ed que aprecia a esta diosa creativa que llevas dentro, mima, limpia, cura y haz brillar tu diamante. Cumple tus deseos, son el camino para expandirte. M\u00edmate, enam\u00f3rate de ti misma, del regalo que eres para el universo.<\/p>\n<p><strong>La LUNA\u00a0<\/strong>en fases de este collar es otro recordatorio de la feminidad. Como con muchas de las joyas de La Jungle, quer\u00eda explicar mi proceso creativo y la intenci\u00f3n detr\u00e1s de esta joya, pero por supuesto s\u00f3lo toma lo que te habla y si es s\u00f3lo el dise\u00f1o de la joya, eso est\u00e1 bien tambi\u00e9n.<\/p>\n<p>&nbsp;<\/p>\n","protected":false},"featured_media":5929,"comment_status":"open","ping_status":"closed","template":"","meta":{"_acf_changed":false},"product_brand":[],"product_cat":[123],"product_tag":[480],"class_list":{"0":"post-8161","1":"product","2":"type-product","3":"status-publish","4":"has-post-thumbnail","6":"product_cat-talisman-es","7":"product_tag-menos-de-50e","8":"pa_modele-collares","9":"pa_theme-joyas-energeticas","10":"pa_theme-joyas-bienestar","12":"first","13":"instock","14":"sale","15":"shipping-taxable","16":"purchasable","17":"product-type-simple"},"acf":[],"gallery_images":[5938,5930,5936,5926,5932,5934],"yoast_head":"<!-- This site is optimized with the Yoast SEO plugin v27.2 - https:\/\/yoast.com\/product\/yoast-seo-wordpress\/ -->\n<title>DIOSA CREATIVA - collar serpiente y cristal - La Jungle Bijoux<\/title>\n<meta name=\"description\" content=\"Revela la diosa creativa que llevas dentro con este collar de serpiente dorada, envuelta en un cristal de roca lleno de buena energ\u00eda.\" \/>\n<meta name=\"robots\" content=\"index, follow, max-snippet:-1, max-image-preview:large, max-video-preview:-1\" \/>\n<link rel=\"canonical\" href=\"https:\/\/lajunglebijoux.com\/es\/producto\/collar-serpiente-kundalini\/\" \/>\n<meta property=\"og:locale\" content=\"es_ES\" \/>\n<meta property=\"og:type\" content=\"article\" \/>\n<meta property=\"og:title\" content=\"DIOSA CREATIVA - collar serpiente y cristal - La Jungle Bijoux\" \/>\n<meta property=\"og:description\" content=\"Revela la diosa creativa que llevas dentro con este collar de serpiente dorada, envuelta en un cristal de roca lleno de buena energ\u00eda.\" \/>\n<meta property=\"og:url\" content=\"https:\/\/lajunglebijoux.com\/es\/producto\/collar-serpiente-kundalini\/\" \/>\n<meta property=\"og:site_name\" content=\"La Jungle Bijoux\" \/>\n<meta property=\"article:modified_time\" content=\"2024-08-24T11:03:19+00:00\" \/>\n<meta property=\"og:image\" content=\"https:\/\/lajunglebijoux.com\/wp-content\/uploads\/2023\/02\/IMG_20220510_111039-scaled.jpg\" \/>\n\t<meta property=\"og:image:width\" content=\"2560\" \/>\n\t<meta property=\"og:image:height\" content=\"2560\" \/>\n\t<meta property=\"og:image:type\" content=\"image\/jpeg\" \/>\n<meta name=\"twitter:card\" content=\"summary_large_image\" \/>\n<meta name=\"twitter:label1\" content=\"Tiempo de lectura\" \/>\n\t<meta name=\"twitter:data1\" content=\"1 minuto\" \/>\n<script type=\"application\/ld+json\" class=\"yoast-schema-graph\">{\"@context\":\"https:\/\/schema.org\",\"@graph\":[{\"@type\":\"WebPage\",\"@id\":\"https:\/\/lajunglebijoux.com\/es\/producto\/collar-serpiente-kundalini\/\",\"url\":\"https:\/\/lajunglebijoux.com\/es\/producto\/collar-serpiente-kundalini\/\",\"name\":\"DIOSA CREATIVA - collar serpiente y cristal - La Jungle Bijoux\",\"isPartOf\":{\"@id\":\"https:\/\/lajunglebijoux.com\/es\/#website\"},\"primaryImageOfPage\":{\"@id\":\"https:\/\/lajunglebijoux.com\/es\/producto\/collar-serpiente-kundalini\/#primaryimage\"},\"image\":{\"@id\":\"https:\/\/lajunglebijoux.com\/es\/producto\/collar-serpiente-kundalini\/#primaryimage\"},\"thumbnailUrl\":\"https:\/\/lajunglebijoux.com\/wp-content\/uploads\/2023\/02\/IMG_20220510_111039-scaled.jpg\",\"datePublished\":\"2023-02-17T13:25:02+00:00\",\"dateModified\":\"2024-08-24T11:03:19+00:00\",\"description\":\"Revela la diosa creativa que llevas dentro con este collar de serpiente dorada, envuelta en un cristal de roca lleno de buena energ\u00eda.\",\"breadcrumb\":{\"@id\":\"https:\/\/lajunglebijoux.com\/es\/producto\/collar-serpiente-kundalini\/#breadcrumb\"},\"inLanguage\":\"es\",\"potentialAction\":[{\"@type\":\"ReadAction\",\"target\":[\"https:\/\/lajunglebijoux.com\/es\/producto\/collar-serpiente-kundalini\/\"]}]},{\"@type\":\"ImageObject\",\"inLanguage\":\"es\",\"@id\":\"https:\/\/lajunglebijoux.com\/es\/producto\/collar-serpiente-kundalini\/#primaryimage\",\"url\":\"https:\/\/lajunglebijoux.com\/wp-content\/uploads\/2023\/02\/IMG_20220510_111039-scaled.jpg\",\"contentUrl\":\"https:\/\/lajunglebijoux.com\/wp-content\/uploads\/2023\/02\/IMG_20220510_111039-scaled.jpg\",\"width\":2560,\"height\":2560,\"caption\":\"collier serpent\"},{\"@type\":\"BreadcrumbList\",\"@id\":\"https:\/\/lajunglebijoux.com\/es\/producto\/collar-serpiente-kundalini\/#breadcrumb\",\"itemListElement\":[{\"@type\":\"ListItem\",\"position\":1,\"name\":\"Portada\",\"item\":\"https:\/\/lajunglebijoux.com\/es\/\"},{\"@type\":\"ListItem\",\"position\":2,\"name\":\"Productos\",\"item\":\"https:\/\/lajunglebijoux.com\/es\/shop\/\"},{\"@type\":\"ListItem\",\"position\":3,\"name\":\"DIOSA CREATIVA &#8211; collar serpiente y cristal\"}]},{\"@type\":\"WebSite\",\"@id\":\"https:\/\/lajunglebijoux.com\/es\/#website\",\"url\":\"https:\/\/lajunglebijoux.com\/es\/\",\"name\":\"La Jungle Bijoux\",\"description\":\"\",\"publisher\":{\"@id\":\"https:\/\/lajunglebijoux.com\/es\/#organization\"},\"potentialAction\":[{\"@type\":\"SearchAction\",\"target\":{\"@type\":\"EntryPoint\",\"urlTemplate\":\"https:\/\/lajunglebijoux.com\/es\/?s={search_term_string}\"},\"query-input\":{\"@type\":\"PropertyValueSpecification\",\"valueRequired\":true,\"valueName\":\"search_term_string\"}}],\"inLanguage\":\"es\"},{\"@type\":\"Organization\",\"@id\":\"https:\/\/lajunglebijoux.com\/es\/#organization\",\"name\":\"La Jungle Bijoux\",\"url\":\"https:\/\/lajunglebijoux.com\/es\/\",\"logo\":{\"@type\":\"ImageObject\",\"inLanguage\":\"es\",\"@id\":\"https:\/\/lajunglebijoux.com\/es\/#\/schema\/logo\/image\/\",\"url\":\"https:\/\/lajunglebijoux.com\/wp-content\/uploads\/2023\/01\/LOGO-FINAL-Fonce.jpg\",\"contentUrl\":\"https:\/\/lajunglebijoux.com\/wp-content\/uploads\/2023\/01\/LOGO-FINAL-Fonce.jpg\",\"width\":900,\"height\":900,\"caption\":\"La Jungle Bijoux\"},\"image\":{\"@id\":\"https:\/\/lajunglebijoux.com\/es\/#\/schema\/logo\/image\/\"}}]}<\/script>\n<!-- \/ Yoast SEO plugin. -->","yoast_head_json":{"title":"DIOSA CREATIVA - collar serpiente y cristal - La Jungle Bijoux","description":"Revela la diosa creativa que llevas dentro con este collar de serpiente dorada, envuelta en un cristal de roca lleno de buena energ\u00eda.","robots":{"index":"index","follow":"follow","max-snippet":"max-snippet:-1","max-image-preview":"max-image-preview:large","max-video-preview":"max-video-preview:-1"},"canonical":"https:\/\/lajunglebijoux.com\/es\/producto\/collar-serpiente-kundalini\/","og_locale":"es_ES","og_type":"article","og_title":"DIOSA CREATIVA - collar serpiente y cristal - La Jungle Bijoux","og_description":"Revela la diosa creativa que llevas dentro con este collar de serpiente dorada, envuelta en un cristal de roca lleno de buena energ\u00eda.","og_url":"https:\/\/lajunglebijoux.com\/es\/producto\/collar-serpiente-kundalini\/","og_site_name":"La Jungle Bijoux","article_modified_time":"2024-08-24T11:03:19+00:00","og_image":[{"width":2560,"height":2560,"url":"https:\/\/lajunglebijoux.com\/wp-content\/uploads\/2023\/02\/IMG_20220510_111039-scaled.jpg","type":"image\/jpeg"}],"twitter_card":"summary_large_image","twitter_misc":{"Tiempo de lectura":"1 minuto"},"schema":{"@context":"https:\/\/schema.org","@graph":[{"@type":"WebPage","@id":"https:\/\/lajunglebijoux.com\/es\/producto\/collar-serpiente-kundalini\/","url":"https:\/\/lajunglebijoux.com\/es\/producto\/collar-serpiente-kundalini\/","name":"DIOSA CREATIVA - collar serpiente y cristal - La Jungle Bijoux","isPartOf":{"@id":"https:\/\/lajunglebijoux.com\/es\/#website"},"primaryImageOfPage":{"@id":"https:\/\/lajunglebijoux.com\/es\/producto\/collar-serpiente-kundalini\/#primaryimage"},"image":{"@id":"https:\/\/lajunglebijoux.com\/es\/producto\/collar-serpiente-kundalini\/#primaryimage"},"thumbnailUrl":"https:\/\/lajunglebijoux.com\/wp-content\/uploads\/2023\/02\/IMG_20220510_111039-scaled.jpg","datePublished":"2023-02-17T13:25:02+00:00","dateModified":"2024-08-24T11:03:19+00:00","description":"Revela la diosa creativa que llevas dentro con este collar de serpiente dorada, envuelta en un cristal de roca lleno de buena energ\u00eda.","breadcrumb":{"@id":"https:\/\/lajunglebijoux.com\/es\/producto\/collar-serpiente-kundalini\/#breadcrumb"},"inLanguage":"es","potentialAction":[{"@type":"ReadAction","target":["https:\/\/lajunglebijoux.com\/es\/producto\/collar-serpiente-kundalini\/"]}]},{"@type":"ImageObject","inLanguage":"es","@id":"https:\/\/lajunglebijoux.com\/es\/producto\/collar-serpiente-kundalini\/#primaryimage","url":"https:\/\/lajunglebijoux.com\/wp-content\/uploads\/2023\/02\/IMG_20220510_111039-scaled.jpg","contentUrl":"https:\/\/lajunglebijoux.com\/wp-content\/uploads\/2023\/02\/IMG_20220510_111039-scaled.jpg","width":2560,"height":2560,"caption":"collier serpent"},{"@type":"BreadcrumbList","@id":"https:\/\/lajunglebijoux.com\/es\/producto\/collar-serpiente-kundalini\/#breadcrumb","itemListElement":[{"@type":"ListItem","position":1,"name":"Portada","item":"https:\/\/lajunglebijoux.com\/es\/"},{"@type":"ListItem","position":2,"name":"Productos","item":"https:\/\/lajunglebijoux.com\/es\/shop\/"},{"@type":"ListItem","position":3,"name":"DIOSA CREATIVA &#8211; collar serpiente y cristal"}]},{"@type":"WebSite","@id":"https:\/\/lajunglebijoux.com\/es\/#website","url":"https:\/\/lajunglebijoux.com\/es\/","name":"La Jungle Bijoux","description":"","publisher":{"@id":"https:\/\/lajunglebijoux.com\/es\/#organization"},"potentialAction":[{"@type":"SearchAction","target":{"@type":"EntryPoint","urlTemplate":"https:\/\/lajunglebijoux.com\/es\/?s={search_term_string}"},"query-input":{"@type":"PropertyValueSpecification","valueRequired":true,"valueName":"search_term_string"}}],"inLanguage":"es"},{"@type":"Organization","@id":"https:\/\/lajunglebijoux.com\/es\/#organization","name":"La Jungle Bijoux","url":"https:\/\/lajunglebijoux.com\/es\/","logo":{"@type":"ImageObject","inLanguage":"es","@id":"https:\/\/lajunglebijoux.com\/es\/#\/schema\/logo\/image\/","url":"https:\/\/lajunglebijoux.com\/wp-content\/uploads\/2023\/01\/LOGO-FINAL-Fonce.jpg","contentUrl":"https:\/\/lajunglebijoux.com\/wp-content\/uploads\/2023\/01\/LOGO-FINAL-Fonce.jpg","width":900,"height":900,"caption":"La Jungle Bijoux"},"image":{"@id":"https:\/\/lajunglebijoux.com\/es\/#\/schema\/logo\/image\/"}}]}},"_links":{"self":[{"href":"https:\/\/lajunglebijoux.com\/es\/wp-json\/wp\/v2\/product\/8161","targetHints":{"allow":["GET"]}}],"collection":[{"href":"https:\/\/lajunglebijoux.com\/es\/wp-json\/wp\/v2\/product"}],"about":[{"href":"https:\/\/lajunglebijoux.com\/es\/wp-json\/wp\/v2\/types\/product"}],"replies":[{"embeddable":true,"href":"https:\/\/lajunglebijoux.com\/es\/wp-json\/wp\/v2\/comments?post=8161"}],"version-history":[{"count":0,"href":"https:\/\/lajunglebijoux.com\/es\/wp-json\/wp\/v2\/product\/8161\/revisions"}],"wp:featuredmedia":[{"embeddable":true,"href":"https:\/\/lajunglebijoux.com\/es\/wp-json\/wp\/v2\/media\/5929"}],"wp:attachment":[{"href":"https:\/\/lajunglebijoux.com\/es\/wp-json\/wp\/v2\/media?parent=8161"}],"wp:term":[{"taxonomy":"product_brand","embeddable":true,"href":"https:\/\/lajunglebijoux.com\/es\/wp-json\/wp\/v2\/product_brand?post=8161"},{"taxonomy":"product_cat","embeddable":true,"href":"https:\/\/lajunglebijoux.com\/es\/wp-json\/wp\/v2\/product_cat?post=8161"},{"taxonomy":"product_tag","embeddable":true,"href":"https:\/\/lajunglebijoux.com\/es\/wp-json\/wp\/v2\/product_tag?post=8161"}],"curies":[{"name":"wp","href":"https:\/\/api.w.org\/{rel}","templated":true}]}}