{"id":8159,"date":"2023-02-17T17:44:54","date_gmt":"2023-02-17T15:44:54","guid":{"rendered":"https:\/\/lajunglebijoux.com\/product\/collier-cristal-fleur\/"},"modified":"2024-08-24T13:05:30","modified_gmt":"2024-08-24T11:05:30","slug":"collar-cristal-flor","status":"publish","type":"product","link":"https:\/\/lajunglebijoux.com\/es\/producto\/collar-cristal-flor\/","title":{"rendered":"Alegr\u00eda y gratitud &#8211; collar de flor y cristal"},"content":{"rendered":"<h2><strong>BIJOUX SOLIDAIRES :<\/strong><\/h2>\n<p>Puisque les bijoux La Jungle sont inspir\u00e9s de la nature et de la femme, puisqu&#8217;ils invitent \u00e0 se lib\u00e9rer des complexes, \u00e0 prendre sa place, il me tient \u00e0 coeur d&#8217;agir ensemble aussi pour ceux qui en ont le plus besoin. L&#8217;urgence climatique touche les populations les plus pauvres et les femmes sont en premi\u00e8re ligne. En achetant ce bijou vous soutenez la cr\u00e9ation artisanale ainsi qu&#8217;un m\u00e9tier de passion mais vous soutenez aussi la lutte contre le r\u00e9chauffement climatique, pour le droit des femmes ainsi que les urgences humanitaires telle que la guerre en Ukraine. 5% du prix de vente de ce bijou sera revers\u00e9 \u00e0 l&#8217;association CARE FRANCE qui m\u00e8ne depuis 75 ans ces combats contre les in\u00e9galit\u00e9s. \u00ab\u00a0Si la destruction de la Terre est caus\u00e9e par les humains, la solution est entre nos mains !\u00a0\u00bb<\/p>\n<p>-Raquel, agricultrice soutenue par CARE au Guatemala<\/p>\n","protected":false},"excerpt":{"rendered":"<p>Collar infantil de flor y coraz\u00f3n de cristal. Oro de 24 quilates de alta resistencia sobre base de lat\u00f3n. Longitud 42cm + 5cm de prolongaci\u00f3n.<\/p>\n<h2>EL CRISTAL, LA FLOR INFANTIL y EL CORAZ\u00d3N :<\/h2>\n<p>En esta joya he querido armonizar el cristal que, como su nombre indica, est\u00e1 cristalizado en la forma, en el tiempo&#8230; y la flor que est\u00e1 llena de vida. A primera vista hay una forma de dualidad en este collar, pero al final, sabiendo que todo es energ\u00eda, que hay tanta energ\u00eda en las flores como en los cristales y en nuestro cuerpo, observamos la uni\u00f3n. Somos uno con el todo mayor, co-creamos y avanzamos juntos. Este collar te recordar\u00e1 que no tienes que cargar con todo sobre tus hombros, que eres guiado y amado (por el coraz\u00f3n) y que est\u00e1s en la Tierra para aprender a jugar con esta energ\u00eda y sacarle el m\u00e1ximo partido. As\u00ed que experimenta con alegr\u00eda, divi\u00e9rtete, no tengas miedo al fracaso, es s\u00f3lo un experimento. \u00bfQu\u00e9 te atrae, qu\u00e9 te hace feliz? La presencia del coraz\u00f3n y el lado infantil e ingenuo del dise\u00f1o floral te invitan a sentir gratitud por lo que ya tienes y a tomarte la vida con un poco menos de seriedad y m\u00e1s alegr\u00eda, como har\u00eda tu parte infantil. Como con muchas de las joyas de La Jungle, he querido explicar mi proceso creativo y la intenci\u00f3n que hay detr\u00e1s de esta joya pero, por supuesto, toma s\u00f3lo lo que te habla y si es s\u00f3lo el dise\u00f1o de la joya, tambi\u00e9n est\u00e1 bien.<\/p>\n","protected":false},"featured_media":6039,"comment_status":"open","ping_status":"closed","template":"","meta":{"_acf_changed":false},"product_brand":[],"product_cat":[123],"product_tag":[478],"class_list":{"0":"post-8159","1":"product","2":"type-product","3":"status-publish","4":"has-post-thumbnail","6":"product_cat-talisman-es","7":"product_tag-51e-a-100e","8":"pa_modele-collares","9":"pa_theme-joyas-energeticas","10":"pa_theme-joyas-bienestar","12":"first","13":"instock","14":"shipping-taxable","15":"purchasable","16":"product-type-simple"},"acf":[],"gallery_images":[6045,6037,6047,6049,6041,6043],"yoast_head":"<!-- This site is optimized with the Yoast SEO plugin v27.2 - https:\/\/yoast.com\/product\/yoast-seo-wordpress\/ -->\n<title>Alegr\u00eda y gratitud - collar de flor y cristal - La Jungle Bijoux<\/title>\n<meta name=\"description\" content=\"Alegr\u00eda y gratitud alrededor de tu cuello. Esta es la intenci\u00f3n de este collar de flor y cristal de oro de 24 quilates hecho a mano\" \/>\n<meta name=\"robots\" content=\"index, follow, max-snippet:-1, max-image-preview:large, max-video-preview:-1\" \/>\n<link rel=\"canonical\" href=\"https:\/\/lajunglebijoux.com\/es\/producto\/collar-cristal-flor\/\" \/>\n<meta property=\"og:locale\" content=\"es_ES\" \/>\n<meta property=\"og:type\" content=\"article\" \/>\n<meta property=\"og:title\" content=\"Alegr\u00eda y gratitud - collar de flor y cristal - La Jungle Bijoux\" \/>\n<meta property=\"og:description\" content=\"Alegr\u00eda y gratitud alrededor de tu cuello. Esta es la intenci\u00f3n de este collar de flor y cristal de oro de 24 quilates hecho a mano\" \/>\n<meta property=\"og:url\" content=\"https:\/\/lajunglebijoux.com\/es\/producto\/collar-cristal-flor\/\" \/>\n<meta property=\"og:site_name\" content=\"La Jungle Bijoux\" \/>\n<meta property=\"article:modified_time\" content=\"2024-08-24T11:05:30+00:00\" \/>\n<meta property=\"og:image\" content=\"https:\/\/lajunglebijoux.com\/wp-content\/uploads\/2023\/02\/IMG_20220510_1111011-scaled.jpg\" \/>\n\t<meta property=\"og:image:width\" content=\"2560\" \/>\n\t<meta property=\"og:image:height\" content=\"2560\" \/>\n\t<meta property=\"og:image:type\" content=\"image\/jpeg\" \/>\n<meta name=\"twitter:card\" content=\"summary_large_image\" \/>\n<meta name=\"twitter:label1\" content=\"Tiempo de lectura\" \/>\n\t<meta name=\"twitter:data1\" content=\"1 minuto\" \/>\n<script type=\"application\/ld+json\" class=\"yoast-schema-graph\">{\"@context\":\"https:\/\/schema.org\",\"@graph\":[{\"@type\":\"WebPage\",\"@id\":\"https:\/\/lajunglebijoux.com\/es\/producto\/collar-cristal-flor\/\",\"url\":\"https:\/\/lajunglebijoux.com\/es\/producto\/collar-cristal-flor\/\",\"name\":\"Alegr\u00eda y gratitud - collar de flor y cristal - La Jungle Bijoux\",\"isPartOf\":{\"@id\":\"https:\/\/lajunglebijoux.com\/es\/#website\"},\"primaryImageOfPage\":{\"@id\":\"https:\/\/lajunglebijoux.com\/es\/producto\/collar-cristal-flor\/#primaryimage\"},\"image\":{\"@id\":\"https:\/\/lajunglebijoux.com\/es\/producto\/collar-cristal-flor\/#primaryimage\"},\"thumbnailUrl\":\"https:\/\/lajunglebijoux.com\/wp-content\/uploads\/2023\/02\/IMG_20220510_1111011-scaled.jpg\",\"datePublished\":\"2023-02-17T15:44:54+00:00\",\"dateModified\":\"2024-08-24T11:05:30+00:00\",\"description\":\"Alegr\u00eda y gratitud alrededor de tu cuello. Esta es la intenci\u00f3n de este collar de flor y cristal de oro de 24 quilates hecho a mano\",\"breadcrumb\":{\"@id\":\"https:\/\/lajunglebijoux.com\/es\/producto\/collar-cristal-flor\/#breadcrumb\"},\"inLanguage\":\"es\",\"potentialAction\":[{\"@type\":\"ReadAction\",\"target\":[\"https:\/\/lajunglebijoux.com\/es\/producto\/collar-cristal-flor\/\"]}]},{\"@type\":\"ImageObject\",\"inLanguage\":\"es\",\"@id\":\"https:\/\/lajunglebijoux.com\/es\/producto\/collar-cristal-flor\/#primaryimage\",\"url\":\"https:\/\/lajunglebijoux.com\/wp-content\/uploads\/2023\/02\/IMG_20220510_1111011-scaled.jpg\",\"contentUrl\":\"https:\/\/lajunglebijoux.com\/wp-content\/uploads\/2023\/02\/IMG_20220510_1111011-scaled.jpg\",\"width\":2560,\"height\":2560,\"caption\":\"collier cristal de roche\"},{\"@type\":\"BreadcrumbList\",\"@id\":\"https:\/\/lajunglebijoux.com\/es\/producto\/collar-cristal-flor\/#breadcrumb\",\"itemListElement\":[{\"@type\":\"ListItem\",\"position\":1,\"name\":\"Portada\",\"item\":\"https:\/\/lajunglebijoux.com\/es\/\"},{\"@type\":\"ListItem\",\"position\":2,\"name\":\"Productos\",\"item\":\"https:\/\/lajunglebijoux.com\/es\/shop\/\"},{\"@type\":\"ListItem\",\"position\":3,\"name\":\"Alegr\u00eda y gratitud &#8211; collar de flor y cristal\"}]},{\"@type\":\"WebSite\",\"@id\":\"https:\/\/lajunglebijoux.com\/es\/#website\",\"url\":\"https:\/\/lajunglebijoux.com\/es\/\",\"name\":\"La Jungle Bijoux\",\"description\":\"\",\"publisher\":{\"@id\":\"https:\/\/lajunglebijoux.com\/es\/#organization\"},\"potentialAction\":[{\"@type\":\"SearchAction\",\"target\":{\"@type\":\"EntryPoint\",\"urlTemplate\":\"https:\/\/lajunglebijoux.com\/es\/?s={search_term_string}\"},\"query-input\":{\"@type\":\"PropertyValueSpecification\",\"valueRequired\":true,\"valueName\":\"search_term_string\"}}],\"inLanguage\":\"es\"},{\"@type\":\"Organization\",\"@id\":\"https:\/\/lajunglebijoux.com\/es\/#organization\",\"name\":\"La Jungle Bijoux\",\"url\":\"https:\/\/lajunglebijoux.com\/es\/\",\"logo\":{\"@type\":\"ImageObject\",\"inLanguage\":\"es\",\"@id\":\"https:\/\/lajunglebijoux.com\/es\/#\/schema\/logo\/image\/\",\"url\":\"https:\/\/lajunglebijoux.com\/wp-content\/uploads\/2023\/01\/LOGO-FINAL-Fonce.jpg\",\"contentUrl\":\"https:\/\/lajunglebijoux.com\/wp-content\/uploads\/2023\/01\/LOGO-FINAL-Fonce.jpg\",\"width\":900,\"height\":900,\"caption\":\"La Jungle Bijoux\"},\"image\":{\"@id\":\"https:\/\/lajunglebijoux.com\/es\/#\/schema\/logo\/image\/\"}}]}<\/script>\n<!-- \/ Yoast SEO plugin. -->","yoast_head_json":{"title":"Alegr\u00eda y gratitud - collar de flor y cristal - La Jungle Bijoux","description":"Alegr\u00eda y gratitud alrededor de tu cuello. Esta es la intenci\u00f3n de este collar de flor y cristal de oro de 24 quilates hecho a mano","robots":{"index":"index","follow":"follow","max-snippet":"max-snippet:-1","max-image-preview":"max-image-preview:large","max-video-preview":"max-video-preview:-1"},"canonical":"https:\/\/lajunglebijoux.com\/es\/producto\/collar-cristal-flor\/","og_locale":"es_ES","og_type":"article","og_title":"Alegr\u00eda y gratitud - collar de flor y cristal - La Jungle Bijoux","og_description":"Alegr\u00eda y gratitud alrededor de tu cuello. Esta es la intenci\u00f3n de este collar de flor y cristal de oro de 24 quilates hecho a mano","og_url":"https:\/\/lajunglebijoux.com\/es\/producto\/collar-cristal-flor\/","og_site_name":"La Jungle Bijoux","article_modified_time":"2024-08-24T11:05:30+00:00","og_image":[{"width":2560,"height":2560,"url":"https:\/\/lajunglebijoux.com\/wp-content\/uploads\/2023\/02\/IMG_20220510_1111011-scaled.jpg","type":"image\/jpeg"}],"twitter_card":"summary_large_image","twitter_misc":{"Tiempo de lectura":"1 minuto"},"schema":{"@context":"https:\/\/schema.org","@graph":[{"@type":"WebPage","@id":"https:\/\/lajunglebijoux.com\/es\/producto\/collar-cristal-flor\/","url":"https:\/\/lajunglebijoux.com\/es\/producto\/collar-cristal-flor\/","name":"Alegr\u00eda y gratitud - collar de flor y cristal - La Jungle Bijoux","isPartOf":{"@id":"https:\/\/lajunglebijoux.com\/es\/#website"},"primaryImageOfPage":{"@id":"https:\/\/lajunglebijoux.com\/es\/producto\/collar-cristal-flor\/#primaryimage"},"image":{"@id":"https:\/\/lajunglebijoux.com\/es\/producto\/collar-cristal-flor\/#primaryimage"},"thumbnailUrl":"https:\/\/lajunglebijoux.com\/wp-content\/uploads\/2023\/02\/IMG_20220510_1111011-scaled.jpg","datePublished":"2023-02-17T15:44:54+00:00","dateModified":"2024-08-24T11:05:30+00:00","description":"Alegr\u00eda y gratitud alrededor de tu cuello. Esta es la intenci\u00f3n de este collar de flor y cristal de oro de 24 quilates hecho a mano","breadcrumb":{"@id":"https:\/\/lajunglebijoux.com\/es\/producto\/collar-cristal-flor\/#breadcrumb"},"inLanguage":"es","potentialAction":[{"@type":"ReadAction","target":["https:\/\/lajunglebijoux.com\/es\/producto\/collar-cristal-flor\/"]}]},{"@type":"ImageObject","inLanguage":"es","@id":"https:\/\/lajunglebijoux.com\/es\/producto\/collar-cristal-flor\/#primaryimage","url":"https:\/\/lajunglebijoux.com\/wp-content\/uploads\/2023\/02\/IMG_20220510_1111011-scaled.jpg","contentUrl":"https:\/\/lajunglebijoux.com\/wp-content\/uploads\/2023\/02\/IMG_20220510_1111011-scaled.jpg","width":2560,"height":2560,"caption":"collier cristal de roche"},{"@type":"BreadcrumbList","@id":"https:\/\/lajunglebijoux.com\/es\/producto\/collar-cristal-flor\/#breadcrumb","itemListElement":[{"@type":"ListItem","position":1,"name":"Portada","item":"https:\/\/lajunglebijoux.com\/es\/"},{"@type":"ListItem","position":2,"name":"Productos","item":"https:\/\/lajunglebijoux.com\/es\/shop\/"},{"@type":"ListItem","position":3,"name":"Alegr\u00eda y gratitud &#8211; collar de flor y cristal"}]},{"@type":"WebSite","@id":"https:\/\/lajunglebijoux.com\/es\/#website","url":"https:\/\/lajunglebijoux.com\/es\/","name":"La Jungle Bijoux","description":"","publisher":{"@id":"https:\/\/lajunglebijoux.com\/es\/#organization"},"potentialAction":[{"@type":"SearchAction","target":{"@type":"EntryPoint","urlTemplate":"https:\/\/lajunglebijoux.com\/es\/?s={search_term_string}"},"query-input":{"@type":"PropertyValueSpecification","valueRequired":true,"valueName":"search_term_string"}}],"inLanguage":"es"},{"@type":"Organization","@id":"https:\/\/lajunglebijoux.com\/es\/#organization","name":"La Jungle Bijoux","url":"https:\/\/lajunglebijoux.com\/es\/","logo":{"@type":"ImageObject","inLanguage":"es","@id":"https:\/\/lajunglebijoux.com\/es\/#\/schema\/logo\/image\/","url":"https:\/\/lajunglebijoux.com\/wp-content\/uploads\/2023\/01\/LOGO-FINAL-Fonce.jpg","contentUrl":"https:\/\/lajunglebijoux.com\/wp-content\/uploads\/2023\/01\/LOGO-FINAL-Fonce.jpg","width":900,"height":900,"caption":"La Jungle Bijoux"},"image":{"@id":"https:\/\/lajunglebijoux.com\/es\/#\/schema\/logo\/image\/"}}]}},"_links":{"self":[{"href":"https:\/\/lajunglebijoux.com\/es\/wp-json\/wp\/v2\/product\/8159","targetHints":{"allow":["GET"]}}],"collection":[{"href":"https:\/\/lajunglebijoux.com\/es\/wp-json\/wp\/v2\/product"}],"about":[{"href":"https:\/\/lajunglebijoux.com\/es\/wp-json\/wp\/v2\/types\/product"}],"replies":[{"embeddable":true,"href":"https:\/\/lajunglebijoux.com\/es\/wp-json\/wp\/v2\/comments?post=8159"}],"version-history":[{"count":0,"href":"https:\/\/lajunglebijoux.com\/es\/wp-json\/wp\/v2\/product\/8159\/revisions"}],"wp:featuredmedia":[{"embeddable":true,"href":"https:\/\/lajunglebijoux.com\/es\/wp-json\/wp\/v2\/media\/6039"}],"wp:attachment":[{"href":"https:\/\/lajunglebijoux.com\/es\/wp-json\/wp\/v2\/media?parent=8159"}],"wp:term":[{"taxonomy":"product_brand","embeddable":true,"href":"https:\/\/lajunglebijoux.com\/es\/wp-json\/wp\/v2\/product_brand?post=8159"},{"taxonomy":"product_cat","embeddable":true,"href":"https:\/\/lajunglebijoux.com\/es\/wp-json\/wp\/v2\/product_cat?post=8159"},{"taxonomy":"product_tag","embeddable":true,"href":"https:\/\/lajunglebijoux.com\/es\/wp-json\/wp\/v2\/product_tag?post=8159"}],"curies":[{"name":"wp","href":"https:\/\/api.w.org\/{rel}","templated":true}]}}