{"id":8150,"date":"2023-01-10T09:39:54","date_gmt":"2023-01-10T07:39:54","guid":{"rendered":"https:\/\/lajunglebijoux.com\/product\/bague-coeur-pierre-onyx\/"},"modified":"2024-08-24T12:59:04","modified_gmt":"2024-08-24T10:59:04","slug":"anillo-corazon-onix","status":"publish","type":"product","link":"https:\/\/lajunglebijoux.com\/es\/producto\/anillo-corazon-onix\/","title":{"rendered":"Anillo coraz\u00f3n piedra \u00f3nix y oro Alma Profunda"},"content":{"rendered":"","protected":false},"excerpt":{"rendered":"<p>La piedra \u00f3nix nos ayuda a aceptarnos tal como somos, con nuestros lados oscuros y luminosos. Favorece la confianza en uno mismo, calma el esp\u00edritu para dejar espacio a las ondas positivas. Anillo coraz\u00f3n dorado con oro fino, alta resistencia, dorado en garant\u00eda. Consulte nuestra p\u00e1gina joyas en garant\u00eda. Este anillo te recuerda que tu alma es amor, al igual que el universo. Tu poder creativo reside en tu capacidad de sustituir el miedo por el amor. Co-crear con el universo pasando a la acci\u00f3n, tomando decisiones desde el amor, siendo y difundiendo amor, es la misi\u00f3n de vida m\u00e1s hermosa que existe y se te agradecer\u00e1 que aceptes esta misi\u00f3n.<\/p>\n","protected":false},"featured_media":4725,"comment_status":"open","ping_status":"closed","template":"","meta":{"_acf_changed":false},"product_brand":[],"product_cat":[123],"product_tag":[480],"class_list":{"0":"post-8150","1":"product","2":"type-product","3":"status-publish","4":"has-post-thumbnail","6":"product_cat-talisman-es","7":"product_tag-menos-de-50e","8":"pa_modele-anillos","9":"pa_theme-joyas-energeticas","10":"pa_theme-joyas-amor","11":"pa_theme-piedras-litoterapia","13":"first","14":"outofstock","15":"sale","16":"shipping-taxable","17":"purchasable","18":"product-type-simple"},"acf":[],"gallery_images":[4727,4719,5246,4729,5248,4723,4721,4731],"yoast_head":"<!-- This site is optimized with the Yoast SEO plugin v27.2 - https:\/\/yoast.com\/product\/yoast-seo-wordpress\/ -->\n<title>Anillo coraz\u00f3n piedra \u00f3nix y oro Alma Profunda - La Jungle Bijoux<\/title>\n<meta name=\"description\" content=\"Descubre el anillo coraz\u00f3n con piedra de \u00f3nix, alma profunda. Te invita a aceptarte tal y como eres, con tu lado oscuro y tu lado luminoso.\" \/>\n<meta name=\"robots\" content=\"index, follow, max-snippet:-1, max-image-preview:large, max-video-preview:-1\" \/>\n<link rel=\"canonical\" href=\"https:\/\/lajunglebijoux.com\/es\/producto\/anillo-corazon-onix\/\" \/>\n<meta property=\"og:locale\" content=\"es_ES\" \/>\n<meta property=\"og:type\" content=\"article\" \/>\n<meta property=\"og:title\" content=\"Anillo coraz\u00f3n piedra \u00f3nix y oro Alma Profunda - La Jungle Bijoux\" \/>\n<meta property=\"og:description\" content=\"Descubre el anillo coraz\u00f3n con piedra de \u00f3nix, alma profunda. Te invita a aceptarte tal y como eres, con tu lado oscuro y tu lado luminoso.\" \/>\n<meta property=\"og:url\" content=\"https:\/\/lajunglebijoux.com\/es\/producto\/anillo-corazon-onix\/\" \/>\n<meta property=\"og:site_name\" content=\"La Jungle Bijoux\" \/>\n<meta property=\"article:modified_time\" content=\"2024-08-24T10:59:04+00:00\" \/>\n<meta property=\"og:image\" content=\"https:\/\/lajunglebijoux.com\/wp-content\/uploads\/2023\/01\/IMG_20220427_103147-scaled.jpg\" \/>\n\t<meta property=\"og:image:width\" content=\"1920\" \/>\n\t<meta property=\"og:image:height\" content=\"2560\" \/>\n\t<meta property=\"og:image:type\" content=\"image\/jpeg\" \/>\n<meta name=\"twitter:card\" content=\"summary_large_image\" \/>\n<script type=\"application\/ld+json\" class=\"yoast-schema-graph\">{\"@context\":\"https:\/\/schema.org\",\"@graph\":[{\"@type\":\"WebPage\",\"@id\":\"https:\/\/lajunglebijoux.com\/es\/producto\/anillo-corazon-onix\/\",\"url\":\"https:\/\/lajunglebijoux.com\/es\/producto\/anillo-corazon-onix\/\",\"name\":\"Anillo coraz\u00f3n piedra \u00f3nix y oro Alma Profunda - La Jungle Bijoux\",\"isPartOf\":{\"@id\":\"https:\/\/lajunglebijoux.com\/es\/#website\"},\"primaryImageOfPage\":{\"@id\":\"https:\/\/lajunglebijoux.com\/es\/producto\/anillo-corazon-onix\/#primaryimage\"},\"image\":{\"@id\":\"https:\/\/lajunglebijoux.com\/es\/producto\/anillo-corazon-onix\/#primaryimage\"},\"thumbnailUrl\":\"https:\/\/lajunglebijoux.com\/wp-content\/uploads\/2023\/01\/IMG_20220427_103147-scaled.jpg\",\"datePublished\":\"2023-01-10T07:39:54+00:00\",\"dateModified\":\"2024-08-24T10:59:04+00:00\",\"description\":\"Descubre el anillo coraz\u00f3n con piedra de \u00f3nix, alma profunda. Te invita a aceptarte tal y como eres, con tu lado oscuro y tu lado luminoso.\",\"breadcrumb\":{\"@id\":\"https:\/\/lajunglebijoux.com\/es\/producto\/anillo-corazon-onix\/#breadcrumb\"},\"inLanguage\":\"es\",\"potentialAction\":[{\"@type\":\"ReadAction\",\"target\":[\"https:\/\/lajunglebijoux.com\/es\/producto\/anillo-corazon-onix\/\"]}]},{\"@type\":\"ImageObject\",\"inLanguage\":\"es\",\"@id\":\"https:\/\/lajunglebijoux.com\/es\/producto\/anillo-corazon-onix\/#primaryimage\",\"url\":\"https:\/\/lajunglebijoux.com\/wp-content\/uploads\/2023\/01\/IMG_20220427_103147-scaled.jpg\",\"contentUrl\":\"https:\/\/lajunglebijoux.com\/wp-content\/uploads\/2023\/01\/IMG_20220427_103147-scaled.jpg\",\"width\":1920,\"height\":2560,\"caption\":\"bague coeur or pierre onyx\"},{\"@type\":\"BreadcrumbList\",\"@id\":\"https:\/\/lajunglebijoux.com\/es\/producto\/anillo-corazon-onix\/#breadcrumb\",\"itemListElement\":[{\"@type\":\"ListItem\",\"position\":1,\"name\":\"Portada\",\"item\":\"https:\/\/lajunglebijoux.com\/es\/\"},{\"@type\":\"ListItem\",\"position\":2,\"name\":\"Productos\",\"item\":\"https:\/\/lajunglebijoux.com\/es\/shop\/\"},{\"@type\":\"ListItem\",\"position\":3,\"name\":\"Anillo coraz\u00f3n piedra \u00f3nix y oro Alma Profunda\"}]},{\"@type\":\"WebSite\",\"@id\":\"https:\/\/lajunglebijoux.com\/es\/#website\",\"url\":\"https:\/\/lajunglebijoux.com\/es\/\",\"name\":\"La Jungle Bijoux\",\"description\":\"\",\"publisher\":{\"@id\":\"https:\/\/lajunglebijoux.com\/es\/#organization\"},\"potentialAction\":[{\"@type\":\"SearchAction\",\"target\":{\"@type\":\"EntryPoint\",\"urlTemplate\":\"https:\/\/lajunglebijoux.com\/es\/?s={search_term_string}\"},\"query-input\":{\"@type\":\"PropertyValueSpecification\",\"valueRequired\":true,\"valueName\":\"search_term_string\"}}],\"inLanguage\":\"es\"},{\"@type\":\"Organization\",\"@id\":\"https:\/\/lajunglebijoux.com\/es\/#organization\",\"name\":\"La Jungle Bijoux\",\"url\":\"https:\/\/lajunglebijoux.com\/es\/\",\"logo\":{\"@type\":\"ImageObject\",\"inLanguage\":\"es\",\"@id\":\"https:\/\/lajunglebijoux.com\/es\/#\/schema\/logo\/image\/\",\"url\":\"https:\/\/lajunglebijoux.com\/wp-content\/uploads\/2023\/01\/LOGO-FINAL-Fonce.jpg\",\"contentUrl\":\"https:\/\/lajunglebijoux.com\/wp-content\/uploads\/2023\/01\/LOGO-FINAL-Fonce.jpg\",\"width\":900,\"height\":900,\"caption\":\"La Jungle Bijoux\"},\"image\":{\"@id\":\"https:\/\/lajunglebijoux.com\/es\/#\/schema\/logo\/image\/\"}}]}<\/script>\n<!-- \/ Yoast SEO plugin. -->","yoast_head_json":{"title":"Anillo coraz\u00f3n piedra \u00f3nix y oro Alma Profunda - La Jungle Bijoux","description":"Descubre el anillo coraz\u00f3n con piedra de \u00f3nix, alma profunda. Te invita a aceptarte tal y como eres, con tu lado oscuro y tu lado luminoso.","robots":{"index":"index","follow":"follow","max-snippet":"max-snippet:-1","max-image-preview":"max-image-preview:large","max-video-preview":"max-video-preview:-1"},"canonical":"https:\/\/lajunglebijoux.com\/es\/producto\/anillo-corazon-onix\/","og_locale":"es_ES","og_type":"article","og_title":"Anillo coraz\u00f3n piedra \u00f3nix y oro Alma Profunda - La Jungle Bijoux","og_description":"Descubre el anillo coraz\u00f3n con piedra de \u00f3nix, alma profunda. Te invita a aceptarte tal y como eres, con tu lado oscuro y tu lado luminoso.","og_url":"https:\/\/lajunglebijoux.com\/es\/producto\/anillo-corazon-onix\/","og_site_name":"La Jungle Bijoux","article_modified_time":"2024-08-24T10:59:04+00:00","og_image":[{"width":1920,"height":2560,"url":"https:\/\/lajunglebijoux.com\/wp-content\/uploads\/2023\/01\/IMG_20220427_103147-scaled.jpg","type":"image\/jpeg"}],"twitter_card":"summary_large_image","schema":{"@context":"https:\/\/schema.org","@graph":[{"@type":"WebPage","@id":"https:\/\/lajunglebijoux.com\/es\/producto\/anillo-corazon-onix\/","url":"https:\/\/lajunglebijoux.com\/es\/producto\/anillo-corazon-onix\/","name":"Anillo coraz\u00f3n piedra \u00f3nix y oro Alma Profunda - La Jungle Bijoux","isPartOf":{"@id":"https:\/\/lajunglebijoux.com\/es\/#website"},"primaryImageOfPage":{"@id":"https:\/\/lajunglebijoux.com\/es\/producto\/anillo-corazon-onix\/#primaryimage"},"image":{"@id":"https:\/\/lajunglebijoux.com\/es\/producto\/anillo-corazon-onix\/#primaryimage"},"thumbnailUrl":"https:\/\/lajunglebijoux.com\/wp-content\/uploads\/2023\/01\/IMG_20220427_103147-scaled.jpg","datePublished":"2023-01-10T07:39:54+00:00","dateModified":"2024-08-24T10:59:04+00:00","description":"Descubre el anillo coraz\u00f3n con piedra de \u00f3nix, alma profunda. Te invita a aceptarte tal y como eres, con tu lado oscuro y tu lado luminoso.","breadcrumb":{"@id":"https:\/\/lajunglebijoux.com\/es\/producto\/anillo-corazon-onix\/#breadcrumb"},"inLanguage":"es","potentialAction":[{"@type":"ReadAction","target":["https:\/\/lajunglebijoux.com\/es\/producto\/anillo-corazon-onix\/"]}]},{"@type":"ImageObject","inLanguage":"es","@id":"https:\/\/lajunglebijoux.com\/es\/producto\/anillo-corazon-onix\/#primaryimage","url":"https:\/\/lajunglebijoux.com\/wp-content\/uploads\/2023\/01\/IMG_20220427_103147-scaled.jpg","contentUrl":"https:\/\/lajunglebijoux.com\/wp-content\/uploads\/2023\/01\/IMG_20220427_103147-scaled.jpg","width":1920,"height":2560,"caption":"bague coeur or pierre onyx"},{"@type":"BreadcrumbList","@id":"https:\/\/lajunglebijoux.com\/es\/producto\/anillo-corazon-onix\/#breadcrumb","itemListElement":[{"@type":"ListItem","position":1,"name":"Portada","item":"https:\/\/lajunglebijoux.com\/es\/"},{"@type":"ListItem","position":2,"name":"Productos","item":"https:\/\/lajunglebijoux.com\/es\/shop\/"},{"@type":"ListItem","position":3,"name":"Anillo coraz\u00f3n piedra \u00f3nix y oro Alma Profunda"}]},{"@type":"WebSite","@id":"https:\/\/lajunglebijoux.com\/es\/#website","url":"https:\/\/lajunglebijoux.com\/es\/","name":"La Jungle Bijoux","description":"","publisher":{"@id":"https:\/\/lajunglebijoux.com\/es\/#organization"},"potentialAction":[{"@type":"SearchAction","target":{"@type":"EntryPoint","urlTemplate":"https:\/\/lajunglebijoux.com\/es\/?s={search_term_string}"},"query-input":{"@type":"PropertyValueSpecification","valueRequired":true,"valueName":"search_term_string"}}],"inLanguage":"es"},{"@type":"Organization","@id":"https:\/\/lajunglebijoux.com\/es\/#organization","name":"La Jungle Bijoux","url":"https:\/\/lajunglebijoux.com\/es\/","logo":{"@type":"ImageObject","inLanguage":"es","@id":"https:\/\/lajunglebijoux.com\/es\/#\/schema\/logo\/image\/","url":"https:\/\/lajunglebijoux.com\/wp-content\/uploads\/2023\/01\/LOGO-FINAL-Fonce.jpg","contentUrl":"https:\/\/lajunglebijoux.com\/wp-content\/uploads\/2023\/01\/LOGO-FINAL-Fonce.jpg","width":900,"height":900,"caption":"La Jungle Bijoux"},"image":{"@id":"https:\/\/lajunglebijoux.com\/es\/#\/schema\/logo\/image\/"}}]}},"_links":{"self":[{"href":"https:\/\/lajunglebijoux.com\/es\/wp-json\/wp\/v2\/product\/8150","targetHints":{"allow":["GET"]}}],"collection":[{"href":"https:\/\/lajunglebijoux.com\/es\/wp-json\/wp\/v2\/product"}],"about":[{"href":"https:\/\/lajunglebijoux.com\/es\/wp-json\/wp\/v2\/types\/product"}],"replies":[{"embeddable":true,"href":"https:\/\/lajunglebijoux.com\/es\/wp-json\/wp\/v2\/comments?post=8150"}],"version-history":[{"count":0,"href":"https:\/\/lajunglebijoux.com\/es\/wp-json\/wp\/v2\/product\/8150\/revisions"}],"wp:featuredmedia":[{"embeddable":true,"href":"https:\/\/lajunglebijoux.com\/es\/wp-json\/wp\/v2\/media\/4725"}],"wp:attachment":[{"href":"https:\/\/lajunglebijoux.com\/es\/wp-json\/wp\/v2\/media?parent=8150"}],"wp:term":[{"taxonomy":"product_brand","embeddable":true,"href":"https:\/\/lajunglebijoux.com\/es\/wp-json\/wp\/v2\/product_brand?post=8150"},{"taxonomy":"product_cat","embeddable":true,"href":"https:\/\/lajunglebijoux.com\/es\/wp-json\/wp\/v2\/product_cat?post=8150"},{"taxonomy":"product_tag","embeddable":true,"href":"https:\/\/lajunglebijoux.com\/es\/wp-json\/wp\/v2\/product_tag?post=8150"}],"curies":[{"name":"wp","href":"https:\/\/api.w.org\/{rel}","templated":true}]}}