{"id":8144,"date":"2023-01-10T12:48:00","date_gmt":"2023-01-10T10:48:00","guid":{"rendered":"https:\/\/lajunglebijoux.com\/product\/collier-coeur-lapis-lazuli\/"},"modified":"2024-08-24T13:05:29","modified_gmt":"2024-08-24T11:05:29","slug":"collar-lapis-lazuli","status":"publish","type":"product","link":"https:\/\/lajunglebijoux.com\/es\/producto\/collar-lapis-lazuli\/","title":{"rendered":"Collar lapis lazuli coraz\u00f3n Alma Profunda"},"content":{"rendered":"","protected":false},"excerpt":{"rendered":"<p>Oro de 24 quilates de alta resistencia sobre una base de lat\u00f3n. Para llevar solo o como una acumulaci\u00f3n de collares. Este collar te recuerda que tu alma m\u00e1s profunda es amor, al igual que el universo. Tu poder creativo reside en tu capacidad para sustituir el miedo por el amor. Co-crear con el universo actuando, tomando decisiones desde el amor, siendo y difundiendo amor, es la misi\u00f3n de vida m\u00e1s hermosa que existe y se te agradecer\u00e1 que aceptes esta misi\u00f3n. Esta noci\u00f3n de fuerza creativa se ve reforzada por el lapis l\u00e1zuli. Esta piedra de litoterapia desempe\u00f1a un papel en la clarividencia y la expresi\u00f3n creativa (vinculada a los chakras del tercer ojo y la garganta). Es una piedra muy espiritual que invita a escuchar la gu\u00eda y ayuda a desarrollar la intuici\u00f3n. Debido a su estructura cristalina, el lapis l\u00e1zuli facilita la meditaci\u00f3n, ayuda a volver la mirada hacia el interior, a tener conciencia y a comprender su lugar en el universo. Gracias a todas estas virtudes, en la serenidad, uno est\u00e1 entonces preparado para pasar a la acci\u00f3n, para co-crear con el universo.<\/p>\n","protected":false},"featured_media":4833,"comment_status":"open","ping_status":"closed","template":"","meta":{"_acf_changed":false},"product_brand":[],"product_cat":[123],"product_tag":[478],"class_list":{"0":"post-8144","1":"product","2":"type-product","3":"status-publish","4":"has-post-thumbnail","6":"product_cat-talisman-es","7":"product_tag-51e-a-100e","8":"pa_modele-collares","9":"pa_theme-joyas-energeticas","10":"pa_theme-joyas-bienestar","11":"pa_theme-joyas-amor","12":"pa_theme-piedras-litoterapia","14":"first","15":"outofstock","16":"sale","17":"shipping-taxable","18":"purchasable","19":"product-type-simple"},"acf":[],"gallery_images":[5387,4835,4829,4831,4839,4837],"yoast_head":"<!-- This site is optimized with the Yoast SEO plugin v27.2 - https:\/\/yoast.com\/product\/yoast-seo-wordpress\/ -->\n<title>Collar lapis lazuli coraz\u00f3n Alma Profunda - La Jungle Bijoux<\/title>\n<meta name=\"description\" content=\"Adopte este collar con colgante de coraz\u00f3n de cristal azul de lapis l\u00e1zuli para irradiar amor y revelar su yo interior. Hecho a mano.\" \/>\n<meta name=\"robots\" content=\"index, follow, max-snippet:-1, max-image-preview:large, max-video-preview:-1\" \/>\n<link rel=\"canonical\" href=\"https:\/\/lajunglebijoux.com\/es\/producto\/collar-lapis-lazuli\/\" \/>\n<meta property=\"og:locale\" content=\"es_ES\" \/>\n<meta property=\"og:type\" content=\"article\" \/>\n<meta property=\"og:title\" content=\"Collar lapis lazuli coraz\u00f3n Alma Profunda - La Jungle Bijoux\" \/>\n<meta property=\"og:description\" content=\"Adopte este collar con colgante de coraz\u00f3n de cristal azul de lapis l\u00e1zuli para irradiar amor y revelar su yo interior. Hecho a mano.\" \/>\n<meta property=\"og:url\" content=\"https:\/\/lajunglebijoux.com\/es\/producto\/collar-lapis-lazuli\/\" \/>\n<meta property=\"og:site_name\" content=\"La Jungle Bijoux\" \/>\n<meta property=\"article:modified_time\" content=\"2024-08-24T11:05:29+00:00\" \/>\n<meta property=\"og:image\" content=\"https:\/\/lajunglebijoux.com\/wp-content\/uploads\/2023\/01\/IMG_20220427_095952-scaled.jpg\" \/>\n\t<meta property=\"og:image:width\" content=\"1920\" \/>\n\t<meta property=\"og:image:height\" content=\"2560\" \/>\n\t<meta property=\"og:image:type\" content=\"image\/jpeg\" \/>\n<meta name=\"twitter:card\" content=\"summary_large_image\" \/>\n<script type=\"application\/ld+json\" class=\"yoast-schema-graph\">{\"@context\":\"https:\/\/schema.org\",\"@graph\":[{\"@type\":\"WebPage\",\"@id\":\"https:\/\/lajunglebijoux.com\/es\/producto\/collar-lapis-lazuli\/\",\"url\":\"https:\/\/lajunglebijoux.com\/es\/producto\/collar-lapis-lazuli\/\",\"name\":\"Collar lapis lazuli coraz\u00f3n Alma Profunda - La Jungle Bijoux\",\"isPartOf\":{\"@id\":\"https:\/\/lajunglebijoux.com\/es\/#website\"},\"primaryImageOfPage\":{\"@id\":\"https:\/\/lajunglebijoux.com\/es\/producto\/collar-lapis-lazuli\/#primaryimage\"},\"image\":{\"@id\":\"https:\/\/lajunglebijoux.com\/es\/producto\/collar-lapis-lazuli\/#primaryimage\"},\"thumbnailUrl\":\"https:\/\/lajunglebijoux.com\/wp-content\/uploads\/2023\/01\/IMG_20220427_095952-scaled.jpg\",\"datePublished\":\"2023-01-10T10:48:00+00:00\",\"dateModified\":\"2024-08-24T11:05:29+00:00\",\"description\":\"Adopte este collar con colgante de coraz\u00f3n de cristal azul de lapis l\u00e1zuli para irradiar amor y revelar su yo interior. Hecho a mano.\",\"breadcrumb\":{\"@id\":\"https:\/\/lajunglebijoux.com\/es\/producto\/collar-lapis-lazuli\/#breadcrumb\"},\"inLanguage\":\"es\",\"potentialAction\":[{\"@type\":\"ReadAction\",\"target\":[\"https:\/\/lajunglebijoux.com\/es\/producto\/collar-lapis-lazuli\/\"]}]},{\"@type\":\"ImageObject\",\"inLanguage\":\"es\",\"@id\":\"https:\/\/lajunglebijoux.com\/es\/producto\/collar-lapis-lazuli\/#primaryimage\",\"url\":\"https:\/\/lajunglebijoux.com\/wp-content\/uploads\/2023\/01\/IMG_20220427_095952-scaled.jpg\",\"contentUrl\":\"https:\/\/lajunglebijoux.com\/wp-content\/uploads\/2023\/01\/IMG_20220427_095952-scaled.jpg\",\"width\":1920,\"height\":2560,\"caption\":\"collier coeur pierre or\"},{\"@type\":\"BreadcrumbList\",\"@id\":\"https:\/\/lajunglebijoux.com\/es\/producto\/collar-lapis-lazuli\/#breadcrumb\",\"itemListElement\":[{\"@type\":\"ListItem\",\"position\":1,\"name\":\"Portada\",\"item\":\"https:\/\/lajunglebijoux.com\/es\/\"},{\"@type\":\"ListItem\",\"position\":2,\"name\":\"Productos\",\"item\":\"https:\/\/lajunglebijoux.com\/es\/shop\/\"},{\"@type\":\"ListItem\",\"position\":3,\"name\":\"Collar lapis lazuli coraz\u00f3n Alma Profunda\"}]},{\"@type\":\"WebSite\",\"@id\":\"https:\/\/lajunglebijoux.com\/es\/#website\",\"url\":\"https:\/\/lajunglebijoux.com\/es\/\",\"name\":\"La Jungle Bijoux\",\"description\":\"\",\"publisher\":{\"@id\":\"https:\/\/lajunglebijoux.com\/es\/#organization\"},\"potentialAction\":[{\"@type\":\"SearchAction\",\"target\":{\"@type\":\"EntryPoint\",\"urlTemplate\":\"https:\/\/lajunglebijoux.com\/es\/?s={search_term_string}\"},\"query-input\":{\"@type\":\"PropertyValueSpecification\",\"valueRequired\":true,\"valueName\":\"search_term_string\"}}],\"inLanguage\":\"es\"},{\"@type\":\"Organization\",\"@id\":\"https:\/\/lajunglebijoux.com\/es\/#organization\",\"name\":\"La Jungle Bijoux\",\"url\":\"https:\/\/lajunglebijoux.com\/es\/\",\"logo\":{\"@type\":\"ImageObject\",\"inLanguage\":\"es\",\"@id\":\"https:\/\/lajunglebijoux.com\/es\/#\/schema\/logo\/image\/\",\"url\":\"https:\/\/lajunglebijoux.com\/wp-content\/uploads\/2023\/01\/LOGO-FINAL-Fonce.jpg\",\"contentUrl\":\"https:\/\/lajunglebijoux.com\/wp-content\/uploads\/2023\/01\/LOGO-FINAL-Fonce.jpg\",\"width\":900,\"height\":900,\"caption\":\"La Jungle Bijoux\"},\"image\":{\"@id\":\"https:\/\/lajunglebijoux.com\/es\/#\/schema\/logo\/image\/\"}}]}<\/script>\n<!-- \/ Yoast SEO plugin. -->","yoast_head_json":{"title":"Collar lapis lazuli coraz\u00f3n Alma Profunda - La Jungle Bijoux","description":"Adopte este collar con colgante de coraz\u00f3n de cristal azul de lapis l\u00e1zuli para irradiar amor y revelar su yo interior. Hecho a mano.","robots":{"index":"index","follow":"follow","max-snippet":"max-snippet:-1","max-image-preview":"max-image-preview:large","max-video-preview":"max-video-preview:-1"},"canonical":"https:\/\/lajunglebijoux.com\/es\/producto\/collar-lapis-lazuli\/","og_locale":"es_ES","og_type":"article","og_title":"Collar lapis lazuli coraz\u00f3n Alma Profunda - La Jungle Bijoux","og_description":"Adopte este collar con colgante de coraz\u00f3n de cristal azul de lapis l\u00e1zuli para irradiar amor y revelar su yo interior. Hecho a mano.","og_url":"https:\/\/lajunglebijoux.com\/es\/producto\/collar-lapis-lazuli\/","og_site_name":"La Jungle Bijoux","article_modified_time":"2024-08-24T11:05:29+00:00","og_image":[{"width":1920,"height":2560,"url":"https:\/\/lajunglebijoux.com\/wp-content\/uploads\/2023\/01\/IMG_20220427_095952-scaled.jpg","type":"image\/jpeg"}],"twitter_card":"summary_large_image","schema":{"@context":"https:\/\/schema.org","@graph":[{"@type":"WebPage","@id":"https:\/\/lajunglebijoux.com\/es\/producto\/collar-lapis-lazuli\/","url":"https:\/\/lajunglebijoux.com\/es\/producto\/collar-lapis-lazuli\/","name":"Collar lapis lazuli coraz\u00f3n Alma Profunda - La Jungle Bijoux","isPartOf":{"@id":"https:\/\/lajunglebijoux.com\/es\/#website"},"primaryImageOfPage":{"@id":"https:\/\/lajunglebijoux.com\/es\/producto\/collar-lapis-lazuli\/#primaryimage"},"image":{"@id":"https:\/\/lajunglebijoux.com\/es\/producto\/collar-lapis-lazuli\/#primaryimage"},"thumbnailUrl":"https:\/\/lajunglebijoux.com\/wp-content\/uploads\/2023\/01\/IMG_20220427_095952-scaled.jpg","datePublished":"2023-01-10T10:48:00+00:00","dateModified":"2024-08-24T11:05:29+00:00","description":"Adopte este collar con colgante de coraz\u00f3n de cristal azul de lapis l\u00e1zuli para irradiar amor y revelar su yo interior. Hecho a mano.","breadcrumb":{"@id":"https:\/\/lajunglebijoux.com\/es\/producto\/collar-lapis-lazuli\/#breadcrumb"},"inLanguage":"es","potentialAction":[{"@type":"ReadAction","target":["https:\/\/lajunglebijoux.com\/es\/producto\/collar-lapis-lazuli\/"]}]},{"@type":"ImageObject","inLanguage":"es","@id":"https:\/\/lajunglebijoux.com\/es\/producto\/collar-lapis-lazuli\/#primaryimage","url":"https:\/\/lajunglebijoux.com\/wp-content\/uploads\/2023\/01\/IMG_20220427_095952-scaled.jpg","contentUrl":"https:\/\/lajunglebijoux.com\/wp-content\/uploads\/2023\/01\/IMG_20220427_095952-scaled.jpg","width":1920,"height":2560,"caption":"collier coeur pierre or"},{"@type":"BreadcrumbList","@id":"https:\/\/lajunglebijoux.com\/es\/producto\/collar-lapis-lazuli\/#breadcrumb","itemListElement":[{"@type":"ListItem","position":1,"name":"Portada","item":"https:\/\/lajunglebijoux.com\/es\/"},{"@type":"ListItem","position":2,"name":"Productos","item":"https:\/\/lajunglebijoux.com\/es\/shop\/"},{"@type":"ListItem","position":3,"name":"Collar lapis lazuli coraz\u00f3n Alma Profunda"}]},{"@type":"WebSite","@id":"https:\/\/lajunglebijoux.com\/es\/#website","url":"https:\/\/lajunglebijoux.com\/es\/","name":"La Jungle Bijoux","description":"","publisher":{"@id":"https:\/\/lajunglebijoux.com\/es\/#organization"},"potentialAction":[{"@type":"SearchAction","target":{"@type":"EntryPoint","urlTemplate":"https:\/\/lajunglebijoux.com\/es\/?s={search_term_string}"},"query-input":{"@type":"PropertyValueSpecification","valueRequired":true,"valueName":"search_term_string"}}],"inLanguage":"es"},{"@type":"Organization","@id":"https:\/\/lajunglebijoux.com\/es\/#organization","name":"La Jungle Bijoux","url":"https:\/\/lajunglebijoux.com\/es\/","logo":{"@type":"ImageObject","inLanguage":"es","@id":"https:\/\/lajunglebijoux.com\/es\/#\/schema\/logo\/image\/","url":"https:\/\/lajunglebijoux.com\/wp-content\/uploads\/2023\/01\/LOGO-FINAL-Fonce.jpg","contentUrl":"https:\/\/lajunglebijoux.com\/wp-content\/uploads\/2023\/01\/LOGO-FINAL-Fonce.jpg","width":900,"height":900,"caption":"La Jungle Bijoux"},"image":{"@id":"https:\/\/lajunglebijoux.com\/es\/#\/schema\/logo\/image\/"}}]}},"_links":{"self":[{"href":"https:\/\/lajunglebijoux.com\/es\/wp-json\/wp\/v2\/product\/8144","targetHints":{"allow":["GET"]}}],"collection":[{"href":"https:\/\/lajunglebijoux.com\/es\/wp-json\/wp\/v2\/product"}],"about":[{"href":"https:\/\/lajunglebijoux.com\/es\/wp-json\/wp\/v2\/types\/product"}],"replies":[{"embeddable":true,"href":"https:\/\/lajunglebijoux.com\/es\/wp-json\/wp\/v2\/comments?post=8144"}],"version-history":[{"count":0,"href":"https:\/\/lajunglebijoux.com\/es\/wp-json\/wp\/v2\/product\/8144\/revisions"}],"wp:featuredmedia":[{"embeddable":true,"href":"https:\/\/lajunglebijoux.com\/es\/wp-json\/wp\/v2\/media\/4833"}],"wp:attachment":[{"href":"https:\/\/lajunglebijoux.com\/es\/wp-json\/wp\/v2\/media?parent=8144"}],"wp:term":[{"taxonomy":"product_brand","embeddable":true,"href":"https:\/\/lajunglebijoux.com\/es\/wp-json\/wp\/v2\/product_brand?post=8144"},{"taxonomy":"product_cat","embeddable":true,"href":"https:\/\/lajunglebijoux.com\/es\/wp-json\/wp\/v2\/product_cat?post=8144"},{"taxonomy":"product_tag","embeddable":true,"href":"https:\/\/lajunglebijoux.com\/es\/wp-json\/wp\/v2\/product_tag?post=8144"}],"curies":[{"name":"wp","href":"https:\/\/api.w.org\/{rel}","templated":true}]}}