{"id":8140,"date":"2023-01-11T12:16:13","date_gmt":"2023-01-11T10:16:13","guid":{"rendered":"https:\/\/lajunglebijoux.com\/product\/collier-coeur-cristal-roche\/"},"modified":"2024-08-24T13:05:28","modified_gmt":"2024-08-24T11:05:28","slug":"collar-corazon-cristal","status":"publish","type":"product","link":"https:\/\/lajunglebijoux.com\/es\/producto\/collar-corazon-cristal\/","title":{"rendered":"Collar cristal de roca coraz\u00f3n Alma Profunda"},"content":{"rendered":"","protected":false},"excerpt":{"rendered":"<p>Oro de 24 quilates de alta resistencia sobre una base de lat\u00f3n. Para llevar solo o como una acumulaci\u00f3n de collares. Este collar te recuerda que tu alma m\u00e1s profunda es amor, al igual que el universo. Tu poder creativo reside en tu capacidad para sustituir el miedo por el amor. Co-crear con el universo actuando, tomando decisiones desde el amor, siendo y difundiendo amor, es la misi\u00f3n de vida m\u00e1s hermosa que existe y se te agradecer\u00e1 que aceptes esta misi\u00f3n. El hecho de volver a nuestra alma m\u00e1s profunda se ve reforzado por esta piedra de litoterapia. En efecto, el cristal de roca es una piedra que favorece la meditaci\u00f3n, el descanso de la mente y la calma mental. Las vibraciones del cristal de roca aumentan la confianza en uno mismo y la intuici\u00f3n. Ayudar\u00e1 a canalizar las ideas y favorecer\u00e1 la escucha y la apertura de esp\u00edritu. Piedra armoniosa y antiestr\u00e9s, el cristal de roca captura las energ\u00edas negativas para dejar sitio a la serenidad. Por \u00faltimo, ayuda a deshacer los bloqueos energ\u00e9ticos y emocionales. Tambi\u00e9n amplificar\u00e1 las percepciones<\/p>\n","protected":false},"featured_media":5007,"comment_status":"open","ping_status":"closed","template":"","meta":{"_acf_changed":false},"product_brand":[],"product_cat":[123],"product_tag":[478],"class_list":{"0":"post-8140","1":"product","2":"type-product","3":"status-publish","4":"has-post-thumbnail","6":"product_cat-talisman-es","7":"product_tag-51e-a-100e","8":"pa_modele-collares","9":"pa_theme-joyas-energeticas","10":"pa_theme-joyas-bienestar","11":"pa_theme-joyas-amor","12":"pa_theme-piedras-litoterapia","14":"first","15":"outofstock","16":"sale","17":"shipping-taxable","18":"purchasable","19":"product-type-simple"},"acf":[],"gallery_images":[5017,5015,5009,5013,5011,5021,5019],"yoast_head":"<!-- This site is optimized with the Yoast SEO plugin v27.2 - https:\/\/yoast.com\/product\/yoast-seo-wordpress\/ -->\n<title>Collar cristal de roca coraz\u00f3n Alma Profunda - La Jungle Bijoux<\/title>\n<meta name=\"description\" content=\"Libera todo el amor que hay en ti con el collar coraz\u00f3n de alma profunda en oro y cristal de roca. Hecho a mano en Barcelona.\" \/>\n<meta name=\"robots\" content=\"index, follow, max-snippet:-1, max-image-preview:large, max-video-preview:-1\" \/>\n<link rel=\"canonical\" href=\"https:\/\/lajunglebijoux.com\/es\/producto\/collar-corazon-cristal\/\" \/>\n<meta property=\"og:locale\" content=\"es_ES\" \/>\n<meta property=\"og:type\" content=\"article\" \/>\n<meta property=\"og:title\" content=\"Collar cristal de roca coraz\u00f3n Alma Profunda - La Jungle Bijoux\" \/>\n<meta property=\"og:description\" content=\"Libera todo el amor que hay en ti con el collar coraz\u00f3n de alma profunda en oro y cristal de roca. Hecho a mano en Barcelona.\" \/>\n<meta property=\"og:url\" content=\"https:\/\/lajunglebijoux.com\/es\/producto\/collar-corazon-cristal\/\" \/>\n<meta property=\"og:site_name\" content=\"La Jungle Bijoux\" \/>\n<meta property=\"article:modified_time\" content=\"2024-08-24T11:05:28+00:00\" \/>\n<meta property=\"og:image\" content=\"https:\/\/lajunglebijoux.com\/wp-content\/uploads\/2023\/01\/IMG_20220427_100650.jpg\" \/>\n\t<meta property=\"og:image:width\" content=\"2421\" \/>\n\t<meta property=\"og:image:height\" content=\"2421\" \/>\n\t<meta property=\"og:image:type\" content=\"image\/jpeg\" \/>\n<meta name=\"twitter:card\" content=\"summary_large_image\" \/>\n<script type=\"application\/ld+json\" class=\"yoast-schema-graph\">{\"@context\":\"https:\/\/schema.org\",\"@graph\":[{\"@type\":\"WebPage\",\"@id\":\"https:\/\/lajunglebijoux.com\/es\/producto\/collar-corazon-cristal\/\",\"url\":\"https:\/\/lajunglebijoux.com\/es\/producto\/collar-corazon-cristal\/\",\"name\":\"Collar cristal de roca coraz\u00f3n Alma Profunda - La Jungle Bijoux\",\"isPartOf\":{\"@id\":\"https:\/\/lajunglebijoux.com\/es\/#website\"},\"primaryImageOfPage\":{\"@id\":\"https:\/\/lajunglebijoux.com\/es\/producto\/collar-corazon-cristal\/#primaryimage\"},\"image\":{\"@id\":\"https:\/\/lajunglebijoux.com\/es\/producto\/collar-corazon-cristal\/#primaryimage\"},\"thumbnailUrl\":\"https:\/\/lajunglebijoux.com\/wp-content\/uploads\/2023\/01\/IMG_20220427_100650.jpg\",\"datePublished\":\"2023-01-11T10:16:13+00:00\",\"dateModified\":\"2024-08-24T11:05:28+00:00\",\"description\":\"Libera todo el amor que hay en ti con el collar coraz\u00f3n de alma profunda en oro y cristal de roca. Hecho a mano en Barcelona.\",\"breadcrumb\":{\"@id\":\"https:\/\/lajunglebijoux.com\/es\/producto\/collar-corazon-cristal\/#breadcrumb\"},\"inLanguage\":\"es\",\"potentialAction\":[{\"@type\":\"ReadAction\",\"target\":[\"https:\/\/lajunglebijoux.com\/es\/producto\/collar-corazon-cristal\/\"]}]},{\"@type\":\"ImageObject\",\"inLanguage\":\"es\",\"@id\":\"https:\/\/lajunglebijoux.com\/es\/producto\/collar-corazon-cristal\/#primaryimage\",\"url\":\"https:\/\/lajunglebijoux.com\/wp-content\/uploads\/2023\/01\/IMG_20220427_100650.jpg\",\"contentUrl\":\"https:\/\/lajunglebijoux.com\/wp-content\/uploads\/2023\/01\/IMG_20220427_100650.jpg\",\"width\":2421,\"height\":2421,\"caption\":\"collier coeur cristal de roche\"},{\"@type\":\"BreadcrumbList\",\"@id\":\"https:\/\/lajunglebijoux.com\/es\/producto\/collar-corazon-cristal\/#breadcrumb\",\"itemListElement\":[{\"@type\":\"ListItem\",\"position\":1,\"name\":\"Portada\",\"item\":\"https:\/\/lajunglebijoux.com\/es\/\"},{\"@type\":\"ListItem\",\"position\":2,\"name\":\"Productos\",\"item\":\"https:\/\/lajunglebijoux.com\/es\/shop\/\"},{\"@type\":\"ListItem\",\"position\":3,\"name\":\"Collar cristal de roca coraz\u00f3n Alma Profunda\"}]},{\"@type\":\"WebSite\",\"@id\":\"https:\/\/lajunglebijoux.com\/es\/#website\",\"url\":\"https:\/\/lajunglebijoux.com\/es\/\",\"name\":\"La Jungle Bijoux\",\"description\":\"\",\"publisher\":{\"@id\":\"https:\/\/lajunglebijoux.com\/es\/#organization\"},\"potentialAction\":[{\"@type\":\"SearchAction\",\"target\":{\"@type\":\"EntryPoint\",\"urlTemplate\":\"https:\/\/lajunglebijoux.com\/es\/?s={search_term_string}\"},\"query-input\":{\"@type\":\"PropertyValueSpecification\",\"valueRequired\":true,\"valueName\":\"search_term_string\"}}],\"inLanguage\":\"es\"},{\"@type\":\"Organization\",\"@id\":\"https:\/\/lajunglebijoux.com\/es\/#organization\",\"name\":\"La Jungle Bijoux\",\"url\":\"https:\/\/lajunglebijoux.com\/es\/\",\"logo\":{\"@type\":\"ImageObject\",\"inLanguage\":\"es\",\"@id\":\"https:\/\/lajunglebijoux.com\/es\/#\/schema\/logo\/image\/\",\"url\":\"https:\/\/lajunglebijoux.com\/wp-content\/uploads\/2023\/01\/LOGO-FINAL-Fonce.jpg\",\"contentUrl\":\"https:\/\/lajunglebijoux.com\/wp-content\/uploads\/2023\/01\/LOGO-FINAL-Fonce.jpg\",\"width\":900,\"height\":900,\"caption\":\"La Jungle Bijoux\"},\"image\":{\"@id\":\"https:\/\/lajunglebijoux.com\/es\/#\/schema\/logo\/image\/\"}}]}<\/script>\n<!-- \/ Yoast SEO plugin. -->","yoast_head_json":{"title":"Collar cristal de roca coraz\u00f3n Alma Profunda - La Jungle Bijoux","description":"Libera todo el amor que hay en ti con el collar coraz\u00f3n de alma profunda en oro y cristal de roca. Hecho a mano en Barcelona.","robots":{"index":"index","follow":"follow","max-snippet":"max-snippet:-1","max-image-preview":"max-image-preview:large","max-video-preview":"max-video-preview:-1"},"canonical":"https:\/\/lajunglebijoux.com\/es\/producto\/collar-corazon-cristal\/","og_locale":"es_ES","og_type":"article","og_title":"Collar cristal de roca coraz\u00f3n Alma Profunda - La Jungle Bijoux","og_description":"Libera todo el amor que hay en ti con el collar coraz\u00f3n de alma profunda en oro y cristal de roca. Hecho a mano en Barcelona.","og_url":"https:\/\/lajunglebijoux.com\/es\/producto\/collar-corazon-cristal\/","og_site_name":"La Jungle Bijoux","article_modified_time":"2024-08-24T11:05:28+00:00","og_image":[{"width":2421,"height":2421,"url":"https:\/\/lajunglebijoux.com\/wp-content\/uploads\/2023\/01\/IMG_20220427_100650.jpg","type":"image\/jpeg"}],"twitter_card":"summary_large_image","schema":{"@context":"https:\/\/schema.org","@graph":[{"@type":"WebPage","@id":"https:\/\/lajunglebijoux.com\/es\/producto\/collar-corazon-cristal\/","url":"https:\/\/lajunglebijoux.com\/es\/producto\/collar-corazon-cristal\/","name":"Collar cristal de roca coraz\u00f3n Alma Profunda - La Jungle Bijoux","isPartOf":{"@id":"https:\/\/lajunglebijoux.com\/es\/#website"},"primaryImageOfPage":{"@id":"https:\/\/lajunglebijoux.com\/es\/producto\/collar-corazon-cristal\/#primaryimage"},"image":{"@id":"https:\/\/lajunglebijoux.com\/es\/producto\/collar-corazon-cristal\/#primaryimage"},"thumbnailUrl":"https:\/\/lajunglebijoux.com\/wp-content\/uploads\/2023\/01\/IMG_20220427_100650.jpg","datePublished":"2023-01-11T10:16:13+00:00","dateModified":"2024-08-24T11:05:28+00:00","description":"Libera todo el amor que hay en ti con el collar coraz\u00f3n de alma profunda en oro y cristal de roca. Hecho a mano en Barcelona.","breadcrumb":{"@id":"https:\/\/lajunglebijoux.com\/es\/producto\/collar-corazon-cristal\/#breadcrumb"},"inLanguage":"es","potentialAction":[{"@type":"ReadAction","target":["https:\/\/lajunglebijoux.com\/es\/producto\/collar-corazon-cristal\/"]}]},{"@type":"ImageObject","inLanguage":"es","@id":"https:\/\/lajunglebijoux.com\/es\/producto\/collar-corazon-cristal\/#primaryimage","url":"https:\/\/lajunglebijoux.com\/wp-content\/uploads\/2023\/01\/IMG_20220427_100650.jpg","contentUrl":"https:\/\/lajunglebijoux.com\/wp-content\/uploads\/2023\/01\/IMG_20220427_100650.jpg","width":2421,"height":2421,"caption":"collier coeur cristal de roche"},{"@type":"BreadcrumbList","@id":"https:\/\/lajunglebijoux.com\/es\/producto\/collar-corazon-cristal\/#breadcrumb","itemListElement":[{"@type":"ListItem","position":1,"name":"Portada","item":"https:\/\/lajunglebijoux.com\/es\/"},{"@type":"ListItem","position":2,"name":"Productos","item":"https:\/\/lajunglebijoux.com\/es\/shop\/"},{"@type":"ListItem","position":3,"name":"Collar cristal de roca coraz\u00f3n Alma Profunda"}]},{"@type":"WebSite","@id":"https:\/\/lajunglebijoux.com\/es\/#website","url":"https:\/\/lajunglebijoux.com\/es\/","name":"La Jungle Bijoux","description":"","publisher":{"@id":"https:\/\/lajunglebijoux.com\/es\/#organization"},"potentialAction":[{"@type":"SearchAction","target":{"@type":"EntryPoint","urlTemplate":"https:\/\/lajunglebijoux.com\/es\/?s={search_term_string}"},"query-input":{"@type":"PropertyValueSpecification","valueRequired":true,"valueName":"search_term_string"}}],"inLanguage":"es"},{"@type":"Organization","@id":"https:\/\/lajunglebijoux.com\/es\/#organization","name":"La Jungle Bijoux","url":"https:\/\/lajunglebijoux.com\/es\/","logo":{"@type":"ImageObject","inLanguage":"es","@id":"https:\/\/lajunglebijoux.com\/es\/#\/schema\/logo\/image\/","url":"https:\/\/lajunglebijoux.com\/wp-content\/uploads\/2023\/01\/LOGO-FINAL-Fonce.jpg","contentUrl":"https:\/\/lajunglebijoux.com\/wp-content\/uploads\/2023\/01\/LOGO-FINAL-Fonce.jpg","width":900,"height":900,"caption":"La Jungle Bijoux"},"image":{"@id":"https:\/\/lajunglebijoux.com\/es\/#\/schema\/logo\/image\/"}}]}},"_links":{"self":[{"href":"https:\/\/lajunglebijoux.com\/es\/wp-json\/wp\/v2\/product\/8140","targetHints":{"allow":["GET"]}}],"collection":[{"href":"https:\/\/lajunglebijoux.com\/es\/wp-json\/wp\/v2\/product"}],"about":[{"href":"https:\/\/lajunglebijoux.com\/es\/wp-json\/wp\/v2\/types\/product"}],"replies":[{"embeddable":true,"href":"https:\/\/lajunglebijoux.com\/es\/wp-json\/wp\/v2\/comments?post=8140"}],"version-history":[{"count":0,"href":"https:\/\/lajunglebijoux.com\/es\/wp-json\/wp\/v2\/product\/8140\/revisions"}],"wp:featuredmedia":[{"embeddable":true,"href":"https:\/\/lajunglebijoux.com\/es\/wp-json\/wp\/v2\/media\/5007"}],"wp:attachment":[{"href":"https:\/\/lajunglebijoux.com\/es\/wp-json\/wp\/v2\/media?parent=8140"}],"wp:term":[{"taxonomy":"product_brand","embeddable":true,"href":"https:\/\/lajunglebijoux.com\/es\/wp-json\/wp\/v2\/product_brand?post=8140"},{"taxonomy":"product_cat","embeddable":true,"href":"https:\/\/lajunglebijoux.com\/es\/wp-json\/wp\/v2\/product_cat?post=8140"},{"taxonomy":"product_tag","embeddable":true,"href":"https:\/\/lajunglebijoux.com\/es\/wp-json\/wp\/v2\/product_tag?post=8140"}],"curies":[{"name":"wp","href":"https:\/\/api.w.org\/{rel}","templated":true}]}}