{"id":8134,"date":"2023-02-14T17:11:40","date_gmt":"2023-02-14T15:11:40","guid":{"rendered":"https:\/\/lajunglebijoux.com\/product\/collier-obsidienne\/"},"modified":"2024-08-24T13:06:33","modified_gmt":"2024-08-24T11:06:33","slug":"collar-obsidiana","status":"publish","type":"product","link":"https:\/\/lajunglebijoux.com\/es\/producto\/collar-obsidiana\/","title":{"rendered":"SERENIDAD &#8211; collar de obsidiana y cristal de roca"},"content":{"rendered":"<h2>Le collier obsidienne S\u00e9r\u00e9nit\u00e9, un bijou solidaire<\/h2>\n<p>Puisque les bijoux La Jungle sont inspir\u00e9s de la nature et de la femme, puisqu&#8217;ils invitent \u00e0 se lib\u00e9rer des complexes, \u00e0 prendre sa place, il me tient \u00e0 coeur d&#8217;agir ensemble aussi pour ceux qui en ont le plus besoin. L&#8217;urgence climatique touche les populations les plus pauvres et les femmes sont en premi\u00e8re ligne. En achetant ce bijou vous soutenez la cr\u00e9ation artisanale ainsi qu&#8217;un m\u00e9tier de passion mais vous soutenez aussi la lutte contre le r\u00e9chauffement climatique, pour le droit des femmes ainsi que les urgences humanitaires telle que la guerre en Ukraine. 5% du prix de vente de ce bijou sera revers\u00e9 \u00e0 l&#8217;association CARE FRANCE qui m\u00e8ne depuis 75 ans ces combats contre les in\u00e9galit\u00e9s. \u00ab\u00a0Si la destruction de la Terre est caus\u00e9e par les humains, la solution est entre nos mains !\u00a0\u00bb<\/p>\n<p>-Raquel, agricultrice soutenue par CARE au Guatemala<\/p>\n","protected":false},"excerpt":{"rendered":"<p>Collar de obsidiana y cristal de roca, cadena original. Oro de 24 quilates de alta resistencia sobre base de lat\u00f3n. Longitud de la cadena 40cm + 5cm de prolongaci\u00f3n. OBSIDIANA : Piedra poderosa de protecci\u00f3n contra las energ\u00edas negativas. Llevar un collar de obsidiana puede proporcionar al portador un escudo protector. Si se coloca una obsidiana cerca de la cama, se dice que elimina todas las tensiones mentales. Una sensaci\u00f3n de bienestar le rodea para una vida serena. CRISTAL DE ROCA : El cristal de roca es una piedra que favorece la meditaci\u00f3n, el descanso y la calma de la mente. Las vibraciones del cristal de roca aumentan la confianza en uno mismo y la intuici\u00f3n. Ayuda a canalizar las ideas y favorece la apertura de esp\u00edritu. Piedra armoniosa y antiestr\u00e9s, el cristal de roca tambi\u00e9n captura las energ\u00edas negativas para dejar sitio a la serenidad. Por \u00faltimo, ayuda a deshacer los bloqueos energ\u00e9ticos y emocionales. Como con muchas de las joyas de La Jungle, quer\u00eda explicar mi proceso creativo y la intenci\u00f3n que hay detr\u00e1s de esta joya pero, por supuesto, coge s\u00f3lo lo que te suena y si es s\u00f3lo el dise\u00f1o de la joya, tambi\u00e9n est\u00e1 perfecto as\u00ed.<\/p>\n","protected":false},"featured_media":5846,"comment_status":"open","ping_status":"closed","template":"","meta":{"_acf_changed":false},"product_brand":[],"product_cat":[123],"product_tag":[478],"class_list":{"0":"post-8134","1":"product","2":"type-product","3":"status-publish","4":"has-post-thumbnail","6":"product_cat-talisman-es","7":"product_tag-51e-a-100e","8":"pa_modele-collares","9":"pa_theme-joyas-energeticas","10":"pa_theme-joyas-bienestar","11":"pa_theme-piedras-litoterapia","12":"pa_theme-joyas-rock","14":"first","15":"instock","16":"shipping-taxable","17":"purchasable","18":"product-type-simple"},"acf":[],"gallery_images":[5856,5852,5850,5844,5848,5854,5858,5834],"yoast_head":"<!-- This site is optimized with the Yoast SEO plugin v27.6 - https:\/\/yoast.com\/product\/yoast-seo-wordpress\/ -->\n<title>SERENIDAD - collar de obsidiana y cristal de roca - La Jungle Bijoux<\/title>\n<meta name=\"description\" content=\"Negra e intensa, como la protecci\u00f3n que te proporciona. Adopta la obsidiana como piedra de litoterapia con nuestro collar Serenidad\" \/>\n<meta name=\"robots\" content=\"index, follow, max-snippet:-1, max-image-preview:large, max-video-preview:-1\" \/>\n<link rel=\"canonical\" href=\"https:\/\/lajunglebijoux.com\/es\/producto\/collar-obsidiana\/\" \/>\n<meta property=\"og:locale\" content=\"es_ES\" \/>\n<meta property=\"og:type\" content=\"article\" \/>\n<meta property=\"og:title\" content=\"SERENIDAD - collar de obsidiana y cristal de roca - La Jungle Bijoux\" \/>\n<meta property=\"og:description\" content=\"Negra e intensa, como la protecci\u00f3n que te proporciona. Adopta la obsidiana como piedra de litoterapia con nuestro collar Serenidad\" \/>\n<meta property=\"og:url\" content=\"https:\/\/lajunglebijoux.com\/es\/producto\/collar-obsidiana\/\" \/>\n<meta property=\"og:site_name\" content=\"La Jungle Bijoux\" \/>\n<meta property=\"article:modified_time\" content=\"2024-08-24T11:06:33+00:00\" \/>\n<meta property=\"og:image\" content=\"https:\/\/lajunglebijoux.com\/wp-content\/uploads\/2023\/02\/IMG_20220427_114823.jpg\" \/>\n\t<meta property=\"og:image:width\" content=\"2495\" \/>\n\t<meta property=\"og:image:height\" content=\"2495\" \/>\n\t<meta property=\"og:image:type\" content=\"image\/jpeg\" \/>\n<meta name=\"twitter:card\" content=\"summary_large_image\" \/>\n<meta name=\"twitter:label1\" content=\"Tiempo de lectura\" \/>\n\t<meta name=\"twitter:data1\" content=\"1 minuto\" \/>\n<script type=\"application\/ld+json\" class=\"yoast-schema-graph\">{\"@context\":\"https:\\\/\\\/schema.org\",\"@graph\":[{\"@type\":\"WebPage\",\"@id\":\"https:\\\/\\\/lajunglebijoux.com\\\/es\\\/producto\\\/collar-obsidiana\\\/\",\"url\":\"https:\\\/\\\/lajunglebijoux.com\\\/es\\\/producto\\\/collar-obsidiana\\\/\",\"name\":\"SERENIDAD - collar de obsidiana y cristal de roca - La Jungle Bijoux\",\"isPartOf\":{\"@id\":\"https:\\\/\\\/lajunglebijoux.com\\\/es\\\/#website\"},\"primaryImageOfPage\":{\"@id\":\"https:\\\/\\\/lajunglebijoux.com\\\/es\\\/producto\\\/collar-obsidiana\\\/#primaryimage\"},\"image\":{\"@id\":\"https:\\\/\\\/lajunglebijoux.com\\\/es\\\/producto\\\/collar-obsidiana\\\/#primaryimage\"},\"thumbnailUrl\":\"https:\\\/\\\/lajunglebijoux.com\\\/wp-content\\\/uploads\\\/2023\\\/02\\\/IMG_20220427_114823.jpg\",\"datePublished\":\"2023-02-14T15:11:40+00:00\",\"dateModified\":\"2024-08-24T11:06:33+00:00\",\"description\":\"Negra e intensa, como la protecci\u00f3n que te proporciona. Adopta la obsidiana como piedra de litoterapia con nuestro collar Serenidad\",\"breadcrumb\":{\"@id\":\"https:\\\/\\\/lajunglebijoux.com\\\/es\\\/producto\\\/collar-obsidiana\\\/#breadcrumb\"},\"inLanguage\":\"es\",\"potentialAction\":[{\"@type\":\"ReadAction\",\"target\":[\"https:\\\/\\\/lajunglebijoux.com\\\/es\\\/producto\\\/collar-obsidiana\\\/\"]}]},{\"@type\":\"ImageObject\",\"inLanguage\":\"es\",\"@id\":\"https:\\\/\\\/lajunglebijoux.com\\\/es\\\/producto\\\/collar-obsidiana\\\/#primaryimage\",\"url\":\"https:\\\/\\\/lajunglebijoux.com\\\/wp-content\\\/uploads\\\/2023\\\/02\\\/IMG_20220427_114823.jpg\",\"contentUrl\":\"https:\\\/\\\/lajunglebijoux.com\\\/wp-content\\\/uploads\\\/2023\\\/02\\\/IMG_20220427_114823.jpg\",\"width\":2495,\"height\":2495,\"caption\":\"collier obsidienne\"},{\"@type\":\"BreadcrumbList\",\"@id\":\"https:\\\/\\\/lajunglebijoux.com\\\/es\\\/producto\\\/collar-obsidiana\\\/#breadcrumb\",\"itemListElement\":[{\"@type\":\"ListItem\",\"position\":1,\"name\":\"Portada\",\"item\":\"https:\\\/\\\/lajunglebijoux.com\\\/es\\\/\"},{\"@type\":\"ListItem\",\"position\":2,\"name\":\"Productos\",\"item\":\"https:\\\/\\\/lajunglebijoux.com\\\/es\\\/shop\\\/\"},{\"@type\":\"ListItem\",\"position\":3,\"name\":\"SERENIDAD &#8211; collar de obsidiana y cristal de roca\"}]},{\"@type\":\"WebSite\",\"@id\":\"https:\\\/\\\/lajunglebijoux.com\\\/es\\\/#website\",\"url\":\"https:\\\/\\\/lajunglebijoux.com\\\/es\\\/\",\"name\":\"La Jungle Bijoux\",\"description\":\"\",\"publisher\":{\"@id\":\"https:\\\/\\\/lajunglebijoux.com\\\/es\\\/#organization\"},\"potentialAction\":[{\"@type\":\"SearchAction\",\"target\":{\"@type\":\"EntryPoint\",\"urlTemplate\":\"https:\\\/\\\/lajunglebijoux.com\\\/es\\\/?s={search_term_string}\"},\"query-input\":{\"@type\":\"PropertyValueSpecification\",\"valueRequired\":true,\"valueName\":\"search_term_string\"}}],\"inLanguage\":\"es\"},{\"@type\":\"Organization\",\"@id\":\"https:\\\/\\\/lajunglebijoux.com\\\/es\\\/#organization\",\"name\":\"La Jungle Bijoux\",\"url\":\"https:\\\/\\\/lajunglebijoux.com\\\/es\\\/\",\"logo\":{\"@type\":\"ImageObject\",\"inLanguage\":\"es\",\"@id\":\"https:\\\/\\\/lajunglebijoux.com\\\/es\\\/#\\\/schema\\\/logo\\\/image\\\/\",\"url\":\"https:\\\/\\\/lajunglebijoux.com\\\/wp-content\\\/uploads\\\/2023\\\/01\\\/LOGO-FINAL-Fonce.jpg\",\"contentUrl\":\"https:\\\/\\\/lajunglebijoux.com\\\/wp-content\\\/uploads\\\/2023\\\/01\\\/LOGO-FINAL-Fonce.jpg\",\"width\":900,\"height\":900,\"caption\":\"La Jungle Bijoux\"},\"image\":{\"@id\":\"https:\\\/\\\/lajunglebijoux.com\\\/es\\\/#\\\/schema\\\/logo\\\/image\\\/\"}}]}<\/script>\n<!-- \/ Yoast SEO plugin. -->","yoast_head_json":{"title":"SERENIDAD - collar de obsidiana y cristal de roca - La Jungle Bijoux","description":"Negra e intensa, como la protecci\u00f3n que te proporciona. Adopta la obsidiana como piedra de litoterapia con nuestro collar Serenidad","robots":{"index":"index","follow":"follow","max-snippet":"max-snippet:-1","max-image-preview":"max-image-preview:large","max-video-preview":"max-video-preview:-1"},"canonical":"https:\/\/lajunglebijoux.com\/es\/producto\/collar-obsidiana\/","og_locale":"es_ES","og_type":"article","og_title":"SERENIDAD - collar de obsidiana y cristal de roca - La Jungle Bijoux","og_description":"Negra e intensa, como la protecci\u00f3n que te proporciona. Adopta la obsidiana como piedra de litoterapia con nuestro collar Serenidad","og_url":"https:\/\/lajunglebijoux.com\/es\/producto\/collar-obsidiana\/","og_site_name":"La Jungle Bijoux","article_modified_time":"2024-08-24T11:06:33+00:00","og_image":[{"width":2495,"height":2495,"url":"https:\/\/lajunglebijoux.com\/wp-content\/uploads\/2023\/02\/IMG_20220427_114823.jpg","type":"image\/jpeg"}],"twitter_card":"summary_large_image","twitter_misc":{"Tiempo de lectura":"1 minuto"},"schema":{"@context":"https:\/\/schema.org","@graph":[{"@type":"WebPage","@id":"https:\/\/lajunglebijoux.com\/es\/producto\/collar-obsidiana\/","url":"https:\/\/lajunglebijoux.com\/es\/producto\/collar-obsidiana\/","name":"SERENIDAD - collar de obsidiana y cristal de roca - La Jungle Bijoux","isPartOf":{"@id":"https:\/\/lajunglebijoux.com\/es\/#website"},"primaryImageOfPage":{"@id":"https:\/\/lajunglebijoux.com\/es\/producto\/collar-obsidiana\/#primaryimage"},"image":{"@id":"https:\/\/lajunglebijoux.com\/es\/producto\/collar-obsidiana\/#primaryimage"},"thumbnailUrl":"https:\/\/lajunglebijoux.com\/wp-content\/uploads\/2023\/02\/IMG_20220427_114823.jpg","datePublished":"2023-02-14T15:11:40+00:00","dateModified":"2024-08-24T11:06:33+00:00","description":"Negra e intensa, como la protecci\u00f3n que te proporciona. Adopta la obsidiana como piedra de litoterapia con nuestro collar Serenidad","breadcrumb":{"@id":"https:\/\/lajunglebijoux.com\/es\/producto\/collar-obsidiana\/#breadcrumb"},"inLanguage":"es","potentialAction":[{"@type":"ReadAction","target":["https:\/\/lajunglebijoux.com\/es\/producto\/collar-obsidiana\/"]}]},{"@type":"ImageObject","inLanguage":"es","@id":"https:\/\/lajunglebijoux.com\/es\/producto\/collar-obsidiana\/#primaryimage","url":"https:\/\/lajunglebijoux.com\/wp-content\/uploads\/2023\/02\/IMG_20220427_114823.jpg","contentUrl":"https:\/\/lajunglebijoux.com\/wp-content\/uploads\/2023\/02\/IMG_20220427_114823.jpg","width":2495,"height":2495,"caption":"collier obsidienne"},{"@type":"BreadcrumbList","@id":"https:\/\/lajunglebijoux.com\/es\/producto\/collar-obsidiana\/#breadcrumb","itemListElement":[{"@type":"ListItem","position":1,"name":"Portada","item":"https:\/\/lajunglebijoux.com\/es\/"},{"@type":"ListItem","position":2,"name":"Productos","item":"https:\/\/lajunglebijoux.com\/es\/shop\/"},{"@type":"ListItem","position":3,"name":"SERENIDAD &#8211; collar de obsidiana y cristal de roca"}]},{"@type":"WebSite","@id":"https:\/\/lajunglebijoux.com\/es\/#website","url":"https:\/\/lajunglebijoux.com\/es\/","name":"La Jungle Bijoux","description":"","publisher":{"@id":"https:\/\/lajunglebijoux.com\/es\/#organization"},"potentialAction":[{"@type":"SearchAction","target":{"@type":"EntryPoint","urlTemplate":"https:\/\/lajunglebijoux.com\/es\/?s={search_term_string}"},"query-input":{"@type":"PropertyValueSpecification","valueRequired":true,"valueName":"search_term_string"}}],"inLanguage":"es"},{"@type":"Organization","@id":"https:\/\/lajunglebijoux.com\/es\/#organization","name":"La Jungle Bijoux","url":"https:\/\/lajunglebijoux.com\/es\/","logo":{"@type":"ImageObject","inLanguage":"es","@id":"https:\/\/lajunglebijoux.com\/es\/#\/schema\/logo\/image\/","url":"https:\/\/lajunglebijoux.com\/wp-content\/uploads\/2023\/01\/LOGO-FINAL-Fonce.jpg","contentUrl":"https:\/\/lajunglebijoux.com\/wp-content\/uploads\/2023\/01\/LOGO-FINAL-Fonce.jpg","width":900,"height":900,"caption":"La Jungle Bijoux"},"image":{"@id":"https:\/\/lajunglebijoux.com\/es\/#\/schema\/logo\/image\/"}}]}},"_links":{"self":[{"href":"https:\/\/lajunglebijoux.com\/es\/wp-json\/wp\/v2\/product\/8134","targetHints":{"allow":["GET"]}}],"collection":[{"href":"https:\/\/lajunglebijoux.com\/es\/wp-json\/wp\/v2\/product"}],"about":[{"href":"https:\/\/lajunglebijoux.com\/es\/wp-json\/wp\/v2\/types\/product"}],"replies":[{"embeddable":true,"href":"https:\/\/lajunglebijoux.com\/es\/wp-json\/wp\/v2\/comments?post=8134"}],"version-history":[{"count":0,"href":"https:\/\/lajunglebijoux.com\/es\/wp-json\/wp\/v2\/product\/8134\/revisions"}],"wp:featuredmedia":[{"embeddable":true,"href":"https:\/\/lajunglebijoux.com\/es\/wp-json\/wp\/v2\/media\/5846"}],"wp:attachment":[{"href":"https:\/\/lajunglebijoux.com\/es\/wp-json\/wp\/v2\/media?parent=8134"}],"wp:term":[{"taxonomy":"product_brand","embeddable":true,"href":"https:\/\/lajunglebijoux.com\/es\/wp-json\/wp\/v2\/product_brand?post=8134"},{"taxonomy":"product_cat","embeddable":true,"href":"https:\/\/lajunglebijoux.com\/es\/wp-json\/wp\/v2\/product_cat?post=8134"},{"taxonomy":"product_tag","embeddable":true,"href":"https:\/\/lajunglebijoux.com\/es\/wp-json\/wp\/v2\/product_tag?post=8134"}],"curies":[{"name":"wp","href":"https:\/\/api.w.org\/{rel}","templated":true}]}}