{"id":8132,"date":"2023-01-11T11:46:18","date_gmt":"2023-01-11T09:46:18","guid":{"rendered":"https:\/\/lajunglebijoux.com\/product\/collier-nature-profonde\/"},"modified":"2024-08-24T13:06:33","modified_gmt":"2024-08-24T11:06:33","slug":"collar-cadena-corazon-oro","status":"publish","type":"product","link":"https:\/\/lajunglebijoux.com\/es\/producto\/collar-cadena-corazon-oro\/","title":{"rendered":"Alma profunda &#8211; collar original oro"},"content":{"rendered":"<p><strong>BIJOUX SOLIDAIRES :<\/strong><\/p>\n<p>Puisque les bijoux La Jungle sont inspir\u00e9s de la nature et de la femme, puisqu&#8217;ils invitent \u00e0 se lib\u00e9rer des complexes, \u00e0 prendre sa place, il me tient \u00e0 c\u0153ur d&#8217;agir ensemble aussi pour ceux qui en ont le plus besoin. L&#8217;urgence climatique touche les populations les plus pauvres et les femmes sont en premi\u00e8res ligne. En achetant ce bijou vous soutenez la cr\u00e9ation artisanale ainsi qu&#8217;un m\u00e9tier de passion mais vous soutenez aussi la lutte contre le r\u00e9chauffement climatique, le droit des femmes ainsi que les urgences humanitaires telle que la guerre en Ukraine. 5% du prix de vente de ce bijou sera revers\u00e9 \u00e0 l&#8217;association CARE FRANCE qui m\u00e8ne depuis 75 ans ces combats contre les in\u00e9galit\u00e9s. \u00ab Si la destruction de la Terre est caus\u00e9e par les humains, la solution est entre nos mains ! \u00bb<\/p>\n<p>-Raquel, agricultrice soutenue par CARE au Guatemala<\/p>\n<p>Comme pour beaucoup de bijoux La Jungle, je souhaitais vous expliquer ma d\u00e9marche cr\u00e9ative et l&#8217;intention derri\u00e8re ce bijou mais bien s\u00fbr ne prenez que ce qui vous parle et si c&#8217;est uniquement le design du bijou, c&#8217;est \u00e9galement parfait comme cela.<\/p>\n","protected":false},"excerpt":{"rendered":"<p>Este collar te recuerda que tu alma es amor, al igual que el universo. Tu poder creativo reside en tu capacidad de sustituir el miedo por el amor. Co-crear con el universo pasando a la acci\u00f3n, tomando decisiones desde el amor, siendo y difundiendo amor, es la misi\u00f3n de vida m\u00e1s hermosa que existe y se te agradecer\u00e1 que aceptes esta misi\u00f3n. Oro fino de 24 quilates de alta resistencia sobre base de lat\u00f3n. Doble cierre, uno en la parte trasera con alargador para ajustar la longitud, otro en la parte delantera. Para llevar solo o como acumulaci\u00f3n de collares. Tambi\u00e9n disponible en versi\u00f3n sencilla.<\/p>\n","protected":false},"featured_media":4975,"comment_status":"open","ping_status":"closed","template":"","meta":{"_acf_changed":false},"product_brand":[],"product_cat":[123],"product_tag":[478],"class_list":{"0":"post-8132","1":"product","2":"type-product","3":"status-publish","4":"has-post-thumbnail","6":"product_cat-talisman-es","7":"product_tag-51e-a-100e","8":"pa_modele-collares","9":"pa_theme-joyas-energeticas","10":"pa_theme-joyas-bienestar","11":"pa_theme-joyas-amor","13":"first","14":"instock","15":"shipping-taxable","16":"purchasable","17":"product-type-simple"},"acf":[],"gallery_images":[4987,4969,4985,4971,4973,4983,4977,4979,4981],"yoast_head":"<!-- This site is optimized with the Yoast SEO plugin v27.2 - https:\/\/yoast.com\/product\/yoast-seo-wordpress\/ -->\n<title>Alma profunda - collar original oro - La Jungle Bijoux<\/title>\n<meta name=\"description\" content=\"Descubre tu yo interior con el collar medalla de oro doble coraz\u00f3n. Hecho a mano en Barcelona, se convertir\u00e1 en tu joya de la suerte.\" \/>\n<meta name=\"robots\" content=\"index, follow, max-snippet:-1, max-image-preview:large, max-video-preview:-1\" \/>\n<link rel=\"canonical\" href=\"https:\/\/lajunglebijoux.com\/es\/producto\/collar-cadena-corazon-oro\/\" \/>\n<meta property=\"og:locale\" content=\"es_ES\" \/>\n<meta property=\"og:type\" content=\"article\" \/>\n<meta property=\"og:title\" content=\"Alma profunda - collar original oro - La Jungle Bijoux\" \/>\n<meta property=\"og:description\" content=\"Descubre tu yo interior con el collar medalla de oro doble coraz\u00f3n. Hecho a mano en Barcelona, se convertir\u00e1 en tu joya de la suerte.\" \/>\n<meta property=\"og:url\" content=\"https:\/\/lajunglebijoux.com\/es\/producto\/collar-cadena-corazon-oro\/\" \/>\n<meta property=\"og:site_name\" content=\"La Jungle Bijoux\" \/>\n<meta property=\"article:modified_time\" content=\"2024-08-24T11:06:33+00:00\" \/>\n<meta property=\"og:image\" content=\"https:\/\/lajunglebijoux.com\/wp-content\/uploads\/2023\/01\/IMG_20220510_103634-scaled.jpg\" \/>\n\t<meta property=\"og:image:width\" content=\"2560\" \/>\n\t<meta property=\"og:image:height\" content=\"2560\" \/>\n\t<meta property=\"og:image:type\" content=\"image\/jpeg\" \/>\n<meta name=\"twitter:card\" content=\"summary_large_image\" \/>\n<meta name=\"twitter:label1\" content=\"Tiempo de lectura\" \/>\n\t<meta name=\"twitter:data1\" content=\"1 minuto\" \/>\n<script type=\"application\/ld+json\" class=\"yoast-schema-graph\">{\"@context\":\"https:\/\/schema.org\",\"@graph\":[{\"@type\":\"WebPage\",\"@id\":\"https:\/\/lajunglebijoux.com\/es\/producto\/collar-cadena-corazon-oro\/\",\"url\":\"https:\/\/lajunglebijoux.com\/es\/producto\/collar-cadena-corazon-oro\/\",\"name\":\"Alma profunda - collar original oro - La Jungle Bijoux\",\"isPartOf\":{\"@id\":\"https:\/\/lajunglebijoux.com\/es\/#website\"},\"primaryImageOfPage\":{\"@id\":\"https:\/\/lajunglebijoux.com\/es\/producto\/collar-cadena-corazon-oro\/#primaryimage\"},\"image\":{\"@id\":\"https:\/\/lajunglebijoux.com\/es\/producto\/collar-cadena-corazon-oro\/#primaryimage\"},\"thumbnailUrl\":\"https:\/\/lajunglebijoux.com\/wp-content\/uploads\/2023\/01\/IMG_20220510_103634-scaled.jpg\",\"datePublished\":\"2023-01-11T09:46:18+00:00\",\"dateModified\":\"2024-08-24T11:06:33+00:00\",\"description\":\"Descubre tu yo interior con el collar medalla de oro doble coraz\u00f3n. Hecho a mano en Barcelona, se convertir\u00e1 en tu joya de la suerte.\",\"breadcrumb\":{\"@id\":\"https:\/\/lajunglebijoux.com\/es\/producto\/collar-cadena-corazon-oro\/#breadcrumb\"},\"inLanguage\":\"es\",\"potentialAction\":[{\"@type\":\"ReadAction\",\"target\":[\"https:\/\/lajunglebijoux.com\/es\/producto\/collar-cadena-corazon-oro\/\"]}]},{\"@type\":\"ImageObject\",\"inLanguage\":\"es\",\"@id\":\"https:\/\/lajunglebijoux.com\/es\/producto\/collar-cadena-corazon-oro\/#primaryimage\",\"url\":\"https:\/\/lajunglebijoux.com\/wp-content\/uploads\/2023\/01\/IMG_20220510_103634-scaled.jpg\",\"contentUrl\":\"https:\/\/lajunglebijoux.com\/wp-content\/uploads\/2023\/01\/IMG_20220510_103634-scaled.jpg\",\"width\":2560,\"height\":2560,\"caption\":\"collier medaille or\"},{\"@type\":\"BreadcrumbList\",\"@id\":\"https:\/\/lajunglebijoux.com\/es\/producto\/collar-cadena-corazon-oro\/#breadcrumb\",\"itemListElement\":[{\"@type\":\"ListItem\",\"position\":1,\"name\":\"Portada\",\"item\":\"https:\/\/lajunglebijoux.com\/es\/\"},{\"@type\":\"ListItem\",\"position\":2,\"name\":\"Productos\",\"item\":\"https:\/\/lajunglebijoux.com\/es\/shop\/\"},{\"@type\":\"ListItem\",\"position\":3,\"name\":\"Alma profunda &#8211; collar original oro\"}]},{\"@type\":\"WebSite\",\"@id\":\"https:\/\/lajunglebijoux.com\/es\/#website\",\"url\":\"https:\/\/lajunglebijoux.com\/es\/\",\"name\":\"La Jungle Bijoux\",\"description\":\"\",\"publisher\":{\"@id\":\"https:\/\/lajunglebijoux.com\/es\/#organization\"},\"potentialAction\":[{\"@type\":\"SearchAction\",\"target\":{\"@type\":\"EntryPoint\",\"urlTemplate\":\"https:\/\/lajunglebijoux.com\/es\/?s={search_term_string}\"},\"query-input\":{\"@type\":\"PropertyValueSpecification\",\"valueRequired\":true,\"valueName\":\"search_term_string\"}}],\"inLanguage\":\"es\"},{\"@type\":\"Organization\",\"@id\":\"https:\/\/lajunglebijoux.com\/es\/#organization\",\"name\":\"La Jungle Bijoux\",\"url\":\"https:\/\/lajunglebijoux.com\/es\/\",\"logo\":{\"@type\":\"ImageObject\",\"inLanguage\":\"es\",\"@id\":\"https:\/\/lajunglebijoux.com\/es\/#\/schema\/logo\/image\/\",\"url\":\"https:\/\/lajunglebijoux.com\/wp-content\/uploads\/2023\/01\/LOGO-FINAL-Fonce.jpg\",\"contentUrl\":\"https:\/\/lajunglebijoux.com\/wp-content\/uploads\/2023\/01\/LOGO-FINAL-Fonce.jpg\",\"width\":900,\"height\":900,\"caption\":\"La Jungle Bijoux\"},\"image\":{\"@id\":\"https:\/\/lajunglebijoux.com\/es\/#\/schema\/logo\/image\/\"}}]}<\/script>\n<!-- \/ Yoast SEO plugin. -->","yoast_head_json":{"title":"Alma profunda - collar original oro - La Jungle Bijoux","description":"Descubre tu yo interior con el collar medalla de oro doble coraz\u00f3n. Hecho a mano en Barcelona, se convertir\u00e1 en tu joya de la suerte.","robots":{"index":"index","follow":"follow","max-snippet":"max-snippet:-1","max-image-preview":"max-image-preview:large","max-video-preview":"max-video-preview:-1"},"canonical":"https:\/\/lajunglebijoux.com\/es\/producto\/collar-cadena-corazon-oro\/","og_locale":"es_ES","og_type":"article","og_title":"Alma profunda - collar original oro - La Jungle Bijoux","og_description":"Descubre tu yo interior con el collar medalla de oro doble coraz\u00f3n. Hecho a mano en Barcelona, se convertir\u00e1 en tu joya de la suerte.","og_url":"https:\/\/lajunglebijoux.com\/es\/producto\/collar-cadena-corazon-oro\/","og_site_name":"La Jungle Bijoux","article_modified_time":"2024-08-24T11:06:33+00:00","og_image":[{"width":2560,"height":2560,"url":"https:\/\/lajunglebijoux.com\/wp-content\/uploads\/2023\/01\/IMG_20220510_103634-scaled.jpg","type":"image\/jpeg"}],"twitter_card":"summary_large_image","twitter_misc":{"Tiempo de lectura":"1 minuto"},"schema":{"@context":"https:\/\/schema.org","@graph":[{"@type":"WebPage","@id":"https:\/\/lajunglebijoux.com\/es\/producto\/collar-cadena-corazon-oro\/","url":"https:\/\/lajunglebijoux.com\/es\/producto\/collar-cadena-corazon-oro\/","name":"Alma profunda - collar original oro - La Jungle Bijoux","isPartOf":{"@id":"https:\/\/lajunglebijoux.com\/es\/#website"},"primaryImageOfPage":{"@id":"https:\/\/lajunglebijoux.com\/es\/producto\/collar-cadena-corazon-oro\/#primaryimage"},"image":{"@id":"https:\/\/lajunglebijoux.com\/es\/producto\/collar-cadena-corazon-oro\/#primaryimage"},"thumbnailUrl":"https:\/\/lajunglebijoux.com\/wp-content\/uploads\/2023\/01\/IMG_20220510_103634-scaled.jpg","datePublished":"2023-01-11T09:46:18+00:00","dateModified":"2024-08-24T11:06:33+00:00","description":"Descubre tu yo interior con el collar medalla de oro doble coraz\u00f3n. Hecho a mano en Barcelona, se convertir\u00e1 en tu joya de la suerte.","breadcrumb":{"@id":"https:\/\/lajunglebijoux.com\/es\/producto\/collar-cadena-corazon-oro\/#breadcrumb"},"inLanguage":"es","potentialAction":[{"@type":"ReadAction","target":["https:\/\/lajunglebijoux.com\/es\/producto\/collar-cadena-corazon-oro\/"]}]},{"@type":"ImageObject","inLanguage":"es","@id":"https:\/\/lajunglebijoux.com\/es\/producto\/collar-cadena-corazon-oro\/#primaryimage","url":"https:\/\/lajunglebijoux.com\/wp-content\/uploads\/2023\/01\/IMG_20220510_103634-scaled.jpg","contentUrl":"https:\/\/lajunglebijoux.com\/wp-content\/uploads\/2023\/01\/IMG_20220510_103634-scaled.jpg","width":2560,"height":2560,"caption":"collier medaille or"},{"@type":"BreadcrumbList","@id":"https:\/\/lajunglebijoux.com\/es\/producto\/collar-cadena-corazon-oro\/#breadcrumb","itemListElement":[{"@type":"ListItem","position":1,"name":"Portada","item":"https:\/\/lajunglebijoux.com\/es\/"},{"@type":"ListItem","position":2,"name":"Productos","item":"https:\/\/lajunglebijoux.com\/es\/shop\/"},{"@type":"ListItem","position":3,"name":"Alma profunda &#8211; collar original oro"}]},{"@type":"WebSite","@id":"https:\/\/lajunglebijoux.com\/es\/#website","url":"https:\/\/lajunglebijoux.com\/es\/","name":"La Jungle Bijoux","description":"","publisher":{"@id":"https:\/\/lajunglebijoux.com\/es\/#organization"},"potentialAction":[{"@type":"SearchAction","target":{"@type":"EntryPoint","urlTemplate":"https:\/\/lajunglebijoux.com\/es\/?s={search_term_string}"},"query-input":{"@type":"PropertyValueSpecification","valueRequired":true,"valueName":"search_term_string"}}],"inLanguage":"es"},{"@type":"Organization","@id":"https:\/\/lajunglebijoux.com\/es\/#organization","name":"La Jungle Bijoux","url":"https:\/\/lajunglebijoux.com\/es\/","logo":{"@type":"ImageObject","inLanguage":"es","@id":"https:\/\/lajunglebijoux.com\/es\/#\/schema\/logo\/image\/","url":"https:\/\/lajunglebijoux.com\/wp-content\/uploads\/2023\/01\/LOGO-FINAL-Fonce.jpg","contentUrl":"https:\/\/lajunglebijoux.com\/wp-content\/uploads\/2023\/01\/LOGO-FINAL-Fonce.jpg","width":900,"height":900,"caption":"La Jungle Bijoux"},"image":{"@id":"https:\/\/lajunglebijoux.com\/es\/#\/schema\/logo\/image\/"}}]}},"_links":{"self":[{"href":"https:\/\/lajunglebijoux.com\/es\/wp-json\/wp\/v2\/product\/8132","targetHints":{"allow":["GET"]}}],"collection":[{"href":"https:\/\/lajunglebijoux.com\/es\/wp-json\/wp\/v2\/product"}],"about":[{"href":"https:\/\/lajunglebijoux.com\/es\/wp-json\/wp\/v2\/types\/product"}],"replies":[{"embeddable":true,"href":"https:\/\/lajunglebijoux.com\/es\/wp-json\/wp\/v2\/comments?post=8132"}],"version-history":[{"count":0,"href":"https:\/\/lajunglebijoux.com\/es\/wp-json\/wp\/v2\/product\/8132\/revisions"}],"wp:featuredmedia":[{"embeddable":true,"href":"https:\/\/lajunglebijoux.com\/es\/wp-json\/wp\/v2\/media\/4975"}],"wp:attachment":[{"href":"https:\/\/lajunglebijoux.com\/es\/wp-json\/wp\/v2\/media?parent=8132"}],"wp:term":[{"taxonomy":"product_brand","embeddable":true,"href":"https:\/\/lajunglebijoux.com\/es\/wp-json\/wp\/v2\/product_brand?post=8132"},{"taxonomy":"product_cat","embeddable":true,"href":"https:\/\/lajunglebijoux.com\/es\/wp-json\/wp\/v2\/product_cat?post=8132"},{"taxonomy":"product_tag","embeddable":true,"href":"https:\/\/lajunglebijoux.com\/es\/wp-json\/wp\/v2\/product_tag?post=8132"}],"curies":[{"name":"wp","href":"https:\/\/api.w.org\/{rel}","templated":true}]}}