{"id":8032,"date":"2023-03-17T18:33:23","date_gmt":"2023-03-17T16:33:23","guid":{"rendered":"http:\/\/jkjpwtk.cluster026.hosting.ovh.net\/product\/boucles-oreilles-etoile-du-nord\/"},"modified":"2024-08-24T12:58:56","modified_gmt":"2024-08-24T10:58:56","slug":"pendientes-estrella-polar","status":"publish","type":"product","link":"https:\/\/lajunglebijoux.com\/es\/producto\/pendientes-estrella-polar\/","title":{"rendered":"Pendientes Estrella del Norte Galaxia"},"content":{"rendered":"","protected":false},"excerpt":{"rendered":"<p><span style=\"font-weight: 400;\">Pendientes Estrella del Norte en oro de 24 quilates de alta resistencia sobre base de lat\u00f3n.<\/span><\/p>\n<p><span style=\"font-weight: 400;\">Fondo efecto cosmos, galaxia, v\u00eda l\u00e1ctea en acetato de celulosa reciclado.<\/span><\/p>\n<p><span style=\"font-weight: 400;\">Este material es muy resistente y no se oxida ni deja marcas en ning\u00fan tipo de piel.<\/span><\/p>\n<p>&nbsp;<\/p>\n<p><b>El simbolismo de la Estrella Polar:<\/b><\/p>\n<p><span style=\"font-weight: 400;\">Se dice que la Estrella Polar trae buena suerte porque act\u00faa como gu\u00eda para mostrarnos qu\u00e9 camino tomar en nuestras vidas.<\/span><\/p>\n<p><span style=\"font-weight: 400;\">Su simbolismo de referencia y estabilidad es muy tranquilizador y nos invita a confiar en la vida, en el universo. El universo siempre tiene un plan para nosotros y la vida s\u00f3lo quiere lo mejor para nosotros.<\/span><\/p>\n<p>&nbsp;<\/p>\n<p><span style=\"font-weight: 400;\">Fotos de los pendientes llevados con el modelo luna para que te hagas una idea de la representaci\u00f3n ya que son del mismo tama\u00f1o.<\/span><\/p>\n<p>&nbsp;<\/p>\n<p><span style=\"font-weight: 400;\">Tambi\u00e9n disponible en versi\u00f3n <a href=\"http:\/\/jkjpwtk.cluster026.hosting.ovh.net\/es\/producto\/pendientes-estrella-galaxia\/\">estrella<\/a> o <a href=\"http:\/\/jkjpwtk.cluster026.hosting.ovh.net\/es\/producto\/pendientes-luna-galaxia\/\">luna<\/a>, contacta conmigo para componer un par desparejado: lajunglebijoux@gmail.com o instagram @la.jungle<\/span><\/p>\n<p>&nbsp;<\/p>\n<p><span style=\"font-weight: 400;\">Llamo talism\u00e1n a esta joya porque ha sido infundida energ\u00e9ticamente con la intenci\u00f3n de su simbolismo. Como con muchas de las joyas talism\u00e1n de La Jungle, me gusta explicar mi enfoque pero, por supuesto, s\u00f3lo toma lo que te suena y si es s\u00f3lo el dise\u00f1o de la joya, tambi\u00e9n est\u00e1 perfecto.<\/span><\/p>\n","protected":false},"featured_media":7024,"comment_status":"open","ping_status":"closed","template":"","meta":{"_acf_changed":false},"product_brand":[],"product_cat":[244],"product_tag":[480],"class_list":{"0":"post-8032","1":"product","2":"type-product","3":"status-publish","4":"has-post-thumbnail","6":"product_cat-life-es","7":"product_tag-menos-de-50e","8":"pa_modele-pendientes","9":"pa_theme-joyas-astral-tarot","11":"first","12":"outofstock","13":"sale","14":"shipping-taxable","15":"purchasable","16":"product-type-variable"},"acf":[],"gallery_images":[7026,7028,7030,7032,8020],"yoast_head":"<!-- This site is optimized with the Yoast SEO plugin v27.6 - https:\/\/yoast.com\/product\/yoast-seo-wordpress\/ -->\n<title>Pendientes Estrella del Norte Galaxia - La Jungle Bijoux<\/title>\n<meta name=\"description\" content=\"D\u00e9jate guiar por estos pendientes Estrella Polar de oro hechos en Barcelona. Sus fondos inspirados en las galaxias aportar\u00e1n poes\u00eda a tu pr\u00f3ximo look.\" \/>\n<meta name=\"robots\" content=\"index, follow, max-snippet:-1, max-image-preview:large, max-video-preview:-1\" \/>\n<link rel=\"canonical\" href=\"https:\/\/lajunglebijoux.com\/es\/producto\/pendientes-estrella-polar\/\" \/>\n<meta property=\"og:locale\" content=\"es_ES\" \/>\n<meta property=\"og:type\" content=\"article\" \/>\n<meta property=\"og:title\" content=\"Pendientes Estrella del Norte Galaxia - La Jungle Bijoux\" \/>\n<meta property=\"og:description\" content=\"D\u00e9jate guiar por estos pendientes Estrella Polar de oro hechos en Barcelona. Sus fondos inspirados en las galaxias aportar\u00e1n poes\u00eda a tu pr\u00f3ximo look.\" \/>\n<meta property=\"og:url\" content=\"https:\/\/lajunglebijoux.com\/es\/producto\/pendientes-estrella-polar\/\" \/>\n<meta property=\"og:site_name\" content=\"La Jungle Bijoux\" \/>\n<meta property=\"article:modified_time\" content=\"2024-08-24T10:58:56+00:00\" \/>\n<meta property=\"og:image\" content=\"https:\/\/lajunglebijoux.com\/wp-content\/uploads\/2023\/03\/IMG_20221103_171627-scaled.jpg\" \/>\n\t<meta property=\"og:image:width\" content=\"2560\" \/>\n\t<meta property=\"og:image:height\" content=\"2560\" \/>\n\t<meta property=\"og:image:type\" content=\"image\/jpeg\" \/>\n<meta name=\"twitter:card\" content=\"summary_large_image\" \/>\n<script type=\"application\/ld+json\" class=\"yoast-schema-graph\">{\"@context\":\"https:\\\/\\\/schema.org\",\"@graph\":[{\"@type\":\"WebPage\",\"@id\":\"https:\\\/\\\/lajunglebijoux.com\\\/es\\\/producto\\\/pendientes-estrella-polar\\\/\",\"url\":\"https:\\\/\\\/lajunglebijoux.com\\\/es\\\/producto\\\/pendientes-estrella-polar\\\/\",\"name\":\"Pendientes Estrella del Norte Galaxia - La Jungle Bijoux\",\"isPartOf\":{\"@id\":\"https:\\\/\\\/lajunglebijoux.com\\\/es\\\/#website\"},\"primaryImageOfPage\":{\"@id\":\"https:\\\/\\\/lajunglebijoux.com\\\/es\\\/producto\\\/pendientes-estrella-polar\\\/#primaryimage\"},\"image\":{\"@id\":\"https:\\\/\\\/lajunglebijoux.com\\\/es\\\/producto\\\/pendientes-estrella-polar\\\/#primaryimage\"},\"thumbnailUrl\":\"https:\\\/\\\/lajunglebijoux.com\\\/wp-content\\\/uploads\\\/2023\\\/03\\\/IMG_20221103_171627-scaled.jpg\",\"datePublished\":\"2023-03-17T16:33:23+00:00\",\"dateModified\":\"2024-08-24T10:58:56+00:00\",\"description\":\"D\u00e9jate guiar por estos pendientes Estrella Polar de oro hechos en Barcelona. Sus fondos inspirados en las galaxias aportar\u00e1n poes\u00eda a tu pr\u00f3ximo look.\",\"breadcrumb\":{\"@id\":\"https:\\\/\\\/lajunglebijoux.com\\\/es\\\/producto\\\/pendientes-estrella-polar\\\/#breadcrumb\"},\"inLanguage\":\"es\",\"potentialAction\":[{\"@type\":\"ReadAction\",\"target\":[\"https:\\\/\\\/lajunglebijoux.com\\\/es\\\/producto\\\/pendientes-estrella-polar\\\/\"]}]},{\"@type\":\"ImageObject\",\"inLanguage\":\"es\",\"@id\":\"https:\\\/\\\/lajunglebijoux.com\\\/es\\\/producto\\\/pendientes-estrella-polar\\\/#primaryimage\",\"url\":\"https:\\\/\\\/lajunglebijoux.com\\\/wp-content\\\/uploads\\\/2023\\\/03\\\/IMG_20221103_171627-scaled.jpg\",\"contentUrl\":\"https:\\\/\\\/lajunglebijoux.com\\\/wp-content\\\/uploads\\\/2023\\\/03\\\/IMG_20221103_171627-scaled.jpg\",\"width\":2560,\"height\":2560},{\"@type\":\"BreadcrumbList\",\"@id\":\"https:\\\/\\\/lajunglebijoux.com\\\/es\\\/producto\\\/pendientes-estrella-polar\\\/#breadcrumb\",\"itemListElement\":[{\"@type\":\"ListItem\",\"position\":1,\"name\":\"Portada\",\"item\":\"https:\\\/\\\/lajunglebijoux.com\\\/es\\\/\"},{\"@type\":\"ListItem\",\"position\":2,\"name\":\"Productos\",\"item\":\"https:\\\/\\\/lajunglebijoux.com\\\/es\\\/shop\\\/\"},{\"@type\":\"ListItem\",\"position\":3,\"name\":\"Pendientes Estrella del Norte Galaxia\"}]},{\"@type\":\"WebSite\",\"@id\":\"https:\\\/\\\/lajunglebijoux.com\\\/es\\\/#website\",\"url\":\"https:\\\/\\\/lajunglebijoux.com\\\/es\\\/\",\"name\":\"La Jungle Bijoux\",\"description\":\"\",\"publisher\":{\"@id\":\"https:\\\/\\\/lajunglebijoux.com\\\/es\\\/#organization\"},\"potentialAction\":[{\"@type\":\"SearchAction\",\"target\":{\"@type\":\"EntryPoint\",\"urlTemplate\":\"https:\\\/\\\/lajunglebijoux.com\\\/es\\\/?s={search_term_string}\"},\"query-input\":{\"@type\":\"PropertyValueSpecification\",\"valueRequired\":true,\"valueName\":\"search_term_string\"}}],\"inLanguage\":\"es\"},{\"@type\":\"Organization\",\"@id\":\"https:\\\/\\\/lajunglebijoux.com\\\/es\\\/#organization\",\"name\":\"La Jungle Bijoux\",\"url\":\"https:\\\/\\\/lajunglebijoux.com\\\/es\\\/\",\"logo\":{\"@type\":\"ImageObject\",\"inLanguage\":\"es\",\"@id\":\"https:\\\/\\\/lajunglebijoux.com\\\/es\\\/#\\\/schema\\\/logo\\\/image\\\/\",\"url\":\"https:\\\/\\\/lajunglebijoux.com\\\/wp-content\\\/uploads\\\/2023\\\/01\\\/LOGO-FINAL-Fonce.jpg\",\"contentUrl\":\"https:\\\/\\\/lajunglebijoux.com\\\/wp-content\\\/uploads\\\/2023\\\/01\\\/LOGO-FINAL-Fonce.jpg\",\"width\":900,\"height\":900,\"caption\":\"La Jungle Bijoux\"},\"image\":{\"@id\":\"https:\\\/\\\/lajunglebijoux.com\\\/es\\\/#\\\/schema\\\/logo\\\/image\\\/\"}}]}<\/script>\n<!-- \/ Yoast SEO plugin. -->","yoast_head_json":{"title":"Pendientes Estrella del Norte Galaxia - La Jungle Bijoux","description":"D\u00e9jate guiar por estos pendientes Estrella Polar de oro hechos en Barcelona. Sus fondos inspirados en las galaxias aportar\u00e1n poes\u00eda a tu pr\u00f3ximo look.","robots":{"index":"index","follow":"follow","max-snippet":"max-snippet:-1","max-image-preview":"max-image-preview:large","max-video-preview":"max-video-preview:-1"},"canonical":"https:\/\/lajunglebijoux.com\/es\/producto\/pendientes-estrella-polar\/","og_locale":"es_ES","og_type":"article","og_title":"Pendientes Estrella del Norte Galaxia - La Jungle Bijoux","og_description":"D\u00e9jate guiar por estos pendientes Estrella Polar de oro hechos en Barcelona. Sus fondos inspirados en las galaxias aportar\u00e1n poes\u00eda a tu pr\u00f3ximo look.","og_url":"https:\/\/lajunglebijoux.com\/es\/producto\/pendientes-estrella-polar\/","og_site_name":"La Jungle Bijoux","article_modified_time":"2024-08-24T10:58:56+00:00","og_image":[{"width":2560,"height":2560,"url":"https:\/\/lajunglebijoux.com\/wp-content\/uploads\/2023\/03\/IMG_20221103_171627-scaled.jpg","type":"image\/jpeg"}],"twitter_card":"summary_large_image","schema":{"@context":"https:\/\/schema.org","@graph":[{"@type":"WebPage","@id":"https:\/\/lajunglebijoux.com\/es\/producto\/pendientes-estrella-polar\/","url":"https:\/\/lajunglebijoux.com\/es\/producto\/pendientes-estrella-polar\/","name":"Pendientes Estrella del Norte Galaxia - La Jungle Bijoux","isPartOf":{"@id":"https:\/\/lajunglebijoux.com\/es\/#website"},"primaryImageOfPage":{"@id":"https:\/\/lajunglebijoux.com\/es\/producto\/pendientes-estrella-polar\/#primaryimage"},"image":{"@id":"https:\/\/lajunglebijoux.com\/es\/producto\/pendientes-estrella-polar\/#primaryimage"},"thumbnailUrl":"https:\/\/lajunglebijoux.com\/wp-content\/uploads\/2023\/03\/IMG_20221103_171627-scaled.jpg","datePublished":"2023-03-17T16:33:23+00:00","dateModified":"2024-08-24T10:58:56+00:00","description":"D\u00e9jate guiar por estos pendientes Estrella Polar de oro hechos en Barcelona. Sus fondos inspirados en las galaxias aportar\u00e1n poes\u00eda a tu pr\u00f3ximo look.","breadcrumb":{"@id":"https:\/\/lajunglebijoux.com\/es\/producto\/pendientes-estrella-polar\/#breadcrumb"},"inLanguage":"es","potentialAction":[{"@type":"ReadAction","target":["https:\/\/lajunglebijoux.com\/es\/producto\/pendientes-estrella-polar\/"]}]},{"@type":"ImageObject","inLanguage":"es","@id":"https:\/\/lajunglebijoux.com\/es\/producto\/pendientes-estrella-polar\/#primaryimage","url":"https:\/\/lajunglebijoux.com\/wp-content\/uploads\/2023\/03\/IMG_20221103_171627-scaled.jpg","contentUrl":"https:\/\/lajunglebijoux.com\/wp-content\/uploads\/2023\/03\/IMG_20221103_171627-scaled.jpg","width":2560,"height":2560},{"@type":"BreadcrumbList","@id":"https:\/\/lajunglebijoux.com\/es\/producto\/pendientes-estrella-polar\/#breadcrumb","itemListElement":[{"@type":"ListItem","position":1,"name":"Portada","item":"https:\/\/lajunglebijoux.com\/es\/"},{"@type":"ListItem","position":2,"name":"Productos","item":"https:\/\/lajunglebijoux.com\/es\/shop\/"},{"@type":"ListItem","position":3,"name":"Pendientes Estrella del Norte Galaxia"}]},{"@type":"WebSite","@id":"https:\/\/lajunglebijoux.com\/es\/#website","url":"https:\/\/lajunglebijoux.com\/es\/","name":"La Jungle Bijoux","description":"","publisher":{"@id":"https:\/\/lajunglebijoux.com\/es\/#organization"},"potentialAction":[{"@type":"SearchAction","target":{"@type":"EntryPoint","urlTemplate":"https:\/\/lajunglebijoux.com\/es\/?s={search_term_string}"},"query-input":{"@type":"PropertyValueSpecification","valueRequired":true,"valueName":"search_term_string"}}],"inLanguage":"es"},{"@type":"Organization","@id":"https:\/\/lajunglebijoux.com\/es\/#organization","name":"La Jungle Bijoux","url":"https:\/\/lajunglebijoux.com\/es\/","logo":{"@type":"ImageObject","inLanguage":"es","@id":"https:\/\/lajunglebijoux.com\/es\/#\/schema\/logo\/image\/","url":"https:\/\/lajunglebijoux.com\/wp-content\/uploads\/2023\/01\/LOGO-FINAL-Fonce.jpg","contentUrl":"https:\/\/lajunglebijoux.com\/wp-content\/uploads\/2023\/01\/LOGO-FINAL-Fonce.jpg","width":900,"height":900,"caption":"La Jungle Bijoux"},"image":{"@id":"https:\/\/lajunglebijoux.com\/es\/#\/schema\/logo\/image\/"}}]}},"_links":{"self":[{"href":"https:\/\/lajunglebijoux.com\/es\/wp-json\/wp\/v2\/product\/8032","targetHints":{"allow":["GET"]}}],"collection":[{"href":"https:\/\/lajunglebijoux.com\/es\/wp-json\/wp\/v2\/product"}],"about":[{"href":"https:\/\/lajunglebijoux.com\/es\/wp-json\/wp\/v2\/types\/product"}],"replies":[{"embeddable":true,"href":"https:\/\/lajunglebijoux.com\/es\/wp-json\/wp\/v2\/comments?post=8032"}],"version-history":[{"count":0,"href":"https:\/\/lajunglebijoux.com\/es\/wp-json\/wp\/v2\/product\/8032\/revisions"}],"wp:featuredmedia":[{"embeddable":true,"href":"https:\/\/lajunglebijoux.com\/es\/wp-json\/wp\/v2\/media\/7024"}],"wp:attachment":[{"href":"https:\/\/lajunglebijoux.com\/es\/wp-json\/wp\/v2\/media?parent=8032"}],"wp:term":[{"taxonomy":"product_brand","embeddable":true,"href":"https:\/\/lajunglebijoux.com\/es\/wp-json\/wp\/v2\/product_brand?post=8032"},{"taxonomy":"product_cat","embeddable":true,"href":"https:\/\/lajunglebijoux.com\/es\/wp-json\/wp\/v2\/product_cat?post=8032"},{"taxonomy":"product_tag","embeddable":true,"href":"https:\/\/lajunglebijoux.com\/es\/wp-json\/wp\/v2\/product_tag?post=8032"}],"curies":[{"name":"wp","href":"https:\/\/api.w.org\/{rel}","templated":true}]}}