{"id":8029,"date":"2023-03-26T16:57:01","date_gmt":"2023-03-26T14:57:01","guid":{"rendered":"http:\/\/jkjpwtk.cluster026.hosting.ovh.net\/product\/boucles-doreilles-lune-galaxie\/"},"modified":"2024-08-24T13:03:18","modified_gmt":"2024-08-24T11:03:18","slug":"pendientes-luna-galaxia","status":"publish","type":"product","link":"https:\/\/lajunglebijoux.com\/es\/producto\/pendientes-luna-galaxia\/","title":{"rendered":"Pendientes oro luna galaxia"},"content":{"rendered":"","protected":false},"excerpt":{"rendered":"<p><span style=\"font-weight: 400;\">Pendientes Luna en oro de 24 quilates de alta resistencia sobre base de lat\u00f3n.<\/span><\/p>\n<p><span style=\"font-weight: 400;\">Fondo efecto cosmos, galaxia, v\u00eda l\u00e1ctea en acetato de celulosa reciclado.<\/span><\/p>\n<p><span style=\"font-weight: 400;\">Este material es muy resistente y no se oxida ni deja marcas en ning\u00fan tipo de piel.<\/span><\/p>\n<p>&nbsp;<\/p>\n<p><b>El simbolismo de la luna :<\/b><\/p>\n<p><span style=\"font-weight: 400;\">La luna representa a la mujer y la energ\u00eda femenina por excelencia. Por su ciclo, es sin\u00f3nimo de cambio y renacimiento. Cuando sentimos que todo va mal, la luna est\u00e1 ah\u00ed para recordarnos que esta situaci\u00f3n tambi\u00e9n acabar\u00e1 cambiando.<\/span><\/p>\n<p><span style=\"font-weight: 400;\">Como sus fases son ef\u00edmeras, tambi\u00e9n habla de nuestro paso por la tierra y nos invita a dejar el pasado en el pasado para aprovechar mejor el momento presente.<\/span><\/p>\n<p><span style=\"font-weight: 400;\">La luna es el elemento agua de los 4 elementos. El agua que alivia, acuna y calma. Este elemento aporta fluidez y adaptabilidad. Es la energ\u00eda YIN, una energ\u00eda interior, m\u00e1s tranquila, m\u00e1s discreta. Despertar la propia energ\u00eda femenina, la energ\u00eda Yin, la energ\u00eda lunar, es dejar hablar al coraz\u00f3n, desarrollar la intuici\u00f3n y saber escuchar las propias necesidades.<\/span><\/p>\n<p><span style=\"font-weight: 400;\">Por \u00faltimo, tambi\u00e9n es un s\u00edmbolo de creaci\u00f3n: \u00bfcu\u00e1l es la vida que quieres crear para ti?<\/span><\/p>\n<p>&nbsp;<\/p>\n<p><span style=\"font-weight: 400;\">Tambi\u00e9n disponible en versi\u00f3n <a href=\"http:\/\/jkjpwtk.cluster026.hosting.ovh.net\/produit\/boucles-doreilles-etoiles-galaxie\/\">estrella<\/a> o <a href=\"http:\/\/jkjpwtk.cluster026.hosting.ovh.net\/produit\/boucles-oreilles-etoile-du-nord\/\">estrella del norte<\/a>, contacta conmigo para componer un par desparejado : lajunglebijoux@gmail.com o instagram @la.jungle<\/span><\/p>\n<p><span style=\"font-weight: 400;\">Llamo talism\u00e1n a esta joya porque ha sido infundida energ\u00e9ticamente con la intenci\u00f3n de su simbolismo. Como con muchas de las joyas talism\u00e1n de La Jungle, me gusta explicar mi enfoque pero, por supuesto, s\u00f3lo toma lo que te suena y si es s\u00f3lo el dise\u00f1o de la joya, tambi\u00e9n est\u00e1 perfecto.<\/span><\/p>\n","protected":false},"featured_media":7203,"comment_status":"open","ping_status":"closed","template":"","meta":{"_acf_changed":false},"product_brand":[],"product_cat":[244],"product_tag":[480],"class_list":{"0":"post-8029","1":"product","2":"type-product","3":"status-publish","4":"has-post-thumbnail","6":"product_cat-life-es","7":"product_tag-menos-de-50e","8":"pa_modele-pendientes","9":"pa_theme-joyas-astral-tarot","11":"first","12":"outofstock","13":"shipping-taxable","14":"purchasable","15":"product-type-variable"},"acf":[],"gallery_images":[7205,7201,7207,7199,8020],"yoast_head":"<!-- This site is optimized with the Yoast SEO plugin v27.2 - https:\/\/yoast.com\/product\/yoast-seo-wordpress\/ -->\n<title>Pendientes oro luna galaxia - La Jungle Bijoux<\/title>\n<meta name=\"description\" content=\"Enam\u00f3rate de los pendientes Luna en oro fino de 24 quilates de alta resistencia sobre base de lat\u00f3n hechos a mano en Barcelona. Efecto cosmos astro galaxia.\" \/>\n<meta name=\"robots\" content=\"index, follow, max-snippet:-1, max-image-preview:large, max-video-preview:-1\" \/>\n<link rel=\"canonical\" href=\"https:\/\/lajunglebijoux.com\/es\/producto\/pendientes-luna-galaxia\/\" \/>\n<meta property=\"og:locale\" content=\"es_ES\" \/>\n<meta property=\"og:type\" content=\"article\" \/>\n<meta property=\"og:title\" content=\"Pendientes oro luna galaxia - La Jungle Bijoux\" \/>\n<meta property=\"og:description\" content=\"Enam\u00f3rate de los pendientes Luna en oro fino de 24 quilates de alta resistencia sobre base de lat\u00f3n hechos a mano en Barcelona. Efecto cosmos astro galaxia.\" \/>\n<meta property=\"og:url\" content=\"https:\/\/lajunglebijoux.com\/es\/producto\/pendientes-luna-galaxia\/\" \/>\n<meta property=\"og:site_name\" content=\"La Jungle Bijoux\" \/>\n<meta property=\"article:modified_time\" content=\"2024-08-24T11:03:18+00:00\" \/>\n<meta property=\"og:image\" content=\"https:\/\/lajunglebijoux.com\/wp-content\/uploads\/2023\/03\/IMG_20221103_171319.jpg\" \/>\n\t<meta property=\"og:image:width\" content=\"2560\" \/>\n\t<meta property=\"og:image:height\" content=\"2560\" \/>\n\t<meta property=\"og:image:type\" content=\"image\/jpeg\" \/>\n<meta name=\"twitter:card\" content=\"summary_large_image\" \/>\n<script type=\"application\/ld+json\" class=\"yoast-schema-graph\">{\"@context\":\"https:\/\/schema.org\",\"@graph\":[{\"@type\":\"WebPage\",\"@id\":\"https:\/\/lajunglebijoux.com\/es\/producto\/pendientes-luna-galaxia\/\",\"url\":\"https:\/\/lajunglebijoux.com\/es\/producto\/pendientes-luna-galaxia\/\",\"name\":\"Pendientes oro luna galaxia - La Jungle Bijoux\",\"isPartOf\":{\"@id\":\"https:\/\/lajunglebijoux.com\/es\/#website\"},\"primaryImageOfPage\":{\"@id\":\"https:\/\/lajunglebijoux.com\/es\/producto\/pendientes-luna-galaxia\/#primaryimage\"},\"image\":{\"@id\":\"https:\/\/lajunglebijoux.com\/es\/producto\/pendientes-luna-galaxia\/#primaryimage\"},\"thumbnailUrl\":\"https:\/\/lajunglebijoux.com\/wp-content\/uploads\/2023\/03\/IMG_20221103_171319.jpg\",\"datePublished\":\"2023-03-26T14:57:01+00:00\",\"dateModified\":\"2024-08-24T11:03:18+00:00\",\"description\":\"Enam\u00f3rate de los pendientes Luna en oro fino de 24 quilates de alta resistencia sobre base de lat\u00f3n hechos a mano en Barcelona. Efecto cosmos astro galaxia.\",\"breadcrumb\":{\"@id\":\"https:\/\/lajunglebijoux.com\/es\/producto\/pendientes-luna-galaxia\/#breadcrumb\"},\"inLanguage\":\"es\",\"potentialAction\":[{\"@type\":\"ReadAction\",\"target\":[\"https:\/\/lajunglebijoux.com\/es\/producto\/pendientes-luna-galaxia\/\"]}]},{\"@type\":\"ImageObject\",\"inLanguage\":\"es\",\"@id\":\"https:\/\/lajunglebijoux.com\/es\/producto\/pendientes-luna-galaxia\/#primaryimage\",\"url\":\"https:\/\/lajunglebijoux.com\/wp-content\/uploads\/2023\/03\/IMG_20221103_171319.jpg\",\"contentUrl\":\"https:\/\/lajunglebijoux.com\/wp-content\/uploads\/2023\/03\/IMG_20221103_171319.jpg\",\"width\":2560,\"height\":2560,\"caption\":\"boucles d'oreilles lune galaxie\"},{\"@type\":\"BreadcrumbList\",\"@id\":\"https:\/\/lajunglebijoux.com\/es\/producto\/pendientes-luna-galaxia\/#breadcrumb\",\"itemListElement\":[{\"@type\":\"ListItem\",\"position\":1,\"name\":\"Portada\",\"item\":\"https:\/\/lajunglebijoux.com\/es\/\"},{\"@type\":\"ListItem\",\"position\":2,\"name\":\"Productos\",\"item\":\"https:\/\/lajunglebijoux.com\/es\/shop\/\"},{\"@type\":\"ListItem\",\"position\":3,\"name\":\"Pendientes oro luna galaxia\"}]},{\"@type\":\"WebSite\",\"@id\":\"https:\/\/lajunglebijoux.com\/es\/#website\",\"url\":\"https:\/\/lajunglebijoux.com\/es\/\",\"name\":\"La Jungle Bijoux\",\"description\":\"\",\"publisher\":{\"@id\":\"https:\/\/lajunglebijoux.com\/es\/#organization\"},\"potentialAction\":[{\"@type\":\"SearchAction\",\"target\":{\"@type\":\"EntryPoint\",\"urlTemplate\":\"https:\/\/lajunglebijoux.com\/es\/?s={search_term_string}\"},\"query-input\":{\"@type\":\"PropertyValueSpecification\",\"valueRequired\":true,\"valueName\":\"search_term_string\"}}],\"inLanguage\":\"es\"},{\"@type\":\"Organization\",\"@id\":\"https:\/\/lajunglebijoux.com\/es\/#organization\",\"name\":\"La Jungle Bijoux\",\"url\":\"https:\/\/lajunglebijoux.com\/es\/\",\"logo\":{\"@type\":\"ImageObject\",\"inLanguage\":\"es\",\"@id\":\"https:\/\/lajunglebijoux.com\/es\/#\/schema\/logo\/image\/\",\"url\":\"https:\/\/lajunglebijoux.com\/wp-content\/uploads\/2023\/01\/LOGO-FINAL-Fonce.jpg\",\"contentUrl\":\"https:\/\/lajunglebijoux.com\/wp-content\/uploads\/2023\/01\/LOGO-FINAL-Fonce.jpg\",\"width\":900,\"height\":900,\"caption\":\"La Jungle Bijoux\"},\"image\":{\"@id\":\"https:\/\/lajunglebijoux.com\/es\/#\/schema\/logo\/image\/\"}}]}<\/script>\n<!-- \/ Yoast SEO plugin. -->","yoast_head_json":{"title":"Pendientes oro luna galaxia - La Jungle Bijoux","description":"Enam\u00f3rate de los pendientes Luna en oro fino de 24 quilates de alta resistencia sobre base de lat\u00f3n hechos a mano en Barcelona. Efecto cosmos astro galaxia.","robots":{"index":"index","follow":"follow","max-snippet":"max-snippet:-1","max-image-preview":"max-image-preview:large","max-video-preview":"max-video-preview:-1"},"canonical":"https:\/\/lajunglebijoux.com\/es\/producto\/pendientes-luna-galaxia\/","og_locale":"es_ES","og_type":"article","og_title":"Pendientes oro luna galaxia - La Jungle Bijoux","og_description":"Enam\u00f3rate de los pendientes Luna en oro fino de 24 quilates de alta resistencia sobre base de lat\u00f3n hechos a mano en Barcelona. Efecto cosmos astro galaxia.","og_url":"https:\/\/lajunglebijoux.com\/es\/producto\/pendientes-luna-galaxia\/","og_site_name":"La Jungle Bijoux","article_modified_time":"2024-08-24T11:03:18+00:00","og_image":[{"width":2560,"height":2560,"url":"https:\/\/lajunglebijoux.com\/wp-content\/uploads\/2023\/03\/IMG_20221103_171319.jpg","type":"image\/jpeg"}],"twitter_card":"summary_large_image","schema":{"@context":"https:\/\/schema.org","@graph":[{"@type":"WebPage","@id":"https:\/\/lajunglebijoux.com\/es\/producto\/pendientes-luna-galaxia\/","url":"https:\/\/lajunglebijoux.com\/es\/producto\/pendientes-luna-galaxia\/","name":"Pendientes oro luna galaxia - La Jungle Bijoux","isPartOf":{"@id":"https:\/\/lajunglebijoux.com\/es\/#website"},"primaryImageOfPage":{"@id":"https:\/\/lajunglebijoux.com\/es\/producto\/pendientes-luna-galaxia\/#primaryimage"},"image":{"@id":"https:\/\/lajunglebijoux.com\/es\/producto\/pendientes-luna-galaxia\/#primaryimage"},"thumbnailUrl":"https:\/\/lajunglebijoux.com\/wp-content\/uploads\/2023\/03\/IMG_20221103_171319.jpg","datePublished":"2023-03-26T14:57:01+00:00","dateModified":"2024-08-24T11:03:18+00:00","description":"Enam\u00f3rate de los pendientes Luna en oro fino de 24 quilates de alta resistencia sobre base de lat\u00f3n hechos a mano en Barcelona. Efecto cosmos astro galaxia.","breadcrumb":{"@id":"https:\/\/lajunglebijoux.com\/es\/producto\/pendientes-luna-galaxia\/#breadcrumb"},"inLanguage":"es","potentialAction":[{"@type":"ReadAction","target":["https:\/\/lajunglebijoux.com\/es\/producto\/pendientes-luna-galaxia\/"]}]},{"@type":"ImageObject","inLanguage":"es","@id":"https:\/\/lajunglebijoux.com\/es\/producto\/pendientes-luna-galaxia\/#primaryimage","url":"https:\/\/lajunglebijoux.com\/wp-content\/uploads\/2023\/03\/IMG_20221103_171319.jpg","contentUrl":"https:\/\/lajunglebijoux.com\/wp-content\/uploads\/2023\/03\/IMG_20221103_171319.jpg","width":2560,"height":2560,"caption":"boucles d'oreilles lune galaxie"},{"@type":"BreadcrumbList","@id":"https:\/\/lajunglebijoux.com\/es\/producto\/pendientes-luna-galaxia\/#breadcrumb","itemListElement":[{"@type":"ListItem","position":1,"name":"Portada","item":"https:\/\/lajunglebijoux.com\/es\/"},{"@type":"ListItem","position":2,"name":"Productos","item":"https:\/\/lajunglebijoux.com\/es\/shop\/"},{"@type":"ListItem","position":3,"name":"Pendientes oro luna galaxia"}]},{"@type":"WebSite","@id":"https:\/\/lajunglebijoux.com\/es\/#website","url":"https:\/\/lajunglebijoux.com\/es\/","name":"La Jungle Bijoux","description":"","publisher":{"@id":"https:\/\/lajunglebijoux.com\/es\/#organization"},"potentialAction":[{"@type":"SearchAction","target":{"@type":"EntryPoint","urlTemplate":"https:\/\/lajunglebijoux.com\/es\/?s={search_term_string}"},"query-input":{"@type":"PropertyValueSpecification","valueRequired":true,"valueName":"search_term_string"}}],"inLanguage":"es"},{"@type":"Organization","@id":"https:\/\/lajunglebijoux.com\/es\/#organization","name":"La Jungle Bijoux","url":"https:\/\/lajunglebijoux.com\/es\/","logo":{"@type":"ImageObject","inLanguage":"es","@id":"https:\/\/lajunglebijoux.com\/es\/#\/schema\/logo\/image\/","url":"https:\/\/lajunglebijoux.com\/wp-content\/uploads\/2023\/01\/LOGO-FINAL-Fonce.jpg","contentUrl":"https:\/\/lajunglebijoux.com\/wp-content\/uploads\/2023\/01\/LOGO-FINAL-Fonce.jpg","width":900,"height":900,"caption":"La Jungle Bijoux"},"image":{"@id":"https:\/\/lajunglebijoux.com\/es\/#\/schema\/logo\/image\/"}}]}},"_links":{"self":[{"href":"https:\/\/lajunglebijoux.com\/es\/wp-json\/wp\/v2\/product\/8029","targetHints":{"allow":["GET"]}}],"collection":[{"href":"https:\/\/lajunglebijoux.com\/es\/wp-json\/wp\/v2\/product"}],"about":[{"href":"https:\/\/lajunglebijoux.com\/es\/wp-json\/wp\/v2\/types\/product"}],"replies":[{"embeddable":true,"href":"https:\/\/lajunglebijoux.com\/es\/wp-json\/wp\/v2\/comments?post=8029"}],"version-history":[{"count":0,"href":"https:\/\/lajunglebijoux.com\/es\/wp-json\/wp\/v2\/product\/8029\/revisions"}],"wp:featuredmedia":[{"embeddable":true,"href":"https:\/\/lajunglebijoux.com\/es\/wp-json\/wp\/v2\/media\/7203"}],"wp:attachment":[{"href":"https:\/\/lajunglebijoux.com\/es\/wp-json\/wp\/v2\/media?parent=8029"}],"wp:term":[{"taxonomy":"product_brand","embeddable":true,"href":"https:\/\/lajunglebijoux.com\/es\/wp-json\/wp\/v2\/product_brand?post=8029"},{"taxonomy":"product_cat","embeddable":true,"href":"https:\/\/lajunglebijoux.com\/es\/wp-json\/wp\/v2\/product_cat?post=8029"},{"taxonomy":"product_tag","embeddable":true,"href":"https:\/\/lajunglebijoux.com\/es\/wp-json\/wp\/v2\/product_tag?post=8029"}],"curies":[{"name":"wp","href":"https:\/\/api.w.org\/{rel}","templated":true}]}}