{"id":8027,"date":"2023-03-17T19:14:37","date_gmt":"2023-03-17T17:14:37","guid":{"rendered":"http:\/\/jkjpwtk.cluster026.hosting.ovh.net\/product\/boucles-doreilles-etoiles-galaxie\/"},"modified":"2024-08-24T13:03:17","modified_gmt":"2024-08-24T11:03:17","slug":"pendientes-estrella-galaxia","status":"publish","type":"product","link":"https:\/\/lajunglebijoux.com\/es\/producto\/pendientes-estrella-galaxia\/","title":{"rendered":"Pendientes oro estrella galaxia"},"content":{"rendered":"","protected":false},"excerpt":{"rendered":"<p><b>Pendientes oro estrella galaxia<\/b><\/p>\n<p><span style=\"font-weight: 400;\">Pendientes estrella en oro de 24 quilates sobre base de lat\u00f3n.<\/span><\/p>\n<p><span style=\"font-weight: 400;\">Fondo efecto cosmos, galaxia, v\u00eda l\u00e1ctea en acetato de celulosa reciclado.<\/span><\/p>\n<p><span style=\"font-weight: 400;\">Este material es muy resistente y no se oxida ni deja marcas en ning\u00fan tipo de piel.<\/span><\/p>\n<p>&nbsp;<\/p>\n<p><b>El simbolismo de la estrella :<\/b><\/p>\n<p>&nbsp;<\/p>\n<p><span style=\"font-weight: 400;\">La estrella brillante es s\u00edmbolo de armon\u00eda, vitalidad, belleza y salud.<\/span><\/p>\n<p><span style=\"font-weight: 400;\">Tambi\u00e9n representa la perfecci\u00f3n, todo est\u00e1 siempre en su sitio, todo es siempre correcto.<\/span><\/p>\n<p><span style=\"font-weight: 400;\">Las ramas de la estrella captan las energ\u00edas positivas y nos invitan a dejarnos llevar por nuestra sensibilidad y empat\u00eda.<\/span><\/p>\n<p><span style=\"font-weight: 400;\">Como toda esta colecci\u00f3n, este amuleto act\u00faa como un suave recordatorio: sin sombra, no hay luz (sin noche, no hay estrellas visibles) y, por tanto, nos ayuda a apreciar tambi\u00e9n nuestras partes \u00absombr\u00edas\u00bb.<\/span><\/p>\n<p><span style=\"font-weight: 400;\">Fotos de los rizos llevados con el modelo Luna para que te hagas una idea de la representaci\u00f3n, ya que son del mismo tama\u00f1o.<\/span><\/p>\n<p><span style=\"font-weight: 400;\">Tambi\u00e9n disponible en versi\u00f3n <a href=\"http:\/\/jkjpwtk.cluster026.hosting.ovh.net\/produit\/boucles-oreilles-etoile-du-nord\/\">Estrella del Norte<\/a> o <a href=\"http:\/\/jkjpwtk.cluster026.hosting.ovh.net\/produit\/boucles-doreilles-lune-galaxie\/\">Luna<\/a>, contacta conmigo para componer un par desparejado : lajunglebijoux@gmail.com o instagram @la.jungle<\/span><\/p>\n<p>&nbsp;<\/p>\n<p><span style=\"font-weight: 400;\">Llamo talism\u00e1n a esta joya porque ha sido infundida energ\u00e9ticamente con la intenci\u00f3n de su simbolismo. Como con muchas de las joyas talism\u00e1n de La Jungle, me gusta explicar mi enfoque pero, por supuesto, s\u00f3lo toma lo que te suena y si es s\u00f3lo el dise\u00f1o de la joya, tambi\u00e9n est\u00e1 perfecto.<\/span><\/p>\n","protected":false},"featured_media":7039,"comment_status":"open","ping_status":"closed","template":"","meta":{"_acf_changed":false},"product_brand":[],"product_cat":[244],"product_tag":[480],"class_list":{"0":"post-8027","1":"product","2":"type-product","3":"status-publish","4":"has-post-thumbnail","6":"product_cat-life-es","7":"product_tag-menos-de-50e","8":"pa_modele-pendientes","9":"pa_theme-joyas-astral-tarot","11":"first","12":"outofstock","13":"shipping-taxable","14":"purchasable","15":"product-type-variable"},"acf":[],"gallery_images":[7041,7037,7035,7043,7045,8020],"yoast_head":"<!-- This site is optimized with the Yoast SEO plugin v27.2 - https:\/\/yoast.com\/product\/yoast-seo-wordpress\/ -->\n<title>Pendientes oro estrella galaxia - La Jungle Bijoux<\/title>\n<meta name=\"description\" content=\"Pendientes de estrellas y galaxias que brillan en tus orejas para un look chic. Joyas artesanales fabricadas en Barcelona en peque\u00f1as cantidades.\" \/>\n<meta name=\"robots\" content=\"index, follow, max-snippet:-1, max-image-preview:large, max-video-preview:-1\" \/>\n<link rel=\"canonical\" href=\"https:\/\/lajunglebijoux.com\/es\/producto\/pendientes-estrella-galaxia\/\" \/>\n<meta property=\"og:locale\" content=\"es_ES\" \/>\n<meta property=\"og:type\" content=\"article\" \/>\n<meta property=\"og:title\" content=\"Pendientes oro estrella galaxia - La Jungle Bijoux\" \/>\n<meta property=\"og:description\" content=\"Pendientes de estrellas y galaxias que brillan en tus orejas para un look chic. Joyas artesanales fabricadas en Barcelona en peque\u00f1as cantidades.\" \/>\n<meta property=\"og:url\" content=\"https:\/\/lajunglebijoux.com\/es\/producto\/pendientes-estrella-galaxia\/\" \/>\n<meta property=\"og:site_name\" content=\"La Jungle Bijoux\" \/>\n<meta property=\"article:modified_time\" content=\"2024-08-24T11:03:17+00:00\" \/>\n<meta property=\"og:image\" content=\"https:\/\/lajunglebijoux.com\/wp-content\/uploads\/2023\/03\/IMG_20221103_170658-scaled.jpg\" \/>\n\t<meta property=\"og:image:width\" content=\"2560\" \/>\n\t<meta property=\"og:image:height\" content=\"2560\" \/>\n\t<meta property=\"og:image:type\" content=\"image\/jpeg\" \/>\n<meta name=\"twitter:card\" content=\"summary_large_image\" \/>\n<script type=\"application\/ld+json\" class=\"yoast-schema-graph\">{\"@context\":\"https:\/\/schema.org\",\"@graph\":[{\"@type\":\"WebPage\",\"@id\":\"https:\/\/lajunglebijoux.com\/es\/producto\/pendientes-estrella-galaxia\/\",\"url\":\"https:\/\/lajunglebijoux.com\/es\/producto\/pendientes-estrella-galaxia\/\",\"name\":\"Pendientes oro estrella galaxia - La Jungle Bijoux\",\"isPartOf\":{\"@id\":\"https:\/\/lajunglebijoux.com\/es\/#website\"},\"primaryImageOfPage\":{\"@id\":\"https:\/\/lajunglebijoux.com\/es\/producto\/pendientes-estrella-galaxia\/#primaryimage\"},\"image\":{\"@id\":\"https:\/\/lajunglebijoux.com\/es\/producto\/pendientes-estrella-galaxia\/#primaryimage\"},\"thumbnailUrl\":\"https:\/\/lajunglebijoux.com\/wp-content\/uploads\/2023\/03\/IMG_20221103_170658-scaled.jpg\",\"datePublished\":\"2023-03-17T17:14:37+00:00\",\"dateModified\":\"2024-08-24T11:03:17+00:00\",\"description\":\"Pendientes de estrellas y galaxias que brillan en tus orejas para un look chic. Joyas artesanales fabricadas en Barcelona en peque\u00f1as cantidades.\",\"breadcrumb\":{\"@id\":\"https:\/\/lajunglebijoux.com\/es\/producto\/pendientes-estrella-galaxia\/#breadcrumb\"},\"inLanguage\":\"es\",\"potentialAction\":[{\"@type\":\"ReadAction\",\"target\":[\"https:\/\/lajunglebijoux.com\/es\/producto\/pendientes-estrella-galaxia\/\"]}]},{\"@type\":\"ImageObject\",\"inLanguage\":\"es\",\"@id\":\"https:\/\/lajunglebijoux.com\/es\/producto\/pendientes-estrella-galaxia\/#primaryimage\",\"url\":\"https:\/\/lajunglebijoux.com\/wp-content\/uploads\/2023\/03\/IMG_20221103_170658-scaled.jpg\",\"contentUrl\":\"https:\/\/lajunglebijoux.com\/wp-content\/uploads\/2023\/03\/IMG_20221103_170658-scaled.jpg\",\"width\":2560,\"height\":2560,\"caption\":\"boucles oreilles etoile\"},{\"@type\":\"BreadcrumbList\",\"@id\":\"https:\/\/lajunglebijoux.com\/es\/producto\/pendientes-estrella-galaxia\/#breadcrumb\",\"itemListElement\":[{\"@type\":\"ListItem\",\"position\":1,\"name\":\"Portada\",\"item\":\"https:\/\/lajunglebijoux.com\/es\/\"},{\"@type\":\"ListItem\",\"position\":2,\"name\":\"Productos\",\"item\":\"https:\/\/lajunglebijoux.com\/es\/shop\/\"},{\"@type\":\"ListItem\",\"position\":3,\"name\":\"Pendientes oro estrella galaxia\"}]},{\"@type\":\"WebSite\",\"@id\":\"https:\/\/lajunglebijoux.com\/es\/#website\",\"url\":\"https:\/\/lajunglebijoux.com\/es\/\",\"name\":\"La Jungle Bijoux\",\"description\":\"\",\"publisher\":{\"@id\":\"https:\/\/lajunglebijoux.com\/es\/#organization\"},\"potentialAction\":[{\"@type\":\"SearchAction\",\"target\":{\"@type\":\"EntryPoint\",\"urlTemplate\":\"https:\/\/lajunglebijoux.com\/es\/?s={search_term_string}\"},\"query-input\":{\"@type\":\"PropertyValueSpecification\",\"valueRequired\":true,\"valueName\":\"search_term_string\"}}],\"inLanguage\":\"es\"},{\"@type\":\"Organization\",\"@id\":\"https:\/\/lajunglebijoux.com\/es\/#organization\",\"name\":\"La Jungle Bijoux\",\"url\":\"https:\/\/lajunglebijoux.com\/es\/\",\"logo\":{\"@type\":\"ImageObject\",\"inLanguage\":\"es\",\"@id\":\"https:\/\/lajunglebijoux.com\/es\/#\/schema\/logo\/image\/\",\"url\":\"https:\/\/lajunglebijoux.com\/wp-content\/uploads\/2023\/01\/LOGO-FINAL-Fonce.jpg\",\"contentUrl\":\"https:\/\/lajunglebijoux.com\/wp-content\/uploads\/2023\/01\/LOGO-FINAL-Fonce.jpg\",\"width\":900,\"height\":900,\"caption\":\"La Jungle Bijoux\"},\"image\":{\"@id\":\"https:\/\/lajunglebijoux.com\/es\/#\/schema\/logo\/image\/\"}}]}<\/script>\n<!-- \/ Yoast SEO plugin. -->","yoast_head_json":{"title":"Pendientes oro estrella galaxia - La Jungle Bijoux","description":"Pendientes de estrellas y galaxias que brillan en tus orejas para un look chic. Joyas artesanales fabricadas en Barcelona en peque\u00f1as cantidades.","robots":{"index":"index","follow":"follow","max-snippet":"max-snippet:-1","max-image-preview":"max-image-preview:large","max-video-preview":"max-video-preview:-1"},"canonical":"https:\/\/lajunglebijoux.com\/es\/producto\/pendientes-estrella-galaxia\/","og_locale":"es_ES","og_type":"article","og_title":"Pendientes oro estrella galaxia - La Jungle Bijoux","og_description":"Pendientes de estrellas y galaxias que brillan en tus orejas para un look chic. Joyas artesanales fabricadas en Barcelona en peque\u00f1as cantidades.","og_url":"https:\/\/lajunglebijoux.com\/es\/producto\/pendientes-estrella-galaxia\/","og_site_name":"La Jungle Bijoux","article_modified_time":"2024-08-24T11:03:17+00:00","og_image":[{"width":2560,"height":2560,"url":"https:\/\/lajunglebijoux.com\/wp-content\/uploads\/2023\/03\/IMG_20221103_170658-scaled.jpg","type":"image\/jpeg"}],"twitter_card":"summary_large_image","schema":{"@context":"https:\/\/schema.org","@graph":[{"@type":"WebPage","@id":"https:\/\/lajunglebijoux.com\/es\/producto\/pendientes-estrella-galaxia\/","url":"https:\/\/lajunglebijoux.com\/es\/producto\/pendientes-estrella-galaxia\/","name":"Pendientes oro estrella galaxia - La Jungle Bijoux","isPartOf":{"@id":"https:\/\/lajunglebijoux.com\/es\/#website"},"primaryImageOfPage":{"@id":"https:\/\/lajunglebijoux.com\/es\/producto\/pendientes-estrella-galaxia\/#primaryimage"},"image":{"@id":"https:\/\/lajunglebijoux.com\/es\/producto\/pendientes-estrella-galaxia\/#primaryimage"},"thumbnailUrl":"https:\/\/lajunglebijoux.com\/wp-content\/uploads\/2023\/03\/IMG_20221103_170658-scaled.jpg","datePublished":"2023-03-17T17:14:37+00:00","dateModified":"2024-08-24T11:03:17+00:00","description":"Pendientes de estrellas y galaxias que brillan en tus orejas para un look chic. Joyas artesanales fabricadas en Barcelona en peque\u00f1as cantidades.","breadcrumb":{"@id":"https:\/\/lajunglebijoux.com\/es\/producto\/pendientes-estrella-galaxia\/#breadcrumb"},"inLanguage":"es","potentialAction":[{"@type":"ReadAction","target":["https:\/\/lajunglebijoux.com\/es\/producto\/pendientes-estrella-galaxia\/"]}]},{"@type":"ImageObject","inLanguage":"es","@id":"https:\/\/lajunglebijoux.com\/es\/producto\/pendientes-estrella-galaxia\/#primaryimage","url":"https:\/\/lajunglebijoux.com\/wp-content\/uploads\/2023\/03\/IMG_20221103_170658-scaled.jpg","contentUrl":"https:\/\/lajunglebijoux.com\/wp-content\/uploads\/2023\/03\/IMG_20221103_170658-scaled.jpg","width":2560,"height":2560,"caption":"boucles oreilles etoile"},{"@type":"BreadcrumbList","@id":"https:\/\/lajunglebijoux.com\/es\/producto\/pendientes-estrella-galaxia\/#breadcrumb","itemListElement":[{"@type":"ListItem","position":1,"name":"Portada","item":"https:\/\/lajunglebijoux.com\/es\/"},{"@type":"ListItem","position":2,"name":"Productos","item":"https:\/\/lajunglebijoux.com\/es\/shop\/"},{"@type":"ListItem","position":3,"name":"Pendientes oro estrella galaxia"}]},{"@type":"WebSite","@id":"https:\/\/lajunglebijoux.com\/es\/#website","url":"https:\/\/lajunglebijoux.com\/es\/","name":"La Jungle Bijoux","description":"","publisher":{"@id":"https:\/\/lajunglebijoux.com\/es\/#organization"},"potentialAction":[{"@type":"SearchAction","target":{"@type":"EntryPoint","urlTemplate":"https:\/\/lajunglebijoux.com\/es\/?s={search_term_string}"},"query-input":{"@type":"PropertyValueSpecification","valueRequired":true,"valueName":"search_term_string"}}],"inLanguage":"es"},{"@type":"Organization","@id":"https:\/\/lajunglebijoux.com\/es\/#organization","name":"La Jungle Bijoux","url":"https:\/\/lajunglebijoux.com\/es\/","logo":{"@type":"ImageObject","inLanguage":"es","@id":"https:\/\/lajunglebijoux.com\/es\/#\/schema\/logo\/image\/","url":"https:\/\/lajunglebijoux.com\/wp-content\/uploads\/2023\/01\/LOGO-FINAL-Fonce.jpg","contentUrl":"https:\/\/lajunglebijoux.com\/wp-content\/uploads\/2023\/01\/LOGO-FINAL-Fonce.jpg","width":900,"height":900,"caption":"La Jungle Bijoux"},"image":{"@id":"https:\/\/lajunglebijoux.com\/es\/#\/schema\/logo\/image\/"}}]}},"_links":{"self":[{"href":"https:\/\/lajunglebijoux.com\/es\/wp-json\/wp\/v2\/product\/8027","targetHints":{"allow":["GET"]}}],"collection":[{"href":"https:\/\/lajunglebijoux.com\/es\/wp-json\/wp\/v2\/product"}],"about":[{"href":"https:\/\/lajunglebijoux.com\/es\/wp-json\/wp\/v2\/types\/product"}],"replies":[{"embeddable":true,"href":"https:\/\/lajunglebijoux.com\/es\/wp-json\/wp\/v2\/comments?post=8027"}],"version-history":[{"count":0,"href":"https:\/\/lajunglebijoux.com\/es\/wp-json\/wp\/v2\/product\/8027\/revisions"}],"wp:featuredmedia":[{"embeddable":true,"href":"https:\/\/lajunglebijoux.com\/es\/wp-json\/wp\/v2\/media\/7039"}],"wp:attachment":[{"href":"https:\/\/lajunglebijoux.com\/es\/wp-json\/wp\/v2\/media?parent=8027"}],"wp:term":[{"taxonomy":"product_brand","embeddable":true,"href":"https:\/\/lajunglebijoux.com\/es\/wp-json\/wp\/v2\/product_brand?post=8027"},{"taxonomy":"product_cat","embeddable":true,"href":"https:\/\/lajunglebijoux.com\/es\/wp-json\/wp\/v2\/product_cat?post=8027"},{"taxonomy":"product_tag","embeddable":true,"href":"https:\/\/lajunglebijoux.com\/es\/wp-json\/wp\/v2\/product_tag?post=8027"}],"curies":[{"name":"wp","href":"https:\/\/api.w.org\/{rel}","templated":true}]}}