{"id":7800,"date":"2022-12-27T10:34:58","date_gmt":"2022-12-27T08:34:58","guid":{"rendered":"http:\/\/jkjpwtk.cluster026.hosting.ovh.net\/product\/collier-tarot-diable\/"},"modified":"2024-08-24T13:03:17","modified_gmt":"2024-08-24T11:03:17","slug":"collar-tarot-diablo","status":"publish","type":"product","link":"https:\/\/lajunglebijoux.com\/es\/producto\/collar-tarot-diablo\/","title":{"rendered":"Collar tarot El Diablo oro o plata"},"content":{"rendered":"<h2><b>Unas palabras de Jen, creadora de La Jungle Joyas<\/b><\/h2>\n<p><span style=\"font-weight: 400;\">Eleg\u00ed la carta del Diablo para el colgante de este collar de tarot, porque representa las pasiones y los deseos que animan a los humanos. Este arcano es interesante porque tambi\u00e9n trata de nuestros lados oscuros y luminosos&#8230; \u00a1y sobre todo de la aceptaci\u00f3n de estas dos facetas de nuestra personalidad! \u00a1Con este collar Diablo al cuello, te enfrentas a tus miedos, dejas caer tus m\u00e1scaras para liberarte y vivir tus pasiones alimentadas por tu fuerza vital!<\/span><\/p>\n<p><span style=\"font-weight: 400;\">El collar del Tarot del Diablo es para ti si&#8230;<\/span><\/p>\n<ul>\n<li style=\"font-weight: 400;\" aria-level=\"1\"><span style=\"font-weight: 400;\">Quieres dejar m\u00e1s espacio a tus deseos y anhelos;<\/span><\/li>\n<li style=\"font-weight: 400;\" aria-level=\"1\"><span style=\"font-weight: 400;\">Tienes una pasi\u00f3n que expresar o revelar a plena luz del d\u00eda;<\/span><\/li>\n<li style=\"font-weight: 400;\" aria-level=\"1\"><span style=\"font-weight: 400;\">Quieres mostrarte tal y como eres, de forma aut\u00e9ntica;<\/span><\/li>\n<li style=\"font-weight: 400;\" aria-level=\"1\"><span style=\"font-weight: 400;\">Quieres liberarte de una adicci\u00f3n o dependencia.<\/span><\/li>\n<\/ul>\n","protected":false},"excerpt":{"rendered":"<p><span style=\"font-weight: 400;\">Descubra el collar de tarot Le Diable en oro o plata. La colecci\u00f3n Empowering Tarot, creada en colaboraci\u00f3n con Ludivine Labb\u00e9, tarotista y escritora, y Myriam, ilustradora y especialista en energ\u00eda. Llevar esta joya talism\u00e1n se convierte en un verdadero ritual porque viene acompa\u00f1ada de su tarjeta explicativa, escrita con poes\u00eda por Ludivine, que sugiere un ritual y un mantra, \u00a1para apropiarse del simbolismo de este collar!<\/span><\/p>\n<p><span style=\"font-weight: 400;\">Fabricado artesanalmente en el taller La Jungle de Barcelona, este collar de tarot est\u00e1 hecho con materiales de alta calidad.<\/span><\/p>\n<p><span style=\"font-weight: 400;\">El collar de cartas del tarot Le Diable est\u00e1 disponible en dos colores:<\/span><\/p>\n<p><span style=\"font-weight: 400;\">Dorado: est\u00e1 chapado en oro de 24 quilates de 3 micras de alta resistencia con una cadena de acero inoxidable dorada con oro fino.<\/span><\/p>\n<p><span style=\"font-weight: 400;\">Plata: el colgante es de plata de ley rodiada, que ofrece una calidad superior y m\u00e1s resistente que la plata, y su cadena es de acero inoxidable.<\/span><\/p>\n<p><span style=\"font-weight: 400;\">El collar Le Diable Tarot mide 45 cm y tiene una cadena extensible de 5 cm para que pueda ajustarlo a su gusto.<\/span><\/p>\n<p><span style=\"font-weight: 400;\">Para crear una aut\u00e9ntica joya talism\u00e1n, puede a\u00f1adir la opci\u00f3n de un colgante amuleto de piedra de litoterapia cornalina que acentuar\u00e1 la energ\u00eda espiritual del collar tarot Le Diable.<\/span><\/p>\n<p><span style=\"font-weight: 400;\">Este es el collar que le ofrecemos para que deje brillar su verdadero yo y viva sus pasiones.<\/span><\/p>\n","protected":false},"featured_media":4208,"comment_status":"open","ping_status":"closed","template":"","meta":{"_acf_changed":false},"product_brand":[],"product_cat":[327],"product_tag":[480],"class_list":{"0":"post-7800","1":"product","2":"type-product","3":"status-publish","4":"has-post-thumbnail","6":"product_cat-empowering-tarot-es","7":"product_tag-menos-de-50e","8":"pa_modele-collares","9":"pa_modele-joyas-plata","10":"pa_theme-joyas-astral-tarot","11":"pa_theme-piedras-litoterapia","13":"first","14":"instock","15":"sale","16":"shipping-taxable","17":"purchasable","18":"product-type-variable"},"acf":[],"gallery_images":[4198,4214,4200,4202,4204,4210,4212,4206],"yoast_head":"<!-- This site is optimized with the Yoast SEO plugin v27.2 - https:\/\/yoast.com\/product\/yoast-seo-wordpress\/ -->\n<title>Collar tarot El Diablo oro o plata - La Jungle Bijoux<\/title>\n<meta name=\"description\" content=\"Libera a tu verdadero yo con el collar del tarot del Diablo en oro o plata. Es el regalo ideal para las personas sensibles a las lecturas del tarot.\" \/>\n<meta name=\"robots\" content=\"index, follow, max-snippet:-1, max-image-preview:large, max-video-preview:-1\" \/>\n<link rel=\"canonical\" href=\"https:\/\/lajunglebijoux.com\/es\/producto\/collar-tarot-diablo\/\" \/>\n<meta property=\"og:locale\" content=\"es_ES\" \/>\n<meta property=\"og:type\" content=\"article\" \/>\n<meta property=\"og:title\" content=\"Collar tarot El Diablo oro o plata - La Jungle Bijoux\" \/>\n<meta property=\"og:description\" content=\"Libera a tu verdadero yo con el collar del tarot del Diablo en oro o plata. Es el regalo ideal para las personas sensibles a las lecturas del tarot.\" \/>\n<meta property=\"og:url\" content=\"https:\/\/lajunglebijoux.com\/es\/producto\/collar-tarot-diablo\/\" \/>\n<meta property=\"og:site_name\" content=\"La Jungle Bijoux\" \/>\n<meta property=\"article:modified_time\" content=\"2024-08-24T11:03:17+00:00\" \/>\n<meta property=\"og:image\" content=\"https:\/\/lajunglebijoux.com\/wp-content\/uploads\/2022\/12\/IMG_20221115_121755-scaled.jpg\" \/>\n\t<meta property=\"og:image:width\" content=\"2560\" \/>\n\t<meta property=\"og:image:height\" content=\"2560\" \/>\n\t<meta property=\"og:image:type\" content=\"image\/jpeg\" \/>\n<meta name=\"twitter:card\" content=\"summary_large_image\" \/>\n<meta name=\"twitter:label1\" content=\"Tiempo de lectura\" \/>\n\t<meta name=\"twitter:data1\" content=\"1 minuto\" \/>\n<script type=\"application\/ld+json\" class=\"yoast-schema-graph\">{\"@context\":\"https:\/\/schema.org\",\"@graph\":[{\"@type\":\"WebPage\",\"@id\":\"https:\/\/lajunglebijoux.com\/es\/producto\/collar-tarot-diablo\/\",\"url\":\"https:\/\/lajunglebijoux.com\/es\/producto\/collar-tarot-diablo\/\",\"name\":\"Collar tarot El Diablo oro o plata - La Jungle Bijoux\",\"isPartOf\":{\"@id\":\"https:\/\/lajunglebijoux.com\/es\/#website\"},\"primaryImageOfPage\":{\"@id\":\"https:\/\/lajunglebijoux.com\/es\/producto\/collar-tarot-diablo\/#primaryimage\"},\"image\":{\"@id\":\"https:\/\/lajunglebijoux.com\/es\/producto\/collar-tarot-diablo\/#primaryimage\"},\"thumbnailUrl\":\"https:\/\/lajunglebijoux.com\/wp-content\/uploads\/2022\/12\/IMG_20221115_121755-scaled.jpg\",\"datePublished\":\"2022-12-27T08:34:58+00:00\",\"dateModified\":\"2024-08-24T11:03:17+00:00\",\"description\":\"Libera a tu verdadero yo con el collar del tarot del Diablo en oro o plata. Es el regalo ideal para las personas sensibles a las lecturas del tarot.\",\"breadcrumb\":{\"@id\":\"https:\/\/lajunglebijoux.com\/es\/producto\/collar-tarot-diablo\/#breadcrumb\"},\"inLanguage\":\"es\",\"potentialAction\":[{\"@type\":\"ReadAction\",\"target\":[\"https:\/\/lajunglebijoux.com\/es\/producto\/collar-tarot-diablo\/\"]}]},{\"@type\":\"ImageObject\",\"inLanguage\":\"es\",\"@id\":\"https:\/\/lajunglebijoux.com\/es\/producto\/collar-tarot-diablo\/#primaryimage\",\"url\":\"https:\/\/lajunglebijoux.com\/wp-content\/uploads\/2022\/12\/IMG_20221115_121755-scaled.jpg\",\"contentUrl\":\"https:\/\/lajunglebijoux.com\/wp-content\/uploads\/2022\/12\/IMG_20221115_121755-scaled.jpg\",\"width\":2560,\"height\":2560,\"caption\":\"collier tarot diable or argent\"},{\"@type\":\"BreadcrumbList\",\"@id\":\"https:\/\/lajunglebijoux.com\/es\/producto\/collar-tarot-diablo\/#breadcrumb\",\"itemListElement\":[{\"@type\":\"ListItem\",\"position\":1,\"name\":\"Portada\",\"item\":\"https:\/\/lajunglebijoux.com\/es\/\"},{\"@type\":\"ListItem\",\"position\":2,\"name\":\"Productos\",\"item\":\"https:\/\/lajunglebijoux.com\/es\/shop\/\"},{\"@type\":\"ListItem\",\"position\":3,\"name\":\"Collar tarot El Diablo oro o plata\"}]},{\"@type\":\"WebSite\",\"@id\":\"https:\/\/lajunglebijoux.com\/es\/#website\",\"url\":\"https:\/\/lajunglebijoux.com\/es\/\",\"name\":\"La Jungle Bijoux\",\"description\":\"\",\"publisher\":{\"@id\":\"https:\/\/lajunglebijoux.com\/es\/#organization\"},\"potentialAction\":[{\"@type\":\"SearchAction\",\"target\":{\"@type\":\"EntryPoint\",\"urlTemplate\":\"https:\/\/lajunglebijoux.com\/es\/?s={search_term_string}\"},\"query-input\":{\"@type\":\"PropertyValueSpecification\",\"valueRequired\":true,\"valueName\":\"search_term_string\"}}],\"inLanguage\":\"es\"},{\"@type\":\"Organization\",\"@id\":\"https:\/\/lajunglebijoux.com\/es\/#organization\",\"name\":\"La Jungle Bijoux\",\"url\":\"https:\/\/lajunglebijoux.com\/es\/\",\"logo\":{\"@type\":\"ImageObject\",\"inLanguage\":\"es\",\"@id\":\"https:\/\/lajunglebijoux.com\/es\/#\/schema\/logo\/image\/\",\"url\":\"https:\/\/lajunglebijoux.com\/wp-content\/uploads\/2023\/01\/LOGO-FINAL-Fonce.jpg\",\"contentUrl\":\"https:\/\/lajunglebijoux.com\/wp-content\/uploads\/2023\/01\/LOGO-FINAL-Fonce.jpg\",\"width\":900,\"height\":900,\"caption\":\"La Jungle Bijoux\"},\"image\":{\"@id\":\"https:\/\/lajunglebijoux.com\/es\/#\/schema\/logo\/image\/\"}}]}<\/script>\n<!-- \/ Yoast SEO plugin. -->","yoast_head_json":{"title":"Collar tarot El Diablo oro o plata - La Jungle Bijoux","description":"Libera a tu verdadero yo con el collar del tarot del Diablo en oro o plata. Es el regalo ideal para las personas sensibles a las lecturas del tarot.","robots":{"index":"index","follow":"follow","max-snippet":"max-snippet:-1","max-image-preview":"max-image-preview:large","max-video-preview":"max-video-preview:-1"},"canonical":"https:\/\/lajunglebijoux.com\/es\/producto\/collar-tarot-diablo\/","og_locale":"es_ES","og_type":"article","og_title":"Collar tarot El Diablo oro o plata - La Jungle Bijoux","og_description":"Libera a tu verdadero yo con el collar del tarot del Diablo en oro o plata. Es el regalo ideal para las personas sensibles a las lecturas del tarot.","og_url":"https:\/\/lajunglebijoux.com\/es\/producto\/collar-tarot-diablo\/","og_site_name":"La Jungle Bijoux","article_modified_time":"2024-08-24T11:03:17+00:00","og_image":[{"width":2560,"height":2560,"url":"https:\/\/lajunglebijoux.com\/wp-content\/uploads\/2022\/12\/IMG_20221115_121755-scaled.jpg","type":"image\/jpeg"}],"twitter_card":"summary_large_image","twitter_misc":{"Tiempo de lectura":"1 minuto"},"schema":{"@context":"https:\/\/schema.org","@graph":[{"@type":"WebPage","@id":"https:\/\/lajunglebijoux.com\/es\/producto\/collar-tarot-diablo\/","url":"https:\/\/lajunglebijoux.com\/es\/producto\/collar-tarot-diablo\/","name":"Collar tarot El Diablo oro o plata - La Jungle Bijoux","isPartOf":{"@id":"https:\/\/lajunglebijoux.com\/es\/#website"},"primaryImageOfPage":{"@id":"https:\/\/lajunglebijoux.com\/es\/producto\/collar-tarot-diablo\/#primaryimage"},"image":{"@id":"https:\/\/lajunglebijoux.com\/es\/producto\/collar-tarot-diablo\/#primaryimage"},"thumbnailUrl":"https:\/\/lajunglebijoux.com\/wp-content\/uploads\/2022\/12\/IMG_20221115_121755-scaled.jpg","datePublished":"2022-12-27T08:34:58+00:00","dateModified":"2024-08-24T11:03:17+00:00","description":"Libera a tu verdadero yo con el collar del tarot del Diablo en oro o plata. Es el regalo ideal para las personas sensibles a las lecturas del tarot.","breadcrumb":{"@id":"https:\/\/lajunglebijoux.com\/es\/producto\/collar-tarot-diablo\/#breadcrumb"},"inLanguage":"es","potentialAction":[{"@type":"ReadAction","target":["https:\/\/lajunglebijoux.com\/es\/producto\/collar-tarot-diablo\/"]}]},{"@type":"ImageObject","inLanguage":"es","@id":"https:\/\/lajunglebijoux.com\/es\/producto\/collar-tarot-diablo\/#primaryimage","url":"https:\/\/lajunglebijoux.com\/wp-content\/uploads\/2022\/12\/IMG_20221115_121755-scaled.jpg","contentUrl":"https:\/\/lajunglebijoux.com\/wp-content\/uploads\/2022\/12\/IMG_20221115_121755-scaled.jpg","width":2560,"height":2560,"caption":"collier tarot diable or argent"},{"@type":"BreadcrumbList","@id":"https:\/\/lajunglebijoux.com\/es\/producto\/collar-tarot-diablo\/#breadcrumb","itemListElement":[{"@type":"ListItem","position":1,"name":"Portada","item":"https:\/\/lajunglebijoux.com\/es\/"},{"@type":"ListItem","position":2,"name":"Productos","item":"https:\/\/lajunglebijoux.com\/es\/shop\/"},{"@type":"ListItem","position":3,"name":"Collar tarot El Diablo oro o plata"}]},{"@type":"WebSite","@id":"https:\/\/lajunglebijoux.com\/es\/#website","url":"https:\/\/lajunglebijoux.com\/es\/","name":"La Jungle Bijoux","description":"","publisher":{"@id":"https:\/\/lajunglebijoux.com\/es\/#organization"},"potentialAction":[{"@type":"SearchAction","target":{"@type":"EntryPoint","urlTemplate":"https:\/\/lajunglebijoux.com\/es\/?s={search_term_string}"},"query-input":{"@type":"PropertyValueSpecification","valueRequired":true,"valueName":"search_term_string"}}],"inLanguage":"es"},{"@type":"Organization","@id":"https:\/\/lajunglebijoux.com\/es\/#organization","name":"La Jungle Bijoux","url":"https:\/\/lajunglebijoux.com\/es\/","logo":{"@type":"ImageObject","inLanguage":"es","@id":"https:\/\/lajunglebijoux.com\/es\/#\/schema\/logo\/image\/","url":"https:\/\/lajunglebijoux.com\/wp-content\/uploads\/2023\/01\/LOGO-FINAL-Fonce.jpg","contentUrl":"https:\/\/lajunglebijoux.com\/wp-content\/uploads\/2023\/01\/LOGO-FINAL-Fonce.jpg","width":900,"height":900,"caption":"La Jungle Bijoux"},"image":{"@id":"https:\/\/lajunglebijoux.com\/es\/#\/schema\/logo\/image\/"}}]}},"_links":{"self":[{"href":"https:\/\/lajunglebijoux.com\/es\/wp-json\/wp\/v2\/product\/7800","targetHints":{"allow":["GET"]}}],"collection":[{"href":"https:\/\/lajunglebijoux.com\/es\/wp-json\/wp\/v2\/product"}],"about":[{"href":"https:\/\/lajunglebijoux.com\/es\/wp-json\/wp\/v2\/types\/product"}],"replies":[{"embeddable":true,"href":"https:\/\/lajunglebijoux.com\/es\/wp-json\/wp\/v2\/comments?post=7800"}],"version-history":[{"count":0,"href":"https:\/\/lajunglebijoux.com\/es\/wp-json\/wp\/v2\/product\/7800\/revisions"}],"wp:featuredmedia":[{"embeddable":true,"href":"https:\/\/lajunglebijoux.com\/es\/wp-json\/wp\/v2\/media\/4208"}],"wp:attachment":[{"href":"https:\/\/lajunglebijoux.com\/es\/wp-json\/wp\/v2\/media?parent=7800"}],"wp:term":[{"taxonomy":"product_brand","embeddable":true,"href":"https:\/\/lajunglebijoux.com\/es\/wp-json\/wp\/v2\/product_brand?post=7800"},{"taxonomy":"product_cat","embeddable":true,"href":"https:\/\/lajunglebijoux.com\/es\/wp-json\/wp\/v2\/product_cat?post=7800"},{"taxonomy":"product_tag","embeddable":true,"href":"https:\/\/lajunglebijoux.com\/es\/wp-json\/wp\/v2\/product_tag?post=7800"}],"curies":[{"name":"wp","href":"https:\/\/api.w.org\/{rel}","templated":true}]}}