{"id":7787,"date":"2022-12-27T09:42:09","date_gmt":"2022-12-27T07:42:09","guid":{"rendered":"http:\/\/jkjpwtk.cluster026.hosting.ovh.net\/product\/collier-tarot-etoile\/"},"modified":"2024-08-24T13:03:16","modified_gmt":"2024-08-24T11:03:16","slug":"collar-tarot-estrella","status":"publish","type":"product","link":"https:\/\/lajunglebijoux.com\/es\/producto\/collar-tarot-estrella\/","title":{"rendered":"Collar tarot La Estrella oro o plata"},"content":{"rendered":"<h2><span style=\"font-weight: 400;\">Unas palabras de Jen, creadora de La Jungle Joyas<\/span><\/h2>\n<p><span style=\"font-weight: 400;\">El collar de cartas del tarot Estrella ha sido creado en colaboraci\u00f3n con la talentosa Ludivine Labb\u00e9, tarotista y escritora, y Myriam, ilustradora y especialista en energ\u00eda. Este arcano es una carta cuyo poder te recordar\u00e1 al tuyo propio.<\/span><\/p>\n<p><span style=\"font-weight: 400;\">Para ayudarte a conectar con este collar y su significado, encontrar\u00e1s con tu pedido una tarjeta ilustrada que te ayudar\u00e1 a apropiarte de esta joya talism\u00e1n. La tarjeta est\u00e1 escrita con poes\u00eda, cuidado y amor por Ludivine, que sugiere rituales para conectarte con tu collar Estrella.<\/span><\/p>\n<p><span style=\"font-weight: 400;\">He elegido los arcanos de la Estrella porque representan a la mujer que busca y encuentra su lugar en el mundo, el deseo cumplido. Figura de cham\u00e1n y de bruja, esta carta del tarot tiene una dimensi\u00f3n ecol\u00f3gica, gracias a su conexi\u00f3n con la naturaleza y lo vivo. Con sus jarras de agua, alimenta al r\u00edo, como el pecho puede alimentar al ni\u00f1o. Se trata entonces de una cuesti\u00f3n de fertilidad, feminidad y sensibilidad intuitiva acrecentada. \u00abCreer en tu buena estrella\u00bb, en tu suerte, adquiere todo su significado con esta carta.<\/span><\/p>\n<p><span style=\"font-weight: 400;\">El collar Estrella es para ti si&#8230;<\/span><\/p>\n<ul>\n<li style=\"font-weight: 400;\" aria-level=\"1\"><span style=\"font-weight: 400;\">Buscas tu lugar en el mundo, ya sea un sentido para tu vida o un lugar donde vivir;<\/span><\/li>\n<li style=\"font-weight: 400;\" aria-level=\"1\"><span style=\"font-weight: 400;\">Te sientes conectado con la naturaleza y quieres aumentar esta conexi\u00f3n;<\/span><\/li>\n<li style=\"font-weight: 400;\" aria-level=\"1\"><span style=\"font-weight: 400;\">Desea manifestar una intenci\u00f3n;<\/span><\/li>\n<li style=\"font-weight: 400;\" aria-level=\"1\"><span style=\"font-weight: 400;\">Te gustar\u00eda escuchar m\u00e1s a tu intuici\u00f3n.<\/span><\/li>\n<\/ul>\n","protected":false},"excerpt":{"rendered":"<p><span style=\"font-weight: 400;\">Descubre una aut\u00e9ntica joya talism\u00e1n con el collar Estrella del Tarot en oro o plata, con o sin piedras. Puedes utilizar este collar Estrella como gu\u00eda para ayudarte a encontrar tu lugar en el mundo. Esta joya forma parte de la colecci\u00f3n Empowering Tarot en la que cada collar tiene un colgante que representa un arcano mayor del Tarot de Marsella para ayudarte a crear tu futuro.<\/span><\/p>\n<p><span style=\"font-weight: 400;\">Disponible en dos colores:<\/span><\/p>\n<p><span style=\"font-weight: 400;\">Plata de ley rodiada, que ofrece una mayor resistencia que la plata pura.<\/span><\/p>\n<p><span style=\"font-weight: 400;\">Oro de 24 quilates chapado en 3 micras sobre una base de lat\u00f3n.<\/span><\/p>\n<p><span style=\"font-weight: 400;\">Las cadenas del collar del tarot son de acero inoxidable plateado o chapado en oro.\u00a0 45 cm con una cadena de extensi\u00f3n de 5 cm que hace que la longitud sea ajustable.<\/span><\/p>\n<p><span style=\"font-weight: 400;\">Tambi\u00e9n puede combinar su collar Estrella con un colgante amuleto realizado con piedras de litoterapia cuidadosamente seleccionadas para estar en armon\u00eda con la energ\u00eda del arcano mayor de la Estrella.<\/span><\/p>\n<p><span style=\"font-weight: 400;\">Esta es la joya talism\u00e1n que te ofrecemos para reconectar con tu espiritualidad y tu yo m\u00e1s profundo.<\/span><\/p>\n","protected":false},"featured_media":4162,"comment_status":"open","ping_status":"closed","template":"","meta":{"_acf_changed":false},"product_brand":[],"product_cat":[327],"product_tag":[480],"class_list":{"0":"post-7787","1":"product","2":"type-product","3":"status-publish","4":"has-post-thumbnail","6":"product_cat-empowering-tarot-es","7":"product_tag-menos-de-50e","8":"pa_modele-collares","9":"pa_modele-joyas-plata","10":"pa_modele-joyas-hombres","11":"pa_theme-joyas-astral-tarot","12":"pa_theme-piedras-litoterapia","14":"first","15":"instock","16":"sale","17":"shipping-taxable","18":"purchasable","19":"product-type-variable"},"acf":[],"gallery_images":[4168,4158,4160,4166,4164,4170,7786],"yoast_head":"<!-- This site is optimized with the Yoast SEO plugin v27.2 - https:\/\/yoast.com\/product\/yoast-seo-wordpress\/ -->\n<title>Collar tarot La Estrella oro o plata - La Jungle Bijoux<\/title>\n<meta name=\"description\" content=\"La carta estrella del tarot se convierte en un bonito collar para llevar al cuello con La Jungle Joyas. Para combinar con piedras de litoterapia.\" \/>\n<meta name=\"robots\" content=\"index, follow, max-snippet:-1, max-image-preview:large, max-video-preview:-1\" \/>\n<link rel=\"canonical\" href=\"https:\/\/lajunglebijoux.com\/es\/producto\/collar-tarot-estrella\/\" \/>\n<meta property=\"og:locale\" content=\"es_ES\" \/>\n<meta property=\"og:type\" content=\"article\" \/>\n<meta property=\"og:title\" content=\"Collar tarot La Estrella oro o plata - La Jungle Bijoux\" \/>\n<meta property=\"og:description\" content=\"La carta estrella del tarot se convierte en un bonito collar para llevar al cuello con La Jungle Joyas. Para combinar con piedras de litoterapia.\" \/>\n<meta property=\"og:url\" content=\"https:\/\/lajunglebijoux.com\/es\/producto\/collar-tarot-estrella\/\" \/>\n<meta property=\"og:site_name\" content=\"La Jungle Bijoux\" \/>\n<meta property=\"article:modified_time\" content=\"2024-08-24T11:03:16+00:00\" \/>\n<meta property=\"og:image\" content=\"https:\/\/lajunglebijoux.com\/wp-content\/uploads\/2022\/12\/IMG_20221115_122007-scaled.jpg\" \/>\n\t<meta property=\"og:image:width\" content=\"1920\" \/>\n\t<meta property=\"og:image:height\" content=\"2560\" \/>\n\t<meta property=\"og:image:type\" content=\"image\/jpeg\" \/>\n<meta name=\"twitter:card\" content=\"summary_large_image\" \/>\n<meta name=\"twitter:label1\" content=\"Tiempo de lectura\" \/>\n\t<meta name=\"twitter:data1\" content=\"2 minutos\" \/>\n<script type=\"application\/ld+json\" class=\"yoast-schema-graph\">{\"@context\":\"https:\/\/schema.org\",\"@graph\":[{\"@type\":\"WebPage\",\"@id\":\"https:\/\/lajunglebijoux.com\/es\/producto\/collar-tarot-estrella\/\",\"url\":\"https:\/\/lajunglebijoux.com\/es\/producto\/collar-tarot-estrella\/\",\"name\":\"Collar tarot La Estrella oro o plata - La Jungle Bijoux\",\"isPartOf\":{\"@id\":\"https:\/\/lajunglebijoux.com\/es\/#website\"},\"primaryImageOfPage\":{\"@id\":\"https:\/\/lajunglebijoux.com\/es\/producto\/collar-tarot-estrella\/#primaryimage\"},\"image\":{\"@id\":\"https:\/\/lajunglebijoux.com\/es\/producto\/collar-tarot-estrella\/#primaryimage\"},\"thumbnailUrl\":\"https:\/\/lajunglebijoux.com\/wp-content\/uploads\/2022\/12\/IMG_20221115_122007-scaled.jpg\",\"datePublished\":\"2022-12-27T07:42:09+00:00\",\"dateModified\":\"2024-08-24T11:03:16+00:00\",\"description\":\"La carta estrella del tarot se convierte en un bonito collar para llevar al cuello con La Jungle Joyas. Para combinar con piedras de litoterapia.\",\"breadcrumb\":{\"@id\":\"https:\/\/lajunglebijoux.com\/es\/producto\/collar-tarot-estrella\/#breadcrumb\"},\"inLanguage\":\"es\",\"potentialAction\":[{\"@type\":\"ReadAction\",\"target\":[\"https:\/\/lajunglebijoux.com\/es\/producto\/collar-tarot-estrella\/\"]}]},{\"@type\":\"ImageObject\",\"inLanguage\":\"es\",\"@id\":\"https:\/\/lajunglebijoux.com\/es\/producto\/collar-tarot-estrella\/#primaryimage\",\"url\":\"https:\/\/lajunglebijoux.com\/wp-content\/uploads\/2022\/12\/IMG_20221115_122007-scaled.jpg\",\"contentUrl\":\"https:\/\/lajunglebijoux.com\/wp-content\/uploads\/2022\/12\/IMG_20221115_122007-scaled.jpg\",\"width\":1920,\"height\":2560,\"caption\":\"collier tarot\"},{\"@type\":\"BreadcrumbList\",\"@id\":\"https:\/\/lajunglebijoux.com\/es\/producto\/collar-tarot-estrella\/#breadcrumb\",\"itemListElement\":[{\"@type\":\"ListItem\",\"position\":1,\"name\":\"Portada\",\"item\":\"https:\/\/lajunglebijoux.com\/es\/\"},{\"@type\":\"ListItem\",\"position\":2,\"name\":\"Productos\",\"item\":\"https:\/\/lajunglebijoux.com\/es\/shop\/\"},{\"@type\":\"ListItem\",\"position\":3,\"name\":\"Collar tarot La Estrella oro o plata\"}]},{\"@type\":\"WebSite\",\"@id\":\"https:\/\/lajunglebijoux.com\/es\/#website\",\"url\":\"https:\/\/lajunglebijoux.com\/es\/\",\"name\":\"La Jungle Bijoux\",\"description\":\"\",\"publisher\":{\"@id\":\"https:\/\/lajunglebijoux.com\/es\/#organization\"},\"potentialAction\":[{\"@type\":\"SearchAction\",\"target\":{\"@type\":\"EntryPoint\",\"urlTemplate\":\"https:\/\/lajunglebijoux.com\/es\/?s={search_term_string}\"},\"query-input\":{\"@type\":\"PropertyValueSpecification\",\"valueRequired\":true,\"valueName\":\"search_term_string\"}}],\"inLanguage\":\"es\"},{\"@type\":\"Organization\",\"@id\":\"https:\/\/lajunglebijoux.com\/es\/#organization\",\"name\":\"La Jungle Bijoux\",\"url\":\"https:\/\/lajunglebijoux.com\/es\/\",\"logo\":{\"@type\":\"ImageObject\",\"inLanguage\":\"es\",\"@id\":\"https:\/\/lajunglebijoux.com\/es\/#\/schema\/logo\/image\/\",\"url\":\"https:\/\/lajunglebijoux.com\/wp-content\/uploads\/2023\/01\/LOGO-FINAL-Fonce.jpg\",\"contentUrl\":\"https:\/\/lajunglebijoux.com\/wp-content\/uploads\/2023\/01\/LOGO-FINAL-Fonce.jpg\",\"width\":900,\"height\":900,\"caption\":\"La Jungle Bijoux\"},\"image\":{\"@id\":\"https:\/\/lajunglebijoux.com\/es\/#\/schema\/logo\/image\/\"}}]}<\/script>\n<!-- \/ Yoast SEO plugin. -->","yoast_head_json":{"title":"Collar tarot La Estrella oro o plata - La Jungle Bijoux","description":"La carta estrella del tarot se convierte en un bonito collar para llevar al cuello con La Jungle Joyas. Para combinar con piedras de litoterapia.","robots":{"index":"index","follow":"follow","max-snippet":"max-snippet:-1","max-image-preview":"max-image-preview:large","max-video-preview":"max-video-preview:-1"},"canonical":"https:\/\/lajunglebijoux.com\/es\/producto\/collar-tarot-estrella\/","og_locale":"es_ES","og_type":"article","og_title":"Collar tarot La Estrella oro o plata - La Jungle Bijoux","og_description":"La carta estrella del tarot se convierte en un bonito collar para llevar al cuello con La Jungle Joyas. Para combinar con piedras de litoterapia.","og_url":"https:\/\/lajunglebijoux.com\/es\/producto\/collar-tarot-estrella\/","og_site_name":"La Jungle Bijoux","article_modified_time":"2024-08-24T11:03:16+00:00","og_image":[{"width":1920,"height":2560,"url":"https:\/\/lajunglebijoux.com\/wp-content\/uploads\/2022\/12\/IMG_20221115_122007-scaled.jpg","type":"image\/jpeg"}],"twitter_card":"summary_large_image","twitter_misc":{"Tiempo de lectura":"2 minutos"},"schema":{"@context":"https:\/\/schema.org","@graph":[{"@type":"WebPage","@id":"https:\/\/lajunglebijoux.com\/es\/producto\/collar-tarot-estrella\/","url":"https:\/\/lajunglebijoux.com\/es\/producto\/collar-tarot-estrella\/","name":"Collar tarot La Estrella oro o plata - La Jungle Bijoux","isPartOf":{"@id":"https:\/\/lajunglebijoux.com\/es\/#website"},"primaryImageOfPage":{"@id":"https:\/\/lajunglebijoux.com\/es\/producto\/collar-tarot-estrella\/#primaryimage"},"image":{"@id":"https:\/\/lajunglebijoux.com\/es\/producto\/collar-tarot-estrella\/#primaryimage"},"thumbnailUrl":"https:\/\/lajunglebijoux.com\/wp-content\/uploads\/2022\/12\/IMG_20221115_122007-scaled.jpg","datePublished":"2022-12-27T07:42:09+00:00","dateModified":"2024-08-24T11:03:16+00:00","description":"La carta estrella del tarot se convierte en un bonito collar para llevar al cuello con La Jungle Joyas. Para combinar con piedras de litoterapia.","breadcrumb":{"@id":"https:\/\/lajunglebijoux.com\/es\/producto\/collar-tarot-estrella\/#breadcrumb"},"inLanguage":"es","potentialAction":[{"@type":"ReadAction","target":["https:\/\/lajunglebijoux.com\/es\/producto\/collar-tarot-estrella\/"]}]},{"@type":"ImageObject","inLanguage":"es","@id":"https:\/\/lajunglebijoux.com\/es\/producto\/collar-tarot-estrella\/#primaryimage","url":"https:\/\/lajunglebijoux.com\/wp-content\/uploads\/2022\/12\/IMG_20221115_122007-scaled.jpg","contentUrl":"https:\/\/lajunglebijoux.com\/wp-content\/uploads\/2022\/12\/IMG_20221115_122007-scaled.jpg","width":1920,"height":2560,"caption":"collier tarot"},{"@type":"BreadcrumbList","@id":"https:\/\/lajunglebijoux.com\/es\/producto\/collar-tarot-estrella\/#breadcrumb","itemListElement":[{"@type":"ListItem","position":1,"name":"Portada","item":"https:\/\/lajunglebijoux.com\/es\/"},{"@type":"ListItem","position":2,"name":"Productos","item":"https:\/\/lajunglebijoux.com\/es\/shop\/"},{"@type":"ListItem","position":3,"name":"Collar tarot La Estrella oro o plata"}]},{"@type":"WebSite","@id":"https:\/\/lajunglebijoux.com\/es\/#website","url":"https:\/\/lajunglebijoux.com\/es\/","name":"La Jungle Bijoux","description":"","publisher":{"@id":"https:\/\/lajunglebijoux.com\/es\/#organization"},"potentialAction":[{"@type":"SearchAction","target":{"@type":"EntryPoint","urlTemplate":"https:\/\/lajunglebijoux.com\/es\/?s={search_term_string}"},"query-input":{"@type":"PropertyValueSpecification","valueRequired":true,"valueName":"search_term_string"}}],"inLanguage":"es"},{"@type":"Organization","@id":"https:\/\/lajunglebijoux.com\/es\/#organization","name":"La Jungle Bijoux","url":"https:\/\/lajunglebijoux.com\/es\/","logo":{"@type":"ImageObject","inLanguage":"es","@id":"https:\/\/lajunglebijoux.com\/es\/#\/schema\/logo\/image\/","url":"https:\/\/lajunglebijoux.com\/wp-content\/uploads\/2023\/01\/LOGO-FINAL-Fonce.jpg","contentUrl":"https:\/\/lajunglebijoux.com\/wp-content\/uploads\/2023\/01\/LOGO-FINAL-Fonce.jpg","width":900,"height":900,"caption":"La Jungle Bijoux"},"image":{"@id":"https:\/\/lajunglebijoux.com\/es\/#\/schema\/logo\/image\/"}}]}},"_links":{"self":[{"href":"https:\/\/lajunglebijoux.com\/es\/wp-json\/wp\/v2\/product\/7787","targetHints":{"allow":["GET"]}}],"collection":[{"href":"https:\/\/lajunglebijoux.com\/es\/wp-json\/wp\/v2\/product"}],"about":[{"href":"https:\/\/lajunglebijoux.com\/es\/wp-json\/wp\/v2\/types\/product"}],"replies":[{"embeddable":true,"href":"https:\/\/lajunglebijoux.com\/es\/wp-json\/wp\/v2\/comments?post=7787"}],"version-history":[{"count":0,"href":"https:\/\/lajunglebijoux.com\/es\/wp-json\/wp\/v2\/product\/7787\/revisions"}],"wp:featuredmedia":[{"embeddable":true,"href":"https:\/\/lajunglebijoux.com\/es\/wp-json\/wp\/v2\/media\/4162"}],"wp:attachment":[{"href":"https:\/\/lajunglebijoux.com\/es\/wp-json\/wp\/v2\/media?parent=7787"}],"wp:term":[{"taxonomy":"product_brand","embeddable":true,"href":"https:\/\/lajunglebijoux.com\/es\/wp-json\/wp\/v2\/product_brand?post=7787"},{"taxonomy":"product_cat","embeddable":true,"href":"https:\/\/lajunglebijoux.com\/es\/wp-json\/wp\/v2\/product_cat?post=7787"},{"taxonomy":"product_tag","embeddable":true,"href":"https:\/\/lajunglebijoux.com\/es\/wp-json\/wp\/v2\/product_tag?post=7787"}],"curies":[{"name":"wp","href":"https:\/\/api.w.org\/{rel}","templated":true}]}}