{"id":7539,"date":"2022-11-04T16:31:48","date_gmt":"2022-11-04T14:31:48","guid":{"rendered":"http:\/\/jkjpwtk.cluster026.hosting.ovh.net\/product\/boucles-oreilles-fleurs\/"},"modified":"2025-10-03T12:25:46","modified_gmt":"2025-10-03T10:25:46","slug":"pendientes-flores","status":"publish","type":"product","link":"https:\/\/lajunglebijoux.com\/es\/producto\/pendientes-flores\/","title":{"rendered":"Pendientes flor ORO o PLATA"},"content":{"rendered":"","protected":false},"excerpt":{"rendered":"<p>Verdaderas rosas inmortales, nuestros pendientes \u00abCelebrar con flores\u00bb invitan a las mujeres a celebrarse a s\u00ed mismas y a sus seres queridos con una joya elegante y femenina.<\/p>\n<p>En parte ramo de flores, en parte amuleto de la suerte, nuestros pendientes de flores son la idea de regalo perfecta para cualquier ocasi\u00f3n especial como por ejemplo Sant Jordi en Catalunya, San Valent\u00edn, un cumplea\u00f1os o el Dia de la Madre&#8230;<\/p>\n<p>Nuestros mini pendientes rosas est\u00e1n disponibles en lat\u00f3n chapado de oro de 24 quilates de 3 micras o directamente en plata de ley. Anillos y collar a juego disponibles.<\/p>\n<h2>Instrucciones de cuidado<\/h2>\n<p>Evite el contacto con el agua. Para conservar el color de la joya durante m\u00e1s tiempo, guarde los pendientes en la bolsita suministrada con el pedido.<\/p>\n","protected":false},"featured_media":2250,"comment_status":"open","ping_status":"closed","template":"","meta":{"_acf_changed":false},"product_brand":[],"product_cat":[137],"product_tag":[480],"class_list":{"0":"post-7539","1":"product","2":"type-product","3":"status-publish","4":"has-post-thumbnail","6":"product_cat-celebrar-con-flores","7":"product_tag-menos-de-50e","8":"pa_modele-pendientes","9":"pa_theme-joyas-finas","10":"pa_theme-joyas-naturaleza","11":"pa_theme-joyas-amor","13":"first","14":"outofstock","15":"sale","16":"shipping-taxable","17":"purchasable","18":"product-type-variable"},"acf":[],"gallery_images":[2256,2248,2252,2258,2254],"yoast_head":"<!-- This site is optimized with the Yoast SEO plugin v27.2 - https:\/\/yoast.com\/product\/yoast-seo-wordpress\/ -->\n<title>Pendientes flor ORO o PLATA - La Jungle Bijoux<\/title>\n<meta name=\"description\" content=\"\u00bfJoyas o flores? \u00bfPor qu\u00e9 elegir? Enamorate de nuestros pendientes de flores, la idea de regalo ideal para celebrar con flores.\" \/>\n<meta name=\"robots\" content=\"index, follow, max-snippet:-1, max-image-preview:large, max-video-preview:-1\" \/>\n<link rel=\"canonical\" href=\"https:\/\/lajunglebijoux.com\/es\/producto\/pendientes-flores\/\" \/>\n<meta property=\"og:locale\" content=\"es_ES\" \/>\n<meta property=\"og:type\" content=\"article\" \/>\n<meta property=\"og:title\" content=\"Pendientes flor ORO o PLATA - La Jungle Bijoux\" \/>\n<meta property=\"og:description\" content=\"\u00bfJoyas o flores? \u00bfPor qu\u00e9 elegir? Enamorate de nuestros pendientes de flores, la idea de regalo ideal para celebrar con flores.\" \/>\n<meta property=\"og:url\" content=\"https:\/\/lajunglebijoux.com\/es\/producto\/pendientes-flores\/\" \/>\n<meta property=\"og:site_name\" content=\"La Jungle Bijoux\" \/>\n<meta property=\"article:modified_time\" content=\"2025-10-03T10:25:46+00:00\" \/>\n<meta property=\"og:image\" content=\"https:\/\/lajunglebijoux.com\/wp-content\/uploads\/2022\/11\/couvertures-boucles-doreilles-roses-scaled.jpg\" \/>\n\t<meta property=\"og:image:width\" content=\"2560\" \/>\n\t<meta property=\"og:image:height\" content=\"2560\" \/>\n\t<meta property=\"og:image:type\" content=\"image\/jpeg\" \/>\n<meta name=\"twitter:card\" content=\"summary_large_image\" \/>\n<script type=\"application\/ld+json\" class=\"yoast-schema-graph\">{\"@context\":\"https:\/\/schema.org\",\"@graph\":[{\"@type\":\"WebPage\",\"@id\":\"https:\/\/lajunglebijoux.com\/es\/producto\/pendientes-flores\/\",\"url\":\"https:\/\/lajunglebijoux.com\/es\/producto\/pendientes-flores\/\",\"name\":\"Pendientes flor ORO o PLATA - La Jungle Bijoux\",\"isPartOf\":{\"@id\":\"https:\/\/lajunglebijoux.com\/es\/#website\"},\"primaryImageOfPage\":{\"@id\":\"https:\/\/lajunglebijoux.com\/es\/producto\/pendientes-flores\/#primaryimage\"},\"image\":{\"@id\":\"https:\/\/lajunglebijoux.com\/es\/producto\/pendientes-flores\/#primaryimage\"},\"thumbnailUrl\":\"https:\/\/lajunglebijoux.com\/wp-content\/uploads\/2022\/11\/couvertures-boucles-doreilles-roses-scaled.jpg\",\"datePublished\":\"2022-11-04T14:31:48+00:00\",\"dateModified\":\"2025-10-03T10:25:46+00:00\",\"description\":\"\u00bfJoyas o flores? \u00bfPor qu\u00e9 elegir? Enamorate de nuestros pendientes de flores, la idea de regalo ideal para celebrar con flores.\",\"breadcrumb\":{\"@id\":\"https:\/\/lajunglebijoux.com\/es\/producto\/pendientes-flores\/#breadcrumb\"},\"inLanguage\":\"es\",\"potentialAction\":[{\"@type\":\"ReadAction\",\"target\":[\"https:\/\/lajunglebijoux.com\/es\/producto\/pendientes-flores\/\"]}]},{\"@type\":\"ImageObject\",\"inLanguage\":\"es\",\"@id\":\"https:\/\/lajunglebijoux.com\/es\/producto\/pendientes-flores\/#primaryimage\",\"url\":\"https:\/\/lajunglebijoux.com\/wp-content\/uploads\/2022\/11\/couvertures-boucles-doreilles-roses-scaled.jpg\",\"contentUrl\":\"https:\/\/lajunglebijoux.com\/wp-content\/uploads\/2022\/11\/couvertures-boucles-doreilles-roses-scaled.jpg\",\"width\":2560,\"height\":2560,\"caption\":\"Boucles d\u2019oreilles fleurs\"},{\"@type\":\"BreadcrumbList\",\"@id\":\"https:\/\/lajunglebijoux.com\/es\/producto\/pendientes-flores\/#breadcrumb\",\"itemListElement\":[{\"@type\":\"ListItem\",\"position\":1,\"name\":\"Portada\",\"item\":\"https:\/\/lajunglebijoux.com\/es\/\"},{\"@type\":\"ListItem\",\"position\":2,\"name\":\"Productos\",\"item\":\"https:\/\/lajunglebijoux.com\/es\/shop\/\"},{\"@type\":\"ListItem\",\"position\":3,\"name\":\"Pendientes flor ORO o PLATA\"}]},{\"@type\":\"WebSite\",\"@id\":\"https:\/\/lajunglebijoux.com\/es\/#website\",\"url\":\"https:\/\/lajunglebijoux.com\/es\/\",\"name\":\"La Jungle Bijoux\",\"description\":\"\",\"publisher\":{\"@id\":\"https:\/\/lajunglebijoux.com\/es\/#organization\"},\"potentialAction\":[{\"@type\":\"SearchAction\",\"target\":{\"@type\":\"EntryPoint\",\"urlTemplate\":\"https:\/\/lajunglebijoux.com\/es\/?s={search_term_string}\"},\"query-input\":{\"@type\":\"PropertyValueSpecification\",\"valueRequired\":true,\"valueName\":\"search_term_string\"}}],\"inLanguage\":\"es\"},{\"@type\":\"Organization\",\"@id\":\"https:\/\/lajunglebijoux.com\/es\/#organization\",\"name\":\"La Jungle Bijoux\",\"url\":\"https:\/\/lajunglebijoux.com\/es\/\",\"logo\":{\"@type\":\"ImageObject\",\"inLanguage\":\"es\",\"@id\":\"https:\/\/lajunglebijoux.com\/es\/#\/schema\/logo\/image\/\",\"url\":\"https:\/\/lajunglebijoux.com\/wp-content\/uploads\/2023\/01\/LOGO-FINAL-Fonce.jpg\",\"contentUrl\":\"https:\/\/lajunglebijoux.com\/wp-content\/uploads\/2023\/01\/LOGO-FINAL-Fonce.jpg\",\"width\":900,\"height\":900,\"caption\":\"La Jungle Bijoux\"},\"image\":{\"@id\":\"https:\/\/lajunglebijoux.com\/es\/#\/schema\/logo\/image\/\"}}]}<\/script>\n<!-- \/ Yoast SEO plugin. -->","yoast_head_json":{"title":"Pendientes flor ORO o PLATA - La Jungle Bijoux","description":"\u00bfJoyas o flores? \u00bfPor qu\u00e9 elegir? Enamorate de nuestros pendientes de flores, la idea de regalo ideal para celebrar con flores.","robots":{"index":"index","follow":"follow","max-snippet":"max-snippet:-1","max-image-preview":"max-image-preview:large","max-video-preview":"max-video-preview:-1"},"canonical":"https:\/\/lajunglebijoux.com\/es\/producto\/pendientes-flores\/","og_locale":"es_ES","og_type":"article","og_title":"Pendientes flor ORO o PLATA - La Jungle Bijoux","og_description":"\u00bfJoyas o flores? \u00bfPor qu\u00e9 elegir? Enamorate de nuestros pendientes de flores, la idea de regalo ideal para celebrar con flores.","og_url":"https:\/\/lajunglebijoux.com\/es\/producto\/pendientes-flores\/","og_site_name":"La Jungle Bijoux","article_modified_time":"2025-10-03T10:25:46+00:00","og_image":[{"width":2560,"height":2560,"url":"https:\/\/lajunglebijoux.com\/wp-content\/uploads\/2022\/11\/couvertures-boucles-doreilles-roses-scaled.jpg","type":"image\/jpeg"}],"twitter_card":"summary_large_image","schema":{"@context":"https:\/\/schema.org","@graph":[{"@type":"WebPage","@id":"https:\/\/lajunglebijoux.com\/es\/producto\/pendientes-flores\/","url":"https:\/\/lajunglebijoux.com\/es\/producto\/pendientes-flores\/","name":"Pendientes flor ORO o PLATA - La Jungle Bijoux","isPartOf":{"@id":"https:\/\/lajunglebijoux.com\/es\/#website"},"primaryImageOfPage":{"@id":"https:\/\/lajunglebijoux.com\/es\/producto\/pendientes-flores\/#primaryimage"},"image":{"@id":"https:\/\/lajunglebijoux.com\/es\/producto\/pendientes-flores\/#primaryimage"},"thumbnailUrl":"https:\/\/lajunglebijoux.com\/wp-content\/uploads\/2022\/11\/couvertures-boucles-doreilles-roses-scaled.jpg","datePublished":"2022-11-04T14:31:48+00:00","dateModified":"2025-10-03T10:25:46+00:00","description":"\u00bfJoyas o flores? \u00bfPor qu\u00e9 elegir? Enamorate de nuestros pendientes de flores, la idea de regalo ideal para celebrar con flores.","breadcrumb":{"@id":"https:\/\/lajunglebijoux.com\/es\/producto\/pendientes-flores\/#breadcrumb"},"inLanguage":"es","potentialAction":[{"@type":"ReadAction","target":["https:\/\/lajunglebijoux.com\/es\/producto\/pendientes-flores\/"]}]},{"@type":"ImageObject","inLanguage":"es","@id":"https:\/\/lajunglebijoux.com\/es\/producto\/pendientes-flores\/#primaryimage","url":"https:\/\/lajunglebijoux.com\/wp-content\/uploads\/2022\/11\/couvertures-boucles-doreilles-roses-scaled.jpg","contentUrl":"https:\/\/lajunglebijoux.com\/wp-content\/uploads\/2022\/11\/couvertures-boucles-doreilles-roses-scaled.jpg","width":2560,"height":2560,"caption":"Boucles d\u2019oreilles fleurs"},{"@type":"BreadcrumbList","@id":"https:\/\/lajunglebijoux.com\/es\/producto\/pendientes-flores\/#breadcrumb","itemListElement":[{"@type":"ListItem","position":1,"name":"Portada","item":"https:\/\/lajunglebijoux.com\/es\/"},{"@type":"ListItem","position":2,"name":"Productos","item":"https:\/\/lajunglebijoux.com\/es\/shop\/"},{"@type":"ListItem","position":3,"name":"Pendientes flor ORO o PLATA"}]},{"@type":"WebSite","@id":"https:\/\/lajunglebijoux.com\/es\/#website","url":"https:\/\/lajunglebijoux.com\/es\/","name":"La Jungle Bijoux","description":"","publisher":{"@id":"https:\/\/lajunglebijoux.com\/es\/#organization"},"potentialAction":[{"@type":"SearchAction","target":{"@type":"EntryPoint","urlTemplate":"https:\/\/lajunglebijoux.com\/es\/?s={search_term_string}"},"query-input":{"@type":"PropertyValueSpecification","valueRequired":true,"valueName":"search_term_string"}}],"inLanguage":"es"},{"@type":"Organization","@id":"https:\/\/lajunglebijoux.com\/es\/#organization","name":"La Jungle Bijoux","url":"https:\/\/lajunglebijoux.com\/es\/","logo":{"@type":"ImageObject","inLanguage":"es","@id":"https:\/\/lajunglebijoux.com\/es\/#\/schema\/logo\/image\/","url":"https:\/\/lajunglebijoux.com\/wp-content\/uploads\/2023\/01\/LOGO-FINAL-Fonce.jpg","contentUrl":"https:\/\/lajunglebijoux.com\/wp-content\/uploads\/2023\/01\/LOGO-FINAL-Fonce.jpg","width":900,"height":900,"caption":"La Jungle Bijoux"},"image":{"@id":"https:\/\/lajunglebijoux.com\/es\/#\/schema\/logo\/image\/"}}]}},"_links":{"self":[{"href":"https:\/\/lajunglebijoux.com\/es\/wp-json\/wp\/v2\/product\/7539","targetHints":{"allow":["GET"]}}],"collection":[{"href":"https:\/\/lajunglebijoux.com\/es\/wp-json\/wp\/v2\/product"}],"about":[{"href":"https:\/\/lajunglebijoux.com\/es\/wp-json\/wp\/v2\/types\/product"}],"replies":[{"embeddable":true,"href":"https:\/\/lajunglebijoux.com\/es\/wp-json\/wp\/v2\/comments?post=7539"}],"version-history":[{"count":0,"href":"https:\/\/lajunglebijoux.com\/es\/wp-json\/wp\/v2\/product\/7539\/revisions"}],"wp:featuredmedia":[{"embeddable":true,"href":"https:\/\/lajunglebijoux.com\/es\/wp-json\/wp\/v2\/media\/2250"}],"wp:attachment":[{"href":"https:\/\/lajunglebijoux.com\/es\/wp-json\/wp\/v2\/media?parent=7539"}],"wp:term":[{"taxonomy":"product_brand","embeddable":true,"href":"https:\/\/lajunglebijoux.com\/es\/wp-json\/wp\/v2\/product_brand?post=7539"},{"taxonomy":"product_cat","embeddable":true,"href":"https:\/\/lajunglebijoux.com\/es\/wp-json\/wp\/v2\/product_cat?post=7539"},{"taxonomy":"product_tag","embeddable":true,"href":"https:\/\/lajunglebijoux.com\/es\/wp-json\/wp\/v2\/product_tag?post=7539"}],"curies":[{"name":"wp","href":"https:\/\/api.w.org\/{rel}","templated":true}]}}