{"id":7286,"date":"2023-03-13T11:30:30","date_gmt":"2023-03-13T09:30:30","guid":{"rendered":"http:\/\/jkjpwtk.cluster026.hosting.ovh.net\/product\/atelier-bijou-intention-grave\/"},"modified":"2026-03-11T15:10:29","modified_gmt":"2026-03-11T13:10:29","slug":"taller-joya-intencion-grabado","status":"publish","type":"product","link":"https:\/\/lajunglebijoux.com\/es\/producto\/taller-joya-intencion-grabado\/","title":{"rendered":"TALLER de joyas con un mensaje grabado BARCELONA"},"content":{"rendered":"<p><span style=\"color: #cd854e;\"><strong>Opciones adicionales:<\/strong><\/span><\/p>\n<ul>\n<li><strong>Podr\u00e1s agregar amuletos y piedras naturales de litoterapia.<\/strong><\/li>\n<li>Despues del taller, y de forma gratuita, estar\u00e9 encantada de <strong>compartir contigo mi ritual energ\u00e9tico para convertir tu joya en un verdadero talism\u00e1n<\/strong>. (si no te interesa no hay ning\u00fan problema, solo es un bonus).<\/li>\n<\/ul>\n<p><strong>Detalles pr\u00e1cticos de este taller de <\/strong><strong>joyer\u00eda <\/strong><strong>: <\/strong>Para crear una joya con la calidad necesaria para que dure, es necesario ba\u00f1arlas en oro de 24 kilates. Este proceso lleva unos 10 d\u00edas. Te avisar\u00e9 cuando est\u00e9 lista para que pases a recogerla, o si lo prefieres tambi\u00e9n puedo envi\u00e1rtela (con coste adicional).<\/p>\n<h2><strong>Bienvenid@s al taller de <\/strong><strong>joyer\u00eda <\/strong><strong>La Jungle:<\/strong><\/h2>\n<p>Tanto si conoces la marca desde hace a\u00f1os, como si la acabas de descubrir, esta es una oportunidad \u00fanica para sumergirse en el universo de una marca de joyer\u00eda artesanal.<\/p>\n<p>Este taller de iniciaci\u00f3n a la joyer\u00eda es una oportunidad \u00fanica de descubrir el lado que normalmente no se ve en el mundo de la joyer\u00eda. Podr\u00e1s familiarizarte con las herramientas, las t\u00e9cnicas, y aprender m\u00e1s sobre mis fuentes de inspiraci\u00f3n y motivaci\u00f3n.<\/p>\n<h2><strong>\u00bfPor qu\u00e9 un taller de <\/strong><strong>joyer\u00eda <\/strong><strong>con intenci\u00f3n?\u00a0<\/strong><\/h2>\n<p>Siempre he entendido la joyer\u00eda como mucho m\u00e1s que un complemento. <strong>Para mi la joyer\u00eda es una herramienta terap\u00e9utica<\/strong>. Cada joya es una pieza que elegimos con el coraz\u00f3n, porque nos habla, porque nos gusta su color, su forma, o su simbolismo.<\/p>\n<p>Algunas joyas, como las reliquias del pasado o las que heredamos de nuestra familia, tienen tal significado que se convierten en parte de nosotros.<\/p>\n<p><strong>Tomarse tiempo para uno mismo es el mejor regalo que nos podemos hacer. Se trata de volver a centrarse en la persona m\u00e1s importante de tu vida, t\u00fa mismo, y reflexionar sobre tus deseos y necesidades.<\/strong><\/p>\n<p>En este taller de joyer\u00eda quiero <strong>darte la oportunidad de crear una pieza \u00fanica que pueda guiarte en la vida<\/strong>.<\/p>\n<p>Muchas veces no nos tomamos el tiempo necesario para definir nuestras intenciones, y a\u00fan cuando lo hacemos tendemos a olvidarlas con el tiempo, hasta que se esfuman. M\u00e1s all\u00e1 de la <strong>alegr\u00eda y el orgullo de crear tu propia joya<\/strong>, este taller te permitir\u00e1 <strong>estar siempre acompa\u00f1ad@ de este amuleto te permitir\u00e1 no perder el rumbo y apreciar la belleza del camino, no s\u00f3lo el destino.<\/strong><\/p>\n<p>&nbsp;<\/p>\n","protected":false},"excerpt":{"rendered":"<p><strong><span style=\"color: #000000;\">Este taller se hace unicamente de manera privada (despedida de soltera, cumplea\u00f1os, baby-shower&#8230; contacta conmigo para reservar o tener mas informaciones : lajunglebijoux@gmail.com o instagram <a href=\"https:\/\/www.instagram.com\/taller.joyeria.barcelona\/\">@taller.joyeria.barcelona<\/a><\/span><\/strong><\/p>\n<h3><span style=\"color: #000000;\"><strong>Para participar a un taller de grupo sin privatizar, reserva aqui: <\/strong><\/span><span style=\"color: #000000;\"><strong><a style=\"color: #000000;\" href=\"https:\/\/lajunglebijoux.com\/es\/producto\/taller-joya-textura\/\">Crea tu joya de principioa fin con textura.<\/a><\/strong><\/span><\/h3>\n<p><strong>Te abro las puertas de mi taller de joyer\u00eda en Barcelona<\/strong> en peque\u00f1os grupos de m\u00e1ximo 6 personas para que <strong>descubr\u00e1s esta tecnica<\/strong>, y puedas llevarte tu pr\u00f3pia joya artesanal. <strong>En este taller de iniciaci\u00f3n y creaci\u00f3n de joyas te ense\u00f1ar\u00e9 a grabar tu mantra, letra por letra, en una joya<\/strong> <strong>ba\u00f1ada en oro fino de 24 kilates o chapada de oro (m\u00e1s resistente)<\/strong>.<\/p>\n<p>Adem\u00e1s de combinar una actividad manual y <strong>sumergirte en el mundo de la joyer\u00eda artesanal<\/strong>, este taller es <strong>un momento de autocuidado<\/strong>, un momento de introspecci\u00f3n e iniciaci\u00f3n a la intenci\u00f3n para recordarte una direcci\u00f3n u objetivo, y ayudarte a estar mejor alinead@ con tus deseos, valores y necesidades en tu pr\u00f3ximo ciclo de vida.<\/p>\n<p><strong>Elige tu joya:<\/strong><\/p>\n<ul>\n<li>Collar con medalla redonda (hay diferentes tama\u00f1os, la cadena esta incluida)<\/li>\n<li>Pulsera con medall\u00f3n (cadena incluida) o pulsera rigida tipo esclava.<\/li>\n<li>Anillo.<\/li>\n<\/ul>\n<p><strong>El taller se divide en 2 partes:<\/strong><\/p>\n<p>Un <span style=\"color: #cd854e;\"><strong>c\u00edrculo de conversaci\u00f3n guiado<\/strong> <strong>con cari\u00f1o <\/strong><\/span>en el que compartimos (unicamente si queremos dependiendo de nuestro estado de \u00e1nimo) lo que estamos viviendo en ese momento, en un <strong><span style=\"color: #cd854e;\">esp\u00edritu de escucha atenta y sin prejuicios<\/span>. <\/strong>Despu\u00e9s, con la ayuda de <strong>una <span style=\"color: #cd854e;\">breve sesi\u00f3n de journaling introspectivo y de cartas de or\u00e1culos<\/span>, definimos las intenciones, que grabar\u00e9mos en nuestras joyas<\/strong> (parte 2).<\/p>\n<p><strong>Duraci\u00f3n del taller de joyas grabadas:<\/strong> 1 hora y 45 minutos aproximadamente.<\/p>\n<p><strong>Ubicaci\u00f3n del taller:<\/strong> Mi taller esta ubicado en el Carrer de la Reina Amalia, en el centro de Barcelona, entre Paralel y Sant Antoni (Te proporcionar\u00e9 la direcci\u00f3n exacta junto con la confirmaci\u00f3n de la clase).<\/p>\n<h2><strong>Fechas disponibles para el taller de joyer\u00eda:<\/strong><\/h2>\n<ul>\n<li>Si ninguna de las fechas te convienen, puedes reservar tu taller con la opci\u00f3n \u201c<strong>bono regalo<\/strong>\u201d y me pondr\u00e9 en contacto contigo lo antes posible para acordar juntos una fecha y una hora.<\/li>\n<li>Env\u00edo el <strong>bono regalo<\/strong> en 48 horas maximo por correo electr\u00f3nico, podras imprimirlo para ofrecer a la(s) persona(s) con toda la informaci\u00f3n para ponerse en contacto conmigo y elegir la fecha de su taller.<\/li>\n<li><strong>Cada pedido esta valido durante un a\u00f1o, <\/strong>reservando una fecha fija, podras cambiarla si es necesario avisandome al menos con 48 horas de antelacion.<\/li>\n<\/ul>\n","protected":false},"featured_media":6356,"comment_status":"open","ping_status":"closed","template":"","meta":{"_acf_changed":false},"product_brand":[],"product_cat":[16],"product_tag":[478],"class_list":{"0":"post-7286","1":"product","2":"type-product","3":"status-publish","4":"has-post-thumbnail","6":"product_cat-uncategorized","7":"product_tag-51e-a-100e","9":"first","10":"outofstock","11":"shipping-taxable","12":"purchasable","13":"product-type-variable"},"acf":[],"gallery_images":[6355,6353,6347,6349,6870,6872,6874,13220,13048,13222,6850,6858,6854,13218,13216,6864,6852],"yoast_head":"<!-- This site is optimized with the Yoast SEO plugin v27.2 - https:\/\/yoast.com\/product\/yoast-seo-wordpress\/ -->\n<title>TALLER de joyas con un mensaje grabado BARCELONA - La Jungle Bijoux<\/title>\n<meta name=\"description\" content=\"Crea tu propia joya grabada de intenci\u00f3n en este taller de joyer\u00eda. Aprenda a grabar la joya que desee y elija un mensaje personalizado.\" \/>\n<meta name=\"robots\" content=\"index, follow, max-snippet:-1, max-image-preview:large, max-video-preview:-1\" \/>\n<link rel=\"canonical\" href=\"https:\/\/lajunglebijoux.com\/es\/producto\/taller-joya-intencion-grabado\/\" \/>\n<meta property=\"og:locale\" content=\"es_ES\" \/>\n<meta property=\"og:type\" content=\"article\" \/>\n<meta property=\"og:title\" content=\"TALLER de joyas con un mensaje grabado BARCELONA - La Jungle Bijoux\" \/>\n<meta property=\"og:description\" content=\"Crea tu propia joya grabada de intenci\u00f3n en este taller de joyer\u00eda. Aprenda a grabar la joya que desee y elija un mensaje personalizado.\" \/>\n<meta property=\"og:url\" content=\"https:\/\/lajunglebijoux.com\/es\/producto\/taller-joya-intencion-grabado\/\" \/>\n<meta property=\"og:site_name\" content=\"La Jungle Bijoux\" \/>\n<meta property=\"article:modified_time\" content=\"2026-03-11T13:10:29+00:00\" \/>\n<meta property=\"og:image\" content=\"https:\/\/lajunglebijoux.com\/wp-content\/uploads\/2023\/02\/20230119_151426-scaled.jpg\" \/>\n\t<meta property=\"og:image:width\" content=\"2560\" \/>\n\t<meta property=\"og:image:height\" content=\"2560\" \/>\n\t<meta property=\"og:image:type\" content=\"image\/jpeg\" \/>\n<meta name=\"twitter:card\" content=\"summary_large_image\" \/>\n<meta name=\"twitter:label1\" content=\"Tiempo de lectura\" \/>\n\t<meta name=\"twitter:data1\" content=\"3 minutos\" \/>\n<script type=\"application\/ld+json\" class=\"yoast-schema-graph\">{\"@context\":\"https:\/\/schema.org\",\"@graph\":[{\"@type\":\"WebPage\",\"@id\":\"https:\/\/lajunglebijoux.com\/es\/producto\/taller-joya-intencion-grabado\/\",\"url\":\"https:\/\/lajunglebijoux.com\/es\/producto\/taller-joya-intencion-grabado\/\",\"name\":\"TALLER de joyas con un mensaje grabado BARCELONA - La Jungle Bijoux\",\"isPartOf\":{\"@id\":\"https:\/\/lajunglebijoux.com\/es\/#website\"},\"primaryImageOfPage\":{\"@id\":\"https:\/\/lajunglebijoux.com\/es\/producto\/taller-joya-intencion-grabado\/#primaryimage\"},\"image\":{\"@id\":\"https:\/\/lajunglebijoux.com\/es\/producto\/taller-joya-intencion-grabado\/#primaryimage\"},\"thumbnailUrl\":\"https:\/\/lajunglebijoux.com\/wp-content\/uploads\/2023\/02\/20230119_151426-scaled.jpg\",\"datePublished\":\"2023-03-13T09:30:30+00:00\",\"dateModified\":\"2026-03-11T13:10:29+00:00\",\"description\":\"Crea tu propia joya grabada de intenci\u00f3n en este taller de joyer\u00eda. Aprenda a grabar la joya que desee y elija un mensaje personalizado.\",\"breadcrumb\":{\"@id\":\"https:\/\/lajunglebijoux.com\/es\/producto\/taller-joya-intencion-grabado\/#breadcrumb\"},\"inLanguage\":\"es\",\"potentialAction\":[{\"@type\":\"ReadAction\",\"target\":[\"https:\/\/lajunglebijoux.com\/es\/producto\/taller-joya-intencion-grabado\/\"]}]},{\"@type\":\"ImageObject\",\"inLanguage\":\"es\",\"@id\":\"https:\/\/lajunglebijoux.com\/es\/producto\/taller-joya-intencion-grabado\/#primaryimage\",\"url\":\"https:\/\/lajunglebijoux.com\/wp-content\/uploads\/2023\/02\/20230119_151426-scaled.jpg\",\"contentUrl\":\"https:\/\/lajunglebijoux.com\/wp-content\/uploads\/2023\/02\/20230119_151426-scaled.jpg\",\"width\":2560,\"height\":2560,\"caption\":\"bijou d'intention personnalis\u00e9\"},{\"@type\":\"BreadcrumbList\",\"@id\":\"https:\/\/lajunglebijoux.com\/es\/producto\/taller-joya-intencion-grabado\/#breadcrumb\",\"itemListElement\":[{\"@type\":\"ListItem\",\"position\":1,\"name\":\"Portada\",\"item\":\"https:\/\/lajunglebijoux.com\/es\/\"},{\"@type\":\"ListItem\",\"position\":2,\"name\":\"Productos\",\"item\":\"https:\/\/lajunglebijoux.com\/es\/shop\/\"},{\"@type\":\"ListItem\",\"position\":3,\"name\":\"TALLER de joyas con un mensaje grabado BARCELONA\"}]},{\"@type\":\"WebSite\",\"@id\":\"https:\/\/lajunglebijoux.com\/es\/#website\",\"url\":\"https:\/\/lajunglebijoux.com\/es\/\",\"name\":\"La Jungle Bijoux\",\"description\":\"\",\"publisher\":{\"@id\":\"https:\/\/lajunglebijoux.com\/es\/#organization\"},\"potentialAction\":[{\"@type\":\"SearchAction\",\"target\":{\"@type\":\"EntryPoint\",\"urlTemplate\":\"https:\/\/lajunglebijoux.com\/es\/?s={search_term_string}\"},\"query-input\":{\"@type\":\"PropertyValueSpecification\",\"valueRequired\":true,\"valueName\":\"search_term_string\"}}],\"inLanguage\":\"es\"},{\"@type\":\"Organization\",\"@id\":\"https:\/\/lajunglebijoux.com\/es\/#organization\",\"name\":\"La Jungle Bijoux\",\"url\":\"https:\/\/lajunglebijoux.com\/es\/\",\"logo\":{\"@type\":\"ImageObject\",\"inLanguage\":\"es\",\"@id\":\"https:\/\/lajunglebijoux.com\/es\/#\/schema\/logo\/image\/\",\"url\":\"https:\/\/lajunglebijoux.com\/wp-content\/uploads\/2023\/01\/LOGO-FINAL-Fonce.jpg\",\"contentUrl\":\"https:\/\/lajunglebijoux.com\/wp-content\/uploads\/2023\/01\/LOGO-FINAL-Fonce.jpg\",\"width\":900,\"height\":900,\"caption\":\"La Jungle Bijoux\"},\"image\":{\"@id\":\"https:\/\/lajunglebijoux.com\/es\/#\/schema\/logo\/image\/\"}}]}<\/script>\n<!-- \/ Yoast SEO plugin. -->","yoast_head_json":{"title":"TALLER de joyas con un mensaje grabado BARCELONA - La Jungle Bijoux","description":"Crea tu propia joya grabada de intenci\u00f3n en este taller de joyer\u00eda. Aprenda a grabar la joya que desee y elija un mensaje personalizado.","robots":{"index":"index","follow":"follow","max-snippet":"max-snippet:-1","max-image-preview":"max-image-preview:large","max-video-preview":"max-video-preview:-1"},"canonical":"https:\/\/lajunglebijoux.com\/es\/producto\/taller-joya-intencion-grabado\/","og_locale":"es_ES","og_type":"article","og_title":"TALLER de joyas con un mensaje grabado BARCELONA - La Jungle Bijoux","og_description":"Crea tu propia joya grabada de intenci\u00f3n en este taller de joyer\u00eda. Aprenda a grabar la joya que desee y elija un mensaje personalizado.","og_url":"https:\/\/lajunglebijoux.com\/es\/producto\/taller-joya-intencion-grabado\/","og_site_name":"La Jungle Bijoux","article_modified_time":"2026-03-11T13:10:29+00:00","og_image":[{"width":2560,"height":2560,"url":"https:\/\/lajunglebijoux.com\/wp-content\/uploads\/2023\/02\/20230119_151426-scaled.jpg","type":"image\/jpeg"}],"twitter_card":"summary_large_image","twitter_misc":{"Tiempo de lectura":"3 minutos"},"schema":{"@context":"https:\/\/schema.org","@graph":[{"@type":"WebPage","@id":"https:\/\/lajunglebijoux.com\/es\/producto\/taller-joya-intencion-grabado\/","url":"https:\/\/lajunglebijoux.com\/es\/producto\/taller-joya-intencion-grabado\/","name":"TALLER de joyas con un mensaje grabado BARCELONA - La Jungle Bijoux","isPartOf":{"@id":"https:\/\/lajunglebijoux.com\/es\/#website"},"primaryImageOfPage":{"@id":"https:\/\/lajunglebijoux.com\/es\/producto\/taller-joya-intencion-grabado\/#primaryimage"},"image":{"@id":"https:\/\/lajunglebijoux.com\/es\/producto\/taller-joya-intencion-grabado\/#primaryimage"},"thumbnailUrl":"https:\/\/lajunglebijoux.com\/wp-content\/uploads\/2023\/02\/20230119_151426-scaled.jpg","datePublished":"2023-03-13T09:30:30+00:00","dateModified":"2026-03-11T13:10:29+00:00","description":"Crea tu propia joya grabada de intenci\u00f3n en este taller de joyer\u00eda. Aprenda a grabar la joya que desee y elija un mensaje personalizado.","breadcrumb":{"@id":"https:\/\/lajunglebijoux.com\/es\/producto\/taller-joya-intencion-grabado\/#breadcrumb"},"inLanguage":"es","potentialAction":[{"@type":"ReadAction","target":["https:\/\/lajunglebijoux.com\/es\/producto\/taller-joya-intencion-grabado\/"]}]},{"@type":"ImageObject","inLanguage":"es","@id":"https:\/\/lajunglebijoux.com\/es\/producto\/taller-joya-intencion-grabado\/#primaryimage","url":"https:\/\/lajunglebijoux.com\/wp-content\/uploads\/2023\/02\/20230119_151426-scaled.jpg","contentUrl":"https:\/\/lajunglebijoux.com\/wp-content\/uploads\/2023\/02\/20230119_151426-scaled.jpg","width":2560,"height":2560,"caption":"bijou d'intention personnalis\u00e9"},{"@type":"BreadcrumbList","@id":"https:\/\/lajunglebijoux.com\/es\/producto\/taller-joya-intencion-grabado\/#breadcrumb","itemListElement":[{"@type":"ListItem","position":1,"name":"Portada","item":"https:\/\/lajunglebijoux.com\/es\/"},{"@type":"ListItem","position":2,"name":"Productos","item":"https:\/\/lajunglebijoux.com\/es\/shop\/"},{"@type":"ListItem","position":3,"name":"TALLER de joyas con un mensaje grabado BARCELONA"}]},{"@type":"WebSite","@id":"https:\/\/lajunglebijoux.com\/es\/#website","url":"https:\/\/lajunglebijoux.com\/es\/","name":"La Jungle Bijoux","description":"","publisher":{"@id":"https:\/\/lajunglebijoux.com\/es\/#organization"},"potentialAction":[{"@type":"SearchAction","target":{"@type":"EntryPoint","urlTemplate":"https:\/\/lajunglebijoux.com\/es\/?s={search_term_string}"},"query-input":{"@type":"PropertyValueSpecification","valueRequired":true,"valueName":"search_term_string"}}],"inLanguage":"es"},{"@type":"Organization","@id":"https:\/\/lajunglebijoux.com\/es\/#organization","name":"La Jungle Bijoux","url":"https:\/\/lajunglebijoux.com\/es\/","logo":{"@type":"ImageObject","inLanguage":"es","@id":"https:\/\/lajunglebijoux.com\/es\/#\/schema\/logo\/image\/","url":"https:\/\/lajunglebijoux.com\/wp-content\/uploads\/2023\/01\/LOGO-FINAL-Fonce.jpg","contentUrl":"https:\/\/lajunglebijoux.com\/wp-content\/uploads\/2023\/01\/LOGO-FINAL-Fonce.jpg","width":900,"height":900,"caption":"La Jungle Bijoux"},"image":{"@id":"https:\/\/lajunglebijoux.com\/es\/#\/schema\/logo\/image\/"}}]}},"_links":{"self":[{"href":"https:\/\/lajunglebijoux.com\/es\/wp-json\/wp\/v2\/product\/7286","targetHints":{"allow":["GET"]}}],"collection":[{"href":"https:\/\/lajunglebijoux.com\/es\/wp-json\/wp\/v2\/product"}],"about":[{"href":"https:\/\/lajunglebijoux.com\/es\/wp-json\/wp\/v2\/types\/product"}],"replies":[{"embeddable":true,"href":"https:\/\/lajunglebijoux.com\/es\/wp-json\/wp\/v2\/comments?post=7286"}],"version-history":[{"count":0,"href":"https:\/\/lajunglebijoux.com\/es\/wp-json\/wp\/v2\/product\/7286\/revisions"}],"wp:featuredmedia":[{"embeddable":true,"href":"https:\/\/lajunglebijoux.com\/es\/wp-json\/wp\/v2\/media\/6356"}],"wp:attachment":[{"href":"https:\/\/lajunglebijoux.com\/es\/wp-json\/wp\/v2\/media?parent=7286"}],"wp:term":[{"taxonomy":"product_brand","embeddable":true,"href":"https:\/\/lajunglebijoux.com\/es\/wp-json\/wp\/v2\/product_brand?post=7286"},{"taxonomy":"product_cat","embeddable":true,"href":"https:\/\/lajunglebijoux.com\/es\/wp-json\/wp\/v2\/product_cat?post=7286"},{"taxonomy":"product_tag","embeddable":true,"href":"https:\/\/lajunglebijoux.com\/es\/wp-json\/wp\/v2\/product_tag?post=7286"}],"curies":[{"name":"wp","href":"https:\/\/api.w.org\/{rel}","templated":true}]}}