{"id":471,"date":"2022-04-26T12:34:53","date_gmt":"2022-04-26T12:34:53","guid":{"rendered":"http:\/\/jkjpwtk.cluster026.hosting.ovh.net\/?post_type=product&#038;p=471"},"modified":"2024-08-24T12:58:42","modified_gmt":"2024-08-24T10:58:42","slug":"juego-de-4-pegatinas-una-miniatura-de-regalo","status":"publish","type":"product","link":"https:\/\/lajunglebijoux.com\/es\/producto\/juego-de-4-pegatinas-una-miniatura-de-regalo\/","title":{"rendered":"Juego de 4 pegatinas + una miniatura de regalo"},"content":{"rendered":"","protected":false},"excerpt":{"rendered":"<p>4 pegatinas doradas con forma redonda o rectangular de cartas de tarot.<\/p>\n<p>Tema: espiritualidad, bienestar, autoconfianza, energ\u00edas&#8230;<\/p>\n<p>Lleva estas pegatinas siempre contigo o ofr\u00e9celas a tus seres queridos. Te invitan record\u00e1ndote cuando las miras a asumir, respetar, liberar tu feminidad divina y tomar conciencia de tu energ\u00eda Kundalini.<\/p>\n<p>O aceptarte como eres, un humano \u00fanico y perfectamente imperfecto.<\/p>\n<p>Las pegatinas tambi\u00e9n te recuerdan que eres libre de cambiar, de modificar tu visi\u00f3n de la vida, de decir no a ciertas creencias y adoptar otras diferentes, de metamorfosearte cuando quieras y tantas veces como quieras. Metamorfosea tu mundo interior para ver a su vez c\u00f3mo cambia tu entorno exterior.<\/p>\n<p>Y finalmente te recuerdan que eres parte del gran conjunto del universo, de la vida, que no tienes que cargar con todo solo, estamos juntos y te gu\u00edan.<\/p>\n<p>Para pegar donde quieras, en un cuaderno, tu ordenador, tu tableta, tu tel\u00e9fono, tu petaca o termo&#8230; + una mini pegatina dorada a juego La Jungle.<\/p>\n","protected":false},"featured_media":421,"comment_status":"open","ping_status":"closed","template":"","meta":{"_acf_changed":false},"product_brand":[],"product_cat":[16],"product_tag":[480],"class_list":{"0":"post-471","1":"product","2":"type-product","3":"status-publish","4":"has-post-thumbnail","6":"product_cat-uncategorized","7":"product_tag-menos-de-50e","9":"first","10":"instock","11":"sale","12":"shipping-taxable","13":"purchasable","14":"product-type-simple"},"acf":[],"gallery_images":[464,462,425,466,468,423,470],"yoast_head":"<!-- This site is optimized with the Yoast SEO plugin v27.2 - https:\/\/yoast.com\/product\/yoast-seo-wordpress\/ -->\n<title>Juego de 4 pegatinas + una miniatura de regalo - La Jungle Bijoux<\/title>\n<meta name=\"robots\" content=\"index, follow, max-snippet:-1, max-image-preview:large, max-video-preview:-1\" \/>\n<link rel=\"canonical\" href=\"https:\/\/lajunglebijoux.com\/es\/producto\/juego-de-4-pegatinas-una-miniatura-de-regalo\/\" \/>\n<meta property=\"og:locale\" content=\"es_ES\" \/>\n<meta property=\"og:type\" content=\"article\" \/>\n<meta property=\"og:title\" content=\"Juego de 4 pegatinas + una miniatura de regalo - La Jungle Bijoux\" \/>\n<meta property=\"og:description\" content=\"4 pegatinas doradas con forma redonda o rectangular de cartas de tarot.  Tema: espiritualidad, bienestar, autoconfianza, energ\u00edas...  Lleva estas pegatinas siempre contigo o ofr\u00e9celas a tus seres queridos. Te invitan record\u00e1ndote cuando las miras a asumir, respetar, liberar tu feminidad divina y tomar conciencia de tu energ\u00eda Kundalini.  O aceptarte como eres, un humano \u00fanico y perfectamente imperfecto.  Las pegatinas tambi\u00e9n te recuerdan que eres libre de cambiar, de modificar tu visi\u00f3n de la vida, de decir no a ciertas creencias y adoptar otras diferentes, de metamorfosearte cuando quieras y tantas veces como quieras. Metamorfosea tu mundo interior para ver a su vez c\u00f3mo cambia tu entorno exterior.  Y finalmente te recuerdan que eres parte del gran conjunto del universo, de la vida, que no tienes que cargar con todo solo, estamos juntos y te gu\u00edan.  Para pegar donde quieras, en un cuaderno, tu ordenador, tu tableta, tu tel\u00e9fono, tu petaca o termo... + una mini pegatina dorada a juego La Jungle.\" \/>\n<meta property=\"og:url\" content=\"https:\/\/lajunglebijoux.com\/es\/producto\/juego-de-4-pegatinas-una-miniatura-de-regalo\/\" \/>\n<meta property=\"og:site_name\" content=\"La Jungle Bijoux\" \/>\n<meta property=\"article:modified_time\" content=\"2024-08-24T10:58:42+00:00\" \/>\n<meta property=\"og:image\" content=\"https:\/\/lajunglebijoux.com\/wp-content\/uploads\/2022\/04\/IMG_20220328_160810-scaled.jpg\" \/>\n\t<meta property=\"og:image:width\" content=\"2560\" \/>\n\t<meta property=\"og:image:height\" content=\"2560\" \/>\n\t<meta property=\"og:image:type\" content=\"image\/jpeg\" \/>\n<meta name=\"twitter:card\" content=\"summary_large_image\" \/>\n<script type=\"application\/ld+json\" class=\"yoast-schema-graph\">{\"@context\":\"https:\/\/schema.org\",\"@graph\":[{\"@type\":\"WebPage\",\"@id\":\"https:\/\/lajunglebijoux.com\/es\/producto\/juego-de-4-pegatinas-una-miniatura-de-regalo\/\",\"url\":\"https:\/\/lajunglebijoux.com\/es\/producto\/juego-de-4-pegatinas-una-miniatura-de-regalo\/\",\"name\":\"Juego de 4 pegatinas + una miniatura de regalo - La Jungle Bijoux\",\"isPartOf\":{\"@id\":\"https:\/\/lajunglebijoux.com\/es\/#website\"},\"primaryImageOfPage\":{\"@id\":\"https:\/\/lajunglebijoux.com\/es\/producto\/juego-de-4-pegatinas-una-miniatura-de-regalo\/#primaryimage\"},\"image\":{\"@id\":\"https:\/\/lajunglebijoux.com\/es\/producto\/juego-de-4-pegatinas-una-miniatura-de-regalo\/#primaryimage\"},\"thumbnailUrl\":\"https:\/\/lajunglebijoux.com\/wp-content\/uploads\/2022\/04\/IMG_20220328_160810-scaled.jpg\",\"datePublished\":\"2022-04-26T12:34:53+00:00\",\"dateModified\":\"2024-08-24T10:58:42+00:00\",\"breadcrumb\":{\"@id\":\"https:\/\/lajunglebijoux.com\/es\/producto\/juego-de-4-pegatinas-una-miniatura-de-regalo\/#breadcrumb\"},\"inLanguage\":\"es\",\"potentialAction\":[{\"@type\":\"ReadAction\",\"target\":[\"https:\/\/lajunglebijoux.com\/es\/producto\/juego-de-4-pegatinas-una-miniatura-de-regalo\/\"]}]},{\"@type\":\"ImageObject\",\"inLanguage\":\"es\",\"@id\":\"https:\/\/lajunglebijoux.com\/es\/producto\/juego-de-4-pegatinas-una-miniatura-de-regalo\/#primaryimage\",\"url\":\"https:\/\/lajunglebijoux.com\/wp-content\/uploads\/2022\/04\/IMG_20220328_160810-scaled.jpg\",\"contentUrl\":\"https:\/\/lajunglebijoux.com\/wp-content\/uploads\/2022\/04\/IMG_20220328_160810-scaled.jpg\",\"width\":2560,\"height\":2560},{\"@type\":\"BreadcrumbList\",\"@id\":\"https:\/\/lajunglebijoux.com\/es\/producto\/juego-de-4-pegatinas-una-miniatura-de-regalo\/#breadcrumb\",\"itemListElement\":[{\"@type\":\"ListItem\",\"position\":1,\"name\":\"Portada\",\"item\":\"https:\/\/lajunglebijoux.com\/es\/\"},{\"@type\":\"ListItem\",\"position\":2,\"name\":\"Productos\",\"item\":\"https:\/\/lajunglebijoux.com\/es\/shop\/\"},{\"@type\":\"ListItem\",\"position\":3,\"name\":\"Juego de 4 pegatinas + una miniatura de regalo\"}]},{\"@type\":\"WebSite\",\"@id\":\"https:\/\/lajunglebijoux.com\/es\/#website\",\"url\":\"https:\/\/lajunglebijoux.com\/es\/\",\"name\":\"La Jungle Bijoux\",\"description\":\"\",\"publisher\":{\"@id\":\"https:\/\/lajunglebijoux.com\/es\/#organization\"},\"potentialAction\":[{\"@type\":\"SearchAction\",\"target\":{\"@type\":\"EntryPoint\",\"urlTemplate\":\"https:\/\/lajunglebijoux.com\/es\/?s={search_term_string}\"},\"query-input\":{\"@type\":\"PropertyValueSpecification\",\"valueRequired\":true,\"valueName\":\"search_term_string\"}}],\"inLanguage\":\"es\"},{\"@type\":\"Organization\",\"@id\":\"https:\/\/lajunglebijoux.com\/es\/#organization\",\"name\":\"La Jungle Bijoux\",\"url\":\"https:\/\/lajunglebijoux.com\/es\/\",\"logo\":{\"@type\":\"ImageObject\",\"inLanguage\":\"es\",\"@id\":\"https:\/\/lajunglebijoux.com\/es\/#\/schema\/logo\/image\/\",\"url\":\"https:\/\/lajunglebijoux.com\/wp-content\/uploads\/2023\/01\/LOGO-FINAL-Fonce.jpg\",\"contentUrl\":\"https:\/\/lajunglebijoux.com\/wp-content\/uploads\/2023\/01\/LOGO-FINAL-Fonce.jpg\",\"width\":900,\"height\":900,\"caption\":\"La Jungle Bijoux\"},\"image\":{\"@id\":\"https:\/\/lajunglebijoux.com\/es\/#\/schema\/logo\/image\/\"}}]}<\/script>\n<!-- \/ Yoast SEO plugin. -->","yoast_head_json":{"title":"Juego de 4 pegatinas + una miniatura de regalo - La Jungle Bijoux","robots":{"index":"index","follow":"follow","max-snippet":"max-snippet:-1","max-image-preview":"max-image-preview:large","max-video-preview":"max-video-preview:-1"},"canonical":"https:\/\/lajunglebijoux.com\/es\/producto\/juego-de-4-pegatinas-una-miniatura-de-regalo\/","og_locale":"es_ES","og_type":"article","og_title":"Juego de 4 pegatinas + una miniatura de regalo - La Jungle Bijoux","og_description":"4 pegatinas doradas con forma redonda o rectangular de cartas de tarot.  Tema: espiritualidad, bienestar, autoconfianza, energ\u00edas...  Lleva estas pegatinas siempre contigo o ofr\u00e9celas a tus seres queridos. Te invitan record\u00e1ndote cuando las miras a asumir, respetar, liberar tu feminidad divina y tomar conciencia de tu energ\u00eda Kundalini.  O aceptarte como eres, un humano \u00fanico y perfectamente imperfecto.  Las pegatinas tambi\u00e9n te recuerdan que eres libre de cambiar, de modificar tu visi\u00f3n de la vida, de decir no a ciertas creencias y adoptar otras diferentes, de metamorfosearte cuando quieras y tantas veces como quieras. Metamorfosea tu mundo interior para ver a su vez c\u00f3mo cambia tu entorno exterior.  Y finalmente te recuerdan que eres parte del gran conjunto del universo, de la vida, que no tienes que cargar con todo solo, estamos juntos y te gu\u00edan.  Para pegar donde quieras, en un cuaderno, tu ordenador, tu tableta, tu tel\u00e9fono, tu petaca o termo... + una mini pegatina dorada a juego La Jungle.","og_url":"https:\/\/lajunglebijoux.com\/es\/producto\/juego-de-4-pegatinas-una-miniatura-de-regalo\/","og_site_name":"La Jungle Bijoux","article_modified_time":"2024-08-24T10:58:42+00:00","og_image":[{"width":2560,"height":2560,"url":"https:\/\/lajunglebijoux.com\/wp-content\/uploads\/2022\/04\/IMG_20220328_160810-scaled.jpg","type":"image\/jpeg"}],"twitter_card":"summary_large_image","schema":{"@context":"https:\/\/schema.org","@graph":[{"@type":"WebPage","@id":"https:\/\/lajunglebijoux.com\/es\/producto\/juego-de-4-pegatinas-una-miniatura-de-regalo\/","url":"https:\/\/lajunglebijoux.com\/es\/producto\/juego-de-4-pegatinas-una-miniatura-de-regalo\/","name":"Juego de 4 pegatinas + una miniatura de regalo - La Jungle Bijoux","isPartOf":{"@id":"https:\/\/lajunglebijoux.com\/es\/#website"},"primaryImageOfPage":{"@id":"https:\/\/lajunglebijoux.com\/es\/producto\/juego-de-4-pegatinas-una-miniatura-de-regalo\/#primaryimage"},"image":{"@id":"https:\/\/lajunglebijoux.com\/es\/producto\/juego-de-4-pegatinas-una-miniatura-de-regalo\/#primaryimage"},"thumbnailUrl":"https:\/\/lajunglebijoux.com\/wp-content\/uploads\/2022\/04\/IMG_20220328_160810-scaled.jpg","datePublished":"2022-04-26T12:34:53+00:00","dateModified":"2024-08-24T10:58:42+00:00","breadcrumb":{"@id":"https:\/\/lajunglebijoux.com\/es\/producto\/juego-de-4-pegatinas-una-miniatura-de-regalo\/#breadcrumb"},"inLanguage":"es","potentialAction":[{"@type":"ReadAction","target":["https:\/\/lajunglebijoux.com\/es\/producto\/juego-de-4-pegatinas-una-miniatura-de-regalo\/"]}]},{"@type":"ImageObject","inLanguage":"es","@id":"https:\/\/lajunglebijoux.com\/es\/producto\/juego-de-4-pegatinas-una-miniatura-de-regalo\/#primaryimage","url":"https:\/\/lajunglebijoux.com\/wp-content\/uploads\/2022\/04\/IMG_20220328_160810-scaled.jpg","contentUrl":"https:\/\/lajunglebijoux.com\/wp-content\/uploads\/2022\/04\/IMG_20220328_160810-scaled.jpg","width":2560,"height":2560},{"@type":"BreadcrumbList","@id":"https:\/\/lajunglebijoux.com\/es\/producto\/juego-de-4-pegatinas-una-miniatura-de-regalo\/#breadcrumb","itemListElement":[{"@type":"ListItem","position":1,"name":"Portada","item":"https:\/\/lajunglebijoux.com\/es\/"},{"@type":"ListItem","position":2,"name":"Productos","item":"https:\/\/lajunglebijoux.com\/es\/shop\/"},{"@type":"ListItem","position":3,"name":"Juego de 4 pegatinas + una miniatura de regalo"}]},{"@type":"WebSite","@id":"https:\/\/lajunglebijoux.com\/es\/#website","url":"https:\/\/lajunglebijoux.com\/es\/","name":"La Jungle Bijoux","description":"","publisher":{"@id":"https:\/\/lajunglebijoux.com\/es\/#organization"},"potentialAction":[{"@type":"SearchAction","target":{"@type":"EntryPoint","urlTemplate":"https:\/\/lajunglebijoux.com\/es\/?s={search_term_string}"},"query-input":{"@type":"PropertyValueSpecification","valueRequired":true,"valueName":"search_term_string"}}],"inLanguage":"es"},{"@type":"Organization","@id":"https:\/\/lajunglebijoux.com\/es\/#organization","name":"La Jungle Bijoux","url":"https:\/\/lajunglebijoux.com\/es\/","logo":{"@type":"ImageObject","inLanguage":"es","@id":"https:\/\/lajunglebijoux.com\/es\/#\/schema\/logo\/image\/","url":"https:\/\/lajunglebijoux.com\/wp-content\/uploads\/2023\/01\/LOGO-FINAL-Fonce.jpg","contentUrl":"https:\/\/lajunglebijoux.com\/wp-content\/uploads\/2023\/01\/LOGO-FINAL-Fonce.jpg","width":900,"height":900,"caption":"La Jungle Bijoux"},"image":{"@id":"https:\/\/lajunglebijoux.com\/es\/#\/schema\/logo\/image\/"}}]}},"_links":{"self":[{"href":"https:\/\/lajunglebijoux.com\/es\/wp-json\/wp\/v2\/product\/471","targetHints":{"allow":["GET"]}}],"collection":[{"href":"https:\/\/lajunglebijoux.com\/es\/wp-json\/wp\/v2\/product"}],"about":[{"href":"https:\/\/lajunglebijoux.com\/es\/wp-json\/wp\/v2\/types\/product"}],"replies":[{"embeddable":true,"href":"https:\/\/lajunglebijoux.com\/es\/wp-json\/wp\/v2\/comments?post=471"}],"version-history":[{"count":0,"href":"https:\/\/lajunglebijoux.com\/es\/wp-json\/wp\/v2\/product\/471\/revisions"}],"wp:featuredmedia":[{"embeddable":true,"href":"https:\/\/lajunglebijoux.com\/es\/wp-json\/wp\/v2\/media\/421"}],"wp:attachment":[{"href":"https:\/\/lajunglebijoux.com\/es\/wp-json\/wp\/v2\/media?parent=471"}],"wp:term":[{"taxonomy":"product_brand","embeddable":true,"href":"https:\/\/lajunglebijoux.com\/es\/wp-json\/wp\/v2\/product_brand?post=471"},{"taxonomy":"product_cat","embeddable":true,"href":"https:\/\/lajunglebijoux.com\/es\/wp-json\/wp\/v2\/product_cat?post=471"},{"taxonomy":"product_tag","embeddable":true,"href":"https:\/\/lajunglebijoux.com\/es\/wp-json\/wp\/v2\/product_tag?post=471"}],"curies":[{"name":"wp","href":"https:\/\/api.w.org\/{rel}","templated":true}]}}