{"id":4695,"date":"2022-11-09T12:04:26","date_gmt":"2022-11-09T10:04:26","guid":{"rendered":"http:\/\/jkjpwtk.cluster026.hosting.ovh.net\/product\/bague-fine-rose\/"},"modified":"2024-08-24T13:06:38","modified_gmt":"2024-08-24T11:06:38","slug":"anillo-fino-rosa","status":"publish","type":"product","link":"https:\/\/lajunglebijoux.com\/es\/producto\/anillo-fino-rosa\/","title":{"rendered":"Anillo fino rosa ORO o PLATA"},"content":{"rendered":"<h2><span style=\"font-weight: 400;\">Unas palabras de Jen, dise\u00f1adora de La Jungle Joyas<\/span><\/h2>\n<p>Siempre me han gustado las rosas, sean del color que sean. Por eso he querido ofrecer este anillo en dos versiones: oro y plata. Entre los s\u00edmbolos de las rosas, encontramos el amor y la pasi\u00f3n, pero tambi\u00e9n el respeto, el reconocimiento, la belleza y la inocencia.<\/p>\n<p>Para m\u00ed fue una elecci\u00f3n obvia poder ofrecer una pieza de joyer\u00eda con flores. Espero que esta joya aporte un poco m\u00e1s de belleza a tu vida.<\/p>\n<p>Por supuesto, puedes elegir este anillo simplemente porque el dise\u00f1o te atrae.<\/p>\n<h2><span style=\"font-weight: 400;\">\u00bfC\u00f3mo llevar el anillo rosa de oro o plata? <\/span><\/h2>\n<p>El anillo rosa puede llevarse solo o en un conjunto de anillos. En mi tienda, puedes encontrar muchos modelos que combinan perfectamente, y en particular las otras joyas de la colecci\u00f3n Celebrar con flores<\/p>\n<h2><span style=\"font-weight: 400;\">Apoya a una organizaci\u00f3n ben\u00e9fica comprando este anillo<\/span><\/h2>\n<p>Puesto que las joyas La Jungle se inspiran en la naturaleza y en las mujeres, puesto que invitan a liberarse de los complejos, a ocupar su lugar, para m\u00ed es importante actuar juntos tambi\u00e9n por los que m\u00e1s lo necesitan.<\/p>\n<p>La emergencia clim\u00e1tica afecta a las poblaciones m\u00e1s pobres y las mujeres est\u00e1n en primera l\u00ednea. Al comprar esta joya, apoyas la creaci\u00f3n artesanal pero tambi\u00e9n apoyas la lucha contra el calentamiento global, los derechos de las mujeres y las emergencias humanitarias como la guerra de Ucrania.<\/p>\n<p>El 5% del precio de venta de esta joya se donar\u00e1 a la asociaci\u00f3n CARE FRANCE, que lucha contra las desigualdades desde hace 75 a\u00f1os.<\/p>\n<p>\u00abSi la destrucci\u00f3n de la Tierra est\u00e1 causada por los humanos, \u00a1la soluci\u00f3n est\u00e1 en nuestras manos!<\/p>\n<p>Raquel, agricultora apoyada por CARE en Guatemala<\/p>\n","protected":false},"excerpt":{"rendered":"<p>Este anillo fino de rosa es una idea de regalo bonito ideal. Si no sabes si regalar una joya o unas flores, ahora puedes elegir ambas con este anillo fino y elegante de rosa.<\/p>\n<p>Este anillo est\u00e1 disponible en dos versiones:<\/p>\n<ul>\n<li>Lat\u00f3n chapado en oro de 24 quilates de 3 micras<\/li>\n<li>Plata de ley<\/li>\n<\/ul>\n<h2><span style=\"font-weight: 400;\">Consejos de cuidado<\/span><\/h2>\n<p>Para la versi\u00f3n dorada, evite el contacto con agua o productos que contengan alcohol, como perfumes o cremas corporales.<\/p>\n<p>Para la versi\u00f3n plateada, evite llevarla en el agua durante mucho tiempo. Si se oxida, puedes ponerlo en un cuenco cubierto de aluminio, en el que habr\u00e1s vertido agua y un poco de sal.<\/p>\n","protected":false},"featured_media":7519,"comment_status":"open","ping_status":"closed","template":"","meta":{"_acf_changed":false},"product_brand":[],"product_cat":[137],"product_tag":[478],"class_list":{"0":"post-4695","1":"product","2":"type-product","3":"status-publish","4":"has-post-thumbnail","6":"product_cat-celebrar-con-flores","7":"product_tag-51e-a-100e","8":"pa_modele-anillos","9":"pa_theme-joyas-finas","10":"pa_theme-joyas-naturaleza","11":"pa_theme-joyas-amor","12":"pa_theme-estilo-vintage","14":"first","15":"instock","16":"sale","17":"shipping-taxable","18":"purchasable","19":"product-type-variable"},"acf":[],"gallery_images":[2373,7521,2387,2371,2375,2377,2379,2383,2385],"yoast_head":"<!-- This site is optimized with the Yoast SEO plugin v27.2 - https:\/\/yoast.com\/product\/yoast-seo-wordpress\/ -->\n<title>Anillo fino rosa ORO o PLATA - La Jungle Bijoux<\/title>\n<meta name=\"description\" content=\"Ofrezca rosas de forma original con este anillo de flores de oro o plata. La idea de regalo perfecta para un cumplea\u00f1os o para San Valent\u00edn.\" \/>\n<meta name=\"robots\" content=\"index, follow, max-snippet:-1, max-image-preview:large, max-video-preview:-1\" \/>\n<link rel=\"canonical\" href=\"https:\/\/lajunglebijoux.com\/es\/producto\/anillo-fino-rosa\/\" \/>\n<meta property=\"og:locale\" content=\"es_ES\" \/>\n<meta property=\"og:type\" content=\"article\" \/>\n<meta property=\"og:title\" content=\"Anillo fino rosa ORO o PLATA - La Jungle Bijoux\" \/>\n<meta property=\"og:description\" content=\"Ofrezca rosas de forma original con este anillo de flores de oro o plata. La idea de regalo perfecta para un cumplea\u00f1os o para San Valent\u00edn.\" \/>\n<meta property=\"og:url\" content=\"https:\/\/lajunglebijoux.com\/es\/producto\/anillo-fino-rosa\/\" \/>\n<meta property=\"og:site_name\" content=\"La Jungle Bijoux\" \/>\n<meta property=\"article:modified_time\" content=\"2024-08-24T11:06:38+00:00\" \/>\n<meta property=\"og:image\" content=\"https:\/\/lajunglebijoux.com\/wp-content\/uploads\/2022\/11\/bague-fine-rose-or-argent.jpg\" \/>\n\t<meta property=\"og:image:width\" content=\"2560\" \/>\n\t<meta property=\"og:image:height\" content=\"2560\" \/>\n\t<meta property=\"og:image:type\" content=\"image\/jpeg\" \/>\n<meta name=\"twitter:card\" content=\"summary_large_image\" \/>\n<meta name=\"twitter:label1\" content=\"Tiempo de lectura\" \/>\n\t<meta name=\"twitter:data1\" content=\"2 minutos\" \/>\n<script type=\"application\/ld+json\" class=\"yoast-schema-graph\">{\"@context\":\"https:\/\/schema.org\",\"@graph\":[{\"@type\":\"WebPage\",\"@id\":\"https:\/\/lajunglebijoux.com\/es\/producto\/anillo-fino-rosa\/\",\"url\":\"https:\/\/lajunglebijoux.com\/es\/producto\/anillo-fino-rosa\/\",\"name\":\"Anillo fino rosa ORO o PLATA - La Jungle Bijoux\",\"isPartOf\":{\"@id\":\"https:\/\/lajunglebijoux.com\/es\/#website\"},\"primaryImageOfPage\":{\"@id\":\"https:\/\/lajunglebijoux.com\/es\/producto\/anillo-fino-rosa\/#primaryimage\"},\"image\":{\"@id\":\"https:\/\/lajunglebijoux.com\/es\/producto\/anillo-fino-rosa\/#primaryimage\"},\"thumbnailUrl\":\"https:\/\/lajunglebijoux.com\/wp-content\/uploads\/2022\/11\/bague-fine-rose-or-argent.jpg\",\"datePublished\":\"2022-11-09T10:04:26+00:00\",\"dateModified\":\"2024-08-24T11:06:38+00:00\",\"description\":\"Ofrezca rosas de forma original con este anillo de flores de oro o plata. La idea de regalo perfecta para un cumplea\u00f1os o para San Valent\u00edn.\",\"breadcrumb\":{\"@id\":\"https:\/\/lajunglebijoux.com\/es\/producto\/anillo-fino-rosa\/#breadcrumb\"},\"inLanguage\":\"es\",\"potentialAction\":[{\"@type\":\"ReadAction\",\"target\":[\"https:\/\/lajunglebijoux.com\/es\/producto\/anillo-fino-rosa\/\"]}]},{\"@type\":\"ImageObject\",\"inLanguage\":\"es\",\"@id\":\"https:\/\/lajunglebijoux.com\/es\/producto\/anillo-fino-rosa\/#primaryimage\",\"url\":\"https:\/\/lajunglebijoux.com\/wp-content\/uploads\/2022\/11\/bague-fine-rose-or-argent.jpg\",\"contentUrl\":\"https:\/\/lajunglebijoux.com\/wp-content\/uploads\/2022\/11\/bague-fine-rose-or-argent.jpg\",\"width\":2560,\"height\":2560},{\"@type\":\"BreadcrumbList\",\"@id\":\"https:\/\/lajunglebijoux.com\/es\/producto\/anillo-fino-rosa\/#breadcrumb\",\"itemListElement\":[{\"@type\":\"ListItem\",\"position\":1,\"name\":\"Portada\",\"item\":\"https:\/\/lajunglebijoux.com\/es\/\"},{\"@type\":\"ListItem\",\"position\":2,\"name\":\"Productos\",\"item\":\"https:\/\/lajunglebijoux.com\/es\/shop\/\"},{\"@type\":\"ListItem\",\"position\":3,\"name\":\"Anillo fino rosa ORO o PLATA\"}]},{\"@type\":\"WebSite\",\"@id\":\"https:\/\/lajunglebijoux.com\/es\/#website\",\"url\":\"https:\/\/lajunglebijoux.com\/es\/\",\"name\":\"La Jungle Bijoux\",\"description\":\"\",\"publisher\":{\"@id\":\"https:\/\/lajunglebijoux.com\/es\/#organization\"},\"potentialAction\":[{\"@type\":\"SearchAction\",\"target\":{\"@type\":\"EntryPoint\",\"urlTemplate\":\"https:\/\/lajunglebijoux.com\/es\/?s={search_term_string}\"},\"query-input\":{\"@type\":\"PropertyValueSpecification\",\"valueRequired\":true,\"valueName\":\"search_term_string\"}}],\"inLanguage\":\"es\"},{\"@type\":\"Organization\",\"@id\":\"https:\/\/lajunglebijoux.com\/es\/#organization\",\"name\":\"La Jungle Bijoux\",\"url\":\"https:\/\/lajunglebijoux.com\/es\/\",\"logo\":{\"@type\":\"ImageObject\",\"inLanguage\":\"es\",\"@id\":\"https:\/\/lajunglebijoux.com\/es\/#\/schema\/logo\/image\/\",\"url\":\"https:\/\/lajunglebijoux.com\/wp-content\/uploads\/2023\/01\/LOGO-FINAL-Fonce.jpg\",\"contentUrl\":\"https:\/\/lajunglebijoux.com\/wp-content\/uploads\/2023\/01\/LOGO-FINAL-Fonce.jpg\",\"width\":900,\"height\":900,\"caption\":\"La Jungle Bijoux\"},\"image\":{\"@id\":\"https:\/\/lajunglebijoux.com\/es\/#\/schema\/logo\/image\/\"}}]}<\/script>\n<!-- \/ Yoast SEO plugin. -->","yoast_head_json":{"title":"Anillo fino rosa ORO o PLATA - La Jungle Bijoux","description":"Ofrezca rosas de forma original con este anillo de flores de oro o plata. La idea de regalo perfecta para un cumplea\u00f1os o para San Valent\u00edn.","robots":{"index":"index","follow":"follow","max-snippet":"max-snippet:-1","max-image-preview":"max-image-preview:large","max-video-preview":"max-video-preview:-1"},"canonical":"https:\/\/lajunglebijoux.com\/es\/producto\/anillo-fino-rosa\/","og_locale":"es_ES","og_type":"article","og_title":"Anillo fino rosa ORO o PLATA - La Jungle Bijoux","og_description":"Ofrezca rosas de forma original con este anillo de flores de oro o plata. La idea de regalo perfecta para un cumplea\u00f1os o para San Valent\u00edn.","og_url":"https:\/\/lajunglebijoux.com\/es\/producto\/anillo-fino-rosa\/","og_site_name":"La Jungle Bijoux","article_modified_time":"2024-08-24T11:06:38+00:00","og_image":[{"width":2560,"height":2560,"url":"https:\/\/lajunglebijoux.com\/wp-content\/uploads\/2022\/11\/bague-fine-rose-or-argent.jpg","type":"image\/jpeg"}],"twitter_card":"summary_large_image","twitter_misc":{"Tiempo de lectura":"2 minutos"},"schema":{"@context":"https:\/\/schema.org","@graph":[{"@type":"WebPage","@id":"https:\/\/lajunglebijoux.com\/es\/producto\/anillo-fino-rosa\/","url":"https:\/\/lajunglebijoux.com\/es\/producto\/anillo-fino-rosa\/","name":"Anillo fino rosa ORO o PLATA - La Jungle Bijoux","isPartOf":{"@id":"https:\/\/lajunglebijoux.com\/es\/#website"},"primaryImageOfPage":{"@id":"https:\/\/lajunglebijoux.com\/es\/producto\/anillo-fino-rosa\/#primaryimage"},"image":{"@id":"https:\/\/lajunglebijoux.com\/es\/producto\/anillo-fino-rosa\/#primaryimage"},"thumbnailUrl":"https:\/\/lajunglebijoux.com\/wp-content\/uploads\/2022\/11\/bague-fine-rose-or-argent.jpg","datePublished":"2022-11-09T10:04:26+00:00","dateModified":"2024-08-24T11:06:38+00:00","description":"Ofrezca rosas de forma original con este anillo de flores de oro o plata. La idea de regalo perfecta para un cumplea\u00f1os o para San Valent\u00edn.","breadcrumb":{"@id":"https:\/\/lajunglebijoux.com\/es\/producto\/anillo-fino-rosa\/#breadcrumb"},"inLanguage":"es","potentialAction":[{"@type":"ReadAction","target":["https:\/\/lajunglebijoux.com\/es\/producto\/anillo-fino-rosa\/"]}]},{"@type":"ImageObject","inLanguage":"es","@id":"https:\/\/lajunglebijoux.com\/es\/producto\/anillo-fino-rosa\/#primaryimage","url":"https:\/\/lajunglebijoux.com\/wp-content\/uploads\/2022\/11\/bague-fine-rose-or-argent.jpg","contentUrl":"https:\/\/lajunglebijoux.com\/wp-content\/uploads\/2022\/11\/bague-fine-rose-or-argent.jpg","width":2560,"height":2560},{"@type":"BreadcrumbList","@id":"https:\/\/lajunglebijoux.com\/es\/producto\/anillo-fino-rosa\/#breadcrumb","itemListElement":[{"@type":"ListItem","position":1,"name":"Portada","item":"https:\/\/lajunglebijoux.com\/es\/"},{"@type":"ListItem","position":2,"name":"Productos","item":"https:\/\/lajunglebijoux.com\/es\/shop\/"},{"@type":"ListItem","position":3,"name":"Anillo fino rosa ORO o PLATA"}]},{"@type":"WebSite","@id":"https:\/\/lajunglebijoux.com\/es\/#website","url":"https:\/\/lajunglebijoux.com\/es\/","name":"La Jungle Bijoux","description":"","publisher":{"@id":"https:\/\/lajunglebijoux.com\/es\/#organization"},"potentialAction":[{"@type":"SearchAction","target":{"@type":"EntryPoint","urlTemplate":"https:\/\/lajunglebijoux.com\/es\/?s={search_term_string}"},"query-input":{"@type":"PropertyValueSpecification","valueRequired":true,"valueName":"search_term_string"}}],"inLanguage":"es"},{"@type":"Organization","@id":"https:\/\/lajunglebijoux.com\/es\/#organization","name":"La Jungle Bijoux","url":"https:\/\/lajunglebijoux.com\/es\/","logo":{"@type":"ImageObject","inLanguage":"es","@id":"https:\/\/lajunglebijoux.com\/es\/#\/schema\/logo\/image\/","url":"https:\/\/lajunglebijoux.com\/wp-content\/uploads\/2023\/01\/LOGO-FINAL-Fonce.jpg","contentUrl":"https:\/\/lajunglebijoux.com\/wp-content\/uploads\/2023\/01\/LOGO-FINAL-Fonce.jpg","width":900,"height":900,"caption":"La Jungle Bijoux"},"image":{"@id":"https:\/\/lajunglebijoux.com\/es\/#\/schema\/logo\/image\/"}}]}},"_links":{"self":[{"href":"https:\/\/lajunglebijoux.com\/es\/wp-json\/wp\/v2\/product\/4695","targetHints":{"allow":["GET"]}}],"collection":[{"href":"https:\/\/lajunglebijoux.com\/es\/wp-json\/wp\/v2\/product"}],"about":[{"href":"https:\/\/lajunglebijoux.com\/es\/wp-json\/wp\/v2\/types\/product"}],"replies":[{"embeddable":true,"href":"https:\/\/lajunglebijoux.com\/es\/wp-json\/wp\/v2\/comments?post=4695"}],"version-history":[{"count":0,"href":"https:\/\/lajunglebijoux.com\/es\/wp-json\/wp\/v2\/product\/4695\/revisions"}],"wp:featuredmedia":[{"embeddable":true,"href":"https:\/\/lajunglebijoux.com\/es\/wp-json\/wp\/v2\/media\/7519"}],"wp:attachment":[{"href":"https:\/\/lajunglebijoux.com\/es\/wp-json\/wp\/v2\/media?parent=4695"}],"wp:term":[{"taxonomy":"product_brand","embeddable":true,"href":"https:\/\/lajunglebijoux.com\/es\/wp-json\/wp\/v2\/product_brand?post=4695"},{"taxonomy":"product_cat","embeddable":true,"href":"https:\/\/lajunglebijoux.com\/es\/wp-json\/wp\/v2\/product_cat?post=4695"},{"taxonomy":"product_tag","embeddable":true,"href":"https:\/\/lajunglebijoux.com\/es\/wp-json\/wp\/v2\/product_tag?post=4695"}],"curies":[{"name":"wp","href":"https:\/\/api.w.org\/{rel}","templated":true}]}}