{"id":4689,"date":"2022-11-04T14:58:59","date_gmt":"2022-11-04T12:58:59","guid":{"rendered":"http:\/\/jkjpwtk.cluster026.hosting.ovh.net\/product\/collier-serpent-or-argent\/"},"modified":"2024-08-24T13:03:29","modified_gmt":"2024-08-24T11:03:29","slug":"collar-serpiente-oro-plata","status":"publish","type":"product","link":"https:\/\/lajunglebijoux.com\/es\/producto\/collar-serpiente-oro-plata\/","title":{"rendered":"ENERG\u00cdA CREATIVA &#8211; collar serpiente oro o plata"},"content":{"rendered":"","protected":false},"excerpt":{"rendered":"<p>Collar con colgante de serpiente de lat\u00f3n chapado en oro de 18 quilates o plata de ley 925 con cadena de lat\u00f3n chapado en rodio.<br \/>\nAlta resistencia.<br \/>\nLongitud 40 cm + 5 cm de extensi\u00f3n.<\/p>\n<p>Para llevar solo o como acumulaci\u00f3n de collares.<\/p>\n<p>LA SERPIENTE es el s\u00edmbolo de la energ\u00eda Kundalini, una energ\u00eda como una serpiente enroscada en el nacimiento de nuestra columna vertebral, el chakra ra\u00edz.<br \/>\nEs una energ\u00eda femenina creativa muy poderosa y expansiva que sube hasta la parte superior de la cabeza, desarroll\u00e1ndose como una serpiente y pasando por todos los centros energ\u00e9ticos de nuestro cuerpo, los chakras. Al despertarla, la kundalini nos permite revelar nuestro poder femenino y nuestra diosa creativa interior. Como una reina, retomando el control de su reino, pero con gracia. Es una energ\u00eda creativa pero tambi\u00e9n sanadora, te hace sentir m\u00e1s viva, m\u00e1s conectada, m\u00e1s consciente pero antes vendr\u00e1 a sanar el sufrimiento f\u00edsico y emocional.<\/p>\n<p>La foto del collar puesto es con un cuarzo rosa extra, recibir\u00e1s el collar serpiente sin el cuarzo pero as\u00ed puedes ver su tama\u00f1o.<\/p>\n<p>Llamo talism\u00e1n a esta joya, ya que ha sido infundida energ\u00e9ticamente con la intenci\u00f3n de su simbolismo. Como con muchas de las joyas talism\u00e1n de La Jungle, me gustar\u00eda explicar mi enfoque pero, por supuesto, s\u00f3lo coge lo que te habla y si es s\u00f3lo el dise\u00f1o de la joya, tambi\u00e9n est\u00e1 perfecto.<\/p>\n","protected":false},"featured_media":2182,"comment_status":"open","ping_status":"closed","template":"","meta":{"_acf_changed":false},"product_brand":[],"product_cat":[123],"product_tag":[480],"class_list":{"0":"post-4689","1":"product","2":"type-product","3":"status-publish","4":"has-post-thumbnail","6":"product_cat-talisman-es","7":"product_tag-menos-de-50e","8":"pa_modele-collares","9":"pa_modele-joyas-plata","10":"pa_theme-joyas-energeticas","11":"pa_theme-joyas-bienestar","13":"first","14":"instock","15":"shipping-taxable","16":"purchasable","17":"product-type-variable","18":"has-default-attributes"},"acf":[],"gallery_images":[9020,4694,2180,9024,9022,2184],"yoast_head":"<!-- This site is optimized with the Yoast SEO plugin v27.2 - https:\/\/yoast.com\/product\/yoast-seo-wordpress\/ -->\n<title>ENERG\u00cdA CREATIVA - collar serpiente oro o plata - La Jungle Bijoux<\/title>\n<meta name=\"description\" content=\"Descubre nuestro collar serpiente, oro o plata. Energ\u00eda creativa, la serpiente se encuentra en el nacimiento de nuestra columna vertebral, el chakra ra\u00edz.\" \/>\n<meta name=\"robots\" content=\"index, follow, max-snippet:-1, max-image-preview:large, max-video-preview:-1\" \/>\n<link rel=\"canonical\" href=\"https:\/\/lajunglebijoux.com\/es\/producto\/collar-serpiente-oro-plata\/\" \/>\n<meta property=\"og:locale\" content=\"es_ES\" \/>\n<meta property=\"og:type\" content=\"article\" \/>\n<meta property=\"og:title\" content=\"ENERG\u00cdA CREATIVA - collar serpiente oro o plata - La Jungle Bijoux\" \/>\n<meta property=\"og:description\" content=\"Descubre nuestro collar serpiente, oro o plata. Energ\u00eda creativa, la serpiente se encuentra en el nacimiento de nuestra columna vertebral, el chakra ra\u00edz.\" \/>\n<meta property=\"og:url\" content=\"https:\/\/lajunglebijoux.com\/es\/producto\/collar-serpiente-oro-plata\/\" \/>\n<meta property=\"og:site_name\" content=\"La Jungle Bijoux\" \/>\n<meta property=\"article:modified_time\" content=\"2024-08-24T11:03:29+00:00\" \/>\n<meta property=\"og:image\" content=\"https:\/\/lajunglebijoux.com\/wp-content\/uploads\/2022\/11\/COLLIER-SERPENT-OR-OU-ARGENT.jpg\" \/>\n\t<meta property=\"og:image:width\" content=\"2189\" \/>\n\t<meta property=\"og:image:height\" content=\"2189\" \/>\n\t<meta property=\"og:image:type\" content=\"image\/jpeg\" \/>\n<meta name=\"twitter:card\" content=\"summary_large_image\" \/>\n<script type=\"application\/ld+json\" class=\"yoast-schema-graph\">{\"@context\":\"https:\/\/schema.org\",\"@graph\":[{\"@type\":\"WebPage\",\"@id\":\"https:\/\/lajunglebijoux.com\/es\/producto\/collar-serpiente-oro-plata\/\",\"url\":\"https:\/\/lajunglebijoux.com\/es\/producto\/collar-serpiente-oro-plata\/\",\"name\":\"ENERG\u00cdA CREATIVA - collar serpiente oro o plata - La Jungle Bijoux\",\"isPartOf\":{\"@id\":\"https:\/\/lajunglebijoux.com\/es\/#website\"},\"primaryImageOfPage\":{\"@id\":\"https:\/\/lajunglebijoux.com\/es\/producto\/collar-serpiente-oro-plata\/#primaryimage\"},\"image\":{\"@id\":\"https:\/\/lajunglebijoux.com\/es\/producto\/collar-serpiente-oro-plata\/#primaryimage\"},\"thumbnailUrl\":\"https:\/\/lajunglebijoux.com\/wp-content\/uploads\/2022\/11\/COLLIER-SERPENT-OR-OU-ARGENT.jpg\",\"datePublished\":\"2022-11-04T12:58:59+00:00\",\"dateModified\":\"2024-08-24T11:03:29+00:00\",\"description\":\"Descubre nuestro collar serpiente, oro o plata. Energ\u00eda creativa, la serpiente se encuentra en el nacimiento de nuestra columna vertebral, el chakra ra\u00edz.\",\"breadcrumb\":{\"@id\":\"https:\/\/lajunglebijoux.com\/es\/producto\/collar-serpiente-oro-plata\/#breadcrumb\"},\"inLanguage\":\"es\",\"potentialAction\":[{\"@type\":\"ReadAction\",\"target\":[\"https:\/\/lajunglebijoux.com\/es\/producto\/collar-serpiente-oro-plata\/\"]}]},{\"@type\":\"ImageObject\",\"inLanguage\":\"es\",\"@id\":\"https:\/\/lajunglebijoux.com\/es\/producto\/collar-serpiente-oro-plata\/#primaryimage\",\"url\":\"https:\/\/lajunglebijoux.com\/wp-content\/uploads\/2022\/11\/COLLIER-SERPENT-OR-OU-ARGENT.jpg\",\"contentUrl\":\"https:\/\/lajunglebijoux.com\/wp-content\/uploads\/2022\/11\/COLLIER-SERPENT-OR-OU-ARGENT.jpg\",\"width\":2189,\"height\":2189,\"caption\":\"collier serpent or ou argent\"},{\"@type\":\"BreadcrumbList\",\"@id\":\"https:\/\/lajunglebijoux.com\/es\/producto\/collar-serpiente-oro-plata\/#breadcrumb\",\"itemListElement\":[{\"@type\":\"ListItem\",\"position\":1,\"name\":\"Portada\",\"item\":\"https:\/\/lajunglebijoux.com\/es\/\"},{\"@type\":\"ListItem\",\"position\":2,\"name\":\"Productos\",\"item\":\"https:\/\/lajunglebijoux.com\/es\/shop\/\"},{\"@type\":\"ListItem\",\"position\":3,\"name\":\"ENERG\u00cdA CREATIVA &#8211; collar serpiente oro o plata\"}]},{\"@type\":\"WebSite\",\"@id\":\"https:\/\/lajunglebijoux.com\/es\/#website\",\"url\":\"https:\/\/lajunglebijoux.com\/es\/\",\"name\":\"La Jungle Bijoux\",\"description\":\"\",\"publisher\":{\"@id\":\"https:\/\/lajunglebijoux.com\/es\/#organization\"},\"potentialAction\":[{\"@type\":\"SearchAction\",\"target\":{\"@type\":\"EntryPoint\",\"urlTemplate\":\"https:\/\/lajunglebijoux.com\/es\/?s={search_term_string}\"},\"query-input\":{\"@type\":\"PropertyValueSpecification\",\"valueRequired\":true,\"valueName\":\"search_term_string\"}}],\"inLanguage\":\"es\"},{\"@type\":\"Organization\",\"@id\":\"https:\/\/lajunglebijoux.com\/es\/#organization\",\"name\":\"La Jungle Bijoux\",\"url\":\"https:\/\/lajunglebijoux.com\/es\/\",\"logo\":{\"@type\":\"ImageObject\",\"inLanguage\":\"es\",\"@id\":\"https:\/\/lajunglebijoux.com\/es\/#\/schema\/logo\/image\/\",\"url\":\"https:\/\/lajunglebijoux.com\/wp-content\/uploads\/2023\/01\/LOGO-FINAL-Fonce.jpg\",\"contentUrl\":\"https:\/\/lajunglebijoux.com\/wp-content\/uploads\/2023\/01\/LOGO-FINAL-Fonce.jpg\",\"width\":900,\"height\":900,\"caption\":\"La Jungle Bijoux\"},\"image\":{\"@id\":\"https:\/\/lajunglebijoux.com\/es\/#\/schema\/logo\/image\/\"}}]}<\/script>\n<!-- \/ Yoast SEO plugin. -->","yoast_head_json":{"title":"ENERG\u00cdA CREATIVA - collar serpiente oro o plata - La Jungle Bijoux","description":"Descubre nuestro collar serpiente, oro o plata. Energ\u00eda creativa, la serpiente se encuentra en el nacimiento de nuestra columna vertebral, el chakra ra\u00edz.","robots":{"index":"index","follow":"follow","max-snippet":"max-snippet:-1","max-image-preview":"max-image-preview:large","max-video-preview":"max-video-preview:-1"},"canonical":"https:\/\/lajunglebijoux.com\/es\/producto\/collar-serpiente-oro-plata\/","og_locale":"es_ES","og_type":"article","og_title":"ENERG\u00cdA CREATIVA - collar serpiente oro o plata - La Jungle Bijoux","og_description":"Descubre nuestro collar serpiente, oro o plata. Energ\u00eda creativa, la serpiente se encuentra en el nacimiento de nuestra columna vertebral, el chakra ra\u00edz.","og_url":"https:\/\/lajunglebijoux.com\/es\/producto\/collar-serpiente-oro-plata\/","og_site_name":"La Jungle Bijoux","article_modified_time":"2024-08-24T11:03:29+00:00","og_image":[{"width":2189,"height":2189,"url":"https:\/\/lajunglebijoux.com\/wp-content\/uploads\/2022\/11\/COLLIER-SERPENT-OR-OU-ARGENT.jpg","type":"image\/jpeg"}],"twitter_card":"summary_large_image","schema":{"@context":"https:\/\/schema.org","@graph":[{"@type":"WebPage","@id":"https:\/\/lajunglebijoux.com\/es\/producto\/collar-serpiente-oro-plata\/","url":"https:\/\/lajunglebijoux.com\/es\/producto\/collar-serpiente-oro-plata\/","name":"ENERG\u00cdA CREATIVA - collar serpiente oro o plata - La Jungle Bijoux","isPartOf":{"@id":"https:\/\/lajunglebijoux.com\/es\/#website"},"primaryImageOfPage":{"@id":"https:\/\/lajunglebijoux.com\/es\/producto\/collar-serpiente-oro-plata\/#primaryimage"},"image":{"@id":"https:\/\/lajunglebijoux.com\/es\/producto\/collar-serpiente-oro-plata\/#primaryimage"},"thumbnailUrl":"https:\/\/lajunglebijoux.com\/wp-content\/uploads\/2022\/11\/COLLIER-SERPENT-OR-OU-ARGENT.jpg","datePublished":"2022-11-04T12:58:59+00:00","dateModified":"2024-08-24T11:03:29+00:00","description":"Descubre nuestro collar serpiente, oro o plata. Energ\u00eda creativa, la serpiente se encuentra en el nacimiento de nuestra columna vertebral, el chakra ra\u00edz.","breadcrumb":{"@id":"https:\/\/lajunglebijoux.com\/es\/producto\/collar-serpiente-oro-plata\/#breadcrumb"},"inLanguage":"es","potentialAction":[{"@type":"ReadAction","target":["https:\/\/lajunglebijoux.com\/es\/producto\/collar-serpiente-oro-plata\/"]}]},{"@type":"ImageObject","inLanguage":"es","@id":"https:\/\/lajunglebijoux.com\/es\/producto\/collar-serpiente-oro-plata\/#primaryimage","url":"https:\/\/lajunglebijoux.com\/wp-content\/uploads\/2022\/11\/COLLIER-SERPENT-OR-OU-ARGENT.jpg","contentUrl":"https:\/\/lajunglebijoux.com\/wp-content\/uploads\/2022\/11\/COLLIER-SERPENT-OR-OU-ARGENT.jpg","width":2189,"height":2189,"caption":"collier serpent or ou argent"},{"@type":"BreadcrumbList","@id":"https:\/\/lajunglebijoux.com\/es\/producto\/collar-serpiente-oro-plata\/#breadcrumb","itemListElement":[{"@type":"ListItem","position":1,"name":"Portada","item":"https:\/\/lajunglebijoux.com\/es\/"},{"@type":"ListItem","position":2,"name":"Productos","item":"https:\/\/lajunglebijoux.com\/es\/shop\/"},{"@type":"ListItem","position":3,"name":"ENERG\u00cdA CREATIVA &#8211; collar serpiente oro o plata"}]},{"@type":"WebSite","@id":"https:\/\/lajunglebijoux.com\/es\/#website","url":"https:\/\/lajunglebijoux.com\/es\/","name":"La Jungle Bijoux","description":"","publisher":{"@id":"https:\/\/lajunglebijoux.com\/es\/#organization"},"potentialAction":[{"@type":"SearchAction","target":{"@type":"EntryPoint","urlTemplate":"https:\/\/lajunglebijoux.com\/es\/?s={search_term_string}"},"query-input":{"@type":"PropertyValueSpecification","valueRequired":true,"valueName":"search_term_string"}}],"inLanguage":"es"},{"@type":"Organization","@id":"https:\/\/lajunglebijoux.com\/es\/#organization","name":"La Jungle Bijoux","url":"https:\/\/lajunglebijoux.com\/es\/","logo":{"@type":"ImageObject","inLanguage":"es","@id":"https:\/\/lajunglebijoux.com\/es\/#\/schema\/logo\/image\/","url":"https:\/\/lajunglebijoux.com\/wp-content\/uploads\/2023\/01\/LOGO-FINAL-Fonce.jpg","contentUrl":"https:\/\/lajunglebijoux.com\/wp-content\/uploads\/2023\/01\/LOGO-FINAL-Fonce.jpg","width":900,"height":900,"caption":"La Jungle Bijoux"},"image":{"@id":"https:\/\/lajunglebijoux.com\/es\/#\/schema\/logo\/image\/"}}]}},"_links":{"self":[{"href":"https:\/\/lajunglebijoux.com\/es\/wp-json\/wp\/v2\/product\/4689","targetHints":{"allow":["GET"]}}],"collection":[{"href":"https:\/\/lajunglebijoux.com\/es\/wp-json\/wp\/v2\/product"}],"about":[{"href":"https:\/\/lajunglebijoux.com\/es\/wp-json\/wp\/v2\/types\/product"}],"replies":[{"embeddable":true,"href":"https:\/\/lajunglebijoux.com\/es\/wp-json\/wp\/v2\/comments?post=4689"}],"version-history":[{"count":0,"href":"https:\/\/lajunglebijoux.com\/es\/wp-json\/wp\/v2\/product\/4689\/revisions"}],"wp:featuredmedia":[{"embeddable":true,"href":"https:\/\/lajunglebijoux.com\/es\/wp-json\/wp\/v2\/media\/2182"}],"wp:attachment":[{"href":"https:\/\/lajunglebijoux.com\/es\/wp-json\/wp\/v2\/media?parent=4689"}],"wp:term":[{"taxonomy":"product_brand","embeddable":true,"href":"https:\/\/lajunglebijoux.com\/es\/wp-json\/wp\/v2\/product_brand?post=4689"},{"taxonomy":"product_cat","embeddable":true,"href":"https:\/\/lajunglebijoux.com\/es\/wp-json\/wp\/v2\/product_cat?post=4689"},{"taxonomy":"product_tag","embeddable":true,"href":"https:\/\/lajunglebijoux.com\/es\/wp-json\/wp\/v2\/product_tag?post=4689"}],"curies":[{"name":"wp","href":"https:\/\/api.w.org\/{rel}","templated":true}]}}