{"id":23342,"date":"2026-05-05T18:01:32","date_gmt":"2026-05-05T16:01:32","guid":{"rendered":"https:\/\/lajunglebijoux.com\/?post_type=product&#038;p=23342"},"modified":"2026-05-05T19:10:22","modified_gmt":"2026-05-05T17:10:22","slug":"taller-de-joyeria-en-cera-perdida-barcelona-edicion-piloto","status":"publish","type":"product","link":"https:\/\/lajunglebijoux.com\/es\/producto\/taller-de-joyeria-en-cera-perdida-barcelona-edicion-piloto\/","title":{"rendered":"Taller de joyer\u00eda en cera perdida \u2013 Barcelona &#8211; Edici\u00f3n piloto"},"content":{"rendered":"<h3>Informaci\u00f3n pr\u00e1ctica sobre el taller de joyer\u00eda en cera perdida<\/h3>\n<ul>\n<li>Duraci\u00f3n aproximada: 2 horas<\/li>\n<li>Direcci\u00f3n : Barcelona Ciutat Vella 08001 (entre Paral.lel y Sant Antoni) Te proporcionar\u00e9 la direcci\u00f3n exacta junto con la confirmaci\u00f3n del taller de joyeria. (maximo 48h despues de tu pedido)<\/li>\n<li>Materiales y herramientas incluidos<\/li>\n<li>Opciones de metal de la joya final : lat\u00f3n chapado de oro 24 quilates o plata de ley<\/li>\n<li>No se requiere experiencia previa<\/li>\n<\/ul>\n<p><!-- notionvc: 34b0f013-5b06-4599-a374-a5f42a89fdd1 --><\/p>\n","protected":false},"excerpt":{"rendered":"<p>En joyer\u00eda artesanal, existen <strong>dos grandes t\u00e9cnicas fundamentales<\/strong>: el trabajo directo del metal (l\u00e1minas, hilos, corte y conformado) y la <strong>fundici\u00f3n a la cera perdida<\/strong>.<\/p>\n<p>Desde hace m\u00e1s de <strong>3<\/strong> <strong>a\u00f1os<\/strong> imparto <strong>talleres de joyer\u00eda en Bracelona<\/strong> trabajando el metal de forma directa, y solo desde <strong>2025, m\u00e1s de 330 personas han creado joyas conmigo en mis talleres<\/strong>.<\/p>\n<p>Con este <strong>nuevo taller de joyer\u00eda<\/strong> , abro la puerta a la segunda gran t\u00e9cnica de este oficio, para ofrecer una <strong>experiencia m\u00e1s completa<\/strong> y descubrir otra forma de <strong>crear joyas<\/strong>, m\u00e1s org\u00e1nica y intuitiva.<\/p>\n<p>Este <strong>taller de joyer\u00eda en<\/strong> <strong>cera perdida en Barcelona<\/strong> es una experiencia creativa y artesanal donde aprender\u00e1s a modelar la cera y dise\u00f1ar tu propia joya desde cero.<\/p>\n<p>Al tratarse de una edici\u00f3n piloto, no puedo definir con precisi\u00f3n la duraci\u00f3n del taller, pero ser\u00e1 aproximadamente entre 1h30 y 2h30 como m\u00e1ximo. Descubrir\u00e1s el proceso y las herramientas creando una pieza \u00fanica que ser\u00e1 posteriormente fundida en <strong>lat\u00f3n chapado de oro 24 quilates o en plata de ley<\/strong>, a elegir.<\/p>\n<p>Durante el <strong>taller de joyer\u00eda en cera perdida en Barcelona,<\/strong> podr\u00e1s crear tu propia joya desde cero o basarte en los dise\u00f1os de mi marca, La Jungle:<!-- notionvc: 248c3bcd-d89e-4395-9187-548b8994d511 --><\/p>\n<ul>\n<li><strong>un collar<\/strong><\/li>\n<li><strong>o una pulsera<\/strong><\/li>\n<li><strong>o un anillo<\/strong><\/li>\n<li><strong>o unos pendientes<\/strong><\/li>\n<\/ul>\n<p>, explorando cada etapa de esta <strong>t\u00e9cnica tradicional de joyer\u00eda artesanal.<\/strong><\/p>\n<h3>Edici\u00f3n piloto \u2013 precio especial<\/h3>\n<p>Este taller se ofrece por primera vez en formato <strong>edici\u00f3n piloto \/ beta test<\/strong>.<\/p>\n<p>Por este motivo, y para celebrar el lanzamiento de este nuevo formato, es un precio especial.<\/p>\n<p>Aunque es una primera edici\u00f3n, <strong>la experiencia, los materiales, las herramientas y la calidad del resultado final son exactamente los mismos que en los proximos talleres<\/strong>.<\/p>\n<p>Es una oportunidad ideal para:<\/p>\n<ul>\n<li>vivir el taller a un precio reducido,<\/li>\n<li>formar parte de la primera edici\u00f3n,<\/li>\n<li>y contribuir al nacimiento de un nuevo formato de taller.<\/li>\n<\/ul>\n<p>Las plazas son limitadas y esta tarifa especial solo estar\u00e1 disponible para estas primeras edici\u00f3nes.<\/p>\n<p><!-- notionvc: e597cc1c-01fd-4adc-9fb0-de1cc980b5f7 --><\/p>\n","protected":false},"featured_media":23358,"comment_status":"open","ping_status":"closed","template":"","meta":{"_acf_changed":false},"product_brand":[],"product_cat":[16],"product_tag":[],"class_list":{"0":"post-23342","1":"product","2":"type-product","3":"status-publish","4":"has-post-thumbnail","6":"product_cat-uncategorized","8":"first","9":"instock","10":"sale","11":"shipping-taxable","12":"purchasable","13":"product-type-variable"},"acf":[],"gallery_images":[23372,23354,23356,23348,23350,23352,23362,23360,23364,23366,23368,23370,23384,23386,23388,23390,23392,23394,23396],"yoast_head":"<!-- This site is optimized with the Yoast SEO plugin v27.2 - https:\/\/yoast.com\/product\/yoast-seo-wordpress\/ -->\n<title>Taller de joyer\u00eda en cera perdida \u2013 Barcelona - Edici\u00f3n piloto - La Jungle Bijoux<\/title>\n<meta name=\"robots\" content=\"index, follow, max-snippet:-1, max-image-preview:large, max-video-preview:-1\" \/>\n<link rel=\"canonical\" href=\"https:\/\/lajunglebijoux.com\/es\/producto\/taller-de-joyeria-en-cera-perdida-barcelona-edicion-piloto\/\" \/>\n<meta property=\"og:locale\" content=\"es_ES\" \/>\n<meta property=\"og:type\" content=\"article\" \/>\n<meta property=\"og:title\" content=\"Taller de joyer\u00eda en cera perdida \u2013 Barcelona - Edici\u00f3n piloto - La Jungle Bijoux\" \/>\n<meta property=\"og:description\" content=\"En joyer\u00eda artesanal, existen dos grandes t\u00e9cnicas fundamentales: el trabajo directo del metal (l\u00e1minas, hilos, corte y conformado) y la fundici\u00f3n a la cera perdida.  Desde hace m\u00e1s de 3 a\u00f1os imparto talleres de joyer\u00eda en Bracelona trabajando el metal de forma directa, y solo desde 2025, m\u00e1s de 330 personas han creado joyas conmigo en mis talleres.  Con este nuevo taller de joyer\u00eda , abro la puerta a la segunda gran t\u00e9cnica de este oficio, para ofrecer una experiencia m\u00e1s completa y descubrir otra forma de crear joyas, m\u00e1s org\u00e1nica y intuitiva.  Este taller de joyer\u00eda en cera perdida en Barcelona es una experiencia creativa y artesanal donde aprender\u00e1s a modelar la cera y dise\u00f1ar tu propia joya desde cero.  Al tratarse de una edici\u00f3n piloto, no puedo definir con precisi\u00f3n la duraci\u00f3n del taller, pero ser\u00e1 aproximadamente entre 1h30 y 2h30 como m\u00e1ximo. Descubrir\u00e1s el proceso y las herramientas creando una pieza \u00fanica que ser\u00e1 posteriormente fundida en lat\u00f3n chapado de oro 24 quilates o en plata de ley, a elegir.  Durante el taller de joyer\u00eda en cera perdida en Barcelona, podr\u00e1s crear tu propia joya desde cero o basarte en los dise\u00f1os de mi marca, La Jungle:   un collar  o una pulsera  o un anillo  o unos pendientes  , explorando cada etapa de esta t\u00e9cnica tradicional de joyer\u00eda artesanal. Edici\u00f3n piloto \u2013 precio especial Este taller se ofrece por primera vez en formato edici\u00f3n piloto \/ beta test.  Por este motivo, y para celebrar el lanzamiento de este nuevo formato, es un precio especial.  Aunque es una primera edici\u00f3n, la experiencia, los materiales, las herramientas y la calidad del resultado final son exactamente los mismos que en los proximos talleres.  Es una oportunidad ideal para:   vivir el taller a un precio reducido,  formar parte de la primera edici\u00f3n,  y contribuir al nacimiento de un nuevo formato de taller.  Las plazas son limitadas y esta tarifa especial solo estar\u00e1 disponible para estas primeras edici\u00f3nes.\" \/>\n<meta property=\"og:url\" content=\"https:\/\/lajunglebijoux.com\/es\/producto\/taller-de-joyeria-en-cera-perdida-barcelona-edicion-piloto\/\" \/>\n<meta property=\"og:site_name\" content=\"La Jungle Bijoux\" \/>\n<meta property=\"article:modified_time\" content=\"2026-05-05T17:10:22+00:00\" \/>\n<meta property=\"og:image\" content=\"https:\/\/lajunglebijoux.com\/wp-content\/uploads\/2026\/05\/taller-joyeria-cera-perdida-barcelona-6-scaled.jpg\" \/>\n\t<meta property=\"og:image:width\" content=\"1922\" \/>\n\t<meta property=\"og:image:height\" content=\"2560\" \/>\n\t<meta property=\"og:image:type\" content=\"image\/jpeg\" \/>\n<meta name=\"twitter:card\" content=\"summary_large_image\" \/>\n<meta name=\"twitter:label1\" content=\"Tiempo de lectura\" \/>\n\t<meta name=\"twitter:data1\" content=\"1 minuto\" \/>\n<script type=\"application\/ld+json\" class=\"yoast-schema-graph\">{\"@context\":\"https:\/\/schema.org\",\"@graph\":[{\"@type\":\"WebPage\",\"@id\":\"https:\/\/lajunglebijoux.com\/es\/producto\/taller-de-joyeria-en-cera-perdida-barcelona-edicion-piloto\/\",\"url\":\"https:\/\/lajunglebijoux.com\/es\/producto\/taller-de-joyeria-en-cera-perdida-barcelona-edicion-piloto\/\",\"name\":\"Taller de joyer\u00eda en cera perdida \u2013 Barcelona - Edici\u00f3n piloto - La Jungle Bijoux\",\"isPartOf\":{\"@id\":\"https:\/\/lajunglebijoux.com\/es\/#website\"},\"primaryImageOfPage\":{\"@id\":\"https:\/\/lajunglebijoux.com\/es\/producto\/taller-de-joyeria-en-cera-perdida-barcelona-edicion-piloto\/#primaryimage\"},\"image\":{\"@id\":\"https:\/\/lajunglebijoux.com\/es\/producto\/taller-de-joyeria-en-cera-perdida-barcelona-edicion-piloto\/#primaryimage\"},\"thumbnailUrl\":\"https:\/\/lajunglebijoux.com\/wp-content\/uploads\/2026\/05\/taller-joyeria-cera-perdida-barcelona-6-scaled.jpg\",\"datePublished\":\"2026-05-05T16:01:32+00:00\",\"dateModified\":\"2026-05-05T17:10:22+00:00\",\"breadcrumb\":{\"@id\":\"https:\/\/lajunglebijoux.com\/es\/producto\/taller-de-joyeria-en-cera-perdida-barcelona-edicion-piloto\/#breadcrumb\"},\"inLanguage\":\"es\",\"potentialAction\":[{\"@type\":\"ReadAction\",\"target\":[\"https:\/\/lajunglebijoux.com\/es\/producto\/taller-de-joyeria-en-cera-perdida-barcelona-edicion-piloto\/\"]}]},{\"@type\":\"ImageObject\",\"inLanguage\":\"es\",\"@id\":\"https:\/\/lajunglebijoux.com\/es\/producto\/taller-de-joyeria-en-cera-perdida-barcelona-edicion-piloto\/#primaryimage\",\"url\":\"https:\/\/lajunglebijoux.com\/wp-content\/uploads\/2026\/05\/taller-joyeria-cera-perdida-barcelona-6-scaled.jpg\",\"contentUrl\":\"https:\/\/lajunglebijoux.com\/wp-content\/uploads\/2026\/05\/taller-joyeria-cera-perdida-barcelona-6-scaled.jpg\",\"width\":1922,\"height\":2560},{\"@type\":\"BreadcrumbList\",\"@id\":\"https:\/\/lajunglebijoux.com\/es\/producto\/taller-de-joyeria-en-cera-perdida-barcelona-edicion-piloto\/#breadcrumb\",\"itemListElement\":[{\"@type\":\"ListItem\",\"position\":1,\"name\":\"Portada\",\"item\":\"https:\/\/lajunglebijoux.com\/es\/\"},{\"@type\":\"ListItem\",\"position\":2,\"name\":\"Productos\",\"item\":\"https:\/\/lajunglebijoux.com\/es\/shop\/\"},{\"@type\":\"ListItem\",\"position\":3,\"name\":\"Taller de joyer\u00eda en cera perdida \u2013 Barcelona &#8211; Edici\u00f3n piloto\"}]},{\"@type\":\"WebSite\",\"@id\":\"https:\/\/lajunglebijoux.com\/es\/#website\",\"url\":\"https:\/\/lajunglebijoux.com\/es\/\",\"name\":\"La Jungle Bijoux\",\"description\":\"\",\"publisher\":{\"@id\":\"https:\/\/lajunglebijoux.com\/es\/#organization\"},\"potentialAction\":[{\"@type\":\"SearchAction\",\"target\":{\"@type\":\"EntryPoint\",\"urlTemplate\":\"https:\/\/lajunglebijoux.com\/es\/?s={search_term_string}\"},\"query-input\":{\"@type\":\"PropertyValueSpecification\",\"valueRequired\":true,\"valueName\":\"search_term_string\"}}],\"inLanguage\":\"es\"},{\"@type\":\"Organization\",\"@id\":\"https:\/\/lajunglebijoux.com\/es\/#organization\",\"name\":\"La Jungle Bijoux\",\"url\":\"https:\/\/lajunglebijoux.com\/es\/\",\"logo\":{\"@type\":\"ImageObject\",\"inLanguage\":\"es\",\"@id\":\"https:\/\/lajunglebijoux.com\/es\/#\/schema\/logo\/image\/\",\"url\":\"https:\/\/lajunglebijoux.com\/wp-content\/uploads\/2023\/01\/LOGO-FINAL-Fonce.jpg\",\"contentUrl\":\"https:\/\/lajunglebijoux.com\/wp-content\/uploads\/2023\/01\/LOGO-FINAL-Fonce.jpg\",\"width\":900,\"height\":900,\"caption\":\"La Jungle Bijoux\"},\"image\":{\"@id\":\"https:\/\/lajunglebijoux.com\/es\/#\/schema\/logo\/image\/\"}}]}<\/script>\n<!-- \/ Yoast SEO plugin. -->","yoast_head_json":{"title":"Taller de joyer\u00eda en cera perdida \u2013 Barcelona - Edici\u00f3n piloto - La Jungle Bijoux","robots":{"index":"index","follow":"follow","max-snippet":"max-snippet:-1","max-image-preview":"max-image-preview:large","max-video-preview":"max-video-preview:-1"},"canonical":"https:\/\/lajunglebijoux.com\/es\/producto\/taller-de-joyeria-en-cera-perdida-barcelona-edicion-piloto\/","og_locale":"es_ES","og_type":"article","og_title":"Taller de joyer\u00eda en cera perdida \u2013 Barcelona - Edici\u00f3n piloto - La Jungle Bijoux","og_description":"En joyer\u00eda artesanal, existen dos grandes t\u00e9cnicas fundamentales: el trabajo directo del metal (l\u00e1minas, hilos, corte y conformado) y la fundici\u00f3n a la cera perdida.  Desde hace m\u00e1s de 3 a\u00f1os imparto talleres de joyer\u00eda en Bracelona trabajando el metal de forma directa, y solo desde 2025, m\u00e1s de 330 personas han creado joyas conmigo en mis talleres.  Con este nuevo taller de joyer\u00eda , abro la puerta a la segunda gran t\u00e9cnica de este oficio, para ofrecer una experiencia m\u00e1s completa y descubrir otra forma de crear joyas, m\u00e1s org\u00e1nica y intuitiva.  Este taller de joyer\u00eda en cera perdida en Barcelona es una experiencia creativa y artesanal donde aprender\u00e1s a modelar la cera y dise\u00f1ar tu propia joya desde cero.  Al tratarse de una edici\u00f3n piloto, no puedo definir con precisi\u00f3n la duraci\u00f3n del taller, pero ser\u00e1 aproximadamente entre 1h30 y 2h30 como m\u00e1ximo. Descubrir\u00e1s el proceso y las herramientas creando una pieza \u00fanica que ser\u00e1 posteriormente fundida en lat\u00f3n chapado de oro 24 quilates o en plata de ley, a elegir.  Durante el taller de joyer\u00eda en cera perdida en Barcelona, podr\u00e1s crear tu propia joya desde cero o basarte en los dise\u00f1os de mi marca, La Jungle:   un collar  o una pulsera  o un anillo  o unos pendientes  , explorando cada etapa de esta t\u00e9cnica tradicional de joyer\u00eda artesanal. Edici\u00f3n piloto \u2013 precio especial Este taller se ofrece por primera vez en formato edici\u00f3n piloto \/ beta test.  Por este motivo, y para celebrar el lanzamiento de este nuevo formato, es un precio especial.  Aunque es una primera edici\u00f3n, la experiencia, los materiales, las herramientas y la calidad del resultado final son exactamente los mismos que en los proximos talleres.  Es una oportunidad ideal para:   vivir el taller a un precio reducido,  formar parte de la primera edici\u00f3n,  y contribuir al nacimiento de un nuevo formato de taller.  Las plazas son limitadas y esta tarifa especial solo estar\u00e1 disponible para estas primeras edici\u00f3nes.","og_url":"https:\/\/lajunglebijoux.com\/es\/producto\/taller-de-joyeria-en-cera-perdida-barcelona-edicion-piloto\/","og_site_name":"La Jungle Bijoux","article_modified_time":"2026-05-05T17:10:22+00:00","og_image":[{"width":1922,"height":2560,"url":"https:\/\/lajunglebijoux.com\/wp-content\/uploads\/2026\/05\/taller-joyeria-cera-perdida-barcelona-6-scaled.jpg","type":"image\/jpeg"}],"twitter_card":"summary_large_image","twitter_misc":{"Tiempo de lectura":"1 minuto"},"schema":{"@context":"https:\/\/schema.org","@graph":[{"@type":"WebPage","@id":"https:\/\/lajunglebijoux.com\/es\/producto\/taller-de-joyeria-en-cera-perdida-barcelona-edicion-piloto\/","url":"https:\/\/lajunglebijoux.com\/es\/producto\/taller-de-joyeria-en-cera-perdida-barcelona-edicion-piloto\/","name":"Taller de joyer\u00eda en cera perdida \u2013 Barcelona - Edici\u00f3n piloto - La Jungle Bijoux","isPartOf":{"@id":"https:\/\/lajunglebijoux.com\/es\/#website"},"primaryImageOfPage":{"@id":"https:\/\/lajunglebijoux.com\/es\/producto\/taller-de-joyeria-en-cera-perdida-barcelona-edicion-piloto\/#primaryimage"},"image":{"@id":"https:\/\/lajunglebijoux.com\/es\/producto\/taller-de-joyeria-en-cera-perdida-barcelona-edicion-piloto\/#primaryimage"},"thumbnailUrl":"https:\/\/lajunglebijoux.com\/wp-content\/uploads\/2026\/05\/taller-joyeria-cera-perdida-barcelona-6-scaled.jpg","datePublished":"2026-05-05T16:01:32+00:00","dateModified":"2026-05-05T17:10:22+00:00","breadcrumb":{"@id":"https:\/\/lajunglebijoux.com\/es\/producto\/taller-de-joyeria-en-cera-perdida-barcelona-edicion-piloto\/#breadcrumb"},"inLanguage":"es","potentialAction":[{"@type":"ReadAction","target":["https:\/\/lajunglebijoux.com\/es\/producto\/taller-de-joyeria-en-cera-perdida-barcelona-edicion-piloto\/"]}]},{"@type":"ImageObject","inLanguage":"es","@id":"https:\/\/lajunglebijoux.com\/es\/producto\/taller-de-joyeria-en-cera-perdida-barcelona-edicion-piloto\/#primaryimage","url":"https:\/\/lajunglebijoux.com\/wp-content\/uploads\/2026\/05\/taller-joyeria-cera-perdida-barcelona-6-scaled.jpg","contentUrl":"https:\/\/lajunglebijoux.com\/wp-content\/uploads\/2026\/05\/taller-joyeria-cera-perdida-barcelona-6-scaled.jpg","width":1922,"height":2560},{"@type":"BreadcrumbList","@id":"https:\/\/lajunglebijoux.com\/es\/producto\/taller-de-joyeria-en-cera-perdida-barcelona-edicion-piloto\/#breadcrumb","itemListElement":[{"@type":"ListItem","position":1,"name":"Portada","item":"https:\/\/lajunglebijoux.com\/es\/"},{"@type":"ListItem","position":2,"name":"Productos","item":"https:\/\/lajunglebijoux.com\/es\/shop\/"},{"@type":"ListItem","position":3,"name":"Taller de joyer\u00eda en cera perdida \u2013 Barcelona &#8211; Edici\u00f3n piloto"}]},{"@type":"WebSite","@id":"https:\/\/lajunglebijoux.com\/es\/#website","url":"https:\/\/lajunglebijoux.com\/es\/","name":"La Jungle Bijoux","description":"","publisher":{"@id":"https:\/\/lajunglebijoux.com\/es\/#organization"},"potentialAction":[{"@type":"SearchAction","target":{"@type":"EntryPoint","urlTemplate":"https:\/\/lajunglebijoux.com\/es\/?s={search_term_string}"},"query-input":{"@type":"PropertyValueSpecification","valueRequired":true,"valueName":"search_term_string"}}],"inLanguage":"es"},{"@type":"Organization","@id":"https:\/\/lajunglebijoux.com\/es\/#organization","name":"La Jungle Bijoux","url":"https:\/\/lajunglebijoux.com\/es\/","logo":{"@type":"ImageObject","inLanguage":"es","@id":"https:\/\/lajunglebijoux.com\/es\/#\/schema\/logo\/image\/","url":"https:\/\/lajunglebijoux.com\/wp-content\/uploads\/2023\/01\/LOGO-FINAL-Fonce.jpg","contentUrl":"https:\/\/lajunglebijoux.com\/wp-content\/uploads\/2023\/01\/LOGO-FINAL-Fonce.jpg","width":900,"height":900,"caption":"La Jungle Bijoux"},"image":{"@id":"https:\/\/lajunglebijoux.com\/es\/#\/schema\/logo\/image\/"}}]}},"_links":{"self":[{"href":"https:\/\/lajunglebijoux.com\/es\/wp-json\/wp\/v2\/product\/23342","targetHints":{"allow":["GET"]}}],"collection":[{"href":"https:\/\/lajunglebijoux.com\/es\/wp-json\/wp\/v2\/product"}],"about":[{"href":"https:\/\/lajunglebijoux.com\/es\/wp-json\/wp\/v2\/types\/product"}],"replies":[{"embeddable":true,"href":"https:\/\/lajunglebijoux.com\/es\/wp-json\/wp\/v2\/comments?post=23342"}],"version-history":[{"count":3,"href":"https:\/\/lajunglebijoux.com\/es\/wp-json\/wp\/v2\/product\/23342\/revisions"}],"predecessor-version":[{"id":23406,"href":"https:\/\/lajunglebijoux.com\/es\/wp-json\/wp\/v2\/product\/23342\/revisions\/23406"}],"wp:featuredmedia":[{"embeddable":true,"href":"https:\/\/lajunglebijoux.com\/es\/wp-json\/wp\/v2\/media\/23358"}],"wp:attachment":[{"href":"https:\/\/lajunglebijoux.com\/es\/wp-json\/wp\/v2\/media?parent=23342"}],"wp:term":[{"taxonomy":"product_brand","embeddable":true,"href":"https:\/\/lajunglebijoux.com\/es\/wp-json\/wp\/v2\/product_brand?post=23342"},{"taxonomy":"product_cat","embeddable":true,"href":"https:\/\/lajunglebijoux.com\/es\/wp-json\/wp\/v2\/product_cat?post=23342"},{"taxonomy":"product_tag","embeddable":true,"href":"https:\/\/lajunglebijoux.com\/es\/wp-json\/wp\/v2\/product_tag?post=23342"}],"curies":[{"name":"wp","href":"https:\/\/api.w.org\/{rel}","templated":true}]}}