{"id":23006,"date":"2026-03-11T15:13:56","date_gmt":"2026-03-11T13:13:56","guid":{"rendered":"https:\/\/lajunglebijoux.com\/?post_type=product&#038;p=23006"},"modified":"2026-03-11T16:33:12","modified_gmt":"2026-03-11T14:33:12","slug":"taller-joyas-despedida-de-soltera-barcelona","status":"publish","type":"product","link":"https:\/\/lajunglebijoux.com\/es\/producto\/taller-joyas-despedida-de-soltera-barcelona\/","title":{"rendered":"Taller de joyas despedida de soltera Barcelona &#8211; Mantra de intenci\u00f3n grabado"},"content":{"rendered":"<p><strong>Te abro las puertas de mi taller de joyas en Barcelona<\/strong> para tu <strong>despedida de soltera<\/strong> que <strong>descubr\u00e1s esta tecnica<\/strong>, y puedas llevarte tu pr\u00f3pia joya artesanal. <strong>En este taller de iniciaci\u00f3n y creaci\u00f3n de joyas te ense\u00f1ar\u00e9 a grabar tu mantra, letra por letra, en una joya<\/strong> <strong>ba\u00f1ada en oro fino de 24 kilates<\/strong>.<\/p>\n<p>Adem\u00e1s de combinar una actividad manual y <strong>sumergirte en el mundo de la joyer\u00eda artesanal<\/strong>, este taller es <strong>un momento de autocuidado<\/strong>, un momento de introspecci\u00f3n e iniciaci\u00f3n a la intenci\u00f3n para recordarte una direcci\u00f3n u objetivo, y ayudarte a estar mejor alinead@ con tus deseos, valores y necesidades en tu pr\u00f3ximo ciclo de vida.<\/p>\n<h2><strong>\u00bfPor qu\u00e9 un taller de <\/strong><strong>joyas <\/strong><strong>para una despedida de soltera?\u00a0<\/strong><\/h2>\n<p>Siempre he entendido la joyer\u00eda como mucho m\u00e1s que un complemento. <strong>Para mi la joyer\u00eda es una herramienta terap\u00e9utica<\/strong>. Cada joya es una pieza que elegimos con el coraz\u00f3n, porque nos habla, porque nos gusta su color, su forma, o su simbolismo.<\/p>\n<p>Algunas joyas, como las reliquias del pasado o las que heredamos de nuestra familia, tienen tal significado que se convierten en parte de nosotros.<\/p>\n<p><strong>Tomarse tiempo para uno mismo es el mejor regalo que nos podemos hacer. Se trata de volver a centrarse en la persona m\u00e1s importante de tu vida, t\u00fa mismo, y reflexionar sobre tus deseos y necesidades.<\/strong><\/p>\n<p>En este taller de joyer\u00eda quiero <strong>darte la oportunidad de crear una pieza \u00fanica que pueda guiarte en la vida<\/strong>.<\/p>\n<p>Muchas veces no nos tomamos el tiempo necesario para definir nuestras intenciones, y a\u00fan cuando lo hacemos tendemos a olvidarlas con el tiempo, hasta que se esfuman. M\u00e1s all\u00e1 de la <strong>alegr\u00eda y el orgullo de crear tu propia joya<\/strong>, este taller te permitir\u00e1 <strong>estar siempre acompa\u00f1ad@ de este amuleto te permitir\u00e1 no perder el rumbo y apreciar la belleza del camino, no s\u00f3lo el destino.<\/strong><\/p>\n<p>&nbsp;<\/p>\n","protected":false},"excerpt":{"rendered":"<p>Este taller es una pausa creativa y simb\u00f3lica para <strong>escribir el comienzo de un nuevo cap\u00edtulo de la vida<\/strong>.<\/p>\n<p>A trav\u00e9s de la creaci\u00f3n de una joya de intenci\u00f3n, nos tomamos el tiempo de honrar este momento de transici\u00f3n de la futura novia y de TODAS elegir conscientemente la mujer que deseamos ser.<\/p>\n<p>Impulsadas por la energ\u00eda de la sororidad, cada una est\u00e1 invitada a conectarse con sus deseos m\u00e1s profundos, cultivar el amor propio y ofrecer sus votos a la futura novia \u2014 y a todas las mujeres presentes.<\/p>\n<p>La joya creada se convierte entonces en un <strong>amuleto<\/strong>, cargado de significado, un recordatorio de este momento compartido y del nuevo camino que se abre.<\/p>\n<hr \/>\n<h2>\u2728 Plan del taller de joyas de despedida de soltera en Barcelona<\/h2>\n<p><strong>1. Apertura e intenci\u00f3n<\/strong><\/p>\n<p>Introducci\u00f3n al tema: <em>escribir un nuevo cap\u00edtulo de la vida<\/em>.<\/p>\n<p><strong>2. Journaling introspectivo<\/strong><\/p>\n<p>Un breve tiempo de escritura guiada para explorar:<\/p>\n<ul>\n<li>la mujer que elijo ser en este nuevo cap\u00edtulo,<\/li>\n<li>lo que deseo para m\u00ed misma,<\/li>\n<li>y lo que deseo para la futura novia y las mujeres que me rodean.<\/li>\n<\/ul>\n<p><strong>3. Mini c\u00edrculo de palabra y liberaci\u00f3n<\/strong><\/p>\n<p>A trav\u00e9s de la voz, dejamos atr\u00e1s la versi\u00f3n antigua de nosotras mismas y afirmamos la nueva.<\/p>\n<p><strong>4. Creaci\u00f3n de la joya-amuleto<\/strong><\/p>\n<p>Cada participante crea su joya de intenci\u00f3n:<\/p>\n<ul>\n<li>grabado de una (o varias) palabra(s) mantra en un collar o pulsera ba\u00f1ado de oro fino 24 quilates<\/li>\n<li>elecci\u00f3n y montaje de charms simb\u00f3licos y piedras de litoterapia (entre unos 40 charms distintos hechos a mano y 40 piedras diferentes, con sus energ\u00edas y propiedades explicadas).<\/li>\n<\/ul>\n<p><strong>5. Ritual de cierre<\/strong><\/p>\n<p>Un momento final para sellar la intenci\u00f3n, honrar el camino recorrido y celebrar la futura novia.<\/p>\n<p><!-- notionvc: b2129cce-efa5-42c0-92b7-cd937e9392e9 --><\/p>\n<h3><strong>Informaci\u00f3n pr\u00e1ctica sobre el taller de joyas de despedida de soltera en Barcelona :<\/strong><\/h3>\n<ul>\n<li>Aunque cada bono regalo es v\u00e1lido durante un a\u00f1o, os recomiendo contactarme antes de comprarlo para aseguraros de que la fecha que os interesa para vuestra despedida de soltera est\u00e9 disponible.<\/li>\n<li>Por razones log\u00edsticas, si vuestra despedida de soltera es para m\u00e1s de 8 personas, os pido que me contact\u00e9is antes de comprar los bonos regalo para que podamos organizar el <strong>taller de joyas<\/strong> juntas.<\/li>\n<li>Este <strong>taller de joyas para despedidas de soltera tambi\u00e9n puede adaptarse f\u00e1cilmente<\/strong> para un cumplea\u00f1os, una baby shower, un retiro de bienestar o espiritual, o cualquier otra <strong data-start=\"502\" data-end=\"521\">ocasi\u00f3n privada<\/strong>.<\/li>\n<li><strong data-start=\"360\" data-end=\"371\">Opci\u00f3n:<\/strong> Colaboro con una chef especializada en cocina para retiros de bienestar, que puede preparar un desayuno healthy para disfrutar durante vuestro<strong> taller de joyas<\/strong>.<\/li>\n<\/ul>\n<p><strong><span style=\"color: #000000;\">Contacta conmigo para\u00a0 mas informaci<\/span><\/strong><strong>\u00f3<\/strong><strong><span style=\"color: #000000;\">n : lajunglebijoux@gmail.com \/ WhatsApp 617729666 o Instagram <a href=\"https:\/\/www.instagram.com\/taller.joyeria.barcelona\/\">@taller.joyeria.barcelona<\/a><\/span><\/strong><\/p>\n","protected":false},"featured_media":6356,"comment_status":"open","ping_status":"closed","template":"","meta":{"_acf_changed":false},"product_brand":[],"product_cat":[16],"product_tag":[478],"class_list":{"0":"post-23006","1":"product","2":"type-product","3":"status-publish","4":"has-post-thumbnail","6":"product_cat-uncategorized","7":"product_tag-51e-a-100e","9":"first","10":"instock","11":"shipping-taxable","12":"purchasable","13":"product-type-simple"},"acf":[],"gallery_images":[6355,23020,23018,13279,13277,13275,13273,23022,18855,18097,6353,6870,6874,13220,13048,22661,13222,6850,6858,6854,13218,13216,6864,6852],"yoast_head":"<!-- This site is optimized with the Yoast SEO plugin v27.2 - https:\/\/yoast.com\/product\/yoast-seo-wordpress\/ -->\n<title>Taller de joyas despedida de soltera Barcelona - Mantra de intenci\u00f3n grabado - La Jungle Bijoux<\/title>\n<meta name=\"description\" content=\"Taller de joyas de despedida de soltera en Barcelona. Crea tu joya con un mantra de intenci\u00f3n grabado y elige charms simb\u00f3licos y piedras energ\u00e9ticas.\" \/>\n<meta name=\"robots\" content=\"index, follow, max-snippet:-1, max-image-preview:large, max-video-preview:-1\" \/>\n<link rel=\"canonical\" href=\"https:\/\/lajunglebijoux.com\/es\/producto\/taller-joyas-despedida-de-soltera-barcelona\/\" \/>\n<meta property=\"og:locale\" content=\"es_ES\" \/>\n<meta property=\"og:type\" content=\"article\" \/>\n<meta property=\"og:title\" content=\"Taller de joyas despedida de soltera Barcelona - Mantra de intenci\u00f3n grabado - La Jungle Bijoux\" \/>\n<meta property=\"og:description\" content=\"Taller de joyas de despedida de soltera en Barcelona. Crea tu joya con un mantra de intenci\u00f3n grabado y elige charms simb\u00f3licos y piedras energ\u00e9ticas.\" \/>\n<meta property=\"og:url\" content=\"https:\/\/lajunglebijoux.com\/es\/producto\/taller-joyas-despedida-de-soltera-barcelona\/\" \/>\n<meta property=\"og:site_name\" content=\"La Jungle Bijoux\" \/>\n<meta property=\"article:modified_time\" content=\"2026-03-11T14:33:12+00:00\" \/>\n<meta property=\"og:image\" content=\"https:\/\/lajunglebijoux.com\/wp-content\/uploads\/2023\/02\/20230119_151426-scaled.jpg\" \/>\n\t<meta property=\"og:image:width\" content=\"2560\" \/>\n\t<meta property=\"og:image:height\" content=\"2560\" \/>\n\t<meta property=\"og:image:type\" content=\"image\/jpeg\" \/>\n<meta name=\"twitter:card\" content=\"summary_large_image\" \/>\n<meta name=\"twitter:label1\" content=\"Tiempo de lectura\" \/>\n\t<meta name=\"twitter:data1\" content=\"2 minutos\" \/>\n<script type=\"application\/ld+json\" class=\"yoast-schema-graph\">{\"@context\":\"https:\/\/schema.org\",\"@graph\":[{\"@type\":\"WebPage\",\"@id\":\"https:\/\/lajunglebijoux.com\/es\/producto\/taller-joyas-despedida-de-soltera-barcelona\/\",\"url\":\"https:\/\/lajunglebijoux.com\/es\/producto\/taller-joyas-despedida-de-soltera-barcelona\/\",\"name\":\"Taller de joyas despedida de soltera Barcelona - Mantra de intenci\u00f3n grabado - La Jungle Bijoux\",\"isPartOf\":{\"@id\":\"https:\/\/lajunglebijoux.com\/es\/#website\"},\"primaryImageOfPage\":{\"@id\":\"https:\/\/lajunglebijoux.com\/es\/producto\/taller-joyas-despedida-de-soltera-barcelona\/#primaryimage\"},\"image\":{\"@id\":\"https:\/\/lajunglebijoux.com\/es\/producto\/taller-joyas-despedida-de-soltera-barcelona\/#primaryimage\"},\"thumbnailUrl\":\"https:\/\/lajunglebijoux.com\/wp-content\/uploads\/2023\/02\/20230119_151426-scaled.jpg\",\"datePublished\":\"2026-03-11T13:13:56+00:00\",\"dateModified\":\"2026-03-11T14:33:12+00:00\",\"description\":\"Taller de joyas de despedida de soltera en Barcelona. Crea tu joya con un mantra de intenci\u00f3n grabado y elige charms simb\u00f3licos y piedras energ\u00e9ticas.\",\"breadcrumb\":{\"@id\":\"https:\/\/lajunglebijoux.com\/es\/producto\/taller-joyas-despedida-de-soltera-barcelona\/#breadcrumb\"},\"inLanguage\":\"es\",\"potentialAction\":[{\"@type\":\"ReadAction\",\"target\":[\"https:\/\/lajunglebijoux.com\/es\/producto\/taller-joyas-despedida-de-soltera-barcelona\/\"]}]},{\"@type\":\"ImageObject\",\"inLanguage\":\"es\",\"@id\":\"https:\/\/lajunglebijoux.com\/es\/producto\/taller-joyas-despedida-de-soltera-barcelona\/#primaryimage\",\"url\":\"https:\/\/lajunglebijoux.com\/wp-content\/uploads\/2023\/02\/20230119_151426-scaled.jpg\",\"contentUrl\":\"https:\/\/lajunglebijoux.com\/wp-content\/uploads\/2023\/02\/20230119_151426-scaled.jpg\",\"width\":2560,\"height\":2560,\"caption\":\"bijou d'intention personnalis\u00e9\"},{\"@type\":\"BreadcrumbList\",\"@id\":\"https:\/\/lajunglebijoux.com\/es\/producto\/taller-joyas-despedida-de-soltera-barcelona\/#breadcrumb\",\"itemListElement\":[{\"@type\":\"ListItem\",\"position\":1,\"name\":\"Portada\",\"item\":\"https:\/\/lajunglebijoux.com\/es\/\"},{\"@type\":\"ListItem\",\"position\":2,\"name\":\"Productos\",\"item\":\"https:\/\/lajunglebijoux.com\/es\/shop\/\"},{\"@type\":\"ListItem\",\"position\":3,\"name\":\"Taller de joyas despedida de soltera Barcelona &#8211; Mantra de intenci\u00f3n grabado\"}]},{\"@type\":\"WebSite\",\"@id\":\"https:\/\/lajunglebijoux.com\/es\/#website\",\"url\":\"https:\/\/lajunglebijoux.com\/es\/\",\"name\":\"La Jungle Bijoux\",\"description\":\"\",\"publisher\":{\"@id\":\"https:\/\/lajunglebijoux.com\/es\/#organization\"},\"potentialAction\":[{\"@type\":\"SearchAction\",\"target\":{\"@type\":\"EntryPoint\",\"urlTemplate\":\"https:\/\/lajunglebijoux.com\/es\/?s={search_term_string}\"},\"query-input\":{\"@type\":\"PropertyValueSpecification\",\"valueRequired\":true,\"valueName\":\"search_term_string\"}}],\"inLanguage\":\"es\"},{\"@type\":\"Organization\",\"@id\":\"https:\/\/lajunglebijoux.com\/es\/#organization\",\"name\":\"La Jungle Bijoux\",\"url\":\"https:\/\/lajunglebijoux.com\/es\/\",\"logo\":{\"@type\":\"ImageObject\",\"inLanguage\":\"es\",\"@id\":\"https:\/\/lajunglebijoux.com\/es\/#\/schema\/logo\/image\/\",\"url\":\"https:\/\/lajunglebijoux.com\/wp-content\/uploads\/2023\/01\/LOGO-FINAL-Fonce.jpg\",\"contentUrl\":\"https:\/\/lajunglebijoux.com\/wp-content\/uploads\/2023\/01\/LOGO-FINAL-Fonce.jpg\",\"width\":900,\"height\":900,\"caption\":\"La Jungle Bijoux\"},\"image\":{\"@id\":\"https:\/\/lajunglebijoux.com\/es\/#\/schema\/logo\/image\/\"}}]}<\/script>\n<!-- \/ Yoast SEO plugin. -->","yoast_head_json":{"title":"Taller de joyas despedida de soltera Barcelona - Mantra de intenci\u00f3n grabado - La Jungle Bijoux","description":"Taller de joyas de despedida de soltera en Barcelona. Crea tu joya con un mantra de intenci\u00f3n grabado y elige charms simb\u00f3licos y piedras energ\u00e9ticas.","robots":{"index":"index","follow":"follow","max-snippet":"max-snippet:-1","max-image-preview":"max-image-preview:large","max-video-preview":"max-video-preview:-1"},"canonical":"https:\/\/lajunglebijoux.com\/es\/producto\/taller-joyas-despedida-de-soltera-barcelona\/","og_locale":"es_ES","og_type":"article","og_title":"Taller de joyas despedida de soltera Barcelona - Mantra de intenci\u00f3n grabado - La Jungle Bijoux","og_description":"Taller de joyas de despedida de soltera en Barcelona. Crea tu joya con un mantra de intenci\u00f3n grabado y elige charms simb\u00f3licos y piedras energ\u00e9ticas.","og_url":"https:\/\/lajunglebijoux.com\/es\/producto\/taller-joyas-despedida-de-soltera-barcelona\/","og_site_name":"La Jungle Bijoux","article_modified_time":"2026-03-11T14:33:12+00:00","og_image":[{"width":2560,"height":2560,"url":"https:\/\/lajunglebijoux.com\/wp-content\/uploads\/2023\/02\/20230119_151426-scaled.jpg","type":"image\/jpeg"}],"twitter_card":"summary_large_image","twitter_misc":{"Tiempo de lectura":"2 minutos"},"schema":{"@context":"https:\/\/schema.org","@graph":[{"@type":"WebPage","@id":"https:\/\/lajunglebijoux.com\/es\/producto\/taller-joyas-despedida-de-soltera-barcelona\/","url":"https:\/\/lajunglebijoux.com\/es\/producto\/taller-joyas-despedida-de-soltera-barcelona\/","name":"Taller de joyas despedida de soltera Barcelona - Mantra de intenci\u00f3n grabado - La Jungle Bijoux","isPartOf":{"@id":"https:\/\/lajunglebijoux.com\/es\/#website"},"primaryImageOfPage":{"@id":"https:\/\/lajunglebijoux.com\/es\/producto\/taller-joyas-despedida-de-soltera-barcelona\/#primaryimage"},"image":{"@id":"https:\/\/lajunglebijoux.com\/es\/producto\/taller-joyas-despedida-de-soltera-barcelona\/#primaryimage"},"thumbnailUrl":"https:\/\/lajunglebijoux.com\/wp-content\/uploads\/2023\/02\/20230119_151426-scaled.jpg","datePublished":"2026-03-11T13:13:56+00:00","dateModified":"2026-03-11T14:33:12+00:00","description":"Taller de joyas de despedida de soltera en Barcelona. Crea tu joya con un mantra de intenci\u00f3n grabado y elige charms simb\u00f3licos y piedras energ\u00e9ticas.","breadcrumb":{"@id":"https:\/\/lajunglebijoux.com\/es\/producto\/taller-joyas-despedida-de-soltera-barcelona\/#breadcrumb"},"inLanguage":"es","potentialAction":[{"@type":"ReadAction","target":["https:\/\/lajunglebijoux.com\/es\/producto\/taller-joyas-despedida-de-soltera-barcelona\/"]}]},{"@type":"ImageObject","inLanguage":"es","@id":"https:\/\/lajunglebijoux.com\/es\/producto\/taller-joyas-despedida-de-soltera-barcelona\/#primaryimage","url":"https:\/\/lajunglebijoux.com\/wp-content\/uploads\/2023\/02\/20230119_151426-scaled.jpg","contentUrl":"https:\/\/lajunglebijoux.com\/wp-content\/uploads\/2023\/02\/20230119_151426-scaled.jpg","width":2560,"height":2560,"caption":"bijou d'intention personnalis\u00e9"},{"@type":"BreadcrumbList","@id":"https:\/\/lajunglebijoux.com\/es\/producto\/taller-joyas-despedida-de-soltera-barcelona\/#breadcrumb","itemListElement":[{"@type":"ListItem","position":1,"name":"Portada","item":"https:\/\/lajunglebijoux.com\/es\/"},{"@type":"ListItem","position":2,"name":"Productos","item":"https:\/\/lajunglebijoux.com\/es\/shop\/"},{"@type":"ListItem","position":3,"name":"Taller de joyas despedida de soltera Barcelona &#8211; Mantra de intenci\u00f3n grabado"}]},{"@type":"WebSite","@id":"https:\/\/lajunglebijoux.com\/es\/#website","url":"https:\/\/lajunglebijoux.com\/es\/","name":"La Jungle Bijoux","description":"","publisher":{"@id":"https:\/\/lajunglebijoux.com\/es\/#organization"},"potentialAction":[{"@type":"SearchAction","target":{"@type":"EntryPoint","urlTemplate":"https:\/\/lajunglebijoux.com\/es\/?s={search_term_string}"},"query-input":{"@type":"PropertyValueSpecification","valueRequired":true,"valueName":"search_term_string"}}],"inLanguage":"es"},{"@type":"Organization","@id":"https:\/\/lajunglebijoux.com\/es\/#organization","name":"La Jungle Bijoux","url":"https:\/\/lajunglebijoux.com\/es\/","logo":{"@type":"ImageObject","inLanguage":"es","@id":"https:\/\/lajunglebijoux.com\/es\/#\/schema\/logo\/image\/","url":"https:\/\/lajunglebijoux.com\/wp-content\/uploads\/2023\/01\/LOGO-FINAL-Fonce.jpg","contentUrl":"https:\/\/lajunglebijoux.com\/wp-content\/uploads\/2023\/01\/LOGO-FINAL-Fonce.jpg","width":900,"height":900,"caption":"La Jungle Bijoux"},"image":{"@id":"https:\/\/lajunglebijoux.com\/es\/#\/schema\/logo\/image\/"}}]}},"_links":{"self":[{"href":"https:\/\/lajunglebijoux.com\/es\/wp-json\/wp\/v2\/product\/23006","targetHints":{"allow":["GET"]}}],"collection":[{"href":"https:\/\/lajunglebijoux.com\/es\/wp-json\/wp\/v2\/product"}],"about":[{"href":"https:\/\/lajunglebijoux.com\/es\/wp-json\/wp\/v2\/types\/product"}],"replies":[{"embeddable":true,"href":"https:\/\/lajunglebijoux.com\/es\/wp-json\/wp\/v2\/comments?post=23006"}],"version-history":[{"count":2,"href":"https:\/\/lajunglebijoux.com\/es\/wp-json\/wp\/v2\/product\/23006\/revisions"}],"predecessor-version":[{"id":23024,"href":"https:\/\/lajunglebijoux.com\/es\/wp-json\/wp\/v2\/product\/23006\/revisions\/23024"}],"wp:featuredmedia":[{"embeddable":true,"href":"https:\/\/lajunglebijoux.com\/es\/wp-json\/wp\/v2\/media\/6356"}],"wp:attachment":[{"href":"https:\/\/lajunglebijoux.com\/es\/wp-json\/wp\/v2\/media?parent=23006"}],"wp:term":[{"taxonomy":"product_brand","embeddable":true,"href":"https:\/\/lajunglebijoux.com\/es\/wp-json\/wp\/v2\/product_brand?post=23006"},{"taxonomy":"product_cat","embeddable":true,"href":"https:\/\/lajunglebijoux.com\/es\/wp-json\/wp\/v2\/product_cat?post=23006"},{"taxonomy":"product_tag","embeddable":true,"href":"https:\/\/lajunglebijoux.com\/es\/wp-json\/wp\/v2\/product_tag?post=23006"}],"curies":[{"name":"wp","href":"https:\/\/api.w.org\/{rel}","templated":true}]}}