{"id":22616,"date":"2026-01-20T21:46:10","date_gmt":"2026-01-20T19:46:10","guid":{"rendered":"https:\/\/lajunglebijoux.com\/?post_type=product&#038;p=22616"},"modified":"2026-04-17T15:33:07","modified_gmt":"2026-04-17T13:33:07","slug":"taller-joieria-barcelona-crea-la-teva-joia","status":"publish","type":"product","link":"https:\/\/lajunglebijoux.com\/es\/producto\/taller-joieria-barcelona-crea-la-teva-joia\/","title":{"rendered":"Taller de joieria a Barcelona \u2013 Crea la teva joia amb textura de principi a fi"},"content":{"rendered":"<p data-start=\"0\" data-end=\"352\"><strong data-start=\"0\" data-end=\"21\">Detalls pr\u00e0ctics:<\/strong><br data-start=\"21\" data-end=\"24\" \/>Per crear una joia amb la qualitat necess\u00e0ria perqu\u00e8 duri en el temps, \u00e9s necessari banyar-la en or de 24 quirats. Aquest proc\u00e9s triga aproximadament entre 10 dies i 2 setmanes. T\u2019avisar\u00e9 quan estigui llesta perqu\u00e8 puguis venir a recollir-la o, si ho prefereixes, tamb\u00e9 puc enviar-te-la a un punt de recollida InPost (4,90 \u20ac).<\/p>\n<p data-start=\"354\" data-end=\"567\">\u26a0\ufe0f <strong data-start=\"357\" data-end=\"371\">IMPORTANT:<\/strong> El bo regal del <strong>taller de joieria<\/strong> o la reserva amb data fixa no \u00e9s bescanviable ni reemborsable (pots consultar tots els detalls al PDF descarregable que acompanya la confirmaci\u00f3 de la compra).<\/p>\n<h2 data-start=\"569\" data-end=\"615\"><strong data-start=\"569\" data-end=\"613\">Benvinguts al taller de La Jungle Bijoux<\/strong><\/h2>\n<p data-start=\"617\" data-end=\"729\">Estic encantada d\u2019obrir-te les portes del meu <strong>taller de joieria artesanal<\/strong> al bell mig del centre de Barcelona.<\/p>\n<p data-start=\"731\" data-end=\"858\">Fa 10 anys que creo les meves joies per transmetre emocions i formar part de moments importants de la vida dels meus clients.<\/p>\n<p data-start=\"860\" data-end=\"992\">En aquest taller vull ensenyar-te una mica m\u00e9s sobre la meva feina i transmetre\u2019t part de la meva passi\u00f3. Av\u00eds: <strong data-start=\"972\" data-end=\"990\">\u00e9s contagiosa!<\/strong><\/p>\n<p data-start=\"994\" data-end=\"1193\">Aquest taller \u00e9s l\u2019oportunitat perfecta per aprendre m\u00e9s sobre la joieria artesanal, les seves t\u00e8cniques i els seus reptes. Tamb\u00e9 t\u2019ajudar\u00e0 a valorar millor la feina que hi ha darrere de cada pe\u00e7a.<\/p>\n<h2 data-start=\"1195\" data-end=\"1259\"><strong data-start=\"1195\" data-end=\"1257\">Crea les teves pr\u00f2pies joies amb textura durant el taller<\/strong><\/h2>\n<p data-start=\"1261\" data-end=\"1412\">Les textures s\u00f3n una de les senyes d\u2019identitat de La Jungle Bijoux. Totes les meves textures estan fetes a m\u00e0 i aporten un car\u00e0cter \u00fanic a cada pe\u00e7a.<\/p>\n<p data-start=\"1414\" data-end=\"1578\">Arenat, raspallat, martellat\u2026 Durant el taller podr\u00e0s familiaritzar-te amb les eines de la <strong>joieria artesanal i aprendr\u00e0s a crear aquestes textures tu mateix\/a!<\/strong><\/p>\n<p data-start=\"1580\" data-end=\"1686\" data-is-last-node=\"\" data-is-only-node=\"\">\u00c9s l\u2019oportunitat perfecta per aprendre i, alhora, crear una pe\u00e7a de joieria \u00fanica que portar\u00e0s amb orgull.<\/p>\n","protected":false},"excerpt":{"rendered":"<p data-start=\"0\" data-end=\"81\"><strong data-start=\"0\" data-end=\"79\">Taller d\u2019iniciaci\u00f3 i creaci\u00f3 de joies en grups redu\u00efts de m\u00e0xim 6 persones.<\/strong><\/p>\n<p data-start=\"83\" data-end=\"281\">Durant el taller, t\u2019obro les portes del meu taller de joieria a Barcelona perqu\u00e8 descobreixis tots els detalls de la meva professi\u00f3 i, alhora, et puguis endur la teva pr\u00f2pia joia artesanal a casa.<\/p>\n<p data-start=\"283\" data-end=\"548\">Et guiar\u00e9 pas a pas per crear una joia <strong>banyada en or fi de 24 quirats o xapada en or (una capa d\u2019or tres vegades m\u00e9s gruixuda i, per tant, m\u00e9s resistent)<\/strong>, a la qual donarem la textura que tu tri\u00efs. <strong>Tamb\u00e9 pots optar per crear la teva joia en color platejat (rodi).<\/strong><\/p>\n<p data-start=\"550\" data-end=\"595\"><strong>El dia del taller de joieria, podr\u00e0s triar:<\/strong><\/p>\n<ul data-start=\"597\" data-end=\"821\">\n<li data-start=\"597\" data-end=\"668\">\n<p data-start=\"599\" data-end=\"668\">El tipus de joia que vols crear: un anell, un collar o una polsera.<\/p>\n<\/li>\n<li data-start=\"669\" data-end=\"757\">\n<p data-start=\"671\" data-end=\"757\">La seva forma (rodona, rectangular, irregular\u2026 el que la teva imaginaci\u00f3 et demani).<\/p>\n<\/li>\n<li data-start=\"758\" data-end=\"821\">\n<p data-start=\"760\" data-end=\"821\">La textura final que prefereixis (martellada o raspallada).<\/p>\n<\/li>\n<\/ul>\n<p data-start=\"823\" data-end=\"930\">No et preocupis: pots prendre aquestes decisions el mateix dia del taller, veient exemples de cada opci\u00f3.<\/p>\n<p data-start=\"932\" data-end=\"980\"><strong data-start=\"932\" data-end=\"954\">Durada del taller:<\/strong> aproximadament 2 hores.<\/p>\n<p data-start=\"982\" data-end=\"1199\"><strong data-start=\"982\" data-end=\"1006\">Ubicaci\u00f3 del taller:<\/strong> el meu taller est\u00e0 situat al Carrer de la Reina Am\u00e0lia, al centre de Barcelona, entre el Paral\u00b7lel i Sant Antoni (et proporcionar\u00e9 l\u2019adre\u00e7a exacta juntament amb la confirmaci\u00f3 de la classe).<\/p>\n<p data-start=\"1201\" data-end=\"1250\"><strong data-start=\"1201\" data-end=\"1248\">Dates disponibles per al taller de joieria:<\/strong><\/p>\n<ul>\n<li data-start=\"1252\" data-end=\"1738\"><strong>Si cap de les dates et conv\u00e9<\/strong>, pots reservar el teu taller directament amb l\u2019opci\u00f3 <strong data-start=\"1334\" data-end=\"1348\">\u201cbo regal\u201d<\/strong> i <strong>tindr\u00e0s un any sencer per triar la teva data<\/strong>.<\/li>\n<li data-start=\"1252\" data-end=\"1738\">Per als <strong>bons regal<\/strong>, t\u2019enviar\u00e9 en un m\u00e0xim de 48 hores per correu electr\u00f2nic un xec regal per imprimir, amb tota la informaci\u00f3 necess\u00e0ria per posar-se en contacte amb mi i escollir la data del taller.<\/li>\n<li data-start=\"1252\" data-end=\"1738\"><strong>Cada comanda de taller de joieria \u00e9s v\u00e0lida durant un any; pots canviar la data<\/strong> avisant-me amb un m\u00ednim de 7 dies d\u2019antelaci\u00f3.<\/li>\n<\/ul>\n<h3><span style=\"color: #cd954e;\">Descobreix m\u00e9s sobre el taller de joies a Barcelona<\/span> <a href=\"https:\/\/www.instagram.com\/taller.joyeria.barcelona\/\">al meu nou compte d\u2019Instagram!<\/a><\/h3>\n","protected":false},"featured_media":10722,"comment_status":"open","ping_status":"closed","template":"","meta":{"_acf_changed":false},"product_brand":[],"product_cat":[16],"product_tag":[478],"class_list":{"0":"post-22616","1":"product","2":"type-product","3":"status-publish","4":"has-post-thumbnail","6":"product_cat-uncategorized","7":"product_tag-51e-a-100e","9":"first","10":"instock","11":"shipping-taxable","12":"purchasable","13":"product-type-variable"},"acf":[],"gallery_images":[6877,6879,6881,6849,10730,13215,6865,13217,6861,10726,13219,13337,13335,13333,13329,13339,6851,10728,13221,6855,6857,6853,6863],"yoast_head":"<!-- This site is optimized with the Yoast SEO plugin v27.2 - https:\/\/yoast.com\/product\/yoast-seo-wordpress\/ -->\n<title>Taller de joieria a Barcelona \u2013 Crea la teva joia amb textura de principi a fi<\/title>\n<meta name=\"description\" content=\"\u00bfPrefiere una textura martillada, cepillada...? Aprenda a crear una joya artesanal de principio a fin en un taller de joyer\u00eda en Barcelona (2h).\" \/>\n<meta name=\"robots\" content=\"index, follow, max-snippet:-1, max-image-preview:large, max-video-preview:-1\" \/>\n<link rel=\"canonical\" href=\"https:\/\/lajunglebijoux.com\/es\/producto\/taller-joieria-barcelona-crea-la-teva-joia\/\" \/>\n<meta property=\"og:locale\" content=\"es_ES\" \/>\n<meta property=\"og:type\" content=\"article\" \/>\n<meta property=\"og:title\" content=\"Taller de joieria a Barcelona \u2013 Crea la teva joia amb textura de principi a fi\" \/>\n<meta property=\"og:description\" content=\"\u00bfPrefiere una textura martillada, cepillada...? Aprenda a crear una joya artesanal de principio a fin en un taller de joyer\u00eda en Barcelona (2h).\" \/>\n<meta property=\"og:url\" content=\"https:\/\/lajunglebijoux.com\/es\/producto\/taller-joieria-barcelona-crea-la-teva-joia\/\" \/>\n<meta property=\"og:site_name\" content=\"La Jungle Bijoux\" \/>\n<meta property=\"article:modified_time\" content=\"2026-04-17T13:33:07+00:00\" \/>\n<meta property=\"og:image\" content=\"https:\/\/lajunglebijoux.com\/wp-content\/uploads\/2023\/03\/Atelier-bijoux-effet-de-matiere-1.jpg\" \/>\n\t<meta property=\"og:image:width\" content=\"1080\" \/>\n\t<meta property=\"og:image:height\" content=\"1080\" \/>\n\t<meta property=\"og:image:type\" content=\"image\/jpeg\" \/>\n<meta name=\"twitter:card\" content=\"summary_large_image\" \/>\n<meta name=\"twitter:label1\" content=\"Tiempo de lectura\" \/>\n\t<meta name=\"twitter:data1\" content=\"2 minutos\" \/>\n<script type=\"application\/ld+json\" class=\"yoast-schema-graph\">{\"@context\":\"https:\/\/schema.org\",\"@graph\":[{\"@type\":\"WebPage\",\"@id\":\"https:\/\/lajunglebijoux.com\/es\/producto\/taller-joieria-barcelona-crea-la-teva-joia\/\",\"url\":\"https:\/\/lajunglebijoux.com\/es\/producto\/taller-joieria-barcelona-crea-la-teva-joia\/\",\"name\":\"Taller de joieria a Barcelona \u2013 Crea la teva joia amb textura de principi a fi\",\"isPartOf\":{\"@id\":\"https:\/\/lajunglebijoux.com\/es\/#website\"},\"primaryImageOfPage\":{\"@id\":\"https:\/\/lajunglebijoux.com\/es\/producto\/taller-joieria-barcelona-crea-la-teva-joia\/#primaryimage\"},\"image\":{\"@id\":\"https:\/\/lajunglebijoux.com\/es\/producto\/taller-joieria-barcelona-crea-la-teva-joia\/#primaryimage\"},\"thumbnailUrl\":\"https:\/\/lajunglebijoux.com\/wp-content\/uploads\/2023\/03\/Atelier-bijoux-effet-de-matiere-1.jpg\",\"datePublished\":\"2026-01-20T19:46:10+00:00\",\"dateModified\":\"2026-04-17T13:33:07+00:00\",\"description\":\"\u00bfPrefiere una textura martillada, cepillada...? Aprenda a crear una joya artesanal de principio a fin en un taller de joyer\u00eda en Barcelona (2h).\",\"breadcrumb\":{\"@id\":\"https:\/\/lajunglebijoux.com\/es\/producto\/taller-joieria-barcelona-crea-la-teva-joia\/#breadcrumb\"},\"inLanguage\":\"es\",\"potentialAction\":[{\"@type\":\"ReadAction\",\"target\":[\"https:\/\/lajunglebijoux.com\/es\/producto\/taller-joieria-barcelona-crea-la-teva-joia\/\"]}]},{\"@type\":\"ImageObject\",\"inLanguage\":\"es\",\"@id\":\"https:\/\/lajunglebijoux.com\/es\/producto\/taller-joieria-barcelona-crea-la-teva-joia\/#primaryimage\",\"url\":\"https:\/\/lajunglebijoux.com\/wp-content\/uploads\/2023\/03\/Atelier-bijoux-effet-de-matiere-1.jpg\",\"contentUrl\":\"https:\/\/lajunglebijoux.com\/wp-content\/uploads\/2023\/03\/Atelier-bijoux-effet-de-matiere-1.jpg\",\"width\":1080,\"height\":1080,\"caption\":\"Taller joyeria Barcelona joyas original mujeres\"},{\"@type\":\"BreadcrumbList\",\"@id\":\"https:\/\/lajunglebijoux.com\/es\/producto\/taller-joieria-barcelona-crea-la-teva-joia\/#breadcrumb\",\"itemListElement\":[{\"@type\":\"ListItem\",\"position\":1,\"name\":\"Portada\",\"item\":\"https:\/\/lajunglebijoux.com\/es\/\"},{\"@type\":\"ListItem\",\"position\":2,\"name\":\"Productos\",\"item\":\"https:\/\/lajunglebijoux.com\/es\/shop\/\"},{\"@type\":\"ListItem\",\"position\":3,\"name\":\"Taller de joieria a Barcelona \u2013 Crea la teva joia amb textura de principi a fi\"}]},{\"@type\":\"WebSite\",\"@id\":\"https:\/\/lajunglebijoux.com\/es\/#website\",\"url\":\"https:\/\/lajunglebijoux.com\/es\/\",\"name\":\"La Jungle Bijoux\",\"description\":\"\",\"publisher\":{\"@id\":\"https:\/\/lajunglebijoux.com\/es\/#organization\"},\"potentialAction\":[{\"@type\":\"SearchAction\",\"target\":{\"@type\":\"EntryPoint\",\"urlTemplate\":\"https:\/\/lajunglebijoux.com\/es\/?s={search_term_string}\"},\"query-input\":{\"@type\":\"PropertyValueSpecification\",\"valueRequired\":true,\"valueName\":\"search_term_string\"}}],\"inLanguage\":\"es\"},{\"@type\":\"Organization\",\"@id\":\"https:\/\/lajunglebijoux.com\/es\/#organization\",\"name\":\"La Jungle Bijoux\",\"url\":\"https:\/\/lajunglebijoux.com\/es\/\",\"logo\":{\"@type\":\"ImageObject\",\"inLanguage\":\"es\",\"@id\":\"https:\/\/lajunglebijoux.com\/es\/#\/schema\/logo\/image\/\",\"url\":\"https:\/\/lajunglebijoux.com\/wp-content\/uploads\/2023\/01\/LOGO-FINAL-Fonce.jpg\",\"contentUrl\":\"https:\/\/lajunglebijoux.com\/wp-content\/uploads\/2023\/01\/LOGO-FINAL-Fonce.jpg\",\"width\":900,\"height\":900,\"caption\":\"La Jungle Bijoux\"},\"image\":{\"@id\":\"https:\/\/lajunglebijoux.com\/es\/#\/schema\/logo\/image\/\"}}]}<\/script>\n<!-- \/ Yoast SEO plugin. -->","yoast_head_json":{"title":"Taller de joieria a Barcelona \u2013 Crea la teva joia amb textura de principi a fi","description":"\u00bfPrefiere una textura martillada, cepillada...? Aprenda a crear una joya artesanal de principio a fin en un taller de joyer\u00eda en Barcelona (2h).","robots":{"index":"index","follow":"follow","max-snippet":"max-snippet:-1","max-image-preview":"max-image-preview:large","max-video-preview":"max-video-preview:-1"},"canonical":"https:\/\/lajunglebijoux.com\/es\/producto\/taller-joieria-barcelona-crea-la-teva-joia\/","og_locale":"es_ES","og_type":"article","og_title":"Taller de joieria a Barcelona \u2013 Crea la teva joia amb textura de principi a fi","og_description":"\u00bfPrefiere una textura martillada, cepillada...? Aprenda a crear una joya artesanal de principio a fin en un taller de joyer\u00eda en Barcelona (2h).","og_url":"https:\/\/lajunglebijoux.com\/es\/producto\/taller-joieria-barcelona-crea-la-teva-joia\/","og_site_name":"La Jungle Bijoux","article_modified_time":"2026-04-17T13:33:07+00:00","og_image":[{"width":1080,"height":1080,"url":"https:\/\/lajunglebijoux.com\/wp-content\/uploads\/2023\/03\/Atelier-bijoux-effet-de-matiere-1.jpg","type":"image\/jpeg"}],"twitter_card":"summary_large_image","twitter_misc":{"Tiempo de lectura":"2 minutos"},"schema":{"@context":"https:\/\/schema.org","@graph":[{"@type":"WebPage","@id":"https:\/\/lajunglebijoux.com\/es\/producto\/taller-joieria-barcelona-crea-la-teva-joia\/","url":"https:\/\/lajunglebijoux.com\/es\/producto\/taller-joieria-barcelona-crea-la-teva-joia\/","name":"Taller de joieria a Barcelona \u2013 Crea la teva joia amb textura de principi a fi","isPartOf":{"@id":"https:\/\/lajunglebijoux.com\/es\/#website"},"primaryImageOfPage":{"@id":"https:\/\/lajunglebijoux.com\/es\/producto\/taller-joieria-barcelona-crea-la-teva-joia\/#primaryimage"},"image":{"@id":"https:\/\/lajunglebijoux.com\/es\/producto\/taller-joieria-barcelona-crea-la-teva-joia\/#primaryimage"},"thumbnailUrl":"https:\/\/lajunglebijoux.com\/wp-content\/uploads\/2023\/03\/Atelier-bijoux-effet-de-matiere-1.jpg","datePublished":"2026-01-20T19:46:10+00:00","dateModified":"2026-04-17T13:33:07+00:00","description":"\u00bfPrefiere una textura martillada, cepillada...? Aprenda a crear una joya artesanal de principio a fin en un taller de joyer\u00eda en Barcelona (2h).","breadcrumb":{"@id":"https:\/\/lajunglebijoux.com\/es\/producto\/taller-joieria-barcelona-crea-la-teva-joia\/#breadcrumb"},"inLanguage":"es","potentialAction":[{"@type":"ReadAction","target":["https:\/\/lajunglebijoux.com\/es\/producto\/taller-joieria-barcelona-crea-la-teva-joia\/"]}]},{"@type":"ImageObject","inLanguage":"es","@id":"https:\/\/lajunglebijoux.com\/es\/producto\/taller-joieria-barcelona-crea-la-teva-joia\/#primaryimage","url":"https:\/\/lajunglebijoux.com\/wp-content\/uploads\/2023\/03\/Atelier-bijoux-effet-de-matiere-1.jpg","contentUrl":"https:\/\/lajunglebijoux.com\/wp-content\/uploads\/2023\/03\/Atelier-bijoux-effet-de-matiere-1.jpg","width":1080,"height":1080,"caption":"Taller joyeria Barcelona joyas original mujeres"},{"@type":"BreadcrumbList","@id":"https:\/\/lajunglebijoux.com\/es\/producto\/taller-joieria-barcelona-crea-la-teva-joia\/#breadcrumb","itemListElement":[{"@type":"ListItem","position":1,"name":"Portada","item":"https:\/\/lajunglebijoux.com\/es\/"},{"@type":"ListItem","position":2,"name":"Productos","item":"https:\/\/lajunglebijoux.com\/es\/shop\/"},{"@type":"ListItem","position":3,"name":"Taller de joieria a Barcelona \u2013 Crea la teva joia amb textura de principi a fi"}]},{"@type":"WebSite","@id":"https:\/\/lajunglebijoux.com\/es\/#website","url":"https:\/\/lajunglebijoux.com\/es\/","name":"La Jungle Bijoux","description":"","publisher":{"@id":"https:\/\/lajunglebijoux.com\/es\/#organization"},"potentialAction":[{"@type":"SearchAction","target":{"@type":"EntryPoint","urlTemplate":"https:\/\/lajunglebijoux.com\/es\/?s={search_term_string}"},"query-input":{"@type":"PropertyValueSpecification","valueRequired":true,"valueName":"search_term_string"}}],"inLanguage":"es"},{"@type":"Organization","@id":"https:\/\/lajunglebijoux.com\/es\/#organization","name":"La Jungle Bijoux","url":"https:\/\/lajunglebijoux.com\/es\/","logo":{"@type":"ImageObject","inLanguage":"es","@id":"https:\/\/lajunglebijoux.com\/es\/#\/schema\/logo\/image\/","url":"https:\/\/lajunglebijoux.com\/wp-content\/uploads\/2023\/01\/LOGO-FINAL-Fonce.jpg","contentUrl":"https:\/\/lajunglebijoux.com\/wp-content\/uploads\/2023\/01\/LOGO-FINAL-Fonce.jpg","width":900,"height":900,"caption":"La Jungle Bijoux"},"image":{"@id":"https:\/\/lajunglebijoux.com\/es\/#\/schema\/logo\/image\/"}}]}},"_links":{"self":[{"href":"https:\/\/lajunglebijoux.com\/es\/wp-json\/wp\/v2\/product\/22616","targetHints":{"allow":["GET"]}}],"collection":[{"href":"https:\/\/lajunglebijoux.com\/es\/wp-json\/wp\/v2\/product"}],"about":[{"href":"https:\/\/lajunglebijoux.com\/es\/wp-json\/wp\/v2\/types\/product"}],"replies":[{"embeddable":true,"href":"https:\/\/lajunglebijoux.com\/es\/wp-json\/wp\/v2\/comments?post=22616"}],"version-history":[{"count":1,"href":"https:\/\/lajunglebijoux.com\/es\/wp-json\/wp\/v2\/product\/22616\/revisions"}],"predecessor-version":[{"id":23062,"href":"https:\/\/lajunglebijoux.com\/es\/wp-json\/wp\/v2\/product\/22616\/revisions\/23062"}],"wp:featuredmedia":[{"embeddable":true,"href":"https:\/\/lajunglebijoux.com\/es\/wp-json\/wp\/v2\/media\/10722"}],"wp:attachment":[{"href":"https:\/\/lajunglebijoux.com\/es\/wp-json\/wp\/v2\/media?parent=22616"}],"wp:term":[{"taxonomy":"product_brand","embeddable":true,"href":"https:\/\/lajunglebijoux.com\/es\/wp-json\/wp\/v2\/product_brand?post=22616"},{"taxonomy":"product_cat","embeddable":true,"href":"https:\/\/lajunglebijoux.com\/es\/wp-json\/wp\/v2\/product_cat?post=22616"},{"taxonomy":"product_tag","embeddable":true,"href":"https:\/\/lajunglebijoux.com\/es\/wp-json\/wp\/v2\/product_tag?post=22616"}],"curies":[{"name":"wp","href":"https:\/\/api.w.org\/{rel}","templated":true}]}}