{"id":20735,"date":"2025-03-10T14:23:28","date_gmt":"2025-03-10T12:23:28","guid":{"rendered":"https:\/\/lajunglebijoux.com\/?post_type=product&#038;p=20735"},"modified":"2025-03-10T14:23:28","modified_gmt":"2025-03-10T12:23:28","slug":"duo-promo-bague-et-collier-guidance","status":"publish","type":"product","link":"https:\/\/lajunglebijoux.com\/es\/producto\/duo-promo-bague-et-collier-guidance\/","title":{"rendered":"DUO PROMO bague et collier Guidance"},"content":{"rendered":"","protected":false},"excerpt":{"rendered":"<p>J\u2019ai cr\u00e9\u00e9 cette parure pour te rappeler qu\u2019en \u00e9coutant tes guidances (celle de l\u2019univers et ta guidance int\u00e9rieure), tu fais de la place pour recevoir tout le positif que la vie a \u00e0 t\u2019offrir. Tu r\u00e9aliseras que tu n\u2019as pas \u00e0 tout prendre en charge seule.<\/p>\n<p>La parure \u201cguidance\u201d est un excellent r\u00e9ceptacle, donc ose demander \u00e0 l\u2019univers, formule tes v\u0153ux et tu recevras ! La vie ne veut que le meilleur pour toi ! Ce bijou porte-bonheur t\u2019invite \u00e0 laisser de la place au silence, \u00e0 \u00ab \u00eatre \u00bb plut\u00f4t qu\u2019\u00e0 \u00ab faire \u00bb. En te laissant guider, tu es alors apte \u00e0 accueillir dans ta vie tout ce qui fait vibrer ton \u00e2me. Alors tu brilleras autant que la parure \u201cGuidance\u201d, tu inspireras les autres, et les inviteras \u00e0 faire de m\u00eame.<\/p>\n<p>Cette parure porte-bonheur, je l\u2019ai cr\u00e9\u00e9 pour que tu te souviennes que donner permet de mieux recevoir. Si tu apportes du positif dans la vie des gens, ils te le donneront en retour.<\/p>\n<p>Cette parure est compos\u00e9e d&#8217;une bague et d&#8217;un collier en laiton dor\u00e9 \u00e0 l&#8217;or fin 24 carats haute r\u00e9sistance.<\/p>\n<p>Bague taille r\u00e9glable : Le dessous de la bague a \u00e9t\u00e9 modifi\u00e9 et n\u2019est donc plus le m\u00eame que sur les premi\u00e8res photos. Le dessous est maintenant fin pour \u00eatre plus confortable et convenir \u00e0 tous les doigts. Rendu des nouvelles bagues sur les derni\u00e8res photos.<\/p>\n<p>Longueur de la cha\u00eene du collier 40cm+5cm de chainette de rallonge.<\/p>\n","protected":false},"featured_media":0,"comment_status":"open","ping_status":"closed","template":"","meta":{"_acf_changed":false},"product_brand":[],"product_cat":[16],"product_tag":[],"class_list":{"0":"post-20735","1":"product","2":"type-product","3":"status-publish","5":"product_cat-uncategorized","7":"first","8":"outofstock","9":"sale","10":"shipping-taxable","11":"purchasable","12":"product-type-simple"},"acf":[],"gallery_images":[3924,9028,9079,9073,9075,9085,9095,9071,9055,10888,10890],"yoast_head":"<!-- This site is optimized with the Yoast SEO plugin v27.2 - https:\/\/yoast.com\/product\/yoast-seo-wordpress\/ -->\n<title>DUO PROMO bague et collier Guidance - La Jungle Bijoux<\/title>\n<meta name=\"robots\" content=\"index, follow, max-snippet:-1, max-image-preview:large, max-video-preview:-1\" \/>\n<link rel=\"canonical\" href=\"https:\/\/lajunglebijoux.com\/es\/producto\/duo-promo-bague-et-collier-guidance\/\" \/>\n<meta property=\"og:locale\" content=\"es_ES\" \/>\n<meta property=\"og:type\" content=\"article\" \/>\n<meta property=\"og:title\" content=\"DUO PROMO bague et collier Guidance - La Jungle Bijoux\" \/>\n<meta property=\"og:description\" content=\"J\u2019ai cr\u00e9\u00e9 cette parure pour te rappeler qu\u2019en \u00e9coutant tes guidances (celle de l\u2019univers et ta guidance int\u00e9rieure), tu fais de la place pour recevoir tout le positif que la vie a \u00e0 t\u2019offrir. Tu r\u00e9aliseras que tu n\u2019as pas \u00e0 tout prendre en charge seule.  La parure \u201cguidance\u201d est un excellent r\u00e9ceptacle, donc ose demander \u00e0 l\u2019univers, formule tes v\u0153ux et tu recevras ! La vie ne veut que le meilleur pour toi ! Ce bijou porte-bonheur t\u2019invite \u00e0 laisser de la place au silence, \u00e0 \u00ab \u00eatre \u00bb plut\u00f4t qu\u2019\u00e0 \u00ab faire \u00bb. En te laissant guider, tu es alors apte \u00e0 accueillir dans ta vie tout ce qui fait vibrer ton \u00e2me. Alors tu brilleras autant que la parure \u201cGuidance\u201d, tu inspireras les autres, et les inviteras \u00e0 faire de m\u00eame.  Cette parure porte-bonheur, je l\u2019ai cr\u00e9\u00e9 pour que tu te souviennes que donner permet de mieux recevoir. Si tu apportes du positif dans la vie des gens, ils te le donneront en retour.  Cette parure est compos\u00e9e d&#039;une bague et d&#039;un collier en laiton dor\u00e9 \u00e0 l&#039;or fin 24 carats haute r\u00e9sistance.  Bague taille r\u00e9glable : Le dessous de la bague a \u00e9t\u00e9 modifi\u00e9 et n\u2019est donc plus le m\u00eame que sur les premi\u00e8res photos. Le dessous est maintenant fin pour \u00eatre plus confortable et convenir \u00e0 tous les doigts. Rendu des nouvelles bagues sur les derni\u00e8res photos.  Longueur de la cha\u00eene du collier 40cm+5cm de chainette de rallonge.\" \/>\n<meta property=\"og:url\" content=\"https:\/\/lajunglebijoux.com\/es\/producto\/duo-promo-bague-et-collier-guidance\/\" \/>\n<meta property=\"og:site_name\" content=\"La Jungle Bijoux\" \/>\n<meta name=\"twitter:card\" content=\"summary_large_image\" \/>\n<script type=\"application\/ld+json\" class=\"yoast-schema-graph\">{\"@context\":\"https:\/\/schema.org\",\"@graph\":[{\"@type\":\"WebPage\",\"@id\":\"https:\/\/lajunglebijoux.com\/es\/producto\/duo-promo-bague-et-collier-guidance\/\",\"url\":\"https:\/\/lajunglebijoux.com\/es\/producto\/duo-promo-bague-et-collier-guidance\/\",\"name\":\"DUO PROMO bague et collier Guidance - La Jungle Bijoux\",\"isPartOf\":{\"@id\":\"https:\/\/lajunglebijoux.com\/es\/#website\"},\"datePublished\":\"2025-03-10T12:23:28+00:00\",\"breadcrumb\":{\"@id\":\"https:\/\/lajunglebijoux.com\/es\/producto\/duo-promo-bague-et-collier-guidance\/#breadcrumb\"},\"inLanguage\":\"es\",\"potentialAction\":[{\"@type\":\"ReadAction\",\"target\":[\"https:\/\/lajunglebijoux.com\/es\/producto\/duo-promo-bague-et-collier-guidance\/\"]}]},{\"@type\":\"BreadcrumbList\",\"@id\":\"https:\/\/lajunglebijoux.com\/es\/producto\/duo-promo-bague-et-collier-guidance\/#breadcrumb\",\"itemListElement\":[{\"@type\":\"ListItem\",\"position\":1,\"name\":\"Portada\",\"item\":\"https:\/\/lajunglebijoux.com\/es\/\"},{\"@type\":\"ListItem\",\"position\":2,\"name\":\"Productos\",\"item\":\"https:\/\/lajunglebijoux.com\/es\/shop\/\"},{\"@type\":\"ListItem\",\"position\":3,\"name\":\"DUO PROMO bague et collier Guidance\"}]},{\"@type\":\"WebSite\",\"@id\":\"https:\/\/lajunglebijoux.com\/es\/#website\",\"url\":\"https:\/\/lajunglebijoux.com\/es\/\",\"name\":\"La Jungle Bijoux\",\"description\":\"\",\"publisher\":{\"@id\":\"https:\/\/lajunglebijoux.com\/es\/#organization\"},\"potentialAction\":[{\"@type\":\"SearchAction\",\"target\":{\"@type\":\"EntryPoint\",\"urlTemplate\":\"https:\/\/lajunglebijoux.com\/es\/?s={search_term_string}\"},\"query-input\":{\"@type\":\"PropertyValueSpecification\",\"valueRequired\":true,\"valueName\":\"search_term_string\"}}],\"inLanguage\":\"es\"},{\"@type\":\"Organization\",\"@id\":\"https:\/\/lajunglebijoux.com\/es\/#organization\",\"name\":\"La Jungle Bijoux\",\"url\":\"https:\/\/lajunglebijoux.com\/es\/\",\"logo\":{\"@type\":\"ImageObject\",\"inLanguage\":\"es\",\"@id\":\"https:\/\/lajunglebijoux.com\/es\/#\/schema\/logo\/image\/\",\"url\":\"https:\/\/lajunglebijoux.com\/wp-content\/uploads\/2023\/01\/LOGO-FINAL-Fonce.jpg\",\"contentUrl\":\"https:\/\/lajunglebijoux.com\/wp-content\/uploads\/2023\/01\/LOGO-FINAL-Fonce.jpg\",\"width\":900,\"height\":900,\"caption\":\"La Jungle Bijoux\"},\"image\":{\"@id\":\"https:\/\/lajunglebijoux.com\/es\/#\/schema\/logo\/image\/\"}}]}<\/script>\n<!-- \/ Yoast SEO plugin. -->","yoast_head_json":{"title":"DUO PROMO bague et collier Guidance - La Jungle Bijoux","robots":{"index":"index","follow":"follow","max-snippet":"max-snippet:-1","max-image-preview":"max-image-preview:large","max-video-preview":"max-video-preview:-1"},"canonical":"https:\/\/lajunglebijoux.com\/es\/producto\/duo-promo-bague-et-collier-guidance\/","og_locale":"es_ES","og_type":"article","og_title":"DUO PROMO bague et collier Guidance - La Jungle Bijoux","og_description":"J\u2019ai cr\u00e9\u00e9 cette parure pour te rappeler qu\u2019en \u00e9coutant tes guidances (celle de l\u2019univers et ta guidance int\u00e9rieure), tu fais de la place pour recevoir tout le positif que la vie a \u00e0 t\u2019offrir. Tu r\u00e9aliseras que tu n\u2019as pas \u00e0 tout prendre en charge seule.  La parure \u201cguidance\u201d est un excellent r\u00e9ceptacle, donc ose demander \u00e0 l\u2019univers, formule tes v\u0153ux et tu recevras ! La vie ne veut que le meilleur pour toi ! Ce bijou porte-bonheur t\u2019invite \u00e0 laisser de la place au silence, \u00e0 \u00ab \u00eatre \u00bb plut\u00f4t qu\u2019\u00e0 \u00ab faire \u00bb. En te laissant guider, tu es alors apte \u00e0 accueillir dans ta vie tout ce qui fait vibrer ton \u00e2me. Alors tu brilleras autant que la parure \u201cGuidance\u201d, tu inspireras les autres, et les inviteras \u00e0 faire de m\u00eame.  Cette parure porte-bonheur, je l\u2019ai cr\u00e9\u00e9 pour que tu te souviennes que donner permet de mieux recevoir. Si tu apportes du positif dans la vie des gens, ils te le donneront en retour.  Cette parure est compos\u00e9e d'une bague et d'un collier en laiton dor\u00e9 \u00e0 l'or fin 24 carats haute r\u00e9sistance.  Bague taille r\u00e9glable : Le dessous de la bague a \u00e9t\u00e9 modifi\u00e9 et n\u2019est donc plus le m\u00eame que sur les premi\u00e8res photos. Le dessous est maintenant fin pour \u00eatre plus confortable et convenir \u00e0 tous les doigts. Rendu des nouvelles bagues sur les derni\u00e8res photos.  Longueur de la cha\u00eene du collier 40cm+5cm de chainette de rallonge.","og_url":"https:\/\/lajunglebijoux.com\/es\/producto\/duo-promo-bague-et-collier-guidance\/","og_site_name":"La Jungle Bijoux","twitter_card":"summary_large_image","schema":{"@context":"https:\/\/schema.org","@graph":[{"@type":"WebPage","@id":"https:\/\/lajunglebijoux.com\/es\/producto\/duo-promo-bague-et-collier-guidance\/","url":"https:\/\/lajunglebijoux.com\/es\/producto\/duo-promo-bague-et-collier-guidance\/","name":"DUO PROMO bague et collier Guidance - La Jungle Bijoux","isPartOf":{"@id":"https:\/\/lajunglebijoux.com\/es\/#website"},"datePublished":"2025-03-10T12:23:28+00:00","breadcrumb":{"@id":"https:\/\/lajunglebijoux.com\/es\/producto\/duo-promo-bague-et-collier-guidance\/#breadcrumb"},"inLanguage":"es","potentialAction":[{"@type":"ReadAction","target":["https:\/\/lajunglebijoux.com\/es\/producto\/duo-promo-bague-et-collier-guidance\/"]}]},{"@type":"BreadcrumbList","@id":"https:\/\/lajunglebijoux.com\/es\/producto\/duo-promo-bague-et-collier-guidance\/#breadcrumb","itemListElement":[{"@type":"ListItem","position":1,"name":"Portada","item":"https:\/\/lajunglebijoux.com\/es\/"},{"@type":"ListItem","position":2,"name":"Productos","item":"https:\/\/lajunglebijoux.com\/es\/shop\/"},{"@type":"ListItem","position":3,"name":"DUO PROMO bague et collier Guidance"}]},{"@type":"WebSite","@id":"https:\/\/lajunglebijoux.com\/es\/#website","url":"https:\/\/lajunglebijoux.com\/es\/","name":"La Jungle Bijoux","description":"","publisher":{"@id":"https:\/\/lajunglebijoux.com\/es\/#organization"},"potentialAction":[{"@type":"SearchAction","target":{"@type":"EntryPoint","urlTemplate":"https:\/\/lajunglebijoux.com\/es\/?s={search_term_string}"},"query-input":{"@type":"PropertyValueSpecification","valueRequired":true,"valueName":"search_term_string"}}],"inLanguage":"es"},{"@type":"Organization","@id":"https:\/\/lajunglebijoux.com\/es\/#organization","name":"La Jungle Bijoux","url":"https:\/\/lajunglebijoux.com\/es\/","logo":{"@type":"ImageObject","inLanguage":"es","@id":"https:\/\/lajunglebijoux.com\/es\/#\/schema\/logo\/image\/","url":"https:\/\/lajunglebijoux.com\/wp-content\/uploads\/2023\/01\/LOGO-FINAL-Fonce.jpg","contentUrl":"https:\/\/lajunglebijoux.com\/wp-content\/uploads\/2023\/01\/LOGO-FINAL-Fonce.jpg","width":900,"height":900,"caption":"La Jungle Bijoux"},"image":{"@id":"https:\/\/lajunglebijoux.com\/es\/#\/schema\/logo\/image\/"}}]}},"_links":{"self":[{"href":"https:\/\/lajunglebijoux.com\/es\/wp-json\/wp\/v2\/product\/20735","targetHints":{"allow":["GET"]}}],"collection":[{"href":"https:\/\/lajunglebijoux.com\/es\/wp-json\/wp\/v2\/product"}],"about":[{"href":"https:\/\/lajunglebijoux.com\/es\/wp-json\/wp\/v2\/types\/product"}],"replies":[{"embeddable":true,"href":"https:\/\/lajunglebijoux.com\/es\/wp-json\/wp\/v2\/comments?post=20735"}],"version-history":[{"count":0,"href":"https:\/\/lajunglebijoux.com\/es\/wp-json\/wp\/v2\/product\/20735\/revisions"}],"wp:attachment":[{"href":"https:\/\/lajunglebijoux.com\/es\/wp-json\/wp\/v2\/media?parent=20735"}],"wp:term":[{"taxonomy":"product_brand","embeddable":true,"href":"https:\/\/lajunglebijoux.com\/es\/wp-json\/wp\/v2\/product_brand?post=20735"},{"taxonomy":"product_cat","embeddable":true,"href":"https:\/\/lajunglebijoux.com\/es\/wp-json\/wp\/v2\/product_cat?post=20735"},{"taxonomy":"product_tag","embeddable":true,"href":"https:\/\/lajunglebijoux.com\/es\/wp-json\/wp\/v2\/product_tag?post=20735"}],"curies":[{"name":"wp","href":"https:\/\/api.w.org\/{rel}","templated":true}]}}