{"id":1698,"date":"2022-08-02T10:09:35","date_gmt":"2022-08-02T08:09:35","guid":{"rendered":"http:\/\/jkjpwtk.cluster026.hosting.ovh.net\/product\/boucles-doreilles-serpents\/"},"modified":"2024-08-24T13:03:15","modified_gmt":"2024-08-24T11:03:15","slug":"pendientes-serpientes","status":"publish","type":"product","link":"https:\/\/lajunglebijoux.com\/es\/producto\/pendientes-serpientes\/","title":{"rendered":"KUNDALINI &#8211; pendientes serpientes"},"content":{"rendered":"","protected":false},"excerpt":{"rendered":"<p>Oro de 18 quilates sobre una base de lat\u00f3n.<\/p>\n<p>Piedras de \u00e1gata verde.<\/p>\n<p>Muy ligeros de llevar.<\/p>\n<p>Sistema de cierre mini aros.<\/p>\n<p>AGATE nos permite liberarnos de la presi\u00f3n que nos rodea. Estabiliza la ansiedad y equilibra los pensamientos que a veces pueden ir en todas las direcciones. Las ansiedades desaparecen, la confianza en s\u00ed misma tiene lugar para una vida plena.<\/p>\n<p>Hay mucho que decir sobre la serpiente, as\u00ed que me limitar\u00e9 a lo que realmente me ha influido en mis creaciones.<\/p>\n<p>LA SERPIENTE es el s\u00edmbolo de la energ\u00eda Kundalini, una energ\u00eda como una serpiente enroscada en el nacimiento de nuestra columna vertebral, el chakra ra\u00edz.<\/p>\n<p>Es una energ\u00eda femenina creativa muy poderosa y expansiva, ya que sube a la parte superior de la cabeza, desenroll\u00e1ndose como una serpiente y pasando por todos los centros energ\u00e9ticos de nuestro cuerpo, los chakras. Al despertarla, la kundalini nos permite revelar nuestra poderosa diosa interior femenina y creativa. Como una reina, retomando el control de su reino, pero con gracia. Es una energ\u00eda creativa pero tambi\u00e9n sanadora, te hace sentir m\u00e1s vivo, m\u00e1s conectado, m\u00e1s consciente pero antes vendr\u00e1 a sanar el sufrimiento f\u00edsico y emocional.<\/p>\n<p>Tambi\u00e9n es el s\u00edmbolo de la diosa griega Pers\u00e9fone que, como la serpiente, es una gu\u00eda. Ella muestra el camino a la muerte pero tambi\u00e9n a la reconexi\u00f3n con nuestro sagrado femenino porque lleva el camino de todas las mujeres (la ni\u00f1a, la madre, la esposa, la tejedora creativa, la reina, la antigua&#8230;) Despertando esta energ\u00eda kundalini y por tanto esta parte del sagrado femenino que duerme en nosotras, m\u00e1s concretamente dej\u00e1ndonos guiar hacia lo que realmente somos, podremos entonces brillar, alcanzar nuestro poder creativo, nuestra alegr\u00eda profunda y nuestra invencibilidad.<\/p>\n<p>Como con todas las joyas de esta colecci\u00f3n he querido explicar mi proceso creativo, pero por supuesto s\u00f3lo coge lo que te habla y si es s\u00f3lo el dise\u00f1o de la joya, tambi\u00e9n est\u00e1 perfecto.<\/p>\n","protected":false},"featured_media":1691,"comment_status":"open","ping_status":"closed","template":"","meta":{"_acf_changed":false},"product_brand":[],"product_cat":[68],"product_tag":[480],"class_list":{"0":"post-1698","1":"product","2":"type-product","3":"status-publish","4":"has-post-thumbnail","6":"product_cat-you-are-magic-es","7":"product_tag-menos-de-50e","8":"pa_modele-pendientes","9":"pa_theme-joyas-bienestar","10":"pa_theme-piedras-litoterapia","12":"first","13":"outofstock","14":"sale","15":"shipping-taxable","16":"purchasable","17":"product-type-simple"},"acf":[],"gallery_images":[1697,1695,1693],"yoast_head":"<!-- This site is optimized with the Yoast SEO plugin v27.2 - https:\/\/yoast.com\/product\/yoast-seo-wordpress\/ -->\n<title>KUNDALINI - pendientes serpientes - La Jungle Bijoux<\/title>\n<meta name=\"description\" content=\"Pendientes dorados serpientes piedra de \u00e1gata verde. Muy ligeros de llevar. La serpiente es el s\u00edmbolo de la energ\u00eda Kundalini\" \/>\n<meta name=\"robots\" content=\"index, follow, max-snippet:-1, max-image-preview:large, max-video-preview:-1\" \/>\n<link rel=\"canonical\" href=\"https:\/\/lajunglebijoux.com\/es\/producto\/pendientes-serpientes\/\" \/>\n<meta property=\"og:locale\" content=\"es_ES\" \/>\n<meta property=\"og:type\" content=\"article\" \/>\n<meta property=\"og:title\" content=\"KUNDALINI - pendientes serpientes - La Jungle Bijoux\" \/>\n<meta property=\"og:description\" content=\"Pendientes dorados serpientes piedra de \u00e1gata verde. Muy ligeros de llevar. La serpiente es el s\u00edmbolo de la energ\u00eda Kundalini\" \/>\n<meta property=\"og:url\" content=\"https:\/\/lajunglebijoux.com\/es\/producto\/pendientes-serpientes\/\" \/>\n<meta property=\"og:site_name\" content=\"La Jungle Bijoux\" \/>\n<meta property=\"article:modified_time\" content=\"2024-08-24T11:03:15+00:00\" \/>\n<meta property=\"og:image\" content=\"https:\/\/lajunglebijoux.com\/wp-content\/uploads\/2022\/08\/BO-SERPENT-KUNDALINI-1-scaled.jpg\" \/>\n\t<meta property=\"og:image:width\" content=\"2560\" \/>\n\t<meta property=\"og:image:height\" content=\"2560\" \/>\n\t<meta property=\"og:image:type\" content=\"image\/jpeg\" \/>\n<meta name=\"twitter:card\" content=\"summary_large_image\" \/>\n<script type=\"application\/ld+json\" class=\"yoast-schema-graph\">{\"@context\":\"https:\/\/schema.org\",\"@graph\":[{\"@type\":\"WebPage\",\"@id\":\"https:\/\/lajunglebijoux.com\/es\/producto\/pendientes-serpientes\/\",\"url\":\"https:\/\/lajunglebijoux.com\/es\/producto\/pendientes-serpientes\/\",\"name\":\"KUNDALINI - pendientes serpientes - La Jungle Bijoux\",\"isPartOf\":{\"@id\":\"https:\/\/lajunglebijoux.com\/es\/#website\"},\"primaryImageOfPage\":{\"@id\":\"https:\/\/lajunglebijoux.com\/es\/producto\/pendientes-serpientes\/#primaryimage\"},\"image\":{\"@id\":\"https:\/\/lajunglebijoux.com\/es\/producto\/pendientes-serpientes\/#primaryimage\"},\"thumbnailUrl\":\"https:\/\/lajunglebijoux.com\/wp-content\/uploads\/2022\/08\/BO-SERPENT-KUNDALINI-1-scaled.jpg\",\"datePublished\":\"2022-08-02T08:09:35+00:00\",\"dateModified\":\"2024-08-24T11:03:15+00:00\",\"description\":\"Pendientes dorados serpientes piedra de \u00e1gata verde. Muy ligeros de llevar. La serpiente es el s\u00edmbolo de la energ\u00eda Kundalini\",\"breadcrumb\":{\"@id\":\"https:\/\/lajunglebijoux.com\/es\/producto\/pendientes-serpientes\/#breadcrumb\"},\"inLanguage\":\"es\",\"potentialAction\":[{\"@type\":\"ReadAction\",\"target\":[\"https:\/\/lajunglebijoux.com\/es\/producto\/pendientes-serpientes\/\"]}]},{\"@type\":\"ImageObject\",\"inLanguage\":\"es\",\"@id\":\"https:\/\/lajunglebijoux.com\/es\/producto\/pendientes-serpientes\/#primaryimage\",\"url\":\"https:\/\/lajunglebijoux.com\/wp-content\/uploads\/2022\/08\/BO-SERPENT-KUNDALINI-1-scaled.jpg\",\"contentUrl\":\"https:\/\/lajunglebijoux.com\/wp-content\/uploads\/2022\/08\/BO-SERPENT-KUNDALINI-1-scaled.jpg\",\"width\":2560,\"height\":2560},{\"@type\":\"BreadcrumbList\",\"@id\":\"https:\/\/lajunglebijoux.com\/es\/producto\/pendientes-serpientes\/#breadcrumb\",\"itemListElement\":[{\"@type\":\"ListItem\",\"position\":1,\"name\":\"Portada\",\"item\":\"https:\/\/lajunglebijoux.com\/es\/\"},{\"@type\":\"ListItem\",\"position\":2,\"name\":\"Productos\",\"item\":\"https:\/\/lajunglebijoux.com\/es\/shop\/\"},{\"@type\":\"ListItem\",\"position\":3,\"name\":\"KUNDALINI &#8211; pendientes serpientes\"}]},{\"@type\":\"WebSite\",\"@id\":\"https:\/\/lajunglebijoux.com\/es\/#website\",\"url\":\"https:\/\/lajunglebijoux.com\/es\/\",\"name\":\"La Jungle Bijoux\",\"description\":\"\",\"publisher\":{\"@id\":\"https:\/\/lajunglebijoux.com\/es\/#organization\"},\"potentialAction\":[{\"@type\":\"SearchAction\",\"target\":{\"@type\":\"EntryPoint\",\"urlTemplate\":\"https:\/\/lajunglebijoux.com\/es\/?s={search_term_string}\"},\"query-input\":{\"@type\":\"PropertyValueSpecification\",\"valueRequired\":true,\"valueName\":\"search_term_string\"}}],\"inLanguage\":\"es\"},{\"@type\":\"Organization\",\"@id\":\"https:\/\/lajunglebijoux.com\/es\/#organization\",\"name\":\"La Jungle Bijoux\",\"url\":\"https:\/\/lajunglebijoux.com\/es\/\",\"logo\":{\"@type\":\"ImageObject\",\"inLanguage\":\"es\",\"@id\":\"https:\/\/lajunglebijoux.com\/es\/#\/schema\/logo\/image\/\",\"url\":\"https:\/\/lajunglebijoux.com\/wp-content\/uploads\/2023\/01\/LOGO-FINAL-Fonce.jpg\",\"contentUrl\":\"https:\/\/lajunglebijoux.com\/wp-content\/uploads\/2023\/01\/LOGO-FINAL-Fonce.jpg\",\"width\":900,\"height\":900,\"caption\":\"La Jungle Bijoux\"},\"image\":{\"@id\":\"https:\/\/lajunglebijoux.com\/es\/#\/schema\/logo\/image\/\"}}]}<\/script>\n<!-- \/ Yoast SEO plugin. -->","yoast_head_json":{"title":"KUNDALINI - pendientes serpientes - La Jungle Bijoux","description":"Pendientes dorados serpientes piedra de \u00e1gata verde. Muy ligeros de llevar. La serpiente es el s\u00edmbolo de la energ\u00eda Kundalini","robots":{"index":"index","follow":"follow","max-snippet":"max-snippet:-1","max-image-preview":"max-image-preview:large","max-video-preview":"max-video-preview:-1"},"canonical":"https:\/\/lajunglebijoux.com\/es\/producto\/pendientes-serpientes\/","og_locale":"es_ES","og_type":"article","og_title":"KUNDALINI - pendientes serpientes - La Jungle Bijoux","og_description":"Pendientes dorados serpientes piedra de \u00e1gata verde. Muy ligeros de llevar. La serpiente es el s\u00edmbolo de la energ\u00eda Kundalini","og_url":"https:\/\/lajunglebijoux.com\/es\/producto\/pendientes-serpientes\/","og_site_name":"La Jungle Bijoux","article_modified_time":"2024-08-24T11:03:15+00:00","og_image":[{"width":2560,"height":2560,"url":"https:\/\/lajunglebijoux.com\/wp-content\/uploads\/2022\/08\/BO-SERPENT-KUNDALINI-1-scaled.jpg","type":"image\/jpeg"}],"twitter_card":"summary_large_image","schema":{"@context":"https:\/\/schema.org","@graph":[{"@type":"WebPage","@id":"https:\/\/lajunglebijoux.com\/es\/producto\/pendientes-serpientes\/","url":"https:\/\/lajunglebijoux.com\/es\/producto\/pendientes-serpientes\/","name":"KUNDALINI - pendientes serpientes - La Jungle Bijoux","isPartOf":{"@id":"https:\/\/lajunglebijoux.com\/es\/#website"},"primaryImageOfPage":{"@id":"https:\/\/lajunglebijoux.com\/es\/producto\/pendientes-serpientes\/#primaryimage"},"image":{"@id":"https:\/\/lajunglebijoux.com\/es\/producto\/pendientes-serpientes\/#primaryimage"},"thumbnailUrl":"https:\/\/lajunglebijoux.com\/wp-content\/uploads\/2022\/08\/BO-SERPENT-KUNDALINI-1-scaled.jpg","datePublished":"2022-08-02T08:09:35+00:00","dateModified":"2024-08-24T11:03:15+00:00","description":"Pendientes dorados serpientes piedra de \u00e1gata verde. Muy ligeros de llevar. La serpiente es el s\u00edmbolo de la energ\u00eda Kundalini","breadcrumb":{"@id":"https:\/\/lajunglebijoux.com\/es\/producto\/pendientes-serpientes\/#breadcrumb"},"inLanguage":"es","potentialAction":[{"@type":"ReadAction","target":["https:\/\/lajunglebijoux.com\/es\/producto\/pendientes-serpientes\/"]}]},{"@type":"ImageObject","inLanguage":"es","@id":"https:\/\/lajunglebijoux.com\/es\/producto\/pendientes-serpientes\/#primaryimage","url":"https:\/\/lajunglebijoux.com\/wp-content\/uploads\/2022\/08\/BO-SERPENT-KUNDALINI-1-scaled.jpg","contentUrl":"https:\/\/lajunglebijoux.com\/wp-content\/uploads\/2022\/08\/BO-SERPENT-KUNDALINI-1-scaled.jpg","width":2560,"height":2560},{"@type":"BreadcrumbList","@id":"https:\/\/lajunglebijoux.com\/es\/producto\/pendientes-serpientes\/#breadcrumb","itemListElement":[{"@type":"ListItem","position":1,"name":"Portada","item":"https:\/\/lajunglebijoux.com\/es\/"},{"@type":"ListItem","position":2,"name":"Productos","item":"https:\/\/lajunglebijoux.com\/es\/shop\/"},{"@type":"ListItem","position":3,"name":"KUNDALINI &#8211; pendientes serpientes"}]},{"@type":"WebSite","@id":"https:\/\/lajunglebijoux.com\/es\/#website","url":"https:\/\/lajunglebijoux.com\/es\/","name":"La Jungle Bijoux","description":"","publisher":{"@id":"https:\/\/lajunglebijoux.com\/es\/#organization"},"potentialAction":[{"@type":"SearchAction","target":{"@type":"EntryPoint","urlTemplate":"https:\/\/lajunglebijoux.com\/es\/?s={search_term_string}"},"query-input":{"@type":"PropertyValueSpecification","valueRequired":true,"valueName":"search_term_string"}}],"inLanguage":"es"},{"@type":"Organization","@id":"https:\/\/lajunglebijoux.com\/es\/#organization","name":"La Jungle Bijoux","url":"https:\/\/lajunglebijoux.com\/es\/","logo":{"@type":"ImageObject","inLanguage":"es","@id":"https:\/\/lajunglebijoux.com\/es\/#\/schema\/logo\/image\/","url":"https:\/\/lajunglebijoux.com\/wp-content\/uploads\/2023\/01\/LOGO-FINAL-Fonce.jpg","contentUrl":"https:\/\/lajunglebijoux.com\/wp-content\/uploads\/2023\/01\/LOGO-FINAL-Fonce.jpg","width":900,"height":900,"caption":"La Jungle Bijoux"},"image":{"@id":"https:\/\/lajunglebijoux.com\/es\/#\/schema\/logo\/image\/"}}]}},"_links":{"self":[{"href":"https:\/\/lajunglebijoux.com\/es\/wp-json\/wp\/v2\/product\/1698","targetHints":{"allow":["GET"]}}],"collection":[{"href":"https:\/\/lajunglebijoux.com\/es\/wp-json\/wp\/v2\/product"}],"about":[{"href":"https:\/\/lajunglebijoux.com\/es\/wp-json\/wp\/v2\/types\/product"}],"replies":[{"embeddable":true,"href":"https:\/\/lajunglebijoux.com\/es\/wp-json\/wp\/v2\/comments?post=1698"}],"version-history":[{"count":0,"href":"https:\/\/lajunglebijoux.com\/es\/wp-json\/wp\/v2\/product\/1698\/revisions"}],"wp:featuredmedia":[{"embeddable":true,"href":"https:\/\/lajunglebijoux.com\/es\/wp-json\/wp\/v2\/media\/1691"}],"wp:attachment":[{"href":"https:\/\/lajunglebijoux.com\/es\/wp-json\/wp\/v2\/media?parent=1698"}],"wp:term":[{"taxonomy":"product_brand","embeddable":true,"href":"https:\/\/lajunglebijoux.com\/es\/wp-json\/wp\/v2\/product_brand?post=1698"},{"taxonomy":"product_cat","embeddable":true,"href":"https:\/\/lajunglebijoux.com\/es\/wp-json\/wp\/v2\/product_cat?post=1698"},{"taxonomy":"product_tag","embeddable":true,"href":"https:\/\/lajunglebijoux.com\/es\/wp-json\/wp\/v2\/product_tag?post=1698"}],"curies":[{"name":"wp","href":"https:\/\/api.w.org\/{rel}","templated":true}]}}